{"id":2313,"date":"2024-10-09T09:34:18","date_gmt":"2024-10-09T09:34:18","guid":{"rendered":"https:\/\/rmvapesale.com\/?post_type=product&#038;p=2313"},"modified":"2024-10-09T09:51:33","modified_gmt":"2024-10-09T09:51:33","slug":"bang-box-30000-puff-smart-screen-disposable-vape-wholesale","status":"publish","type":"product","link":"https:\/\/rmvapesale.com\/hu\/product\/bang-box-30000-puff-smart-screen-disposable-vape-wholesale\/","title":{"rendered":"Bang Box 30000 Puff Smart Screen eldobhat\u00f3 vape nagykereskedelem"},"content":{"rendered":"<div class=\"B2VR9 CJHX3e\">\n<div class=\"wyccme\">\n<h1 class=\"LC20lb MBeuO DKV0Md\">Bang Box 30000 Puff Smart Screen eldobhat\u00f3 vape nagykereskedelem<\/h1>\n<div class=\"flex-shrink-0 flex flex-col relative items-end\">\n<div>\n<div class=\"pt-0\">\n<div class=\"gizmo-bot-avatar flex h-8 w-8 items-center justify-center overflow-hidden rounded-full\">\n<div class=\"relative p-1 rounded-sm flex items-center justify-center bg-token-main-surface-primary text-token-text-primary h-8 w-8\">\n<p>A Bang Doboz 30000 Puff Okos K\u00e9perny\u0151s Egyszer haszn\u00e1latos Vape \u00fagy lett kialak\u00edtva, hogy kiv\u00e9teles vaping \u00e9lm\u00e9nyt ny\u00fajtson, most nagykereskedelmi \u00e1r el\u00e9rhet\u0151 az rmvapesale oldal\u00e1n. Impoz\u00e1ns 30 000 sz\u00edv\u00e1ssal \u00e9s 35 ml-es e-liquid kapacit\u00e1ssal hossz\u00fa t\u00e1v\u00fa haszn\u00e1latra k\u00e9sz\u00fclt.<\/p>\n<p>Ez az egyszer haszn\u00e1latos vape doboz eszk\u00f6z nikotin opci\u00f3kat k\u00edn\u00e1l 0%, 2%, 3% vagy 5% form\u00e1j\u00e1ban, \u00edgy mind kezd\u0151, mind tapasztalt felhaszn\u00e1l\u00f3k sz\u00e1m\u00e1ra alkalmas. 850mAh \u00fajrat\u00f6lthet\u0151 akkumul\u00e1torral \u00e9s dupla h\u00e1l\u00f3s tekercsel rendelkezik, biztos\u00edtva gazdag \u00edzt \u00e9s k\u00f6vetkezetes g\u0151zk\u00e9pz\u00e9st minden sz\u00edv\u00e1sn\u00e1l.<\/p>\n<p>Ami megk\u00fcl\u00f6nb\u00f6zteti a Bang Box 30k-t, az az okos k\u00e9perny\u0151, amely megjelen\u00edti az olaj- \u00e9s teljes\u00edtm\u00e9nyszinteket, lehet\u0151v\u00e9 t\u00e9ve a felhaszn\u00e1l\u00f3k sz\u00e1m\u00e1ra, hogy k\u00f6nnyen nyomon k\u00f6vess\u00e9k vape-j\u00fck \u00e1llapot\u00e1t. 12 egyedi \u00edzben el\u00e9rhet\u0151, minden \u00edzl\u00e9snek van valami.<\/p>\n<p>Ide\u00e1lis nagykereskedelmi v\u00e1s\u00e1rl\u00f3k sz\u00e1m\u00e1ra, a Bang Box 30000 Puff Okos K\u00e9perny\u0151s Egyszer haszn\u00e1latos Vape \u00f6tv\u00f6zi a k\u00e9nyelmet, teljes\u00edtm\u00e9nyt \u00e9s v\u00e1ltozatoss\u00e1got, \u00edgy a kiskeresked\u0151k egyik legjobb v\u00e1laszt\u00e1sa.<\/p>\n<\/div>\n<\/div>\n<\/div>\n<\/div>\n<\/div>\n<div class=\"group\/conversation-turn relative flex w-full min-w-0 flex-col agent-turn\">\n<div class=\"flex-col gap-1 md:gap-3\">\n<div class=\"flex max-w-full flex-col flex-grow\">\n<div class=\"min-h-8 text-message flex w-full flex-col items-end gap-2 whitespace-normal break-words [.text-message+&amp;]:mt-5\" dir=\"auto\" data-message-author-role=\"assistant\" data-message-id=\"871c1362-82be-4876-894c-d28f37ffd3d3\">\n<div class=\"flex w-full flex-col gap-1 empty:hidden first:pt-[3px]\">\n<div class=\"markdown prose w-full break-words dark:prose-invert light\">\n<p>&nbsp;<\/p>\n<\/div>\n<\/div>\n<\/div>\n<\/div>\n<\/div>\n<\/div>\n<\/div>\n<\/div>\n<p><strong>L\u00e9pjen kapcsolatba Amyvel a pontos v\u00e1laszok\u00e9rt \u00e9s tov\u00e1bbi term\u00e9kvide\u00f3k\u00e9rt!<\/strong><\/p>\n<p><img loading=\"lazy\" decoding=\"async\" class=\"size-full wp-image-1978\" src=\"https:\/\/rmvapesale.com\/wp-content\/uploads\/2024\/09\/Disposable-Vape-Wholesale.jpg\" alt=\"Eldobhat\u00f3 Vape Nagykereskedelem\" width=\"229\" height=\"300\" \/><\/p>\n<h3><a href=\"https:\/\/wa.me\/8617776015835\" target=\"_blank\" rel=\"noopener\"><span style=\"color: #ff0000\"><strong>WhatsApp: +86 17776015835<\/strong><\/span><\/a><\/h3>\n<p>&nbsp;<\/p>\n<h2><\/h2>\n<h2><strong>Bang Box 30000 Puff Okos K\u00e9perny\u0151s Vape F\u0151bb Jellemz\u0151k<\/strong><\/h2>\n<p>Nikotin:0% 2% 3% 5%<br \/>\nSz\u00edv\u00e1sok: 30000 puff<br \/>\nKapacit\u00e1s: 35ml<br \/>\n12 El\u00e9rhet\u0151 \u00cdz<br \/>\n850mah \u00dajrat\u00f6lthet\u0151<br \/>\nDupla H\u00e1l\u00f3s Tekercs<br \/>\nOkos K\u00e9perny\u0151: Olaj\/Teljes\u00edtm\u00e9ny jelz\u0151<\/p>\n<figure id=\"attachment_2311\" aria-describedby=\"caption-attachment-2311\" style=\"width: 300px\" class=\"wp-caption alignnone\"><img loading=\"lazy\" decoding=\"async\" class=\"size-medium wp-image-2311\" src=\"https:\/\/rmvapesale.com\/wp-content\/uploads\/2024\/10\/Bang-Box-30000-Puff-Smart-Screen-E-Cigarettes-300x300.jpg\" alt=\"Bang Box 30000 Puff Okos K\u00e9perny\u0151s Vape\" width=\"300\" height=\"300\" srcset=\"https:\/\/rmvapesale.com\/wp-content\/uploads\/2024\/10\/Bang-Box-30000-Puff-Smart-Screen-E-Cigarettes-300x300.jpg 300w, https:\/\/rmvapesale.com\/wp-content\/uploads\/2024\/10\/Bang-Box-30000-Puff-Smart-Screen-E-Cigarettes-150x150.jpg 150w, https:\/\/rmvapesale.com\/wp-content\/uploads\/2024\/10\/Bang-Box-30000-Puff-Smart-Screen-E-Cigarettes-768x768.jpg 768w, https:\/\/rmvapesale.com\/wp-content\/uploads\/2024\/10\/Bang-Box-30000-Puff-Smart-Screen-E-Cigarettes-600x600.jpg 600w, https:\/\/rmvapesale.com\/wp-content\/uploads\/2024\/10\/Bang-Box-30000-Puff-Smart-Screen-E-Cigarettes-100x100.jpg 100w, https:\/\/rmvapesale.com\/wp-content\/uploads\/2024\/10\/Bang-Box-30000-Puff-Smart-Screen-E-Cigarettes.jpg 800w\" sizes=\"auto, (max-width: 300px) 100vw, 300px\" \/><figcaption id=\"caption-attachment-2311\" class=\"wp-caption-text\">Bang Box 30000 Puff Okos K\u00e9perny\u0151s Vape<\/figcaption><\/figure>\n<h2><strong>Legjobb \u00edz a Bang Box 30000 Puff Okos K\u00e9perny\u0151s Vape-hez\u00a0<\/strong><\/h2>\n<p>A Bang Box 30000 Puff Double Taste Smart Screen eldobhat\u00f3 vape 12 \u00edzletes \u00edzt k\u00edn\u00e1l, v\u00e1lasszon a k\u00fcl\u00f6nf\u00e9le \u00edzek k\u00f6z\u00fcl, bele\u00e9rtve a klasszikus friss\u00edt\u0151 h\u0171s ment\u00e1t \u00e9s a sz\u0151l\u0151 egzotikus \u00e9dess\u00e9g\u00e9t, amelyek mindegyike gazdag, kiel\u00e9g\u00edt\u0151 utaz\u00e1st \u00edg\u00e9r minden egyes slukkban.<\/p>\n<p>1. Eper Kiwi<br \/>\n2. Fekete robban\u00e1s<span style=\"color: #ff0000\"><strong>&gt;&gt;&gt;&gt; Forr\u00f3!<\/strong><\/span><br \/>\n3. Eper g\u00f6r\u00f6gdinnye<br \/>\n4. Dzsungel Juice<br \/>\n5. \u00c1fonya Savany\u00fa M\u00e1lna J\u00e9g<span style=\"color: #ff0000\"><strong>&gt;&gt;&gt;&gt; Forr\u00f3!<\/strong><\/span><br \/>\n6. G\u00f6r\u00f6gdinnye J\u00e9g<br \/>\n7. \u00c1fonya J\u00e9g<br \/>\n8. \u00c1fonya Gr\u00e1n\u00e1talma<br \/>\n9. K\u00e9k Robban\u00e1s<span style=\"color: #ff0000\"><strong>&gt;&gt;&gt;&gt; A legjobb!<\/strong><\/span><br \/>\n10. Alma \u0150szibarack<br \/>\n11. Maracuja<br \/>\n12. Dupla Sz\u0151l\u0151<\/p>\n<p>&nbsp;<\/p>\n<div class=\"flex-shrink-0 flex flex-col relative items-end\">\n<div>\n<div class=\"pt-0\">\n<div class=\"gizmo-bot-avatar flex h-8 w-8 items-center justify-center overflow-hidden rounded-full\">\n<div class=\"relative p-1 rounded-sm flex items-center justify-center bg-token-main-surface-primary text-token-text-primary h-8 w-8\">\n<h3><b>GYIK<\/b><\/h3>\n<p>&nbsp;<\/p>\n<\/div>\n<\/div>\n<\/div>\n<\/div>\n<\/div>\n<div class=\"group\/conversation-turn relative flex w-full min-w-0 flex-col agent-turn\">\n<div class=\"flex-col gap-1 md:gap-3\">\n<div class=\"flex max-w-full flex-col flex-grow\">\n<div class=\"min-h-8 text-message flex w-full flex-col items-end gap-2 whitespace-normal break-words [.text-message+&amp;]:mt-5\" dir=\"auto\" data-message-author-role=\"assistant\" data-message-id=\"f226d3fc-81f3-46d5-8c46-31787fff0357\">\n<div class=\"flex w-full flex-col gap-1 empty:hidden first:pt-[3px]\">\n<div class=\"markdown prose w-full break-words dark:prose-invert light\">\n<p><strong>Q1: Milyen nikotin er\u0151ss\u00e9gek \u00e9rhet\u0151k el a Bang Box 30000 Puff Okos K\u00e9perny\u0151s Egyszer haszn\u00e1latos Vape-hez?<\/strong><br \/>\nA1: A Bang Box nikotin opci\u00f3kat k\u00edn\u00e1l 0%, 2%, 3% \u00e9s 5% form\u00e1j\u00e1ban, lehet\u0151v\u00e9 t\u00e9ve a felhaszn\u00e1l\u00f3k sz\u00e1m\u00e1ra, hogy preferenci\u00e1juk szerint v\u00e1lasszanak.<\/p>\n<p><strong>Q2: H\u00e1ny sz\u00edv\u00e1st k\u00edn\u00e1l a Bang Box 30000 Puff Egyszer haszn\u00e1latos Vape?<\/strong><br \/>\nA2: Ez az eszk\u00f6z ak\u00e1r 30 000 sz\u00edv\u00e1st is biztos\u00edt, hosszabb vaping \u00e9lm\u00e9nyt ny\u00fajtva.<\/p>\n<p><strong>Q3: Milyen \u00edzek \u00e9rhet\u0151k el a Bang Box 30000 Puff LED kijelz\u0151s Vape-hez?<\/strong><br \/>\nA3: V\u00e1lasszon 12 izgalmas \u00edz k\u00f6z\u00fcl, t\u00f6bbek k\u00f6z\u00f6tt Eper-Kivi, Fekete Burok, G\u00f6r\u00f6gdinnye J\u00e9g, \u00c1fonya Savany\u00fa M\u00e1lna J\u00e9g \u00e9s m\u00e9g sok m\u00e1s!<\/p>\n<p><strong>Q4: Mi a kapacit\u00e1sa a Bang Box 30000 Puff LED kijelz\u0151s Egyszer haszn\u00e1latos Vape-nek?<\/strong><br \/>\nA4: A vape 35 ml e-liquidet tartalmaz, biztos\u00edtva a hossz\u00fa t\u00e1v\u00fa haszn\u00e1latot gyakori \u00fajrat\u00f6lt\u00e9s n\u00e9lk\u00fcl.<\/p>\n<p><strong>Q5: Hogyan m\u0171k\u00f6dik az intelligens kijelz\u0151 funkci\u00f3 a Bang Box 30000 Puff eldobhat\u00f3 vape-ban?<\/strong><br \/>\nA5: Az intelligens kijelz\u0151n megjelenik az olaj- \u00e9s az akkumul\u00e1tor t\u00f6lt\u00f6tts\u00e9gi szintje is, \u00edgy a felhaszn\u00e1l\u00f3k k\u00f6nnyen figyelemmel k\u00eds\u00e9rhetik a k\u00e9sz\u00fcl\u00e9k \u00e1llapot\u00e1t.<\/p>\n<p><strong>Q6: \u00dajrat\u00f6lthet\u0151 a Bang Box 30k Puff Smart Screen E Cigarette?<\/strong><br \/>\nA6: Igen, 850mAh-s \u00fajrat\u00f6lthet\u0151 akkumul\u00e1torral rendelkezik, amely sz\u00fcks\u00e9g eset\u00e9n folyamatos haszn\u00e1latot biztos\u00edt.<\/p>\n<p><strong>Q7: Mit\u0151l k\u00fcl\u00f6nleges a kett\u0151s h\u00e1l\u00f3s tekercs a Bang Box 30000 Puff LED Display E-cigaret\u00e1kban?<\/strong><br \/>\nA7: A kett\u0151s h\u00e1l\u00f3s tekercs fokozza a g\u0151ztermel\u00e9st, \u00e9s gazdagabb, egyenletesebb \u00edzt biztos\u00edt.<\/p>\n<p><strong>Q8: V\u00e1s\u00e1rolhatok Bang Box 30000 Puff eldobhat\u00f3 vape-ot nagy t\u00e9telben?<\/strong><br \/>\nA8: Igen, kiskeresked\u0151k sz\u00e1m\u00e1ra k\u00edn\u00e1lunk <strong>Bang Box 30000 Puff Smart Screen eldobhat\u00f3 vape \u00f6mlesztett v\u00e1s\u00e1rl\u00e1s<\/strong> \u00e9s nagykereskedelmi opci\u00f3kat.<\/p>\n<p><strong>Q9: Mi a legjobb lehet\u0151s\u00e9g a Bang Box 30000 Puff LED Display eldobhat\u00f3 vape-ok nagykereskedelmi beszerz\u00e9s\u00e9re?<\/strong><br \/>\nA9: A legversenyk\u00e9pesebb \u00e1rak\u00e9rt \u00e9s \u00f6mlesztett opci\u00f3k\u00e9rt tekintse meg a <strong>Bang Box 30000 Puff LED Display E-cigaretta Nagykereskedelem<\/strong> aj\u00e1nlatait.<\/p>\n<\/div>\n<\/div>\n<\/div>\n<\/div>\n<\/div>\n<\/div>\n<p>&nbsp;<\/p>\n<h3><\/h3>\n<h3>A Sz\u00e1ll\u00edt\u00e1sr\u00f3l<\/h3>\n<div class=\"flex-shrink-0 flex flex-col relative items-end\">\n<div>\n<div class=\"pt-0\">\n<div class=\"gizmo-bot-avatar flex h-8 w-8 items-center justify-center overflow-hidden rounded-full\">\n<div><\/div>\n<div class=\"relative p-1 rounded-sm flex items-center justify-center bg-token-main-surface-primary text-token-text-primary h-8 w-8\"><strong>1. Milyen sz\u00e1ll\u00edt\u00e1si m\u00f3dokat haszn\u00e1lnak?<\/strong><\/div>\n<\/div>\n<\/div>\n<\/div>\n<\/div>\n<div class=\"group\/conversation-turn relative flex w-full min-w-0 flex-col agent-turn\">\n<div class=\"flex-col gap-1 md:gap-3\">\n<div class=\"flex max-w-full flex-col flex-grow\">\n<div class=\"min-h-[20px] text-message flex w-full flex-col items-end gap-2 whitespace-normal break-words [.text-message+&amp;]:mt-5 overflow-x-auto\" dir=\"auto\" data-message-author-role=\"assistant\" data-message-id=\"22f8283b-3233-46ff-89a5-c7a41b33abda\">\n<div class=\"flex w-full flex-col gap-1 empty:hidden first:pt-[3px]\">\n<div class=\"markdown prose w-full break-words dark:prose-invert light\">\n<p>Partnerei vagyunk a UPS, DHL, FedEx, DPD \u00e9s m\u00e1s vezet\u0151 fuvaroz\u00f3knak. A legjobb sz\u00e1ll\u00edt\u00e1si m\u00f3dot fogjuk kiv\u00e1lasztani a sz\u00e1ll\u00edt\u00e1si helysz\u00edne alapj\u00e1n, hogy a lehet\u0151 leggyorsabban megkapja a term\u00e9keit.<\/p>\n<\/div>\n<p><strong>2. Mennyi id\u0151 alatt \u00e9rkezik meg?<\/strong><\/p>\n<p>A csomagok \u00e1ltal\u00e1ban 10 munkanapon bel\u00fcl meg\u00e9rkeznek Magyarorsz\u00e1gra. Az eur\u00f3pai orsz\u00e1gokba t\u00f6rt\u00e9n\u0151 sz\u00e1ll\u00edt\u00e1s \u00e1ltal\u00e1ban 12-15 munkanapot vesz ig\u00e9nybe. Folyamatosan t\u00e1j\u00e9koztatjuk a sz\u00e1ll\u00edt\u00e1si st\u00e1tuszr\u00f3l.<\/p>\n<\/div>\n<p><strong>3. Garancia<\/strong><\/p>\n<p><span style=\"color: #ff0000\"><strong>\u00dczlet\u00fcnkben minden term\u00e9k garant\u00e1ltan 100% eredeti \u00e9s hiteles. 10-szeres k\u00e1rt\u00e9r\u00edt\u00e9st k\u00edn\u00e1lunk hamis \u00e1ru eset\u00e9n!<\/strong><\/span><\/p>\n<div class=\"flex w-full flex-col gap-1 empty:hidden first:pt-[3px]\">\n<p>&nbsp;<\/p>\n<\/div>\n<\/div>\n<\/div>\n<\/div>\n<\/div>\n<p>&nbsp;<\/p>\n<p>Tov\u00e1bbi n\u00e9pszer\u0171 vape term\u00e9kek, amik tetszhetnek:<\/p>\n<p><a href=\"https:\/\/rmvapesale.com\/hu\/product\/aivono-aim-magic-20000-20k-puffs-disposable-vape-pod\/\"><strong>Aivono Aim Magic 20000 Puffs\u00a0 \u00a0<span style=\"color: #ff0000\">&gt;&gt;&gt;&gt; ide!<\/span><\/strong><\/a><\/p>\n<p><strong><a href=\"https:\/\/rmvapesale.com\/hu\/product\/waspe-fihp-30000-puffs-led-display-disposable-vape-box\/\">WASPE FIHP 30000 Puffs <span style=\"color: #ff0000\">&gt;&gt;&gt;&gt; ide!<\/span><\/a>\u00a0<\/strong><\/p>\n<p><a href=\"https:\/\/rmvapesale.com\/hu\/product\/uzy-crystal-pro-max-10k-puffs-disposable-vape-pen-wholesale\/\"><strong>UZY Crystal Pro Max 10k Puffs <span style=\"color: #ff0000\">&gt;&gt;&gt;&gt; ide!<\/span><\/strong><\/a><\/p>\n<p>&nbsp;<\/p>\n<p>&nbsp;<\/p>\n<p>Tal\u00e1lja meg a tov\u00e1bbi vape term\u00e9keket, amelyek tetszhetnek \u00d6nnek:<strong><em><a href=\"https:\/\/rmvapesale.com\/hu\/shop-2\/\">V\u00e1s\u00e1roljon most &gt;&gt;&gt;<\/a><\/em><\/strong><\/p>","protected":false},"excerpt":{"rendered":"<p>Bang Box 30000 Puffs Okos K\u00e9perny\u0151s Eldobhat\u00f3 E Cigaretta<br \/>\nBang Vape Doboz 30000 Puffs Egyszer haszn\u00e1latos Vape Nagykeresked\u00e9s<br \/>\nBang Doboz 30000 Puffs 0% 2% 3% 5% Szabad Nikotin Nagy t\u00e9telben v\u00e1s\u00e1rolhat\u00f3<\/p>\n<p><img loading=\"lazy\" decoding=\"async\" class=\"size-full wp-image-1978\" src=\"https:\/\/rmvapesale.com\/wp-content\/uploads\/2024\/09\/Disposable-Vape-Wholesale.jpg\" alt=\"Eldobhat\u00f3 Vape Nagykereskedelem\" width=\"229\" height=\"300\" \/><\/p>\n<h3><a href=\"https:\/\/wa.me\/8617776015835\"><span style=\"color: #ff0000\"><strong>WhatsApp: +86 17776015835<\/strong><\/span><\/a><\/h3>\n<p>&nbsp;<\/p>","protected":false},"featured_media":2310,"comment_status":"open","ping_status":"closed","template":"","meta":{"_uag_custom_page_level_css":"","_lmt_disableupdate":"","_lmt_disable":"","site-sidebar-layout":"default","site-content-layout":"content-boxed-container","ast-site-content-layout":"normal-width-container","site-content-style":"boxed","site-sidebar-style":"unboxed","ast-global-header-display":"","ast-banner-title-visibility":"","ast-main-header-display":"","ast-hfb-above-header-display":"","ast-hfb-below-header-display":"","ast-hfb-mobile-header-display":"","site-post-title":"","ast-breadcrumbs-content":"","ast-featured-img":"","footer-sml-layout":"","ast-disable-related-posts":"","theme-transparent-header-meta":"default","adv-header-id-meta":"","stick-header-meta":"","header-above-stick-meta":"","header-main-stick-meta":"","header-below-stick-meta":"","astra-migrate-meta-layouts":"set","ast-page-background-enabled":"default","ast-page-background-meta":{"desktop":{"background-color":"var(--ast-global-color-4)","background-image":"","background-repeat":"repeat","background-position":"center center","background-size":"auto","background-attachment":"scroll","background-type":"","background-media":"","overlay-type":"","overlay-color":"","overlay-opacity":"","overlay-gradient":""},"tablet":{"background-color":"","background-image":"","background-repeat":"repeat","background-position":"center center","background-size":"auto","background-attachment":"scroll","background-type":"","background-media":"","overlay-type":"","overlay-color":"","overlay-opacity":"","overlay-gradient":""},"mobile":{"background-color":"","background-image":"","background-repeat":"repeat","background-position":"center center","background-size":"auto","background-attachment":"scroll","background-type":"","background-media":"","overlay-type":"","overlay-color":"","overlay-opacity":"","overlay-gradient":""}},"ast-content-background-meta":{"desktop":{"background-color":"var(--ast-global-color-5)","background-image":"","background-repeat":"repeat","background-position":"center center","background-size":"auto","background-attachment":"scroll","background-type":"","background-media":"","overlay-type":"","overlay-color":"","overlay-opacity":"","overlay-gradient":""},"tablet":{"background-color":"var(--ast-global-color-5)","background-image":"","background-repeat":"repeat","background-position":"center center","background-size":"auto","background-attachment":"scroll","background-type":"","background-media":"","overlay-type":"","overlay-color":"","overlay-opacity":"","overlay-gradient":""},"mobile":{"background-color":"var(--ast-global-color-5)","background-image":"","background-repeat":"repeat","background-position":"center center","background-size":"auto","background-attachment":"scroll","background-type":"","background-media":"","overlay-type":"","overlay-color":"","overlay-opacity":"","overlay-gradient":""}},"_joinchat":[]},"product_brand":[],"product_cat":[15,60,27,25,123,30,26,28],"product_tag":[63,66,125,96,101,105,120],"class_list":{"0":"post-2313","1":"product","2":"type-product","3":"status-publish","4":"has-post-thumbnail","6":"product_cat-new-vape-this-week","7":"product_cat-bang-vapes","8":"product_cat-fance-hot-sale-vape","9":"product_cat-germany-best-selling-vape","10":"product_cat-italy-wholesale-vape","11":"product_cat-minimum-order-quantity-50pcs","12":"product_cat-netherlands-hot-sale-vape","13":"product_cat-poland-hot-sale-vape","14":"product_tag-bang-vapes","15":"product_tag-disposable-vape","16":"product_tag-disposable-vape-italy","17":"product_tag-disposable-vape-wholesale-uk","18":"product_tag-led-display-vape","19":"product_tag-nicotine-free-disposable-vape","20":"product_tag-vape-wholesale","21":"desktop-align-left","22":"tablet-align-left","23":"mobile-align-left","25":"first","26":"instock","27":"sale","28":"shipping-taxable","29":"purchasable","30":"product-type-simple"},"uagb_featured_image_src":{"full":["https:\/\/rmvapesale.com\/wp-content\/uploads\/2024\/10\/Bang-Box-30000-Puff-Smart-Screen-Disposable-Vape.jpg",800,801,false],"thumbnail":["https:\/\/rmvapesale.com\/wp-content\/uploads\/2024\/10\/Bang-Box-30000-Puff-Smart-Screen-Disposable-Vape-150x150.jpg",150,150,true],"medium":["https:\/\/rmvapesale.com\/wp-content\/uploads\/2024\/10\/Bang-Box-30000-Puff-Smart-Screen-Disposable-Vape-300x300.jpg",300,300,true],"medium_large":["https:\/\/rmvapesale.com\/wp-content\/uploads\/2024\/10\/Bang-Box-30000-Puff-Smart-Screen-Disposable-Vape-768x769.jpg",768,769,true],"large":["https:\/\/rmvapesale.com\/wp-content\/uploads\/2024\/10\/Bang-Box-30000-Puff-Smart-Screen-Disposable-Vape.jpg",800,801,false],"1536x1536":["https:\/\/rmvapesale.com\/wp-content\/uploads\/2024\/10\/Bang-Box-30000-Puff-Smart-Screen-Disposable-Vape.jpg",800,801,false],"2048x2048":["https:\/\/rmvapesale.com\/wp-content\/uploads\/2024\/10\/Bang-Box-30000-Puff-Smart-Screen-Disposable-Vape.jpg",800,801,false],"trp-custom-language-flag":["https:\/\/rmvapesale.com\/wp-content\/uploads\/2024\/10\/Bang-Box-30000-Puff-Smart-Screen-Disposable-Vape.jpg",12,12,false],"woocommerce_thumbnail":["https:\/\/rmvapesale.com\/wp-content\/uploads\/2024\/10\/Bang-Box-30000-Puff-Smart-Screen-Disposable-Vape-300x300.jpg",300,300,true],"woocommerce_single":["https:\/\/rmvapesale.com\/wp-content\/uploads\/2024\/10\/Bang-Box-30000-Puff-Smart-Screen-Disposable-Vape-600x601.jpg",600,601,true],"woocommerce_gallery_thumbnail":["https:\/\/rmvapesale.com\/wp-content\/uploads\/2024\/10\/Bang-Box-30000-Puff-Smart-Screen-Disposable-Vape-100x100.jpg",100,100,true],"wcpr-photo-reviews":["https:\/\/rmvapesale.com\/wp-content\/uploads\/2024\/10\/Bang-Box-30000-Puff-Smart-Screen-Disposable-Vape.jpg",500,500,false]},"uagb_author_info":{"display_name":"AMY","author_link":"https:\/\/rmvapesale.com\/hu\/author\/"},"uagb_comment_info":0,"uagb_excerpt":"Bang Box 30000 Puffs Smart Screen Disposable E Cigarettes Bang Vape Box 30000 Puffs Disposable Vape Wholesale Bang Box 30000 Puffs 0% 2% 3% 5% Free Nicotine Bulk Buy WhatsApp: +86 17776015835 &nbsp;","_links":{"self":[{"href":"https:\/\/rmvapesale.com\/hu\/wp-json\/wp\/v2\/product\/2313","targetHints":{"allow":["GET"]}}],"collection":[{"href":"https:\/\/rmvapesale.com\/hu\/wp-json\/wp\/v2\/product"}],"about":[{"href":"https:\/\/rmvapesale.com\/hu\/wp-json\/wp\/v2\/types\/product"}],"replies":[{"embeddable":true,"href":"https:\/\/rmvapesale.com\/hu\/wp-json\/wp\/v2\/comments?post=2313"}],"wp:featuredmedia":[{"embeddable":true,"href":"https:\/\/rmvapesale.com\/hu\/wp-json\/wp\/v2\/media\/2310"}],"wp:attachment":[{"href":"https:\/\/rmvapesale.com\/hu\/wp-json\/wp\/v2\/media?parent=2313"}],"wp:term":[{"taxonomy":"product_brand","embeddable":true,"href":"https:\/\/rmvapesale.com\/hu\/wp-json\/wp\/v2\/product_brand?post=2313"},{"taxonomy":"product_cat","embeddable":true,"href":"https:\/\/rmvapesale.com\/hu\/wp-json\/wp\/v2\/product_cat?post=2313"},{"taxonomy":"product_tag","embeddable":true,"href":"https:\/\/rmvapesale.com\/hu\/wp-json\/wp\/v2\/product_tag?post=2313"}],"curies":[{"name":"wp","href":"https:\/\/api.w.org\/{rel}","templated":true}]}}