{"id":2320,"date":"2024-10-10T01:23:26","date_gmt":"2024-10-10T01:23:26","guid":{"rendered":"https:\/\/rmvapesale.com\/?post_type=product&#038;p=2320"},"modified":"2024-10-10T09:25:15","modified_gmt":"2024-10-10T09:25:15","slug":"elf-box-digital-12000-puffs-led-display-disposable-vape","status":"publish","type":"product","link":"https:\/\/rmvapesale.com\/hu\/product\/elf-box-digital-12000-puffs-led-display-disposable-vape\/","title":{"rendered":"ELF BOX Digital 12000 Puffs LED Kijelz\u0151s Eldobhat\u00f3 Vape"},"content":{"rendered":"<div class=\"B2VR9 CJHX3e\">\n<div class=\"wyccme\">\n<h1 class=\"LC20lb MBeuO DKV0Md\">ELF BOX Digital 12000 Puffs LED kijelz\u0151vel ell\u00e1tott eldobhat\u00f3 vape t\u00f6meges v\u00e1s\u00e1rl\u00e1sa<\/h1>\n<div class=\"flex-shrink-0 flex flex-col relative items-end\">\n<div>\n<div class=\"pt-0\">\n<div class=\"gizmo-bot-avatar flex h-8 w-8 items-center justify-center overflow-hidden rounded-full\">\n<div class=\"relative p-1 rounded-sm flex items-center justify-center bg-token-main-surface-primary text-token-text-primary h-8 w-8\">\n<p>K\u00e9sz\u00fclj\u00f6n fel, hogy \u00faj szintre emelje a vaping \u00e9lm\u00e9ny\u00e9t a <strong>ELF BOX Digital 12000 Puffs LED Kijelz\u0151s Eldobhat\u00f3 Vape<\/strong>seg\u00edts\u00e9g\u00e9vel! Ez a vape hihetetlen <strong>12 000 puff<\/strong>kapacit\u00e1ssal rendelkezik, \u00edgy hosszan tart\u00f3 el\u00e9gedetts\u00e9get ny\u00fajt an\u00e9lk\u00fcl, hogy \u00e1lland\u00f3an cser\u00e9lni kellene. T\u00f6k\u00e9letes a mindennapi haszn\u00e1latra, a k\u00e9nyelem \u00e9s a teljes\u00edtm\u00e9ny \u00e9rdek\u00e9ben tervezt\u00e9k.<\/p>\n<p>Egy <strong>23 ml e-liquid kapacit\u00e1ssal<\/strong> \u00e9s egy <strong>0,8 ohmos mesh tekerccsel<\/strong>sima, \u00edzletes slukkokra sz\u00e1m\u00edthat minden alkalommal, amikor vapel. V\u00e1lasszon a <strong>0%, 2%, 3% vagy 5% nikotiner\u0151ss\u00e9gek<\/strong> k\u00f6z\u00fcl, hogy pontosan az \u00d6n \u00edzl\u00e9s\u00e9nek megfelel\u0151en alak\u00edtsa ki az \u00e9lm\u00e9nyt.<\/p>\n<p>A be\u00e9p\u00edtett <strong>A LED digit\u00e1lis kijelz\u0151<\/strong> t\u00e1j\u00e9koztatja az akkumul\u00e1tor \u00e9lettartam\u00e1r\u00f3l \u00e9s az e-liquid szintj\u00e9r\u0151l, \u00edgy mindig \u00d6n ir\u00e1ny\u00edt. R\u00e1ad\u00e1sul egy <strong>500 mAh-s \u00fajrat\u00f6lthet\u0151 akkumul\u00e1torral<\/strong> \u00e9s <strong>C-t\u00edpus\u00fa t\u00f6lt\u0151<\/strong>gyorsan felt\u00f6ltheti, \u00e9s eg\u00e9sz nap vapelhet.<\/p>\n<p>Ide\u00e1lis t\u00f6meges v\u00e1s\u00e1rl\u00f3knak, az <strong>ELF BOX Digital 12000<\/strong> t\u00f6k\u00e9letes azok sz\u00e1m\u00e1ra, akik cs\u00facsmin\u0151s\u00e9g\u0171 teljes\u00edtm\u00e9nyt szeretn\u00e9nek egy eleg\u00e1ns, k\u00f6nnyen haszn\u00e1lhat\u00f3 csomagban. Rakt\u00e1rozzon fel most, \u00e9s adjon \u00fcgyfeleinek egy olyan vape-et, amelyet im\u00e1dni fognak!<\/p>\n<p>Rendelje meg a saj\u00e1tj\u00e1t <strong>ELF BOX Digital 12000 LED kijelz\u0151vel ell\u00e1tott eldobhat\u00f3 vape nagy t\u00e9telben<\/strong> m\u00e9g ma, \u00e9s adja hozz\u00e1 ezt a kihagyhatatlan eszk\u00f6zt a k\u00e9szlet\u00e9hez!<\/p>\n<p>&nbsp;<\/p>\n<\/div>\n<\/div>\n<\/div>\n<\/div>\n<\/div>\n<\/div>\n<\/div>\n<p><strong>L\u00e9pjen kapcsolatba Amyvel a pontos v\u00e1laszok\u00e9rt \u00e9s tov\u00e1bbi term\u00e9kvide\u00f3k\u00e9rt!<\/strong><\/p>\n<p><img loading=\"lazy\" decoding=\"async\" class=\"size-full wp-image-1978\" src=\"https:\/\/rmvapesale.com\/wp-content\/uploads\/2024\/09\/Disposable-Vape-Wholesale.jpg\" alt=\"Eldobhat\u00f3 Vape Nagykereskedelem\" width=\"229\" height=\"300\" \/><\/p>\n<h3><a href=\"https:\/\/wa.me\/8617776015835\" target=\"_blank\" rel=\"noopener\"><span style=\"color: #ff0000\"><strong>WhatsApp: +86 17776015835<\/strong><\/span><\/a><\/h3>\n<p>&nbsp;<\/p>\n<h2><\/h2>\n<h2><strong>ELF BOX Digital 12000 Puffs Vape F\u0151bb Jellemz\u0151k<\/strong><\/h2>\n<p>&nbsp;<\/p>\n<ul>\n<li><strong>Magas Puffsz\u00e1m<\/strong>: \u00c9lvezze ak\u00e1r 12 000 slukkot a hosszan tart\u00f3 \u00e9s zavartalan vaping \u00e9lm\u00e9ny\u00e9rt.<\/li>\n<li><strong>E-Liquid Kapacit\u00e1s<\/strong>: A 23 ml-es tart\u00e1llyal hosszabb ideig haszn\u00e1lhatja a vape-et an\u00e9lk\u00fcl, hogy gyakran kellene \u00fajrat\u00f6ltenie.<\/li>\n<li><strong>\u00dajrat\u00f6lthet\u0151 Akkumul\u00e1tor<\/strong>: 500 mAh-s akkumul\u00e1torral m\u0171k\u00f6dik, amely biztos\u00edtja a tart\u00f3s teljes\u00edtm\u00e9nyt \u00e9s a k\u00f6nny\u0171 \u00fajrat\u00f6lt\u00e9st.<\/li>\n<li><strong>Type-C T\u00f6lt\u00e9s<\/strong>: T\u00f6ltse fel gyorsan \u00e9s hat\u00e9konyan a modern Type-C csatlakoz\u00f3 seg\u00edts\u00e9g\u00e9vel.<\/li>\n<li><strong>Mesh Tekercs Technol\u00f3gia<\/strong>: Tapasztalja meg a fokozott \u00edzt \u00e9s a sima g\u0151ztermel\u00e9st a 0,8 ohmos mesh coil seg\u00edts\u00e9g\u00e9vel.<\/li>\n<li><strong>Digit\u00e1lis kijelz\u0151<\/strong>: Legyen naprak\u00e9sz az okos digit\u00e1lis kijelz\u0151vel, amely mutatja az akkumul\u00e1tor \u00e9s az e-liquid szintj\u00e9t.<\/li>\n<li><strong>Nikotin opci\u00f3k<\/strong>: 0%, 2%, 3% \u00e9s 5% nikotiner\u0151ss\u00e9gben kaphat\u00f3, hogy megfeleljen a vaping ig\u00e9nyeinek.<\/li>\n<\/ul>\n<h2><\/h2>\n<h2><strong>Legjobb \u00edz az ELF BOX Digital 12000 Puffs E Cigarett\u00e1khoz\u00a0<\/strong><\/h2>\n<p>Az ELF BOX Digital 12000 Puffs LED kijelz\u0151vel ell\u00e1tott eldobhat\u00f3 vape 12 \u00edzletes \u00edzt k\u00edn\u00e1l, v\u00e1lasszon a k\u00fcl\u00f6nf\u00e9le \u00edzek k\u00f6z\u00fcl, bele\u00e9rtve a klasszikus friss\u00edt\u0151 h\u0171s ment\u00e1t \u00e9s a sz\u0151l\u0151 egzotikus \u00e9dess\u00e9g\u00e9t, amelyek mindegyike gazdag, kiel\u00e9g\u00edt\u0151 utaz\u00e1st \u00edg\u00e9r minden slukkal.<\/p>\n<p>1. G\u00f6r\u00f6gdinnye j\u00e9g <span style=\"color: #ff0000\"><strong>&gt;&gt;&gt;&gt; Forr\u00f3!<\/strong><\/span><br \/>\n2. Eper j\u00e9g<br \/>\n3. K\u00e9k m\u00e1lna j\u00e9g<br \/>\n4. Cseresznye k\u00f3la <span style=\"color: #ff0000\"><strong>&gt;&gt;&gt;&gt; Forr\u00f3!<\/strong><\/span><br \/>\n5. Eper bomba<br \/>\n6. K\u00f3kusz dinnye<br \/>\n7. Kivi maracuja<br \/>\n8. Vegyes gy\u00fcm\u00f6lcs <span style=\"color: #ff0000\"><strong>&gt;&gt;&gt;&gt; A legjobb!<\/strong><\/span><br \/>\n9. \u00c1fony\u00e1s savany\u00fa m\u00e1lna<br \/>\n10. Dupla alma<br \/>\n11. Epres g\u00f6r\u00f6gdinnye<br \/>\n12. G\u00f6r\u00f6gdinny\u00e9s r\u00e1g\u00f3gumi<br \/>\n13. Barack j\u00e9g<br \/>\n14. Epres ban\u00e1n<br \/>\n15. Mr. Blue<br \/>\n16. Szeder j\u00e9g<br \/>\n17. Mang\u00f3 j\u00e9g<br \/>\n18. Sz\u0151l\u0151 j\u00e9g<br \/>\n19. Barack bogy\u00f3k<br \/>\n20. Eper Kiwi Gy\u00fcm\u00f6lcs<\/p>\n<figure id=\"attachment_2327\" aria-describedby=\"caption-attachment-2327\" style=\"width: 300px\" class=\"wp-caption alignnone\"><img loading=\"lazy\" decoding=\"async\" class=\"size-medium wp-image-2327\" src=\"https:\/\/rmvapesale.com\/wp-content\/uploads\/2024\/10\/Vape-Elf-Box-12000-Puffs-12K-E-cigarette-300x225.jpg\" alt=\"Vape Elf Box 12000 Puffs 12K E-cigaretta\" width=\"300\" height=\"225\" srcset=\"https:\/\/rmvapesale.com\/wp-content\/uploads\/2024\/10\/Vape-Elf-Box-12000-Puffs-12K-E-cigarette-300x225.jpg 300w, https:\/\/rmvapesale.com\/wp-content\/uploads\/2024\/10\/Vape-Elf-Box-12000-Puffs-12K-E-cigarette-768x576.jpg 768w, https:\/\/rmvapesale.com\/wp-content\/uploads\/2024\/10\/Vape-Elf-Box-12000-Puffs-12K-E-cigarette-600x450.jpg 600w, https:\/\/rmvapesale.com\/wp-content\/uploads\/2024\/10\/Vape-Elf-Box-12000-Puffs-12K-E-cigarette.jpg 808w\" sizes=\"auto, (max-width: 300px) 100vw, 300px\" \/><figcaption id=\"caption-attachment-2327\" class=\"wp-caption-text\">Vape Elf Box 12000 Puffs 12K E-cigaretta<\/figcaption><\/figure>\n<p>&nbsp;<\/p>\n<h3>Mi\u00e9rt v\u00e1lassza az Rmvapesale-t az ELF BOX Digital 12000 Puffs LED kijelz\u0151s eldobhat\u00f3 vape-hez?<\/h3>\n<div class=\"flex-shrink-0 flex flex-col relative items-end\">\n<div>\n<div class=\"pt-0\">\n<div class=\"gizmo-bot-avatar flex h-8 w-8 items-center justify-center overflow-hidden rounded-full\">\n<div class=\"relative p-1 rounded-sm flex items-center justify-center bg-token-main-surface-primary text-token-text-primary h-8 w-8\">\n<p>&nbsp;<\/p>\n<p>Ha az Rmvapesale-t v\u00e1lasztja az eldobhat\u00f3 vape-ek nagykereskedelm\u00e9hez, a k\u00f6vetkez\u0151 el\u0151ny\u00f6kben r\u00e9szes\u00fcl:<\/p>\n<ul>\n<li><strong>Versenyk\u00e9pes \u00e1rak<\/strong>: Hozz\u00e1f\u00e9rhet vonz\u00f3 nagykereskedelmi \u00e1rakhoz, amelyek n\u00f6velik az \u00fczleti marzsokat.<\/li>\n<li><strong>Magas min\u0151s\u00e9g<\/strong>: Vape-jeink a legmagasabb sz\u00ednvonalon k\u00e9sz\u00fclnek, \u00e9s <span style=\"color: #ff0000\"><strong>garant\u00e1ltan 100% eredetiek \u00e9s hitelesek, hamis \u00e1ru eset\u00e9n 10-szeres k\u00e1rt\u00e9r\u00edt\u00e9st biztos\u00edtunk!<\/strong><\/span><\/li>\n<li><strong>Kiv\u00e1l\u00f3 \u00dcgyf\u00e9lszolg\u00e1lat<\/strong>: Elk\u00f6telezett csapatunk mindig k\u00e9szen \u00e1ll, hogy seg\u00edtsen \u00d6nnek, z\u00f6kken\u0151mentess\u00e9 \u00e9s probl\u00e9mamentess\u00e9 t\u00e9ve a v\u00e1s\u00e1rl\u00e1si folyamatot.<\/li>\n<li><strong>Gyors Sz\u00e1ll\u00edt\u00e1s<\/strong>: Sz\u00e1m\u00edtson gyors \u00e9s megb\u00edzhat\u00f3 sz\u00e1ll\u00edt\u00e1sra, ami biztos\u00edtja, hogy rendel\u00e9sei mindig id\u0151ben meg\u00e9rkezzenek.<\/li>\n<\/ul>\n<h3><\/h3>\n<h3><b>GYIK<\/b><\/h3>\n<p>&nbsp;<\/p>\n<\/div>\n<\/div>\n<\/div>\n<\/div>\n<\/div>\n<div class=\"group\/conversation-turn relative flex w-full min-w-0 flex-col agent-turn\">\n<div class=\"flex-col gap-1 md:gap-3\">\n<div class=\"flex max-w-full flex-col flex-grow\">\n<div class=\"min-h-8 text-message flex w-full flex-col items-end gap-2 whitespace-normal break-words [.text-message+&amp;]:mt-5\" dir=\"auto\" data-message-author-role=\"assistant\" data-message-id=\"f226d3fc-81f3-46d5-8c46-31787fff0357\">\n<div class=\"flex w-full flex-col gap-1 empty:hidden first:pt-[3px]\">\n<div class=\"markdown prose w-full break-words dark:prose-invert light\">\n<p><strong>1. k\u00e9rd\u00e9s: H\u00e1ny slukk \u00e9rhet\u0151 el az ELF Box Digital 12000 Puffs eldobhat\u00f3 vape-b\u0151l?<\/strong><br \/>\nV1: A <strong>ELF Box Digital 12000 Puffs eldobhat\u00f3 vape<\/strong> ak\u00e1r <strong>12 000 puff<\/strong>, amely meghosszabb\u00edtott vaping \u00e9lm\u00e9nyt k\u00edn\u00e1l an\u00e9lk\u00fcl, hogy gyakori cser\u00e9re lenne sz\u00fcks\u00e9g.<\/p>\n<p><strong>2. k\u00e9rd\u00e9s: Milyen \u00edzek \u00e9rhet\u0151k el az ELF Box Digital 12k E Cigarette nagykeresked\u00e9sben?<\/strong><br \/>\nV2: 20 izgalmas \u00edzt \u00e9lvezhet, bele\u00e9rtve a <strong>Dinnye j\u00e9g<\/strong>, <strong>Epres ban\u00e1n<\/strong>, <strong>K\u00e9k M\u00e1lna J\u00e9g<\/strong>, <strong>Mang\u00f3 j\u00e9g<\/strong>, \u00e9s <strong>Sz\u0151l\u0151 J\u00e9g<\/strong>, csak hogy n\u00e9h\u00e1nyat eml\u00edts\u00fcnk. Minden \u00edzl\u00e9shez van egy \u00edz!<\/p>\n<p><strong>3. k\u00e9rd\u00e9s: Mekkora az e-liquid kapacit\u00e1sa az ELF Box Digital Box 12000 Puffs eldobhat\u00f3 vape-ben?<\/strong><br \/>\nV3: Ez az eszk\u00f6z nagylelk\u0171 <strong>23 ml e-liquid kapacit\u00e1ssal<\/strong>tart\u00e1llyal rendelkezik, amely biztos\u00edtja a hosszan tart\u00f3 haszn\u00e1latot gyakori ut\u00e1nt\u00f6lt\u00e9s n\u00e9lk\u00fcl.<\/p>\n<p><strong>4. k\u00e9rd\u00e9s: Milyen nikotiner\u0151ss\u00e9gek \u00e9rhet\u0151k el az ELF Box Digital 12000 Puffs E Cigarette-ben?<\/strong><br \/>\nV4: V\u00e1laszthat a <strong>0%, 2%, 3% vagy 5% nikotinszint<\/strong>, \u00edgy k\u00f6nnyen megtal\u00e1lhatja a vaping st\u00edlus\u00e1nak megfelel\u0151 er\u0151ss\u00e9get.<\/p>\n<p><strong>5. k\u00e9rd\u00e9s: Hogyan m\u0171k\u00f6dik a digit\u00e1lis kijelz\u0151 az ELF Box Digital Box 12k eldobhat\u00f3 vape-ben?<\/strong><br \/>\nV5: A <strong>intelligens digit\u00e1lis kijelz\u0151vel<\/strong> lehet\u0151v\u00e9 teszi az akkumul\u00e1tor \u00e9s az e-liquid szintj\u00e9nek figyel\u00e9s\u00e9t, \u00edgy soha nem \u00e9rheti meglepet\u00e9s.<\/p>\n<p><strong>K6: Az ELF Box Digital 12k E Cigaretta \u00fajrat\u00f6lthet\u0151?<\/strong><br \/>\nV6: Igen, az eszk\u00f6z rendelkezik egy <strong>500 mAh-s \u00fajrat\u00f6lthet\u0151 akkumul\u00e1torral<\/strong> \u00e9s egy <strong>Type-C t\u00f6lt\u0151port<\/strong> a gyors \u00e9s hat\u00e9kony t\u00f6lt\u00e9shez.<\/p>\n<p><strong>K7: V\u00e1s\u00e1rolhatok ELF Box Digital 12000 Puffs eldobhat\u00f3 vape-et nagy t\u00e9telben?<\/strong><br \/>\nV7: Term\u00e9szetesen! <strong>ELF Box Digital 12000 Puffs Eldobhat\u00f3 Vape Nagykereskedelem<\/strong> lehet\u0151s\u00e9gek \u00e1llnak rendelkez\u00e9sre azok sz\u00e1m\u00e1ra, akik nagy t\u00e9telben szeretn\u00e9nek feltankolni \u00e9s versenyk\u00e9pes \u00e1rakat \u00e9lvezni.<\/p>\n<p><strong>K8: Milyen tekercs technol\u00f3gi\u00e1t haszn\u00e1l az ELF Box Digital Box 12k?<\/strong><br \/>\nV8: Egy <strong>0,8 ohmos mesh tekerccsel<\/strong> haszn\u00e1l a fokozott \u00edz \u00e9s a sima g\u0151ztermel\u00e9s \u00e9rdek\u00e9ben, biztos\u00edtva a kiel\u00e9g\u00edt\u0151 vaping \u00e9lm\u00e9nyt.<\/p>\n<\/div>\n<\/div>\n<\/div>\n<\/div>\n<\/div>\n<\/div>\n<p>&nbsp;<\/p>\n<h3><\/h3>\n<h3>A Sz\u00e1ll\u00edt\u00e1sr\u00f3l<\/h3>\n<div class=\"flex-shrink-0 flex flex-col relative items-end\">\n<div>\n<div class=\"pt-0\">\n<div class=\"gizmo-bot-avatar flex h-8 w-8 items-center justify-center overflow-hidden rounded-full\">\n<div><\/div>\n<div class=\"relative p-1 rounded-sm flex items-center justify-center bg-token-main-surface-primary text-token-text-primary h-8 w-8\"><strong>1. Milyen sz\u00e1ll\u00edt\u00e1si m\u00f3dokat haszn\u00e1lnak?<\/strong><\/div>\n<\/div>\n<\/div>\n<\/div>\n<\/div>\n<div class=\"group\/conversation-turn relative flex w-full min-w-0 flex-col agent-turn\">\n<div class=\"flex-col gap-1 md:gap-3\">\n<div class=\"flex max-w-full flex-col flex-grow\">\n<div class=\"min-h-[20px] text-message flex w-full flex-col items-end gap-2 whitespace-normal break-words [.text-message+&amp;]:mt-5 overflow-x-auto\" dir=\"auto\" data-message-author-role=\"assistant\" data-message-id=\"22f8283b-3233-46ff-89a5-c7a41b33abda\">\n<div class=\"flex w-full flex-col gap-1 empty:hidden first:pt-[3px]\">\n<div class=\"markdown prose w-full break-words dark:prose-invert light\">\n<p>Partnerei vagyunk a UPS, DHL, FedEx, DPD \u00e9s m\u00e1s vezet\u0151 fuvaroz\u00f3knak. A legjobb sz\u00e1ll\u00edt\u00e1si m\u00f3dot fogjuk kiv\u00e1lasztani a sz\u00e1ll\u00edt\u00e1si helysz\u00edne alapj\u00e1n, hogy a lehet\u0151 leggyorsabban megkapja a term\u00e9keit.<\/p>\n<\/div>\n<p><strong>2. Mennyi id\u0151 alatt \u00e9rkezik meg?<\/strong><\/p>\n<p>A csomagok \u00e1ltal\u00e1ban 10 munkanapon bel\u00fcl meg\u00e9rkeznek Magyarorsz\u00e1gra. Az eur\u00f3pai orsz\u00e1gokba t\u00f6rt\u00e9n\u0151 sz\u00e1ll\u00edt\u00e1s \u00e1ltal\u00e1ban 12-15 munkanapot vesz ig\u00e9nybe. Folyamatosan t\u00e1j\u00e9koztatjuk a sz\u00e1ll\u00edt\u00e1si st\u00e1tuszr\u00f3l.<\/p>\n<\/div>\n<\/div>\n<\/div>\n<\/div>\n<\/div>\n<p>&nbsp;<\/p>\n<p>Tov\u00e1bbi n\u00e9pszer\u0171 vape term\u00e9kek, amik tetszhetnek:<\/p>\n<p><a href=\"https:\/\/rmvapesale.com\/hu\/product\/waspe-12000-puffs-disposable-vape-pen\/\"><strong>WASPE 12000 slukk\u00a0 \u00a0<span style=\"color: #ff0000\">&gt;&gt;&gt;&gt; ide!<\/span><\/strong><\/a><\/p>\n<p><strong><a href=\"https:\/\/rmvapesale.com\/hu\/product\/waspe-fihp-30000-puffs-led-display-disposable-vape-box\/\">WASPE FIHP 30000 Puffs <span style=\"color: #ff0000\">&gt;&gt;&gt;&gt; ide!<\/span><\/a>\u00a0<\/strong><\/p>\n<h2 class=\"woocommerce-loop-product__title\"><a style=\"font-size: 16px\" href=\"https:\/\/rmvapesale.com\/hu\/product\/bang-box-30000-puff-double-taste-smart-screen-disposable-vape-wholesale\/\"><strong>V7: Term\u00e9szetesen! Nagykereskedelmi lehet\u0151s\u00e9geket k\u00edn\u00e1lunk az <span style=\"color: #ff0000\">&gt;&gt;&gt;&gt; ide!<\/span><\/strong><\/a><\/h2>\n<p>&nbsp;<\/p>\n<p>&nbsp;<\/p>\n<p>Tal\u00e1lja meg a tov\u00e1bbi vape term\u00e9keket, amelyek tetszhetnek \u00d6nnek:<strong><em><a href=\"https:\/\/rmvapesale.com\/hu\/shop-2\/\">V\u00e1s\u00e1roljon most &gt;&gt;&gt;<\/a><\/em><\/strong><\/p>","protected":false},"excerpt":{"rendered":"<p>ELF Box Digital 12000 Puffs 0% 2% 3% 5% Alacsony nikotintartalom<br \/>\nELF BOX Digital Box 12000 Puffs Eldobhat\u00f3 E Cigarett\u00e1k<br \/>\nELF Box Digital 12000 Puffs Eldobhat\u00f3 Vape Nagykereskedelem<\/p>\n<p><img loading=\"lazy\" decoding=\"async\" class=\"size-full wp-image-1978\" src=\"https:\/\/rmvapesale.com\/wp-content\/uploads\/2024\/09\/Disposable-Vape-Wholesale.jpg\" alt=\"Eldobhat\u00f3 Vape Nagykereskedelem\" width=\"229\" height=\"300\" \/><\/p>\n<h3><a href=\"https:\/\/wa.me\/8617776015835\"><span style=\"color: #ff0000\"><strong>WhatsApp: +86 17776015835<\/strong><\/span><\/a><\/h3>\n<p>&nbsp;<\/p>","protected":false},"featured_media":2325,"comment_status":"open","ping_status":"closed","template":"","meta":{"_uag_custom_page_level_css":"","_lmt_disableupdate":"","_lmt_disable":"","site-sidebar-layout":"default","site-content-layout":"content-boxed-container","ast-site-content-layout":"normal-width-container","site-content-style":"boxed","site-sidebar-style":"unboxed","ast-global-header-display":"","ast-banner-title-visibility":"","ast-main-header-display":"","ast-hfb-above-header-display":"","ast-hfb-below-header-display":"","ast-hfb-mobile-header-display":"","site-post-title":"","ast-breadcrumbs-content":"","ast-featured-img":"","footer-sml-layout":"","ast-disable-related-posts":"","theme-transparent-header-meta":"default","adv-header-id-meta":"","stick-header-meta":"","header-above-stick-meta":"","header-main-stick-meta":"","header-below-stick-meta":"","astra-migrate-meta-layouts":"set","ast-page-background-enabled":"default","ast-page-background-meta":{"desktop":{"background-color":"var(--ast-global-color-4)","background-image":"","background-repeat":"repeat","background-position":"center center","background-size":"auto","background-attachment":"scroll","background-type":"","background-media":"","overlay-type":"","overlay-color":"","overlay-opacity":"","overlay-gradient":""},"tablet":{"background-color":"","background-image":"","background-repeat":"repeat","background-position":"center center","background-size":"auto","background-attachment":"scroll","background-type":"","background-media":"","overlay-type":"","overlay-color":"","overlay-opacity":"","overlay-gradient":""},"mobile":{"background-color":"","background-image":"","background-repeat":"repeat","background-position":"center center","background-size":"auto","background-attachment":"scroll","background-type":"","background-media":"","overlay-type":"","overlay-color":"","overlay-opacity":"","overlay-gradient":""}},"ast-content-background-meta":{"desktop":{"background-color":"var(--ast-global-color-5)","background-image":"","background-repeat":"repeat","background-position":"center center","background-size":"auto","background-attachment":"scroll","background-type":"","background-media":"","overlay-type":"","overlay-color":"","overlay-opacity":"","overlay-gradient":""},"tablet":{"background-color":"var(--ast-global-color-5)","background-image":"","background-repeat":"repeat","background-position":"center center","background-size":"auto","background-attachment":"scroll","background-type":"","background-media":"","overlay-type":"","overlay-color":"","overlay-opacity":"","overlay-gradient":""},"mobile":{"background-color":"var(--ast-global-color-5)","background-image":"","background-repeat":"repeat","background-position":"center center","background-size":"auto","background-attachment":"scroll","background-type":"","background-media":"","overlay-type":"","overlay-color":"","overlay-opacity":"","overlay-gradient":""}},"_joinchat":[]},"product_brand":[],"product_cat":[15,60,128,27,25,123,30,26,28],"product_tag":[66,125,126,129,101,105,120],"class_list":{"0":"post-2320","1":"product","2":"type-product","3":"status-publish","4":"has-post-thumbnail","6":"product_cat-new-vape-this-week","7":"product_cat-bang-vapes","8":"product_cat-elf-box-disposable-vapes","9":"product_cat-fance-hot-sale-vape","10":"product_cat-germany-best-selling-vape","11":"product_cat-italy-wholesale-vape","12":"product_cat-minimum-order-quantity-50pcs","13":"product_cat-netherlands-hot-sale-vape","14":"product_cat-poland-hot-sale-vape","15":"product_tag-disposable-vape","16":"product_tag-disposable-vape-italy","17":"product_tag-e-cigarettes","18":"product_tag-elf-box-vape","19":"product_tag-led-display-vape","20":"product_tag-nicotine-free-disposable-vape","21":"product_tag-vape-wholesale","22":"desktop-align-left","23":"tablet-align-left","24":"mobile-align-left","26":"first","27":"instock","28":"sale","29":"shipping-taxable","30":"purchasable","31":"product-type-simple"},"uagb_featured_image_src":{"full":["https:\/\/rmvapesale.com\/wp-content\/uploads\/2024\/10\/ELF-Box-Digital-12000-Puffs-Disposable.jpg",808,808,false],"thumbnail":["https:\/\/rmvapesale.com\/wp-content\/uploads\/2024\/10\/ELF-Box-Digital-12000-Puffs-Disposable-150x150.jpg",150,150,true],"medium":["https:\/\/rmvapesale.com\/wp-content\/uploads\/2024\/10\/ELF-Box-Digital-12000-Puffs-Disposable-300x300.jpg",300,300,true],"medium_large":["https:\/\/rmvapesale.com\/wp-content\/uploads\/2024\/10\/ELF-Box-Digital-12000-Puffs-Disposable-768x768.jpg",768,768,true],"large":["https:\/\/rmvapesale.com\/wp-content\/uploads\/2024\/10\/ELF-Box-Digital-12000-Puffs-Disposable.jpg",808,808,false],"1536x1536":["https:\/\/rmvapesale.com\/wp-content\/uploads\/2024\/10\/ELF-Box-Digital-12000-Puffs-Disposable.jpg",808,808,false],"2048x2048":["https:\/\/rmvapesale.com\/wp-content\/uploads\/2024\/10\/ELF-Box-Digital-12000-Puffs-Disposable.jpg",808,808,false],"trp-custom-language-flag":["https:\/\/rmvapesale.com\/wp-content\/uploads\/2024\/10\/ELF-Box-Digital-12000-Puffs-Disposable.jpg",12,12,false],"woocommerce_thumbnail":["https:\/\/rmvapesale.com\/wp-content\/uploads\/2024\/10\/ELF-Box-Digital-12000-Puffs-Disposable-300x300.jpg",300,300,true],"woocommerce_single":["https:\/\/rmvapesale.com\/wp-content\/uploads\/2024\/10\/ELF-Box-Digital-12000-Puffs-Disposable-600x600.jpg",600,600,true],"woocommerce_gallery_thumbnail":["https:\/\/rmvapesale.com\/wp-content\/uploads\/2024\/10\/ELF-Box-Digital-12000-Puffs-Disposable-100x100.jpg",100,100,true],"wcpr-photo-reviews":["https:\/\/rmvapesale.com\/wp-content\/uploads\/2024\/10\/ELF-Box-Digital-12000-Puffs-Disposable.jpg",500,500,false]},"uagb_author_info":{"display_name":"AMY","author_link":"https:\/\/rmvapesale.com\/hu\/author\/"},"uagb_comment_info":0,"uagb_excerpt":"ELF Box Digital 12000 Puffs 0% 2% 3% 5% Low Nicotine ELF BOX Digital Box 12000 Puffs Disposable E Cigarettes ELF Box Digital 12000 Puffs Disposable Vape Wholesale WhatsApp: +86 17776015835 &nbsp;","_links":{"self":[{"href":"https:\/\/rmvapesale.com\/hu\/wp-json\/wp\/v2\/product\/2320","targetHints":{"allow":["GET"]}}],"collection":[{"href":"https:\/\/rmvapesale.com\/hu\/wp-json\/wp\/v2\/product"}],"about":[{"href":"https:\/\/rmvapesale.com\/hu\/wp-json\/wp\/v2\/types\/product"}],"replies":[{"embeddable":true,"href":"https:\/\/rmvapesale.com\/hu\/wp-json\/wp\/v2\/comments?post=2320"}],"wp:featuredmedia":[{"embeddable":true,"href":"https:\/\/rmvapesale.com\/hu\/wp-json\/wp\/v2\/media\/2325"}],"wp:attachment":[{"href":"https:\/\/rmvapesale.com\/hu\/wp-json\/wp\/v2\/media?parent=2320"}],"wp:term":[{"taxonomy":"product_brand","embeddable":true,"href":"https:\/\/rmvapesale.com\/hu\/wp-json\/wp\/v2\/product_brand?post=2320"},{"taxonomy":"product_cat","embeddable":true,"href":"https:\/\/rmvapesale.com\/hu\/wp-json\/wp\/v2\/product_cat?post=2320"},{"taxonomy":"product_tag","embeddable":true,"href":"https:\/\/rmvapesale.com\/hu\/wp-json\/wp\/v2\/product_tag?post=2320"}],"curies":[{"name":"wp","href":"https:\/\/api.w.org\/{rel}","templated":true}]}}