{"id":2329,"date":"2024-10-10T09:22:12","date_gmt":"2024-10-10T09:22:12","guid":{"rendered":"https:\/\/rmvapesale.com\/?post_type=product&#038;p=2329"},"modified":"2024-10-22T07:41:39","modified_gmt":"2024-10-22T07:41:39","slug":"bang-box-30000-puff-double-taste-smart-screen-disposable-vape","status":"publish","type":"product","link":"https:\/\/rmvapesale.com\/hu\/product\/bang-box-30000-puff-double-taste-smart-screen-disposable-vape\/","title":{"rendered":"Bang Box 30000 Puff Dupla \u00cdz\u0171 Okos K\u00e9perny\u0151s Eldobhat\u00f3 Vape"},"content":{"rendered":"<div class=\"B2VR9 CJHX3e\">\n<div class=\"wyccme\">\n<h1 class=\"LC20lb MBeuO DKV0Md\">Bang Box 30000 Puff Dupla \u00cdz\u0171 Okos K\u00e9perny\u0151s Eldobhat\u00f3 Vape Nagykereskedelem<\/h1>\n<div class=\"flex-shrink-0 flex flex-col relative items-end\">\n<div>\n<div class=\"pt-0\">\n<div class=\"gizmo-bot-avatar flex h-8 w-8 items-center justify-center overflow-hidden rounded-full\">\n<div class=\"relative p-1 rounded-sm flex items-center justify-center bg-token-main-surface-primary text-token-text-primary h-8 w-8\">\n<p>A v\u00e9gs\u0151, hatalmas kapacit\u00e1s\u00fa vape-et keresed? A <strong>Bang Box 30000 Puff Dupla \u00cdz\u0171 Okos K\u00e9perny\u0151s Eldobhat\u00f3 Vape<\/strong> minden ig\u00e9nyt kiel\u00e9g\u00edt! A leny\u0171g\u00f6z\u0151 30 000 slukkj\u00e1val ez az eszk\u00f6z biztos\u00edtja, hogy napokig fogsz g\u0151z\u00f6lni \u2013 sz\u00f3 szerint.<\/p>\n<p>A <strong>36 ml e-liquid<\/strong> \u00e9s egy <strong>550mAh-s \u00fajrat\u00f6lthet\u0151 akkumul\u00e1tor<\/strong>hajtja, a Bang Boxot a hosszan tart\u00f3 teljes\u00edtm\u00e9nyre tervezt\u00e9k. Rendelkezik egy <strong>h\u00e1l\u00f3s tekercs<\/strong>ami minden slukkn\u00e1l sima \u00e9s gazdag \u00edzt biztos\u00edt. Az <strong>LCD digit\u00e1lis kijelz\u0151<\/strong> folyamatosan t\u00e1j\u00e9koztat, egy pillant\u00e1ssal megmutatja az akkumul\u00e1tor \u00e9lettartam\u00e1t \u00e9s az e-liquid szintj\u00e9t, \u00edgy nincsenek meglepet\u00e9sek!<\/p>\n<p>A <strong>nikotinmentes<\/strong> lehet\u0151s\u00e9gek, mint p\u00e9ld\u00e1ul a 0%, <strong>Alacsony nikotin tartalm\u00fa <\/strong>lehet\u0151s\u00e9gek, mint p\u00e9ld\u00e1ul a 2%, \u00e9s m\u00e1s nikotin tartalm\u00faak, mint p\u00e9ld\u00e1ul a 3% \u00e9s az 5%, kiv\u00e1laszthatod a st\u00edlusodnak megfelel\u0151 er\u0151ss\u00e9get. \u00c9s ne feledkezz\u00fcnk meg az izgalmas <strong>Dupla \u00cdz funkci\u00f3<\/strong>\u2014k\u00e9tszer annyi \u00edzt k\u00edn\u00e1l egyetlen eszk\u00f6zben a verhetetlen \u00e9lm\u00e9ny\u00e9rt!<\/p>\n<p>K\u00f6nnyen felt\u00f6ltheted a <strong>Type-C<\/strong> porton kereszt\u00fcl, \u00e9s m\u00e1ris \u00fajra haszn\u00e1latra k\u00e9sz. A <strong>Bang Box 30000 Puff<\/strong> t\u00f6k\u00e9letes a nagykereskedelmi v\u00e1s\u00e1rl\u00f3k sz\u00e1m\u00e1ra, akik valami er\u0151teljeset \u00e9s \u00edzekkel teli term\u00e9ket szeretn\u00e9nek k\u00edn\u00e1lni \u00fcgyfeleiknek.<\/p>\n<p>T\u00f6ltsd fel a k\u00e9szleteidet most, \u00e9s \u00e9lvezd a <strong>Bang Box 30000 Puff Dupla \u00cdz\u0171 Okos K\u00e9perny\u0151s Eldobhat\u00f3 Vape Nagykereskedelem<\/strong>!<\/p>\n<p>&nbsp;<\/p>\n<\/div>\n<\/div>\n<\/div>\n<\/div>\n<\/div>\n<\/div>\n<\/div>\n<p><strong>L\u00e9pjen kapcsolatba Amyvel a pontos v\u00e1laszok\u00e9rt \u00e9s tov\u00e1bbi term\u00e9kvide\u00f3k\u00e9rt!<\/strong><\/p>\n<p><img loading=\"lazy\" decoding=\"async\" class=\"size-full wp-image-1978\" src=\"https:\/\/rmvapesale.com\/wp-content\/uploads\/2024\/09\/Disposable-Vape-Wholesale.jpg\" alt=\"Eldobhat\u00f3 Vape Nagykereskedelem\" width=\"229\" height=\"300\" \/><\/p>\n<h3><a href=\"https:\/\/wa.me\/8617776015835\" target=\"_blank\" rel=\"noopener\"><span style=\"color: #ff0000\"><strong>WhatsApp: +86 17776015835<\/strong><\/span><\/a><\/h3>\n<p>&nbsp;<\/p>\n<h2><\/h2>\n<h2><strong>Bang Box 30000 Puff Dupla \u00cdz\u0171 Vape f\u0151bb jellemz\u0151it<\/strong><\/h2>\n<p>&nbsp;<\/p>\n<ul>\n<li><strong>Magas Puffsz\u00e1m<\/strong>: \u00c9lvezd ak\u00e1r 30 000 puffot, \u00edgy t\u00f6k\u00e9letes a napi haszn\u00e1latra an\u00e9lk\u00fcl, hogy \u00e1lland\u00f3an cser\u00e9lni kellene.<\/li>\n<li><strong>Nagy E-Liquid Kapacit\u00e1s<\/strong>: A 35 ml-es tart\u00e1lynak k\u00f6sz\u00f6nhet\u0151en ez a vape minimaliz\u00e1lja a gyakori ut\u00e1nt\u00f6lt\u00e9s sz\u00fcks\u00e9gess\u00e9g\u00e9t, hosszabb haszn\u00e1latot k\u00edn\u00e1lva.<\/li>\n<li><strong>\u00dajrat\u00f6lthet\u0151 Akkumul\u00e1tor<\/strong>: A 850mAh-s akkumul\u00e1torral felszerelve hossz\u00fa t\u00e1v\u00fa teljes\u00edtm\u00e9nyt \u00e9s egyszer\u0171 \u00fajrat\u00f6lt\u00e9st biztos\u00edt.<\/li>\n<li><strong>Type-C T\u00f6lt\u00e9s<\/strong>: T\u00f6ltsd fel gyorsan \u00e9s k\u00e9nyelmesen a modern Type-C csatlakoz\u00f3 seg\u00edts\u00e9g\u00e9vel.<\/li>\n<li><strong>Dupla H\u00e1l\u00f3s Tekercs Technol\u00f3gia<\/strong>: Tapasztald meg a fokozott \u00edzt \u00e9s a gazdag g\u0151ztermel\u00e9st a kiel\u00e9g\u00edt\u0151bb vape \u00e9rdek\u00e9ben.<\/li>\n<li><strong>Okos Kijelz\u0151<\/strong>: Legyen t\u00e1j\u00e9kozott a digit\u00e1lis okos k\u00e9perny\u0151vel, amely mutatja az akkumul\u00e1tor \u00e9lettartam\u00e1t \u00e9s az e-liquid szintj\u00e9t.<\/li>\n<li><strong>\u00c1ll\u00edthat\u00f3 l\u00e9g\u00e1raml\u00e1s<\/strong>: Finomhangolja a sz\u00edv\u00e1st a dupla m\u00e9hsejt l\u00e9g\u00e1raml\u00e1s-szab\u00e1lyoz\u00e1ssal a szem\u00e9lyre szabott vaping \u00e9lm\u00e9ny\u00e9rt.<\/li>\n<li><strong>Nikotin opci\u00f3k<\/strong>: El\u00e9rhet\u0151 0%, 2%, 3% \u00e9s 5% nikotinszinteken, a k\u00fcl\u00f6nb\u00f6z\u0151 preferenci\u00e1khoz igazodva.<\/li>\n<\/ul>\n<h2><\/h2>\n<h2><strong>A Bang Box 30000 Puff E Cigarett\u00e1k legjobb \u00edze\u00a0<\/strong><\/h2>\n<p>A Bang Box 30000 Puff Double Taste Smart Screen eldobhat\u00f3 vape 12 \u00edzletes \u00edzt k\u00edn\u00e1l, v\u00e1lasszon a k\u00fcl\u00f6nf\u00e9le \u00edzek k\u00f6z\u00fcl, bele\u00e9rtve a klasszikus friss\u00edt\u0151 h\u0171s ment\u00e1t \u00e9s a sz\u0151l\u0151 egzotikus \u00e9dess\u00e9g\u00e9t, amelyek mindegyike gazdag, kiel\u00e9g\u00edt\u0151 utaz\u00e1st \u00edg\u00e9r minden egyes slukkban.<\/p>\n<p>1. Eper Kiwi<br \/>\n2. Fekete robban\u00e1s <span style=\"color: #ff0000\"><strong>&gt;&gt;&gt;&gt; Forr\u00f3!<\/strong><\/span><br \/>\n3. Eper g\u00f6r\u00f6gdinnye<br \/>\n4. Dzsungel Juice<br \/>\n5. \u00c1fonya Savany\u00fa M\u00e1lna J\u00e9g <span style=\"color: #ff0000\"><strong>&gt;&gt;&gt;&gt; Forr\u00f3!<\/strong><\/span><br \/>\n6. G\u00f6r\u00f6gdinnye J\u00e9g<br \/>\n7. \u00c1fonya J\u00e9g<br \/>\n8. \u00c1fonya Gr\u00e1n\u00e1talma<br \/>\n9. K\u00e9k Robban\u00e1s <span style=\"color: #ff0000\"><strong>&gt;&gt;&gt;&gt; A legjobb!<\/strong><\/span><br \/>\n10. Alma \u0150szibarack<br \/>\n11. Maracuja<br \/>\n12. Dupla Sz\u0151l\u0151<\/p>\n<figure id=\"attachment_2316\" aria-describedby=\"caption-attachment-2316\" style=\"width: 487px\" class=\"wp-caption alignnone\"><img loading=\"lazy\" decoding=\"async\" class=\"wp-image-2316 size-full\" src=\"https:\/\/rmvapesale.com\/wp-content\/uploads\/2024\/10\/Bang-Box-30k-Puffs-Factory-Price-New-Vape-This-Week.jpg\" alt=\"Bang Box 30k Puffs Gy\u00e1ri \u00c1r \u00daj Vape Ezen a H\u00e9ten\" width=\"487\" height=\"800\" srcset=\"https:\/\/rmvapesale.com\/wp-content\/uploads\/2024\/10\/Bang-Box-30k-Puffs-Factory-Price-New-Vape-This-Week.jpg 487w, https:\/\/rmvapesale.com\/wp-content\/uploads\/2024\/10\/Bang-Box-30k-Puffs-Factory-Price-New-Vape-This-Week-183x300.jpg 183w\" sizes=\"auto, (max-width: 487px) 100vw, 487px\" \/><figcaption id=\"caption-attachment-2316\" class=\"wp-caption-text\">Bang Box 30k Puffs Gy\u00e1ri \u00c1r \u00daj Vape Ezen a H\u00e9ten<\/figcaption><\/figure>\n<h3>Mi\u00e9rt v\u00e1lassza az Rmvapesale-t a Bang Box 30000 Puffs t\u00f6meges v\u00e1s\u00e1rl\u00e1s\u00e1hoz?<\/h3>\n<div class=\"flex-shrink-0 flex flex-col relative items-end\">\n<div>\n<div class=\"pt-0\">\n<div class=\"gizmo-bot-avatar flex h-8 w-8 items-center justify-center overflow-hidden rounded-full\">\n<div class=\"relative p-1 rounded-sm flex items-center justify-center bg-token-main-surface-primary text-token-text-primary h-8 w-8\">\n<p>&nbsp;<\/p>\n<p>Ha az Rmvapesale-t v\u00e1lasztja az eldobhat\u00f3 vape-ek nagykereskedelm\u00e9hez, a k\u00f6vetkez\u0151 el\u0151ny\u00f6kben r\u00e9szes\u00fcl:<\/p>\n<ul>\n<li><strong>Versenyk\u00e9pes \u00e1rak<\/strong>: Hozz\u00e1f\u00e9rhet vonz\u00f3 nagykereskedelmi \u00e1rakhoz, amelyek n\u00f6velik az \u00fczleti marzsokat.<\/li>\n<li><strong>Magas min\u0151s\u00e9g<\/strong>: Vape-jeink a legmagasabb sz\u00ednvonalon k\u00e9sz\u00fclnek, \u00e9s <span style=\"color: #ff0000\"><strong>garant\u00e1ltan 100% eredetiek \u00e9s hitelesek, hamis \u00e1ru eset\u00e9n 10-szeres k\u00e1rt\u00e9r\u00edt\u00e9st biztos\u00edtunk!<\/strong><\/span><\/li>\n<li><strong>Kiv\u00e1l\u00f3 \u00dcgyf\u00e9lszolg\u00e1lat<\/strong>: Elk\u00f6telezett csapatunk mindig k\u00e9szen \u00e1ll, hogy seg\u00edtsen \u00d6nnek, z\u00f6kken\u0151mentess\u00e9 \u00e9s probl\u00e9mamentess\u00e9 t\u00e9ve a v\u00e1s\u00e1rl\u00e1si folyamatot.<\/li>\n<li><strong>Gyors Sz\u00e1ll\u00edt\u00e1s<\/strong>: Sz\u00e1m\u00edtson gyors \u00e9s megb\u00edzhat\u00f3 sz\u00e1ll\u00edt\u00e1sra, ami biztos\u00edtja, hogy rendel\u00e9sei mindig id\u0151ben meg\u00e9rkezzenek.<\/li>\n<\/ul>\n<h3><\/h3>\n<h3><b>GYIK<\/b><\/h3>\n<p>&nbsp;<\/p>\n<\/div>\n<\/div>\n<\/div>\n<\/div>\n<\/div>\n<div class=\"group\/conversation-turn relative flex w-full min-w-0 flex-col agent-turn\">\n<div class=\"flex-col gap-1 md:gap-3\">\n<div class=\"flex max-w-full flex-col flex-grow\">\n<div class=\"min-h-8 text-message flex w-full flex-col items-end gap-2 whitespace-normal break-words [.text-message+&amp;]:mt-5\" dir=\"auto\" data-message-author-role=\"assistant\" data-message-id=\"f226d3fc-81f3-46d5-8c46-31787fff0357\">\n<div class=\"flex w-full flex-col gap-1 empty:hidden first:pt-[3px]\">\n<div class=\"markdown prose w-full break-words dark:prose-invert light\">\n<p><strong>1. k\u00e9rd\u00e9s: Mit\u0151l k\u00fcl\u00f6nleges a Bang Box 30000 Puff Double Taste eldobhat\u00f3 vape?<\/strong><br \/>\nV1: A <strong>Bang Box 30000 Puff Double Taste eldobhat\u00f3 vape<\/strong> ak\u00e1r 30 000 sz\u00edv\u00e1st k\u00edn\u00e1l, \u00e9s <strong>dupla \u00edz technol\u00f3gi\u00e1val<\/strong>rendelkezik, amely lehet\u0151v\u00e9 teszi, hogy egy eszk\u00f6z\u00f6n bel\u00fcl v\u00e1ltson a k\u00e9t \u00edz k\u00f6z\u00f6tt. Emellett intelligens LED kijelz\u0151vel is rendelkezik, amely mutatja az akkumul\u00e1tor \u00e9s az e-liquid szintj\u00e9t, k\u00e9nyelmes \u00e9s tov\u00e1bbfejlesztett vaping \u00e9lm\u00e9nyt ny\u00fajtva.<\/p>\n<p><strong>2. k\u00e9rd\u00e9s: Milyen \u00edzek \u00e1llnak rendelkez\u00e9sre a Bang Box 30000 Puff Double Flavor eldobhat\u00f3 vape-hez?<\/strong><br \/>\nV2: 12 finom \u00edz k\u00f6z\u00fcl v\u00e1laszthat, bele\u00e9rtve a <strong>Eper Kiwi<\/strong>, <strong>Fekete Robban\u00e1s<\/strong>, <strong>Dinnye j\u00e9g<\/strong>, <strong>\u00c1fonya Gr\u00e1n\u00e1talma<\/strong>, \u00e9s <strong>Dupla Sz\u0151l\u0151<\/strong>. Ak\u00e1r gy\u00fcm\u00f6lcs\u00f6s, ak\u00e1r jeges \u00edzeket kedvel, mindenki tal\u00e1l valamit!<\/p>\n<p><strong>3. k\u00e9rd\u00e9s: Hogyan m\u0171k\u00f6dik az okos kijelz\u0151 a Bang Box 30000 Puffs Dupla \u00cdz\u0171 Okos Vape-en?<\/strong><br \/>\nV3: A <strong>LED kijelz\u0151<\/strong> fontos r\u00e9szleteket mutat, mint p\u00e9ld\u00e1ul az akkumul\u00e1tor \u00e9lettartama \u00e9s az e-liquid szintje, \u00edgy k\u00f6nnyen nyomon k\u00f6vethet\u0151 a k\u00e9sz\u00fcl\u00e9k \u00e1llapota.<\/p>\n<p><strong>4. k\u00e9rd\u00e9s: Mekkora az e-liquid kapacit\u00e1sa a Bang 30000 Puffs Dupla \u00cdz\u0171 Eldobhat\u00f3 Vape-nek?<\/strong><br \/>\nV4: Ennek a vape-nek nagylelk\u0171 <strong>35 ml e-liquid kapacit\u00e1sa van<\/strong>, biztos\u00edtva a hosszan tart\u00f3 haszn\u00e1latot an\u00e9lk\u00fcl, hogy gyakran kellene \u00fajrat\u00f6lteni.<\/p>\n<p><strong>5. k\u00e9rd\u00e9s: Milyen nikotin opci\u00f3k \u00e1llnak rendelkez\u00e9sre a Bang Box 30000 Puffs Dupla \u00cdz\u0171 Okos Vape-hez?<\/strong><br \/>\nV5: V\u00e1laszthat <strong>0%, 2%, 3% \u00e9s 5% nikotin er\u0151ss\u00e9g k\u00f6z\u00f6tt<\/strong>, \u00edgy rugalmasan v\u00e1laszthat az \u00d6n preferenci\u00e1j\u00e1t\u00f3l f\u00fcgg\u0151en.<\/p>\n<p><strong>6. k\u00e9rd\u00e9s: A Bang Box 30000 Puffs Dupla \u00cdz\u0171 Okos Vape \u00fajrat\u00f6lthet\u0151?<\/strong><br \/>\nV6: Igen, a k\u00e9sz\u00fcl\u00e9k fel van szerelve egy <strong>Type-C t\u00f6lt\u0151port<\/strong> \u00e9s egy <strong>850 mAh-s akkumul\u00e1torral<\/strong>porttal, \u00edgy gyorsan \u00e9s egyszer\u0171en \u00fajrat\u00f6lthet\u0151.<\/p>\n<p><strong>7. k\u00e9rd\u00e9s: Megv\u00e1s\u00e1rolhatom a Bang 30000 Puffs Dupla \u00cdz\u0171 Okos Vape-et \u00f6mlesztve?<\/strong><br \/>\nV7: Igen, <strong>Bang 30000 Puffs Dupla \u00cdz\u0171 Okos Vape Nagykereskedelem<\/strong> lehet\u0151s\u00e9gek \u00e1llnak rendelkez\u00e9sre a kiskeresked\u0151k sz\u00e1m\u00e1ra, akik szeretn\u00e9nek felt\u00f6lteni ezt a n\u00e9pszer\u0171 eszk\u00f6zt.<\/p>\n<\/div>\n<\/div>\n<\/div>\n<\/div>\n<\/div>\n<\/div>\n<p>&nbsp;<\/p>\n<h3><\/h3>\n<h3>A Sz\u00e1ll\u00edt\u00e1sr\u00f3l<\/h3>\n<div class=\"flex-shrink-0 flex flex-col relative items-end\">\n<div>\n<div class=\"pt-0\">\n<div class=\"gizmo-bot-avatar flex h-8 w-8 items-center justify-center overflow-hidden rounded-full\">\n<div><\/div>\n<div class=\"relative p-1 rounded-sm flex items-center justify-center bg-token-main-surface-primary text-token-text-primary h-8 w-8\"><strong>1. Milyen sz\u00e1ll\u00edt\u00e1si m\u00f3dokat haszn\u00e1lnak?<\/strong><\/div>\n<\/div>\n<\/div>\n<\/div>\n<\/div>\n<div class=\"group\/conversation-turn relative flex w-full min-w-0 flex-col agent-turn\">\n<div class=\"flex-col gap-1 md:gap-3\">\n<div class=\"flex max-w-full flex-col flex-grow\">\n<div class=\"min-h-[20px] text-message flex w-full flex-col items-end gap-2 whitespace-normal break-words [.text-message+&amp;]:mt-5 overflow-x-auto\" dir=\"auto\" data-message-author-role=\"assistant\" data-message-id=\"22f8283b-3233-46ff-89a5-c7a41b33abda\">\n<div class=\"flex w-full flex-col gap-1 empty:hidden first:pt-[3px]\">\n<div class=\"markdown prose w-full break-words dark:prose-invert light\">\n<p>Partnerei vagyunk a UPS, DHL, FedEx, DPD \u00e9s m\u00e1s vezet\u0151 fuvaroz\u00f3knak. A legjobb sz\u00e1ll\u00edt\u00e1si m\u00f3dot fogjuk kiv\u00e1lasztani a sz\u00e1ll\u00edt\u00e1si helysz\u00edne alapj\u00e1n, hogy a lehet\u0151 leggyorsabban megkapja a term\u00e9keit.<\/p>\n<\/div>\n<p><strong>2. Mennyi id\u0151 alatt \u00e9rkezik meg?<\/strong><\/p>\n<p>A csomagok \u00e1ltal\u00e1ban 10 munkanapon bel\u00fcl meg\u00e9rkeznek Magyarorsz\u00e1gra. Az eur\u00f3pai orsz\u00e1gokba t\u00f6rt\u00e9n\u0151 sz\u00e1ll\u00edt\u00e1s \u00e1ltal\u00e1ban 12-15 munkanapot vesz ig\u00e9nybe. Folyamatosan t\u00e1j\u00e9koztatjuk a sz\u00e1ll\u00edt\u00e1si st\u00e1tuszr\u00f3l.<\/p>\n<\/div>\n<\/div>\n<\/div>\n<\/div>\n<\/div>\n<p>&nbsp;<\/p>\n<p>Tov\u00e1bbi n\u00e9pszer\u0171 vape term\u00e9kek, amik tetszhetnek:<\/p>\n<p><a href=\"https:\/\/rmvapesale.com\/hu\/product\/aivono-aim-magic-20000-20k-puffs-disposable-vape-pod\/\"><strong>Aivono Aim Magic 20000 Puffs\u00a0 \u00a0<span style=\"color: #ff0000\">&gt;&gt;&gt;&gt; ide!<\/span><\/strong><\/a><\/p>\n<p><strong><a href=\"https:\/\/rmvapesale.com\/hu\/product\/waspe-fihp-30000-puffs-led-display-disposable-vape-box\/\">WASPE FIHP 30000 Puffs <span style=\"color: #ff0000\">&gt;&gt;&gt;&gt; ide!<\/span><\/a>\u00a0<\/strong><\/p>\n<p><a href=\"https:\/\/rmvapesale.com\/hu\/product\/bang-box-30000-puff-smart-screen-disposable-vape-wholesale\/\"><strong>Bang Box 30000 Puffs Okos K\u00e9perny\u0151s Puffs <span style=\"color: #ff0000\">&gt;&gt;&gt;&gt; ide!<\/span><\/strong><\/a><\/p>\n<p>&nbsp;<\/p>\n<p>&nbsp;<\/p>\n<p>Tal\u00e1lja meg a tov\u00e1bbi vape term\u00e9keket, amelyek tetszhetnek \u00d6nnek:<strong><em><a href=\"https:\/\/rmvapesale.com\/hu\/shop-2\/\">V\u00e1s\u00e1roljon most &gt;&gt;&gt;<\/a><\/em><\/strong><\/p>","protected":false},"excerpt":{"rendered":"<p>Bang Box 30000 Puffs Okos K\u00e9perny\u0151s Eldobhat\u00f3 E Cigaretta<br \/>\nBang Vape Box 30000 Puffs Dupla \u00cdz\u0171 Eldobhat\u00f3 Vape Nagykereskedelem<br \/>\nBang Box 30000 Puffs 0% 2% 3% 5% Nikotinmentes Eldobhat\u00f3 Vape<\/p>\n<p><img loading=\"lazy\" decoding=\"async\" class=\"size-full wp-image-1978\" src=\"https:\/\/rmvapesale.com\/wp-content\/uploads\/2024\/09\/Disposable-Vape-Wholesale.jpg\" alt=\"Eldobhat\u00f3 Vape Nagykereskedelem\" width=\"229\" height=\"300\" \/><\/p>\n<h3><a href=\"https:\/\/wa.me\/8617776015835\"><span style=\"color: #ff0000\"><strong>WhatsApp: +86 17776015835<\/strong><\/span><\/a><\/h3>\n<p>&nbsp;<\/p>","protected":false},"featured_media":2315,"comment_status":"open","ping_status":"closed","template":"","meta":{"_uag_custom_page_level_css":"","_lmt_disableupdate":"no","_lmt_disable":"","site-sidebar-layout":"default","site-content-layout":"content-boxed-container","ast-site-content-layout":"normal-width-container","site-content-style":"boxed","site-sidebar-style":"unboxed","ast-global-header-display":"","ast-banner-title-visibility":"","ast-main-header-display":"","ast-hfb-above-header-display":"","ast-hfb-below-header-display":"","ast-hfb-mobile-header-display":"","site-post-title":"","ast-breadcrumbs-content":"","ast-featured-img":"","footer-sml-layout":"","theme-transparent-header-meta":"default","adv-header-id-meta":"","stick-header-meta":"","header-above-stick-meta":"","header-main-stick-meta":"","header-below-stick-meta":"","astra-migrate-meta-layouts":"set","ast-page-background-enabled":"default","ast-page-background-meta":{"desktop":{"background-color":"var(--ast-global-color-4)","background-image":"","background-repeat":"repeat","background-position":"center center","background-size":"auto","background-attachment":"scroll","background-type":"","background-media":"","overlay-type":"","overlay-color":"","overlay-opacity":"","overlay-gradient":""},"tablet":{"background-color":"","background-image":"","background-repeat":"repeat","background-position":"center center","background-size":"auto","background-attachment":"scroll","background-type":"","background-media":"","overlay-type":"","overlay-color":"","overlay-opacity":"","overlay-gradient":""},"mobile":{"background-color":"","background-image":"","background-repeat":"repeat","background-position":"center center","background-size":"auto","background-attachment":"scroll","background-type":"","background-media":"","overlay-type":"","overlay-color":"","overlay-opacity":"","overlay-gradient":""}},"ast-content-background-meta":{"desktop":{"background-color":"var(--ast-global-color-5)","background-image":"","background-repeat":"repeat","background-position":"center center","background-size":"auto","background-attachment":"scroll","background-type":"","background-media":"","overlay-type":"","overlay-color":"","overlay-opacity":"","overlay-gradient":""},"tablet":{"background-color":"var(--ast-global-color-5)","background-image":"","background-repeat":"repeat","background-position":"center center","background-size":"auto","background-attachment":"scroll","background-type":"","background-media":"","overlay-type":"","overlay-color":"","overlay-opacity":"","overlay-gradient":""},"mobile":{"background-color":"var(--ast-global-color-5)","background-image":"","background-repeat":"repeat","background-position":"center center","background-size":"auto","background-attachment":"scroll","background-type":"","background-media":"","overlay-type":"","overlay-color":"","overlay-opacity":"","overlay-gradient":""}},"_joinchat":[]},"product_brand":[],"product_cat":[15,25,123,26,28,135,27,60,137,136,30],"product_tag":[63,66,125,126,101,105,127,120],"class_list":{"0":"post-2329","1":"product","2":"type-product","3":"status-publish","4":"has-post-thumbnail","6":"product_cat-new-vape-this-week","7":"product_cat-germany-best-selling-vape","8":"product_cat-italy-wholesale-vape","9":"product_cat-netherlands-hot-sale-vape","10":"product_cat-poland-hot-sale-vape","11":"product_cat-spain-best-hot-sale-vape","12":"product_cat-fance-hot-sale-vape","13":"product_cat-bang-vapes","14":"product_cat-rechargeable-vapes","15":"product_cat-smart-screen-vapes","16":"product_cat-minimum-order-quantity-50pcs","17":"product_tag-bang-vapes","18":"product_tag-disposable-vape","19":"product_tag-disposable-vape-italy","20":"product_tag-e-cigarettes","21":"product_tag-led-display-vape","22":"product_tag-nicotine-free-disposable-vape","23":"product_tag-puff-30k","24":"product_tag-vape-wholesale","25":"desktop-align-left","26":"tablet-align-left","27":"mobile-align-left","29":"first","30":"instock","31":"sale","32":"shipping-taxable","33":"purchasable","34":"product-type-simple"},"uagb_featured_image_src":{"full":["https:\/\/rmvapesale.com\/wp-content\/uploads\/2024\/10\/Bang-Box-30k-Puffs-Discount-Price-Fashion-Vape.jpg",800,800,false],"thumbnail":["https:\/\/rmvapesale.com\/wp-content\/uploads\/2024\/10\/Bang-Box-30k-Puffs-Discount-Price-Fashion-Vape-150x150.jpg",150,150,true],"medium":["https:\/\/rmvapesale.com\/wp-content\/uploads\/2024\/10\/Bang-Box-30k-Puffs-Discount-Price-Fashion-Vape-300x300.jpg",300,300,true],"medium_large":["https:\/\/rmvapesale.com\/wp-content\/uploads\/2024\/10\/Bang-Box-30k-Puffs-Discount-Price-Fashion-Vape-768x768.jpg",768,768,true],"large":["https:\/\/rmvapesale.com\/wp-content\/uploads\/2024\/10\/Bang-Box-30k-Puffs-Discount-Price-Fashion-Vape.jpg",800,800,false],"1536x1536":["https:\/\/rmvapesale.com\/wp-content\/uploads\/2024\/10\/Bang-Box-30k-Puffs-Discount-Price-Fashion-Vape.jpg",800,800,false],"2048x2048":["https:\/\/rmvapesale.com\/wp-content\/uploads\/2024\/10\/Bang-Box-30k-Puffs-Discount-Price-Fashion-Vape.jpg",800,800,false],"trp-custom-language-flag":["https:\/\/rmvapesale.com\/wp-content\/uploads\/2024\/10\/Bang-Box-30k-Puffs-Discount-Price-Fashion-Vape.jpg",12,12,false],"woocommerce_thumbnail":["https:\/\/rmvapesale.com\/wp-content\/uploads\/2024\/10\/Bang-Box-30k-Puffs-Discount-Price-Fashion-Vape-300x300.jpg",300,300,true],"woocommerce_single":["https:\/\/rmvapesale.com\/wp-content\/uploads\/2024\/10\/Bang-Box-30k-Puffs-Discount-Price-Fashion-Vape-600x600.jpg",600,600,true],"woocommerce_gallery_thumbnail":["https:\/\/rmvapesale.com\/wp-content\/uploads\/2024\/10\/Bang-Box-30k-Puffs-Discount-Price-Fashion-Vape-100x100.jpg",100,100,true],"wcpr-photo-reviews":["https:\/\/rmvapesale.com\/wp-content\/uploads\/2024\/10\/Bang-Box-30k-Puffs-Discount-Price-Fashion-Vape.jpg",500,500,false]},"uagb_author_info":{"display_name":"AMY","author_link":"https:\/\/rmvapesale.com\/hu\/author\/"},"uagb_comment_info":0,"uagb_excerpt":"Bang Box 30000 Puffs Smart Screen Disposable E Cigarettes Bang Vape Box 30000 Puffs Duble Taste Disposable Vape Wholesale Bang Box 30000 Puffs 0% 2% 3% 5% Free Nicotine Disposable Vape WhatsApp: +86 17776015835 &nbsp;","_links":{"self":[{"href":"https:\/\/rmvapesale.com\/hu\/wp-json\/wp\/v2\/product\/2329","targetHints":{"allow":["GET"]}}],"collection":[{"href":"https:\/\/rmvapesale.com\/hu\/wp-json\/wp\/v2\/product"}],"about":[{"href":"https:\/\/rmvapesale.com\/hu\/wp-json\/wp\/v2\/types\/product"}],"replies":[{"embeddable":true,"href":"https:\/\/rmvapesale.com\/hu\/wp-json\/wp\/v2\/comments?post=2329"}],"wp:featuredmedia":[{"embeddable":true,"href":"https:\/\/rmvapesale.com\/hu\/wp-json\/wp\/v2\/media\/2315"}],"wp:attachment":[{"href":"https:\/\/rmvapesale.com\/hu\/wp-json\/wp\/v2\/media?parent=2329"}],"wp:term":[{"taxonomy":"product_brand","embeddable":true,"href":"https:\/\/rmvapesale.com\/hu\/wp-json\/wp\/v2\/product_brand?post=2329"},{"taxonomy":"product_cat","embeddable":true,"href":"https:\/\/rmvapesale.com\/hu\/wp-json\/wp\/v2\/product_cat?post=2329"},{"taxonomy":"product_tag","embeddable":true,"href":"https:\/\/rmvapesale.com\/hu\/wp-json\/wp\/v2\/product_tag?post=2329"}],"curies":[{"name":"wp","href":"https:\/\/api.w.org\/{rel}","templated":true}]}}