{"id":2336,"date":"2024-10-11T01:37:04","date_gmt":"2024-10-11T01:37:04","guid":{"rendered":"https:\/\/rmvapesale.com\/?post_type=product&#038;p=2336"},"modified":"2024-10-11T02:17:52","modified_gmt":"2024-10-11T02:17:52","slug":"elf-box-rgb-14000-puffs-low-nicotine-disposable-vape","status":"publish","type":"product","link":"https:\/\/rmvapesale.com\/hu\/product\/elf-box-rgb-14000-puffs-low-nicotine-disposable-vape\/","title":{"rendered":"ELF BOX RGB 14000 Puffs Alacsony Nikotintartalm\u00fa Eldobhat\u00f3 Vape"},"content":{"rendered":"<div class=\"B2VR9 CJHX3e\">\n<div class=\"wyccme\">\n<h1 class=\"LC20lb MBeuO DKV0Md\">ELF BOX RGB 14000 Pro Puffs Alacsony Nikotintartalm\u00fa Eldobhat\u00f3 Vape<\/h1>\n<div class=\"flex-shrink-0 flex flex-col relative items-end\">\n<div class=\"pt-0\">\n<div class=\"gizmo-bot-avatar flex h-8 w-8 items-center justify-center overflow-hidden rounded-full\">\n<div class=\"relative p-1 rounded-sm flex items-center justify-center bg-token-main-surface-primary text-token-text-primary h-8 w-8\">\n<p>Olyan vape-et keres, amely \u00f6tv\u00f6zi a st\u00edlust, az er\u0151t \u00e9s az \u00edzt? Az ELF BOX RGB 14000 pro Puffs Alacsony Nikotintartalm\u00fa Eldobhat\u00f3 Vape mindent tartalmaz! A leny\u0171g\u00f6z\u0151 14 000 slukkj\u00e1val ez az eszk\u00f6z t\u00f6k\u00e9letes azoknak a vapereknek, akik hosszan tart\u00f3 el\u00e9gedetts\u00e9gre v\u00e1gynak \u00e1lland\u00f3 csere n\u00e9lk\u00fcl.<\/p>\n<p>Az 1,0 ohmos mesh tekerccsel \u00e9s a b\u0151s\u00e9ges, 25 ml-es e-liquid kapacit\u00e1ssal felszerelt ELF BOX minden alkalommal sima, \u00edzletes slukkokat biztos\u00edt. V\u00e1lasszon nikotinmentes, alacsony nikotintartalm\u00fa, 3%-os vagy 5%-os opci\u00f3k k\u00f6z\u00fcl, \u00edgy ide\u00e1lis azok sz\u00e1m\u00e1ra, akik cs\u00f6kkenteni szeretn\u00e9k a nikotinfogyaszt\u00e1sukat, vagy er\u0151sebb slukkot szeretn\u00e9nek \u00e9lvezni.<\/p>\n<p>A 600 mAh-s \u00fajrat\u00f6lthet\u0151 akkumul\u00e1tor \u00e9s a Type-C t\u00f6lt\u00e9s gondoskodik arr\u00f3l, hogy a vape mindig haszn\u00e1latra k\u00e9sz legyen, \u00e9s ez a LED kijelz\u0151s vape folyamatosan t\u00e1j\u00e9koztat az akkumul\u00e1tor \u00e9s az e-liquid szintj\u00e9r\u0151l. R\u00e1ad\u00e1sul a men\u0151 RGB vil\u00e1g\u00edt\u00e1ssal \u00e9s a praktikus nyakp\u00e1nttal az ELF BOX RGB14000 nem csak egy vape \u2013 hanem egy st\u00edlusos kieg\u00e9sz\u00edt\u0151!<\/p>\n<p>K\u00e9sz\u00fclj\u00f6n fel arra, hogy feldobja a vape \u00e9lm\u00e9ny\u00e9t az ELF BOX RGB 14000 Puffs Alacsony Nikotintartalm\u00fa Eldobhat\u00f3 Vape-vel \u2013 a teljes\u00edtm\u00e9ny \u00e9s a st\u00edlus t\u00f6k\u00e9letes kever\u00e9k\u00e9vel! T\u00f6k\u00e9letes azok sz\u00e1m\u00e1ra, akik nagy t\u00e9telben szeretn\u00e9nek v\u00e1s\u00e1rolni, \u00e9s bet\u00e1razni a legmen\u0151bb vaping eszk\u00f6zt.<\/p>\n<p>&nbsp;<\/p>\n<\/div>\n<\/div>\n<\/div>\n<\/div>\n<\/div>\n<\/div>\n<p><strong>L\u00e9pjen kapcsolatba Amyvel a pontos v\u00e1laszok\u00e9rt \u00e9s tov\u00e1bbi term\u00e9kvide\u00f3k\u00e9rt!<\/strong><\/p>\n<p><img loading=\"lazy\" decoding=\"async\" class=\"size-full wp-image-1978\" src=\"https:\/\/rmvapesale.com\/wp-content\/uploads\/2024\/09\/Disposable-Vape-Wholesale.jpg\" alt=\"Eldobhat\u00f3 Vape Nagykereskedelem\" width=\"229\" height=\"300\" \/><\/p>\n<h3><a href=\"https:\/\/wa.me\/8617776015835\" target=\"_blank\" rel=\"noopener\"><span style=\"color: #ff0000\"><strong>WhatsApp: +86 17776015835<\/strong><\/span><\/a><\/h3>\n<p>&nbsp;<\/p>\n<h2><\/h2>\n<h2><strong>ELF BOX RGB 14000 Puffs Vape F\u0151bb Jellemz\u0151k<\/strong><\/h2>\n<ul>\n<li><strong>Magas Puffsz\u00e1m<\/strong>: Ak\u00e1r <strong>14 000 slukk<\/strong>, amely hosszan tart\u00f3, zavartalan vapinget biztos\u00edt.<\/li>\n<li><strong>Nagy E-Liquid Kapacit\u00e1s<\/strong>: A <strong>25 ml-es tart\u00e1ly<\/strong> cs\u00f6kkenti a gyakori \u00fajrat\u00f6lt\u00e9s sz\u00fcks\u00e9gess\u00e9g\u00e9t, hosszabb haszn\u00e1latot k\u00edn\u00e1lva.<\/li>\n<li><strong>Mesh Tekercs Technol\u00f3gia<\/strong>: \u00c9lvezze a fokozott \u00edzt \u00e9s a sima g\u0151ztermel\u00e9st a <strong>1,0 ohmos mesh tekerccsel<\/strong>.<\/li>\n<li><strong>\u00dajrat\u00f6lthet\u0151 Akkumul\u00e1tor<\/strong>: Felszerelve egy <strong>600 mAh-s akkumul\u00e1tor<\/strong>, amely tart\u00f3s energi\u00e1t \u00e9s egyszer\u0171 \u00fajrat\u00f6lt\u00e9st biztos\u00edt.<\/li>\n<li><strong>Type-C T\u00f6lt\u00e9s<\/strong>: T\u00f6ltse fel gyorsan \u00e9s k\u00e9nyelmesen a modern <strong>Type-C csatlakoz\u00f3<\/strong>.<\/li>\n<li><strong>LED kijelz\u0151<\/strong>: Legyen t\u00e1j\u00e9kozott a <strong>LED kijelz\u0151<\/strong> amely mutatja az akkumul\u00e1tor \u00e9s az e-liquid szintj\u00e9t.<\/li>\n<li><strong>RGB f\u00e9ny<\/strong>: Adj egy kis st\u00edlust a vape-edhez \u00e9l\u00e9nk <strong>RGB vil\u00e1g\u00edt\u00e1ssal<\/strong> \u00e9s egy <strong>nyakp\u00e1nt<\/strong> a k\u00f6nny\u0171 hordozhat\u00f3s\u00e1g\u00e9rt.<\/li>\n<li><strong>Nikotin opci\u00f3k<\/strong>: El\u00e9rhet\u0151 <strong>0%, 2%, 3% \u00e9s 5%<\/strong> nikotin er\u0151ss\u00e9gekben, hogy megfeleljen az \u00d6n preferenci\u00e1inak.<\/li>\n<\/ul>\n<figure id=\"attachment_2332\" aria-describedby=\"caption-attachment-2332\" style=\"width: 800px\" class=\"wp-caption alignnone\"><img loading=\"lazy\" decoding=\"async\" class=\"wp-image-2332 size-full\" src=\"https:\/\/rmvapesale.com\/wp-content\/uploads\/2024\/10\/ELF-BOX-RGB14000-pro-Disposable-Vape-Cheape-Price.png\" alt=\"ELF BOX RGB 14000 pro Eldobhat\u00f3 Vape Olcs\u00f3 \u00c1r\" width=\"800\" height=\"800\" srcset=\"https:\/\/rmvapesale.com\/wp-content\/uploads\/2024\/10\/ELF-BOX-RGB14000-pro-Disposable-Vape-Cheape-Price.png 800w, https:\/\/rmvapesale.com\/wp-content\/uploads\/2024\/10\/ELF-BOX-RGB14000-pro-Disposable-Vape-Cheape-Price-300x300.png 300w, https:\/\/rmvapesale.com\/wp-content\/uploads\/2024\/10\/ELF-BOX-RGB14000-pro-Disposable-Vape-Cheape-Price-150x150.png 150w, https:\/\/rmvapesale.com\/wp-content\/uploads\/2024\/10\/ELF-BOX-RGB14000-pro-Disposable-Vape-Cheape-Price-768x768.png 768w, https:\/\/rmvapesale.com\/wp-content\/uploads\/2024\/10\/ELF-BOX-RGB14000-pro-Disposable-Vape-Cheape-Price-600x600.png 600w, https:\/\/rmvapesale.com\/wp-content\/uploads\/2024\/10\/ELF-BOX-RGB14000-pro-Disposable-Vape-Cheape-Price-100x100.png 100w\" sizes=\"auto, (max-width: 800px) 100vw, 800px\" \/><figcaption id=\"caption-attachment-2332\" class=\"wp-caption-text\">ELF BOX RGB 14000 pro Eldobhat\u00f3 Vape Olcs\u00f3 \u00c1r<\/figcaption><\/figure>\n<h2><strong>Legjobb \u00edz az ELF BOX RGB 14000 Puffs E Cigarett\u00e1khoz\u00a0<\/strong><\/h2>\n<p>A 10 csod\u00e1latos \u00edz k\u00f6z\u00fcl v\u00e1laszthat, bele\u00e9rtve a gy\u00fcm\u00f6lcs\u00f6s \u00e9s jeges lehet\u0151s\u00e9geket is, az ELF BOX RGB 14000 Puffs minden \u00edzl\u00e9shez k\u00edn\u00e1l valamit.<\/p>\n<p>1. Eper G\u00f6r\u00f6gdinnye <span style=\"color: #ff0000\"><strong>&gt;&gt;&gt;&gt; Forr\u00f3!<\/strong><\/span><br \/>\n2. Blue Razz Ice<span style=\"color: #ff0000\"><strong>&gt;&gt;&gt;&gt; A legjobb!<\/strong><\/span><br \/>\n3. Eper J\u00e9g<br \/>\n4. Sz\u0151l\u0151 j\u00e9g<br \/>\n5. Menta J\u00e9g<br \/>\n6. Red Bull <span style=\"color: #ff0000\"><strong>&gt;&gt;&gt;&gt; Forr\u00f3!<\/strong><\/span><br \/>\n7. Dupla Alma<br \/>\n8. Lush Ice<br \/>\n9. \u0150szibarack Mang\u00f3<br \/>\n10. Cseresznye Sz\u00f3da<\/p>\n<p>&nbsp;<\/p>\n<h3><strong>Mi\u00e9rt v\u00e1lassza az Rmvapesale-t az ELF BOX Vape RGB 14000 pro Puffs term\u00e9k\u00e9hez?<\/strong><\/h3>\n<div class=\"flex-shrink-0 flex flex-col relative items-end\">\n<div class=\"pt-0\">\n<div class=\"gizmo-bot-avatar flex h-8 w-8 items-center justify-center overflow-hidden rounded-full\">\n<div class=\"relative p-1 rounded-sm flex items-center justify-center bg-token-main-surface-primary text-token-text-primary h-8 w-8\">\n<p>&nbsp;<\/p>\n<p>Ha az Rmvapesale-t v\u00e1lasztja az eldobhat\u00f3 vape-ek nagykereskedelm\u00e9hez, a k\u00f6vetkez\u0151 el\u0151ny\u00f6kben r\u00e9szes\u00fcl:<\/p>\n<ul>\n<li><strong>Versenyk\u00e9pes \u00e1rak<\/strong>: Hozz\u00e1f\u00e9rhet vonz\u00f3 nagykereskedelmi \u00e1rakhoz, amelyek n\u00f6velik az \u00fczleti marzsokat.<\/li>\n<li><strong>Magas min\u0151s\u00e9g<\/strong>: Vape-jeink a legmagasabb sz\u00ednvonalon k\u00e9sz\u00fclnek, \u00e9s <span style=\"color: #ff0000\"><strong>garant\u00e1ltan 100% eredetiek \u00e9s hitelesek, hamis \u00e1ru eset\u00e9n 10-szeres k\u00e1rt\u00e9r\u00edt\u00e9st biztos\u00edtunk!<\/strong><\/span><\/li>\n<li><strong>Kiv\u00e1l\u00f3 \u00dcgyf\u00e9lszolg\u00e1lat<\/strong>: Elk\u00f6telezett csapatunk mindig k\u00e9szen \u00e1ll, hogy seg\u00edtsen \u00d6nnek, z\u00f6kken\u0151mentess\u00e9 \u00e9s probl\u00e9mamentess\u00e9 t\u00e9ve a v\u00e1s\u00e1rl\u00e1si folyamatot.<\/li>\n<li><strong>Gyors Sz\u00e1ll\u00edt\u00e1s<\/strong>: Sz\u00e1m\u00edtson gyors \u00e9s megb\u00edzhat\u00f3 sz\u00e1ll\u00edt\u00e1sra, ami biztos\u00edtja, hogy rendel\u00e9sei mindig id\u0151ben meg\u00e9rkezzenek.<\/li>\n<\/ul>\n<h3><\/h3>\n<h3><b>GYIK<\/b><\/h3>\n<p><strong>1. k\u00e9rd\u00e9s: H\u00e1ny slukk \u00e9rhet\u0151 el az Elf Box RGB 14000 Puffs E Cigarette term\u00e9kkel?<\/strong><br \/>\nV1: A <strong>Elf Box RGB 14000 Puffs Eldobhat\u00f3 Vape<\/strong> leny\u0171g\u00f6z\u0151 <strong>14 000 slukk<\/strong>teljes\u00edtm\u00e9nyt ny\u00fajt, t\u00f6k\u00e9letes a hosszan tart\u00f3 \u00e9lvezethez gyakori csere n\u00e9lk\u00fcl.<\/p>\n<p><strong>2. k\u00e9rd\u00e9s: Milyen \u00edzekben kaphat\u00f3 az Elf Box RGB 14000 Pro Eldobhat\u00f3 Vape?<\/strong><br \/>\nV2: \u00c9lvezze a finom \u00edzek sz\u00e9les v\u00e1laszt\u00e9k\u00e1t, bele\u00e9rtve a <strong>Eper dinnye<\/strong>, <strong>K\u00e9k M\u00e1lna J\u00e9g<\/strong>, <strong>Sz\u0151l\u0151 J\u00e9g<\/strong>, <strong>\u0150szibarack Mang\u00f3<\/strong>, \u00e9s <strong>Ment\u00e1s J\u00e9g<\/strong>\u2014mindenki tal\u00e1l valamit!<\/p>\n<p><strong>3. k\u00e9rd\u00e9s: Mekkora az Elf Box RGB 14000 Pro Vape Pod e-liquid kapacit\u00e1sa?<\/strong><br \/>\nV3: Az eszk\u00f6z rendelkezik egy <strong>25 ml e-liquid kapacit\u00e1ssal<\/strong>, minimaliz\u00e1lva a folyamatos \u00fajrat\u00f6lt\u00e9s sz\u00fcks\u00e9gess\u00e9g\u00e9t \u00e9s maximaliz\u00e1lva a vaping \u00e9lm\u00e9nyt.<\/p>\n<p><strong>4. k\u00e9rd\u00e9s: Milyen nikotiner\u0151ss\u00e9gek \u00e9rhet\u0151k el az Elf Box VAPE RGB 14000 Puff Disposable Vape-ben?<\/strong><br \/>\nV4: V\u00e1laszthat a <strong>ak\u00e1r egy intenz\u00edvebb \u00e9lm\u00e9nyt szeretn\u00e9l, ez a vape toll el\u00e9rhet\u0151<\/strong>0 mg, 20 mg, 30 mg \u00e9s 50 mg nikotiner\u0151ss\u00e9gek k\u00f6z\u00fcl<\/p>\n<p><strong>, lehet\u0151v\u00e9 t\u00e9ve, hogy megtal\u00e1lja a t\u00f6k\u00e9letes er\u0151ss\u00e9get a vaping ig\u00e9nyeihez.<\/strong><br \/>\n5. k\u00e9rd\u00e9s: Hogyan fokozza az RGB f\u00e9ny funkci\u00f3 az Elf Box RGB 14000 Puffs Vape Pod-ot? <strong>RGB vil\u00e1g\u00edt\u00e1ssal<\/strong> V5: A vibr\u00e1l\u00f3<\/p>\n<p><strong>RGB f\u00e9ny funkci\u00f3<\/strong><br \/>\nV6: Igen, a k\u00e9sz\u00fcl\u00e9k fel van szerelve egy <strong>sz\u00f3rakoztat\u00f3 \u00e9s st\u00edlusos megjelen\u00e9st k\u00f6lcs\u00f6n\u00f6z a vape-nek, kiemelve azt b\u00e1rhol is j\u00e1r!<\/strong> 6. k\u00e9rd\u00e9s: Az Elf Box RGB 14000 Pro Disposable Vape \u00fajrat\u00f6lthet\u0151? <strong>C-t\u00edpus\u00fa t\u00f6lt\u0151<\/strong> 600 mAh-s \u00fajrat\u00f6lthet\u0151 akkumul\u00e1torral<\/p>\n<p><strong>rendelkezik, \u00e9s<\/strong><br \/>\nC t\u00edpus\u00fa t\u00f6lt\u0151porttal <strong>a gyors \u00e9s egyszer\u0171 \u00fajrat\u00f6lt\u00e9s \u00e9rdek\u00e9ben.<\/strong>7. k\u00e9rd\u00e9s: V\u00e1s\u00e1rolhatok Elf Box RGB 14000 Puffs E Cigarett\u00e1t nagy t\u00e9telben?<\/p>\n<\/div>\n<\/div>\n<\/div>\n<\/div>\n<div class=\"group\/conversation-turn relative flex w-full min-w-0 flex-col agent-turn\">\n<div class=\"flex-col gap-1 md:gap-3\">\n<div class=\"flex max-w-full flex-col flex-grow\">\n<div class=\"min-h-8 text-message flex w-full flex-col items-end gap-2 whitespace-normal break-words [.text-message+&amp;]:mt-5\" dir=\"auto\" data-message-author-role=\"assistant\" data-message-id=\"f226d3fc-81f3-46d5-8c46-31787fff0357\">\n<div class=\"flex w-full flex-col gap-1 empty:hidden first:pt-[3px]\">\n<div class=\"markdown prose w-full break-words dark:prose-invert light\">\n<p>&nbsp;<\/p>\n<\/div>\n<\/div>\n<\/div>\n<\/div>\n<\/div>\n<\/div>\n<h3>A Sz\u00e1ll\u00edt\u00e1sr\u00f3l<\/h3>\n<div class=\"flex-shrink-0 flex flex-col relative items-end\">\n<div>\n<div class=\"pt-0\">\n<div class=\"gizmo-bot-avatar flex h-8 w-8 items-center justify-center overflow-hidden rounded-full\">\n<div><\/div>\n<div class=\"relative p-1 rounded-sm flex items-center justify-center bg-token-main-surface-primary text-token-text-primary h-8 w-8\"><strong>1. Milyen sz\u00e1ll\u00edt\u00e1si m\u00f3dokat haszn\u00e1lnak?<\/strong><\/div>\n<\/div>\n<\/div>\n<\/div>\n<\/div>\n<div class=\"group\/conversation-turn relative flex w-full min-w-0 flex-col agent-turn\">\n<div class=\"flex-col gap-1 md:gap-3\">\n<div class=\"flex max-w-full flex-col flex-grow\">\n<div class=\"min-h-[20px] text-message flex w-full flex-col items-end gap-2 whitespace-normal break-words [.text-message+&amp;]:mt-5 overflow-x-auto\" dir=\"auto\" data-message-author-role=\"assistant\" data-message-id=\"22f8283b-3233-46ff-89a5-c7a41b33abda\">\n<div class=\"flex w-full flex-col gap-1 empty:hidden first:pt-[3px]\">\n<div class=\"markdown prose w-full break-words dark:prose-invert light\">\n<p>Partnerei vagyunk a UPS, DHL, FedEx, DPD \u00e9s m\u00e1s vezet\u0151 fuvaroz\u00f3knak. A legjobb sz\u00e1ll\u00edt\u00e1si m\u00f3dot fogjuk kiv\u00e1lasztani a sz\u00e1ll\u00edt\u00e1si helysz\u00edne alapj\u00e1n, hogy a lehet\u0151 leggyorsabban megkapja a term\u00e9keit.<\/p>\n<\/div>\n<p><strong>2. Mennyi id\u0151 alatt \u00e9rkezik meg?<\/strong><\/p>\n<p>A csomagok \u00e1ltal\u00e1ban 10 munkanapon bel\u00fcl meg\u00e9rkeznek Magyarorsz\u00e1gra. Az eur\u00f3pai orsz\u00e1gokba t\u00f6rt\u00e9n\u0151 sz\u00e1ll\u00edt\u00e1s \u00e1ltal\u00e1ban 12-15 munkanapot vesz ig\u00e9nybe. Folyamatosan t\u00e1j\u00e9koztatjuk a sz\u00e1ll\u00edt\u00e1si st\u00e1tuszr\u00f3l.<\/p>\n<\/div>\n<\/div>\n<\/div>\n<\/div>\n<\/div>\n<p>&nbsp;<\/p>\n<p>Tov\u00e1bbi n\u00e9pszer\u0171 vape term\u00e9kek, amik tetszhetnek:<\/p>\n<p><a href=\"https:\/\/rmvapesale.com\/hu\/product\/waspe-12000-puffs-disposable-vape-pen\/\"><strong>WASPE 12000 slukk\u00a0 \u00a0<span style=\"color: #ff0000\">&gt;&gt;&gt;&gt; ide!<\/span><\/strong><\/a><\/p>\n<p><strong><a href=\"https:\/\/rmvapesale.com\/hu\/product\/waspe-fihp-30000-puffs-led-display-disposable-vape-box\/\">WASPE FIHP 30000 Puffs <span style=\"color: #ff0000\">&gt;&gt;&gt;&gt; ide!<\/span><\/a>\u00a0<\/strong><\/p>\n<h2 class=\"woocommerce-loop-product__title\"><a style=\"font-size: 16px\" href=\"https:\/\/rmvapesale.com\/hu\/product\/bang-box-30000-puff-double-taste-smart-screen-disposable-vape-wholesale\/\"><strong>V7: Term\u00e9szetesen! Nagykereskedelmi lehet\u0151s\u00e9geket k\u00edn\u00e1lunk az <span style=\"color: #ff0000\">&gt;&gt;&gt;&gt; ide!<\/span><\/strong><\/a><\/h2>\n<p>&nbsp;<\/p>\n<p>&nbsp;<\/p>\n<p>Tal\u00e1lja meg a tov\u00e1bbi vape term\u00e9keket, amelyek tetszhetnek \u00d6nnek:<strong><em><a href=\"https:\/\/rmvapesale.com\/hu\/shop-2\/\">V\u00e1s\u00e1roljon most &gt;&gt;&gt;<\/a><\/em><\/strong><\/p>","protected":false},"excerpt":{"rendered":"<p>Elf Box RGB14000 Puff Alacsony Nikotintartalm\u00fa Eldobhat\u00f3 Vape Nagy t\u00e9telben<br \/>\nElf Box Vape RGB 14000 Pro Puffs Eldobhat\u00f3 E Cigaretta \u00cdz<br \/>\nELF Box RGB 14000 Puffs Eldobhat\u00f3 Vape Nagykereskedelem<\/p>\n<p><img loading=\"lazy\" decoding=\"async\" class=\"size-full wp-image-1978\" src=\"https:\/\/rmvapesale.com\/wp-content\/uploads\/2024\/09\/Disposable-Vape-Wholesale.jpg\" alt=\"Eldobhat\u00f3 Vape Nagykereskedelem\" width=\"229\" height=\"300\" \/><\/p>\n<h3><a href=\"https:\/\/wa.me\/8617776015835\"><span style=\"color: #ff0000\"><strong>WhatsApp: +86 17776015835<\/strong><\/span><\/a><\/h3>\n<p>&nbsp;<\/p>","protected":false},"featured_media":2335,"comment_status":"open","ping_status":"closed","template":"","meta":{"_uag_custom_page_level_css":"","_lmt_disableupdate":"","_lmt_disable":"","site-sidebar-layout":"default","site-content-layout":"content-boxed-container","ast-site-content-layout":"normal-width-container","site-content-style":"boxed","site-sidebar-style":"unboxed","ast-global-header-display":"","ast-banner-title-visibility":"","ast-main-header-display":"","ast-hfb-above-header-display":"","ast-hfb-below-header-display":"","ast-hfb-mobile-header-display":"","site-post-title":"","ast-breadcrumbs-content":"","ast-featured-img":"","footer-sml-layout":"","ast-disable-related-posts":"","theme-transparent-header-meta":"default","adv-header-id-meta":"","stick-header-meta":"","header-above-stick-meta":"","header-main-stick-meta":"","header-below-stick-meta":"","astra-migrate-meta-layouts":"set","ast-page-background-enabled":"default","ast-page-background-meta":{"desktop":{"background-color":"var(--ast-global-color-4)","background-image":"","background-repeat":"repeat","background-position":"center center","background-size":"auto","background-attachment":"scroll","background-type":"","background-media":"","overlay-type":"","overlay-color":"","overlay-opacity":"","overlay-gradient":""},"tablet":{"background-color":"","background-image":"","background-repeat":"repeat","background-position":"center center","background-size":"auto","background-attachment":"scroll","background-type":"","background-media":"","overlay-type":"","overlay-color":"","overlay-opacity":"","overlay-gradient":""},"mobile":{"background-color":"","background-image":"","background-repeat":"repeat","background-position":"center center","background-size":"auto","background-attachment":"scroll","background-type":"","background-media":"","overlay-type":"","overlay-color":"","overlay-opacity":"","overlay-gradient":""}},"ast-content-background-meta":{"desktop":{"background-color":"var(--ast-global-color-5)","background-image":"","background-repeat":"repeat","background-position":"center center","background-size":"auto","background-attachment":"scroll","background-type":"","background-media":"","overlay-type":"","overlay-color":"","overlay-opacity":"","overlay-gradient":""},"tablet":{"background-color":"var(--ast-global-color-5)","background-image":"","background-repeat":"repeat","background-position":"center center","background-size":"auto","background-attachment":"scroll","background-type":"","background-media":"","overlay-type":"","overlay-color":"","overlay-opacity":"","overlay-gradient":""},"mobile":{"background-color":"var(--ast-global-color-5)","background-image":"","background-repeat":"repeat","background-position":"center center","background-size":"auto","background-attachment":"scroll","background-type":"","background-media":"","overlay-type":"","overlay-color":"","overlay-opacity":"","overlay-gradient":""}},"_joinchat":[]},"product_brand":[],"product_cat":[15,60,128,27,25,123,30,26,28],"product_tag":[131,66,125,126,130,129,101,105,120],"class_list":{"0":"post-2336","1":"product","2":"type-product","3":"status-publish","4":"has-post-thumbnail","6":"product_cat-new-vape-this-week","7":"product_cat-bang-vapes","8":"product_cat-elf-box-disposable-vapes","9":"product_cat-fance-hot-sale-vape","10":"product_cat-germany-best-selling-vape","11":"product_cat-italy-wholesale-vape","12":"product_cat-minimum-order-quantity-50pcs","13":"product_cat-netherlands-hot-sale-vape","14":"product_cat-poland-hot-sale-vape","15":"product_tag-big-puff-vape","16":"product_tag-disposable-vape","17":"product_tag-disposable-vape-italy","18":"product_tag-e-cigarettes","19":"product_tag-elf-box","20":"product_tag-elf-box-vape","21":"product_tag-led-display-vape","22":"product_tag-nicotine-free-disposable-vape","23":"product_tag-vape-wholesale","24":"desktop-align-left","25":"tablet-align-left","26":"mobile-align-left","28":"first","29":"instock","30":"sale","31":"shipping-taxable","32":"purchasable","33":"product-type-simple"},"uagb_featured_image_src":{"full":["https:\/\/rmvapesale.com\/wp-content\/uploads\/2024\/10\/ELF-BOX-Vape-RGB14000-pro.png",800,800,false],"thumbnail":["https:\/\/rmvapesale.com\/wp-content\/uploads\/2024\/10\/ELF-BOX-Vape-RGB14000-pro-150x150.png",150,150,true],"medium":["https:\/\/rmvapesale.com\/wp-content\/uploads\/2024\/10\/ELF-BOX-Vape-RGB14000-pro-300x300.png",300,300,true],"medium_large":["https:\/\/rmvapesale.com\/wp-content\/uploads\/2024\/10\/ELF-BOX-Vape-RGB14000-pro-768x768.png",768,768,true],"large":["https:\/\/rmvapesale.com\/wp-content\/uploads\/2024\/10\/ELF-BOX-Vape-RGB14000-pro.png",800,800,false],"1536x1536":["https:\/\/rmvapesale.com\/wp-content\/uploads\/2024\/10\/ELF-BOX-Vape-RGB14000-pro.png",800,800,false],"2048x2048":["https:\/\/rmvapesale.com\/wp-content\/uploads\/2024\/10\/ELF-BOX-Vape-RGB14000-pro.png",800,800,false],"trp-custom-language-flag":["https:\/\/rmvapesale.com\/wp-content\/uploads\/2024\/10\/ELF-BOX-Vape-RGB14000-pro.png",12,12,false],"woocommerce_thumbnail":["https:\/\/rmvapesale.com\/wp-content\/uploads\/2024\/10\/ELF-BOX-Vape-RGB14000-pro-300x300.png",300,300,true],"woocommerce_single":["https:\/\/rmvapesale.com\/wp-content\/uploads\/2024\/10\/ELF-BOX-Vape-RGB14000-pro-600x600.png",600,600,true],"woocommerce_gallery_thumbnail":["https:\/\/rmvapesale.com\/wp-content\/uploads\/2024\/10\/ELF-BOX-Vape-RGB14000-pro-100x100.png",100,100,true],"wcpr-photo-reviews":["https:\/\/rmvapesale.com\/wp-content\/uploads\/2024\/10\/ELF-BOX-Vape-RGB14000-pro.png",500,500,false]},"uagb_author_info":{"display_name":"AMY","author_link":"https:\/\/rmvapesale.com\/hu\/author\/"},"uagb_comment_info":0,"uagb_excerpt":"Elf Box RGB14000 Puff Low Nicotine Disposable Vape Bulk Buy Elf Box Vape RGB 14000 Pro Puffs Disposable E Cigarettes Flavor ELF Box RGB 14000 Puffs Disposable Vape Wholesale WhatsApp: +86 17776015835 &nbsp;","_links":{"self":[{"href":"https:\/\/rmvapesale.com\/hu\/wp-json\/wp\/v2\/product\/2336","targetHints":{"allow":["GET"]}}],"collection":[{"href":"https:\/\/rmvapesale.com\/hu\/wp-json\/wp\/v2\/product"}],"about":[{"href":"https:\/\/rmvapesale.com\/hu\/wp-json\/wp\/v2\/types\/product"}],"replies":[{"embeddable":true,"href":"https:\/\/rmvapesale.com\/hu\/wp-json\/wp\/v2\/comments?post=2336"}],"wp:featuredmedia":[{"embeddable":true,"href":"https:\/\/rmvapesale.com\/hu\/wp-json\/wp\/v2\/media\/2335"}],"wp:attachment":[{"href":"https:\/\/rmvapesale.com\/hu\/wp-json\/wp\/v2\/media?parent=2336"}],"wp:term":[{"taxonomy":"product_brand","embeddable":true,"href":"https:\/\/rmvapesale.com\/hu\/wp-json\/wp\/v2\/product_brand?post=2336"},{"taxonomy":"product_cat","embeddable":true,"href":"https:\/\/rmvapesale.com\/hu\/wp-json\/wp\/v2\/product_cat?post=2336"},{"taxonomy":"product_tag","embeddable":true,"href":"https:\/\/rmvapesale.com\/hu\/wp-json\/wp\/v2\/product_tag?post=2336"}],"curies":[{"name":"wp","href":"https:\/\/api.w.org\/{rel}","templated":true}]}}