{"id":2337,"date":"2024-10-11T02:20:34","date_gmt":"2024-10-11T02:20:34","guid":{"rendered":"https:\/\/rmvapesale.com\/?post_type=product&#038;p=2337"},"modified":"2024-10-11T03:12:50","modified_gmt":"2024-10-11T03:12:50","slug":"elf-box-vape-bk12000-puff-disposable-pod-wholesale","status":"publish","type":"product","link":"https:\/\/rmvapesale.com\/hu\/product\/elf-box-vape-bk12000-puff-disposable-pod-wholesale\/","title":{"rendered":"ELF BOX Vape BK12000 Puffs Eldobhat\u00f3 Pod Nagykereskedelem"},"content":{"rendered":"<div class=\"B2VR9 CJHX3e\">\n<div class=\"wyccme\">\n<h1 class=\"LC20lb MBeuO DKV0Md\">ELF BOX Vape BK12000 Puffs Eldobhat\u00f3 Pod Nagykereskedelem<\/h1>\n<div class=\"flex-shrink-0 flex flex-col relative items-end\">\n<div class=\"pt-0\">\n<div class=\"gizmo-bot-avatar flex h-8 w-8 items-center justify-center overflow-hidden rounded-full\">\n<div class=\"relative p-1 rounded-sm flex items-center justify-center bg-token-main-surface-primary text-token-text-primary h-8 w-8\">\n<p>Olyan vape-et keres, amely nagy teljes\u00edtm\u00e9nyt \u00e9s \u00edzt ny\u00fajt? Az ELF BOX Vape BK12000 Puffs Eldobhat\u00f3 Pod t\u00f6k\u00e9letes v\u00e1laszt\u00e1s! A hatalmas 12 000 puff-fal ez az eszk\u00f6z t\u00f6k\u00e9letes azok sz\u00e1m\u00e1ra, akik hosszan tart\u00f3, probl\u00e9mamentes vape \u00e9lm\u00e9nyre v\u00e1gynak.<\/p>\n<p>A 0,8 ohmos mesh tekerccsel felszerelt vape pod sima g\u0151ztermel\u00e9st \u00e9s fokozott \u00edzt biztos\u00edt minden slukkb\u00f3l. A nagylelk\u0171, 23 ml-es e-liquid kapacit\u00e1s kevesebb ut\u00e1nt\u00f6lt\u00e9st jelent, \u00edgy eg\u00e9sz nap megszak\u00edt\u00e1s n\u00e9lk\u00fcl \u00e9lvezheti a vapinget. Ak\u00e1r a 0%, 2%, 3% vagy 5% nikotin opci\u00f3kkal szeretn\u00e9 kiel\u00e9g\u00edteni a v\u00e1gyait, ez az eszk\u00f6z minden ig\u00e9nyt kiel\u00e9g\u00edt.<\/p>\n<p>Az ELF BOX BK12000 eldobhat\u00f3 vape 650mAh-s \u00fajrat\u00f6lthet\u0151 akkumul\u00e1tort tartalmaz Type-C t\u00f6lt\u00e9ssel, amely gyors \u00e9s k\u00e9nyelmes \u00fajrat\u00f6lt\u00e9st biztos\u00edt, \u00edgy soha nem kell v\u00e1rakoznia. A kompakt, m\u00e9gis er\u0151teljes ELF BOX BK12000 a k\u00e9nyelemre \u00e9p\u00fcl, an\u00e9lk\u00fcl, hogy fel\u00e1ldozn\u00e1 az \u00edzt vagy a teljes\u00edtm\u00e9nyt.<\/p>\n<p>A nagykereskedelmi v\u00e1s\u00e1rl\u00f3k sz\u00e1m\u00e1ra t\u00f6k\u00e9letes ELF BOX Vape BK12000 Puffs Eldobhat\u00f3 Pod a v\u00e9gs\u0151 v\u00e1laszt\u00e1s azoknak a vapereknek, akik min\u0151s\u00e9get, \u00edzt \u00e9s st\u00edlust keresnek \u2013 mindezt egyetlen eleg\u00e1ns csomagban. Szerezze be m\u00e9g ma t\u00f6meges \u00e1ron, \u00e9s tartsa vissza \u00fcgyfeleit, hogy m\u00e9g t\u00f6bbet v\u00e1s\u00e1roljanak!<\/p>\n<p>&nbsp;<\/p>\n<\/div>\n<\/div>\n<\/div>\n<\/div>\n<\/div>\n<\/div>\n<p><strong>L\u00e9pjen kapcsolatba Amyvel a pontos v\u00e1laszok\u00e9rt \u00e9s tov\u00e1bbi term\u00e9kvide\u00f3k\u00e9rt!<\/strong><\/p>\n<p><img loading=\"lazy\" decoding=\"async\" class=\"size-full wp-image-1978\" src=\"https:\/\/rmvapesale.com\/wp-content\/uploads\/2024\/09\/Disposable-Vape-Wholesale.jpg\" alt=\"Eldobhat\u00f3 Vape Nagykereskedelem\" width=\"229\" height=\"300\" \/><\/p>\n<h3><a href=\"https:\/\/wa.me\/8617776015835\" target=\"_blank\" rel=\"noopener\"><span style=\"color: #ff0000\"><strong>WhatsApp: +86 17776015835<\/strong><\/span><\/a><\/h3>\n<p>&nbsp;<\/p>\n<h2><\/h2>\n<h2><strong>ELF BOX Vape BK12000 Puffs F\u0151bb Jellemz\u0151k<\/strong><\/h2>\n<ul>\n<li><strong>Magas Puffsz\u00e1m<\/strong>: Ak\u00e1r <strong>12 000 puff<\/strong>\u00e9lvezhet\u0151, ami hosszan tart\u00f3 vaping \u00e9lm\u00e9nyt k\u00edn\u00e1l gyakori csere n\u00e9lk\u00fcl.<\/li>\n<li><strong>Nagy E-Liquid Kapacit\u00e1s<\/strong>: A <strong>23 ml-es e-liquid tart\u00e1ly<\/strong> minimaliz\u00e1lja az ut\u00e1nt\u00f6lt\u00e9s sz\u00fcks\u00e9gess\u00e9g\u00e9t, \u00edgy hosszabb haszn\u00e1latot biztos\u00edt.<\/li>\n<li><strong>Mesh Tekercs Technol\u00f3gia<\/strong>: Felszerelve egy <strong>0,8 ohmos mesh tekerccsel<\/strong>, amely fokozott \u00edzt \u00e9s egyenletes g\u0151ztermel\u00e9st biztos\u00edt.<\/li>\n<li><strong>\u00dajrat\u00f6lthet\u0151 Akkumul\u00e1tor<\/strong>: M\u0171k\u00f6dteti egy <strong>650 mAh akkumul\u00e1tor<\/strong>, amely eg\u00e9sz nap tart\u00f3, hosszan tart\u00f3 teljes\u00edtm\u00e9nyt biztos\u00edt.<\/li>\n<li><strong>Type-C T\u00f6lt\u00e9s<\/strong>: Gyors \u00e9s egyszer\u0171 \u00fajrat\u00f6lt\u00e9s a modern <strong>Type-C<\/strong> t\u00f6lt\u0151porttal a maxim\u00e1lis k\u00e9nyelem \u00e9rdek\u00e9ben.<\/li>\n<li><strong>Nikotin opci\u00f3k<\/strong>: V\u00e1lasszon a <strong>0%, 2%, 3% vagy 5%<\/strong> nikotiner\u0151ss\u00e9gek k\u00f6z\u00fcl, hogy megfeleljen az \u00d6n szem\u00e9lyes preferenci\u00e1inak.<\/li>\n<\/ul>\n<figure id=\"attachment_2343\" aria-describedby=\"caption-attachment-2343\" style=\"width: 730px\" class=\"wp-caption alignnone\"><img loading=\"lazy\" decoding=\"async\" class=\"wp-image-2343 size-full\" src=\"https:\/\/rmvapesale.com\/wp-content\/uploads\/2024\/10\/ELF-BOX-Vape-BANG-KING-12000-Puffs.png\" alt=\"ELF BOX Vape BANG KING 12000 Puffs\" width=\"730\" height=\"730\" srcset=\"https:\/\/rmvapesale.com\/wp-content\/uploads\/2024\/10\/ELF-BOX-Vape-BANG-KING-12000-Puffs.png 730w, https:\/\/rmvapesale.com\/wp-content\/uploads\/2024\/10\/ELF-BOX-Vape-BANG-KING-12000-Puffs-300x300.png 300w, https:\/\/rmvapesale.com\/wp-content\/uploads\/2024\/10\/ELF-BOX-Vape-BANG-KING-12000-Puffs-150x150.png 150w, https:\/\/rmvapesale.com\/wp-content\/uploads\/2024\/10\/ELF-BOX-Vape-BANG-KING-12000-Puffs-600x600.png 600w, https:\/\/rmvapesale.com\/wp-content\/uploads\/2024\/10\/ELF-BOX-Vape-BANG-KING-12000-Puffs-100x100.png 100w\" sizes=\"auto, (max-width: 730px) 100vw, 730px\" \/><figcaption id=\"caption-attachment-2343\" class=\"wp-caption-text\">ELF BOX Vape BANG KING 12000 Puffs<\/figcaption><\/figure>\n<p>&nbsp;<\/p>\n<h2><strong>Legjobb \u00edz az ELF BOX Vape BK12000 Puff\u00a0 ECig-hez<\/strong><\/h2>\n<p>A 10 csod\u00e1latos \u00edz k\u00f6z\u00fcl v\u00e1laszthat, bele\u00e9rtve a gy\u00fcm\u00f6lcs\u00f6s \u00e9s jeges lehet\u0151s\u00e9geket is, az ELF BOX Vape BK 12000 Puff eldobhat\u00f3 k\u00e9szlet minden \u00edzl\u00e9shez k\u00edn\u00e1l valamit.<\/p>\n<p>1. Eper Kiwi<br \/>\n2. \u00c1fonya M\u00e1lna<span style=\"color: #ff0000\"><strong>&gt;&gt;&gt;&gt; Forr\u00f3!<\/strong><\/span><br \/>\n3. \u0150szibarack Mang\u00f3 Anan\u00e1sz<br \/>\n4. G\u00f6r\u00f6gdinnye J\u00e9g<br \/>\n5. Cseresznye Cola<br \/>\n6. Eper G\u00f6r\u00f6gdinnye<span style=\"color: #ff0000\"><strong>&gt;&gt;&gt;&gt; A legjobb!<\/strong><\/span><br \/>\n7. Sz\u0151l\u0151 J\u00e9g<br \/>\n8. Kiwi Maracuja<span style=\"color: #ff0000\"><strong>&gt;&gt;&gt;&gt; Forr\u00f3!<\/strong><\/span><br \/>\n9. \u0150szibarack J\u00e9g<br \/>\n10. \u00c1fony\u00e1s j\u00e9g<\/p>\n<p>&nbsp;<\/p>\n<h3><strong>Mi\u00e9rt v\u00e1lassza az Rmvapesale-t az ELF BOX Vape BK12000 Puffs eldobhat\u00f3 podhoz?<\/strong><\/h3>\n<div class=\"flex-shrink-0 flex flex-col relative items-end\">\n<div class=\"pt-0\">\n<div class=\"gizmo-bot-avatar flex h-8 w-8 items-center justify-center overflow-hidden rounded-full\">\n<div class=\"relative p-1 rounded-sm flex items-center justify-center bg-token-main-surface-primary text-token-text-primary h-8 w-8\">\n<p>&nbsp;<\/p>\n<p>Ha az Rmvapesale-t v\u00e1lasztja az eldobhat\u00f3 vape-ek nagykereskedelm\u00e9hez, a k\u00f6vetkez\u0151 el\u0151ny\u00f6kben r\u00e9szes\u00fcl:<\/p>\n<ul>\n<li><strong>Versenyk\u00e9pes \u00e1rak<\/strong>: Hozz\u00e1f\u00e9rhet vonz\u00f3 nagykereskedelmi \u00e1rakhoz, amelyek n\u00f6velik az \u00fczleti marzsokat.<\/li>\n<li><strong>Magas min\u0151s\u00e9g<\/strong>: Vape-jeink a legmagasabb sz\u00ednvonalon k\u00e9sz\u00fclnek, \u00e9s <span style=\"color: #ff0000\"><strong>garant\u00e1ltan 100% eredetiek \u00e9s hitelesek, hamis \u00e1ru eset\u00e9n 10-szeres k\u00e1rt\u00e9r\u00edt\u00e9st biztos\u00edtunk!<\/strong><\/span><\/li>\n<li><strong>Kiv\u00e1l\u00f3 \u00dcgyf\u00e9lszolg\u00e1lat<\/strong>: Elk\u00f6telezett csapatunk mindig k\u00e9szen \u00e1ll, hogy seg\u00edtsen \u00d6nnek, z\u00f6kken\u0151mentess\u00e9 \u00e9s probl\u00e9mamentess\u00e9 t\u00e9ve a v\u00e1s\u00e1rl\u00e1si folyamatot.<\/li>\n<li><strong>Gyors Sz\u00e1ll\u00edt\u00e1s<\/strong>: Sz\u00e1m\u00edtson gyors \u00e9s megb\u00edzhat\u00f3 sz\u00e1ll\u00edt\u00e1sra, ami biztos\u00edtja, hogy rendel\u00e9sei mindig id\u0151ben meg\u00e9rkezzenek.<\/li>\n<\/ul>\n<h3><\/h3>\n<h3><b>GYIK<\/b><\/h3>\n<p>&nbsp;<\/p>\n<\/div>\n<\/div>\n<\/div>\n<\/div>\n<div class=\"group\/conversation-turn relative flex w-full min-w-0 flex-col agent-turn\">\n<div class=\"flex-col gap-1 md:gap-3\">\n<div class=\"flex max-w-full flex-col flex-grow\">\n<div class=\"min-h-8 text-message flex w-full flex-col items-end gap-2 whitespace-normal break-words [.text-message+&amp;]:mt-5\" dir=\"auto\" data-message-author-role=\"assistant\" data-message-id=\"f226d3fc-81f3-46d5-8c46-31787fff0357\">\n<div class=\"flex w-full flex-col gap-1 empty:hidden first:pt-[3px]\">\n<div class=\"markdown prose w-full break-words dark:prose-invert light\">\n<p>&nbsp;<\/p>\n<\/div>\n<\/div>\n<\/div>\n<\/div>\n<\/div>\n<\/div>\n<h3>A Sz\u00e1ll\u00edt\u00e1sr\u00f3l<\/h3>\n<div class=\"flex-shrink-0 flex flex-col relative items-end\">\n<div>\n<div class=\"pt-0\">\n<div class=\"gizmo-bot-avatar flex h-8 w-8 items-center justify-center overflow-hidden rounded-full\">\n<div><\/div>\n<div class=\"relative p-1 rounded-sm flex items-center justify-center bg-token-main-surface-primary text-token-text-primary h-8 w-8\"><strong>1. Milyen sz\u00e1ll\u00edt\u00e1si m\u00f3dokat haszn\u00e1lnak?<\/strong><\/div>\n<\/div>\n<\/div>\n<\/div>\n<\/div>\n<div class=\"group\/conversation-turn relative flex w-full min-w-0 flex-col agent-turn\">\n<div class=\"flex-col gap-1 md:gap-3\">\n<div class=\"flex max-w-full flex-col flex-grow\">\n<div class=\"min-h-[20px] text-message flex w-full flex-col items-end gap-2 whitespace-normal break-words [.text-message+&amp;]:mt-5 overflow-x-auto\" dir=\"auto\" data-message-author-role=\"assistant\" data-message-id=\"22f8283b-3233-46ff-89a5-c7a41b33abda\">\n<div class=\"flex w-full flex-col gap-1 empty:hidden first:pt-[3px]\">\n<div class=\"markdown prose w-full break-words dark:prose-invert light\">\n<p>Partnerei vagyunk a UPS, DHL, FedEx, DPD \u00e9s m\u00e1s vezet\u0151 fuvaroz\u00f3knak. A legjobb sz\u00e1ll\u00edt\u00e1si m\u00f3dot fogjuk kiv\u00e1lasztani a sz\u00e1ll\u00edt\u00e1si helysz\u00edne alapj\u00e1n, hogy a lehet\u0151 leggyorsabban megkapja a term\u00e9keit.<\/p>\n<\/div>\n<p><strong>2. Mennyi id\u0151 alatt \u00e9rkezik meg?<\/strong><\/p>\n<p>A csomagok \u00e1ltal\u00e1ban 10 munkanapon bel\u00fcl meg\u00e9rkeznek Magyarorsz\u00e1gra. Az eur\u00f3pai orsz\u00e1gokba t\u00f6rt\u00e9n\u0151 sz\u00e1ll\u00edt\u00e1s \u00e1ltal\u00e1ban 12-15 munkanapot vesz ig\u00e9nybe. Folyamatosan t\u00e1j\u00e9koztatjuk a sz\u00e1ll\u00edt\u00e1si st\u00e1tuszr\u00f3l.<\/p>\n<\/div>\n<\/div>\n<\/div>\n<\/div>\n<\/div>\n<p>&nbsp;<\/p>\n<p>Tov\u00e1bbi n\u00e9pszer\u0171 vape term\u00e9kek, amik tetszhetnek:<\/p>\n<p><a href=\"https:\/\/rmvapesale.com\/hu\/product\/elf-box-rgb-14000-puffs-low-nicotine-disposable-vape\/\"><strong>Elf Box RGB14000 Puffs \u00a0<span style=\"color: #ff0000\">&gt;&gt;&gt;&gt; ide!<\/span><\/strong><\/a><\/p>\n<p><strong><a href=\"https:\/\/rmvapesale.com\/hu\/product\/waspe-fihp-30000-puffs-led-display-disposable-vape-box\/\">WASPE FIHP 30000 Puffs <span style=\"color: #ff0000\">&gt;&gt;&gt;&gt; ide!<\/span><\/a>\u00a0<\/strong><\/p>\n<h2 class=\"woocommerce-loop-product__title\"><a style=\"font-size: 16px\" href=\"https:\/\/rmvapesale.com\/hu\/product\/elf-box-digital-12000-puffs-led-display-disposable-vape\/\"><strong>ELF Box Digital 12000\u00a0 <span style=\"color: #ff0000\">&gt;&gt;&gt;&gt; ide!<\/span><\/strong><\/a><\/h2>\n<p>&nbsp;<\/p>\n<p>&nbsp;<\/p>\n<p>Tal\u00e1lja meg a tov\u00e1bbi vape term\u00e9keket, amelyek tetszhetnek \u00d6nnek:<strong><em><a href=\"https:\/\/rmvapesale.com\/hu\/shop-2\/\">V\u00e1s\u00e1roljon most &gt;&gt;&gt;<\/a><\/em><\/strong><\/p>","protected":false},"excerpt":{"rendered":"<p>ELF BOX BK12000 Puffs 0% 2% 3% 5% Nikotin<br \/>\nELF BOX BK12000 Puffs Eldobhat\u00f3 Vape Nagykereskedelem<br \/>\nELF BOX BK12000 Puffs \u00dajrat\u00f6lthet\u0151 Eldobhat\u00f3 Vape<\/p>\n<p><img loading=\"lazy\" decoding=\"async\" class=\"size-full wp-image-1978\" src=\"https:\/\/rmvapesale.com\/wp-content\/uploads\/2024\/09\/Disposable-Vape-Wholesale.jpg\" alt=\"Eldobhat\u00f3 Vape Nagykereskedelem\" width=\"229\" height=\"300\" \/><\/p>\n<h3><a href=\"https:\/\/wa.me\/8617776015835\"><span style=\"color: #ff0000\"><strong>WhatsApp: +86 17776015835<\/strong><\/span><\/a><\/h3>\n<p>&nbsp;<\/p>","protected":false},"featured_media":2341,"comment_status":"open","ping_status":"closed","template":"","meta":{"_uag_custom_page_level_css":"","_lmt_disableupdate":"","_lmt_disable":"","site-sidebar-layout":"default","site-content-layout":"content-boxed-container","ast-site-content-layout":"normal-width-container","site-content-style":"boxed","site-sidebar-style":"unboxed","ast-global-header-display":"","ast-banner-title-visibility":"","ast-main-header-display":"","ast-hfb-above-header-display":"","ast-hfb-below-header-display":"","ast-hfb-mobile-header-display":"","site-post-title":"","ast-breadcrumbs-content":"","ast-featured-img":"","footer-sml-layout":"","ast-disable-related-posts":"","theme-transparent-header-meta":"default","adv-header-id-meta":"","stick-header-meta":"","header-above-stick-meta":"","header-main-stick-meta":"","header-below-stick-meta":"","astra-migrate-meta-layouts":"set","ast-page-background-enabled":"default","ast-page-background-meta":{"desktop":{"background-color":"var(--ast-global-color-4)","background-image":"","background-repeat":"repeat","background-position":"center center","background-size":"auto","background-attachment":"scroll","background-type":"","background-media":"","overlay-type":"","overlay-color":"","overlay-opacity":"","overlay-gradient":""},"tablet":{"background-color":"","background-image":"","background-repeat":"repeat","background-position":"center center","background-size":"auto","background-attachment":"scroll","background-type":"","background-media":"","overlay-type":"","overlay-color":"","overlay-opacity":"","overlay-gradient":""},"mobile":{"background-color":"","background-image":"","background-repeat":"repeat","background-position":"center center","background-size":"auto","background-attachment":"scroll","background-type":"","background-media":"","overlay-type":"","overlay-color":"","overlay-opacity":"","overlay-gradient":""}},"ast-content-background-meta":{"desktop":{"background-color":"var(--ast-global-color-5)","background-image":"","background-repeat":"repeat","background-position":"center center","background-size":"auto","background-attachment":"scroll","background-type":"","background-media":"","overlay-type":"","overlay-color":"","overlay-opacity":"","overlay-gradient":""},"tablet":{"background-color":"var(--ast-global-color-5)","background-image":"","background-repeat":"repeat","background-position":"center center","background-size":"auto","background-attachment":"scroll","background-type":"","background-media":"","overlay-type":"","overlay-color":"","overlay-opacity":"","overlay-gradient":""},"mobile":{"background-color":"var(--ast-global-color-5)","background-image":"","background-repeat":"repeat","background-position":"center center","background-size":"auto","background-attachment":"scroll","background-type":"","background-media":"","overlay-type":"","overlay-color":"","overlay-opacity":"","overlay-gradient":""}},"_joinchat":[]},"product_brand":[],"product_cat":[15,60,128,27,25,123,30,26,28],"product_tag":[131,66,125,126,130,105,132],"class_list":{"0":"post-2337","1":"product","2":"type-product","3":"status-publish","4":"has-post-thumbnail","6":"product_cat-new-vape-this-week","7":"product_cat-bang-vapes","8":"product_cat-elf-box-disposable-vapes","9":"product_cat-fance-hot-sale-vape","10":"product_cat-germany-best-selling-vape","11":"product_cat-italy-wholesale-vape","12":"product_cat-minimum-order-quantity-50pcs","13":"product_cat-netherlands-hot-sale-vape","14":"product_cat-poland-hot-sale-vape","15":"product_tag-big-puff-vape","16":"product_tag-disposable-vape","17":"product_tag-disposable-vape-italy","18":"product_tag-e-cigarettes","19":"product_tag-elf-box","20":"product_tag-nicotine-free-disposable-vape","21":"product_tag-rechargeable-vape","22":"desktop-align-left","23":"tablet-align-left","24":"mobile-align-left","26":"first","27":"instock","28":"sale","29":"shipping-taxable","30":"purchasable","31":"product-type-simple"},"uagb_featured_image_src":{"full":["https:\/\/rmvapesale.com\/wp-content\/uploads\/2024\/10\/ELF-BOX-BK12000-Puff-Wholesale.jpg",800,800,false],"thumbnail":["https:\/\/rmvapesale.com\/wp-content\/uploads\/2024\/10\/ELF-BOX-BK12000-Puff-Wholesale-150x150.jpg",150,150,true],"medium":["https:\/\/rmvapesale.com\/wp-content\/uploads\/2024\/10\/ELF-BOX-BK12000-Puff-Wholesale-300x300.jpg",300,300,true],"medium_large":["https:\/\/rmvapesale.com\/wp-content\/uploads\/2024\/10\/ELF-BOX-BK12000-Puff-Wholesale-768x768.jpg",768,768,true],"large":["https:\/\/rmvapesale.com\/wp-content\/uploads\/2024\/10\/ELF-BOX-BK12000-Puff-Wholesale.jpg",800,800,false],"1536x1536":["https:\/\/rmvapesale.com\/wp-content\/uploads\/2024\/10\/ELF-BOX-BK12000-Puff-Wholesale.jpg",800,800,false],"2048x2048":["https:\/\/rmvapesale.com\/wp-content\/uploads\/2024\/10\/ELF-BOX-BK12000-Puff-Wholesale.jpg",800,800,false],"trp-custom-language-flag":["https:\/\/rmvapesale.com\/wp-content\/uploads\/2024\/10\/ELF-BOX-BK12000-Puff-Wholesale.jpg",12,12,false],"woocommerce_thumbnail":["https:\/\/rmvapesale.com\/wp-content\/uploads\/2024\/10\/ELF-BOX-BK12000-Puff-Wholesale-300x300.jpg",300,300,true],"woocommerce_single":["https:\/\/rmvapesale.com\/wp-content\/uploads\/2024\/10\/ELF-BOX-BK12000-Puff-Wholesale-600x600.jpg",600,600,true],"woocommerce_gallery_thumbnail":["https:\/\/rmvapesale.com\/wp-content\/uploads\/2024\/10\/ELF-BOX-BK12000-Puff-Wholesale-100x100.jpg",100,100,true],"wcpr-photo-reviews":["https:\/\/rmvapesale.com\/wp-content\/uploads\/2024\/10\/ELF-BOX-BK12000-Puff-Wholesale.jpg",500,500,false]},"uagb_author_info":{"display_name":"AMY","author_link":"https:\/\/rmvapesale.com\/hu\/author\/"},"uagb_comment_info":0,"uagb_excerpt":"ELF BOX BK12000 Puff 0% 2% 3% 5% Nicotine ELF BOX BK12000 Puff Disposable Vape Wholesale ELF BOX BK12000 Puff Rechargeable Disposable Vape WhatsApp: +86 17776015835 &nbsp;","_links":{"self":[{"href":"https:\/\/rmvapesale.com\/hu\/wp-json\/wp\/v2\/product\/2337","targetHints":{"allow":["GET"]}}],"collection":[{"href":"https:\/\/rmvapesale.com\/hu\/wp-json\/wp\/v2\/product"}],"about":[{"href":"https:\/\/rmvapesale.com\/hu\/wp-json\/wp\/v2\/types\/product"}],"replies":[{"embeddable":true,"href":"https:\/\/rmvapesale.com\/hu\/wp-json\/wp\/v2\/comments?post=2337"}],"wp:featuredmedia":[{"embeddable":true,"href":"https:\/\/rmvapesale.com\/hu\/wp-json\/wp\/v2\/media\/2341"}],"wp:attachment":[{"href":"https:\/\/rmvapesale.com\/hu\/wp-json\/wp\/v2\/media?parent=2337"}],"wp:term":[{"taxonomy":"product_brand","embeddable":true,"href":"https:\/\/rmvapesale.com\/hu\/wp-json\/wp\/v2\/product_brand?post=2337"},{"taxonomy":"product_cat","embeddable":true,"href":"https:\/\/rmvapesale.com\/hu\/wp-json\/wp\/v2\/product_cat?post=2337"},{"taxonomy":"product_tag","embeddable":true,"href":"https:\/\/rmvapesale.com\/hu\/wp-json\/wp\/v2\/product_tag?post=2337"}],"curies":[{"name":"wp","href":"https:\/\/api.w.org\/{rel}","templated":true}]}}