{"id":2344,"date":"2024-10-11T03:13:13","date_gmt":"2024-10-11T03:13:13","guid":{"rendered":"https:\/\/rmvapesale.com\/?post_type=product&#038;p=2344"},"modified":"2024-10-11T04:01:54","modified_gmt":"2024-10-11T04:01:54","slug":"mrvi-puffing-15000-puff-disposable-vape-box","status":"publish","type":"product","link":"https:\/\/rmvapesale.com\/hu\/product\/mrvi-puffing-15000-puff-disposable-vape-box\/","title":{"rendered":"MRVI PUFFING 15000 F\u00faj\u00e1s Eldobhat\u00f3 Vape Doboz"},"content":{"rendered":"<div class=\"B2VR9 CJHX3e\">\n<div class=\"wyccme\">\n<h1 class=\"LC20lb MBeuO DKV0Md\">MRVI PUFFING 15000 F\u00faj\u00e1s Eldobhat\u00f3 Vape Doboz<\/h1>\n<div class=\"flex-shrink-0 flex flex-col relative items-end\">\n<div class=\"pt-0\">\n<div class=\"gizmo-bot-avatar flex h-8 w-8 items-center justify-center overflow-hidden rounded-full\">\n<div class=\"relative p-1 rounded-sm flex items-center justify-center bg-token-main-surface-primary text-token-text-primary h-8 w-8\">\n<p>K\u00e9sz\u00fclj fel egy kiv\u00e1l\u00f3 vaping \u00e9lm\u00e9nyre a MRVI PUFFING 15000 Puff eldobhat\u00f3 vape dobozzal! Olyanok sz\u00e1m\u00e1ra tervezve, akik hossz\u00fa t\u00e1v\u00fa teljes\u00edtm\u00e9nyt keresnek, ez a vape 15 000 sz\u00edv\u00e1st biztos\u00edt, \u00edgy napokig \u00e9lvezheted an\u00e9lk\u00fcl, hogy agg\u00f3dn\u00e1l.<\/p>\n<p>Egy er\u0151s 750mAh \u00fajrat\u00f6lthet\u0151 akkumul\u00e1torral \u00e9s Type-C t\u00f6lt\u0151porttal van felszerelve, \u00edgy sosem maradsz \u00e1ram n\u00e9lk\u00fcl. A 25ml e-liquid kapacit\u00e1s \u00e9s a kett\u0151s h\u00e1l\u00f3s tekercstechnol\u00f3gia gazdag, \u00edzletes l\u00f6v\u00e9seket biztos\u00edt minden alkalommal. R\u00e1ad\u00e1sul a praktikus e-liquid \u00e9s teljes\u00edtm\u00e9ny kijelz\u0151vel nyomon k\u00f6vetheted a haszn\u00e1latodat.<\/p>\n<p>V\u00e1lassz a 2% vagy 5% nikotinszint k\u00f6z\u00f6tt, a preferenci\u00e1id szerint. \u00c9s hogy m\u00e9g jobb legyen, a MRVI Puffing eleg\u00e1ns nyakl\u00e1nccal \u00e9rkezik, \u00edgy k\u00f6nnyen hordozhatod b\u00e1rhov\u00e1!<\/p>\n<p>T\u00f6k\u00e9letes azok sz\u00e1m\u00e1ra, akik szeretik a k\u00e9nyelmet \u00e9s a teljes\u00edtm\u00e9nyt egyar\u00e1nt, a MRVI PUFFING 15000 Puff eldobhat\u00f3 vape doboz visszat\u00e9r\u0151 v\u00e1s\u00e1rl\u00f3kat fog hozni.<\/p>\n<p>&nbsp;<\/p>\n<\/div>\n<\/div>\n<\/div>\n<\/div>\n<\/div>\n<\/div>\n<p><strong>L\u00e9pjen kapcsolatba Amyvel a pontos v\u00e1laszok\u00e9rt \u00e9s tov\u00e1bbi term\u00e9kvide\u00f3k\u00e9rt!<\/strong><\/p>\n<p><img loading=\"lazy\" decoding=\"async\" class=\"size-full wp-image-1978\" src=\"https:\/\/rmvapesale.com\/wp-content\/uploads\/2024\/09\/Disposable-Vape-Wholesale.jpg\" alt=\"Eldobhat\u00f3 Vape Nagykereskedelem\" width=\"229\" height=\"300\" \/><\/p>\n<h3><a href=\"https:\/\/wa.me\/8617776015835\" target=\"_blank\" rel=\"noopener\"><span style=\"color: #ff0000\"><strong>WhatsApp: +86 17776015835<\/strong><\/span><\/a><\/h3>\n<p>&nbsp;<\/p>\n<h2><\/h2>\n<h2><strong>MRVI PUFFING 15000 Puff f\u0151 jellemz\u0151i<\/strong><\/h2>\n<ul>\n<li><strong>Magas Puffsz\u00e1m<\/strong>: \u00c9lvezd ak\u00e1r <strong>15,000 slukk<\/strong>, biztos\u00edtva egy hossz\u00fa t\u00e1v\u00fa vaping \u00e9lm\u00e9nyt gyakori cser\u00e9k n\u00e9lk\u00fcl.<\/li>\n<li><strong>E-Liquid Kapacit\u00e1s<\/strong>: A <strong>25ml e-liquid tart\u00e1ly<\/strong> hosszabb haszn\u00e1latot biztos\u00edt, minimaliz\u00e1lva a t\u00f6lcs\u00e9rek sz\u00e1m\u00e1t.<\/li>\n<li><strong>\u00dajrat\u00f6lthet\u0151 Akkumul\u00e1tor<\/strong>: M\u0171k\u00f6dteti egy <strong>750mAh akkumul\u00e1tor<\/strong>, megb\u00edzhat\u00f3 teljes\u00edtm\u00e9nyt ny\u00fajt, az \u00fajrat\u00f6lt\u00e9s k\u00e9nyelm\u00e9vel.<\/li>\n<li><strong>Type-C T\u00f6lt\u00e9s<\/strong>: Gyors \u00e9s hat\u00e9kony t\u00f6lt\u00e9s a modern <strong>Type-C porttal<\/strong>, hogy gyorsan \u00fajra k\u00e9szen \u00e1llj a haszn\u00e1latra.<\/li>\n<li><strong>Dupla H\u00e1l\u00f3s Tekercs Technol\u00f3gia<\/strong>: Emeld a vaping \u00e9lm\u00e9nyedet a <strong>kett\u0151s h\u00e1l\u00f3s tekercsekkel<\/strong>, gazdag \u00edzt \u00e9s sima g\u0151zk\u00e9pz\u00e9st k\u00edn\u00e1lva.<\/li>\n<li><strong>Intelligens K\u00e9perny\u0151 Kijelz\u0151<\/strong>: Maradj t\u00e1j\u00e9kozott egy <strong>digit\u00e1lis kijelz\u0151<\/strong> amely egy pillant\u00e1ssal mutatja az e-liquid szinteket \u00e9s az akkumul\u00e1tor \u00e9lettartam\u00e1t.<\/li>\n<li><strong>Nikotin opci\u00f3k<\/strong>: El\u00e9rhet\u0151 <strong>2% \u00e9s 5%<\/strong> nikotinszintek, amelyek k\u00fcl\u00f6nb\u00f6z\u0151 preferenci\u00e1kat szolg\u00e1lnak ki.<\/li>\n<li><strong>K\u00e9nyelmes L\u00e1nc<\/strong>: Tartoz\u00e9k egy <strong>nyakp\u00e1nt<\/strong> k\u00f6nny\u0171 hordoz\u00e1shoz, \u00edgy t\u00f6k\u00e9letes t\u00e1rs a mozg\u00e1s k\u00f6zbeni vapinghez.<\/li>\n<\/ul>\n<figure id=\"attachment_2345\" aria-describedby=\"caption-attachment-2345\" style=\"width: 808px\" class=\"wp-caption alignnone\"><img loading=\"lazy\" decoding=\"async\" class=\"wp-image-2345 size-full\" src=\"https:\/\/rmvapesale.com\/wp-content\/uploads\/2024\/10\/Mrvi-Puffing-15k-Price.jpg\" alt=\"Mrvi Puffing 15k \u00e1r\" width=\"808\" height=\"808\" srcset=\"https:\/\/rmvapesale.com\/wp-content\/uploads\/2024\/10\/Mrvi-Puffing-15k-Price.jpg 808w, https:\/\/rmvapesale.com\/wp-content\/uploads\/2024\/10\/Mrvi-Puffing-15k-Price-300x300.jpg 300w, https:\/\/rmvapesale.com\/wp-content\/uploads\/2024\/10\/Mrvi-Puffing-15k-Price-150x150.jpg 150w, https:\/\/rmvapesale.com\/wp-content\/uploads\/2024\/10\/Mrvi-Puffing-15k-Price-768x768.jpg 768w, https:\/\/rmvapesale.com\/wp-content\/uploads\/2024\/10\/Mrvi-Puffing-15k-Price-600x600.jpg 600w, https:\/\/rmvapesale.com\/wp-content\/uploads\/2024\/10\/Mrvi-Puffing-15k-Price-100x100.jpg 100w\" sizes=\"auto, (max-width: 808px) 100vw, 808px\" \/><figcaption id=\"caption-attachment-2345\" class=\"wp-caption-text\">Mrvi Puffing 15k \u00e1r<\/figcaption><\/figure>\n<h2><strong>Legn\u00e9pszer\u0171bb \u00edz a MRVI PUFFING 15000 Puff ECighez<\/strong><\/h2>\n<p>10 fantasztikus \u00edz k\u00f6z\u00fcl v\u00e1laszthat, bele\u00e9rtve gy\u00fcm\u00f6lcs\u00f6s \u00e9s jeges opci\u00f3kat, a MRVI PUFFING 15000 Puff eldobhat\u00f3 k\u00e9szlet minden \u00edzl\u00e9snek megfelel.<\/p>\n<p>1. \u00c1fonya J\u00e9gen<span style=\"color: #ff0000\"><strong>&gt;&gt;&gt;&gt; Forr\u00f3!<\/strong><\/span><br \/>\n2. Ban\u00e1n Milkshake<br \/>\n3. Eper G\u00f6r\u00f6gdinnye<br \/>\n4. M\u00e9zeskal\u00e1cs J\u00e9gkr\u00e9m<br \/>\n5. V\u00f6r\u00f6s Alma J\u00e9g<br \/>\n6. S\u00e1rgabarack Mang\u00f3<br \/>\n7. \u00c1fonya Bubor\u00e9k<span style=\"color: #ff0000\"><strong>&gt;&gt;&gt;&gt; A legjobb!<\/strong><\/span><br \/>\n8. Lush Ice<br \/>\n9. Anan\u00e1sz J\u00e9g<br \/>\n10. R\u00f3zsasz\u00edn Robban\u00e1s<span style=\"color: #ff0000\"><strong>&gt;&gt;&gt;&gt; Forr\u00f3!<\/strong><\/span><\/p>\n<p>&nbsp;<\/p>\n<h3><strong>Mi\u00e9rt v\u00e1lassza az Rmvapesale-t az \u00d6n MRVI PUFFING 15000 Puff Eldobhat\u00f3 Vape Doboz\u00e1hoz?<\/strong><\/h3>\n<div class=\"flex-shrink-0 flex flex-col relative items-end\">\n<div class=\"pt-0\">\n<div class=\"gizmo-bot-avatar flex h-8 w-8 items-center justify-center overflow-hidden rounded-full\">\n<div class=\"relative p-1 rounded-sm flex items-center justify-center bg-token-main-surface-primary text-token-text-primary h-8 w-8\">\n<p>&nbsp;<\/p>\n<p>Ha az Rmvapesale-t v\u00e1lasztja az eldobhat\u00f3 vape-ek nagykereskedelm\u00e9hez, a k\u00f6vetkez\u0151 el\u0151ny\u00f6kben r\u00e9szes\u00fcl:<\/p>\n<ul>\n<li><strong>Versenyk\u00e9pes \u00e1rak<\/strong>: Hozz\u00e1f\u00e9rhet vonz\u00f3 nagykereskedelmi \u00e1rakhoz, amelyek n\u00f6velik az \u00fczleti marzsokat.<\/li>\n<li><strong>Magas min\u0151s\u00e9g<\/strong>: Vape-jeink a legmagasabb sz\u00ednvonalon k\u00e9sz\u00fclnek, \u00e9s <span style=\"color: #ff0000\"><strong>garant\u00e1ltan 100% eredetiek \u00e9s hitelesek, hamis \u00e1ru eset\u00e9n 10-szeres k\u00e1rt\u00e9r\u00edt\u00e9st biztos\u00edtunk!<\/strong><\/span><\/li>\n<li><strong>Kiv\u00e1l\u00f3 \u00dcgyf\u00e9lszolg\u00e1lat<\/strong>: Elk\u00f6telezett csapatunk mindig k\u00e9szen \u00e1ll, hogy seg\u00edtsen \u00d6nnek, z\u00f6kken\u0151mentess\u00e9 \u00e9s probl\u00e9mamentess\u00e9 t\u00e9ve a v\u00e1s\u00e1rl\u00e1si folyamatot.<\/li>\n<li><strong>Gyors Sz\u00e1ll\u00edt\u00e1s<\/strong>: Sz\u00e1m\u00edtson gyors \u00e9s megb\u00edzhat\u00f3 sz\u00e1ll\u00edt\u00e1sra, ami biztos\u00edtja, hogy rendel\u00e9sei mindig id\u0151ben meg\u00e9rkezzenek.<\/li>\n<\/ul>\n<h3><\/h3>\n<h3><b>GYIK<\/b><\/h3>\n<p><strong>Q1: H\u00e1ny sz\u00edv\u00e1st tudok kihozni az MRVI PUFFING 15000 Puffs eldobhat\u00f3 vape-b\u00f3l?<\/strong><br \/>\n<strong>A1:<\/strong> Az MRVI PUFFING leny\u0171g\u00f6z\u0151 <strong>15,000 slukk<\/strong>, biztos\u00edtva, hogy hossz\u00fa ideig \u00e9lvezhesd a vapel\u00e9st an\u00e9lk\u00fcl, hogy gyakran kellene cser\u00e9lni.<\/p>\n<p><strong>Q2: \u00dajrat\u00f6lthet\u0151 az MRVI PUFFING 15000 Puffs?<\/strong><br \/>\n<strong>A2:<\/strong> Igen! Ez a vape egy <strong>750mAh-s \u00fajrat\u00f6lthet\u0151 akkumul\u00e1torral<\/strong>rendelkezik, amely lehet\u0151v\u00e9 teszi, hogy k\u00f6nnyen \u00fajrat\u00f6ltsd a <strong>Type-C porttal<\/strong> k\u00e9nyelem \u00e9s hosszabb haszn\u00e1lat \u00e9rdek\u00e9ben.<\/p>\n<\/div>\n<\/div>\n<\/div>\n<\/div>\n<div class=\"group\/conversation-turn relative flex w-full min-w-0 flex-col agent-turn\">\n<div class=\"flex-col gap-1 md:gap-3\">\n<div class=\"flex max-w-full flex-col flex-grow\">\n<div class=\"min-h-8 text-message flex w-full flex-col items-end gap-2 whitespace-normal break-words [.text-message+&amp;]:mt-5\" dir=\"auto\" data-message-author-role=\"assistant\" data-message-id=\"f226d3fc-81f3-46d5-8c46-31787fff0357\">\n<div class=\"flex w-full flex-col gap-1 empty:hidden first:pt-[3px]\">\n<div class=\"markdown prose w-full break-words dark:prose-invert light\">\n<p><strong>Q3: Testre szabhatom-e a nikotinszintet az MRVI 15000 Puffs eldobhat\u00f3 vape-ban?<\/strong><br \/>\n<strong>A3:<\/strong> Igen, v\u00e1laszthat a <strong>2% \u00e9s 5% nikotiner\u0151ss\u00e9gben<\/strong> az \u00d6n g\u0151z\u00f6l\u00e9si preferenci\u00e1inak megfelel\u0151en.<\/p>\n<p><strong>Q4: Hogyan fokozza az MRVI PUFFING 15000 Puffs Vape Bar a doh\u00e1nyz\u00e1si \u00e9lm\u00e9nyt?<\/strong><br \/>\n<strong>A4:<\/strong> A <strong>kett\u0151s h\u00e1l\u00f3s tekercs technol\u00f3gi\u00e1ja<\/strong>, gazdag \u00edz\u00e9lm\u00e9nyt \u00e9s sima g\u0151zk\u00e9pz\u0151d\u00e9st ny\u00fajt, \u00edgy minden sz\u00edv\u00e1s kiel\u00e9g\u00edt\u0151.<\/p>\n<p><strong>Q5: Van-e kijelz\u0151 funkci\u00f3 az MRVI vape PUFFING-ben?<\/strong><br \/>\n<strong>A5:<\/strong> Abszol\u00fat! Tartalmaz egy <strong>e-folyad\u00e9k \u00e9s akkumul\u00e1tor kijelz\u0151<\/strong> \u00edgy k\u00f6nnyen nyomon k\u00f6vetheti h\u00e1tral\u00e9v\u0151 e-folyad\u00e9k\u00e1t \u00e9s az akkumul\u00e1tor \u00e9lettartam\u00e1t.<\/p>\n<p><strong>Q6: K\u00f6nnyen hordozhat\u00f3 az MRVI 15000 Puffs \u00fajrat\u00f6lthet\u0151 vape?<\/strong><br \/>\n<strong>A6:<\/strong> Igen, a kompakt kialak\u00edt\u00e1s miatt hordozhat\u00f3, \u00e9s t\u00f6k\u00e9letes utaz\u00e1s k\u00f6zbeni doh\u00e1nyz\u00e1shoz, ak\u00e1r otthon, ak\u00e1r \u00fatk\u00f6zben van.<\/p>\n<p><strong>Q7: Hol v\u00e1s\u00e1rolhatom meg az MRVI 15000 Puffs eldobhat\u00f3 vape-et?<\/strong><br \/>\n<strong>A7:<\/strong> Az MRVI PUFFING 15000 Puffs eldobhat\u00f3 vape-et k\u00fcl\u00f6nb\u00f6z\u0151 keresked\u0151kn\u00e9l \u00e9s online platformokon tal\u00e1lja meg, biztos\u00edtva k\u00f6nny\u0171 hozz\u00e1f\u00e9r\u00e9st minden doh\u00e1nyz\u00e1si ig\u00e9ny\u00e9hez.<\/p>\n<\/div>\n<\/div>\n<\/div>\n<\/div>\n<\/div>\n<\/div>\n<h3>A Sz\u00e1ll\u00edt\u00e1sr\u00f3l<\/h3>\n<div class=\"flex-shrink-0 flex flex-col relative items-end\">\n<div>\n<div class=\"pt-0\">\n<div class=\"gizmo-bot-avatar flex h-8 w-8 items-center justify-center overflow-hidden rounded-full\">\n<div><\/div>\n<div class=\"relative p-1 rounded-sm flex items-center justify-center bg-token-main-surface-primary text-token-text-primary h-8 w-8\"><strong>1. Milyen sz\u00e1ll\u00edt\u00e1si m\u00f3dokat haszn\u00e1lnak?<\/strong><\/div>\n<\/div>\n<\/div>\n<\/div>\n<\/div>\n<div class=\"group\/conversation-turn relative flex w-full min-w-0 flex-col agent-turn\">\n<div class=\"flex-col gap-1 md:gap-3\">\n<div class=\"flex max-w-full flex-col flex-grow\">\n<div class=\"min-h-[20px] text-message flex w-full flex-col items-end gap-2 whitespace-normal break-words [.text-message+&amp;]:mt-5 overflow-x-auto\" dir=\"auto\" data-message-author-role=\"assistant\" data-message-id=\"22f8283b-3233-46ff-89a5-c7a41b33abda\">\n<div class=\"flex w-full flex-col gap-1 empty:hidden first:pt-[3px]\">\n<div class=\"markdown prose w-full break-words dark:prose-invert light\">\n<p>Partnerei vagyunk a UPS, DHL, FedEx, DPD \u00e9s m\u00e1s vezet\u0151 fuvaroz\u00f3knak. A legjobb sz\u00e1ll\u00edt\u00e1si m\u00f3dot fogjuk kiv\u00e1lasztani a sz\u00e1ll\u00edt\u00e1si helysz\u00edne alapj\u00e1n, hogy a lehet\u0151 leggyorsabban megkapja a term\u00e9keit.<\/p>\n<\/div>\n<p><strong>2. Mennyi id\u0151 alatt \u00e9rkezik meg?<\/strong><\/p>\n<p>A csomagok \u00e1ltal\u00e1ban 10 munkanapon bel\u00fcl meg\u00e9rkeznek Magyarorsz\u00e1gra. Az eur\u00f3pai orsz\u00e1gokba t\u00f6rt\u00e9n\u0151 sz\u00e1ll\u00edt\u00e1s \u00e1ltal\u00e1ban 12-15 munkanapot vesz ig\u00e9nybe. Folyamatosan t\u00e1j\u00e9koztatjuk a sz\u00e1ll\u00edt\u00e1si st\u00e1tuszr\u00f3l.<\/p>\n<\/div>\n<\/div>\n<\/div>\n<\/div>\n<\/div>\n<p>&nbsp;<\/p>\n<p>Tov\u00e1bbi n\u00e9pszer\u0171 vape term\u00e9kek, amik tetszhetnek:<\/p>\n<p><a href=\"https:\/\/rmvapesale.com\/hu\/product\/elf-box-vape-bk12000-puff-disposable-pod-wholesale\/\"><strong>ELF BOX BK12000 Puffs <span style=\"color: #ff0000\">&gt;&gt;&gt;&gt; ide!<\/span><\/strong><\/a><\/p>\n<p><strong><a href=\"https:\/\/rmvapesale.com\/hu\/product\/waspe-fihp-30000-puffs-led-display-disposable-vape-box\/\">WASPE FIHP 30000 Puffs <span style=\"color: #ff0000\">&gt;&gt;&gt;&gt; ide!<\/span><\/a>\u00a0<\/strong><\/p>\n<h2 class=\"woocommerce-loop-product__title\"><a style=\"font-size: 16px\" href=\"https:\/\/rmvapesale.com\/hu\/product\/randm-tornado-15000-puffs-vape-wholesale\/\"><strong>RandM Tornado 15000 <span style=\"color: #ff0000\">&gt;&gt;&gt;&gt; ide!<\/span><\/strong><\/a><\/h2>\n<p>&nbsp;<\/p>\n<p>&nbsp;<\/p>\n<p>Tal\u00e1lja meg a tov\u00e1bbi vape term\u00e9keket, amelyek tetszhetnek \u00d6nnek:<strong><em><a href=\"https:\/\/rmvapesale.com\/hu\/shop-2\/\">V\u00e1s\u00e1roljon most &gt;&gt;&gt;<\/a><\/em><\/strong><\/p>","protected":false},"excerpt":{"rendered":"<p>Gy\u00e1ri eredeti MRVI PUFFING 15000 PUFFS Vape doboz<br \/>\nMRVI 15000 Puffs 2% 5% 25ml E-liquid \u00fajrat\u00f6lthet\u0151<br \/>\nMRVI PUFFING 1500015K Puffs nagykereskedelmi \u00e1r\u00fa vape<\/p>\n<p><img loading=\"lazy\" decoding=\"async\" class=\"size-full wp-image-1978\" src=\"https:\/\/rmvapesale.com\/wp-content\/uploads\/2024\/09\/Disposable-Vape-Wholesale.jpg\" alt=\"Eldobhat\u00f3 Vape Nagykereskedelem\" width=\"229\" height=\"300\" \/><\/p>\n<h3><a href=\"https:\/\/wa.me\/8617776015835\"><span style=\"color: #ff0000\"><strong>WhatsApp: +86 17776015835<\/strong><\/span><\/a><\/h3>\n<p>&nbsp;<\/p>","protected":false},"featured_media":2349,"comment_status":"open","ping_status":"closed","template":"","meta":{"_uag_custom_page_level_css":"","_lmt_disableupdate":"","_lmt_disable":"","site-sidebar-layout":"default","site-content-layout":"content-boxed-container","ast-site-content-layout":"normal-width-container","site-content-style":"boxed","site-sidebar-style":"unboxed","ast-global-header-display":"","ast-banner-title-visibility":"","ast-main-header-display":"","ast-hfb-above-header-display":"","ast-hfb-below-header-display":"","ast-hfb-mobile-header-display":"","site-post-title":"","ast-breadcrumbs-content":"","ast-featured-img":"","footer-sml-layout":"","ast-disable-related-posts":"","theme-transparent-header-meta":"default","adv-header-id-meta":"","stick-header-meta":"","header-above-stick-meta":"","header-main-stick-meta":"","header-below-stick-meta":"","astra-migrate-meta-layouts":"set","ast-page-background-enabled":"default","ast-page-background-meta":{"desktop":{"background-color":"var(--ast-global-color-4)","background-image":"","background-repeat":"repeat","background-position":"center center","background-size":"auto","background-attachment":"scroll","background-type":"","background-media":"","overlay-type":"","overlay-color":"","overlay-opacity":"","overlay-gradient":""},"tablet":{"background-color":"","background-image":"","background-repeat":"repeat","background-position":"center center","background-size":"auto","background-attachment":"scroll","background-type":"","background-media":"","overlay-type":"","overlay-color":"","overlay-opacity":"","overlay-gradient":""},"mobile":{"background-color":"","background-image":"","background-repeat":"repeat","background-position":"center center","background-size":"auto","background-attachment":"scroll","background-type":"","background-media":"","overlay-type":"","overlay-color":"","overlay-opacity":"","overlay-gradient":""}},"ast-content-background-meta":{"desktop":{"background-color":"var(--ast-global-color-5)","background-image":"","background-repeat":"repeat","background-position":"center center","background-size":"auto","background-attachment":"scroll","background-type":"","background-media":"","overlay-type":"","overlay-color":"","overlay-opacity":"","overlay-gradient":""},"tablet":{"background-color":"var(--ast-global-color-5)","background-image":"","background-repeat":"repeat","background-position":"center center","background-size":"auto","background-attachment":"scroll","background-type":"","background-media":"","overlay-type":"","overlay-color":"","overlay-opacity":"","overlay-gradient":""},"mobile":{"background-color":"var(--ast-global-color-5)","background-image":"","background-repeat":"repeat","background-position":"center center","background-size":"auto","background-attachment":"scroll","background-type":"","background-media":"","overlay-type":"","overlay-color":"","overlay-opacity":"","overlay-gradient":""}},"_joinchat":[]},"product_brand":[],"product_cat":[15,60,27,25,123,30,26,28],"product_tag":[131,66,125,126,134,132,133],"class_list":{"0":"post-2344","1":"product","2":"type-product","3":"status-publish","4":"has-post-thumbnail","6":"product_cat-new-vape-this-week","7":"product_cat-bang-vapes","8":"product_cat-fance-hot-sale-vape","9":"product_cat-germany-best-selling-vape","10":"product_cat-italy-wholesale-vape","11":"product_cat-minimum-order-quantity-50pcs","12":"product_cat-netherlands-hot-sale-vape","13":"product_cat-poland-hot-sale-vape","14":"product_tag-big-puff-vape","15":"product_tag-disposable-vape","16":"product_tag-disposable-vape-italy","17":"product_tag-e-cigarettes","18":"product_tag-mrvi-puffing-15k-price","19":"product_tag-rechargeable-vape","20":"product_tag-vape-bar","21":"desktop-align-left","22":"tablet-align-left","23":"mobile-align-left","25":"first","26":"instock","27":"sale","28":"shipping-taxable","29":"purchasable","30":"product-type-simple"},"uagb_featured_image_src":{"full":["https:\/\/rmvapesale.com\/wp-content\/uploads\/2024\/10\/MRVI-PUFFING-15000.jpg",808,808,false],"thumbnail":["https:\/\/rmvapesale.com\/wp-content\/uploads\/2024\/10\/MRVI-PUFFING-15000-150x150.jpg",150,150,true],"medium":["https:\/\/rmvapesale.com\/wp-content\/uploads\/2024\/10\/MRVI-PUFFING-15000-300x300.jpg",300,300,true],"medium_large":["https:\/\/rmvapesale.com\/wp-content\/uploads\/2024\/10\/MRVI-PUFFING-15000-768x768.jpg",768,768,true],"large":["https:\/\/rmvapesale.com\/wp-content\/uploads\/2024\/10\/MRVI-PUFFING-15000.jpg",808,808,false],"1536x1536":["https:\/\/rmvapesale.com\/wp-content\/uploads\/2024\/10\/MRVI-PUFFING-15000.jpg",808,808,false],"2048x2048":["https:\/\/rmvapesale.com\/wp-content\/uploads\/2024\/10\/MRVI-PUFFING-15000.jpg",808,808,false],"trp-custom-language-flag":["https:\/\/rmvapesale.com\/wp-content\/uploads\/2024\/10\/MRVI-PUFFING-15000.jpg",12,12,false],"woocommerce_thumbnail":["https:\/\/rmvapesale.com\/wp-content\/uploads\/2024\/10\/MRVI-PUFFING-15000-300x300.jpg",300,300,true],"woocommerce_single":["https:\/\/rmvapesale.com\/wp-content\/uploads\/2024\/10\/MRVI-PUFFING-15000-600x600.jpg",600,600,true],"woocommerce_gallery_thumbnail":["https:\/\/rmvapesale.com\/wp-content\/uploads\/2024\/10\/MRVI-PUFFING-15000-100x100.jpg",100,100,true],"wcpr-photo-reviews":["https:\/\/rmvapesale.com\/wp-content\/uploads\/2024\/10\/MRVI-PUFFING-15000.jpg",500,500,false]},"uagb_author_info":{"display_name":"AMY","author_link":"https:\/\/rmvapesale.com\/hu\/author\/"},"uagb_comment_info":0,"uagb_excerpt":"Factory Original MRVI PUFFING 15000 PUFFS Vape Box MRVI 15000 Puffs 2% 5% 25mL E-liquid Rechargeable MRVI PUFFING 1500015K Puffs Wholesale Price vape WhatsApp: +86 17776015835 &nbsp;","_links":{"self":[{"href":"https:\/\/rmvapesale.com\/hu\/wp-json\/wp\/v2\/product\/2344","targetHints":{"allow":["GET"]}}],"collection":[{"href":"https:\/\/rmvapesale.com\/hu\/wp-json\/wp\/v2\/product"}],"about":[{"href":"https:\/\/rmvapesale.com\/hu\/wp-json\/wp\/v2\/types\/product"}],"replies":[{"embeddable":true,"href":"https:\/\/rmvapesale.com\/hu\/wp-json\/wp\/v2\/comments?post=2344"}],"wp:featuredmedia":[{"embeddable":true,"href":"https:\/\/rmvapesale.com\/hu\/wp-json\/wp\/v2\/media\/2349"}],"wp:attachment":[{"href":"https:\/\/rmvapesale.com\/hu\/wp-json\/wp\/v2\/media?parent=2344"}],"wp:term":[{"taxonomy":"product_brand","embeddable":true,"href":"https:\/\/rmvapesale.com\/hu\/wp-json\/wp\/v2\/product_brand?post=2344"},{"taxonomy":"product_cat","embeddable":true,"href":"https:\/\/rmvapesale.com\/hu\/wp-json\/wp\/v2\/product_cat?post=2344"},{"taxonomy":"product_tag","embeddable":true,"href":"https:\/\/rmvapesale.com\/hu\/wp-json\/wp\/v2\/product_tag?post=2344"}],"curies":[{"name":"wp","href":"https:\/\/api.w.org\/{rel}","templated":true}]}}