{"id":2365,"date":"2024-10-12T07:48:28","date_gmt":"2024-10-12T07:48:28","guid":{"rendered":"https:\/\/rmvapesale.com\/?post_type=product&#038;p=2365"},"modified":"2024-10-12T08:13:12","modified_gmt":"2024-10-12T08:13:12","slug":"fihp-shisha-hookah-12000-puffs-monster-low-nicotine-vape-pen","status":"publish","type":"product","link":"https:\/\/rmvapesale.com\/hu\/product\/fihp-shisha-hookah-12000-puffs-monster-low-nicotine-vape-pen\/","title":{"rendered":"FIHP Shisha Hookah 12000 Puffs Monster Low Nicotine Vape Pen"},"content":{"rendered":"<div class=\"B2VR9 CJHX3e\">\n<div class=\"wyccme\">\n<h1 class=\"LC20lb MBeuO DKV0Md\">FIHP Shisha Hookah 12000 Puffs Monster alacsony nikotinos eldobhat\u00f3 Vape Pen<\/h1>\n<div class=\"flex-shrink-0 flex flex-col relative items-end\">\n<div class=\"pt-0\">\n<div class=\"gizmo-bot-avatar flex h-8 w-8 items-center justify-center overflow-hidden rounded-full\">\n<div class=\"relative p-1 rounded-sm flex items-center justify-center bg-token-main-surface-primary text-token-text-primary h-8 w-8\">\n<p>A FIHP Shisha Hookah 12000 Puffs Monster alacsony nikotinos eldobhat\u00f3 Vape Pen-t azoknak a g\u0151z\u00f6l\u0151knek tervezt\u00e9k, akik hosszan tart\u00f3 teljes\u00edtm\u00e9nyt \u00e9s gazdag \u00edzt keresnek. Hihetetlen 12 000 slukks kapacit\u00e1s\u00e1val \u00e9s b\u0151s\u00e9ges 22 ml-es e-liquid tart\u00e1ly\u00e1val hosszan tart\u00f3 \u00e9lvezetet biztos\u00edt. A 650 mAh-s \u00fajrat\u00f6lthet\u0151 akkumul\u00e1torral \u00e9s 0,6\u03a9-os h\u00e1l\u00f3s tekerccsel ez az eszk\u00f6z minden slukkn\u00e1l sima, s\u0171r\u0171 g\u0151zt biztos\u00edt. Az eleg\u00e1ns LED-kijelz\u0151 t\u00e1j\u00e9koztat az akkumul\u00e1tor \u00e9lettartam\u00e1r\u00f3l \u00e9s az e-liquidr\u0151l, m\u00edg a Type-C t\u00f6lt\u0151port gyors, hat\u00e9kony \u00fajrat\u00f6lt\u00e9st tesz lehet\u0151v\u00e9.<\/p>\n<p>T\u00f6k\u00e9letes a nagykereskedelmi vev\u0151k sz\u00e1m\u00e1ra, ez az akci\u00f3s vape pen versenyk\u00e9pes t\u00f6meges v\u00e1s\u00e1rl\u00e1si \u00e1ron kaphat\u00f3, magas min\u0151s\u00e9g\u0171, hosszan tart\u00f3 g\u0151z\u00f6l\u00e9si lehet\u0151s\u00e9get biztos\u00edtva a kiskeresked\u0151knek.<\/p>\n<p>Tapasztald meg a pr\u00e9mium g\u0151z\u00f6l\u00e9st a FIHP Shisha Hookah 12000-rel \u2013 a g\u0151z\u00f6l\u0151k \u00e9s a kiskeresked\u0151k els\u0151 sz\u00e1m\u00fa v\u00e1laszt\u00e1sa.<\/p>\n<p>&nbsp;<\/p>\n<\/div>\n<\/div>\n<\/div>\n<\/div>\n<\/div>\n<\/div>\n<p><strong>L\u00e9pjen kapcsolatba Amyvel a pontos v\u00e1laszok\u00e9rt \u00e9s tov\u00e1bbi term\u00e9kvide\u00f3k\u00e9rt!<\/strong><\/p>\n<p><img loading=\"lazy\" decoding=\"async\" class=\"size-full wp-image-1978\" src=\"https:\/\/rmvapesale.com\/wp-content\/uploads\/2024\/09\/Disposable-Vape-Wholesale.jpg\" alt=\"Eldobhat\u00f3 Vape Nagykereskedelem\" width=\"229\" height=\"300\" \/><\/p>\n<h3><a href=\"https:\/\/wa.me\/8617776015835\" target=\"_blank\" rel=\"noopener\"><span style=\"color: #ff0000\"><strong>WhatsApp: +86 17776015835<\/strong><\/span><\/a><\/h3>\n<p>&nbsp;<\/p>\n<h2><\/h2>\n<h2><strong>FIHP Shisha Hookah 12000 Eldobhat\u00f3 Vape F\u0151bb Jellemz\u0151k<\/strong><\/h2>\n<p>&nbsp;<\/p>\n<ul>\n<li><strong>Magas Puffsz\u00e1m<\/strong>: \u00c9lvezd ak\u00e1r <strong>12 000 puff<\/strong> a hosszan tart\u00f3 \u00e9s folyamatos g\u0151z\u00f6l\u00e9si \u00e9lm\u00e9ny\u00e9rt.<\/li>\n<li><strong>B\u0151s\u00e9ges e-liquid kapacit\u00e1s<\/strong>: A <strong>22 ml-es e-liquid tart\u00e1ly<\/strong>seg\u00edts\u00e9g\u00e9vel az eszk\u00f6z kevesebb ut\u00e1nt\u00f6lt\u00e9ssel is hosszabb ideig haszn\u00e1lhat\u00f3.<\/li>\n<li><strong>Megb\u00edzhat\u00f3 akkumul\u00e1tor<\/strong>: M\u0171k\u00f6dteti egy <strong>650mAh \u00fajrat\u00f6lthet\u0151 akkumul\u00e1torral<\/strong>, biztos\u00edtva az \u00e1lland\u00f3 \u00e9s megb\u00edzhat\u00f3 teljes\u00edtm\u00e9nyt.<\/li>\n<li><strong>Nikotin er\u0151ss\u00e9ge<\/strong>: Tartalmaz <strong>0.6% nikotint (6mg)<\/strong>, amely kiel\u00e9g\u00edt\u0151 \u00e9s sima g\u0151z\u00f6l\u00e9si \u00e9lm\u00e9nyt ny\u00fajt.<\/li>\n<li><strong>Mesh Tekercs Technol\u00f3gia<\/strong>: Felszerelve egy <strong>0.6\u03a9-os h\u00e1l\u00f3s tekercs<\/strong> a fokozott \u00edz- \u00e9s g\u0151zk\u00e9pz\u0151d\u00e9s \u00e9rdek\u00e9ben.<\/li>\n<li><strong>LED kijelz\u0151<\/strong>: Legyen naprak\u00e9sz a <strong>LED kijelz\u0151<\/strong> , amely val\u00f3s idej\u0171 friss\u00edt\u00e9seket biztos\u00edt az akkumul\u00e1tor \u00e9lettartam\u00e1r\u00f3l \u00e9s haszn\u00e1lat\u00e1r\u00f3l.<\/li>\n<\/ul>\n<h2><\/h2>\n<h2><strong>Kiv\u00e1l\u00f3 \u00edz a FIHP Shisha 12000 Puffs Vape Bar-hoz<\/strong><\/h2>\n<p>A FIHP Shisha Hookah 12000 Puff<strong>\u00a0Eldobhat\u00f3 Vape<\/strong> 10 cs\u00e1b\u00edt\u00f3 \u00edzben kaphat\u00f3, a gy\u00fcm\u00f6lcs\u00f6st\u0151l a h\u0171s\u00edt\u0151ig, minden \u00edzl\u00e9snek megfelel, kiel\u00e9g\u00edt\u0151 \u00e9lm\u00e9nyt biztos\u00edtva minden felhaszn\u00e1l\u00f3 sz\u00e1m\u00e1ra.<\/p>\n<p>01. Dinnye j\u00e9g <span style=\"color: #ff0000\"><strong>&gt;&gt;&gt;&gt; Forr\u00f3!<\/strong><\/span><br \/>\n02. Fekete s\u00e1rk\u00e1ny j\u00e9g<br \/>\n03. \u00c1fonya M\u00e1lna<br \/>\n04. Eper Kiwi <span style=\"color: #ff0000\"><strong>&gt;&gt;&gt;&gt; Forr\u00f3!<\/strong><\/span><br \/>\n05. Vegyes bogy\u00f3s gy\u00fcm\u00f6lcs\u00f6k<br \/>\n06. Eper Dinnye<br \/>\n07. Pina Colada<br \/>\n08. Barack Mang\u00f3 Anan\u00e1sz<br \/>\n09. Kiwi Maracuja Guava<br \/>\n10. Eper M\u00e1lna Cseresznye<span style=\"color: #ff0000\"><strong>&gt;&gt;&gt;&gt; A legjobb!<\/strong><\/span><\/p>\n<figure id=\"attachment_2360\" aria-describedby=\"caption-attachment-2360\" style=\"width: 808px\" class=\"wp-caption alignnone\"><img loading=\"lazy\" decoding=\"async\" class=\"wp-image-2360 size-full\" src=\"https:\/\/rmvapesale.com\/wp-content\/uploads\/2024\/10\/Fihp-Shisha-Hookah-12000-Puffs-Flavour.png\" alt=\"Fihp Shisha Hookah 12000 Puffs \u00cdz\" width=\"808\" height=\"808\" srcset=\"https:\/\/rmvapesale.com\/wp-content\/uploads\/2024\/10\/Fihp-Shisha-Hookah-12000-Puffs-Flavour.png 808w, https:\/\/rmvapesale.com\/wp-content\/uploads\/2024\/10\/Fihp-Shisha-Hookah-12000-Puffs-Flavour-300x300.png 300w, https:\/\/rmvapesale.com\/wp-content\/uploads\/2024\/10\/Fihp-Shisha-Hookah-12000-Puffs-Flavour-150x150.png 150w, https:\/\/rmvapesale.com\/wp-content\/uploads\/2024\/10\/Fihp-Shisha-Hookah-12000-Puffs-Flavour-768x768.png 768w, https:\/\/rmvapesale.com\/wp-content\/uploads\/2024\/10\/Fihp-Shisha-Hookah-12000-Puffs-Flavour-600x600.png 600w, https:\/\/rmvapesale.com\/wp-content\/uploads\/2024\/10\/Fihp-Shisha-Hookah-12000-Puffs-Flavour-100x100.png 100w\" sizes=\"auto, (max-width: 808px) 100vw, 808px\" \/><figcaption id=\"caption-attachment-2360\" class=\"wp-caption-text\">Fihp Shisha Hookah 12000 Puffs \u00cdz<\/figcaption><\/figure>\n<h3><\/h3>\n<h3><strong>Mi\u00e9rt v\u00e1lassza az Rmvapesale-t a FIHP Shisha Hookah 12000-hez <\/strong><strong>Vape?<\/strong><\/h3>\n<div class=\"flex-shrink-0 flex flex-col relative items-end\">\n<div>\n<div class=\"pt-0\">\n<div class=\"gizmo-bot-avatar flex h-8 w-8 items-center justify-center overflow-hidden rounded-full\">\n<div class=\"relative p-1 rounded-sm flex items-center justify-center bg-token-main-surface-primary text-token-text-primary h-8 w-8\">\n<p>&nbsp;<\/p>\n<p>Ha az Rmvapesale-t v\u00e1lasztja az eldobhat\u00f3 vape-ek nagykereskedelm\u00e9hez, a k\u00f6vetkez\u0151 el\u0151ny\u00f6kben r\u00e9szes\u00fcl:<\/p>\n<ul>\n<li><strong>Versenyk\u00e9pes \u00e1rak<\/strong>: Hozz\u00e1f\u00e9rhet vonz\u00f3 nagykereskedelmi \u00e1rakhoz, amelyek n\u00f6velik az \u00fczleti marzsokat.<\/li>\n<li><strong>Magas min\u0151s\u00e9g<\/strong>: Vape-jeink a legmagasabb sz\u00ednvonalon k\u00e9sz\u00fclnek, \u00e9s <span style=\"color: #ff0000\"><strong>garant\u00e1ltan 100% eredetiek \u00e9s hitelesek, hamis \u00e1ru eset\u00e9n 10-szeres k\u00e1rt\u00e9r\u00edt\u00e9st biztos\u00edtunk!<\/strong><\/span><\/li>\n<li><strong>Kiv\u00e1l\u00f3 \u00dcgyf\u00e9lszolg\u00e1lat<\/strong>: Elk\u00f6telezett csapatunk mindig k\u00e9szen \u00e1ll, hogy seg\u00edtsen \u00d6nnek, z\u00f6kken\u0151mentess\u00e9 \u00e9s probl\u00e9mamentess\u00e9 t\u00e9ve a v\u00e1s\u00e1rl\u00e1si folyamatot.<\/li>\n<li><strong>Gyors Sz\u00e1ll\u00edt\u00e1s<\/strong>: Sz\u00e1m\u00edtson gyors \u00e9s megb\u00edzhat\u00f3 sz\u00e1ll\u00edt\u00e1sra, ami biztos\u00edtja, hogy rendel\u00e9sei mindig id\u0151ben meg\u00e9rkezzenek.<\/li>\n<\/ul>\n<h3><\/h3>\n<h3><b>GYIK<\/b><\/h3>\n<p>&nbsp;<\/p>\n<\/div>\n<\/div>\n<\/div>\n<\/div>\n<\/div>\n<div class=\"group\/conversation-turn relative flex w-full min-w-0 flex-col agent-turn\">\n<div class=\"flex-col gap-1 md:gap-3\">\n<div class=\"flex max-w-full flex-col flex-grow\">\n<div class=\"min-h-8 text-message flex w-full flex-col items-end gap-2 whitespace-normal break-words [.text-message+&amp;]:mt-5\" dir=\"auto\" data-message-author-role=\"assistant\" data-message-id=\"f226d3fc-81f3-46d5-8c46-31787fff0357\">\n<div class=\"flex w-full flex-col gap-1 empty:hidden first:pt-[3px]\">\n<div class=\"markdown prose w-full break-words dark:prose-invert light\">\n<p><strong>1. H\u00e1ny szippant\u00e1st k\u00edn\u00e1l a FIHP Shisha Hookah 12k Puffs eldobhat\u00f3 vape?<\/strong><br \/>\nA FIHP Shisha Hookah 12k Puffs Low Nicotine eldobhat\u00f3 vape ak\u00e1r 12 000 slukkot is biztos\u00edt, hosszan tart\u00f3 g\u0151z\u00f6l\u00e9si \u00e9lm\u00e9nyt ny\u00fajtva, gyakori csere n\u00e9lk\u00fcl.<\/p>\n<p><strong>2. Milyen nikotinszintekben kaphat\u00f3 a FIHP Shisha 12000 Puffs eldobhat\u00f3 vape?<\/strong><br \/>\nA FIHP Shisha 12000 Puffs alacsony nikotintartalm\u00fa eldobhat\u00f3 vape toll 0,6%-os (6 mg) alacsony nikotinszintet k\u00edn\u00e1l, ami azoknak a felhaszn\u00e1l\u00f3knak kedvez, akik a l\u00e1gyabb, kev\u00e9sb\u00e9 intenz\u00edv nikotin\u00e9lm\u00e9nyt r\u00e9szes\u00edtik el\u0151nyben. Nikotinmentes opci\u00f3kat is k\u00edn\u00e1lunk.<\/p>\n<p><strong>3. Milyen \u00edzekben kaphat\u00f3 a FIHP Shisha 12000 Puffs nikotinmentes eldobhat\u00f3 vape?<\/strong><br \/>\n10 \u00ednycsikland\u00f3 \u00edzt k\u00edn\u00e1lunk, k\u00f6zt\u00fck a Watermelon Ice-t, a Black Dragon Ice-t, a Strawberry Kiwi-t \u00e9s a Pina Colada-t, biztos\u00edtva az \u00edzek sokf\u00e9les\u00e9g\u00e9t, hogy minden preferenci\u00e1nak megfeleljen.<\/p>\n<p><strong>4. A FIHP Shisha Hookah Monster Low Nicotine eldobhat\u00f3 vape \u00fajrat\u00f6lthet\u0151 akkumul\u00e1torral rendelkezik?<\/strong><br \/>\nIgen, a FIHP Shisha Hookah Monster Low Nicotine eldobhat\u00f3 vape toll 650 mAh-s \u00fajrat\u00f6lthet\u0151 akkumul\u00e1torral van felszerelve, amely megb\u00edzhat\u00f3 teljes\u00edtm\u00e9nyt ny\u00fajt a hosszan tart\u00f3 haszn\u00e1lathoz.<\/p>\n<p><strong>5. Milyen t\u00edpus\u00fa tekercset haszn\u00e1l a FIHP Shisha Hookah eldobhat\u00f3 vape?<\/strong><br \/>\nEz a vape toll 0,6\u03a9-os h\u00e1l\u00f3 tekercset tartalmaz, amelyet az \u00edz \u00e9s a g\u0151ztermel\u00e9s fokoz\u00e1s\u00e1ra terveztek, biztos\u00edtva a sima \u00e9s kiel\u00e9g\u00edt\u0151 g\u0151z\u00f6l\u00e9si \u00e9lm\u00e9nyt, f\u00fcggetlen\u00fcl att\u00f3l, hogy a Blueberry Raspberry-t vagy a Peachy Mango Pineapple-t v\u00e1lasztja.<\/p>\n<p><strong>6. Hogyan ellen\u0151rizhetem az akkumul\u00e1tort \u00e9s a haszn\u00e1latot a FIHP Shisha Hookah 12000 Puffs eldobhat\u00f3 vape-on?<\/strong><br \/>\nA FIHP Shisha Hookah 12000 Puffs nikotinmentes eldobhat\u00f3 vape LED-kijelz\u0151vel van felszerelve, amely val\u00f3s id\u0151ben mutatja az akkumul\u00e1tor \u00e9lettartam\u00e1t \u00e9s a haszn\u00e1latot, \u00edgy k\u00f6nnyen nyomon k\u00f6vethet\u0151 a k\u00e9sz\u00fcl\u00e9k.<\/p>\n<p><strong>7. El\u00e9rhet\u0151 a FIHP Shisha Hookah 12000 Puffs nagykereskedelmi forgalomban?<\/strong><br \/>\nIgen, a FIHP Shisha Hookah Monster alacsony nikotintartalm\u00fa eldobhat\u00f3 vape toll el\u00e9rhet\u0151 t\u00f6meges v\u00e1s\u00e1rl\u00e1sra, \u00edgy t\u00f6k\u00e9letes a kiskeresked\u0151k sz\u00e1m\u00e1ra, akik min\u0151s\u00e9gi, tart\u00f3s vaping term\u00e9ket szeretn\u00e9nek rakt\u00e1rozni.<\/p>\n<\/div>\n<\/div>\n<\/div>\n<\/div>\n<\/div>\n<\/div>\n<p>&nbsp;<\/p>\n<h3><\/h3>\n<h3>A Sz\u00e1ll\u00edt\u00e1sr\u00f3l<\/h3>\n<div class=\"flex-shrink-0 flex flex-col relative items-end\">\n<div>\n<div class=\"pt-0\">\n<div class=\"gizmo-bot-avatar flex h-8 w-8 items-center justify-center overflow-hidden rounded-full\">\n<div><\/div>\n<div class=\"relative p-1 rounded-sm flex items-center justify-center bg-token-main-surface-primary text-token-text-primary h-8 w-8\"><strong>1. Milyen sz\u00e1ll\u00edt\u00e1si m\u00f3dokat haszn\u00e1lnak?<\/strong><\/div>\n<\/div>\n<\/div>\n<\/div>\n<\/div>\n<div class=\"group\/conversation-turn relative flex w-full min-w-0 flex-col agent-turn\">\n<div class=\"flex-col gap-1 md:gap-3\">\n<div class=\"flex max-w-full flex-col flex-grow\">\n<div class=\"min-h-[20px] text-message flex w-full flex-col items-end gap-2 whitespace-normal break-words [.text-message+&amp;]:mt-5 overflow-x-auto\" dir=\"auto\" data-message-author-role=\"assistant\" data-message-id=\"22f8283b-3233-46ff-89a5-c7a41b33abda\">\n<div class=\"flex w-full flex-col gap-1 empty:hidden first:pt-[3px]\">\n<div class=\"markdown prose w-full break-words dark:prose-invert light\">\n<p>Partnerei vagyunk a UPS, DHL, FedEx, DPD \u00e9s m\u00e1s vezet\u0151 fuvaroz\u00f3knak. A legjobb sz\u00e1ll\u00edt\u00e1si m\u00f3dot fogjuk kiv\u00e1lasztani a sz\u00e1ll\u00edt\u00e1si helysz\u00edne alapj\u00e1n, hogy a lehet\u0151 leggyorsabban megkapja a term\u00e9keit.<\/p>\n<\/div>\n<p><strong>2. Mennyi id\u0151 alatt \u00e9rkezik meg?<\/strong><\/p>\n<p>A csomagok \u00e1ltal\u00e1ban 10 munkanapon bel\u00fcl meg\u00e9rkeznek Magyarorsz\u00e1gra. Az eur\u00f3pai orsz\u00e1gokba t\u00f6rt\u00e9n\u0151 sz\u00e1ll\u00edt\u00e1s \u00e1ltal\u00e1ban 12-15 munkanapot vesz ig\u00e9nybe. Folyamatosan t\u00e1j\u00e9koztatjuk a sz\u00e1ll\u00edt\u00e1si st\u00e1tuszr\u00f3l.<\/p>\n<\/div>\n<\/div>\n<\/div>\n<\/div>\n<\/div>\n<p>&nbsp;<\/p>\n<p>Tov\u00e1bbi n\u00e9pszer\u0171 vape term\u00e9kek, amik tetszhetnek:<\/p>\n<p><a href=\"https:\/\/rmvapesale.com\/hu\/product\/bang-beach-20000-puffs-vape-smart-screen-disposable-e-cig\/\"><strong>bang beach 20000 Puff\u00a0 \u00a0<span style=\"color: #ff0000\">&gt;&gt;&gt;&gt; ide!<\/span><\/strong><\/a><\/p>\n<p><strong><a href=\"https:\/\/rmvapesale.com\/hu\/product\/uwin-crystal-10000-puff-disposable-vape-wholesale-price\/\">UWIN Crystal 10000 Puffs <span style=\"color: #ff0000\">&gt;&gt;&gt;&gt; ide!<\/span><\/a>\u00a0<\/strong><\/p>\n<p><a href=\"https:\/\/rmvapesale.com\/hu\/product\/bang-box-30000-puff-smart-screen-disposable-vape-wholesale\/\"><strong>Bang Box 30000 Puffs Okos K\u00e9perny\u0151s Puffs <span style=\"color: #ff0000\">&gt;&gt;&gt;&gt; ide!<\/span><\/strong><\/a><\/p>\n<p>&nbsp;<\/p>\n<p>&nbsp;<\/p>\n<p>Tal\u00e1lja meg a tov\u00e1bbi vape term\u00e9keket, amelyek tetszhetnek \u00d6nnek:<strong><em><a href=\"https:\/\/rmvapesale.com\/hu\/shop-2\/\">V\u00e1s\u00e1roljon most &gt;&gt;&gt;<\/a><\/em><\/strong><\/p>","protected":false},"excerpt":{"rendered":"<p>12000 Puffs Shisha Hookah akci\u00f3s Vape Pen \u00e1r<br \/>\nFIHP Shisha Hookah 12000 Puffs Monster alacsony nikotin<br \/>\nFIHP Shisha Hookah 12000 Puff eldobhat\u00f3 Vape t\u00f6meges v\u00e1s\u00e1rl\u00e1s<\/p>\n<p><img loading=\"lazy\" decoding=\"async\" class=\"size-full wp-image-1978\" src=\"https:\/\/rmvapesale.com\/wp-content\/uploads\/2024\/09\/Disposable-Vape-Wholesale.jpg\" alt=\"Eldobhat\u00f3 Vape Nagykereskedelem\" width=\"229\" height=\"300\" \/><\/p>\n<h3><a href=\"https:\/\/wa.me\/8617776015835\"><span style=\"color: #ff0000\"><strong>WhatsApp: +86 17776015835<\/strong><\/span><\/a><\/h3>\n<p>&nbsp;<\/p>","protected":false},"featured_media":2362,"comment_status":"open","ping_status":"closed","template":"","meta":{"_uag_custom_page_level_css":"","_lmt_disableupdate":"","_lmt_disable":"","site-sidebar-layout":"default","site-content-layout":"content-boxed-container","ast-site-content-layout":"normal-width-container","site-content-style":"boxed","site-sidebar-style":"unboxed","ast-global-header-display":"","ast-banner-title-visibility":"","ast-main-header-display":"","ast-hfb-above-header-display":"","ast-hfb-below-header-display":"","ast-hfb-mobile-header-display":"","site-post-title":"","ast-breadcrumbs-content":"","ast-featured-img":"","footer-sml-layout":"","theme-transparent-header-meta":"default","adv-header-id-meta":"","stick-header-meta":"","header-above-stick-meta":"","header-main-stick-meta":"","header-below-stick-meta":"","astra-migrate-meta-layouts":"set","ast-page-background-enabled":"default","ast-page-background-meta":{"desktop":{"background-color":"var(--ast-global-color-4)","background-image":"","background-repeat":"repeat","background-position":"center center","background-size":"auto","background-attachment":"scroll","background-type":"","background-media":"","overlay-type":"","overlay-color":"","overlay-opacity":"","overlay-gradient":""},"tablet":{"background-color":"","background-image":"","background-repeat":"repeat","background-position":"center center","background-size":"auto","background-attachment":"scroll","background-type":"","background-media":"","overlay-type":"","overlay-color":"","overlay-opacity":"","overlay-gradient":""},"mobile":{"background-color":"","background-image":"","background-repeat":"repeat","background-position":"center center","background-size":"auto","background-attachment":"scroll","background-type":"","background-media":"","overlay-type":"","overlay-color":"","overlay-opacity":"","overlay-gradient":""}},"ast-content-background-meta":{"desktop":{"background-color":"var(--ast-global-color-5)","background-image":"","background-repeat":"repeat","background-position":"center center","background-size":"auto","background-attachment":"scroll","background-type":"","background-media":"","overlay-type":"","overlay-color":"","overlay-opacity":"","overlay-gradient":""},"tablet":{"background-color":"var(--ast-global-color-5)","background-image":"","background-repeat":"repeat","background-position":"center center","background-size":"auto","background-attachment":"scroll","background-type":"","background-media":"","overlay-type":"","overlay-color":"","overlay-opacity":"","overlay-gradient":""},"mobile":{"background-color":"var(--ast-global-color-5)","background-image":"","background-repeat":"repeat","background-position":"center center","background-size":"auto","background-attachment":"scroll","background-type":"","background-media":"","overlay-type":"","overlay-color":"","overlay-opacity":"","overlay-gradient":""}},"_joinchat":[]},"product_brand":[],"product_cat":[15,25,123,26,28,135,27,60,138,137,136,30],"product_tag":[66,125,126,111,105,120],"class_list":{"0":"post-2365","1":"product","2":"type-product","3":"status-publish","4":"has-post-thumbnail","6":"product_cat-new-vape-this-week","7":"product_cat-germany-best-selling-vape","8":"product_cat-italy-wholesale-vape","9":"product_cat-netherlands-hot-sale-vape","10":"product_cat-poland-hot-sale-vape","11":"product_cat-spain-best-hot-sale-vape","12":"product_cat-fance-hot-sale-vape","13":"product_cat-bang-vapes","14":"product_cat-fihp-disposable-vapes","15":"product_cat-rechargeable-vapes","16":"product_cat-smart-screen-vapes","17":"product_cat-minimum-order-quantity-50pcs","18":"product_tag-disposable-vape","19":"product_tag-disposable-vape-italy","20":"product_tag-e-cigarettes","21":"product_tag-low-nicotine-disposable-vape","22":"product_tag-nicotine-free-disposable-vape","23":"product_tag-vape-wholesale","24":"desktop-align-left","25":"tablet-align-left","26":"mobile-align-left","28":"first","29":"instock","30":"sale","31":"shipping-taxable","32":"purchasable","33":"product-type-simple"},"uagb_featured_image_src":{"full":["https:\/\/rmvapesale.com\/wp-content\/uploads\/2024\/10\/Fihp-Shisha-Hookah-12000-Puffs-Wholesale.jpg",808,808,false],"thumbnail":["https:\/\/rmvapesale.com\/wp-content\/uploads\/2024\/10\/Fihp-Shisha-Hookah-12000-Puffs-Wholesale-150x150.jpg",150,150,true],"medium":["https:\/\/rmvapesale.com\/wp-content\/uploads\/2024\/10\/Fihp-Shisha-Hookah-12000-Puffs-Wholesale-300x300.jpg",300,300,true],"medium_large":["https:\/\/rmvapesale.com\/wp-content\/uploads\/2024\/10\/Fihp-Shisha-Hookah-12000-Puffs-Wholesale-768x768.jpg",768,768,true],"large":["https:\/\/rmvapesale.com\/wp-content\/uploads\/2024\/10\/Fihp-Shisha-Hookah-12000-Puffs-Wholesale.jpg",808,808,false],"1536x1536":["https:\/\/rmvapesale.com\/wp-content\/uploads\/2024\/10\/Fihp-Shisha-Hookah-12000-Puffs-Wholesale.jpg",808,808,false],"2048x2048":["https:\/\/rmvapesale.com\/wp-content\/uploads\/2024\/10\/Fihp-Shisha-Hookah-12000-Puffs-Wholesale.jpg",808,808,false],"trp-custom-language-flag":["https:\/\/rmvapesale.com\/wp-content\/uploads\/2024\/10\/Fihp-Shisha-Hookah-12000-Puffs-Wholesale.jpg",12,12,false],"woocommerce_thumbnail":["https:\/\/rmvapesale.com\/wp-content\/uploads\/2024\/10\/Fihp-Shisha-Hookah-12000-Puffs-Wholesale-300x300.jpg",300,300,true],"woocommerce_single":["https:\/\/rmvapesale.com\/wp-content\/uploads\/2024\/10\/Fihp-Shisha-Hookah-12000-Puffs-Wholesale-600x600.jpg",600,600,true],"woocommerce_gallery_thumbnail":["https:\/\/rmvapesale.com\/wp-content\/uploads\/2024\/10\/Fihp-Shisha-Hookah-12000-Puffs-Wholesale-100x100.jpg",100,100,true],"wcpr-photo-reviews":["https:\/\/rmvapesale.com\/wp-content\/uploads\/2024\/10\/Fihp-Shisha-Hookah-12000-Puffs-Wholesale.jpg",500,500,false]},"uagb_author_info":{"display_name":"AMY","author_link":"https:\/\/rmvapesale.com\/hu\/author\/"},"uagb_comment_info":0,"uagb_excerpt":"12000 Puffs Shisha Hookah Hot Sale Vape Pen Price FIHP Shisha Hookah 12000 Puffs Monster Low Nicotine FIHP Shisha Hookah 12000 Puff Disposable Vape Bulk Buy WhatsApp: +86 17776015835 &nbsp;","_links":{"self":[{"href":"https:\/\/rmvapesale.com\/hu\/wp-json\/wp\/v2\/product\/2365","targetHints":{"allow":["GET"]}}],"collection":[{"href":"https:\/\/rmvapesale.com\/hu\/wp-json\/wp\/v2\/product"}],"about":[{"href":"https:\/\/rmvapesale.com\/hu\/wp-json\/wp\/v2\/types\/product"}],"replies":[{"embeddable":true,"href":"https:\/\/rmvapesale.com\/hu\/wp-json\/wp\/v2\/comments?post=2365"}],"wp:featuredmedia":[{"embeddable":true,"href":"https:\/\/rmvapesale.com\/hu\/wp-json\/wp\/v2\/media\/2362"}],"wp:attachment":[{"href":"https:\/\/rmvapesale.com\/hu\/wp-json\/wp\/v2\/media?parent=2365"}],"wp:term":[{"taxonomy":"product_brand","embeddable":true,"href":"https:\/\/rmvapesale.com\/hu\/wp-json\/wp\/v2\/product_brand?post=2365"},{"taxonomy":"product_cat","embeddable":true,"href":"https:\/\/rmvapesale.com\/hu\/wp-json\/wp\/v2\/product_cat?post=2365"},{"taxonomy":"product_tag","embeddable":true,"href":"https:\/\/rmvapesale.com\/hu\/wp-json\/wp\/v2\/product_tag?post=2365"}],"curies":[{"name":"wp","href":"https:\/\/api.w.org\/{rel}","templated":true}]}}