{"id":2391,"date":"2024-10-14T03:59:04","date_gmt":"2024-10-14T03:59:04","guid":{"rendered":"https:\/\/rmvapesale.com\/?post_type=product&#038;p=2391"},"modified":"2024-10-14T07:28:47","modified_gmt":"2024-10-14T07:28:47","slug":"bang-vape-30000-pro-disposables-wholesale","status":"publish","type":"product","link":"https:\/\/rmvapesale.com\/hu\/product\/bang-vape-30000-pro-disposables-wholesale\/","title":{"rendered":"Bang Vape 30000 Pro Eldobhat\u00f3 Nagykereskedelem"},"content":{"rendered":"<div class=\"B2VR9 CJHX3e\">\n<div class=\"wyccme\">\n<h1 class=\"LC20lb MBeuO DKV0Md\">Bang Vape Bangking 30000 Pro eldobhat\u00f3 term\u00e9kek nagykereskedelme<\/h1>\n<div class=\"flex-shrink-0 flex flex-col relative items-end\">\n<div class=\"pt-0\">\n<div class=\"gizmo-bot-avatar flex h-8 w-8 items-center justify-center overflow-hidden rounded-full\">\n<div class=\"relative p-1 rounded-sm flex items-center justify-center bg-token-main-surface-primary text-token-text-primary h-8 w-8\">\n<p>A Bang Vape Bangking 30000 Pro eldobhat\u00f3 vape-et \u00fagy tervezt\u00e9k, hogy p\u00e1ratlan g\u0151z\u00f6l\u00e9si \u00e9lm\u00e9nyt ny\u00fajtson, leny\u0171g\u00f6z\u0151 funkci\u00f3kat k\u00edn\u00e1lva, amelyek mind a h\u00e9tk\u00f6znapi, mind a tapasztalt g\u0151z\u00f6l\u0151k ig\u00e9nyeit kiel\u00e9g\u00edtik. A 30 000 f\u00faj\u00e1ssal, a nagy teljes\u00edtm\u00e9ny\u0171, 850 mAh-s \u00fajrat\u00f6lthet\u0151 akkumul\u00e1torral \u00e9s a testreszabhat\u00f3 nikotinszintekkel a Bangking 30000 Pro kiemelkedik az eldobhat\u00f3 vape-ek vil\u00e1g\u00e1ban.<\/p>\n<p>A Bang King 30000 Puffs-ot egy robusztus, 850 mAh-s akkumul\u00e1tor t\u00e1pl\u00e1lja, amely biztos\u00edtja a hosszan tart\u00f3 haszn\u00e1latot eg\u00e9sz nap. A Type-C t\u00f6lt\u0151portja gyors \u00e9s hat\u00e9kony \u00fajrat\u00f6lt\u00e9st biztos\u00edt, \u00edgy soha nem kell agg\u00f3dnia az \u00e1ramell\u00e1t\u00e1s hi\u00e1nya miatt. A Bang King 30000 Pro egyik leginnovat\u00edvabb tulajdons\u00e1ga a teljes okos k\u00e9perny\u0151. A k\u00e9perny\u0151n megjelenik mind az olaj-, mind az akkumul\u00e1torszint, val\u00f3s idej\u0171 betekint\u00e9st ny\u00fajtva a felhaszn\u00e1l\u00f3knak a k\u00e9sz\u00fcl\u00e9k \u00e1llapot\u00e1ba.<\/p>\n<p>A 0%, 2%, 3% \u00e9s 5% nikotin opci\u00f3kkal a Bang Vape 30000 Pro eldobhat\u00f3 mindenf\u00e9le g\u0151z\u00f6l\u0151t kiszolg\u00e1l, ak\u00e1r nikotinmentes \u00e9lm\u00e9nyre, ak\u00e1r er\u0151sebb \u00fct\u00e9sre v\u00e1gyik. Ez a rugalmass\u00e1g a t\u00f6k\u00e9letes, ig\u00e9nyeire szabott vape-et keres\u0151k sz\u00e1m\u00e1ra a legjobb versenyz\u0151v\u00e9 teszi.<\/p>\n<\/div>\n<\/div>\n<\/div>\n<\/div>\n<\/div>\n<\/div>\n<p><strong>L\u00e9pjen kapcsolatba Amyvel a pontos v\u00e1laszok\u00e9rt \u00e9s tov\u00e1bbi term\u00e9kvide\u00f3k\u00e9rt!<\/strong><\/p>\n<p><img loading=\"lazy\" decoding=\"async\" class=\"size-full wp-image-1978\" src=\"https:\/\/rmvapesale.com\/wp-content\/uploads\/2024\/09\/Disposable-Vape-Wholesale.jpg\" alt=\"Eldobhat\u00f3 Vape Nagykereskedelem\" width=\"229\" height=\"300\" \/><\/p>\n<h3><a href=\"https:\/\/wa.me\/8617776015835\" target=\"_blank\" rel=\"noopener\"><span style=\"color: #ff0000\"><strong>WhatsApp: +86 17776015835<\/strong><\/span><\/a><\/h3>\n<p>&nbsp;<\/p>\n<h2><\/h2>\n<h2><strong>Bangking 30000 Pro Vape f\u0151bb jellemz\u0151i<\/strong><\/h2>\n<p>&nbsp;<\/p>\n<ul>\n<li><strong>30 000 Puffs<\/strong>: A piacon el\u00e9rhet\u0151 legmagasabb puffsz\u00e1mok egyike, amely biztos\u00edtja a hosszabb haszn\u00e1latot \u00e9s el\u00e9gedetts\u00e9get.<\/li>\n<li><strong>Okos k\u00e9perny\u0151<\/strong>: Val\u00f3s id\u0151ben figyelheti az olaj- \u00e9s akkumul\u00e1torszintet a z\u00f6kken\u0151mentes g\u0151z\u00f6l\u00e9si \u00e9lm\u00e9ny \u00e9rdek\u00e9ben.<\/li>\n<li><strong>\u00dajrat\u00f6lthet\u0151 Akkumul\u00e1tor<\/strong>: A <strong>850 mAh-s akkumul\u00e1torral<\/strong> val vel <strong>C-t\u00edpus\u00fa t\u00f6lt\u0151<\/strong> garant\u00e1lja, hogy a gyors \u00fajrat\u00f6lt\u00e9ssel tov\u00e1bb g\u0151z\u00f6lhet.<\/li>\n<li><strong>Testreszabhat\u00f3 nikotin<\/strong>: A k\u00fcl\u00f6nb\u00f6z\u0151 nikotiner\u0151ss\u00e9gekkel, bele\u00e9rtve a nikotinmenteset is, \u00edzl\u00e9se szerint testreszabhatja a g\u0151z\u00f6l\u00e9st.<\/li>\n<li><strong>Finom \u00edzek<\/strong>: A 12 v\u00e1laszthat\u00f3 \u00edzzel soha nem fog beleunni a g\u0151z\u00f6l\u00e9sbe <strong>Bang 30000 Pro<\/strong>.<\/li>\n<\/ul>\n<h2><\/h2>\n<h2><strong>A Bang Vape Bangking 30000 Vape Box legjobb \u00edzei<\/strong><\/h2>\n<p>A Bangking Vape 30000 Vape Box 12 cs\u00e1b\u00edt\u00f3 \u00edzben kaphat\u00f3, \u00edgy mindenki tal\u00e1lhat kedv\u00e9re val\u00f3t. Ak\u00e1r a gy\u00fcm\u00f6lcs\u00f6s, jeges vagy egzotikusabb kever\u00e9keket kedveli, biztosan tal\u00e1l az \u00edzl\u00e9s\u00e9nek megfelel\u0151t. A Bang king Vape \u00edzek sz\u00e9les v\u00e1laszt\u00e9ka biztos\u00edtja, hogy minden egyes slukk el\u00e9gedetts\u00e9ggel \u00e9s v\u00e1ltozatoss\u00e1ggal legyen tele.<\/p>\n<p>1. \u00c1fonya M\u00e1lna<span style=\"color: #ff0000\"><strong>&gt;&gt;&gt;&gt; Forr\u00f3!<\/strong><\/span><br \/>\n2. Eper G\u00f6r\u00f6gdinnye<br \/>\n3. \u00c1fonya J\u00e9g<br \/>\n4. Friss Menta<span style=\"color: #ff0000\"><strong>&gt;&gt;&gt;&gt; Forr\u00f3!<\/strong><\/span><br \/>\n5. Eper Sz\u0151l\u0151<br \/>\n6. \u00c1fonya T\u0151zeg\u00e1fonya Cseresznye<br \/>\n7. G\u00f6r\u00f6gdinnye<br \/>\n8. Eper Kiwi<br \/>\n9. Ment\u00e1s K\u00e9k M\u00e1lna<br \/>\n10. Tripla Bogy\u00f3s <span style=\"color: #ff0000\"><strong>&gt;&gt;&gt;&gt; A legjobb!<\/strong><\/span><br \/>\n11. G\u00f6r\u00f6gdinnye Cseresznye<br \/>\n12. M\u00e1lna S\u00f6t\u00e9t Csillog\u00e1s<\/p>\n<figure id=\"attachment_2387\" aria-describedby=\"caption-attachment-2387\" style=\"width: 800px\" class=\"wp-caption alignnone\"><img loading=\"lazy\" decoding=\"async\" class=\"wp-image-2387 size-full\" src=\"https:\/\/rmvapesale.com\/wp-content\/uploads\/2024\/10\/Bang-Vape-Box-BangKing-30000-Pro.jpg\" alt=\"Bang Vape Box BangKing 30000 Pro\" width=\"800\" height=\"800\" srcset=\"https:\/\/rmvapesale.com\/wp-content\/uploads\/2024\/10\/Bang-Vape-Box-BangKing-30000-Pro.jpg 800w, https:\/\/rmvapesale.com\/wp-content\/uploads\/2024\/10\/Bang-Vape-Box-BangKing-30000-Pro-300x300.jpg 300w, https:\/\/rmvapesale.com\/wp-content\/uploads\/2024\/10\/Bang-Vape-Box-BangKing-30000-Pro-150x150.jpg 150w, https:\/\/rmvapesale.com\/wp-content\/uploads\/2024\/10\/Bang-Vape-Box-BangKing-30000-Pro-768x768.jpg 768w, https:\/\/rmvapesale.com\/wp-content\/uploads\/2024\/10\/Bang-Vape-Box-BangKing-30000-Pro-600x600.jpg 600w, https:\/\/rmvapesale.com\/wp-content\/uploads\/2024\/10\/Bang-Vape-Box-BangKing-30000-Pro-100x100.jpg 100w\" sizes=\"auto, (max-width: 800px) 100vw, 800px\" \/><figcaption id=\"caption-attachment-2387\" class=\"wp-caption-text\">Bang Vape Box BangKing 30000 Pro<\/figcaption><\/figure>\n<h3><\/h3>\n<h3><strong>Mi\u00e9rt v\u00e1lassza az Rmvapesale-t a Bang Vape king 30k Pro \u00fajrat\u00f6lthet\u0151 vape-hez<\/strong><strong>?<\/strong><\/h3>\n<div class=\"flex-shrink-0 flex flex-col relative items-end\">\n<div class=\"pt-0\">\n<div class=\"gizmo-bot-avatar flex h-8 w-8 items-center justify-center overflow-hidden rounded-full\">\n<div class=\"relative p-1 rounded-sm flex items-center justify-center bg-token-main-surface-primary text-token-text-primary h-8 w-8\">\n<p>&nbsp;<\/p>\n<p>Ha az Rmvapesale-t v\u00e1lasztja az eldobhat\u00f3 vape-ek nagykereskedelm\u00e9hez, a k\u00f6vetkez\u0151 el\u0151ny\u00f6kben r\u00e9szes\u00fcl:<\/p>\n<ul>\n<li><strong>Versenyk\u00e9pes \u00e1rak<\/strong>: Hozz\u00e1f\u00e9rhet vonz\u00f3 nagykereskedelmi \u00e1rakhoz, amelyek n\u00f6velik az \u00fczleti marzsokat.<\/li>\n<li><strong>Magas min\u0151s\u00e9g<\/strong>: Vape-jeink a legmagasabb sz\u00ednvonalon k\u00e9sz\u00fclnek, \u00e9s <span style=\"color: #ff0000\"><strong>garant\u00e1ltan 100% eredetiek \u00e9s hitelesek, hamis \u00e1ru eset\u00e9n 10-szeres k\u00e1rt\u00e9r\u00edt\u00e9st biztos\u00edtunk!<\/strong><\/span><\/li>\n<li><strong>Kiv\u00e1l\u00f3 \u00dcgyf\u00e9lszolg\u00e1lat<\/strong>: Elk\u00f6telezett csapatunk mindig k\u00e9szen \u00e1ll, hogy seg\u00edtsen \u00d6nnek, z\u00f6kken\u0151mentess\u00e9 \u00e9s probl\u00e9mamentess\u00e9 t\u00e9ve a v\u00e1s\u00e1rl\u00e1si folyamatot.<\/li>\n<li><strong>Gyors Sz\u00e1ll\u00edt\u00e1s<\/strong>: Sz\u00e1m\u00edtson gyors \u00e9s megb\u00edzhat\u00f3 sz\u00e1ll\u00edt\u00e1sra, ami biztos\u00edtja, hogy rendel\u00e9sei mindig id\u0151ben meg\u00e9rkezzenek.<\/li>\n<\/ul>\n<h3><\/h3>\n<h3><b>GYIK<\/b><\/h3>\n<p>1. H\u00e1ny slukkot kaphatok a Bang Vape Bang king 30k Pro-b\u00f3l?<br \/>\nA Bang king Vape 30000 Puffs leny\u0171g\u00f6z\u0151 30 000 slukkot k\u00edn\u00e1l, amely hosszan tart\u00f3 \u00e9s kiel\u00e9g\u00edt\u0151 vaping \u00e9lm\u00e9nyt ny\u00fajt an\u00e9lk\u00fcl, hogy gyakran kellene cser\u00e9lni.<\/p>\n<p>2. A Bangking 30000 Pro \u00fajrat\u00f6lthet\u0151?<br \/>\nIgen, a Bangking Vape 30000 Puffs egy er\u0151s, 850 mAh-s \u00fajrat\u00f6lthet\u0151 akkumul\u00e1torral rendelkezik, Type-C t\u00f6lt\u00e9ssel, amely gyors \u00e9s hat\u00e9kony \u00fajrat\u00f6lt\u00e9st biztos\u00edt a hossz\u00fa t\u00e1v\u00fa haszn\u00e1lathoz.<\/p>\n<p>3. Milyen \u00edzekben kaphat\u00f3 a Bang Vape 30000 Pro?<br \/>\nA Bang Vape \u00edzek k\u00edn\u00e1lat\u00e1ban 12 egyedi \u00edz k\u00f6z\u00fcl v\u00e1laszthat, amelyek a gy\u00fcm\u00f6lcs\u00f6st\u0151l a jeges kever\u00e9kekig sokf\u00e9le lehet\u0151s\u00e9get k\u00edn\u00e1lnak az \u00edzl\u00e9s\u00e9nek kiel\u00e9g\u00edt\u00e9s\u00e9re.<\/p>\n<p>4. Testreszabhatom a nikotinszintet a Bang king 30000 Pro-ban?<br \/>\nTerm\u00e9szetesen! A Bang king 30000 Pro testreszabhat\u00f3 nikotiner\u0151ss\u00e9gekkel rendelkezik: 0%, 2%, 3% \u00e9s 5%, \u00edgy megfelel a k\u00fcl\u00f6nb\u00f6z\u0151 nikotinfogyaszt\u00e1si ig\u00e9nyekkel rendelkez\u0151 felhaszn\u00e1l\u00f3knak.<\/p>\n<p>5. Hol v\u00e1s\u00e1rolhatok Bang vape 30000 Pro-t nagy t\u00e9telben?<br \/>\nA Bang vape 30000 Pro-t nagy t\u00e9telben vagy nagykereskedelmi \u00e1ron megv\u00e1s\u00e1rolhatja az Rmvapesale-n\u00e9l vagy m\u00e1s megb\u00edzhat\u00f3 legjobb online vape \u00fczletekben, \u00edgy biztos\u00edtva, hogy a legjobb \u00e1ron jusson hozz\u00e1 ehhez a n\u00e9pszer\u0171 vape term\u00e9khez.<\/p>\n<\/div>\n<\/div>\n<\/div>\n<\/div>\n<div class=\"group\/conversation-turn relative flex w-full min-w-0 flex-col agent-turn\">\n<div class=\"flex-col gap-1 md:gap-3\">\n<div class=\"flex max-w-full flex-col flex-grow\">\n<div class=\"min-h-8 text-message flex w-full flex-col items-end gap-2 whitespace-normal break-words [.text-message+&amp;]:mt-5\" dir=\"auto\" data-message-author-role=\"assistant\" data-message-id=\"f226d3fc-81f3-46d5-8c46-31787fff0357\">\n<div class=\"flex w-full flex-col gap-1 empty:hidden first:pt-[3px]\">\n<div class=\"markdown prose w-full break-words dark:prose-invert light\">\n<p>&nbsp;<\/p>\n<\/div>\n<\/div>\n<\/div>\n<\/div>\n<\/div>\n<\/div>\n<h3>A Sz\u00e1ll\u00edt\u00e1sr\u00f3l<\/h3>\n<div class=\"flex-shrink-0 flex flex-col relative items-end\">\n<div>\n<div class=\"pt-0\">\n<div class=\"gizmo-bot-avatar flex h-8 w-8 items-center justify-center overflow-hidden rounded-full\">\n<div><\/div>\n<div class=\"relative p-1 rounded-sm flex items-center justify-center bg-token-main-surface-primary text-token-text-primary h-8 w-8\"><strong>1. Milyen sz\u00e1ll\u00edt\u00e1si m\u00f3dokat haszn\u00e1lnak?<\/strong><\/div>\n<\/div>\n<\/div>\n<\/div>\n<\/div>\n<div class=\"group\/conversation-turn relative flex w-full min-w-0 flex-col agent-turn\">\n<div class=\"flex-col gap-1 md:gap-3\">\n<div class=\"flex max-w-full flex-col flex-grow\">\n<div class=\"min-h-[20px] text-message flex w-full flex-col items-end gap-2 whitespace-normal break-words [.text-message+&amp;]:mt-5 overflow-x-auto\" dir=\"auto\" data-message-author-role=\"assistant\" data-message-id=\"22f8283b-3233-46ff-89a5-c7a41b33abda\">\n<div class=\"flex w-full flex-col gap-1 empty:hidden first:pt-[3px]\">\n<div class=\"markdown prose w-full break-words dark:prose-invert light\">\n<p>Partnerei vagyunk a UPS, DHL, FedEx, DPD \u00e9s m\u00e1s vezet\u0151 fuvaroz\u00f3knak. A legjobb sz\u00e1ll\u00edt\u00e1si m\u00f3dot fogjuk kiv\u00e1lasztani a sz\u00e1ll\u00edt\u00e1si helysz\u00edne alapj\u00e1n, hogy a lehet\u0151 leggyorsabban megkapja a term\u00e9keit.<\/p>\n<\/div>\n<p><strong>2. Mennyi id\u0151 alatt \u00e9rkezik meg?<\/strong><\/p>\n<p>A csomagok \u00e1ltal\u00e1ban 10 munkanapon bel\u00fcl meg\u00e9rkeznek Magyarorsz\u00e1gra. Az eur\u00f3pai orsz\u00e1gokba t\u00f6rt\u00e9n\u0151 sz\u00e1ll\u00edt\u00e1s \u00e1ltal\u00e1ban 12-15 munkanapot vesz ig\u00e9nybe. Folyamatosan t\u00e1j\u00e9koztatjuk a sz\u00e1ll\u00edt\u00e1si st\u00e1tuszr\u00f3l.<\/p>\n<\/div>\n<\/div>\n<\/div>\n<\/div>\n<\/div>\n<p>&nbsp;<\/p>\n<p>Tov\u00e1bbi n\u00e9pszer\u0171 vape term\u00e9kek, amik tetszhetnek:<\/p>\n<p><a href=\"https:\/\/rmvapesale.com\/hu\/product\/mrvi-puffing-15000-puff-disposable-vape-box\/\"><strong>MRVI PUFFING 15000 Puff\u00a0 \u00a0<span style=\"color: #ff0000\">&gt;&gt;&gt;&gt; ide!<\/span><\/strong><\/a><\/p>\n<p><strong><a href=\"https:\/\/rmvapesale.com\/hu\/product\/bang-box-18000-puffs-led-display-disposable-vape-original\/\">BANG Vape 18000 Puffs <span style=\"color: #ff0000\">&gt;&gt;&gt;&gt; ide!<\/span><\/a>\u00a0<\/strong><\/p>\n<p><a href=\"https:\/\/rmvapesale.com\/hu\/product\/fihp-shisha-hookah-12000-puffs-monster-low-nicotine-vape-pen\/\"><strong>FIHP Shisha Hookah 12000 Puffs <span style=\"color: #ff0000\">&gt;&gt;&gt;&gt; ide!<\/span><\/strong><\/a><\/p>\n<p>&nbsp;<\/p>\n<p>&nbsp;<\/p>\n<p>Tal\u00e1lja meg a tov\u00e1bbi vape term\u00e9keket, amelyek tetszhetnek \u00d6nnek:<strong><em><a href=\"https:\/\/rmvapesale.com\/hu\/shop-2\/\">V\u00e1s\u00e1roljon most &gt;&gt;&gt;<\/a><\/em><\/strong><\/p>","protected":false},"excerpt":{"rendered":"<p>Bang King Vape 30k Pro t\u00f6meges v\u00e1s\u00e1rl\u00e1s nagykereskedelmi \u00e1ron<br \/>\nVape Bang King 30000 Pro Puffs \u00edzek<br \/>\nBang King 30000 Puffs \u00fajrat\u00f6lthet\u0151 eldobhat\u00f3 Vape doboz<\/p>\n<p><img loading=\"lazy\" decoding=\"async\" class=\"size-full wp-image-1978\" src=\"https:\/\/rmvapesale.com\/wp-content\/uploads\/2024\/09\/Disposable-Vape-Wholesale.jpg\" alt=\"Eldobhat\u00f3 Vape Nagykereskedelem\" width=\"229\" height=\"300\" \/><\/p>\n<h3><a href=\"https:\/\/wa.me\/8617776015835\"><span style=\"color: #ff0000\"><strong>WhatsApp: +86 17776015835<\/strong><\/span><\/a><\/h3>\n<p>&nbsp;<\/p>","protected":false},"featured_media":2390,"comment_status":"open","ping_status":"closed","template":"","meta":{"_uag_custom_page_level_css":"","_lmt_disableupdate":"","_lmt_disable":"","site-sidebar-layout":"default","site-content-layout":"content-boxed-container","ast-site-content-layout":"normal-width-container","site-content-style":"boxed","site-sidebar-style":"unboxed","ast-global-header-display":"","ast-banner-title-visibility":"","ast-main-header-display":"","ast-hfb-above-header-display":"","ast-hfb-below-header-display":"","ast-hfb-mobile-header-display":"","site-post-title":"","ast-breadcrumbs-content":"","ast-featured-img":"","footer-sml-layout":"","theme-transparent-header-meta":"default","adv-header-id-meta":"","stick-header-meta":"","header-above-stick-meta":"","header-main-stick-meta":"","header-below-stick-meta":"","astra-migrate-meta-layouts":"set","ast-page-background-enabled":"default","ast-page-background-meta":{"desktop":{"background-color":"var(--ast-global-color-4)","background-image":"","background-repeat":"repeat","background-position":"center center","background-size":"auto","background-attachment":"scroll","background-type":"","background-media":"","overlay-type":"","overlay-color":"","overlay-opacity":"","overlay-gradient":""},"tablet":{"background-color":"","background-image":"","background-repeat":"repeat","background-position":"center center","background-size":"auto","background-attachment":"scroll","background-type":"","background-media":"","overlay-type":"","overlay-color":"","overlay-opacity":"","overlay-gradient":""},"mobile":{"background-color":"","background-image":"","background-repeat":"repeat","background-position":"center center","background-size":"auto","background-attachment":"scroll","background-type":"","background-media":"","overlay-type":"","overlay-color":"","overlay-opacity":"","overlay-gradient":""}},"ast-content-background-meta":{"desktop":{"background-color":"var(--ast-global-color-5)","background-image":"","background-repeat":"repeat","background-position":"center center","background-size":"auto","background-attachment":"scroll","background-type":"","background-media":"","overlay-type":"","overlay-color":"","overlay-opacity":"","overlay-gradient":""},"tablet":{"background-color":"var(--ast-global-color-5)","background-image":"","background-repeat":"repeat","background-position":"center center","background-size":"auto","background-attachment":"scroll","background-type":"","background-media":"","overlay-type":"","overlay-color":"","overlay-opacity":"","overlay-gradient":""},"mobile":{"background-color":"var(--ast-global-color-5)","background-image":"","background-repeat":"repeat","background-position":"center center","background-size":"auto","background-attachment":"scroll","background-type":"","background-media":"","overlay-type":"","overlay-color":"","overlay-opacity":"","overlay-gradient":""}},"_joinchat":[]},"product_brand":[],"product_cat":[15,25,123,26,28,135,27,60,137,136,30],"product_tag":[148,146,126,111,132,149,120],"class_list":{"0":"post-2391","1":"product","2":"type-product","3":"status-publish","4":"has-post-thumbnail","6":"product_cat-new-vape-this-week","7":"product_cat-germany-best-selling-vape","8":"product_cat-italy-wholesale-vape","9":"product_cat-netherlands-hot-sale-vape","10":"product_cat-poland-hot-sale-vape","11":"product_cat-spain-best-hot-sale-vape","12":"product_cat-fance-hot-sale-vape","13":"product_cat-bang-vapes","14":"product_cat-rechargeable-vapes","15":"product_cat-smart-screen-vapes","16":"product_cat-minimum-order-quantity-50pcs","17":"product_tag-bang-disposable-vape","18":"product_tag-best-hot-sale-vape","19":"product_tag-e-cigarettes","20":"product_tag-low-nicotine-disposable-vape","21":"product_tag-rechargeable-vape","22":"product_tag-vape-30000-puffs","23":"product_tag-vape-wholesale","24":"desktop-align-left","25":"tablet-align-left","26":"mobile-align-left","28":"first","29":"instock","30":"sale","31":"shipping-taxable","32":"purchasable","33":"product-type-simple"},"uagb_featured_image_src":{"full":["https:\/\/rmvapesale.com\/wp-content\/uploads\/2024\/10\/BangKing-30000-Pro-Disposable-Vape-Box.jpg",800,800,false],"thumbnail":["https:\/\/rmvapesale.com\/wp-content\/uploads\/2024\/10\/BangKing-30000-Pro-Disposable-Vape-Box-150x150.jpg",150,150,true],"medium":["https:\/\/rmvapesale.com\/wp-content\/uploads\/2024\/10\/BangKing-30000-Pro-Disposable-Vape-Box-300x300.jpg",300,300,true],"medium_large":["https:\/\/rmvapesale.com\/wp-content\/uploads\/2024\/10\/BangKing-30000-Pro-Disposable-Vape-Box-768x768.jpg",768,768,true],"large":["https:\/\/rmvapesale.com\/wp-content\/uploads\/2024\/10\/BangKing-30000-Pro-Disposable-Vape-Box.jpg",800,800,false],"1536x1536":["https:\/\/rmvapesale.com\/wp-content\/uploads\/2024\/10\/BangKing-30000-Pro-Disposable-Vape-Box.jpg",800,800,false],"2048x2048":["https:\/\/rmvapesale.com\/wp-content\/uploads\/2024\/10\/BangKing-30000-Pro-Disposable-Vape-Box.jpg",800,800,false],"trp-custom-language-flag":["https:\/\/rmvapesale.com\/wp-content\/uploads\/2024\/10\/BangKing-30000-Pro-Disposable-Vape-Box.jpg",12,12,false],"woocommerce_thumbnail":["https:\/\/rmvapesale.com\/wp-content\/uploads\/2024\/10\/BangKing-30000-Pro-Disposable-Vape-Box-300x300.jpg",300,300,true],"woocommerce_single":["https:\/\/rmvapesale.com\/wp-content\/uploads\/2024\/10\/BangKing-30000-Pro-Disposable-Vape-Box-600x600.jpg",600,600,true],"woocommerce_gallery_thumbnail":["https:\/\/rmvapesale.com\/wp-content\/uploads\/2024\/10\/BangKing-30000-Pro-Disposable-Vape-Box-100x100.jpg",100,100,true],"wcpr-photo-reviews":["https:\/\/rmvapesale.com\/wp-content\/uploads\/2024\/10\/BangKing-30000-Pro-Disposable-Vape-Box.jpg",500,500,false]},"uagb_author_info":{"display_name":"AMY","author_link":"https:\/\/rmvapesale.com\/hu\/author\/"},"uagb_comment_info":0,"uagb_excerpt":"Bang King Vape 30k Pro Bulk Buy Wholesale price Vape Bang King 30000 Pro Puffs Flavors Bang King 30000 Puffs Rechargeable Disposable Vape Box WhatsApp: +86 17776015835 &nbsp;","_links":{"self":[{"href":"https:\/\/rmvapesale.com\/hu\/wp-json\/wp\/v2\/product\/2391","targetHints":{"allow":["GET"]}}],"collection":[{"href":"https:\/\/rmvapesale.com\/hu\/wp-json\/wp\/v2\/product"}],"about":[{"href":"https:\/\/rmvapesale.com\/hu\/wp-json\/wp\/v2\/types\/product"}],"replies":[{"embeddable":true,"href":"https:\/\/rmvapesale.com\/hu\/wp-json\/wp\/v2\/comments?post=2391"}],"wp:featuredmedia":[{"embeddable":true,"href":"https:\/\/rmvapesale.com\/hu\/wp-json\/wp\/v2\/media\/2390"}],"wp:attachment":[{"href":"https:\/\/rmvapesale.com\/hu\/wp-json\/wp\/v2\/media?parent=2391"}],"wp:term":[{"taxonomy":"product_brand","embeddable":true,"href":"https:\/\/rmvapesale.com\/hu\/wp-json\/wp\/v2\/product_brand?post=2391"},{"taxonomy":"product_cat","embeddable":true,"href":"https:\/\/rmvapesale.com\/hu\/wp-json\/wp\/v2\/product_cat?post=2391"},{"taxonomy":"product_tag","embeddable":true,"href":"https:\/\/rmvapesale.com\/hu\/wp-json\/wp\/v2\/product_tag?post=2391"}],"curies":[{"name":"wp","href":"https:\/\/api.w.org\/{rel}","templated":true}]}}