{"id":2398,"date":"2024-10-14T07:57:57","date_gmt":"2024-10-14T07:57:57","guid":{"rendered":"https:\/\/rmvapesale.com\/?post_type=product&#038;p=2398"},"modified":"2024-10-14T08:58:13","modified_gmt":"2024-10-14T08:58:13","slug":"bang-36000-puffs-full-display-smart-vape-bulk-price","status":"publish","type":"product","link":"https:\/\/rmvapesale.com\/hu\/product\/bang-36000-puffs-full-display-smart-vape-bulk-price\/","title":{"rendered":"Bang 36000 Puffs teljes kijelz\u0151s okos vape \u00f6mlesztett \u00e1r"},"content":{"rendered":"<div class=\"B2VR9 CJHX3e\">\n<div class=\"wyccme\">\n<h1 class=\"LC20lb MBeuO DKV0Md\">Bang 36000 Puffs teljes kijelz\u0151s okos vape \u00f6mlesztett \u00e1r<\/h1>\n<div class=\"flex-shrink-0 flex flex-col relative items-end\">\n<div class=\"pt-0\">\n<div class=\"gizmo-bot-avatar flex h-8 w-8 items-center justify-center overflow-hidden rounded-full\">\n<div class=\"relative p-1 rounded-sm flex items-center justify-center bg-token-main-surface-primary text-token-text-primary h-8 w-8\">\n<p>Bemutatjuk a Bang 36000 Puffs Teljes Kijelz\u0151 Okos Vape-et, egy \u00e1tt\u00f6r\u00e9st jelent\u0151 egyszer haszn\u00e1latos vape-et, amely a legkorszer\u0171bb technol\u00f3gi\u00e1val \u00e9s kiv\u00e1l\u00f3 teljes\u00edtm\u00e9nnyel emeli a vaping \u00e9lm\u00e9nyt. Impoz\u00e1ns 36 000 puff \u00e9s 36 ml-es e-liquid kapacit\u00e1s\u00e1val ez az eszk\u00f6z hosszabb haszn\u00e1latot tesz lehet\u0151v\u00e9 gyakori \u00fajrat\u00f6lt\u00e9s n\u00e9lk\u00fcl, ide\u00e1liss\u00e1 t\u00e9ve a hossz\u00fa t\u00e1von \u00e9s k\u00e9nyelmesen vapinget keres\u0151 felhaszn\u00e1l\u00f3k sz\u00e1m\u00e1ra.<\/p>\n<p>A Bang 36000 Puffs er\u0151s, 850mAh-s \u00fajrat\u00f6lthet\u0151 akkumul\u00e1torral van felszerelve, amely biztos\u00edtja a folyamatos teljes\u00edtm\u00e9nyt \u00e9s a hosszabb vaping szesszi\u00f3kat. Az \u00fajrat\u00f6lt\u00e9s gyors \u00e9s egyszer\u0171 a Type-C csatlakoz\u00f3val, amely gyors \u00e9s megb\u00edzhat\u00f3 t\u00f6lt\u00e9st ny\u00fajt, hogy eszk\u00f6z\u00f6d z\u00f6kken\u0151mentesen m\u0171k\u00f6dj\u00f6n.<\/p>\n<p>Az egyik kiemelked\u0151 jellemz\u0151je ennek az eszk\u00f6znek a teljes k\u00e9perny\u0151s kijelz\u0151, amely val\u00f3s idej\u0171 friss\u00edt\u00e9seket ny\u00fajt az olajszintr\u0151l \u00e9s az akkumul\u00e1tor \u00e1llapot\u00e1r\u00f3l, \u00edgy teljes kontrollt \u00e9s l\u00e1that\u00f3s\u00e1got biztos\u00edt a vaping \u00e9lm\u00e9nyed felett. R\u00e1ad\u00e1sul az innovat\u00edv ujjlenyomat-nyit\u00f3 funkci\u00f3 biztos\u00edtja, hogy vape-ed biztons\u00e1gban \u00e9s szem\u00e9lyes maradjon, extra szofisztik\u00e1ci\u00f3t \u00e9s haszn\u00e1lhat\u00f3s\u00e1got adva.<\/p>\n<p>A Bang 36000 Puffs 1.0\u03a9 h\u00e1l\u00f3tek\u0151vel van ell\u00e1tva, amely fokozza az \u00edz\u00e1tvitelt \u00e9s a g\u0151zk\u00e9pz\u0151d\u00e9st, sima \u00e9s kiel\u00e9g\u00edt\u0151 l\u00f6v\u00e9st ny\u00fajtva minden puffn\u00e1l. Ak\u00e1r 0%, 2%, 3% vagy 5% nikotint kedvel, ez a vape minden t\u00edpus\u00fa vaperek sz\u00e1m\u00e1ra k\u00edn\u00e1l testreszabhat\u00f3 nikotin szinteket.<\/p>\n<\/div>\n<\/div>\n<\/div>\n<\/div>\n<\/div>\n<\/div>\n<p><strong>L\u00e9pjen kapcsolatba Amyvel a pontos v\u00e1laszok\u00e9rt \u00e9s tov\u00e1bbi term\u00e9kvide\u00f3k\u00e9rt!<\/strong><\/p>\n<p><img loading=\"lazy\" decoding=\"async\" class=\"size-full wp-image-1978\" src=\"https:\/\/rmvapesale.com\/wp-content\/uploads\/2024\/09\/Disposable-Vape-Wholesale.jpg\" alt=\"Eldobhat\u00f3 Vape Nagykereskedelem\" width=\"229\" height=\"300\" \/><\/p>\n<h3><a href=\"https:\/\/wa.me\/8617776015835\" target=\"_blank\" rel=\"noopener\"><span style=\"color: #ff0000\"><strong>WhatsApp: +86 17776015835<\/strong><\/span><\/a><\/h3>\n<p>&nbsp;<\/p>\n<h2><\/h2>\n<h2><strong>Bang 36000 Puffs Vape F\u0151bb Jellemz\u0151i<\/strong><\/h2>\n<p>&nbsp;<\/p>\n<ul>\n<li><strong>Puff: 36 000 puff<\/strong><\/li>\n<li><strong>36 ml-es e-liquid kapacit\u00e1s<\/strong><\/li>\n<li><strong>850mAh \u00fajrat\u00f6lthet\u0151 akkumul\u00e1tor<\/strong><\/li>\n<li><strong>Teljes k\u00e9perny\u0151s kijelz\u0151<\/strong> olaj- \u00e9s akkumul\u00e1tor szintek mutat\u00e1sa<\/li>\n<li><strong>Ujjlenyomat-nyit\u00e1s<\/strong> tov\u00e1bbi biztons\u00e1g\u00e9rt<\/li>\n<li><strong>1.0\u03a9 h\u00e1l\u00f3s tekercs<\/strong> sima, \u00edzletes g\u0151zk\u00e9pz\u0151d\u00e9s\u00e9rt<\/li>\n<li>El\u00e9rhet\u0151 <strong>12 \u00edz<\/strong><\/li>\n<li>Nikotin er\u0151ss\u00e9gek: <strong>0%, 2%, 3% \u00e9s 5%<\/strong><\/li>\n<\/ul>\n<h2><\/h2>\n<h2><strong>Legjobb \u00edz a Bang 36000 Puffs Teljes Kijelz\u0151 Okos Vape-hez<\/strong><\/h2>\n<p>A Bang 36000 Puffs 1.0\u03a9 h\u00e1l\u00f3tek\u0151vel van ell\u00e1tva, amely fokozza az \u00edz\u00e1tvitelt \u00e9s a g\u0151zk\u00e9pz\u0151d\u00e9st, sima \u00e9s kiel\u00e9g\u00edt\u0151 l\u00f6v\u00e9st ny\u00fajtva minden puffn\u00e1l. Ak\u00e1r 0%, 2%, 3% vagy 5% nikotint kedvel, ez a vape minden t\u00edpus\u00fa vaperek sz\u00e1m\u00e1ra k\u00edn\u00e1l testreszabhat\u00f3 nikotin szinteket.<\/p>\n<p>&nbsp;<\/p>\n<p>1. Gy\u00fcm\u00f6lcskever\u00e9k<br \/>\n2. Triple Berry<span style=\"color: #ff0000\"><strong>&gt;&gt;&gt;&gt; Forr\u00f3!<\/strong><\/span><br \/>\n3. S\u00e1rgabarack Mang\u00f3 G\u00f6r\u00f6gdinnye<br \/>\n4. Blueberry Raspberry<br \/>\n5. Fekete S\u00e1rk\u00e1ny J\u00e9g<span style=\"color: #ff0000\"><strong>&gt;&gt;&gt;&gt; Forr\u00f3!<\/strong><\/span><br \/>\n6. Sz\u0151l\u0151 J\u00e9g<br \/>\n7. \u00c1fonya J\u00e9g<br \/>\n8. Eper G\u00f6r\u00f6gdinnye<br \/>\n9. Eper Ban\u00e1n<br \/>\n10. Eper Kivi<br \/>\n11. Eper Mang\u00f3<br \/>\n12. G\u00f6r\u00f6gdinnye J\u00e9g<span style=\"color: #ff0000\"><strong>&gt;&gt;&gt;&gt; A legjobb!<\/strong><\/span><\/p>\n<figure id=\"attachment_2397\" aria-describedby=\"caption-attachment-2397\" style=\"width: 500px\" class=\"wp-caption alignnone\"><img loading=\"lazy\" decoding=\"async\" class=\"wp-image-2397 size-full\" src=\"https:\/\/rmvapesale.com\/wp-content\/uploads\/2024\/10\/Bang-Vape-36000-Puffs-Disposable-Flavor.jpg\" alt=\"Bang Vape 36000 Szippant\u00e1s Eldobhat\u00f3 \u00cdz\" width=\"500\" height=\"826\" srcset=\"https:\/\/rmvapesale.com\/wp-content\/uploads\/2024\/10\/Bang-Vape-36000-Puffs-Disposable-Flavor.jpg 500w, https:\/\/rmvapesale.com\/wp-content\/uploads\/2024\/10\/Bang-Vape-36000-Puffs-Disposable-Flavor-182x300.jpg 182w\" sizes=\"auto, (max-width: 500px) 100vw, 500px\" \/><figcaption id=\"caption-attachment-2397\" class=\"wp-caption-text\">Bang Vape 36000 Szippant\u00e1s Eldobhat\u00f3 \u00cdz<\/figcaption><\/figure>\n<h3><\/h3>\n<h3><strong>Mi\u00e9rt v\u00e1lassza az Rmvapesale-t a Bang Vape Puff 36000 \u00fajrat\u00f6lthet\u0151 vape eset\u00e9n<\/strong><strong>?<\/strong><\/h3>\n<div class=\"flex-shrink-0 flex flex-col relative items-end\">\n<div class=\"pt-0\">\n<div class=\"gizmo-bot-avatar flex h-8 w-8 items-center justify-center overflow-hidden rounded-full\">\n<div class=\"relative p-1 rounded-sm flex items-center justify-center bg-token-main-surface-primary text-token-text-primary h-8 w-8\">\n<p>&nbsp;<\/p>\n<p>Ha az Rmvapesale-t v\u00e1lasztja az eldobhat\u00f3 vape-ek nagykereskedelm\u00e9hez, a k\u00f6vetkez\u0151 el\u0151ny\u00f6kben r\u00e9szes\u00fcl:<\/p>\n<ul>\n<li><strong>Versenyk\u00e9pes \u00e1rak<\/strong>: Hozz\u00e1f\u00e9rhet vonz\u00f3 nagykereskedelmi \u00e1rakhoz, amelyek n\u00f6velik az \u00fczleti marzsokat.<\/li>\n<li><strong>Magas min\u0151s\u00e9g<\/strong>: Vape-jeink a legmagasabb sz\u00ednvonalon k\u00e9sz\u00fclnek, \u00e9s <span style=\"color: #ff0000\"><strong>garant\u00e1ltan 100% eredetiek \u00e9s hitelesek, hamis \u00e1ru eset\u00e9n 10-szeres k\u00e1rt\u00e9r\u00edt\u00e9st biztos\u00edtunk!<\/strong><\/span><\/li>\n<li><strong>Kiv\u00e1l\u00f3 \u00dcgyf\u00e9lszolg\u00e1lat<\/strong>: Elk\u00f6telezett csapatunk mindig k\u00e9szen \u00e1ll, hogy seg\u00edtsen \u00d6nnek, z\u00f6kken\u0151mentess\u00e9 \u00e9s probl\u00e9mamentess\u00e9 t\u00e9ve a v\u00e1s\u00e1rl\u00e1si folyamatot.<\/li>\n<li><strong>Gyors Sz\u00e1ll\u00edt\u00e1s<\/strong>: Sz\u00e1m\u00edtson gyors \u00e9s megb\u00edzhat\u00f3 sz\u00e1ll\u00edt\u00e1sra, ami biztos\u00edtja, hogy rendel\u00e9sei mindig id\u0151ben meg\u00e9rkezzenek.<\/li>\n<\/ul>\n<\/div>\n<h3><\/h3>\n<div class=\"relative p-1 rounded-sm flex items-center justify-center bg-token-main-surface-primary text-token-text-primary h-8 w-8\">\n<h3><b>GYIK<\/b><\/h3>\n<p><strong>1. H\u00e1ny szippant\u00e1sra elegend\u0151 a Bang 36000 Puffs?<\/strong><br \/>\nA <strong>Bang 36000 Puffs<\/strong> hihetetlen <strong>36,000 slukkot k\u00edn\u00e1l<\/strong>, ami az egyik leghosszabb ideig tart\u00f3 eldobhat\u00f3 vape a piacon.<\/p>\n<p><strong>2. Milyen nikotin opci\u00f3k \u00e9rhet\u0151k el ehhez a vape-hez?<\/strong><br \/>\nA <strong>Bang 36000 Puffs Teljes Kijelz\u0151 Okos Vape<\/strong> n\u00e9gy nikotin er\u0151ss\u00e9g opci\u00f3ban \u00e9rhet\u0151 el: <strong>0%, 2%, 3% \u00e9s 5%<\/strong>, lehet\u0151v\u00e9 t\u00e9ve a felhaszn\u00e1l\u00f3k sz\u00e1m\u00e1ra, hogy kiv\u00e1lassz\u00e1k kedvenc nikotin szintj\u00fcket.<\/p>\n<p><strong>3. Mi a akkumul\u00e1tor kapacit\u00e1sa, \u00e9s \u00fajrat\u00f6lthet\u0151-e?<\/strong><br \/>\nEz a vape egy <strong>850mAh \u00fajrat\u00f6lthet\u0151 akkumul\u00e1tor<\/strong>. Ez egy\u00e9bk\u00e9nt egy <strong>Type-C<\/strong> gyors \u00e9s hat\u00e9kony \u00fajrat\u00f6lt\u00e9st biztos\u00edt\u00f3 t\u00f6lt\u0151porttal rendelkezik.<\/p>\n<p><strong>4. Milyen funkci\u00f3kat ny\u00fajt a teljes k\u00e9perny\u0151s kijelz\u0151?<\/strong><br \/>\nA <strong>teljes k\u00e9perny\u0151s kijelz\u0151<\/strong> a Bang 36000 Puffs kijelz\u0151j\u00e9n mindkett\u0151t mutatja <strong>olajszintek<\/strong> \u00e9s a <strong>akkumul\u00e1tor t\u00f6lt\u00f6tts\u00e9g<\/strong> val\u00f3s idej\u0171 megjelen\u00edt\u00e9ssel, \u00edgy teljes kontrollt biztos\u00edtva az inhal\u00e1l\u00e1si \u00e9lm\u00e9ny felett.<\/p>\n<p><strong>5. Hogyan m\u0171k\u00f6dik az ujjlenyomat-olvas\u00f3 funkci\u00f3?<\/strong><br \/>\nA <strong>ujjlenyomat-nyit\u00e1si funkci\u00f3<\/strong> Biztos\u00edtja, hogy csak \u00d6n tudja feloldani \u00e9s haszn\u00e1lni az eszk\u00f6z\u00e9t, biztons\u00e1gi r\u00e9teget adva a vap\u00e9j\u00e1nak.<\/p>\n<p><strong>6. Milyen \u00edzek \u00e9rhet\u0151k el a Bang 36000 Puffs-hoz?<\/strong><br \/>\nA <strong>Bang 36000 Puffs<\/strong> kaphat\u00f3 <strong>12 k\u00fcl\u00f6nb\u00f6z\u0151 \u00edz<\/strong>, amelyek sz\u00e9les sk\u00e1l\u00e1j\u00e1t k\u00edn\u00e1lj\u00e1k az \u00edzeknek \u00e9s preferenci\u00e1knak. N\u00e9pszer\u0171 \u00edzek k\u00f6z\u00e9 tartoznak a gy\u00fcm\u00f6lcs\u00f6s, \u00e9des \u00e9s h\u0171v\u00f6s opci\u00f3k minden vaperek sz\u00e1m\u00e1ra.<\/p>\n<\/div>\n<\/div>\n<\/div>\n<\/div>\n<div class=\"group\/conversation-turn relative flex w-full min-w-0 flex-col agent-turn\">\n<div class=\"flex-col gap-1 md:gap-3\">\n<div class=\"flex max-w-full flex-col flex-grow\">\n<div class=\"min-h-8 text-message flex w-full flex-col items-end gap-2 whitespace-normal break-words [.text-message+&amp;]:mt-5\" dir=\"auto\" data-message-author-role=\"assistant\" data-message-id=\"f226d3fc-81f3-46d5-8c46-31787fff0357\">\n<div class=\"flex w-full flex-col gap-1 empty:hidden first:pt-[3px]\">\n<div class=\"markdown prose w-full break-words dark:prose-invert light\">\n<p>&nbsp;<\/p>\n<\/div>\n<\/div>\n<\/div>\n<\/div>\n<\/div>\n<\/div>\n<h3>A Sz\u00e1ll\u00edt\u00e1sr\u00f3l<\/h3>\n<div class=\"flex-shrink-0 flex flex-col relative items-end\">\n<div>\n<div class=\"pt-0\">\n<div class=\"gizmo-bot-avatar flex h-8 w-8 items-center justify-center overflow-hidden rounded-full\">\n<div><\/div>\n<div class=\"relative p-1 rounded-sm flex items-center justify-center bg-token-main-surface-primary text-token-text-primary h-8 w-8\"><strong>1. Milyen sz\u00e1ll\u00edt\u00e1si m\u00f3dokat haszn\u00e1lnak?<\/strong><\/div>\n<\/div>\n<\/div>\n<\/div>\n<\/div>\n<div class=\"group\/conversation-turn relative flex w-full min-w-0 flex-col agent-turn\">\n<div class=\"flex-col gap-1 md:gap-3\">\n<div class=\"flex max-w-full flex-col flex-grow\">\n<div class=\"min-h-[20px] text-message flex w-full flex-col items-end gap-2 whitespace-normal break-words [.text-message+&amp;]:mt-5 overflow-x-auto\" dir=\"auto\" data-message-author-role=\"assistant\" data-message-id=\"22f8283b-3233-46ff-89a5-c7a41b33abda\">\n<div class=\"flex w-full flex-col gap-1 empty:hidden first:pt-[3px]\">\n<div class=\"markdown prose w-full break-words dark:prose-invert light\">\n<p>Partnerei vagyunk a UPS, DHL, FedEx, DPD \u00e9s m\u00e1s vezet\u0151 fuvaroz\u00f3knak. A legjobb sz\u00e1ll\u00edt\u00e1si m\u00f3dot fogjuk kiv\u00e1lasztani a sz\u00e1ll\u00edt\u00e1si helysz\u00edne alapj\u00e1n, hogy a lehet\u0151 leggyorsabban megkapja a term\u00e9keit.<\/p>\n<\/div>\n<p><strong>2. Mennyi id\u0151 alatt \u00e9rkezik meg?<\/strong><\/p>\n<p>A csomagok \u00e1ltal\u00e1ban 10 munkanapon bel\u00fcl meg\u00e9rkeznek Magyarorsz\u00e1gra. Az eur\u00f3pai orsz\u00e1gokba t\u00f6rt\u00e9n\u0151 sz\u00e1ll\u00edt\u00e1s \u00e1ltal\u00e1ban 12-15 munkanapot vesz ig\u00e9nybe. Folyamatosan t\u00e1j\u00e9koztatjuk a sz\u00e1ll\u00edt\u00e1si st\u00e1tuszr\u00f3l.<\/p>\n<\/div>\n<\/div>\n<\/div>\n<\/div>\n<\/div>\n<p>&nbsp;<\/p>\n<p>Tov\u00e1bbi n\u00e9pszer\u0171 vape term\u00e9kek, amik tetszhetnek:<\/p>\n<p><a href=\"https:\/\/rmvapesale.com\/hu\/product\/bang-vape-30000-pro-disposables-wholesale\/\"><strong>Bang King 30000 Puffs Puff\u00a0 \u00a0<span style=\"color: #ff0000\">&gt;&gt;&gt;&gt; ide!<\/span><\/strong><\/a><\/p>\n<p><strong><a href=\"https:\/\/rmvapesale.com\/hu\/product\/faivono-bang-maxi-15000-puffs-disposable-vape-bulk-wholesale\/\">AIVONO Aim Bang Maxi 15000 Puffs <span style=\"color: #ff0000\">&gt;&gt;&gt;&gt; ide!<\/span><\/a>\u00a0<\/strong><\/p>\n<p><a href=\"https:\/\/rmvapesale.com\/hu\/product\/bang-box-30000-puff-double-taste-smart-screen-disposable-vape\/\"><strong>Bang Vape Doboz 30000 Puff <span style=\"color: #ff0000\">&gt;&gt;&gt;&gt; ide!<\/span><\/strong><\/a><\/p>\n<p>&nbsp;<\/p>\n<p>&nbsp;<\/p>\n<p>Tal\u00e1lja meg a tov\u00e1bbi vape term\u00e9keket, amelyek tetszhetnek \u00d6nnek:<strong><em><a href=\"https:\/\/rmvapesale.com\/hu\/shop-2\/\">V\u00e1s\u00e1roljon most &gt;&gt;&gt;<\/a><\/em><\/strong><\/p>","protected":false},"excerpt":{"rendered":"<p>Bang Vape 36k Egyszer haszn\u00e1latos Vape Nagybani V\u00e1s\u00e1rl\u00e1s Nagykereskedelmi \u00e1r<br \/>\nVape Bang Puff 36000 Doboz Minden \u00cdz Rakt\u00e1ron<br \/>\nBang 36000 Puffs \u00dajrat\u00f6lthet\u0151 Egyszer haszn\u00e1latos Vape<\/p>\n<p><img loading=\"lazy\" decoding=\"async\" class=\"size-full wp-image-1978\" src=\"https:\/\/rmvapesale.com\/wp-content\/uploads\/2024\/09\/Disposable-Vape-Wholesale.jpg\" alt=\"Eldobhat\u00f3 Vape Nagykereskedelem\" width=\"229\" height=\"300\" \/><\/p>\n<h3><a href=\"https:\/\/wa.me\/8617776015835\"><span style=\"color: #ff0000\"><strong>WhatsApp: +86 17776015835<\/strong><\/span><\/a><\/h3>\n<p>&nbsp;<\/p>","protected":false},"featured_media":2393,"comment_status":"open","ping_status":"closed","template":"","meta":{"_uag_custom_page_level_css":"","_lmt_disableupdate":"","_lmt_disable":"","site-sidebar-layout":"default","site-content-layout":"content-boxed-container","ast-site-content-layout":"normal-width-container","site-content-style":"boxed","site-sidebar-style":"unboxed","ast-global-header-display":"","ast-banner-title-visibility":"","ast-main-header-display":"","ast-hfb-above-header-display":"","ast-hfb-below-header-display":"","ast-hfb-mobile-header-display":"","site-post-title":"","ast-breadcrumbs-content":"","ast-featured-img":"","footer-sml-layout":"","theme-transparent-header-meta":"default","adv-header-id-meta":"","stick-header-meta":"","header-above-stick-meta":"","header-main-stick-meta":"","header-below-stick-meta":"","astra-migrate-meta-layouts":"set","ast-page-background-enabled":"default","ast-page-background-meta":{"desktop":{"background-color":"var(--ast-global-color-4)","background-image":"","background-repeat":"repeat","background-position":"center center","background-size":"auto","background-attachment":"scroll","background-type":"","background-media":"","overlay-type":"","overlay-color":"","overlay-opacity":"","overlay-gradient":""},"tablet":{"background-color":"","background-image":"","background-repeat":"repeat","background-position":"center center","background-size":"auto","background-attachment":"scroll","background-type":"","background-media":"","overlay-type":"","overlay-color":"","overlay-opacity":"","overlay-gradient":""},"mobile":{"background-color":"","background-image":"","background-repeat":"repeat","background-position":"center center","background-size":"auto","background-attachment":"scroll","background-type":"","background-media":"","overlay-type":"","overlay-color":"","overlay-opacity":"","overlay-gradient":""}},"ast-content-background-meta":{"desktop":{"background-color":"var(--ast-global-color-5)","background-image":"","background-repeat":"repeat","background-position":"center center","background-size":"auto","background-attachment":"scroll","background-type":"","background-media":"","overlay-type":"","overlay-color":"","overlay-opacity":"","overlay-gradient":""},"tablet":{"background-color":"var(--ast-global-color-5)","background-image":"","background-repeat":"repeat","background-position":"center center","background-size":"auto","background-attachment":"scroll","background-type":"","background-media":"","overlay-type":"","overlay-color":"","overlay-opacity":"","overlay-gradient":""},"mobile":{"background-color":"var(--ast-global-color-5)","background-image":"","background-repeat":"repeat","background-position":"center center","background-size":"auto","background-attachment":"scroll","background-type":"","background-media":"","overlay-type":"","overlay-color":"","overlay-opacity":"","overlay-gradient":""}},"_joinchat":[]},"product_brand":[],"product_cat":[15,25,123,26,28,135,27,60,137,136,30],"product_tag":[148,150,146,126,151,111,132,85],"class_list":{"0":"post-2398","1":"product","2":"type-product","3":"status-publish","4":"has-post-thumbnail","6":"product_cat-new-vape-this-week","7":"product_cat-germany-best-selling-vape","8":"product_cat-italy-wholesale-vape","9":"product_cat-netherlands-hot-sale-vape","10":"product_cat-poland-hot-sale-vape","11":"product_cat-spain-best-hot-sale-vape","12":"product_cat-fance-hot-sale-vape","13":"product_cat-bang-vapes","14":"product_cat-rechargeable-vapes","15":"product_cat-smart-screen-vapes","16":"product_cat-minimum-order-quantity-50pcs","17":"product_tag-bang-disposable-vape","18":"product_tag-bang-vape-bar","19":"product_tag-best-hot-sale-vape","20":"product_tag-e-cigarettes","21":"product_tag-full-display-vape","22":"product_tag-low-nicotine-disposable-vape","23":"product_tag-rechargeable-vape","24":"product_tag-smart-disposable-vape","25":"desktop-align-left","26":"tablet-align-left","27":"mobile-align-left","29":"first","30":"instock","31":"sale","32":"shipping-taxable","33":"purchasable","34":"product-type-simple"},"uagb_featured_image_src":{"full":["https:\/\/rmvapesale.com\/wp-content\/uploads\/2024\/10\/Bang-36000-Puffs-Disposable-Vape-Bulk.jpg",808,808,false],"thumbnail":["https:\/\/rmvapesale.com\/wp-content\/uploads\/2024\/10\/Bang-36000-Puffs-Disposable-Vape-Bulk-150x150.jpg",150,150,true],"medium":["https:\/\/rmvapesale.com\/wp-content\/uploads\/2024\/10\/Bang-36000-Puffs-Disposable-Vape-Bulk-300x300.jpg",300,300,true],"medium_large":["https:\/\/rmvapesale.com\/wp-content\/uploads\/2024\/10\/Bang-36000-Puffs-Disposable-Vape-Bulk-768x768.jpg",768,768,true],"large":["https:\/\/rmvapesale.com\/wp-content\/uploads\/2024\/10\/Bang-36000-Puffs-Disposable-Vape-Bulk.jpg",808,808,false],"1536x1536":["https:\/\/rmvapesale.com\/wp-content\/uploads\/2024\/10\/Bang-36000-Puffs-Disposable-Vape-Bulk.jpg",808,808,false],"2048x2048":["https:\/\/rmvapesale.com\/wp-content\/uploads\/2024\/10\/Bang-36000-Puffs-Disposable-Vape-Bulk.jpg",808,808,false],"trp-custom-language-flag":["https:\/\/rmvapesale.com\/wp-content\/uploads\/2024\/10\/Bang-36000-Puffs-Disposable-Vape-Bulk.jpg",12,12,false],"woocommerce_thumbnail":["https:\/\/rmvapesale.com\/wp-content\/uploads\/2024\/10\/Bang-36000-Puffs-Disposable-Vape-Bulk-300x300.jpg",300,300,true],"woocommerce_single":["https:\/\/rmvapesale.com\/wp-content\/uploads\/2024\/10\/Bang-36000-Puffs-Disposable-Vape-Bulk-600x600.jpg",600,600,true],"woocommerce_gallery_thumbnail":["https:\/\/rmvapesale.com\/wp-content\/uploads\/2024\/10\/Bang-36000-Puffs-Disposable-Vape-Bulk-100x100.jpg",100,100,true],"wcpr-photo-reviews":["https:\/\/rmvapesale.com\/wp-content\/uploads\/2024\/10\/Bang-36000-Puffs-Disposable-Vape-Bulk.jpg",500,500,false]},"uagb_author_info":{"display_name":"AMY","author_link":"https:\/\/rmvapesale.com\/hu\/author\/"},"uagb_comment_info":0,"uagb_excerpt":"Bang Vape 36k Disposable Vape Bulk Buy Wholesale price Vape Bang Puff 36000 Box All Flavors in Stock Bang 36000 Puffs Rechargeable Disposable Vape WhatsApp: +86 17776015835 &nbsp;","_links":{"self":[{"href":"https:\/\/rmvapesale.com\/hu\/wp-json\/wp\/v2\/product\/2398","targetHints":{"allow":["GET"]}}],"collection":[{"href":"https:\/\/rmvapesale.com\/hu\/wp-json\/wp\/v2\/product"}],"about":[{"href":"https:\/\/rmvapesale.com\/hu\/wp-json\/wp\/v2\/types\/product"}],"replies":[{"embeddable":true,"href":"https:\/\/rmvapesale.com\/hu\/wp-json\/wp\/v2\/comments?post=2398"}],"wp:featuredmedia":[{"embeddable":true,"href":"https:\/\/rmvapesale.com\/hu\/wp-json\/wp\/v2\/media\/2393"}],"wp:attachment":[{"href":"https:\/\/rmvapesale.com\/hu\/wp-json\/wp\/v2\/media?parent=2398"}],"wp:term":[{"taxonomy":"product_brand","embeddable":true,"href":"https:\/\/rmvapesale.com\/hu\/wp-json\/wp\/v2\/product_brand?post=2398"},{"taxonomy":"product_cat","embeddable":true,"href":"https:\/\/rmvapesale.com\/hu\/wp-json\/wp\/v2\/product_cat?post=2398"},{"taxonomy":"product_tag","embeddable":true,"href":"https:\/\/rmvapesale.com\/hu\/wp-json\/wp\/v2\/product_tag?post=2398"}],"curies":[{"name":"wp","href":"https:\/\/api.w.org\/{rel}","templated":true}]}}