{"id":2410,"date":"2024-10-15T03:28:17","date_gmt":"2024-10-15T03:28:17","guid":{"rendered":"https:\/\/rmvapesale.com\/?post_type=product&#038;p=2410"},"modified":"2024-10-15T08:43:04","modified_gmt":"2024-10-15T08:43:04","slug":"bang-box-20000-puffs-vape-0-2-5-nicotine","status":"publish","type":"product","link":"https:\/\/rmvapesale.com\/hu\/product\/bang-box-20000-puffs-vape-0-2-5-nicotine\/","title":{"rendered":"Bang Box 20000 Puffs Vape 0% 2% 5% nikotin"},"content":{"rendered":"<div class=\"B2VR9 CJHX3e\">\n<div class=\"wyccme\">\n<h1 class=\"LC20lb MBeuO DKV0Md\">Bang Box 20000 Puffs Vape 0% 2% 5% nikotin<\/h1>\n<div class=\"flex-shrink-0 flex flex-col relative items-end\">\n<div class=\"pt-0\">\n<div class=\"gizmo-bot-avatar flex h-8 w-8 items-center justify-center overflow-hidden rounded-full\">\n<div class=\"relative p-1 rounded-sm flex items-center justify-center bg-token-main-surface-primary text-token-text-primary h-8 w-8\">\n<p>A Bang Box 20000 Puffs Vape kiemelked\u0151 term\u00e9k a vaperek piac\u00e1n, mind alkalmi, mind h\u0171s\u00e9ges vaperek sz\u00e1m\u00e1ra tervezve. Ak\u00e1r 20 000 sz\u00edv\u00e1st biztos\u00edt, hossz\u00fa t\u00e1v\u00fa vap\u00e1z\u00e1si \u00e9lm\u00e9nyt ny\u00fajt, amely k\u00e9nyelmes \u00e9s gazdas\u00e1gos. Ez a vape toll k\u00fcl\u00f6nb\u00f6z\u0151 nikotinszinteken \u00e9rhet\u0151 el, bele\u00e9rtve az 0%, 2%, 3% \u00e9s 5% verzi\u00f3kat, lehet\u0151v\u00e9 t\u00e9ve a felhaszn\u00e1l\u00f3k sz\u00e1m\u00e1ra a prefer\u00e1lt szint kiv\u00e1laszt\u00e1s\u00e1t.<\/p>\n<p>A Bang Box 20k puff egyik f\u0151 jellemz\u0151je az \u00fajrat\u00f6lthet\u0151 akkumul\u00e1tor, amely n\u00f6veli fenntarthat\u00f3s\u00e1g\u00e1t a hagyom\u00e1nyos egyszer haszn\u00e1latos vapekhez k\u00e9pest. Ez a bang vape 25 ml e-liquid kapacit\u00e1ssal van felszerelve, biztos\u00edtva, hogy a felhaszn\u00e1l\u00f3k hosszabb \u00fcl\u00e9seket \u00e9lvezhessenek.<\/p>\n<p>Ezenk\u00edv\u00fcl a Bang 20000 bar egy kett\u0151s h\u00e1l\u00f3s tekercsrendszerrel van kialak\u00edtva, amely fokozza az \u00edzt \u00e9s a g\u0151zk\u00e9pz\u00e9st, \u00edgy minden sz\u00edv\u00e1s kiel\u00e9g\u00edt\u0151. Az eleg\u00e1ns \u00e9s hordozhat\u00f3 kialak\u00edt\u00e1s k\u00f6nny\u0171v\u00e9 teszi a hordoz\u00e1st, kiel\u00e9g\u00edtve az akt\u00edv felhaszn\u00e1l\u00f3k ig\u00e9nyeit.<\/p>\n<p>\u00d6sszess\u00e9g\u00e9ben a Bang Box 20000 Puffs Egyszer haszn\u00e1latos Vape kiv\u00e1l\u00f3 v\u00e1laszt\u00e1s azok sz\u00e1m\u00e1ra, akik megb\u00edzhat\u00f3 \u00e9s nagy puffos vapel\u00e9si lehet\u0151s\u00e9get keresnek.<\/p>\n<\/div>\n<\/div>\n<\/div>\n<\/div>\n<\/div>\n<\/div>\n<p><strong>L\u00e9pjen kapcsolatba Amyvel a pontos v\u00e1laszok\u00e9rt \u00e9s tov\u00e1bbi term\u00e9kvide\u00f3k\u00e9rt!<\/strong><\/p>\n<p><img loading=\"lazy\" decoding=\"async\" class=\"size-full wp-image-1978\" src=\"https:\/\/rmvapesale.com\/wp-content\/uploads\/2024\/09\/Disposable-Vape-Wholesale.jpg\" alt=\"Eldobhat\u00f3 Vape Nagykereskedelem\" width=\"229\" height=\"300\" \/><\/p>\n<h3><a href=\"https:\/\/wa.me\/8617776015835\" target=\"_blank\" rel=\"noopener\"><span style=\"color: #ff0000\"><strong>WhatsApp: +86 17776015835<\/strong><\/span><\/a><\/h3>\n<p>&nbsp;<\/p>\n<h2><\/h2>\n<h2><strong>Bang Egyszer haszn\u00e1latos Vape 20000 F\u0151 jellemz\u0151k<\/strong><\/h2>\n<p>Sz\u00edv\u00e1sok: Ak\u00e1r 20000 sz\u00edv\u00e1s<br \/>\nFolyad\u00e9k: 35 ml el\u0151re t\u00f6lt\u00f6tt<br \/>\nNikotin: 0% 2% 3% 5%<br \/>\nMag: H\u00e1l\u00f3s tekercs 1.0\u03a9<br \/>\nAkkumul\u00e1tor: 850mAh \u00fajrat\u00f6lthet\u0151 Type-C<br \/>\nIntelligens kijelz\u0151 az olaj \u00e9s e-liquid megjelen\u00edt\u00e9s\u00e9hez<\/p>\n<h2><\/h2>\n<h2><strong>Legjobb \u00edzek a Bang 20000 Puffs kijelz\u0151 okos vape-hez<\/strong><\/h2>\n<p>A Bang Box 20000 Puffs Vape sokf\u00e9le \u00edzt k\u00edn\u00e1l, amelyek k\u00fcl\u00f6nb\u00f6z\u0151 preferenci\u00e1kat c\u00e9loznak meg. Minden \u00edz egyedi vap\u00e1z\u00e1si \u00e9lm\u00e9nyt ny\u00fajt, biztos\u00edtva, hogy a felhaszn\u00e1l\u00f3k tal\u00e1ljanak kedv\u00fckre val\u00f3t. N\u00e9pszer\u0171 opci\u00f3k k\u00f6z\u00e9 tartoznak a gy\u00fcm\u00f6lcs\u00f6s \u00edzek, mint a g\u00f6r\u00f6gdinnye, mang\u00f3 \u00e9s kevert bogy\u00f3k, amelyek friss\u00edt\u0151 \u00e9s \u00e9des \u00e9rz\u00e9st ny\u00fajtanak.<\/p>\n<p>1. Eper-kivi<br \/>\n2.Kivi, maracuja, guava<span style=\"color: #ff0000\"><strong>&gt;&gt;&gt;&gt; Forr\u00f3!<\/strong><\/span><br \/>\n3. Eper g\u00f6r\u00f6gdinnye<span style=\"color: #ff0000\"><strong>&gt;&gt;&gt;&gt; Forr\u00f3!<\/strong><\/span><br \/>\n4. M\u00e1lna-g\u00f6r\u00f6gdinnye<br \/>\n5. \u00c1fonya-savanyk\u00e1s m\u00e1lna j\u00e9g<br \/>\n6.G\u00f6r\u00f6gdinnye j\u00e9g<br \/>\n7.Ban\u00e1n fagyi<br \/>\n8.Mang\u00f3 kajszibarack<br \/>\n9.K\u00e9k m\u00e1lna j\u00e9g<span style=\"color: #ff0000\"><strong>&gt;&gt;&gt;&gt; A legjobb!<\/strong><\/span><br \/>\n10.Uram k\u00e9k<br \/>\n11.Gy\u00fcm\u00f6lcs fagyi<br \/>\n12.Mang\u00f3 j\u00e9gen<\/p>\n<figure id=\"attachment_2404\" aria-describedby=\"caption-attachment-2404\" style=\"width: 800px\" class=\"wp-caption alignnone\"><img loading=\"lazy\" decoding=\"async\" class=\"wp-image-2404 size-full\" src=\"https:\/\/rmvapesale.com\/wp-content\/uploads\/2024\/10\/Bang-box-20000-Puffs-Disposable-Vape-Bulk-Buy.jpg\" alt=\"Bang box 20000 Puffs eldobhat\u00f3 vape Nagykereskedelmi v\u00e1s\u00e1rl\u00e1s\" width=\"800\" height=\"504\" srcset=\"https:\/\/rmvapesale.com\/wp-content\/uploads\/2024\/10\/Bang-box-20000-Puffs-Disposable-Vape-Bulk-Buy.jpg 800w, https:\/\/rmvapesale.com\/wp-content\/uploads\/2024\/10\/Bang-box-20000-Puffs-Disposable-Vape-Bulk-Buy-300x189.jpg 300w, https:\/\/rmvapesale.com\/wp-content\/uploads\/2024\/10\/Bang-box-20000-Puffs-Disposable-Vape-Bulk-Buy-768x484.jpg 768w, https:\/\/rmvapesale.com\/wp-content\/uploads\/2024\/10\/Bang-box-20000-Puffs-Disposable-Vape-Bulk-Buy-600x378.jpg 600w\" sizes=\"auto, (max-width: 800px) 100vw, 800px\" \/><figcaption id=\"caption-attachment-2404\" class=\"wp-caption-text\">Bang box 20000 Puffs eldobhat\u00f3 vape Nagykereskedelmi v\u00e1s\u00e1rl\u00e1s<\/figcaption><\/figure>\n<h3><\/h3>\n<h3><strong>Mi\u00e9rt v\u00e1lassza az Rmvapesale-t a Bang Vape Puff 20000 \u00fajrat\u00f6lthet\u0151 vape-hez?<\/strong><strong>?<\/strong><\/h3>\n<div class=\"flex-shrink-0 flex flex-col relative items-end\">\n<div class=\"pt-0\">\n<div class=\"gizmo-bot-avatar flex h-8 w-8 items-center justify-center overflow-hidden rounded-full\">\n<div class=\"relative p-1 rounded-sm flex items-center justify-center bg-token-main-surface-primary text-token-text-primary h-8 w-8\">\n<p>&nbsp;<\/p>\n<p>Ha az Rmvapesale-t v\u00e1lasztja az eldobhat\u00f3 vape-ek nagykereskedelm\u00e9hez, a k\u00f6vetkez\u0151 el\u0151ny\u00f6kben r\u00e9szes\u00fcl:<\/p>\n<ul>\n<li><strong>Versenyk\u00e9pes \u00e1rak<\/strong>: Hozz\u00e1f\u00e9rhet vonz\u00f3 nagykereskedelmi \u00e1rakhoz, amelyek n\u00f6velik az \u00fczleti marzsokat.<\/li>\n<li><strong>Magas min\u0151s\u00e9g<\/strong>: Vape-jeink a legmagasabb sz\u00ednvonalon k\u00e9sz\u00fclnek, \u00e9s <span style=\"color: #ff0000\"><strong>garant\u00e1ltan 100% eredetiek \u00e9s hitelesek, hamis \u00e1ru eset\u00e9n 10-szeres k\u00e1rt\u00e9r\u00edt\u00e9st biztos\u00edtunk!<\/strong><\/span><\/li>\n<li><strong>Kiv\u00e1l\u00f3 \u00dcgyf\u00e9lszolg\u00e1lat<\/strong>: Elk\u00f6telezett csapatunk mindig k\u00e9szen \u00e1ll, hogy seg\u00edtsen \u00d6nnek, z\u00f6kken\u0151mentess\u00e9 \u00e9s probl\u00e9mamentess\u00e9 t\u00e9ve a v\u00e1s\u00e1rl\u00e1si folyamatot.<\/li>\n<li><strong>Gyors Sz\u00e1ll\u00edt\u00e1s<\/strong>: Sz\u00e1m\u00edtson gyors \u00e9s megb\u00edzhat\u00f3 sz\u00e1ll\u00edt\u00e1sra, ami biztos\u00edtja, hogy rendel\u00e9sei mindig id\u0151ben meg\u00e9rkezzenek.<\/li>\n<\/ul>\n<\/div>\n<h3><\/h3>\n<div class=\"relative p-1 rounded-sm flex items-center justify-center bg-token-main-surface-primary text-token-text-primary h-8 w-8\">\n<h3><b>GYIK<\/b><\/h3>\n<p>&nbsp;<\/p>\n<\/div>\n<\/div>\n<\/div>\n<\/div>\n<div class=\"group\/conversation-turn relative flex w-full min-w-0 flex-col agent-turn\">\n<div class=\"flex-col gap-1 md:gap-3\">\n<div class=\"flex max-w-full flex-col flex-grow\">\n<div class=\"min-h-8 text-message flex w-full flex-col items-end gap-2 whitespace-normal break-words [.text-message+&amp;]:mt-5\" dir=\"auto\" data-message-author-role=\"assistant\" data-message-id=\"f226d3fc-81f3-46d5-8c46-31787fff0357\">\n<div class=\"flex w-full flex-col gap-1 empty:hidden first:pt-[3px]\">\n<div class=\"markdown prose w-full break-words dark:prose-invert light\">\n<p>1. Mi a puff sz\u00e1m a Bang Box 20,000 Puffs Vape-ben?<br \/>\nA Bang Box eldobhat\u00f3 vape ak\u00e1r 20 000 sz\u00edv\u00e1st k\u00edn\u00e1l eszk\u00f6z\u00f6nk\u00e9nt, \u00edgy hossz\u00fa t\u00e1von is alkalmas a felhaszn\u00e1l\u00f3k sz\u00e1m\u00e1ra, akik hosszabb haszn\u00e1latot keresnek gyakori cser\u00e9k n\u00e9lk\u00fcl.<\/p>\n<p>2. Milyen nikotinszintek \u00e9rhet\u0151k el a Bang Box 20000 Vape-hez?<br \/>\nEz a vape n\u00e9gy nikotinszint opci\u00f3val rendelkezik: 0%, 2%, 3% \u00e9s 5%. A felhaszn\u00e1l\u00f3k szem\u00e9lyes preferenci\u00e1ik vagy nikotintoleranci\u00e1juk alapj\u00e1n v\u00e1laszthatnak.<\/p>\n<p>3. A Bang Vape 20 000 \u00fajrat\u00f6lthet\u0151?<br \/>\nIgen, az eszk\u00f6z \u00fajrat\u00f6lthet\u0151, \u00edgy a felhaszn\u00e1l\u00f3k a magas sz\u00edv\u00e1si sz\u00e1m kihaszn\u00e1l\u00e1s\u00e1val \u00e9lvezhetik az eszk\u00f6z hosszabb \u00e9lettartam\u00e1t an\u00e9lk\u00fcl, hogy agg\u00f3dniuk kellene az akkumul\u00e1tor lemer\u00fcl\u00e9se miatt, miel\u0151tt az e-liquid elfogyna.<\/p>\n<p>4. Milyen \u00edzek \u00e9rhet\u0151k el a Bang Box 20 000 \u00fajrat\u00f6lthet\u0151 vape-hez?<br \/>\nAz eszk\u00f6z k\u00fcl\u00f6nf\u00e9le \u00edzekben el\u00e9rhet\u0151. Azonban a konkr\u00e9t \u00edzek v\u00e1ltozhatnak az \u00e9rt\u00e9kes\u00edt\u0151 vagy a gy\u00e1rt\u00f3 v\u00e1laszt\u00e9k\u00e1t\u00f3l f\u00fcgg\u0151en. Jellemz\u0151en n\u00e9pszer\u0171 gy\u00fcm\u00f6lcs, mentol \u00e9s desszert ihlet\u00e9s\u0171 \u00edzek k\u00f6z\u00fcl v\u00e1laszthatnak.<\/p>\n<p>5. V\u00e1s\u00e1rolhatok-e a Bang eldobhat\u00f3 20 000 sz\u00edv\u00e1sb\u00f3l nagy t\u00e9telben?<br \/>\nIgen, az eszk\u00f6z nagy t\u00e9telben is megv\u00e1s\u00e1rolhat\u00f3, \u00edgy ide\u00e1lis nagykereskedelmi v\u00e1s\u00e1rl\u00f3k vagy azok sz\u00e1m\u00e1ra, akik nagy mennyis\u00e9gben szeretn\u00e9nek eldobhat\u00f3 vape-eket k\u00e9szletezni.<\/p>\n<p>6. Alkalmas-e a Bang Box 20 000 Puffs Vape kezd\u0151k sz\u00e1m\u00e1ra?<br \/>\nA Bang Box vape k\u00f6nnyen haszn\u00e1lhat\u00f3, karbantart\u00e1st nem ig\u00e9nyel. Ide\u00e1lis kezd\u0151k \u00e9s tapasztalt vaperek sz\u00e1m\u00e1ra egyar\u00e1nt, k\u00f6sz\u00f6nhet\u0151en felhaszn\u00e1l\u00f3bar\u00e1t kialak\u00edt\u00e1s\u00e1nak \u00e9s magas sz\u00edv\u00e1si sz\u00e1m\u00e1nak.<\/p>\n<\/div>\n<\/div>\n<\/div>\n<\/div>\n<\/div>\n<\/div>\n<h3>A Sz\u00e1ll\u00edt\u00e1sr\u00f3l<\/h3>\n<div class=\"flex-shrink-0 flex flex-col relative items-end\">\n<div>\n<div class=\"pt-0\">\n<div class=\"gizmo-bot-avatar flex h-8 w-8 items-center justify-center overflow-hidden rounded-full\">\n<div><\/div>\n<div class=\"relative p-1 rounded-sm flex items-center justify-center bg-token-main-surface-primary text-token-text-primary h-8 w-8\"><strong>1. Milyen sz\u00e1ll\u00edt\u00e1si m\u00f3dokat haszn\u00e1lnak?<\/strong><\/div>\n<\/div>\n<\/div>\n<\/div>\n<\/div>\n<div class=\"group\/conversation-turn relative flex w-full min-w-0 flex-col agent-turn\">\n<div class=\"flex-col gap-1 md:gap-3\">\n<div class=\"flex max-w-full flex-col flex-grow\">\n<div class=\"min-h-[20px] text-message flex w-full flex-col items-end gap-2 whitespace-normal break-words [.text-message+&amp;]:mt-5 overflow-x-auto\" dir=\"auto\" data-message-author-role=\"assistant\" data-message-id=\"22f8283b-3233-46ff-89a5-c7a41b33abda\">\n<div class=\"flex w-full flex-col gap-1 empty:hidden first:pt-[3px]\">\n<div class=\"markdown prose w-full break-words dark:prose-invert light\">\n<p>Partnerei vagyunk a UPS, DHL, FedEx, DPD \u00e9s m\u00e1s vezet\u0151 fuvaroz\u00f3knak. A legjobb sz\u00e1ll\u00edt\u00e1si m\u00f3dot fogjuk kiv\u00e1lasztani a sz\u00e1ll\u00edt\u00e1si helysz\u00edne alapj\u00e1n, hogy a lehet\u0151 leggyorsabban megkapja a term\u00e9keit.<\/p>\n<\/div>\n<p><strong>2. Mennyi id\u0151 alatt \u00e9rkezik meg?<\/strong><\/p>\n<p>A csomagok \u00e1ltal\u00e1ban 10 munkanapon bel\u00fcl meg\u00e9rkeznek Magyarorsz\u00e1gra. Az eur\u00f3pai orsz\u00e1gokba t\u00f6rt\u00e9n\u0151 sz\u00e1ll\u00edt\u00e1s \u00e1ltal\u00e1ban 12-15 munkanapot vesz ig\u00e9nybe. Folyamatosan t\u00e1j\u00e9koztatjuk a sz\u00e1ll\u00edt\u00e1si st\u00e1tuszr\u00f3l.<\/p>\n<\/div>\n<\/div>\n<\/div>\n<\/div>\n<\/div>\n<p>&nbsp;<\/p>\n<p>Tov\u00e1bbi n\u00e9pszer\u0171 vape term\u00e9kek, amik tetszhetnek:<\/p>\n<p><a href=\"https:\/\/rmvapesale.com\/hu\/product\/bang-vape-30000-pro-disposables-wholesale\/\"><strong>Bang King 30000 Puffs Puff\u00a0 \u00a0<span style=\"color: #ff0000\">&gt;&gt;&gt;&gt; ide!<\/span><\/strong><\/a><\/p>\n<p><strong><a href=\"https:\/\/rmvapesale.com\/hu\/product\/faivono-bang-maxi-15000-puffs-disposable-vape-bulk-wholesale\/\">AIVONO Aim Bang Maxi 15000 Puffs <span style=\"color: #ff0000\">&gt;&gt;&gt;&gt; ide!<\/span><\/a>\u00a0<\/strong><\/p>\n<p><a href=\"https:\/\/rmvapesale.com\/hu\/product\/bang-box-30000-puff-double-taste-smart-screen-disposable-vape\/\"><strong>Bang Vape Doboz 30000 Puff <span style=\"color: #ff0000\">&gt;&gt;&gt;&gt; ide!<\/span><\/strong><\/a><\/p>\n<p>&nbsp;<\/p>\n<p>&nbsp;<\/p>\n<p>Tal\u00e1lja meg a tov\u00e1bbi vape term\u00e9keket, amelyek tetszhetnek \u00d6nnek:<strong><em><a href=\"https:\/\/rmvapesale.com\/hu\/shop-2\/\">V\u00e1s\u00e1roljon most &gt;&gt;&gt;<\/a><\/em><\/strong><\/p>","protected":false},"excerpt":{"rendered":"<p>Bang Box 20000 Puffs Egyszer haszn\u00e1latos Vape<br \/>\nBang 20000 Puffs LED kijelz\u0151vel Egyszer haszn\u00e1latos Vape<br \/>\nBang Box 20000 Puff Vape Egyszer haszn\u00e1latos Vape<\/p>\n<p><img loading=\"lazy\" decoding=\"async\" class=\"size-full wp-image-1978\" src=\"https:\/\/rmvapesale.com\/wp-content\/uploads\/2024\/09\/Disposable-Vape-Wholesale.jpg\" alt=\"Eldobhat\u00f3 Vape Nagykereskedelem\" width=\"229\" height=\"300\" \/><\/p>\n<h3><a href=\"https:\/\/wa.me\/8617776015835\"><span style=\"color: #ff0000\"><strong>WhatsApp: +86 17776015835<\/strong><\/span><\/a><\/h3>\n<p>&nbsp;<\/p>","protected":false},"featured_media":2407,"comment_status":"open","ping_status":"closed","template":"","meta":{"_uag_custom_page_level_css":"","_lmt_disableupdate":"","_lmt_disable":"","site-sidebar-layout":"default","site-content-layout":"content-boxed-container","ast-site-content-layout":"normal-width-container","site-content-style":"boxed","site-sidebar-style":"unboxed","ast-global-header-display":"","ast-banner-title-visibility":"","ast-main-header-display":"","ast-hfb-above-header-display":"","ast-hfb-below-header-display":"","ast-hfb-mobile-header-display":"","site-post-title":"","ast-breadcrumbs-content":"","ast-featured-img":"","footer-sml-layout":"","theme-transparent-header-meta":"default","adv-header-id-meta":"","stick-header-meta":"","header-above-stick-meta":"","header-main-stick-meta":"","header-below-stick-meta":"","astra-migrate-meta-layouts":"set","ast-page-background-enabled":"default","ast-page-background-meta":{"desktop":{"background-color":"var(--ast-global-color-4)","background-image":"","background-repeat":"repeat","background-position":"center center","background-size":"auto","background-attachment":"scroll","background-type":"","background-media":"","overlay-type":"","overlay-color":"","overlay-opacity":"","overlay-gradient":""},"tablet":{"background-color":"","background-image":"","background-repeat":"repeat","background-position":"center center","background-size":"auto","background-attachment":"scroll","background-type":"","background-media":"","overlay-type":"","overlay-color":"","overlay-opacity":"","overlay-gradient":""},"mobile":{"background-color":"","background-image":"","background-repeat":"repeat","background-position":"center center","background-size":"auto","background-attachment":"scroll","background-type":"","background-media":"","overlay-type":"","overlay-color":"","overlay-opacity":"","overlay-gradient":""}},"ast-content-background-meta":{"desktop":{"background-color":"var(--ast-global-color-5)","background-image":"","background-repeat":"repeat","background-position":"center center","background-size":"auto","background-attachment":"scroll","background-type":"","background-media":"","overlay-type":"","overlay-color":"","overlay-opacity":"","overlay-gradient":""},"tablet":{"background-color":"var(--ast-global-color-5)","background-image":"","background-repeat":"repeat","background-position":"center center","background-size":"auto","background-attachment":"scroll","background-type":"","background-media":"","overlay-type":"","overlay-color":"","overlay-opacity":"","overlay-gradient":""},"mobile":{"background-color":"var(--ast-global-color-5)","background-image":"","background-repeat":"repeat","background-position":"center center","background-size":"auto","background-attachment":"scroll","background-type":"","background-media":"","overlay-type":"","overlay-color":"","overlay-opacity":"","overlay-gradient":""}},"_joinchat":[]},"product_brand":[],"product_cat":[15,25,123,26,28,135,27,60,137,136,30],"product_tag":[152,148,150,146,126,111,132,85],"class_list":{"0":"post-2410","1":"product","2":"type-product","3":"status-publish","4":"has-post-thumbnail","6":"product_cat-new-vape-this-week","7":"product_cat-germany-best-selling-vape","8":"product_cat-italy-wholesale-vape","9":"product_cat-netherlands-hot-sale-vape","10":"product_cat-poland-hot-sale-vape","11":"product_cat-spain-best-hot-sale-vape","12":"product_cat-fance-hot-sale-vape","13":"product_cat-bang-vapes","14":"product_cat-rechargeable-vapes","15":"product_cat-smart-screen-vapes","16":"product_cat-minimum-order-quantity-50pcs","17":"product_tag-bang-20000-puff","18":"product_tag-bang-disposable-vape","19":"product_tag-bang-vape-bar","20":"product_tag-best-hot-sale-vape","21":"product_tag-e-cigarettes","22":"product_tag-low-nicotine-disposable-vape","23":"product_tag-rechargeable-vape","24":"product_tag-smart-disposable-vape","25":"desktop-align-left","26":"tablet-align-left","27":"mobile-align-left","29":"first","30":"instock","31":"sale","32":"shipping-taxable","33":"purchasable","34":"product-type-simple"},"uagb_featured_image_src":{"full":["https:\/\/rmvapesale.com\/wp-content\/uploads\/2024\/10\/Bang-box-20000-Puffs-Disposable-Vape-Rechargeable.jpg",800,800,false],"thumbnail":["https:\/\/rmvapesale.com\/wp-content\/uploads\/2024\/10\/Bang-box-20000-Puffs-Disposable-Vape-Rechargeable-150x150.jpg",150,150,true],"medium":["https:\/\/rmvapesale.com\/wp-content\/uploads\/2024\/10\/Bang-box-20000-Puffs-Disposable-Vape-Rechargeable-300x300.jpg",300,300,true],"medium_large":["https:\/\/rmvapesale.com\/wp-content\/uploads\/2024\/10\/Bang-box-20000-Puffs-Disposable-Vape-Rechargeable-768x768.jpg",768,768,true],"large":["https:\/\/rmvapesale.com\/wp-content\/uploads\/2024\/10\/Bang-box-20000-Puffs-Disposable-Vape-Rechargeable.jpg",800,800,false],"1536x1536":["https:\/\/rmvapesale.com\/wp-content\/uploads\/2024\/10\/Bang-box-20000-Puffs-Disposable-Vape-Rechargeable.jpg",800,800,false],"2048x2048":["https:\/\/rmvapesale.com\/wp-content\/uploads\/2024\/10\/Bang-box-20000-Puffs-Disposable-Vape-Rechargeable.jpg",800,800,false],"trp-custom-language-flag":["https:\/\/rmvapesale.com\/wp-content\/uploads\/2024\/10\/Bang-box-20000-Puffs-Disposable-Vape-Rechargeable.jpg",12,12,false],"woocommerce_thumbnail":["https:\/\/rmvapesale.com\/wp-content\/uploads\/2024\/10\/Bang-box-20000-Puffs-Disposable-Vape-Rechargeable-300x300.jpg",300,300,true],"woocommerce_single":["https:\/\/rmvapesale.com\/wp-content\/uploads\/2024\/10\/Bang-box-20000-Puffs-Disposable-Vape-Rechargeable-600x600.jpg",600,600,true],"woocommerce_gallery_thumbnail":["https:\/\/rmvapesale.com\/wp-content\/uploads\/2024\/10\/Bang-box-20000-Puffs-Disposable-Vape-Rechargeable-100x100.jpg",100,100,true],"wcpr-photo-reviews":["https:\/\/rmvapesale.com\/wp-content\/uploads\/2024\/10\/Bang-box-20000-Puffs-Disposable-Vape-Rechargeable.jpg",500,500,false]},"uagb_author_info":{"display_name":"AMY","author_link":"https:\/\/rmvapesale.com\/hu\/author\/"},"uagb_comment_info":0,"uagb_excerpt":"Bang Box 20000 Puffs Disposable Vape Bang 20000 Puffs LED Display Disposable Vape Bang Box 20000 Puff Vapes Disposable Vape WhatsApp: +86 17776015835 &nbsp;","_links":{"self":[{"href":"https:\/\/rmvapesale.com\/hu\/wp-json\/wp\/v2\/product\/2410","targetHints":{"allow":["GET"]}}],"collection":[{"href":"https:\/\/rmvapesale.com\/hu\/wp-json\/wp\/v2\/product"}],"about":[{"href":"https:\/\/rmvapesale.com\/hu\/wp-json\/wp\/v2\/types\/product"}],"replies":[{"embeddable":true,"href":"https:\/\/rmvapesale.com\/hu\/wp-json\/wp\/v2\/comments?post=2410"}],"wp:featuredmedia":[{"embeddable":true,"href":"https:\/\/rmvapesale.com\/hu\/wp-json\/wp\/v2\/media\/2407"}],"wp:attachment":[{"href":"https:\/\/rmvapesale.com\/hu\/wp-json\/wp\/v2\/media?parent=2410"}],"wp:term":[{"taxonomy":"product_brand","embeddable":true,"href":"https:\/\/rmvapesale.com\/hu\/wp-json\/wp\/v2\/product_brand?post=2410"},{"taxonomy":"product_cat","embeddable":true,"href":"https:\/\/rmvapesale.com\/hu\/wp-json\/wp\/v2\/product_cat?post=2410"},{"taxonomy":"product_tag","embeddable":true,"href":"https:\/\/rmvapesale.com\/hu\/wp-json\/wp\/v2\/product_tag?post=2410"}],"curies":[{"name":"wp","href":"https:\/\/api.w.org\/{rel}","templated":true}]}}