{"id":2421,"date":"2024-10-16T03:58:38","date_gmt":"2024-10-16T03:58:38","guid":{"rendered":"https:\/\/rmvapesale.com\/?post_type=product&#038;p=2421"},"modified":"2024-10-16T06:38:24","modified_gmt":"2024-10-16T06:38:24","slug":"bang-tornado-13000-puffs-disposable-vape-pen-wholesale-price","status":"publish","type":"product","link":"https:\/\/rmvapesale.com\/hu\/product\/bang-tornado-13000-puffs-disposable-vape-pen-wholesale-price\/","title":{"rendered":"Bang Tornado 13000 Puffs Eldobhat\u00f3 Vape Toll Nagykereskedelmi \u00c1r"},"content":{"rendered":"<div class=\"B2VR9 CJHX3e\">\n<div class=\"wyccme\">\n<h1 class=\"LC20lb MBeuO DKV0Md\">Bang Tornado 13000 Puffs Eldobhat\u00f3 Vape Toll Nagykereskedelmi \u00c1r<\/h1>\n<div class=\"flex-shrink-0 flex flex-col relative items-end\">\n<div class=\"pt-0\">\n<div class=\"gizmo-bot-avatar flex h-8 w-8 items-center justify-center overflow-hidden rounded-full\">\n<div class=\"relative p-1 rounded-sm flex items-center justify-center bg-token-main-surface-primary text-token-text-primary h-8 w-8\">\n<p>A Bang Tornado 13000 Puffs Eldobhat\u00f3 Vape Pen egy igazi \u00e1tt\u00f6r\u00e9s a vaping iparban, azok sz\u00e1m\u00e1ra tervezve, akik hosszan tart\u00f3 \u00e9s \u00edzletes \u00e9lm\u00e9nyre v\u00e1gynak. Ez az innovat\u00edv eszk\u00f6z leny\u0171g\u00f6z\u0151, ak\u00e1r 13 000 puff kapacit\u00e1ssal b\u00fcszk\u00e9lkedhet, biztos\u00edtva, hogy gyakori csere n\u00e9lk\u00fcl \u00e9lvezhesse kedvenc \u00edzeit. A nagylelk\u0171, 23 ml-es el\u0151ret\u00f6lt\u00f6tt e-Juice tart\u00e1llyal k\u00fcl\u00f6nf\u00e9le \u00edzekben gy\u00f6ny\u00f6rk\u00f6dhet, a gy\u00fcm\u00f6lcs\u00f6st\u0151l a friss\u00edt\u0151ig, mindegyik \u00fagy van kialak\u00edtva, hogy kiel\u00e9g\u00edt\u0151 vaping \u00e9lm\u00e9nyt ny\u00fajtson.<\/p>\n<p>A Bang Tornado egyik kiemelked\u0151 tulajdons\u00e1ga a testreszabhat\u00f3 nikotinszint, amely 0%-t\u0151l, 2%-t\u0151l 5%-ig terjed. Ez lehet\u0151v\u00e9 teszi a felhaszn\u00e1l\u00f3k sz\u00e1m\u00e1ra, hogy a vaping \u00e9lm\u00e9nyt szem\u00e9lyes preferenci\u00e1ikhoz igaz\u00edts\u00e1k, f\u00fcggetlen\u00fcl att\u00f3l, hogy nikotinmentes opci\u00f3t vagy er\u0151sebb \u00fct\u00e9st szeretn\u00e9nek. A bang nikotinos vape eszk\u00f6z h\u00e1l\u00f3s tekercsrel van felszerelve, amely fokozza az \u00edzlead\u00e1st \u00e9s a g\u0151ztermel\u00e9st, \u00edgy minden puff \u00e9lvezetesebb.<\/p>\n<\/div>\n<\/div>\n<\/div>\n<\/div>\n<\/div>\n<\/div>\n<p><strong>L\u00e9pjen kapcsolatba Amyvel a pontos v\u00e1laszok\u00e9rt \u00e9s tov\u00e1bbi term\u00e9kvide\u00f3k\u00e9rt!<\/strong><\/p>\n<p><img loading=\"lazy\" decoding=\"async\" class=\"size-full wp-image-1978\" src=\"https:\/\/rmvapesale.com\/wp-content\/uploads\/2024\/09\/Disposable-Vape-Wholesale.jpg\" alt=\"Eldobhat\u00f3 Vape Nagykereskedelem\" width=\"229\" height=\"300\" \/><\/p>\n<h3><a href=\"https:\/\/wa.me\/8617776015835\" target=\"_blank\" rel=\"noopener\"><span style=\"color: #ff0000\"><strong>WhatsApp: +86 17776015835<\/strong><\/span><\/a><\/h3>\n<p>&nbsp;<\/p>\n<h2><\/h2>\n<h2><strong>Bang Tornado 13000 F\u0151bb Jellemz\u0151k<\/strong><\/h2>\n<p>Puffok: 13000 puff<br \/>\nNikotin: 0\/2\/3\/5%<br \/>\n23 ml E-liquid.<br \/>\nH\u00e1l\u00f3s Tekercs<br \/>\nAkkumul\u00e1tor \u00dajrat\u00f6lthet\u0151<br \/>\nRGB LED Sz\u00ednek<br \/>\nIntegr\u00e1lt 650mAh Akkumul\u00e1tor.<br \/>\n16 \u00cdzben Kaphat\u00f3.<\/p>\n<h2><\/h2>\n<h2><strong>Legjobb \u00edz a Bang Tornado 13000 Vape-hez<\/strong><\/h2>\n<p>A Bang Tornado 16 finom \u00edzben kaphat\u00f3, bele\u00e9rtve a Blue Razz Ice-t, a Cherry Col\u00e1t \u00e9s a Strawberry Kiwit, \u00edgy a legk\u00fcl\u00f6nb\u00f6z\u0151bb \u00edzl\u00e9seket is kiel\u00e9g\u00edti. Versenyk\u00e9pes nagykereskedelmi \u00e1raival ez az eszk\u00f6z \u00f6tv\u00f6zi a min\u0151s\u00e9get \u00e9s a megfizethet\u0151s\u00e9get, \u00edgy kiv\u00e1l\u00f3 v\u00e1laszt\u00e1s mind az egy\u00e9ni felhaszn\u00e1l\u00f3k, mind a kiskeresked\u0151k sz\u00e1m\u00e1ra. Emelje magasabb szintre a vaping utaz\u00e1s\u00e1t a Bang Tornado 13000 Puffs Eldobhat\u00f3 Vape Pennel, ahol a k\u00e9nyelem tal\u00e1lkozik a kiv\u00e9teles \u00edzzel.<\/p>\n<p>&nbsp;<\/p>\n<p>01.Blue Razz ice<span style=\"color: #ff0000\"><strong>&gt;&gt;&gt;&gt; Forr\u00f3!<\/strong><\/span><br \/>\n02. Cseresznye k\u00f3la<span style=\"color: #ff0000\"><strong>&gt;&gt;&gt;&gt; Forr\u00f3!<\/strong><\/span><br \/>\n03. Cukorka<br \/>\n04. Kiwi Maracuja<br \/>\n05. J\u00e9gdara<br \/>\n06. Vegyes bogy\u00f3s gy\u00fcm\u00f6lcs\u00f6k<span style=\"color: #ff0000\"><strong>&gt;&gt;&gt;&gt; A legjobb!<\/strong><\/span><br \/>\n07. \u0150szibarack j\u00e9g<br \/>\n08. Szenved\u00e9ly cs\u00f3k<br \/>\n09. \u0150szibarack Mang\u00f3<br \/>\n10. \u0150szibarack \u00e1fonya<br \/>\n11. Kir\u00e1lyi sz\u0151l\u0151<br \/>\n12. M\u00e1lna g\u00f6r\u00f6gdinnye<br \/>\n13. Eper j\u00e9g<br \/>\n14. Eper Kiwi<br \/>\n15. Eper Ban\u00e1n<br \/>\n16. Eper G\u00f6r\u00f6gdinnye<\/p>\n<figure id=\"attachment_2414\" aria-describedby=\"caption-attachment-2414\" style=\"width: 800px\" class=\"wp-caption alignnone\"><img loading=\"lazy\" decoding=\"async\" class=\"wp-image-2414 size-full\" src=\"https:\/\/rmvapesale.com\/wp-content\/uploads\/2024\/10\/Bang-13000-Puffs-Disposable-Vape-Flavor.jpg\" alt=\"Bang 13000 Puffs Eldobhat\u00f3 Vape \u00cdz\" width=\"800\" height=\"800\" srcset=\"https:\/\/rmvapesale.com\/wp-content\/uploads\/2024\/10\/Bang-13000-Puffs-Disposable-Vape-Flavor.jpg 800w, https:\/\/rmvapesale.com\/wp-content\/uploads\/2024\/10\/Bang-13000-Puffs-Disposable-Vape-Flavor-300x300.jpg 300w, https:\/\/rmvapesale.com\/wp-content\/uploads\/2024\/10\/Bang-13000-Puffs-Disposable-Vape-Flavor-150x150.jpg 150w, https:\/\/rmvapesale.com\/wp-content\/uploads\/2024\/10\/Bang-13000-Puffs-Disposable-Vape-Flavor-768x768.jpg 768w, https:\/\/rmvapesale.com\/wp-content\/uploads\/2024\/10\/Bang-13000-Puffs-Disposable-Vape-Flavor-600x600.jpg 600w, https:\/\/rmvapesale.com\/wp-content\/uploads\/2024\/10\/Bang-13000-Puffs-Disposable-Vape-Flavor-100x100.jpg 100w\" sizes=\"auto, (max-width: 800px) 100vw, 800px\" \/><figcaption id=\"caption-attachment-2414\" class=\"wp-caption-text\">Bang 13000 Puffs Eldobhat\u00f3 Vape \u00cdz<\/figcaption><\/figure>\n<h3><\/h3>\n<h3><strong>Mi\u00e9rt v\u00e1lassza az Rmvapesale-t a Bang Tornado 13000 \u00dajrat\u00f6lthet\u0151 Vape-hez<\/strong><strong>?<\/strong><\/h3>\n<div class=\"flex-shrink-0 flex flex-col relative items-end\">\n<div class=\"pt-0\">\n<div class=\"gizmo-bot-avatar flex h-8 w-8 items-center justify-center overflow-hidden rounded-full\">\n<div class=\"relative p-1 rounded-sm flex items-center justify-center bg-token-main-surface-primary text-token-text-primary h-8 w-8\">\n<p>&nbsp;<\/p>\n<p>Ha az Rmvapesale-t v\u00e1lasztja az eldobhat\u00f3 vape-ek nagykereskedelm\u00e9hez, a k\u00f6vetkez\u0151 el\u0151ny\u00f6kben r\u00e9szes\u00fcl:<\/p>\n<ul>\n<li><strong>Versenyk\u00e9pes \u00e1rak<\/strong>: Hozz\u00e1f\u00e9rhet vonz\u00f3 nagykereskedelmi \u00e1rakhoz, amelyek n\u00f6velik az \u00fczleti marzsokat.<\/li>\n<li><strong>Magas min\u0151s\u00e9g<\/strong>: Vape-jeink a legmagasabb sz\u00ednvonalon k\u00e9sz\u00fclnek, \u00e9s <span style=\"color: #ff0000\"><strong>garant\u00e1ltan 100% eredetiek \u00e9s hitelesek, hamis \u00e1ru eset\u00e9n 10-szeres k\u00e1rt\u00e9r\u00edt\u00e9st biztos\u00edtunk!<\/strong><\/span><\/li>\n<li><strong>Kiv\u00e1l\u00f3 \u00dcgyf\u00e9lszolg\u00e1lat<\/strong>: Elk\u00f6telezett csapatunk mindig k\u00e9szen \u00e1ll, hogy seg\u00edtsen \u00d6nnek, z\u00f6kken\u0151mentess\u00e9 \u00e9s probl\u00e9mamentess\u00e9 t\u00e9ve a v\u00e1s\u00e1rl\u00e1si folyamatot.<\/li>\n<li><strong>Gyors Sz\u00e1ll\u00edt\u00e1s<\/strong>: Sz\u00e1m\u00edtson gyors \u00e9s megb\u00edzhat\u00f3 sz\u00e1ll\u00edt\u00e1sra, ami biztos\u00edtja, hogy rendel\u00e9sei mindig id\u0151ben meg\u00e9rkezzenek.<\/li>\n<\/ul>\n<\/div>\n<h3><\/h3>\n<div class=\"relative p-1 rounded-sm flex items-center justify-center bg-token-main-surface-primary text-token-text-primary h-8 w-8\">\n<h3><b>GYIK<\/b><\/h3>\n<p>&nbsp;<\/p>\n<\/div>\n<\/div>\n<\/div>\n<\/div>\n<div class=\"group\/conversation-turn relative flex w-full min-w-0 flex-col agent-turn\">\n<div class=\"flex-col gap-1 md:gap-3\">\n<div class=\"flex max-w-full flex-col flex-grow\">\n<div class=\"min-h-8 text-message flex w-full flex-col items-end gap-2 whitespace-normal break-words [.text-message+&amp;]:mt-5\" dir=\"auto\" data-message-author-role=\"assistant\" data-message-id=\"f226d3fc-81f3-46d5-8c46-31787fff0357\">\n<div class=\"flex w-full flex-col gap-1 empty:hidden first:pt-[3px]\">\n<div class=\"markdown prose w-full break-words dark:prose-invert light\">\n<p>1. H\u00e1ny slukk \u00e9rhet\u0151 el a Bang Tornado 13 000 Puffs Eldobhat\u00f3 Vape-vel?<br \/>\nA Bang Tornado Eldobhat\u00f3 Vape-et \u00fagy tervezt\u00e9k, hogy ak\u00e1r 13 000 slukkot is biztos\u00edtson, \u00edgy a felhaszn\u00e1l\u00f3k hosszabb ideig \u00e9lvezhetik a vaping \u00e9lm\u00e9nyt, miel\u0151tt cser\u00e9re lenne sz\u00fcks\u00e9g.<br \/>\n2. Mekkora a Bang Tornado Eldobhat\u00f3 Vape akkumul\u00e1tor kapacit\u00e1sa?<br \/>\nEz az eldobhat\u00f3 vape 650mAh-s \u00fajrat\u00f6lthet\u0151 akkumul\u00e1torral rendelkezik, biztos\u00edtva, hogy a k\u00e9sz\u00fcl\u00e9k a teljes 23 ml-es e-liquid kapacit\u00e1sig kitartson, az \u00fajrat\u00f6lt\u00e9s k\u00e9nyelm\u00e9vel, amikor sz\u00fcks\u00e9ges.<br \/>\n3. Mekkora e-liquid kapacit\u00e1ssal rendelkezik a Bang Tornado?<br \/>\nA k\u00e9sz\u00fcl\u00e9k 23 ml-es poddal van felszerelve, amely lehet\u0151v\u00e9 teszi a hossz\u00fa slukksz\u00e1m t\u00e1mogat\u00e1s\u00e1t, \u00e9s b\u0151s\u00e9ges e-liquidet biztos\u00edt a hosszan tart\u00f3 g\u0151z\u00f6l\u00e9shez.<br \/>\n4. A Bang Tornado eldobhat\u00f3 vape rendelkezik h\u00e1l\u00f3s tekerccsel?<br \/>\nIgen, a Bang Tornado h\u00e1l\u00f3s tekercset haszn\u00e1l, amely jav\u00edtja a g\u0151z\u00f6l\u00e9s \u00e9lm\u00e9ny\u00e9t a sim\u00e1bb g\u0151ztermel\u00e9s \u00e9s a jobb \u00edzmegtart\u00e1s r\u00e9v\u00e9n.<br \/>\n5. A Bang Tornado eldobhat\u00f3 vape \u00fajrat\u00f6lthet\u0151?<br \/>\nIgen, a k\u00e9sz\u00fcl\u00e9k \u00fajrat\u00f6lthet\u0151, lehet\u0151v\u00e9 t\u00e9ve a felhaszn\u00e1l\u00f3k sz\u00e1m\u00e1ra, hogy sz\u00fcks\u00e9g szerint felt\u00f6lts\u00e9k a 650mAh-s akkumul\u00e1tort, hogy tov\u00e1bb haszn\u00e1lhass\u00e1k a vape-et, am\u00edg az e-liquid ki nem \u00fcr\u00fcl.<\/p>\n<\/div>\n<\/div>\n<\/div>\n<\/div>\n<\/div>\n<\/div>\n<h3>A Sz\u00e1ll\u00edt\u00e1sr\u00f3l<\/h3>\n<div class=\"flex-shrink-0 flex flex-col relative items-end\">\n<div>\n<div class=\"pt-0\">\n<div class=\"gizmo-bot-avatar flex h-8 w-8 items-center justify-center overflow-hidden rounded-full\">\n<div><\/div>\n<div class=\"relative p-1 rounded-sm flex items-center justify-center bg-token-main-surface-primary text-token-text-primary h-8 w-8\"><strong>1. Milyen sz\u00e1ll\u00edt\u00e1si m\u00f3dokat haszn\u00e1lnak?<\/strong><\/div>\n<\/div>\n<\/div>\n<\/div>\n<\/div>\n<div class=\"group\/conversation-turn relative flex w-full min-w-0 flex-col agent-turn\">\n<div class=\"flex-col gap-1 md:gap-3\">\n<div class=\"flex max-w-full flex-col flex-grow\">\n<div class=\"min-h-[20px] text-message flex w-full flex-col items-end gap-2 whitespace-normal break-words [.text-message+&amp;]:mt-5 overflow-x-auto\" dir=\"auto\" data-message-author-role=\"assistant\" data-message-id=\"22f8283b-3233-46ff-89a5-c7a41b33abda\">\n<div class=\"flex w-full flex-col gap-1 empty:hidden first:pt-[3px]\">\n<div class=\"markdown prose w-full break-words dark:prose-invert light\">\n<p>Partnerei vagyunk a UPS, DHL, FedEx, DPD \u00e9s m\u00e1s vezet\u0151 fuvaroz\u00f3knak. A legjobb sz\u00e1ll\u00edt\u00e1si m\u00f3dot fogjuk kiv\u00e1lasztani a sz\u00e1ll\u00edt\u00e1si helysz\u00edne alapj\u00e1n, hogy a lehet\u0151 leggyorsabban megkapja a term\u00e9keit.<\/p>\n<\/div>\n<p><strong>2. Mennyi id\u0151 alatt \u00e9rkezik meg?<\/strong><\/p>\n<p>A csomagok \u00e1ltal\u00e1ban 10 munkanapon bel\u00fcl meg\u00e9rkeznek Magyarorsz\u00e1gra. Az eur\u00f3pai orsz\u00e1gokba t\u00f6rt\u00e9n\u0151 sz\u00e1ll\u00edt\u00e1s \u00e1ltal\u00e1ban 12-15 munkanapot vesz ig\u00e9nybe. Folyamatosan t\u00e1j\u00e9koztatjuk a sz\u00e1ll\u00edt\u00e1si st\u00e1tuszr\u00f3l.<\/p>\n<\/div>\n<\/div>\n<\/div>\n<\/div>\n<\/div>\n<p>&nbsp;<\/p>\n<p>Tov\u00e1bbi n\u00e9pszer\u0171 vape term\u00e9kek, amik tetszhetnek:<\/p>\n<p><a href=\"https:\/\/rmvapesale.com\/hu\/product\/bang-box-20000-puffs-vape-0-2-5-nicotine\/\"><strong>Bang Box 20000 Sz\u00edv\u00e1s\u00a0 \u00a0<span style=\"color: #ff0000\">&gt;&gt;&gt;&gt; ide!<\/span><\/strong><\/a><\/p>\n<p><strong><a href=\"https:\/\/rmvapesale.com\/hu\/product\/faivono-bang-maxi-15000-puffs-disposable-vape-bulk-wholesale\/\">AIVONO Aim Bang Maxi 15000 Puffs <span style=\"color: #ff0000\">&gt;&gt;&gt;&gt; ide!<\/span><\/a>\u00a0<\/strong><\/p>\n<p><a href=\"https:\/\/rmvapesale.com\/hu\/product\/bang-36000-puffs-full-display-smart-vape-bulk-price\/\"><strong>Bang 36000 Sz\u00edv\u00e1s \u00dajrat\u00f6lthet\u0151<span style=\"color: #ff0000\">&gt;&gt;&gt;&gt; ide!<\/span><\/strong><\/a><\/p>\n<p>&nbsp;<\/p>\n<p>&nbsp;<\/p>\n<p>Tal\u00e1lja meg a tov\u00e1bbi vape term\u00e9keket, amelyek tetszhetnek \u00d6nnek:<strong><em><a href=\"https:\/\/rmvapesale.com\/hu\/shop-2\/\">V\u00e1s\u00e1roljon most &gt;&gt;&gt;<\/a><\/em><\/strong><\/p>","protected":false},"excerpt":{"rendered":"<p>Bang Eldobhat\u00f3 Vape Doboz 13000 Puffs T\u00f6meges \u00c1r<br \/>\nBang Tornado 13000 Puffs Eldobhat\u00f3 Vape Pen<br \/>\nBang 13000 Puff Vapes Eldobhat\u00f3 0% 2% 5%<\/p>\n<p><img loading=\"lazy\" decoding=\"async\" class=\"size-full wp-image-2375\" src=\"https:\/\/rmvapesale.com\/wp-content\/uploads\/2024\/10\/image.png\" alt=\"Legjobb Eldobhat\u00f3 Vape\" width=\"229\" height=\"300\" \/><\/p>\n<h3><a href=\"https:\/\/wa.me\/8617776015835\"><span style=\"color: #ff0000\"><strong>WhatsApp: +86 17776015835<\/strong><\/span><\/a><\/h3>\n<p>&nbsp;<\/p>","protected":false},"featured_media":2417,"comment_status":"open","ping_status":"closed","template":"","meta":{"_uag_custom_page_level_css":"","_lmt_disableupdate":"","_lmt_disable":"","site-sidebar-layout":"default","site-content-layout":"content-boxed-container","ast-site-content-layout":"normal-width-container","site-content-style":"boxed","site-sidebar-style":"unboxed","ast-global-header-display":"","ast-banner-title-visibility":"","ast-main-header-display":"","ast-hfb-above-header-display":"","ast-hfb-below-header-display":"","ast-hfb-mobile-header-display":"","site-post-title":"","ast-breadcrumbs-content":"","ast-featured-img":"","footer-sml-layout":"","theme-transparent-header-meta":"default","adv-header-id-meta":"","stick-header-meta":"","header-above-stick-meta":"","header-main-stick-meta":"","header-below-stick-meta":"","astra-migrate-meta-layouts":"set","ast-page-background-enabled":"default","ast-page-background-meta":{"desktop":{"background-color":"var(--ast-global-color-4)","background-image":"","background-repeat":"repeat","background-position":"center center","background-size":"auto","background-attachment":"scroll","background-type":"","background-media":"","overlay-type":"","overlay-color":"","overlay-opacity":"","overlay-gradient":""},"tablet":{"background-color":"","background-image":"","background-repeat":"repeat","background-position":"center center","background-size":"auto","background-attachment":"scroll","background-type":"","background-media":"","overlay-type":"","overlay-color":"","overlay-opacity":"","overlay-gradient":""},"mobile":{"background-color":"","background-image":"","background-repeat":"repeat","background-position":"center center","background-size":"auto","background-attachment":"scroll","background-type":"","background-media":"","overlay-type":"","overlay-color":"","overlay-opacity":"","overlay-gradient":""}},"ast-content-background-meta":{"desktop":{"background-color":"var(--ast-global-color-5)","background-image":"","background-repeat":"repeat","background-position":"center center","background-size":"auto","background-attachment":"scroll","background-type":"","background-media":"","overlay-type":"","overlay-color":"","overlay-opacity":"","overlay-gradient":""},"tablet":{"background-color":"var(--ast-global-color-5)","background-image":"","background-repeat":"repeat","background-position":"center center","background-size":"auto","background-attachment":"scroll","background-type":"","background-media":"","overlay-type":"","overlay-color":"","overlay-opacity":"","overlay-gradient":""},"mobile":{"background-color":"var(--ast-global-color-5)","background-image":"","background-repeat":"repeat","background-position":"center center","background-size":"auto","background-attachment":"scroll","background-type":"","background-media":"","overlay-type":"","overlay-color":"","overlay-opacity":"","overlay-gradient":""}},"_joinchat":[]},"product_brand":[],"product_cat":[15,25,123,26,28,135,27,60,137,136,30],"product_tag":[148,150,146,126,111,132],"class_list":{"0":"post-2421","1":"product","2":"type-product","3":"status-publish","4":"has-post-thumbnail","6":"product_cat-new-vape-this-week","7":"product_cat-germany-best-selling-vape","8":"product_cat-italy-wholesale-vape","9":"product_cat-netherlands-hot-sale-vape","10":"product_cat-poland-hot-sale-vape","11":"product_cat-spain-best-hot-sale-vape","12":"product_cat-fance-hot-sale-vape","13":"product_cat-bang-vapes","14":"product_cat-rechargeable-vapes","15":"product_cat-smart-screen-vapes","16":"product_cat-minimum-order-quantity-50pcs","17":"product_tag-bang-disposable-vape","18":"product_tag-bang-vape-bar","19":"product_tag-best-hot-sale-vape","20":"product_tag-e-cigarettes","21":"product_tag-low-nicotine-disposable-vape","22":"product_tag-rechargeable-vape","23":"desktop-align-left","24":"tablet-align-left","25":"mobile-align-left","27":"first","28":"instock","29":"sale","30":"shipping-taxable","31":"purchasable","32":"product-type-simple"},"uagb_featured_image_src":{"full":["https:\/\/rmvapesale.com\/wp-content\/uploads\/2024\/10\/Bang-Tornado-13000-Puffs-Disposable-Vape-Pen.jpg",808,808,false],"thumbnail":["https:\/\/rmvapesale.com\/wp-content\/uploads\/2024\/10\/Bang-Tornado-13000-Puffs-Disposable-Vape-Pen-150x150.jpg",150,150,true],"medium":["https:\/\/rmvapesale.com\/wp-content\/uploads\/2024\/10\/Bang-Tornado-13000-Puffs-Disposable-Vape-Pen-300x300.jpg",300,300,true],"medium_large":["https:\/\/rmvapesale.com\/wp-content\/uploads\/2024\/10\/Bang-Tornado-13000-Puffs-Disposable-Vape-Pen-768x768.jpg",768,768,true],"large":["https:\/\/rmvapesale.com\/wp-content\/uploads\/2024\/10\/Bang-Tornado-13000-Puffs-Disposable-Vape-Pen.jpg",808,808,false],"1536x1536":["https:\/\/rmvapesale.com\/wp-content\/uploads\/2024\/10\/Bang-Tornado-13000-Puffs-Disposable-Vape-Pen.jpg",808,808,false],"2048x2048":["https:\/\/rmvapesale.com\/wp-content\/uploads\/2024\/10\/Bang-Tornado-13000-Puffs-Disposable-Vape-Pen.jpg",808,808,false],"trp-custom-language-flag":["https:\/\/rmvapesale.com\/wp-content\/uploads\/2024\/10\/Bang-Tornado-13000-Puffs-Disposable-Vape-Pen.jpg",12,12,false],"woocommerce_thumbnail":["https:\/\/rmvapesale.com\/wp-content\/uploads\/2024\/10\/Bang-Tornado-13000-Puffs-Disposable-Vape-Pen-300x300.jpg",300,300,true],"woocommerce_single":["https:\/\/rmvapesale.com\/wp-content\/uploads\/2024\/10\/Bang-Tornado-13000-Puffs-Disposable-Vape-Pen-600x600.jpg",600,600,true],"woocommerce_gallery_thumbnail":["https:\/\/rmvapesale.com\/wp-content\/uploads\/2024\/10\/Bang-Tornado-13000-Puffs-Disposable-Vape-Pen-100x100.jpg",100,100,true],"wcpr-photo-reviews":["https:\/\/rmvapesale.com\/wp-content\/uploads\/2024\/10\/Bang-Tornado-13000-Puffs-Disposable-Vape-Pen.jpg",500,500,false]},"uagb_author_info":{"display_name":"AMY","author_link":"https:\/\/rmvapesale.com\/hu\/author\/"},"uagb_comment_info":0,"uagb_excerpt":"Bang Disposable Vape Box 13000 Puffs Bulk Price Bang Tornado 13000 Puffs Disposable Vape Pen Bang\u00a0 13000 Puff Vapes Disposable 0% 2% 5% WhatsApp: +86 17776015835 &nbsp;","_links":{"self":[{"href":"https:\/\/rmvapesale.com\/hu\/wp-json\/wp\/v2\/product\/2421","targetHints":{"allow":["GET"]}}],"collection":[{"href":"https:\/\/rmvapesale.com\/hu\/wp-json\/wp\/v2\/product"}],"about":[{"href":"https:\/\/rmvapesale.com\/hu\/wp-json\/wp\/v2\/types\/product"}],"replies":[{"embeddable":true,"href":"https:\/\/rmvapesale.com\/hu\/wp-json\/wp\/v2\/comments?post=2421"}],"wp:featuredmedia":[{"embeddable":true,"href":"https:\/\/rmvapesale.com\/hu\/wp-json\/wp\/v2\/media\/2417"}],"wp:attachment":[{"href":"https:\/\/rmvapesale.com\/hu\/wp-json\/wp\/v2\/media?parent=2421"}],"wp:term":[{"taxonomy":"product_brand","embeddable":true,"href":"https:\/\/rmvapesale.com\/hu\/wp-json\/wp\/v2\/product_brand?post=2421"},{"taxonomy":"product_cat","embeddable":true,"href":"https:\/\/rmvapesale.com\/hu\/wp-json\/wp\/v2\/product_cat?post=2421"},{"taxonomy":"product_tag","embeddable":true,"href":"https:\/\/rmvapesale.com\/hu\/wp-json\/wp\/v2\/product_tag?post=2421"}],"curies":[{"name":"wp","href":"https:\/\/api.w.org\/{rel}","templated":true}]}}