{"id":2449,"date":"2024-10-17T06:25:44","date_gmt":"2024-10-17T06:25:44","guid":{"rendered":"https:\/\/rmvapesale.com\/?post_type=product&#038;p=2449"},"modified":"2024-10-18T09:00:26","modified_gmt":"2024-10-18T09:00:26","slug":"aivono-aim-gun-7000-puffs-disposable-vape-cheap-price","status":"publish","type":"product","link":"https:\/\/rmvapesale.com\/hu\/product\/aivono-aim-gun-7000-puffs-disposable-vape-cheap-price\/","title":{"rendered":"Aivono Aim Gun 7000 Puffs eldobhat\u00f3 vape olcs\u00f3 \u00e1r"},"content":{"rendered":"<div class=\"B2VR9 CJHX3e\">\n<div class=\"wyccme\">\n<h1 class=\"LC20lb MBeuO DKV0Md\">Aivono Aim Gun 7000 Puffs eldobhat\u00f3 vape olcs\u00f3 \u00e1r<\/h1>\n<div class=\"flex-shrink-0 flex flex-col relative items-end\">\n<div class=\"pt-0\">\n<div class=\"gizmo-bot-avatar flex h-8 w-8 items-center justify-center overflow-hidden rounded-full\">\n<div class=\"relative p-1 rounded-sm flex items-center justify-center bg-token-main-surface-primary text-token-text-primary h-8 w-8\">\n<p>Az Aivono Aim G\u00e9p 7000 Puff Egyszer haszn\u00e1latos Vape pr\u00e9mium pod vape, amely kiv\u00e9teles vaping \u00e9lm\u00e9nyt ny\u00fajt nagy puff teljes\u00edtm\u00e9nnyel. Ez az egyszer haszn\u00e1latos vape 12ml e-liquid kapacit\u00e1ssal rendelkezik, nikotin er\u0151ss\u00e9g opci\u00f3kkal: 0%, 2%, 3% \u00e9s 5%, hogy megfeleljen a felhaszn\u00e1l\u00f3k k\u00fcl\u00f6nb\u00f6z\u0151 preferenci\u00e1inak. 1.2\u03a9 Mesh Tekercs \u00e9s er\u0151teljes 500mAh \u00fajrat\u00f6lthet\u0151 akkumul\u00e1tor biztos\u00edtja a folyamatos g\u0151zk\u00e9pz\u00e9st \u00e9s a sima h\u00faz\u00e1st minden puffn\u00e1l.<\/p>\n<p>Az alj\u00e1n tal\u00e1lhat\u00f3 k\u00e9nyelmes t\u00f6lt\u0151portnak k\u00f6sz\u00f6nhet\u0151en az Aivono Aim G\u00e9p biztos\u00edtja, hogy minden csepp e-liquidet felhaszn\u00e1ljon, maximaliz\u00e1lva az eszk\u00f6z \u00e9lettartam\u00e1t.<\/p>\n<p>Eleg\u00e1ns kialak\u00edt\u00e1s\u00e1val \u00e9s megb\u00edzhat\u00f3 teljes\u00edtm\u00e9ny\u00e9vel az Aivono Aim G\u00e9p 7000 Puff ide\u00e1lis mind alkalmi, mind tapasztalt vaperek sz\u00e1m\u00e1ra. Ak\u00e1r er\u0151s s\u00f3 vape hat\u00e1st keres, ak\u00e1r csak egy magas min\u0151s\u00e9g\u0171 ball vape opci\u00f3t, ez az eszk\u00f6z t\u00f6k\u00e9letes az \u00fatk\u00f6zbeni vapinghez.<\/p>\n<\/div>\n<\/div>\n<\/div>\n<\/div>\n<\/div>\n<\/div>\n<p><strong>L\u00e9pjen kapcsolatba Amyvel a pontos v\u00e1laszok\u00e9rt \u00e9s tov\u00e1bbi term\u00e9kvide\u00f3k\u00e9rt!<\/strong><\/p>\n<p><img loading=\"lazy\" decoding=\"async\" class=\"size-full wp-image-1978\" src=\"https:\/\/rmvapesale.com\/wp-content\/uploads\/2024\/09\/Disposable-Vape-Wholesale.jpg\" alt=\"Eldobhat\u00f3 Vape Nagykereskedelem\" width=\"229\" height=\"300\" \/><\/p>\n<h3><a href=\"https:\/\/wa.me\/8617776015835\" target=\"_blank\" rel=\"noopener\"><span style=\"color: #ff0000\"><strong>WhatsApp: +86 17776015835<\/strong><\/span><\/a><\/h3>\n<p>&nbsp;<\/p>\n<h2><\/h2>\n<h2><strong>Aivono G\u00e9p 7000 Puff Egyszer haszn\u00e1latos<\/strong><strong>\u00a0<\/strong><strong>F\u0151bb jellemz\u0151k<\/strong><\/h2>\n<p>Nikotin:0% 2% 3% 5%<br \/>\nPuffok sz\u00e1ma: 7000<br \/>\nKapacit\u00e1s: 12ml<br \/>\n10 \u00edz kaphat\u00f3<br \/>\n500mah \u00fajrat\u00f6lthet\u0151<br \/>\n1.2\u03a9 Mesh Tekercs<\/p>\n<h2><\/h2>\n<h2><strong>Legjobb \u00edz a <\/strong><strong>Aivono G\u00e9p 7000 Puff Egyszer haszn\u00e1latos Pod<\/strong><\/h2>\n<h2><\/h2>\n<p>V\u00e1lasszon 10 finom \u00edz k\u00f6z\u00fcl, hogy \u00e9lvezze a kiel\u00e9g\u00edt\u0151 \u00e9lm\u00e9nyt, amit minden szint\u0171 vaperek \u00e9rt\u00e9kelni fognak. Ez a vape toll t\u00f6k\u00e9letes egyens\u00falyt teremt az \u00edz \u00e9s a g\u0151z k\u00f6z\u00f6tt, \u00edgy a legjobb vape versenyz\u0151v\u00e9 teszi a piacon.<\/p>\n<p>1. Anan\u00e1sz K\u00f3kusz J\u00e9g<span style=\"color: #ff0000\"><strong>&gt;&gt;&gt;&gt; Forr\u00f3!<\/strong><\/span><br \/>\n2. Eper J\u00e9gkr\u00e9m<br \/>\n3. Eper G\u00f6r\u00f6gdinnye Barack<br \/>\n4. \u00c1fonya M\u00e1lna Citrom<br \/>\n5. G\u00f6r\u00f6gdinnye J\u00e9g<br \/>\n6.Vegyes Bogy\u00f3s Gy\u00fcm\u00f6lcs\u00f6k <span style=\"color: #ff0000\"><strong>&gt;&gt;&gt;&gt; A legjobb!<\/strong><\/span><br \/>\n7. \u00c1fonya J\u00e9gen<span style=\"color: #ff0000\"><strong>&gt;&gt;&gt;&gt; Forr\u00f3!<\/strong><\/span><br \/>\n8.P\u00e9zsa J\u00e9g<br \/>\n9. Sz\u0151l\u0151 J\u00e9g<br \/>\n10. Eper Ban\u00e1n<\/p>\n<figure id=\"attachment_2456\" aria-describedby=\"caption-attachment-2456\" style=\"width: 800px\" class=\"wp-caption alignnone\"><img loading=\"lazy\" decoding=\"async\" class=\"wp-image-2456 size-full\" src=\"https:\/\/rmvapesale.com\/wp-content\/uploads\/2024\/10\/AIVONO-AIM-GUN-7000Puffs-Disposable-Vape.png\" alt=\"AIVONO AIM GUN 7000 Puff Eldobhat\u00f3 Vape Pods\" width=\"800\" height=\"639\" srcset=\"https:\/\/rmvapesale.com\/wp-content\/uploads\/2024\/10\/AIVONO-AIM-GUN-7000Puffs-Disposable-Vape.png 800w, https:\/\/rmvapesale.com\/wp-content\/uploads\/2024\/10\/AIVONO-AIM-GUN-7000Puffs-Disposable-Vape-300x240.png 300w, https:\/\/rmvapesale.com\/wp-content\/uploads\/2024\/10\/AIVONO-AIM-GUN-7000Puffs-Disposable-Vape-768x613.png 768w, https:\/\/rmvapesale.com\/wp-content\/uploads\/2024\/10\/AIVONO-AIM-GUN-7000Puffs-Disposable-Vape-600x479.png 600w\" sizes=\"auto, (max-width: 800px) 100vw, 800px\" \/><figcaption id=\"caption-attachment-2456\" class=\"wp-caption-text\">AIVONO AIM GUN 7000 Puff Eldobhat\u00f3 Vape Pods<\/figcaption><\/figure>\n<p>&nbsp;<\/p>\n<h3><strong>Mi\u00e9rt v\u00e1lassza az Rmvapesale-t az Aivono Aim Gun 7000 Puffs-hoz<\/strong><strong>?<\/strong><\/h3>\n<div class=\"flex-shrink-0 flex flex-col relative items-end\">\n<div class=\"pt-0\">\n<div class=\"gizmo-bot-avatar flex h-8 w-8 items-center justify-center overflow-hidden rounded-full\">\n<div class=\"relative p-1 rounded-sm flex items-center justify-center bg-token-main-surface-primary text-token-text-primary h-8 w-8\">\n<p>&nbsp;<\/p>\n<p>Ha az Rmvapesale-t v\u00e1lasztja az eldobhat\u00f3 vape-ek nagykereskedelm\u00e9hez, a k\u00f6vetkez\u0151 el\u0151ny\u00f6kben r\u00e9szes\u00fcl:<\/p>\n<ul>\n<li><strong>Versenyk\u00e9pes \u00e1rak<\/strong>: Hozz\u00e1f\u00e9rhet vonz\u00f3 nagykereskedelmi \u00e1rakhoz, amelyek n\u00f6velik az \u00fczleti marzsokat.<\/li>\n<li><strong>Magas min\u0151s\u00e9g<\/strong>: Vape-jeink a legmagasabb sz\u00ednvonalon k\u00e9sz\u00fclnek, \u00e9s <span style=\"color: #ff0000\"><strong>garant\u00e1ltan 100% eredetiek \u00e9s hitelesek, hamis \u00e1ru eset\u00e9n 10-szeres k\u00e1rt\u00e9r\u00edt\u00e9st biztos\u00edtunk!<\/strong><\/span><\/li>\n<li><strong>Kiv\u00e1l\u00f3 \u00dcgyf\u00e9lszolg\u00e1lat<\/strong>: Elk\u00f6telezett csapatunk mindig k\u00e9szen \u00e1ll, hogy seg\u00edtsen \u00d6nnek, z\u00f6kken\u0151mentess\u00e9 \u00e9s probl\u00e9mamentess\u00e9 t\u00e9ve a v\u00e1s\u00e1rl\u00e1si folyamatot.<\/li>\n<li><strong>Gyors Sz\u00e1ll\u00edt\u00e1s<\/strong>: Sz\u00e1m\u00edtson gyors \u00e9s megb\u00edzhat\u00f3 sz\u00e1ll\u00edt\u00e1sra, ami biztos\u00edtja, hogy rendel\u00e9sei mindig id\u0151ben meg\u00e9rkezzenek.<\/li>\n<\/ul>\n<\/div>\n<h3><\/h3>\n<div class=\"relative p-1 rounded-sm flex items-center justify-center bg-token-main-surface-primary text-token-text-primary h-8 w-8\">\n<h3><b>GYIK<\/b><\/h3>\n<p>&nbsp;<\/p>\n<ul>\n<li><strong>Mi az e-liquid kapacit\u00e1sa az Aivono Aim Gun 7000 Puffs eldobhat\u00f3 vape-ben?<\/strong>\n<ul>\n<li>Az Aivono Aim Gun 7000 Puffs eldobhat\u00f3 vape 12 ml-es e-liquid kapacit\u00e1ssal rendelkezik, hossz\u00fa t\u00e1v\u00fa vapel\u00e9si \u00e9lm\u00e9nyt ny\u00fajtva ak\u00e1r 7000 puffig k\u00e9sz\u00fcl\u00e9kenk\u00e9nt.<\/li>\n<\/ul>\n<\/li>\n<li><strong>Milyen nikotinszintek \u00e9rhet\u0151k el az Aivono Aim Gun 7000 Puffs-hoz?<\/strong>\n<ul>\n<li>Az Aivono 7000 nikotinszinteket k\u00edn\u00e1l: 0%, 2%, 3% \u00e9s 5%, \u00edgy k\u00fcl\u00f6nb\u00f6z\u0151 nikotinpreferenci\u00e1kkal rendelkez\u0151 felhaszn\u00e1l\u00f3k sz\u00e1m\u00e1ra is alkalmas.<\/li>\n<\/ul>\n<\/li>\n<li><strong>T\u00f6lthetem \u00fajra az Aivono Aim Gun 7000 Puffs eldobhat\u00f3 vape-et?<\/strong>\n<ul>\n<li>Igen, az Aivono Aim Gun egy 500mAh \u00fajrat\u00f6lthet\u0151 akkumul\u00e1torral van felszerelve, \u00e9s alul tal\u00e1lhat\u00f3 t\u00f6lt\u0151porttal rendelkezik, hogy az \u00f6sszes tankban l\u00e9v\u0151 e-liquidet felhaszn\u00e1lhassa.<\/li>\n<\/ul>\n<\/li>\n<li><strong>Milyen t\u00edpus\u00fa tekercset haszn\u00e1l az Aivono Aim Gun 7000 Puffs?<\/strong>\n<ul>\n<li>Ez az eldobhat\u00f3 vape egy 1.2\u03a9 Mesh Tekercset haszn\u00e1l, amely fokozza a g\u0151zk\u00e9pz\u0151d\u00e9st \u00e9s az \u00edzt, \u00edgy sima \u00e9s kiel\u00e9g\u00edt\u0151 vapel\u00e9si \u00e9lm\u00e9nyt ny\u00fajt.<\/li>\n<\/ul>\n<\/li>\n<li><strong>Milyen \u00edzek \u00e9rhet\u0151k el az Aivono Aim Gun 7000 Puffs eldobhat\u00f3 vape-hez?<\/strong>\n<ul>\n<li>Az Aivono Aim Gun 10 k\u00fcl\u00f6nb\u00f6z\u0151 \u00edzt k\u00edn\u00e1l, v\u00e1ltozatos lehet\u0151s\u00e9geket biztos\u00edtva az \u00edzl\u00e9sekhez, egyedi vapel\u00e9si \u00e9lm\u00e9nyt ny\u00fajtva minden \u00edzzel.<\/li>\n<\/ul>\n<\/li>\n<\/ul>\n<\/div>\n<\/div>\n<\/div>\n<\/div>\n<div class=\"group\/conversation-turn relative flex w-full min-w-0 flex-col agent-turn\">\n<div class=\"flex-col gap-1 md:gap-3\">\n<div class=\"flex max-w-full flex-col flex-grow\">\n<div class=\"min-h-8 text-message flex w-full flex-col items-end gap-2 whitespace-normal break-words [.text-message+&amp;]:mt-5\" dir=\"auto\" data-message-author-role=\"assistant\" data-message-id=\"f226d3fc-81f3-46d5-8c46-31787fff0357\">\n<div class=\"flex w-full flex-col gap-1 empty:hidden first:pt-[3px]\">\n<div class=\"markdown prose w-full break-words dark:prose-invert light\">\n<div class=\"group\/conversation-turn relative flex w-full min-w-0 flex-col agent-turn\">\n<div class=\"flex-col gap-1 md:gap-3\">\n<div class=\"flex max-w-full flex-col flex-grow\">\n<div class=\"min-h-8 text-message flex w-full flex-col items-end gap-2 whitespace-normal break-words [.text-message+&amp;]:mt-5\" dir=\"auto\" data-message-author-role=\"assistant\" data-message-id=\"91d2b73b-9149-4888-a964-4b8464e0e6e3\" data-message-model-slug=\"gpt-4o\">\n<div class=\"flex w-full flex-col gap-1 empty:hidden first:pt-[3px]\">\n<div class=\"markdown prose w-full break-words dark:prose-invert light\">\n<p>&nbsp;<\/p>\n<p>&nbsp;<\/p>\n<\/div>\n<\/div>\n<\/div>\n<\/div>\n<\/div>\n<\/div>\n<\/div>\n<\/div>\n<\/div>\n<\/div>\n<\/div>\n<\/div>\n<h3>A Sz\u00e1ll\u00edt\u00e1sr\u00f3l<\/h3>\n<div class=\"flex-shrink-0 flex flex-col relative items-end\">\n<div>\n<div class=\"pt-0\">\n<div class=\"gizmo-bot-avatar flex h-8 w-8 items-center justify-center overflow-hidden rounded-full\">\n<div><\/div>\n<div class=\"relative p-1 rounded-sm flex items-center justify-center bg-token-main-surface-primary text-token-text-primary h-8 w-8\"><strong>1. Milyen sz\u00e1ll\u00edt\u00e1si m\u00f3dokat haszn\u00e1lnak?<\/strong><\/div>\n<\/div>\n<\/div>\n<\/div>\n<\/div>\n<div class=\"group\/conversation-turn relative flex w-full min-w-0 flex-col agent-turn\">\n<div class=\"flex-col gap-1 md:gap-3\">\n<div class=\"flex max-w-full flex-col flex-grow\">\n<div class=\"min-h-[20px] text-message flex w-full flex-col items-end gap-2 whitespace-normal break-words [.text-message+&amp;]:mt-5 overflow-x-auto\" dir=\"auto\" data-message-author-role=\"assistant\" data-message-id=\"22f8283b-3233-46ff-89a5-c7a41b33abda\">\n<div class=\"flex w-full flex-col gap-1 empty:hidden first:pt-[3px]\">\n<div class=\"markdown prose w-full break-words dark:prose-invert light\">\n<p>Partnerei vagyunk a UPS, DHL, FedEx, DPD \u00e9s m\u00e1s vezet\u0151 fuvaroz\u00f3knak. A legjobb sz\u00e1ll\u00edt\u00e1si m\u00f3dot fogjuk kiv\u00e1lasztani a sz\u00e1ll\u00edt\u00e1si helysz\u00edne alapj\u00e1n, hogy a lehet\u0151 leggyorsabban megkapja a term\u00e9keit.<\/p>\n<\/div>\n<p><strong>2. Mennyi id\u0151 alatt \u00e9rkezik meg?<\/strong><\/p>\n<p>A csomagok \u00e1ltal\u00e1ban 10 munkanapon bel\u00fcl meg\u00e9rkeznek Magyarorsz\u00e1gra. Az eur\u00f3pai orsz\u00e1gokba t\u00f6rt\u00e9n\u0151 sz\u00e1ll\u00edt\u00e1s \u00e1ltal\u00e1ban 12-15 munkanapot vesz ig\u00e9nybe. Folyamatosan t\u00e1j\u00e9koztatjuk a sz\u00e1ll\u00edt\u00e1si st\u00e1tuszr\u00f3l.<\/p>\n<\/div>\n<\/div>\n<\/div>\n<\/div>\n<\/div>\n<p>&nbsp;<\/p>\n<p>Tov\u00e1bbi n\u00e9pszer\u0171 vape term\u00e9kek, amik tetszhetnek:<\/p>\n<p><a href=\"https:\/\/rmvapesale.com\/hu\/product\/bang-box-20000-puffs-vape-0-2-5-nicotine\/\"><strong>Bang Box 20000 Sz\u00edv\u00e1s\u00a0 \u00a0<span style=\"color: #ff0000\">&gt;&gt;&gt;&gt; ide!<\/span><\/strong><\/a><\/p>\n<p><strong><a href=\"https:\/\/rmvapesale.com\/hu\/product\/faivono-bang-maxi-15000-puffs-disposable-vape-bulk-wholesale\/\">AIVONO Aim Bang Maxi 15000 Puffs <span style=\"color: #ff0000\">&gt;&gt;&gt;&gt; ide!<\/span><\/a>\u00a0<\/strong><\/p>\n<p><a href=\"https:\/\/rmvapesale.com\/hu\/product\/bang-tornado-13000-puffs-disposable-vape-pen-wholesale-price\/\"><strong>Bang Tornado 13000 <span style=\"color: #ff0000\">&gt;&gt;&gt;&gt; ide!<\/span><\/strong><\/a><\/p>\n<p>&nbsp;<\/p>\n<p>&nbsp;<\/p>\n<p>Tal\u00e1lja meg a tov\u00e1bbi vape term\u00e9keket, amelyek tetszhetnek \u00d6nnek:<strong><em><a href=\"https:\/\/rmvapesale.com\/hu\/shop-2\/\">V\u00e1s\u00e1roljon most &gt;&gt;&gt;<\/a><\/em><\/strong><\/p>","protected":false},"excerpt":{"rendered":"<p>AIVONO AIM G\u00c9P 7000 Puff Egyszer haszn\u00e1latos Vape Nagykereskedelem<br \/>\nAivono Aim Egyszer haszn\u00e1latos Vape Pod 7000 Puff Nagykereskedelem<br \/>\nAIVONO AIM G\u00c9P Egyszer haszn\u00e1latos VAPE 7000 Puff 10 \u00cdz<\/p>\n<p><img loading=\"lazy\" decoding=\"async\" class=\"size-full wp-image-2375\" src=\"https:\/\/rmvapesale.com\/wp-content\/uploads\/2024\/10\/image.png\" alt=\"Legjobb Eldobhat\u00f3 Vape\" width=\"229\" height=\"300\" \/><\/p>\n<h3><a href=\"https:\/\/wa.me\/8617776015835\"><span style=\"color: #ff0000\"><strong>WhatsApp: +86 17776015835<\/strong><\/span><\/a><\/h3>\n<p>&nbsp;<\/p>","protected":false},"featured_media":2458,"comment_status":"open","ping_status":"closed","template":"","meta":{"_uag_custom_page_level_css":"","_lmt_disableupdate":"","_lmt_disable":"","site-sidebar-layout":"default","site-content-layout":"content-boxed-container","ast-site-content-layout":"normal-width-container","site-content-style":"boxed","site-sidebar-style":"unboxed","ast-global-header-display":"","ast-banner-title-visibility":"","ast-main-header-display":"","ast-hfb-above-header-display":"","ast-hfb-below-header-display":"","ast-hfb-mobile-header-display":"","site-post-title":"","ast-breadcrumbs-content":"","ast-featured-img":"","footer-sml-layout":"","ast-disable-related-posts":"","theme-transparent-header-meta":"default","adv-header-id-meta":"","stick-header-meta":"","header-above-stick-meta":"","header-main-stick-meta":"","header-below-stick-meta":"","astra-migrate-meta-layouts":"set","ast-page-background-enabled":"default","ast-page-background-meta":{"desktop":{"background-color":"var(--ast-global-color-4)","background-image":"","background-repeat":"repeat","background-position":"center center","background-size":"auto","background-attachment":"scroll","background-type":"","background-media":"","overlay-type":"","overlay-color":"","overlay-opacity":"","overlay-gradient":""},"tablet":{"background-color":"","background-image":"","background-repeat":"repeat","background-position":"center center","background-size":"auto","background-attachment":"scroll","background-type":"","background-media":"","overlay-type":"","overlay-color":"","overlay-opacity":"","overlay-gradient":""},"mobile":{"background-color":"","background-image":"","background-repeat":"repeat","background-position":"center center","background-size":"auto","background-attachment":"scroll","background-type":"","background-media":"","overlay-type":"","overlay-color":"","overlay-opacity":"","overlay-gradient":""}},"ast-content-background-meta":{"desktop":{"background-color":"var(--ast-global-color-5)","background-image":"","background-repeat":"repeat","background-position":"center center","background-size":"auto","background-attachment":"scroll","background-type":"","background-media":"","overlay-type":"","overlay-color":"","overlay-opacity":"","overlay-gradient":""},"tablet":{"background-color":"var(--ast-global-color-5)","background-image":"","background-repeat":"repeat","background-position":"center center","background-size":"auto","background-attachment":"scroll","background-type":"","background-media":"","overlay-type":"","overlay-color":"","overlay-opacity":"","overlay-gradient":""},"mobile":{"background-color":"var(--ast-global-color-5)","background-image":"","background-repeat":"repeat","background-position":"center center","background-size":"auto","background-attachment":"scroll","background-type":"","background-media":"","overlay-type":"","overlay-color":"","overlay-opacity":"","overlay-gradient":""}},"_joinchat":[]},"product_brand":[],"product_cat":[15,27,25,123,30,26,28,137,135],"product_tag":[156,146,155,132,157],"class_list":{"0":"post-2449","1":"product","2":"type-product","3":"status-publish","4":"has-post-thumbnail","6":"product_cat-new-vape-this-week","7":"product_cat-fance-hot-sale-vape","8":"product_cat-germany-best-selling-vape","9":"product_cat-italy-wholesale-vape","10":"product_cat-minimum-order-quantity-50pcs","11":"product_cat-netherlands-hot-sale-vape","12":"product_cat-poland-hot-sale-vape","13":"product_cat-rechargeable-vapes","14":"product_cat-spain-best-hot-sale-vape","15":"product_tag-0-nicotine-disposable-vape","16":"product_tag-best-hot-sale-vape","17":"product_tag-digital-display-box","18":"product_tag-rechargeable-vape","19":"product_tag-vape-disposable","20":"desktop-align-left","21":"tablet-align-left","22":"mobile-align-left","24":"first","25":"instock","26":"sale","27":"shipping-taxable","28":"purchasable","29":"product-type-simple"},"uagb_featured_image_src":{"full":["https:\/\/rmvapesale.com\/wp-content\/uploads\/2024\/10\/AIVONO-AIM-GUN-7000Puffs-Vape.png",800,800,false],"thumbnail":["https:\/\/rmvapesale.com\/wp-content\/uploads\/2024\/10\/AIVONO-AIM-GUN-7000Puffs-Vape-150x150.png",150,150,true],"medium":["https:\/\/rmvapesale.com\/wp-content\/uploads\/2024\/10\/AIVONO-AIM-GUN-7000Puffs-Vape-300x300.png",300,300,true],"medium_large":["https:\/\/rmvapesale.com\/wp-content\/uploads\/2024\/10\/AIVONO-AIM-GUN-7000Puffs-Vape-768x768.png",768,768,true],"large":["https:\/\/rmvapesale.com\/wp-content\/uploads\/2024\/10\/AIVONO-AIM-GUN-7000Puffs-Vape.png",800,800,false],"1536x1536":["https:\/\/rmvapesale.com\/wp-content\/uploads\/2024\/10\/AIVONO-AIM-GUN-7000Puffs-Vape.png",800,800,false],"2048x2048":["https:\/\/rmvapesale.com\/wp-content\/uploads\/2024\/10\/AIVONO-AIM-GUN-7000Puffs-Vape.png",800,800,false],"trp-custom-language-flag":["https:\/\/rmvapesale.com\/wp-content\/uploads\/2024\/10\/AIVONO-AIM-GUN-7000Puffs-Vape.png",12,12,false],"woocommerce_thumbnail":["https:\/\/rmvapesale.com\/wp-content\/uploads\/2024\/10\/AIVONO-AIM-GUN-7000Puffs-Vape-300x300.png",300,300,true],"woocommerce_single":["https:\/\/rmvapesale.com\/wp-content\/uploads\/2024\/10\/AIVONO-AIM-GUN-7000Puffs-Vape-600x600.png",600,600,true],"woocommerce_gallery_thumbnail":["https:\/\/rmvapesale.com\/wp-content\/uploads\/2024\/10\/AIVONO-AIM-GUN-7000Puffs-Vape-100x100.png",100,100,true],"wcpr-photo-reviews":["https:\/\/rmvapesale.com\/wp-content\/uploads\/2024\/10\/AIVONO-AIM-GUN-7000Puffs-Vape.png",500,500,false]},"uagb_author_info":{"display_name":"AMY","author_link":"https:\/\/rmvapesale.com\/hu\/author\/"},"uagb_comment_info":0,"uagb_excerpt":"AIVONO AIM GUN 7000 Puff Disposable Vape Wholesale Aivono Aim Disposable Vape Pod 7000 Puffs Wholesale AIVONO AIM GUN Disposable VAPE 7000 Puffs 10 Flavors WhatsApp: +86 17776015835 &nbsp;","_links":{"self":[{"href":"https:\/\/rmvapesale.com\/hu\/wp-json\/wp\/v2\/product\/2449","targetHints":{"allow":["GET"]}}],"collection":[{"href":"https:\/\/rmvapesale.com\/hu\/wp-json\/wp\/v2\/product"}],"about":[{"href":"https:\/\/rmvapesale.com\/hu\/wp-json\/wp\/v2\/types\/product"}],"replies":[{"embeddable":true,"href":"https:\/\/rmvapesale.com\/hu\/wp-json\/wp\/v2\/comments?post=2449"}],"wp:featuredmedia":[{"embeddable":true,"href":"https:\/\/rmvapesale.com\/hu\/wp-json\/wp\/v2\/media\/2458"}],"wp:attachment":[{"href":"https:\/\/rmvapesale.com\/hu\/wp-json\/wp\/v2\/media?parent=2449"}],"wp:term":[{"taxonomy":"product_brand","embeddable":true,"href":"https:\/\/rmvapesale.com\/hu\/wp-json\/wp\/v2\/product_brand?post=2449"},{"taxonomy":"product_cat","embeddable":true,"href":"https:\/\/rmvapesale.com\/hu\/wp-json\/wp\/v2\/product_cat?post=2449"},{"taxonomy":"product_tag","embeddable":true,"href":"https:\/\/rmvapesale.com\/hu\/wp-json\/wp\/v2\/product_tag?post=2449"}],"curies":[{"name":"wp","href":"https:\/\/api.w.org\/{rel}","templated":true}]}}