{"id":2471,"date":"2024-10-19T08:23:13","date_gmt":"2024-10-19T08:23:13","guid":{"rendered":"https:\/\/rmvapesale.com\/?post_type=product&#038;p=2471"},"modified":"2024-10-21T07:11:24","modified_gmt":"2024-10-21T07:11:24","slug":"randm-tornado-25000-puffs-disposable-vape-wholesale","status":"publish","type":"product","link":"https:\/\/rmvapesale.com\/hu\/product\/randm-tornado-25000-puffs-disposable-vape-wholesale\/","title":{"rendered":"RandM Tornado 25000 slukk eldobhat\u00f3 vape nagykereskedelem"},"content":{"rendered":"<div class=\"B2VR9 CJHX3e\">\n<div class=\"wyccme\">\n<h1 class=\"LC20lb MBeuO DKV0Md\">RandM Tornado 25000 slukk eldobhat\u00f3 vape nagykereskedelem<\/h1>\n<div class=\"flex-shrink-0 flex flex-col relative items-end\">\n<div class=\"pt-0\">\n<div class=\"gizmo-bot-avatar flex h-8 w-8 items-center justify-center overflow-hidden rounded-full\">\n<div class=\"relative p-1 rounded-sm flex items-center justify-center bg-token-main-surface-primary text-token-text-primary h-8 w-8\">\n<p>A <strong>RandM Tornado 25000 Puffs Eldobhat\u00f3 Vape<\/strong> kiemelkedik, mint az egyik legtart\u00f3sabb \u00e9s leginnovat\u00edvabb eldobhat\u00f3 vape a piacon. Ak\u00e1r <strong>25 000 slukkal<\/strong>sz\u00edv\u00e1st k\u00edn\u00e1l, ez az eszk\u00f6z t\u00f6k\u00e9letes azok sz\u00e1m\u00e1ra, akik hosszabb g\u0151z\u00f6l\u00e9si \u00e9lm\u00e9nyre v\u00e1gynak. 24 k\u00fcl\u00f6nb\u00f6z\u0151 \u00edzben kaphat\u00f3, \u00edgy a legk\u00fcl\u00f6nf\u00e9l\u00e9bb \u00edzl\u00e9seknek is megfelel, ez\u00e9rt az egyik legn\u00e9pszer\u0171bb v\u00e1laszt\u00e1s a vape m\u00e1rk\u00e1k k\u00f6z\u00f6tt. Ak\u00e1r szem\u00e9lyes haszn\u00e1latra v\u00e1s\u00e1rol, ak\u00e1r <strong>vape nagykereskedelmi mennyis\u00e9gben<\/strong>ez <strong>alacsony nikotintartalm\u00fa eldobhat\u00f3 vape<\/strong> ide\u00e1lis azok sz\u00e1m\u00e1ra, akik alacsony nagykereskedelmi \u00e1rat r\u00e9szes\u00edtenek el\u0151nyben.<\/p>\n<p>A <strong>RandM Tornado 25000<\/strong> egyik legfontosabb jellemz\u0151je a be\u00e9p\u00edtett 1,77 h\u00fcvelykes, nagy felbont\u00e1s\u00fa <strong>TFT k\u00e9perny\u0151<\/strong>, amely val\u00f3s idej\u0171 inform\u00e1ci\u00f3kat ny\u00fajt a felhaszn\u00e1l\u00f3knak, p\u00e9ld\u00e1ul az akkumul\u00e1tor \u00e9lettartam\u00e1r\u00f3l \u00e9s az e-liquid mennyis\u00e9g\u00e9r\u0151l. Ezenk\u00edv\u00fcl sz\u00f3rakoztat\u00f3 j\u00e1t\u00e9kfunkci\u00f3kat is tartalmaz, amelyek a g\u0151z\u00f6l\u00e9sen t\u00fal is \u00e9lvezetes \u00e9lm\u00e9nyt ny\u00fajtanak. Ez a <strong>az eldobhat\u00f3 vape k\u00e9perny\u0151vel<\/strong> p\u00e1ratlan k\u00e9nyelmet biztos\u00edt, lehet\u0151v\u00e9 t\u00e9ve, hogy a gazdag \u00edzeket a felt\u00f6lt\u00e9s vagy a karbantart\u00e1s neh\u00e9zs\u00e9gei n\u00e9lk\u00fcl \u00e9lvezhesse.<\/p>\n<p>Az \u00fajrat\u00f6lthet\u0151 kialak\u00edt\u00e1snak k\u00f6sz\u00f6nhet\u0151en a <strong>RandM Tornado<\/strong> biztos\u00edtja, hogy minden csepp e-liquidet \u00e9lvezhess. A <strong>\u00fajrat\u00f6lthet\u0151 vape-k<\/strong> funkcionalit\u00e1s garant\u00e1lja, hogy a k\u00e9sz\u00fcl\u00e9ket az utols\u00f3 slukkig teljes m\u00e9rt\u00e9kben kihaszn\u00e1lhassa.<\/p>\n<p>T\u00f6k\u00e9letes a nagykereskedelmi v\u00e1s\u00e1rl\u00f3knak \u00e9s azoknak, akik felfedezn\u00e9k <strong>vape nagykereskedelmi<\/strong> opci\u00f3kban, a <strong>RandM Tornado 25000<\/strong> hosszan tart\u00f3 haszn\u00e1latot, \u00e9lvonalbeli technol\u00f3gi\u00e1t \u00e9s gazdag \u00edzv\u00e1laszt\u00e9kot k\u00edn\u00e1l, kiemelked\u0151v\u00e9 t\u00e9ve a <strong>egyszer haszn\u00e1latos vape online<\/strong>vil\u00e1g\u00e1ban. Z\u00f6kken\u0151mentes kialak\u00edt\u00e1s\u00e1val \u00e9s k\u00f6nnyen haszn\u00e1lhat\u00f3 rendszer\u00e9vel ez az eszk\u00f6z optim\u00e1lis g\u0151z\u00f6l\u00e9si \u00e9lm\u00e9nyt biztos\u00edt az elej\u00e9t\u0151l a v\u00e9g\u00e9ig.<\/p>\n<p>A term\u00e9ket gyors sz\u00e1ll\u00edt\u00e1ssal post\u00e1zzuk Eur\u00f3pa szerte, p\u00e9ld\u00e1ul Magyarorsz\u00e1gra, N\u00e9metorsz\u00e1gba, Hollandi\u00e1ba, Olaszorsz\u00e1gba, Franciaorsz\u00e1gba, Spanyolorsz\u00e1gba, Sv\u00e1jcba, Sv\u00e9dorsz\u00e1gba, Lengyelorsz\u00e1gba stb.<\/p>\n<\/div>\n<\/div>\n<\/div>\n<\/div>\n<\/div>\n<\/div>\n<p><strong>L\u00e9pjen kapcsolatba Amyvel, hogy megkapja a helyes v\u00e1laszt \u00e9s a vape kupont!<\/strong><\/p>\n<p><img loading=\"lazy\" decoding=\"async\" class=\"size-full wp-image-1978\" src=\"https:\/\/rmvapesale.com\/wp-content\/uploads\/2024\/09\/Disposable-Vape-Wholesale.jpg\" alt=\"Eldobhat\u00f3 Vape Nagykereskedelem\" width=\"229\" height=\"300\" \/><\/p>\n<h3><a href=\"https:\/\/wa.me\/8617776015835\" target=\"_blank\" rel=\"noopener\"><span style=\"color: #ff0000\"><strong>WhatsApp: +86 17776015835<\/strong><\/span><\/a><\/h3>\n<p>&nbsp;<\/p>\n<h2><\/h2>\n<h2><strong>Fumot Vape 25000 Eldobhat\u00f3<\/strong><strong>\u00a0<\/strong><strong>F\u0151bb jellemz\u0151k<\/strong><\/h2>\n<p>&nbsp;<\/p>\n<p>M\u00e1rka: TORNADO 25000<br \/>\n\u00cdz: Pink Lemonade<br \/>\nSz\u00edv\u00e1s: 25000<br \/>\nNikotin er\u0151ss\u00e9g: 2% 5%<br \/>\nFolyad\u00e9k t\u00e9rfogata: 20 ML<br \/>\nAkkumul\u00e1tor<br \/>\nAkkumul\u00e1tor kapacit\u00e1s: 700mAh<br \/>\nCsatlakoz\u00f3: Type-C T\u00f6lt\u00e9s<br \/>\nKijelz\u0151 az Olajhoz \u00e9s az Akkumul\u00e1torhoz<\/p>\n<h2><\/h2>\n<h2><strong>Legjobb \u00edz a RandM Tornado 25000-hez<\/strong><\/h2>\n<p>A 40 egyedi \u00edz\u00e9vel a Fumot Vape 12000 RandM Tornado a preferenci\u00e1k sz\u00e9les sk\u00e1l\u00e1j\u00e1t szolg\u00e1lja ki, biztos\u00edtva, hogy minden felhaszn\u00e1l\u00f3 megtal\u00e1lja a saj\u00e1t \u00edzl\u00e9s\u00e9nek megfelel\u0151 \u00edzt. A k\u00e9sz\u00fcl\u00e9k kiv\u00e1l\u00f3 min\u0151s\u00e9g\u0171 anyagokb\u00f3l k\u00e9sz\u00fclt, biztos\u00edtva a tart\u00f3ss\u00e1got \u00e9s a kiel\u00e9g\u00edt\u0151 vapel\u00e9si \u00e9lm\u00e9nyt.<\/p>\n<p>1. Ban\u00e1n j\u00e9g<br \/>\n2. Eper G\u00f6r\u00f6gdinnye<br \/>\n3. Miami Mint<br \/>\n4. Blueberry Raspberry<br \/>\n5. Fekete j\u00e9g<br \/>\n6. Feh\u00e9r gumicukor j\u00e9g <span style=\"color: #ff0000\"><strong>&gt;&gt;&gt;&gt; Forr\u00f3!<\/strong><\/span><br \/>\n7. G\u00f6r\u00f6gdinnye j\u00e9g<br \/>\n8. L\u00e9d\u00fas \u0151szibarack j\u00e9g<br \/>\n9. R\u00f3zsasz\u00edn limon\u00e1d\u00e9<br \/>\n10. Eper mang\u00f3<br \/>\n11. \u0150szibarack mang\u00f3 g\u00f6r\u00f6gdinnye<br \/>\n12. Sz\u0151l\u0151 Citrom<br \/>\n13. Tr\u00f3pusi Sziv\u00e1rv\u00e1ny Robban\u00e1s<span style=\"color: #ff0000\"><strong>&gt;&gt;&gt;&gt; Forr\u00f3!<\/strong><\/span><br \/>\n14. Cseresznye Robban\u00e1s<br \/>\n15. Cseresznye Robban\u00e1s Cukorka <span style=\"color: #ff0000\"><strong>&gt;&gt;&gt;&gt; Forr\u00f3!<\/strong><\/span><br \/>\n16. Dupla Alma<br \/>\n17. R\u00d3ZSASZ\u00cdN LIMON\u00c1D\u00c9 <span style=\"color: #ff0000\"><strong>&gt;&gt;&gt;&gt; A legjobb!<\/strong><\/span><\/p>\n<figure id=\"attachment_2464\" aria-describedby=\"caption-attachment-2464\" style=\"width: 300px\" class=\"wp-caption alignnone\"><img loading=\"lazy\" decoding=\"async\" class=\"size-medium wp-image-2464\" src=\"https:\/\/rmvapesale.com\/wp-content\/uploads\/2024\/10\/Fumot-Vape-Randm-Tornado-25000-Puffs-Wholesale-300x300.jpg\" alt=\"Fumot Vape Randm Tornado 25000 Puffs Nagykeresked\u00e9s\" width=\"300\" height=\"300\" srcset=\"https:\/\/rmvapesale.com\/wp-content\/uploads\/2024\/10\/Fumot-Vape-Randm-Tornado-25000-Puffs-Wholesale-300x300.jpg 300w, https:\/\/rmvapesale.com\/wp-content\/uploads\/2024\/10\/Fumot-Vape-Randm-Tornado-25000-Puffs-Wholesale-150x150.jpg 150w, https:\/\/rmvapesale.com\/wp-content\/uploads\/2024\/10\/Fumot-Vape-Randm-Tornado-25000-Puffs-Wholesale-768x768.jpg 768w, https:\/\/rmvapesale.com\/wp-content\/uploads\/2024\/10\/Fumot-Vape-Randm-Tornado-25000-Puffs-Wholesale-600x600.jpg 600w, https:\/\/rmvapesale.com\/wp-content\/uploads\/2024\/10\/Fumot-Vape-Randm-Tornado-25000-Puffs-Wholesale-100x100.jpg 100w, https:\/\/rmvapesale.com\/wp-content\/uploads\/2024\/10\/Fumot-Vape-Randm-Tornado-25000-Puffs-Wholesale.jpg 800w\" sizes=\"auto, (max-width: 300px) 100vw, 300px\" \/><figcaption id=\"caption-attachment-2464\" class=\"wp-caption-text\">Fumot Vape Randm Tornado 25000 Puffs Nagykeresked\u00e9s<\/figcaption><\/figure>\n<figure id=\"attachment_2463\" aria-describedby=\"caption-attachment-2463\" style=\"width: 300px\" class=\"wp-caption alignnone\"><img loading=\"lazy\" decoding=\"async\" class=\"size-medium wp-image-2463\" src=\"https:\/\/rmvapesale.com\/wp-content\/uploads\/2024\/10\/Fumot-Vape-Randm-Tornado-25000-Puffs-Disposable-300x300.jpg\" alt=\"Fumot Vape Randm Tornado 25000 Puffs Eldobhat\u00f3\" width=\"300\" height=\"300\" srcset=\"https:\/\/rmvapesale.com\/wp-content\/uploads\/2024\/10\/Fumot-Vape-Randm-Tornado-25000-Puffs-Disposable-300x300.jpg 300w, https:\/\/rmvapesale.com\/wp-content\/uploads\/2024\/10\/Fumot-Vape-Randm-Tornado-25000-Puffs-Disposable-150x150.jpg 150w, https:\/\/rmvapesale.com\/wp-content\/uploads\/2024\/10\/Fumot-Vape-Randm-Tornado-25000-Puffs-Disposable-768x768.jpg 768w, https:\/\/rmvapesale.com\/wp-content\/uploads\/2024\/10\/Fumot-Vape-Randm-Tornado-25000-Puffs-Disposable-600x600.jpg 600w, https:\/\/rmvapesale.com\/wp-content\/uploads\/2024\/10\/Fumot-Vape-Randm-Tornado-25000-Puffs-Disposable-100x100.jpg 100w, https:\/\/rmvapesale.com\/wp-content\/uploads\/2024\/10\/Fumot-Vape-Randm-Tornado-25000-Puffs-Disposable.jpg 800w\" sizes=\"auto, (max-width: 300px) 100vw, 300px\" \/><figcaption id=\"caption-attachment-2463\" class=\"wp-caption-text\">Fumot Vape Randm Tornado 25000 Puffs Eldobhat\u00f3<\/figcaption><\/figure>\n<h3><strong>Mi\u00e9rt V\u00e1lassza az Rmvapesale-t a RandM 25000 Puffs-hoz<\/strong><strong>?<\/strong><\/h3>\n<div class=\"flex-shrink-0 flex flex-col relative items-end\">\n<div class=\"pt-0\">\n<div class=\"gizmo-bot-avatar flex h-8 w-8 items-center justify-center overflow-hidden rounded-full\">\n<div class=\"relative p-1 rounded-sm flex items-center justify-center bg-token-main-surface-primary text-token-text-primary h-8 w-8\">\n<p>&nbsp;<\/p>\n<p>Ha az Rmvapesale-t v\u00e1lasztja az eldobhat\u00f3 vape-ek nagykereskedelm\u00e9hez, a k\u00f6vetkez\u0151 el\u0151ny\u00f6kben r\u00e9szes\u00fcl:<\/p>\n<ul>\n<li><strong>Versenyk\u00e9pes \u00e1rak<\/strong>: Hozz\u00e1f\u00e9rhet vonz\u00f3 nagykereskedelmi \u00e1rakhoz, amelyek n\u00f6velik az \u00fczleti marzsokat.<\/li>\n<li><strong>Magas min\u0151s\u00e9g<\/strong>: Vape-jeink a legmagasabb sz\u00ednvonalon k\u00e9sz\u00fclnek, \u00e9s <span style=\"color: #ff0000\"><strong>garant\u00e1ltan 100% eredetiek \u00e9s hitelesek, hamis \u00e1ru eset\u00e9n 10-szeres k\u00e1rt\u00e9r\u00edt\u00e9st biztos\u00edtunk!<\/strong><\/span><\/li>\n<li><strong>Kiv\u00e1l\u00f3 \u00dcgyf\u00e9lszolg\u00e1lat<\/strong>: Elk\u00f6telezett csapatunk mindig k\u00e9szen \u00e1ll, hogy seg\u00edtsen \u00d6nnek, z\u00f6kken\u0151mentess\u00e9 \u00e9s probl\u00e9mamentess\u00e9 t\u00e9ve a v\u00e1s\u00e1rl\u00e1si folyamatot.<\/li>\n<li><strong>Gyors Sz\u00e1ll\u00edt\u00e1s<\/strong>: Sz\u00e1m\u00edtson gyors \u00e9s megb\u00edzhat\u00f3 sz\u00e1ll\u00edt\u00e1sra, ami biztos\u00edtja, hogy rendel\u00e9sei mindig id\u0151ben meg\u00e9rkezzenek.<\/li>\n<\/ul>\n<\/div>\n<h3><\/h3>\n<div class=\"relative p-1 rounded-sm flex items-center justify-center bg-token-main-surface-primary text-token-text-primary h-8 w-8\">\n<h3><b>GYIK<\/b><\/h3>\n<p>&nbsp;<\/p>\n<ul>\n<li><strong>Hogyan v\u00e1lasszam ki a megfelel\u0151 eldobhat\u00f3 vape-et?<\/strong><br \/>\nA legjobb eldobhat\u00f3 vape kiv\u00e1laszt\u00e1sa a preferenci\u00e1it\u00f3l f\u00fcgg. Ha egy hosszan tart\u00f3 eszk\u00f6zt szeretne, v\u00e1lasszon olyan modelleket, mint a RandM Tornado 25000 Puffs, amelyek t\u00f6bb ezer slukkot k\u00edn\u00e1lnak. Az \u00edzrajong\u00f3k sz\u00e1m\u00e1ra az olyan m\u00e1rk\u00e1k, mint a Bang vapes vagy a Waspe vape, gy\u00fcm\u00f6lcs\u00f6s \u00e9s desszert \u00edzek sz\u00e9les v\u00e1laszt\u00e9k\u00e1t k\u00edn\u00e1lj\u00e1k. A l\u00e9nyeg, hogy azt helyezze el\u0151t\u00e9rbe, ami a legfontosabb az \u00d6n sz\u00e1m\u00e1ra: az akkumul\u00e1tor \u00e9lettartama, az \u00edzek v\u00e1ltozatoss\u00e1ga vagy a hordozhat\u00f3s\u00e1g.<\/li>\n<li><strong>Melyik eldobhat\u00f3 vape k\u00edn\u00e1lja a legjobb \u00edzt?<\/strong><br \/>\nA kiv\u00e9teles \u00edz \u00e9rdek\u00e9ben a Fumot RandM vape 25000 a legjobb versenyz\u0151, amely l\u00e1gy slukkokat \u00e9s hosszan tart\u00f3 \u00edzt biztos\u00edt, k\u00fcl\u00f6n\u00f6sen a gy\u00fcm\u00f6lcs\u00f6s opci\u00f3kban, mint a Cseresznye Bomb Candy, Dupla Alma, PINK LIMONADE, stb.<\/li>\n<li><strong>Honnan tudhatja, hogy a vape-je \u00fcres?\u00a0<\/strong><br \/>\nAkkor veszed \u00e9szre, hogy az eldobhat\u00f3 vape-d lemer\u00fcl\u0151ben van, ha az \u00edz gyeng\u00fcl, vagy a g\u0151ztermel\u00e9s cs\u00f6kken. N\u00e9h\u00e1ny \u00fajabb, kijelz\u0151vel ell\u00e1tott eldobhat\u00f3 vape, mint p\u00e9ld\u00e1ul a RandM Vape 12000, a RandM Tornado 15000, a Waspe 30000 Puffs, jelezni fogja ezt a k\u00e9perny\u0151n.<\/li>\n<li><strong>Mennyi id\u0151be telik felt\u00f6lteni egy Randm Tornado-t?<\/strong><br \/>\nA legt\u00f6bb e-cigaretta akkumul\u00e1tor\u00e1nak teljes felt\u00f6lt\u00e9se \u00e1ltal\u00e1ban 3-4 \u00f3r\u00e1t vesz ig\u00e9nybe, az akkumul\u00e1tor m\u00e9ret\u00e9t\u0151l f\u00fcgg\u0151en. A legjobb, ha megv\u00e1rod, am\u00edg az akkumul\u00e1tor teljesen lemer\u00fcl, miel\u0151tt \u00fajrat\u00f6lt\u00f6d. Mivel azonban minden eszk\u00f6z egyedi, mindig n\u00e9zd meg a term\u00e9k k\u00e9zik\u00f6nyv\u00e9t a speci\u00e1lis t\u00f6lt\u00e9si ir\u00e1nyelvek \u00e9s jelz\u00e9sek miatt, hogy biztos\u00edtsd az optim\u00e1lis teljes\u00edtm\u00e9nyt.<\/li>\n<\/ul>\n<\/div>\n<\/div>\n<\/div>\n<\/div>\n<div class=\"group\/conversation-turn relative flex w-full min-w-0 flex-col agent-turn\">\n<div class=\"flex-col gap-1 md:gap-3\">\n<div class=\"flex max-w-full flex-col flex-grow\">\n<div class=\"min-h-8 text-message flex w-full flex-col items-end gap-2 whitespace-normal break-words [.text-message+&amp;]:mt-5\" dir=\"auto\" data-message-author-role=\"assistant\" data-message-id=\"f226d3fc-81f3-46d5-8c46-31787fff0357\">\n<div class=\"flex w-full flex-col gap-1 empty:hidden first:pt-[3px]\">\n<div class=\"markdown prose w-full break-words dark:prose-invert light\">\n<div class=\"group\/conversation-turn relative flex w-full min-w-0 flex-col agent-turn\">\n<div class=\"flex-col gap-1 md:gap-3\">\n<div class=\"flex max-w-full flex-col flex-grow\">\n<div class=\"min-h-8 text-message flex w-full flex-col items-end gap-2 whitespace-normal break-words [.text-message+&amp;]:mt-5\" dir=\"auto\" data-message-author-role=\"assistant\" data-message-id=\"91d2b73b-9149-4888-a964-4b8464e0e6e3\" data-message-model-slug=\"gpt-4o\">\n<div class=\"flex w-full flex-col gap-1 empty:hidden first:pt-[3px]\">\n<div class=\"markdown prose w-full break-words dark:prose-invert light\">\n<p>&nbsp;<\/p>\n<\/div>\n<\/div>\n<\/div>\n<\/div>\n<\/div>\n<\/div>\n<\/div>\n<\/div>\n<\/div>\n<\/div>\n<\/div>\n<\/div>\n<h3>A Sz\u00e1ll\u00edt\u00e1sr\u00f3l<\/h3>\n<div class=\"flex-shrink-0 flex flex-col relative items-end\">\n<div>\n<div class=\"pt-0\">\n<div class=\"gizmo-bot-avatar flex h-8 w-8 items-center justify-center overflow-hidden rounded-full\">\n<div><\/div>\n<div class=\"relative p-1 rounded-sm flex items-center justify-center bg-token-main-surface-primary text-token-text-primary h-8 w-8\"><strong>1. Milyen sz\u00e1ll\u00edt\u00e1si m\u00f3dokat haszn\u00e1lnak?<\/strong><\/div>\n<\/div>\n<\/div>\n<\/div>\n<\/div>\n<div class=\"group\/conversation-turn relative flex w-full min-w-0 flex-col agent-turn\">\n<div class=\"flex-col gap-1 md:gap-3\">\n<div class=\"flex max-w-full flex-col flex-grow\">\n<div class=\"min-h-[20px] text-message flex w-full flex-col items-end gap-2 whitespace-normal break-words [.text-message+&amp;]:mt-5 overflow-x-auto\" dir=\"auto\" data-message-author-role=\"assistant\" data-message-id=\"22f8283b-3233-46ff-89a5-c7a41b33abda\">\n<div class=\"flex w-full flex-col gap-1 empty:hidden first:pt-[3px]\">\n<div class=\"markdown prose w-full break-words dark:prose-invert light\">\n<p>Partnerei vagyunk a UPS, DHL, FedEx, DPD \u00e9s m\u00e1s vezet\u0151 fuvaroz\u00f3knak. A legjobb sz\u00e1ll\u00edt\u00e1si m\u00f3dot fogjuk kiv\u00e1lasztani a sz\u00e1ll\u00edt\u00e1si helysz\u00edne alapj\u00e1n, hogy a lehet\u0151 leggyorsabban megkapja a term\u00e9keit.<\/p>\n<\/div>\n<p><strong>2. Mennyi id\u0151 alatt \u00e9rkezik meg?<\/strong><\/p>\n<p>A csomagok \u00e1ltal\u00e1ban 10 munkanapon bel\u00fcl meg\u00e9rkeznek Magyarorsz\u00e1gra. Az eur\u00f3pai orsz\u00e1gokba t\u00f6rt\u00e9n\u0151 sz\u00e1ll\u00edt\u00e1s \u00e1ltal\u00e1ban 12-15 munkanapot vesz ig\u00e9nybe. Folyamatosan t\u00e1j\u00e9koztatjuk a sz\u00e1ll\u00edt\u00e1si st\u00e1tuszr\u00f3l.<\/p>\n<\/div>\n<\/div>\n<\/div>\n<\/div>\n<\/div>\n<p>&nbsp;<\/p>\n<p>Tov\u00e1bbi n\u00e9pszer\u0171 vape term\u00e9kek, amik tetszhetnek:<\/p>\n<p><a href=\"https:\/\/rmvapesale.com\/hu\/product\/randm-tornado-15000-puffs-15k-vape-recharge-fumot-original-vape-factory-price\/\"><strong>Randm Vape 15000 slukk\u00a0 \u00a0<span style=\"color: #ff0000\">&gt;&gt;&gt;&gt; ide!<\/span><\/strong><\/a><\/p>\n<p><strong><a href=\"https:\/\/rmvapesale.com\/hu\/product\/faivono-bang-maxi-15000-puffs-disposable-vape-bulk-wholesale\/\">AIVONO Aim Bang Maxi 15000 Puffs <span style=\"color: #ff0000\">&gt;&gt;&gt;&gt; ide!<\/span><\/a>\u00a0<\/strong><\/p>\n<p><a href=\"https:\/\/rmvapesale.com\/hu\/product\/original-randm-vape-digital-puff-12000-fumot-factory-price\/\"><strong>Fumot Vape 12000 slukk <span style=\"color: #ff0000\">&gt;&gt;&gt;&gt; ide!<\/span><\/strong><\/a><\/p>\n<p>&nbsp;<\/p>\n<p>&nbsp;<\/p>\n<p>Tal\u00e1lja meg a tov\u00e1bbi vape term\u00e9keket, amelyek tetszhetnek \u00d6nnek:<strong><em><a href=\"https:\/\/rmvapesale.com\/hu\/shop-2\/\">V\u00e1s\u00e1roljon most &gt;&gt;&gt;<\/a><\/em><\/strong><\/p>","protected":false},"excerpt":{"rendered":"<p>V\u00e1s\u00e1roljon RandM Tornado 25000 Puffs Eldobhat\u00f3 Vape Nagykereskedelmi mennyis\u00e9gben<br \/>\nFumot Vape RandM Tornado 25000 Puffs Eldobhat\u00f3 \u00c1r<br \/>\nFumot RandM Tornado 25000 \u00dajrat\u00f6lthet\u0151 Vape Alacsony Nikotintartalom 2%<\/p>\n<p><img loading=\"lazy\" decoding=\"async\" class=\"size-full wp-image-2375\" src=\"https:\/\/rmvapesale.com\/wp-content\/uploads\/2024\/10\/image.png\" alt=\"Legjobb Eldobhat\u00f3 Vape\" width=\"229\" height=\"300\" \/><\/p>\n<h3><a href=\"https:\/\/wa.me\/8617776015835\"><span style=\"color: #ff0000\"><strong>WhatsApp: +86 17776015835<\/strong><\/span><\/a><\/h3>\n<p>&nbsp;<\/p>","protected":false},"featured_media":2467,"comment_status":"open","ping_status":"closed","template":"","meta":{"_uag_custom_page_level_css":"","_lmt_disableupdate":"no","_lmt_disable":"","site-sidebar-layout":"default","site-content-layout":"content-boxed-container","ast-site-content-layout":"normal-width-container","site-content-style":"boxed","site-sidebar-style":"unboxed","ast-global-header-display":"","ast-banner-title-visibility":"","ast-main-header-display":"","ast-hfb-above-header-display":"","ast-hfb-below-header-display":"","ast-hfb-mobile-header-display":"","site-post-title":"","ast-breadcrumbs-content":"","ast-featured-img":"","footer-sml-layout":"","ast-disable-related-posts":"","theme-transparent-header-meta":"default","adv-header-id-meta":"","stick-header-meta":"","header-above-stick-meta":"","header-main-stick-meta":"","header-below-stick-meta":"","astra-migrate-meta-layouts":"set","ast-page-background-enabled":"default","ast-page-background-meta":{"desktop":{"background-color":"var(--ast-global-color-4)","background-image":"","background-repeat":"repeat","background-position":"center center","background-size":"auto","background-attachment":"scroll","background-type":"","background-media":"","overlay-type":"","overlay-color":"","overlay-opacity":"","overlay-gradient":""},"tablet":{"background-color":"","background-image":"","background-repeat":"repeat","background-position":"center center","background-size":"auto","background-attachment":"scroll","background-type":"","background-media":"","overlay-type":"","overlay-color":"","overlay-opacity":"","overlay-gradient":""},"mobile":{"background-color":"","background-image":"","background-repeat":"repeat","background-position":"center center","background-size":"auto","background-attachment":"scroll","background-type":"","background-media":"","overlay-type":"","overlay-color":"","overlay-opacity":"","overlay-gradient":""}},"ast-content-background-meta":{"desktop":{"background-color":"var(--ast-global-color-5)","background-image":"","background-repeat":"repeat","background-position":"center center","background-size":"auto","background-attachment":"scroll","background-type":"","background-media":"","overlay-type":"","overlay-color":"","overlay-opacity":"","overlay-gradient":""},"tablet":{"background-color":"var(--ast-global-color-5)","background-image":"","background-repeat":"repeat","background-position":"center center","background-size":"auto","background-attachment":"scroll","background-type":"","background-media":"","overlay-type":"","overlay-color":"","overlay-opacity":"","overlay-gradient":""},"mobile":{"background-color":"var(--ast-global-color-5)","background-image":"","background-repeat":"repeat","background-position":"center center","background-size":"auto","background-attachment":"scroll","background-type":"","background-media":"","overlay-type":"","overlay-color":"","overlay-opacity":"","overlay-gradient":""}},"_joinchat":[]},"product_brand":[],"product_cat":[15,27,51,25,123,30,26,28,31,137,135],"product_tag":[146,155,167,168,165,166,120],"class_list":{"0":"post-2471","1":"product","2":"type-product","3":"status-publish","4":"has-post-thumbnail","6":"product_cat-new-vape-this-week","7":"product_cat-fance-hot-sale-vape","8":"product_cat-fumot-vape","9":"product_cat-germany-best-selling-vape","10":"product_cat-italy-wholesale-vape","11":"product_cat-minimum-order-quantity-50pcs","12":"product_cat-netherlands-hot-sale-vape","13":"product_cat-poland-hot-sale-vape","14":"product_cat-randm-fumot-vape","15":"product_cat-rechargeable-vapes","16":"product_cat-spain-best-hot-sale-vape","17":"product_tag-best-hot-sale-vape","18":"product_tag-digital-display-box","19":"product_tag-disposable-vape-with-screen","20":"product_tag-randm-tornado-25000","21":"product_tag-rechargeable-vapes","22":"product_tag-tornado-vape","23":"product_tag-vape-wholesale","24":"desktop-align-left","25":"tablet-align-left","26":"mobile-align-left","28":"first","29":"instock","30":"sale","31":"shipping-taxable","32":"purchasable","33":"product-type-simple"},"uagb_featured_image_src":{"full":["https:\/\/rmvapesale.com\/wp-content\/uploads\/2024\/10\/Randm-Tornado-Vape-25000-Puffs-Disposable.jpg",800,800,false],"thumbnail":["https:\/\/rmvapesale.com\/wp-content\/uploads\/2024\/10\/Randm-Tornado-Vape-25000-Puffs-Disposable-150x150.jpg",150,150,true],"medium":["https:\/\/rmvapesale.com\/wp-content\/uploads\/2024\/10\/Randm-Tornado-Vape-25000-Puffs-Disposable-300x300.jpg",300,300,true],"medium_large":["https:\/\/rmvapesale.com\/wp-content\/uploads\/2024\/10\/Randm-Tornado-Vape-25000-Puffs-Disposable-768x768.jpg",768,768,true],"large":["https:\/\/rmvapesale.com\/wp-content\/uploads\/2024\/10\/Randm-Tornado-Vape-25000-Puffs-Disposable.jpg",800,800,false],"1536x1536":["https:\/\/rmvapesale.com\/wp-content\/uploads\/2024\/10\/Randm-Tornado-Vape-25000-Puffs-Disposable.jpg",800,800,false],"2048x2048":["https:\/\/rmvapesale.com\/wp-content\/uploads\/2024\/10\/Randm-Tornado-Vape-25000-Puffs-Disposable.jpg",800,800,false],"trp-custom-language-flag":["https:\/\/rmvapesale.com\/wp-content\/uploads\/2024\/10\/Randm-Tornado-Vape-25000-Puffs-Disposable.jpg",12,12,false],"woocommerce_thumbnail":["https:\/\/rmvapesale.com\/wp-content\/uploads\/2024\/10\/Randm-Tornado-Vape-25000-Puffs-Disposable-300x300.jpg",300,300,true],"woocommerce_single":["https:\/\/rmvapesale.com\/wp-content\/uploads\/2024\/10\/Randm-Tornado-Vape-25000-Puffs-Disposable-600x600.jpg",600,600,true],"woocommerce_gallery_thumbnail":["https:\/\/rmvapesale.com\/wp-content\/uploads\/2024\/10\/Randm-Tornado-Vape-25000-Puffs-Disposable-100x100.jpg",100,100,true],"wcpr-photo-reviews":["https:\/\/rmvapesale.com\/wp-content\/uploads\/2024\/10\/Randm-Tornado-Vape-25000-Puffs-Disposable.jpg",500,500,false]},"uagb_author_info":{"display_name":"AMY","author_link":"https:\/\/rmvapesale.com\/hu\/author\/"},"uagb_comment_info":0,"uagb_excerpt":"Buy RandM Tornado 25000 Puffs Disposable Vape Wholesale in bulk Fumot Vape RandM Tornado 25000 Puffs Disposable Price Fumot RandM Tornado 25000 Rechargeable Vapes Low Nicotine 2% WhatsApp: +86 17776015835 &nbsp;","_links":{"self":[{"href":"https:\/\/rmvapesale.com\/hu\/wp-json\/wp\/v2\/product\/2471","targetHints":{"allow":["GET"]}}],"collection":[{"href":"https:\/\/rmvapesale.com\/hu\/wp-json\/wp\/v2\/product"}],"about":[{"href":"https:\/\/rmvapesale.com\/hu\/wp-json\/wp\/v2\/types\/product"}],"replies":[{"embeddable":true,"href":"https:\/\/rmvapesale.com\/hu\/wp-json\/wp\/v2\/comments?post=2471"}],"wp:featuredmedia":[{"embeddable":true,"href":"https:\/\/rmvapesale.com\/hu\/wp-json\/wp\/v2\/media\/2467"}],"wp:attachment":[{"href":"https:\/\/rmvapesale.com\/hu\/wp-json\/wp\/v2\/media?parent=2471"}],"wp:term":[{"taxonomy":"product_brand","embeddable":true,"href":"https:\/\/rmvapesale.com\/hu\/wp-json\/wp\/v2\/product_brand?post=2471"},{"taxonomy":"product_cat","embeddable":true,"href":"https:\/\/rmvapesale.com\/hu\/wp-json\/wp\/v2\/product_cat?post=2471"},{"taxonomy":"product_tag","embeddable":true,"href":"https:\/\/rmvapesale.com\/hu\/wp-json\/wp\/v2\/product_tag?post=2471"}],"curies":[{"name":"wp","href":"https:\/\/api.w.org\/{rel}","templated":true}]}}