{"id":2472,"date":"2024-10-21T03:19:00","date_gmt":"2024-10-21T03:19:00","guid":{"rendered":"https:\/\/rmvapesale.com\/?post_type=product&#038;p=2472"},"modified":"2024-10-21T07:09:46","modified_gmt":"2024-10-21T07:09:46","slug":"fumot-digital-box-12000-disposable-vape-pink-lemonade-flavor","status":"publish","type":"product","link":"https:\/\/rmvapesale.com\/hu\/product\/fumot-digital-box-12000-disposable-vape-pink-lemonade-flavor\/","title":{"rendered":"Fumot Digital Box 12000 eldobhat\u00f3 vape Pink Lemonade \u00edzben"},"content":{"rendered":"<div class=\"B2VR9 CJHX3e\">\n<div class=\"wyccme\">\n<h1 class=\"LC20lb MBeuO DKV0Md\">Fumot Digital Box 12000 eldobhat\u00f3 vape Pink Lemonade \u00edzben<\/h1>\n<div class=\"flex-shrink-0 flex flex-col relative items-end\">\n<div class=\"pt-0\">\n<div class=\"gizmo-bot-avatar flex h-8 w-8 items-center justify-center overflow-hidden rounded-full\">\n<div class=\"relative p-1 rounded-sm flex items-center justify-center bg-token-main-surface-primary text-token-text-primary h-8 w-8\">\n<p>A Pink Lemonade, a Fumot Digital Box 12000 eldobhat\u00f3 vape egyik kedvence, a savanyk\u00e1s citrus \u00e9s az \u00e9des bogy\u00f3s gy\u00fcm\u00f6lcs\u00f6k ellen\u00e1llhatatlan kever\u00e9k\u00e9t k\u00edn\u00e1lja. Ez a citrom \u00e9s bogy\u00f3s gy\u00fcm\u00f6lcs\u00f6k \u00e9l\u00e9nk kever\u00e9ke friss\u00edt\u0151, \u00e9l\u00e9nk \u00edzprofilt hoz l\u00e9tre, amely minden f\u00faj\u00e1st \u00e9lvezetes \u00e9lm\u00e9nny\u00e9 tesz. A citrusf\u00e9l\u00e9k term\u00e9szetes zamata, amelyet finom bogy\u00f3s gy\u00fcm\u00f6lcs\u00f6s al\u00e1fest\u00e9s eg\u00e9sz\u00edt ki, t\u00f6k\u00e9letesen kiegyens\u00falyozott \u00e9s harmonikus vapel\u00e9st biztos\u00edt.<\/p>\n<p>Minden bel\u00e9gz\u00e9ssel az intenz\u00edv \u00edz feler\u0151s\u00f6dik, ropog\u00f3s, friss\u00edt\u0151 ut\u00f3\u00edzt hagyva maga ut\u00e1n, amely a meleg ny\u00e1ri napokra eml\u00e9keztet. A Fumot Vape 12000 sz\u00edv\u00e1s \u00fatt\u00f6r\u0151 technol\u00f3gi\u00e1j\u00e1nak k\u00f6sz\u00f6nhet\u0151en az \u00edz a haszn\u00e1lat sor\u00e1n v\u00e9gig k\u00f6vetkezetes \u00e9s gazdag marad, fokozva a vapel\u00e9si \u00e9lm\u00e9nyt a tiszta \u00e9lvezet pillanat\u00e1\u00e9rt.<\/p>\n<p>A Fumot Digital Randm 12000 eldobhat\u00f3 vape Pink Lemonade ide\u00e1lis v\u00e1laszt\u00e1s azok sz\u00e1m\u00e1ra, akik szeretik a gy\u00fcm\u00f6lcs\u00f6s \u00e9s friss\u00edt\u0151 vapel\u00e9st. Ak\u00e1r egy hossz\u00fa nap ut\u00e1n laz\u00edt, ak\u00e1r friss\u00edt\u0151en szeretn\u00e9 kezdeni a reggelt, ez az \u00edz a gy\u00fcm\u00f6lcs\u00f6ss\u00e9g \u00e9s a frissess\u00e9g t\u00f6k\u00e9letes kever\u00e9k\u00e9t k\u00edn\u00e1lja. Kiv\u00e1l\u00f3 opci\u00f3 azoknak a vapel\u0151knek, akik intenzit\u00e1s vagy el\u00e9gedetts\u00e9g fel\u00e1ldoz\u00e1sa n\u00e9lk\u00fcl szeretn\u00e9nek \u00edzv\u00e1lt\u00e1st.<\/p>\n<p>&nbsp;<\/p>\n<\/div>\n<\/div>\n<\/div>\n<\/div>\n<\/div>\n<\/div>\n<p><strong>L\u00e9pjen kapcsolatba Amyvel, hogy megkapja a helyes v\u00e1laszt \u00e9s a vape kupont!<\/strong><\/p>\n<p><img loading=\"lazy\" decoding=\"async\" class=\"size-full wp-image-1978\" src=\"https:\/\/rmvapesale.com\/wp-content\/uploads\/2024\/09\/Disposable-Vape-Wholesale.jpg\" alt=\"Eldobhat\u00f3 Vape Nagykereskedelem\" width=\"229\" height=\"300\" \/><\/p>\n<h3><a href=\"https:\/\/wa.me\/8617776015835\" target=\"_blank\" rel=\"noopener\"><span style=\"color: #ff0000\"><strong>WhatsApp: +86 17776015835<\/strong><\/span><\/a><\/h3>\n<p>&nbsp;<\/p>\n<h2><\/h2>\n<h2><strong>Fumot 12k eldobhat\u00f3 vape<\/strong><strong>\u00a0<\/strong><strong>F\u0151bb jellemz\u0151k<\/strong><\/h2>\n<p>&nbsp;<\/p>\n<p>M\u00e1rka: TORNADO 25000<br \/>\n\u00cdz: Pink Lemonade<br \/>\nSz\u00edv\u00e1sok sz\u00e1ma: 12000<br \/>\nNikotin: 0\/2\/3\/5%<br \/>\n20 ml E-liquid.<br \/>\n\u00dajrat\u00f6lthet\u0151 akkumul\u00e1tor<br \/>\nBe\u00e9p\u00edtett 850mAh akkumul\u00e1tor.<br \/>\n40 \u00edzben kaphat\u00f3.<br \/>\nKijelz\u0151 az e-liquidhez \u00e9s az akkumul\u00e1torhoz<\/p>\n<h2><\/h2>\n<h2><strong>A legjobb \u00edz a RandM Fumot Digital Box 12000 Vape-hez<\/strong><\/h2>\n<p>A 40 egyedi \u00edz\u00e9vel a Fumot Vape 12000 RandM Tornado a preferenci\u00e1k sz\u00e9les sk\u00e1l\u00e1j\u00e1t szolg\u00e1lja ki, biztos\u00edtva, hogy minden felhaszn\u00e1l\u00f3 megtal\u00e1lja a saj\u00e1t \u00edzl\u00e9s\u00e9nek megfelel\u0151 \u00edzt. A k\u00e9sz\u00fcl\u00e9k kiv\u00e1l\u00f3 min\u0151s\u00e9g\u0171 anyagokb\u00f3l k\u00e9sz\u00fclt, biztos\u00edtva a tart\u00f3ss\u00e1got \u00e9s a kiel\u00e9g\u00edt\u0151 vapel\u00e9si \u00e9lm\u00e9nyt.<\/p>\n<p>1. Cool Mint<br \/>\n2. Watermelon Ice<br \/>\n3. Grape Ice<br \/>\n4. Blueberry Raspberry <span style=\"color: #ff0000\"><strong>&gt;&gt;&gt;&gt; Forr\u00f3!<\/strong><\/span><br \/>\n5. Strawberry Watermelon<br \/>\n6. Eper Ban\u00e1n<br \/>\n7. B\u00e1rsonyos J\u00e9g<br \/>\n8. Cseresznye<br \/>\n9. Epres J\u00e9g<br \/>\n10. J\u00e9gnyal\u00f3ka<br \/>\n11. Pink limon\u00e1d\u00e9 <span style=\"color: #ff0000\"><strong>&gt;&gt;&gt;&gt; A legjobb!<\/strong><\/span><br \/>\n12. Mang\u00f3 J\u00e9g<br \/>\n13. Vegyes Bogy\u00f3s Gy\u00fcm\u00f6lcs\u00f6k <span style=\"color: #ff0000\"><strong>&gt;&gt;&gt;&gt; Forr\u00f3!<\/strong><\/span><br \/>\n14. Epres F\u00e1nk<br \/>\n15. Eper Sz\u0151l\u0151<br \/>\n16. Meggyes k\u00f3la<br \/>\n17. Dr. K\u00e9k<br \/>\n18. \u00c1fonya J\u00e9g<br \/>\n19. Kivi maracuja guava<br \/>\n20. Eper kivi<br \/>\n21. Barack mang\u00f3<br \/>\n22. Barackos j\u00e9g <span style=\"color: #ff0000\"><strong>&gt;&gt;&gt;&gt; Forr\u00f3!<\/strong><\/span><br \/>\n23. Piros alma j\u00e9g<br \/>\n24. \u00c1fony\u00e1s r\u00e1g\u00f3gumi<br \/>\n25. Bogy\u00f3s limon\u00e1d\u00e9<br \/>\n26. K\u00e9k m\u00e1ln\u00e1s limon\u00e1d\u00e9<br \/>\n27. K\u00e9k savany\u00fa m\u00e1lna<br \/>\n28. Epres Red bull<br \/>\n29. Alm\u00e1s bogy\u00f3s robban\u00e1s<br \/>\n30. G\u00f6r\u00f6gdinny\u00e9s r\u00e1g\u00f3gumi<br \/>\n31. M\u00e1linya g\u00f6r\u00f6gdinnye<br \/>\n32. Fekete j\u00e9g<br \/>\n33. \u00c1fonya cseresznye t\u0151zeg\u00e1fonya<br \/>\n34. Epergr\u00e1n\u00e1t (gr\u00e1n\u00e1talma)<br \/>\n35. Vimto <span style=\"color: #ff0000\"><strong>&gt;&gt;&gt;&gt; Forr\u00f3!<\/strong><\/span><br \/>\n36. Cseresznye bogy\u00f3 <span style=\"color: #ff0000\"><strong>&gt;&gt;&gt;&gt; Forr\u00f3!<\/strong><\/span><br \/>\n37. Citrom<br \/>\n38. Bing\u00f3 \u00d6sszet\u00f6r<br \/>\n39. \u00c1fonya kivi<br \/>\n40. Alma fah\u00e9j<\/p>\n<figure id=\"attachment_2481\" aria-describedby=\"caption-attachment-2481\" style=\"width: 600px\" class=\"wp-caption alignnone\"><img loading=\"lazy\" decoding=\"async\" class=\"wp-image-2481 size-full\" src=\"https:\/\/rmvapesale.com\/wp-content\/uploads\/2024\/10\/Fumot-Vape-12000-Puffs-RandM-Flavor.jpg\" alt=\"Fumot Vape 12000 Puffs RandM \u00cdz\" width=\"600\" height=\"600\" srcset=\"https:\/\/rmvapesale.com\/wp-content\/uploads\/2024\/10\/Fumot-Vape-12000-Puffs-RandM-Flavor.jpg 600w, https:\/\/rmvapesale.com\/wp-content\/uploads\/2024\/10\/Fumot-Vape-12000-Puffs-RandM-Flavor-300x300.jpg 300w, https:\/\/rmvapesale.com\/wp-content\/uploads\/2024\/10\/Fumot-Vape-12000-Puffs-RandM-Flavor-150x150.jpg 150w, https:\/\/rmvapesale.com\/wp-content\/uploads\/2024\/10\/Fumot-Vape-12000-Puffs-RandM-Flavor-100x100.jpg 100w\" sizes=\"auto, (max-width: 600px) 100vw, 600px\" \/><figcaption id=\"caption-attachment-2481\" class=\"wp-caption-text\">Fumot Vape 12000 Puffs RandM \u00cdz<\/figcaption><\/figure>\n<h3><strong>Mi\u00e9rt v\u00e1lassza a Rmvapesale-t a Randm Vape 12000 Puffs-hoz?<\/strong><strong>?<\/strong><\/h3>\n<div class=\"flex-shrink-0 flex flex-col relative items-end\">\n<div class=\"pt-0\">\n<div class=\"gizmo-bot-avatar flex h-8 w-8 items-center justify-center overflow-hidden rounded-full\">\n<div class=\"relative p-1 rounded-sm flex items-center justify-center bg-token-main-surface-primary text-token-text-primary h-8 w-8\">\n<p>&nbsp;<\/p>\n<p>Ha az Rmvapesale-t v\u00e1lasztja az eldobhat\u00f3 vape-ek nagykereskedelm\u00e9hez, a k\u00f6vetkez\u0151 el\u0151ny\u00f6kben r\u00e9szes\u00fcl:<\/p>\n<ul>\n<li><strong>Versenyk\u00e9pes \u00e1rak<\/strong>: Hozz\u00e1f\u00e9rhet vonz\u00f3 nagykereskedelmi \u00e1rakhoz, amelyek n\u00f6velik az \u00fczleti marzsokat.<\/li>\n<li><strong>Magas min\u0151s\u00e9g<\/strong>: Vape-jeink a legmagasabb sz\u00ednvonalon k\u00e9sz\u00fclnek, \u00e9s <span style=\"color: #ff0000\"><strong>garant\u00e1ltan 100% eredetiek \u00e9s hitelesek, hamis \u00e1ru eset\u00e9n 10-szeres k\u00e1rt\u00e9r\u00edt\u00e9st biztos\u00edtunk!<\/strong><\/span><\/li>\n<li><strong>Kiv\u00e1l\u00f3 \u00dcgyf\u00e9lszolg\u00e1lat<\/strong>: Elk\u00f6telezett csapatunk mindig k\u00e9szen \u00e1ll, hogy seg\u00edtsen \u00d6nnek, z\u00f6kken\u0151mentess\u00e9 \u00e9s probl\u00e9mamentess\u00e9 t\u00e9ve a v\u00e1s\u00e1rl\u00e1si folyamatot.<\/li>\n<li><strong>Gyors Sz\u00e1ll\u00edt\u00e1s<\/strong>: Sz\u00e1m\u00edtson gyors \u00e9s megb\u00edzhat\u00f3 sz\u00e1ll\u00edt\u00e1sra, ami biztos\u00edtja, hogy rendel\u00e9sei mindig id\u0151ben meg\u00e9rkezzenek.<\/li>\n<\/ul>\n<\/div>\n<h3><\/h3>\n<div class=\"relative p-1 rounded-sm flex items-center justify-center bg-token-main-surface-primary text-token-text-primary h-8 w-8\">\n<h3><b>GYIK<\/b><\/h3>\n<p>&nbsp;<\/p>\n<ul>\n<li><strong>Hogyan v\u00e1lasszam ki a megfelel\u0151 eldobhat\u00f3 vape-et?<\/strong><br \/>\nA legjobb eldobhat\u00f3 vape kiv\u00e1laszt\u00e1sa a preferenci\u00e1it\u00f3l f\u00fcgg. Ha egy hosszan tart\u00f3 eszk\u00f6zt szeretne, v\u00e1lasszon olyan modelleket, mint a RandM Tornado 25000 Puffs, amelyek t\u00f6bb ezer slukkot k\u00edn\u00e1lnak. Az \u00edzrajong\u00f3k sz\u00e1m\u00e1ra az olyan m\u00e1rk\u00e1k, mint a Bang vapes vagy a Waspe vape, gy\u00fcm\u00f6lcs\u00f6s \u00e9s desszert \u00edzek sz\u00e9les v\u00e1laszt\u00e9k\u00e1t k\u00edn\u00e1lj\u00e1k. A l\u00e9nyeg, hogy azt helyezze el\u0151t\u00e9rbe, ami a legfontosabb az \u00d6n sz\u00e1m\u00e1ra: az akkumul\u00e1tor \u00e9lettartama, az \u00edzek v\u00e1ltozatoss\u00e1ga vagy a hordozhat\u00f3s\u00e1g.<\/li>\n<li><strong>Melyik eldobhat\u00f3 vape k\u00edn\u00e1lja a legjobb \u00edzt?<\/strong><br \/>\nA kiv\u00e9teles \u00edz \u00e9rdek\u00e9ben a Fumot RandM vape 25000 a legjobb versenyz\u0151, amely l\u00e1gy slukkokat \u00e9s hosszan tart\u00f3 \u00edzt biztos\u00edt, k\u00fcl\u00f6n\u00f6sen a gy\u00fcm\u00f6lcs\u00f6s opci\u00f3kban, mint a Cseresznye Bomb Candy, Dupla Alma, PINK LIMONADE, stb.<\/li>\n<li><strong>Honnan tudhatja, hogy a vape-je \u00fcres?\u00a0<\/strong><br \/>\nAkkor veszed \u00e9szre, hogy az eldobhat\u00f3 vape-d lemer\u00fcl\u0151ben van, ha az \u00edz gyeng\u00fcl, vagy a g\u0151ztermel\u00e9s cs\u00f6kken. N\u00e9h\u00e1ny \u00fajabb, kijelz\u0151vel ell\u00e1tott eldobhat\u00f3 vape, mint p\u00e9ld\u00e1ul a RandM Vape 12000, a RandM Tornado 15000, a Waspe 30000 Puffs, jelezni fogja ezt a k\u00e9perny\u0151n.<\/li>\n<li><strong>Mennyi id\u0151be telik felt\u00f6lteni egy Randm Tornado-t?<\/strong><br \/>\nA legt\u00f6bb e-cigaretta akkumul\u00e1tor\u00e1nak teljes felt\u00f6lt\u00e9se \u00e1ltal\u00e1ban 3-4 \u00f3r\u00e1t vesz ig\u00e9nybe, az akkumul\u00e1tor m\u00e9ret\u00e9t\u0151l f\u00fcgg\u0151en. A legjobb, ha megv\u00e1rod, am\u00edg az akkumul\u00e1tor teljesen lemer\u00fcl, miel\u0151tt \u00fajrat\u00f6lt\u00f6d. Mivel azonban minden eszk\u00f6z egyedi, mindig n\u00e9zd meg a term\u00e9k k\u00e9zik\u00f6nyv\u00e9t a speci\u00e1lis t\u00f6lt\u00e9si ir\u00e1nyelvek \u00e9s jelz\u00e9sek miatt, hogy biztos\u00edtsd az optim\u00e1lis teljes\u00edtm\u00e9nyt.<\/li>\n<\/ul>\n<\/div>\n<\/div>\n<\/div>\n<\/div>\n<div class=\"group\/conversation-turn relative flex w-full min-w-0 flex-col agent-turn\">\n<div class=\"flex-col gap-1 md:gap-3\">\n<div class=\"flex max-w-full flex-col flex-grow\">\n<div class=\"min-h-8 text-message flex w-full flex-col items-end gap-2 whitespace-normal break-words [.text-message+&amp;]:mt-5\" dir=\"auto\" data-message-author-role=\"assistant\" data-message-id=\"f226d3fc-81f3-46d5-8c46-31787fff0357\">\n<div class=\"flex w-full flex-col gap-1 empty:hidden first:pt-[3px]\">\n<div class=\"markdown prose w-full break-words dark:prose-invert light\">\n<div class=\"group\/conversation-turn relative flex w-full min-w-0 flex-col agent-turn\">\n<div class=\"flex-col gap-1 md:gap-3\">\n<div class=\"flex max-w-full flex-col flex-grow\">\n<div class=\"min-h-8 text-message flex w-full flex-col items-end gap-2 whitespace-normal break-words [.text-message+&amp;]:mt-5\" dir=\"auto\" data-message-author-role=\"assistant\" data-message-id=\"91d2b73b-9149-4888-a964-4b8464e0e6e3\" data-message-model-slug=\"gpt-4o\">\n<div class=\"flex w-full flex-col gap-1 empty:hidden first:pt-[3px]\">\n<div class=\"markdown prose w-full break-words dark:prose-invert light\">\n<p>&nbsp;<\/p>\n<\/div>\n<\/div>\n<\/div>\n<\/div>\n<\/div>\n<\/div>\n<\/div>\n<\/div>\n<\/div>\n<\/div>\n<\/div>\n<\/div>\n<h3>A Sz\u00e1ll\u00edt\u00e1sr\u00f3l<\/h3>\n<div class=\"flex-shrink-0 flex flex-col relative items-end\">\n<div>\n<div class=\"pt-0\">\n<div class=\"gizmo-bot-avatar flex h-8 w-8 items-center justify-center overflow-hidden rounded-full\">\n<div><\/div>\n<div class=\"relative p-1 rounded-sm flex items-center justify-center bg-token-main-surface-primary text-token-text-primary h-8 w-8\"><strong>1. Milyen sz\u00e1ll\u00edt\u00e1si m\u00f3dokat haszn\u00e1lnak?<\/strong><\/div>\n<\/div>\n<\/div>\n<\/div>\n<\/div>\n<div class=\"group\/conversation-turn relative flex w-full min-w-0 flex-col agent-turn\">\n<div class=\"flex-col gap-1 md:gap-3\">\n<div class=\"flex max-w-full flex-col flex-grow\">\n<div class=\"min-h-[20px] text-message flex w-full flex-col items-end gap-2 whitespace-normal break-words [.text-message+&amp;]:mt-5 overflow-x-auto\" dir=\"auto\" data-message-author-role=\"assistant\" data-message-id=\"22f8283b-3233-46ff-89a5-c7a41b33abda\">\n<div class=\"flex w-full flex-col gap-1 empty:hidden first:pt-[3px]\">\n<div class=\"markdown prose w-full break-words dark:prose-invert light\">\n<p>Partnerei vagyunk a UPS, DHL, FedEx, DPD \u00e9s m\u00e1s vezet\u0151 fuvaroz\u00f3knak. A legjobb sz\u00e1ll\u00edt\u00e1si m\u00f3dot fogjuk kiv\u00e1lasztani a sz\u00e1ll\u00edt\u00e1si helysz\u00edne alapj\u00e1n, hogy a lehet\u0151 leggyorsabban megkapja a term\u00e9keit.<\/p>\n<\/div>\n<p><strong>2. Mennyi id\u0151 alatt \u00e9rkezik meg?<\/strong><\/p>\n<p>A csomagok \u00e1ltal\u00e1ban 10 munkanapon bel\u00fcl meg\u00e9rkeznek Magyarorsz\u00e1gra. Az eur\u00f3pai orsz\u00e1gokba t\u00f6rt\u00e9n\u0151 sz\u00e1ll\u00edt\u00e1s \u00e1ltal\u00e1ban 12-15 munkanapot vesz ig\u00e9nybe. Folyamatosan t\u00e1j\u00e9koztatjuk a sz\u00e1ll\u00edt\u00e1si st\u00e1tuszr\u00f3l.<\/p>\n<\/div>\n<\/div>\n<\/div>\n<\/div>\n<\/div>\n<p>&nbsp;<\/p>\n<p>Tov\u00e1bbi n\u00e9pszer\u0171 vape term\u00e9kek, amik tetszhetnek:<\/p>\n<p><a href=\"https:\/\/rmvapesale.com\/hu\/product\/randm-tornado-15000-puffs-15k-vape-recharge-fumot-original-vape-factory-price\/\"><strong>Randm Vape 15000 slukk\u00a0 \u00a0<span style=\"color: #ff0000\">&gt;&gt;&gt;&gt; ide!<\/span><\/strong><\/a><\/p>\n<p><strong><a href=\"https:\/\/rmvapesale.com\/hu\/product\/faivono-bang-maxi-15000-puffs-disposable-vape-bulk-wholesale\/\">AIVONO Aim Bang Maxi 15000 Puffs <span style=\"color: #ff0000\">&gt;&gt;&gt;&gt; ide!<\/span><\/a>\u00a0<\/strong><\/p>\n<p><a href=\"https:\/\/rmvapesale.com\/hu\/product\/randm-tornado-25000-puffs-disposable-vape-wholesale\/\"><strong>Fumot Vape RandM Tornado 25000 Puffs <span style=\"color: #ff0000\">&gt;&gt;&gt;&gt; ide!<\/span><\/strong><\/a><\/p>\n<p>&nbsp;<\/p>\n<p>&nbsp;<\/p>\n<p>Tal\u00e1lja meg a tov\u00e1bbi vape term\u00e9keket, amelyek tetszhetnek \u00d6nnek:<strong><em><a href=\"https:\/\/rmvapesale.com\/hu\/shop-2\/\">V\u00e1s\u00e1roljon most &gt;&gt;&gt;<\/a><\/em><\/strong><\/p>","protected":false},"excerpt":{"rendered":"<p>Fumot Vape RandM Digital Box 12000 Pink Lemonade olcs\u00f3 \u00e1r<br \/>\nRandM Digital Box 12000 slukk \u00fajrat\u00f6lthet\u0151 vape t\u00f6meges v\u00e1s\u00e1rl\u00e1s<br \/>\nRandM Vape 12000 slukk okos kijelz\u0151vel nagykereskedelem<\/p>\n<p><img loading=\"lazy\" decoding=\"async\" class=\"size-full wp-image-2375\" src=\"https:\/\/rmvapesale.com\/wp-content\/uploads\/2024\/10\/image.png\" alt=\"Legjobb Eldobhat\u00f3 Vape\" width=\"229\" height=\"300\" \/><\/p>\n<h3><a href=\"https:\/\/wa.me\/8617776015835\"><span style=\"color: #ff0000\"><strong>WhatsApp: +86 17776015835<\/strong><\/span><\/a><\/h3>\n<p>&nbsp;<\/p>","protected":false},"featured_media":2486,"comment_status":"open","ping_status":"closed","template":"","meta":{"_uag_custom_page_level_css":"","_lmt_disableupdate":"no","_lmt_disable":"","site-sidebar-layout":"default","site-content-layout":"content-boxed-container","ast-site-content-layout":"normal-width-container","site-content-style":"boxed","site-sidebar-style":"unboxed","ast-global-header-display":"","ast-banner-title-visibility":"","ast-main-header-display":"","ast-hfb-above-header-display":"","ast-hfb-below-header-display":"","ast-hfb-mobile-header-display":"","site-post-title":"","ast-breadcrumbs-content":"","ast-featured-img":"","footer-sml-layout":"","ast-disable-related-posts":"","theme-transparent-header-meta":"default","adv-header-id-meta":"","stick-header-meta":"","header-above-stick-meta":"","header-main-stick-meta":"","header-below-stick-meta":"","astra-migrate-meta-layouts":"set","ast-page-background-enabled":"default","ast-page-background-meta":{"desktop":{"background-color":"var(--ast-global-color-4)","background-image":"","background-repeat":"repeat","background-position":"center center","background-size":"auto","background-attachment":"scroll","background-type":"","background-media":"","overlay-type":"","overlay-color":"","overlay-opacity":"","overlay-gradient":""},"tablet":{"background-color":"","background-image":"","background-repeat":"repeat","background-position":"center center","background-size":"auto","background-attachment":"scroll","background-type":"","background-media":"","overlay-type":"","overlay-color":"","overlay-opacity":"","overlay-gradient":""},"mobile":{"background-color":"","background-image":"","background-repeat":"repeat","background-position":"center center","background-size":"auto","background-attachment":"scroll","background-type":"","background-media":"","overlay-type":"","overlay-color":"","overlay-opacity":"","overlay-gradient":""}},"ast-content-background-meta":{"desktop":{"background-color":"var(--ast-global-color-5)","background-image":"","background-repeat":"repeat","background-position":"center center","background-size":"auto","background-attachment":"scroll","background-type":"","background-media":"","overlay-type":"","overlay-color":"","overlay-opacity":"","overlay-gradient":""},"tablet":{"background-color":"var(--ast-global-color-5)","background-image":"","background-repeat":"repeat","background-position":"center center","background-size":"auto","background-attachment":"scroll","background-type":"","background-media":"","overlay-type":"","overlay-color":"","overlay-opacity":"","overlay-gradient":""},"mobile":{"background-color":"var(--ast-global-color-5)","background-image":"","background-repeat":"repeat","background-position":"center center","background-size":"auto","background-attachment":"scroll","background-type":"","background-media":"","overlay-type":"","overlay-color":"","overlay-opacity":"","overlay-gradient":""}},"_joinchat":[]},"product_brand":[],"product_cat":[15,27,51,25,123,30,26,28,31,137,136,135],"product_tag":[169,155,167,170,165,166,120],"class_list":{"0":"post-2472","1":"product","2":"type-product","3":"status-publish","4":"has-post-thumbnail","6":"product_cat-new-vape-this-week","7":"product_cat-fance-hot-sale-vape","8":"product_cat-fumot-vape","9":"product_cat-germany-best-selling-vape","10":"product_cat-italy-wholesale-vape","11":"product_cat-minimum-order-quantity-50pcs","12":"product_cat-netherlands-hot-sale-vape","13":"product_cat-poland-hot-sale-vape","14":"product_cat-randm-fumot-vape","15":"product_cat-rechargeable-vapes","16":"product_cat-smart-screen-vapes","17":"product_cat-spain-best-hot-sale-vape","18":"product_tag-best-disposable-vape-2024","19":"product_tag-digital-display-box","20":"product_tag-disposable-vape-with-screen","21":"product_tag-randm-12000-puff","22":"product_tag-rechargeable-vapes","23":"product_tag-tornado-vape","24":"product_tag-vape-wholesale","25":"desktop-align-left","26":"tablet-align-left","27":"mobile-align-left","29":"first","30":"instock","31":"sale","32":"shipping-taxable","33":"purchasable","34":"product-type-simple"},"uagb_featured_image_src":{"full":["https:\/\/rmvapesale.com\/wp-content\/uploads\/2024\/10\/RandM-Tornado-Digital-12000-Pink-Lemonade.jpg",606,606,false],"thumbnail":["https:\/\/rmvapesale.com\/wp-content\/uploads\/2024\/10\/RandM-Tornado-Digital-12000-Pink-Lemonade-150x150.jpg",150,150,true],"medium":["https:\/\/rmvapesale.com\/wp-content\/uploads\/2024\/10\/RandM-Tornado-Digital-12000-Pink-Lemonade-300x300.jpg",300,300,true],"medium_large":["https:\/\/rmvapesale.com\/wp-content\/uploads\/2024\/10\/RandM-Tornado-Digital-12000-Pink-Lemonade.jpg",606,606,false],"large":["https:\/\/rmvapesale.com\/wp-content\/uploads\/2024\/10\/RandM-Tornado-Digital-12000-Pink-Lemonade.jpg",606,606,false],"1536x1536":["https:\/\/rmvapesale.com\/wp-content\/uploads\/2024\/10\/RandM-Tornado-Digital-12000-Pink-Lemonade.jpg",606,606,false],"2048x2048":["https:\/\/rmvapesale.com\/wp-content\/uploads\/2024\/10\/RandM-Tornado-Digital-12000-Pink-Lemonade.jpg",606,606,false],"trp-custom-language-flag":["https:\/\/rmvapesale.com\/wp-content\/uploads\/2024\/10\/RandM-Tornado-Digital-12000-Pink-Lemonade.jpg",12,12,false],"woocommerce_thumbnail":["https:\/\/rmvapesale.com\/wp-content\/uploads\/2024\/10\/RandM-Tornado-Digital-12000-Pink-Lemonade-300x300.jpg",300,300,true],"woocommerce_single":["https:\/\/rmvapesale.com\/wp-content\/uploads\/2024\/10\/RandM-Tornado-Digital-12000-Pink-Lemonade-600x600.jpg",600,600,true],"woocommerce_gallery_thumbnail":["https:\/\/rmvapesale.com\/wp-content\/uploads\/2024\/10\/RandM-Tornado-Digital-12000-Pink-Lemonade-100x100.jpg",100,100,true],"wcpr-photo-reviews":["https:\/\/rmvapesale.com\/wp-content\/uploads\/2024\/10\/RandM-Tornado-Digital-12000-Pink-Lemonade.jpg",500,500,false]},"uagb_author_info":{"display_name":"AMY","author_link":"https:\/\/rmvapesale.com\/hu\/author\/"},"uagb_comment_info":0,"uagb_excerpt":"Fumot Vape RandM Digital Box 12000 Pink Lemonade Cheap Price RandM Digital Box 12000 Puffs rechargeable vapes Bulk Buy RandM Vape 12000 Puffs with Smart Screen Wholesale WhatsApp: +86 17776015835 &nbsp;","_links":{"self":[{"href":"https:\/\/rmvapesale.com\/hu\/wp-json\/wp\/v2\/product\/2472","targetHints":{"allow":["GET"]}}],"collection":[{"href":"https:\/\/rmvapesale.com\/hu\/wp-json\/wp\/v2\/product"}],"about":[{"href":"https:\/\/rmvapesale.com\/hu\/wp-json\/wp\/v2\/types\/product"}],"replies":[{"embeddable":true,"href":"https:\/\/rmvapesale.com\/hu\/wp-json\/wp\/v2\/comments?post=2472"}],"wp:featuredmedia":[{"embeddable":true,"href":"https:\/\/rmvapesale.com\/hu\/wp-json\/wp\/v2\/media\/2486"}],"wp:attachment":[{"href":"https:\/\/rmvapesale.com\/hu\/wp-json\/wp\/v2\/media?parent=2472"}],"wp:term":[{"taxonomy":"product_brand","embeddable":true,"href":"https:\/\/rmvapesale.com\/hu\/wp-json\/wp\/v2\/product_brand?post=2472"},{"taxonomy":"product_cat","embeddable":true,"href":"https:\/\/rmvapesale.com\/hu\/wp-json\/wp\/v2\/product_cat?post=2472"},{"taxonomy":"product_tag","embeddable":true,"href":"https:\/\/rmvapesale.com\/hu\/wp-json\/wp\/v2\/product_tag?post=2472"}],"curies":[{"name":"wp","href":"https:\/\/api.w.org\/{rel}","templated":true}]}}