{"id":2518,"date":"2024-10-23T02:32:46","date_gmt":"2024-10-23T02:32:46","guid":{"rendered":"https:\/\/rmvapesale.com\/?post_type=product&#038;p=2518"},"modified":"2024-10-23T03:34:28","modified_gmt":"2024-10-23T03:34:28","slug":"aivono-22000-rechargeable-vapes-with-display-screen","status":"publish","type":"product","link":"https:\/\/rmvapesale.com\/hu\/product\/aivono-22000-rechargeable-vapes-with-display-screen\/","title":{"rendered":"Aivono 22000 \u00dajrat\u00f6lthet\u0151 Vape-ek kijelz\u0151vel"},"content":{"rendered":"<div class=\"B2VR9 CJHX3e\">\n<div class=\"wyccme\">\n<div class=\"flex-shrink-0 flex flex-col relative items-end\">\n<div>\n<h1 class=\"pt-0\">Aivono Fatpro 22000 Puffs t\u00f6lthet\u0151 eldobhat\u00f3 vape k\u00e9sz\u00fcl\u00e9k kijelz\u0151vel<\/h1>\n<\/div>\n<\/div>\n<div class=\"flex-shrink-0 flex flex-col relative items-end\">\n<div class=\"pt-0\">\n<div class=\"gizmo-bot-avatar flex h-8 w-8 items-center justify-center overflow-hidden rounded-full\">\n<div class=\"relative p-1 rounded-sm flex items-center justify-center bg-token-main-surface-primary text-token-text-primary h-8 w-8\">\n<p>A <strong>Aivono 22000<\/strong> egy korszer\u0171 <strong>t\u00f6lthet\u0151 vape k\u00e9sz\u00fcl\u00e9k kijelz\u0151vel<\/strong> amely leny\u0171g\u00f6z\u0151 <strong>22 000 slukkot<\/strong>, ez\u00e1ltal az egyik <strong>legn\u00e9pszer\u0171bb vape<\/strong> a piacon a hosszan tart\u00f3 haszn\u00e1latra. A <strong>28 ml e-liquid kapacit\u00e1sa<\/strong> megszak\u00edt\u00e1s n\u00e9lk\u00fcli g\u0151z\u00f6l\u00e9si \u00e9lm\u00e9nyt biztos\u00edt, ami t\u00f6k\u00e9letes mind a laza haszn\u00e1l\u00f3knak, mind a rajong\u00f3knak. Ez a k\u00e9sz\u00fcl\u00e9k lehet\u0151v\u00e9 teszi a felhaszn\u00e1l\u00f3k sz\u00e1m\u00e1ra, hogy v\u00e1lasszanak <strong>0%, 2%, 3% \u00e9s 5% nikotinkoncentr\u00e1ci\u00f3k k\u00f6z\u00fcl<\/strong>, megfelelve azoknak, akik <strong>alacsony nikotintartalm\u00fa eldobhat\u00f3 vape<\/strong> vagy magasabb er\u0151ss\u00e9g\u0171 opci\u00f3kat<\/p>\n<p>Egy <strong>650mAh \u00fajrat\u00f6lthet\u0151 akkumul\u00e1torral<\/strong>, az Aivono 22000 kiv\u00e1l\u00f3 teljes\u00edtm\u00e9nyt garant\u00e1l, \u00e9s rendelkezik <strong>Type-C gyorst\u00f6lt\u00e9ssel<\/strong>, biztos\u00edtva, hogy gyorsan \u00fajrat\u00f6lthesse \u00e9s \u00e9lvezhesse a vape-ot. A <strong>0.6 mesh coil technol\u00f3gia<\/strong> jav\u00edtja az \u00edz\u00e1tad\u00e1st \u00e9s a g\u0151ztermel\u00e9st, \u00edgy a felhaszn\u00e1l\u00f3k k\u00f6vetkezetesen gazdag \u00e9s kiel\u00e9g\u00edt\u0151 \u00e9lm\u00e9nyt kapnak. Ezenk\u00edv\u00fcl a k\u00e9sz\u00fcl\u00e9k <strong>\u00e1ll\u00edthat\u00f3 l\u00e9g\u00e1raml\u00e1sa<\/strong> lehet\u0151v\u00e9 teszi a g\u0151z\u00f6l\u0151k sz\u00e1m\u00e1ra, hogy testre szabj\u00e1k a sz\u00edv\u00e1st, ak\u00e1r a szoros, koncentr\u00e1lt f\u00faj\u00e1st, ak\u00e1r a laz\u00e1bb, l\u00e9giesebb bel\u00e9gz\u00e9st r\u00e9szes\u00edtik el\u0151nyben.<\/p>\n<p>Ez <strong>az eldobhat\u00f3 vape k\u00e9perny\u0151vel<\/strong> val\u00f3s idej\u0171 inform\u00e1ci\u00f3t ny\u00fajt az e-liquid szintr\u0151l \u00e9s az akkumul\u00e1tor \u00e9lettartam\u00e1r\u00f3l, ami praktikuss\u00e1 \u00e9s k\u00e9nyelmess\u00e9 teszi. Ak\u00e1r <strong>vape-et szeretne v\u00e1s\u00e1rolni<\/strong> szem\u00e9lyes haszn\u00e1latra, ak\u00e1r <strong>nagy t\u00e9telben eldobhat\u00f3 vape-et<\/strong> nagykereskedelemhez, az <strong>Aivono Fatpro 22000<\/strong> kiemelked\u0151 v\u00e1laszt\u00e1s.<\/p>\n<p>Ide\u00e1lis azok sz\u00e1m\u00e1ra, akik <strong>eldobhat\u00f3 vape m\u00e1rk\u00e1k<\/strong> priorit\u00e1sk\u00e9nt kezelik a min\u0151s\u00e9get \u00e9s a k\u00e9nyelmet. Az <strong>Aivono Fatpro \u00fajrat\u00f6lthet\u0151 vape<\/strong> megv\u00e1s\u00e1rolhat\u00f3 online, megb\u00edzhat\u00f3 \u00e9s nagy teljes\u00edtm\u00e9ny\u0171 <strong>22000 slukkolhat\u00f3 vape<\/strong> megold\u00e1st k\u00edn\u00e1lva.<\/p>\n<p>&nbsp;<\/p>\n<\/div>\n<\/div>\n<\/div>\n<\/div>\n<\/div>\n<\/div>\n<p><strong>L\u00e9pjen kapcsolatba Amyvel, hogy megkapja a helyes v\u00e1laszt \u00e9s a vape kupont!<\/strong><\/p>\n<p><img loading=\"lazy\" decoding=\"async\" class=\"size-full wp-image-1978\" src=\"https:\/\/rmvapesale.com\/wp-content\/uploads\/2024\/09\/Disposable-Vape-Wholesale.jpg\" alt=\"Eldobhat\u00f3 Vape Nagykereskedelem\" width=\"229\" height=\"300\" \/><\/p>\n<h3><a href=\"https:\/\/wa.me\/8617776015835\" target=\"_blank\" rel=\"noopener\"><span style=\"color: #ff0000\"><strong>WhatsApp: +86 17776015835<\/strong><\/span><\/a><\/h3>\n<p>&nbsp;<\/p>\n<h2><\/h2>\n<h2><strong>Aivono 22000 \u00fajrat\u00f6lthet\u0151 vape <\/strong><strong>F\u0151bb jellemz\u0151k<\/strong><\/h2>\n<div class=\"flex-shrink-0 flex flex-col relative items-end\">\n<div>\n<div class=\"pt-0\">\n<div class=\"gizmo-bot-avatar flex h-8 w-8 items-center justify-center overflow-hidden rounded-full\">\n<div class=\"relative p-1 rounded-sm flex items-center justify-center bg-token-main-surface-primary text-token-text-primary h-8 w-8\"><\/div>\n<\/div>\n<\/div>\n<\/div>\n<\/div>\n<div class=\"group\/conversation-turn relative flex w-full min-w-0 flex-col agent-turn\">\n<div class=\"flex-col gap-1 md:gap-3\">\n<div class=\"flex max-w-full flex-col flex-grow\">\n<div class=\"min-h-8 text-message flex w-full flex-col items-end gap-2 whitespace-normal break-words [.text-message+&amp;]:mt-5\" dir=\"auto\" data-message-author-role=\"assistant\" data-message-id=\"0d28757f-3029-419a-97bc-5c073d54a71e\" data-message-model-slug=\"gpt-4o\">\n<div class=\"flex w-full flex-col gap-1 empty:hidden first:pt-[3px]\">\n<div class=\"result-streaming markdown prose w-full break-words dark:prose-invert light\">\n<p>M\u00e1rka: AIVONO Vape<br \/>\nNikotin:0% 2% 3% 5%<br \/>\nSlukk:22000<br \/>\nKapacit\u00e1s:28ml<br \/>\n10 \u00edz kaphat\u00f3<br \/>\n600mah \u00dajrat\u00f6lthet\u0151 akkumul\u00e1tor<br \/>\nLuxus B\u0151r Kiad\u00e1s<br \/>\nKett\u0151s \u00fczemm\u00f3d: Eco\/Boost<\/p>\n<p>\u2611 Funkci\u00f3:<br \/>\n1. E-liquid kijelz\u0151<br \/>\n2.Akkumul\u00e1tor kijelz\u0151<br \/>\n3.Hookah \u00cdz<br \/>\n4.\u00c1ll\u00edthat\u00f3 l\u00e9g\u00e1raml\u00e1s<\/p>\n<\/div>\n<\/div>\n<\/div>\n<\/div>\n<\/div>\n<\/div>\n<h2><\/h2>\n<h2><strong>Legjobb \u00edz Aivono 22000 \u00fajrat\u00f6lthet\u0151 vape-hez<\/strong><strong>\u00a0<\/strong><\/h2>\n<p>T\u00edz k\u00fcl\u00f6nb\u00f6z\u0151 \u00edzzel, k\u00f6zt\u00fck a Dupla alma, a Sz\u0151l\u0151s menta \u00e9s a Lush Ice, az Aivono Aim Fatpro 22000 vape v\u00e1ltozatos lehet\u0151s\u00e9geket k\u00edn\u00e1l a k\u00fcl\u00f6nb\u00f6z\u0151 \u00edzl\u00e9sekhez. A nagy kapacit\u00e1s, a testre szabhat\u00f3 nikotinszintek \u00e9s az \u00edzletes opci\u00f3k kombin\u00e1ci\u00f3ja kiemelked\u0151 v\u00e1laszt\u00e1ss\u00e1 teszi az Aivono Aim Fatpro-t mindazok sz\u00e1m\u00e1ra, akik szeretn\u00e9k emelni a g\u0151z\u00f6l\u00e9si \u00e9lm\u00e9ny\u00fcket.<\/p>\n<p>1.Dupla alma <span style=\"color: #ff0000\"><strong>&gt;&gt;&gt;&gt; Forr\u00f3!<\/strong><\/span><br \/>\n2.Sz\u0151l\u0151s menta<br \/>\n3.Lush Ice<br \/>\n4.Cseresznye m\u00e1lna <span style=\"color: #ff0000\"><strong>&gt;&gt;&gt;&gt; A legjobb!<\/strong><\/span><br \/>\n5.\u0150szibarack j\u00e9g<br \/>\n6.Love 66<span style=\"color: #ff0000\"><strong>&gt;&gt;&gt;&gt; Forr\u00f3!<\/strong><\/span><br \/>\n7.Lucid Dream<br \/>\n8.Strawberry Punch<br \/>\n9.\u00c1fonya r\u00e1g\u00f3gumi<br \/>\n10. Bogy\u00f3s j\u00e9g<\/p>\n<p>&nbsp;<\/p>\n<figure id=\"attachment_2519\" aria-describedby=\"caption-attachment-2519\" style=\"width: 800px\" class=\"wp-caption alignnone\"><img loading=\"lazy\" decoding=\"async\" class=\"wp-image-2519 size-full\" src=\"https:\/\/rmvapesale.com\/wp-content\/uploads\/2024\/10\/AIM-AIVONO-FATPRO-22000.jpg\" alt=\"AIM AIVONO FATPRO 22000\" width=\"800\" height=\"800\" srcset=\"https:\/\/rmvapesale.com\/wp-content\/uploads\/2024\/10\/AIM-AIVONO-FATPRO-22000.jpg 800w, https:\/\/rmvapesale.com\/wp-content\/uploads\/2024\/10\/AIM-AIVONO-FATPRO-22000-300x300.jpg 300w, https:\/\/rmvapesale.com\/wp-content\/uploads\/2024\/10\/AIM-AIVONO-FATPRO-22000-150x150.jpg 150w, https:\/\/rmvapesale.com\/wp-content\/uploads\/2024\/10\/AIM-AIVONO-FATPRO-22000-768x768.jpg 768w, https:\/\/rmvapesale.com\/wp-content\/uploads\/2024\/10\/AIM-AIVONO-FATPRO-22000-600x600.jpg 600w, https:\/\/rmvapesale.com\/wp-content\/uploads\/2024\/10\/AIM-AIVONO-FATPRO-22000-100x100.jpg 100w\" sizes=\"auto, (max-width: 800px) 100vw, 800px\" \/><figcaption id=\"caption-attachment-2519\" class=\"wp-caption-text\">AIM AIVONO FATPRO 22000<\/figcaption><\/figure>\n<h3><strong>Mi\u00e9rt \u00e9rdemes az Rmvapesale-t v\u00e1lasztani az Aivono Fatpro 22000 Puffs-hoz?<\/strong><strong>?<\/strong><\/h3>\n<div class=\"flex-shrink-0 flex flex-col relative items-end\">\n<div class=\"pt-0\">\n<div class=\"gizmo-bot-avatar flex h-8 w-8 items-center justify-center overflow-hidden rounded-full\">\n<div class=\"relative p-1 rounded-sm flex items-center justify-center bg-token-main-surface-primary text-token-text-primary h-8 w-8\">\n<p>&nbsp;<\/p>\n<p>Ha az Rmvapesale-t v\u00e1lasztja az eldobhat\u00f3 vape-ek nagykereskedelm\u00e9hez, a k\u00f6vetkez\u0151 el\u0151ny\u00f6kben r\u00e9szes\u00fcl:<\/p>\n<ul>\n<li><strong>Versenyk\u00e9pes \u00e1rak<\/strong>: Hozz\u00e1f\u00e9rhet vonz\u00f3 nagykereskedelmi \u00e1rakhoz, amelyek n\u00f6velik az \u00fczleti marzsokat.<\/li>\n<li><strong>Magas min\u0151s\u00e9g<\/strong>: Vape-jeink a legmagasabb sz\u00ednvonalon k\u00e9sz\u00fclnek, \u00e9s <span style=\"color: #ff0000\"><strong>garant\u00e1ltan 100% eredetiek \u00e9s hitelesek, hamis \u00e1ru eset\u00e9n 10-szeres k\u00e1rt\u00e9r\u00edt\u00e9st biztos\u00edtunk!<\/strong><\/span><\/li>\n<li><strong>Kiv\u00e1l\u00f3 \u00dcgyf\u00e9lszolg\u00e1lat<\/strong>: Elk\u00f6telezett csapatunk mindig k\u00e9szen \u00e1ll, hogy seg\u00edtsen \u00d6nnek, z\u00f6kken\u0151mentess\u00e9 \u00e9s probl\u00e9mamentess\u00e9 t\u00e9ve a v\u00e1s\u00e1rl\u00e1si folyamatot.<\/li>\n<li><strong>Gyors Sz\u00e1ll\u00edt\u00e1s<\/strong>: Sz\u00e1m\u00edtson gyors \u00e9s megb\u00edzhat\u00f3 sz\u00e1ll\u00edt\u00e1sra, ami biztos\u00edtja, hogy rendel\u00e9sei mindig id\u0151ben meg\u00e9rkezzenek.<\/li>\n<\/ul>\n<\/div>\n<h3><\/h3>\n<div class=\"relative p-1 rounded-sm flex items-center justify-center bg-token-main-surface-primary text-token-text-primary h-8 w-8\">\n<h3><b>GYIK<\/b><\/h3>\n<div class=\"flex-shrink-0 flex flex-col relative items-end\">\n<div>\n<div class=\"pt-0\">\n<div class=\"gizmo-bot-avatar flex h-8 w-8 items-center justify-center overflow-hidden rounded-full\">\n<div class=\"relative p-1 rounded-sm flex items-center justify-center bg-token-main-surface-primary text-token-text-primary h-8 w-8\"><\/div>\n<\/div>\n<\/div>\n<\/div>\n<\/div>\n<div class=\"group\/conversation-turn relative flex w-full min-w-0 flex-col agent-turn\">\n<div class=\"flex-col gap-1 md:gap-3\">\n<div class=\"flex max-w-full flex-col flex-grow\">\n<div class=\"min-h-8 text-message flex w-full flex-col items-end gap-2 whitespace-normal break-words [.text-message+&amp;]:mt-5\" dir=\"auto\" data-message-author-role=\"assistant\" data-message-id=\"3a019841-c00e-477f-baad-0bb23e48af2d\" data-message-model-slug=\"gpt-4o\">\n<div class=\"flex w-full flex-col gap-1 empty:hidden first:pt-[3px]\">\n<div class=\"markdown prose w-full break-words dark:prose-invert light\">\n<ul>\n<li><strong>Hogyan kell haszn\u00e1lni egy eldobhat\u00f3 vape tollat?<\/strong><br \/>\nAz Aivono Fatpro eldobhat\u00f3 vape toll haszn\u00e1lat\u00e1hoz egyszer\u0171en vegye ki a csomagol\u00e1sb\u00f3l, l\u00e9legezzen be a sz\u00e1jr\u00e9szen kereszt\u00fcl, \u00e9s a k\u00e9sz\u00fcl\u00e9k automatikusan aktiv\u00e1l\u00f3dik, g\u0151zt juttatva a szervezet\u00e9be. Sz\u00fcks\u00e9g eset\u00e9n \u00e1ll\u00edtsa be a l\u00e9g\u00e1raml\u00e1st a k\u00edv\u00e1nt sz\u00edv\u00f3ss\u00e1ghoz, ha szorosabb vagy laz\u00e1bb h\u00faz\u00e1st szeretne.<\/li>\n<li><strong>Hogyan kell t\u00f6lteni az Aivono Fatpro 22000 Puffs eldobhat\u00f3 vape-ot?<\/strong><br \/>\nAz Aivono Fatpro \u00fajrat\u00f6lthet\u0151, \u00e9s 650 mAh-s kobalt akkumul\u00e1torral rendelkezik. A t\u00f6lt\u00e9shez haszn\u00e1lja a k\u00e9sz\u00fcl\u00e9khez mell\u00e9kelt Type-C t\u00f6lt\u0151k\u00e1belt. Csatlakoztassa egy \u00e1ramforr\u00e1shoz, \u00e9s a vape a gyorst\u00f6lt\u00e9si k\u00e9pess\u00e9g\u00e9nek k\u00f6sz\u00f6nhet\u0151en gyorsan felt\u00f6lt\u0151dik.<\/li>\n<li><strong>Mennyi nikotin van egy Aivono 22000 Puffs-ban?<\/strong><br \/>\nAz Aivono Fatpro t\u00f6bbf\u00e9le nikotinszintet k\u00edn\u00e1l: 0%, 2%, 3% \u00e9s 5%, \u00edgy a felhaszn\u00e1l\u00f3k saj\u00e1t preferenci\u00e1ik szerint v\u00e1laszthatnak, f\u00fcggetlen\u00fcl att\u00f3l, hogy nikotinmentes \u00e9lm\u00e9nyt vagy magasabb nikotinszintet prefer\u00e1lnak.<\/li>\n<li><strong>Hogyan lehet meg\u00e1llap\u00edtani, ha a vape \u00fcres?<\/strong><br \/>\nAz Aivono Fatpro be\u00e9p\u00edtett kijelz\u0151vel rendelkezik, amely mutatja az e-juice szintj\u00e9t. A k\u00e9perny\u0151n nyomon k\u00f6vetheti az e-liquid szintj\u00e9t, hogy tudja, mikor fogy ki. Tov\u00e1bb\u00e1, ha az \u00edz gyeng\u00fcl, vagy a g\u0151ztermel\u00e9s cs\u00f6kken, az azt jelezheti, hogy az e-liquid a v\u00e9g\u00e9hez k\u00f6zeledik.<\/li>\n<li><strong>Meddig kell t\u00f6ltenem az Aivono AIM 22000 Puffs-ot?<\/strong><br \/>\nAz Aivono Fatpro t\u00f6lt\u00e9si ideje a t\u00e1pforr\u00e1st\u00f3l f\u00fcgg, de a Type-C gyorst\u00f6lt\u00e9si technol\u00f3gi\u00e1nak k\u00f6sz\u00f6nhet\u0151en viszonylag gyorsan felt\u00f6lt\u0151dik. A kijelz\u0151 seg\u00edt a t\u00f6lt\u00f6tts\u00e9gi szint nyomon k\u00f6vet\u00e9s\u00e9ben, \u00edgy l\u00e1thatja, mikor van teljesen felt\u00f6ltve.<\/li>\n<li><strong>Hol kaphat\u00f3 az Aivono AIM 22000 Puffs eldobhat\u00f3 vape?<\/strong><br \/>\nAz Aivono Fatpro megv\u00e1s\u00e1rolhat\u00f3 azokt\u00f3l a kis- vagy nagykeresked\u0151kt\u0151l, akik pr\u00e9mium eldobhat\u00f3 vape term\u00e9keket forgalmaznak. El\u00e9rhet\u0151 egy\u00e9ni v\u00e1s\u00e1rl\u00f3k \u00e9s t\u00f6meges beszerz\u00e9s sz\u00e1m\u00e1ra is, \u00edgy alkalmas szem\u00e9lyes haszn\u00e1latra vagy \u00fczleti c\u00e9lra. Keresse online vape boltokban vagy a vaping term\u00e9kekre szakosodott helyi \u00fczletekben.<\/li>\n<\/ul>\n<\/div>\n<\/div>\n<\/div>\n<\/div>\n<\/div>\n<\/div>\n<p>&nbsp;<\/p>\n<\/div>\n<\/div>\n<\/div>\n<\/div>\n<h3>A Sz\u00e1ll\u00edt\u00e1sr\u00f3l<\/h3>\n<div class=\"flex-shrink-0 flex flex-col relative items-end\">\n<div>\n<div class=\"pt-0\">\n<div class=\"gizmo-bot-avatar flex h-8 w-8 items-center justify-center overflow-hidden rounded-full\">\n<div><\/div>\n<div class=\"relative p-1 rounded-sm flex items-center justify-center bg-token-main-surface-primary text-token-text-primary h-8 w-8\"><strong>1. Milyen sz\u00e1ll\u00edt\u00e1si m\u00f3dokat haszn\u00e1lnak?<\/strong><\/div>\n<\/div>\n<\/div>\n<\/div>\n<\/div>\n<div class=\"group\/conversation-turn relative flex w-full min-w-0 flex-col agent-turn\">\n<div class=\"flex-col gap-1 md:gap-3\">\n<div class=\"flex max-w-full flex-col flex-grow\">\n<div class=\"min-h-[20px] text-message flex w-full flex-col items-end gap-2 whitespace-normal break-words [.text-message+&amp;]:mt-5 overflow-x-auto\" dir=\"auto\" data-message-author-role=\"assistant\" data-message-id=\"22f8283b-3233-46ff-89a5-c7a41b33abda\">\n<div class=\"flex w-full flex-col gap-1 empty:hidden first:pt-[3px]\">\n<div class=\"markdown prose w-full break-words dark:prose-invert light\">\n<p>Partnerei vagyunk a UPS, DHL, FedEx, DPD \u00e9s m\u00e1s vezet\u0151 fuvaroz\u00f3knak. A legjobb sz\u00e1ll\u00edt\u00e1si m\u00f3dot fogjuk kiv\u00e1lasztani a sz\u00e1ll\u00edt\u00e1si helysz\u00edne alapj\u00e1n, hogy a lehet\u0151 leggyorsabban megkapja a term\u00e9keit.<\/p>\n<\/div>\n<p><strong>2. Mennyi id\u0151 alatt \u00e9rkezik meg?<\/strong><\/p>\n<p>A csomagok \u00e1ltal\u00e1ban 10 munkanapon bel\u00fcl meg\u00e9rkeznek Magyarorsz\u00e1gra. Az eur\u00f3pai orsz\u00e1gokba t\u00f6rt\u00e9n\u0151 sz\u00e1ll\u00edt\u00e1s \u00e1ltal\u00e1ban 12-15 munkanapot vesz ig\u00e9nybe. Folyamatosan t\u00e1j\u00e9koztatjuk a sz\u00e1ll\u00edt\u00e1si st\u00e1tuszr\u00f3l.<\/p>\n<\/div>\n<\/div>\n<\/div>\n<\/div>\n<\/div>\n<p>&nbsp;<\/p>\n<p>Tov\u00e1bbi n\u00e9pszer\u0171 vape term\u00e9kek, amik tetszhetnek:<\/p>\n<p><a href=\"https:\/\/rmvapesale.com\/hu\/product\/elf-box-crystal-bar-600-puffs-disposable-vape-wholesale\/\"><strong>ELF BOX CRYSTAL BAR 600 Puffs\u00a0 \u00a0<span style=\"color: #ff0000\">&gt;&gt;&gt;&gt; ide!<\/span><\/strong><\/a><\/p>\n<p><strong><a href=\"https:\/\/rmvapesale.com\/hu\/product\/fumot-digital-box-12000-disposable-vape-pink-lemonade-flavor\/\">Fumot Digital Box 12000 eldobhat\u00f3 vape<\/a><\/strong><strong><a href=\"https:\/\/rmvapesale.com\/hu\/product\/faivono-bang-maxi-15000-puffs-disposable-vape-bulk-wholesale\/\">\u00a0<span style=\"color: #ff0000\">&gt;&gt;&gt;&gt; ide!<\/span><\/a>\u00a0<\/strong><\/p>\n<p><a href=\"https:\/\/rmvapesale.com\/hu\/product\/vapme-shisha-hookah-pro-max-20000-puffs-disposable-vape-bar\/\"><strong>Vapme Shisha Hookah 20000 Puffs <span style=\"color: #ff0000\">&gt;&gt;&gt;&gt; ide!<\/span><\/strong><\/a><\/p>\n<p>&nbsp;<\/p>\n<p>&nbsp;<\/p>\n<p>Tal\u00e1lja meg a tov\u00e1bbi vape term\u00e9keket, amelyek tetszhetnek \u00d6nnek:<strong><em><a href=\"https:\/\/rmvapesale.com\/hu\/shop-2\/\">V\u00e1s\u00e1roljon most &gt;&gt;&gt;<\/a><\/em><\/strong><\/p>","protected":false},"excerpt":{"rendered":"<p>Aivono 22000 Sz\u00edv\u00e1s LED Kijelz\u0151 Puff 22k \u00fajrat\u00f6lthet\u0151 vapok<br \/>\nAivono Aim Fatpro 22000 Sz\u00edv\u00e1s Eldobhat\u00f3 Vape Olcs\u00f3 \u00c1r<br \/>\nNagykereskedelmi Aivono Aim Fatpro 22000 Sz\u00edv\u00e1s Elektronikus Cigaretta<\/p>\n<p><img loading=\"lazy\" decoding=\"async\" class=\"size-full wp-image-2375\" src=\"https:\/\/rmvapesale.com\/wp-content\/uploads\/2024\/10\/image.png\" alt=\"Legjobb Eldobhat\u00f3 Vape\" width=\"229\" height=\"300\" \/><\/p>\n<h3><a href=\"https:\/\/wa.me\/8617776015835\"><span style=\"color: #ff0000\"><strong>WhatsApp: +86 17776015835<\/strong><\/span><\/a><\/h3>\n<p>&nbsp;<\/p>","protected":false},"featured_media":2521,"comment_status":"open","ping_status":"closed","template":"","meta":{"_uag_custom_page_level_css":"","_lmt_disableupdate":"no","_lmt_disable":"","site-sidebar-layout":"default","site-content-layout":"content-boxed-container","ast-site-content-layout":"normal-width-container","site-content-style":"boxed","site-sidebar-style":"unboxed","ast-global-header-display":"","ast-banner-title-visibility":"","ast-main-header-display":"","ast-hfb-above-header-display":"","ast-hfb-below-header-display":"","ast-hfb-mobile-header-display":"","site-post-title":"","ast-breadcrumbs-content":"","ast-featured-img":"","footer-sml-layout":"","ast-disable-related-posts":"","theme-transparent-header-meta":"default","adv-header-id-meta":"","stick-header-meta":"","header-above-stick-meta":"","header-main-stick-meta":"","header-below-stick-meta":"","astra-migrate-meta-layouts":"set","ast-page-background-enabled":"default","ast-page-background-meta":{"desktop":{"background-color":"var(--ast-global-color-4)","background-image":"","background-repeat":"repeat","background-position":"center center","background-size":"auto","background-attachment":"scroll","background-type":"","background-media":"","overlay-type":"","overlay-color":"","overlay-opacity":"","overlay-gradient":""},"tablet":{"background-color":"","background-image":"","background-repeat":"repeat","background-position":"center center","background-size":"auto","background-attachment":"scroll","background-type":"","background-media":"","overlay-type":"","overlay-color":"","overlay-opacity":"","overlay-gradient":""},"mobile":{"background-color":"","background-image":"","background-repeat":"repeat","background-position":"center center","background-size":"auto","background-attachment":"scroll","background-type":"","background-media":"","overlay-type":"","overlay-color":"","overlay-opacity":"","overlay-gradient":""}},"ast-content-background-meta":{"desktop":{"background-color":"var(--ast-global-color-5)","background-image":"","background-repeat":"repeat","background-position":"center center","background-size":"auto","background-attachment":"scroll","background-type":"","background-media":"","overlay-type":"","overlay-color":"","overlay-opacity":"","overlay-gradient":""},"tablet":{"background-color":"var(--ast-global-color-5)","background-image":"","background-repeat":"repeat","background-position":"center center","background-size":"auto","background-attachment":"scroll","background-type":"","background-media":"","overlay-type":"","overlay-color":"","overlay-opacity":"","overlay-gradient":""},"mobile":{"background-color":"var(--ast-global-color-5)","background-image":"","background-repeat":"repeat","background-position":"center center","background-size":"auto","background-attachment":"scroll","background-type":"","background-media":"","overlay-type":"","overlay-color":"","overlay-opacity":"","overlay-gradient":""}},"_joinchat":[]},"product_brand":[],"product_cat":[15,27,25,123,30,26,28,137,136,135],"product_tag":[184,169,167,185,165,120],"class_list":{"0":"post-2518","1":"product","2":"type-product","3":"status-publish","4":"has-post-thumbnail","6":"product_cat-new-vape-this-week","7":"product_cat-fance-hot-sale-vape","8":"product_cat-germany-best-selling-vape","9":"product_cat-italy-wholesale-vape","10":"product_cat-minimum-order-quantity-50pcs","11":"product_cat-netherlands-hot-sale-vape","12":"product_cat-poland-hot-sale-vape","13":"product_cat-rechargeable-vapes","14":"product_cat-smart-screen-vapes","15":"product_cat-spain-best-hot-sale-vape","16":"product_tag-ainovo-vape","17":"product_tag-best-disposable-vape-2024","18":"product_tag-disposable-vape-with-screen","19":"product_tag-puff-22k","20":"product_tag-rechargeable-vapes","21":"product_tag-vape-wholesale","22":"desktop-align-left","23":"tablet-align-left","24":"mobile-align-left","26":"first","27":"instock","28":"sale","29":"shipping-taxable","30":"purchasable","31":"product-type-simple"},"uagb_featured_image_src":{"full":["https:\/\/rmvapesale.com\/wp-content\/uploads\/2024\/10\/Aivono-Aim-22000-Puffs-Smart-Screen-Disposable-Vape.jpg",800,800,false],"thumbnail":["https:\/\/rmvapesale.com\/wp-content\/uploads\/2024\/10\/Aivono-Aim-22000-Puffs-Smart-Screen-Disposable-Vape-150x150.jpg",150,150,true],"medium":["https:\/\/rmvapesale.com\/wp-content\/uploads\/2024\/10\/Aivono-Aim-22000-Puffs-Smart-Screen-Disposable-Vape-300x300.jpg",300,300,true],"medium_large":["https:\/\/rmvapesale.com\/wp-content\/uploads\/2024\/10\/Aivono-Aim-22000-Puffs-Smart-Screen-Disposable-Vape-768x768.jpg",768,768,true],"large":["https:\/\/rmvapesale.com\/wp-content\/uploads\/2024\/10\/Aivono-Aim-22000-Puffs-Smart-Screen-Disposable-Vape.jpg",800,800,false],"1536x1536":["https:\/\/rmvapesale.com\/wp-content\/uploads\/2024\/10\/Aivono-Aim-22000-Puffs-Smart-Screen-Disposable-Vape.jpg",800,800,false],"2048x2048":["https:\/\/rmvapesale.com\/wp-content\/uploads\/2024\/10\/Aivono-Aim-22000-Puffs-Smart-Screen-Disposable-Vape.jpg",800,800,false],"trp-custom-language-flag":["https:\/\/rmvapesale.com\/wp-content\/uploads\/2024\/10\/Aivono-Aim-22000-Puffs-Smart-Screen-Disposable-Vape.jpg",12,12,false],"woocommerce_thumbnail":["https:\/\/rmvapesale.com\/wp-content\/uploads\/2024\/10\/Aivono-Aim-22000-Puffs-Smart-Screen-Disposable-Vape-300x300.jpg",300,300,true],"woocommerce_single":["https:\/\/rmvapesale.com\/wp-content\/uploads\/2024\/10\/Aivono-Aim-22000-Puffs-Smart-Screen-Disposable-Vape-600x600.jpg",600,600,true],"woocommerce_gallery_thumbnail":["https:\/\/rmvapesale.com\/wp-content\/uploads\/2024\/10\/Aivono-Aim-22000-Puffs-Smart-Screen-Disposable-Vape-100x100.jpg",100,100,true],"wcpr-photo-reviews":["https:\/\/rmvapesale.com\/wp-content\/uploads\/2024\/10\/Aivono-Aim-22000-Puffs-Smart-Screen-Disposable-Vape.jpg",500,500,false]},"uagb_author_info":{"display_name":"AMY","author_link":"https:\/\/rmvapesale.com\/hu\/author\/"},"uagb_comment_info":0,"uagb_excerpt":"Aivono 22000 Puffs LED Screen Puff 22k rechargeable vapes Aivono Aim Fatpro 22000 Puffs Disposable Vape Cheap Price Wholesale Aivono Aim Fatpro 22000 Puffs Electronic Cigarette WhatsApp: +86 17776015835 &nbsp;","_links":{"self":[{"href":"https:\/\/rmvapesale.com\/hu\/wp-json\/wp\/v2\/product\/2518","targetHints":{"allow":["GET"]}}],"collection":[{"href":"https:\/\/rmvapesale.com\/hu\/wp-json\/wp\/v2\/product"}],"about":[{"href":"https:\/\/rmvapesale.com\/hu\/wp-json\/wp\/v2\/types\/product"}],"replies":[{"embeddable":true,"href":"https:\/\/rmvapesale.com\/hu\/wp-json\/wp\/v2\/comments?post=2518"}],"wp:featuredmedia":[{"embeddable":true,"href":"https:\/\/rmvapesale.com\/hu\/wp-json\/wp\/v2\/media\/2521"}],"wp:attachment":[{"href":"https:\/\/rmvapesale.com\/hu\/wp-json\/wp\/v2\/media?parent=2518"}],"wp:term":[{"taxonomy":"product_brand","embeddable":true,"href":"https:\/\/rmvapesale.com\/hu\/wp-json\/wp\/v2\/product_brand?post=2518"},{"taxonomy":"product_cat","embeddable":true,"href":"https:\/\/rmvapesale.com\/hu\/wp-json\/wp\/v2\/product_cat?post=2518"},{"taxonomy":"product_tag","embeddable":true,"href":"https:\/\/rmvapesale.com\/hu\/wp-json\/wp\/v2\/product_tag?post=2518"}],"curies":[{"name":"wp","href":"https:\/\/api.w.org\/{rel}","templated":true}]}}