{"id":2532,"date":"2024-10-23T09:07:59","date_gmt":"2024-10-23T09:07:59","guid":{"rendered":"https:\/\/rmvapesale.com\/?post_type=product&#038;p=2532"},"modified":"2024-10-23T09:52:00","modified_gmt":"2024-10-23T09:52:00","slug":"fumot-randm-tornado-30000-puffs-30k-music-disposable-vape","status":"publish","type":"product","link":"https:\/\/rmvapesale.com\/hu\/product\/fumot-randm-tornado-30000-puffs-30k-music-disposable-vape\/","title":{"rendered":"Fumot RandM Tornado 30000 Puffs 30K zene eldobhat\u00f3 vape"},"content":{"rendered":"<div class=\"B2VR9 CJHX3e\">\n<div class=\"wyccme\">\n<h1 class=\"LC20lb MBeuO DKV0Md\">Fumot RandM Tornado 30000 Puffs 30K zene eldobhat\u00f3 vape<\/h1>\n<div class=\"flex-shrink-0 flex flex-col relative items-end\">\n<div class=\"pt-0\">\n<div class=\"gizmo-bot-avatar flex h-8 w-8 items-center justify-center overflow-hidden rounded-full\">\n<div class=\"relative p-1 rounded-sm flex items-center justify-center bg-token-main-surface-primary text-token-text-primary h-8 w-8\">\n<p>A <strong>Fumot RandM Tornado 30000 Puffs 30K zene eldobhat\u00f3 vape<\/strong> egy cs\u00facstechnol\u00f3gi\u00e1s eszk\u00f6z, amelyet azok sz\u00e1m\u00e1ra terveztek, akik hosszadalmas \u00e9s dinamikus p\u00e1rologtat\u00e1si \u00e9lm\u00e9nyre v\u00e1gynak. Ak\u00e1r leny\u0171g\u00f6z\u0151 kapacit\u00e1s\u00e1val <strong>30 000 sz\u00edv\u00e1s<\/strong>, ez az eszk\u00f6z kiemelkedik a piacon hossz\u00fa \u00e9lettartam\u00e1val, \u00edgy n\u00e9pszer\u0171 <strong>n\u00e9pszer\u0171 vape<\/strong> mind az alkalmi, mind a rendszeres p\u00e1rologtat\u00f3k sz\u00e1m\u00e1ra. A 85<strong>0mAh \u00fajrat\u00f6lthet\u0151 akkumul\u00e1tor<\/strong> \u00e9s <strong>Type-C t\u00f6lt\u0151port<\/strong> biztos\u00edtva a gyors \u00e9s hat\u00e9kony \u00fajrat\u00f6lt\u00e9st, hogy min\u00e9l tov\u00e1bb \u00e9lvezhesd a g\u0151z\u00f6l\u00e9st minim\u00e1lis \u00e1ll\u00e1sid\u0151vel.<\/p>\n<p>Ami megk\u00fcl\u00f6nb\u00f6zteti a <strong>RandM Tornado 30000<\/strong> k\u00e9sz\u00fcl\u00e9ket, az a <strong>h\u00e1l\u00f3s tekercs technol\u00f3gi\u00e1ja<\/strong>, amely kiv\u00e9teles <strong>\u00edzt \u00e9s g\u0151ztermel\u00e9st<\/strong>eredm\u00e9nyez, biztos\u00edtva, hogy minden slukk gazdag \u00e9s kiel\u00e9g\u00edt\u0151 legyen. Emellett a k\u00e9sz\u00fcl\u00e9k egy sz\u00f3rakoztat\u00f3 \u00e9s interakt\u00edv funkci\u00f3t is k\u00edn\u00e1l <strong>zeneszinkroniz\u00e1ci\u00f3val<\/strong>, ahol az <strong>RGB f\u00e9nyek a kedvenc zen\u00e9id \u00fctem\u00e9re pulz\u00e1lnak<\/strong>, l\u00e9trehozva egy mag\u00e1val ragad\u00f3 g\u0151z\u00f6l\u00e9si \u00e9lm\u00e9nyt, amely t\u00f6k\u00e9letes partikra vagy szem\u00e9lyes \u00e9lvezetre.<\/p>\n<p>El\u00e9rhet\u0151 <strong>alacsony nikotintartalm\u00fa eldobhat\u00f3 vape<\/strong> opci\u00f3kban, a <strong>Fumot Tornado 30000<\/strong> k\u00fcl\u00f6nf\u00e9le preferenci\u00e1knak felel meg, bele\u00e9rtve azokat is, akik <strong>\u00fajrat\u00f6lthet\u0151 vape-k<\/strong> alacsonyabb nikotintartalm\u00fa term\u00e9keket keresnek. Magas slukksz\u00e1m\u00e1nak, zenei integr\u00e1ci\u00f3j\u00e1nak \u00e9s k\u00e9nyelmes t\u00f6lt\u00e9s\u00e9nek k\u00f6sz\u00f6nhet\u0151en a <strong>Fumot Tornado 30K zene eldobhat\u00f3 vape<\/strong> kiemelked\u0151 a piacon, ami a vaperek els\u0151 sz\u00e1m\u00fa v\u00e1laszt\u00e1s\u00e1v\u00e1 teszi <strong>Magyarorsz\u00e1gon.<\/strong><\/p>\n<p>T\u00f6k\u00e9letes azok sz\u00e1m\u00e1ra, akik <strong>30000 puffos Fumot vape-et szeretn\u00e9nek v\u00e1s\u00e1rolni<\/strong>, ez az eszk\u00f6z innov\u00e1ci\u00f3t, \u00edzt \u00e9s sz\u00f3rakoz\u00e1st k\u00edn\u00e1l egy kompakt csomagban.<\/p>\n<\/div>\n<\/div>\n<\/div>\n<\/div>\n<\/div>\n<\/div>\n<p><strong>L\u00e9pjen kapcsolatba Amyvel, hogy megkapja a helyes v\u00e1laszt \u00e9s a vape kupont!<\/strong><\/p>\n<p><img loading=\"lazy\" decoding=\"async\" class=\"size-full wp-image-1978\" src=\"https:\/\/rmvapesale.com\/wp-content\/uploads\/2024\/09\/Disposable-Vape-Wholesale.jpg\" alt=\"Eldobhat\u00f3 Vape Nagykereskedelem\" width=\"229\" height=\"300\" \/><\/p>\n<h3><a href=\"https:\/\/wa.me\/8617776015835\" target=\"_blank\" rel=\"noopener\"><span style=\"color: #ff0000\"><strong>WhatsApp: +86 17776015835<\/strong><\/span><\/a><\/h3>\n<p>&nbsp;<\/p>\n<h2><\/h2>\n<h2><strong>Fumot Tornado 30000 eldobhat\u00f3<\/strong><strong>\u00a0<\/strong><strong>F\u0151bb jellemz\u0151k<\/strong><\/h2>\n<p>M\u00e1rka: RandM TORNADO 30000<br \/>\nE-liquid: 25ml<br \/>\nSz\u00edv\u00e1s: 30000<br \/>\nKaz\u00e1nbet\u00e9t: H\u00e1l\u00f3s kaz\u00e1nbet\u00e9t<br \/>\nAkkumul\u00e1tor: 850mAh<br \/>\nPort: C-t\u00edpus\u00fa<br \/>\nNikotin(s\u00f3tartalom): El\u00e9rhet\u0151 0%2% 3% 5%<br \/>\n\u00cdzek: 30 k\u00fcl\u00f6nb\u00f6z\u0151 \u00edzben kaphat\u00f3<br \/>\nEgy\u00e9b: LED kijelz\u0151, mely a zen\u00e9vel egy\u00fctt pulz\u00e1l<\/p>\n<figure id=\"attachment_2526\" aria-describedby=\"caption-attachment-2526\" style=\"width: 808px\" class=\"wp-caption alignnone\"><img loading=\"lazy\" decoding=\"async\" class=\"wp-image-2526 size-full\" src=\"https:\/\/rmvapesale.com\/wp-content\/uploads\/2024\/10\/Fumot-RandM-Tornado-30000-Puffs-Vape.jpg\" alt=\"Fumot RandM Tornado 30000 sz\u00edv\u00e1sos vape\" width=\"808\" height=\"808\" srcset=\"https:\/\/rmvapesale.com\/wp-content\/uploads\/2024\/10\/Fumot-RandM-Tornado-30000-Puffs-Vape.jpg 808w, https:\/\/rmvapesale.com\/wp-content\/uploads\/2024\/10\/Fumot-RandM-Tornado-30000-Puffs-Vape-300x300.jpg 300w, https:\/\/rmvapesale.com\/wp-content\/uploads\/2024\/10\/Fumot-RandM-Tornado-30000-Puffs-Vape-150x150.jpg 150w, https:\/\/rmvapesale.com\/wp-content\/uploads\/2024\/10\/Fumot-RandM-Tornado-30000-Puffs-Vape-768x768.jpg 768w, https:\/\/rmvapesale.com\/wp-content\/uploads\/2024\/10\/Fumot-RandM-Tornado-30000-Puffs-Vape-600x600.jpg 600w, https:\/\/rmvapesale.com\/wp-content\/uploads\/2024\/10\/Fumot-RandM-Tornado-30000-Puffs-Vape-100x100.jpg 100w\" sizes=\"auto, (max-width: 808px) 100vw, 808px\" \/><figcaption id=\"caption-attachment-2526\" class=\"wp-caption-text\">Fumot RandM Tornado 30000 sz\u00edv\u00e1sos vape<\/figcaption><\/figure>\n<h2><strong>A Fumot RandM Tornado 30000 legn\u00e9pszer\u0171bb \u00edzei<\/strong><\/h2>\n<p>Ez a Randm Tornado 30000 eldobhat\u00f3 vape k\u00e9sz\u00fcl\u00e9k arra lett tervezve, hogy minden slukkn\u00e1l gy\u00fcm\u00f6lcs\u00f6s \u00e9dess\u00e9get szabad\u00edtson fel, ide\u00e9rtve a pik\u00e1ns citrusf\u00e9l\u00e9ket, az zamatos bogy\u00f3s gy\u00fcm\u00f6lcs\u00f6ket \u00e9s a tr\u00f3pusi \u00edzjegyeket<\/p>\n<p>1. Ban\u00e1n j\u00e9g<br \/>\n2. Fekete j\u00e9g<br \/>\n3. K\u00e9k m\u00e1lna j\u00e9g<br \/>\n4. \u00c1fonya j\u00e9gen<br \/>\n5. \u00c1fonya m\u00e1lna<span style=\"color: #ff0000\"><strong>&gt;&gt;&gt;&gt; Forr\u00f3!<\/strong><\/span><br \/>\n6. \u00c1fonya savany\u00fa m\u00e1lna <span style=\"color: #ff0000\"><strong>&gt;&gt;&gt;&gt; Forr\u00f3!<\/strong><\/span><br \/>\n7. Cseresznye j\u00e9g<br \/>\n8. Csereszny\u00e9s k\u00f3la<br \/>\n9. K\u00f3la j\u00e9g<br \/>\n10. H\u0171s menta<br \/>\n11. Dupla alma<br \/>\n12. Dr. K\u00e9k <span style=\"color: #ff0000\"><strong>&gt;&gt;&gt;&gt; A legjobb!<\/strong><\/span><br \/>\n13. Sz\u0151l\u0151 j\u00e9g<br \/>\n14. J\u00e9gnyal\u00f3ka<br \/>\n15. Kivi maracuja guava<br \/>\n16. Szerelem 66<br \/>\n17. Friss\u00edt\u0151 j\u00e9g<br \/>\n18. Vegyes bogy\u00f3s gy\u00fcm\u00f6lcs\u00f6k<br \/>\n19. \u0150szibarack bogy\u00f3s gy\u00fcm\u00f6lcs\u00f6k<br \/>\n20. \u0150szibarack j\u00e9g<br \/>\n21. Barackos mang\u00f3s anan\u00e1sz<br \/>\n22. Anan\u00e1sz j\u00e9g<br \/>\n23. R\u00f3zsasz\u00edn limon\u00e1d\u00e9<br \/>\n24. Cukork\u00e1k<br \/>\n25. Eper ban\u00e1n<br \/>\n26. Eper sz\u0151l\u0151<br \/>\n27. Eper j\u00e9g<br \/>\n28. Eper G\u00f6r\u00f6gdinnye<br \/>\n29. Tripla Mang\u00f3<br \/>\n30. Vimto<span style=\"color: #ff0000\"><strong>&gt;&gt;&gt;&gt; Forr\u00f3!<\/strong><\/span><\/p>\n<p>&nbsp;<\/p>\n<p>&nbsp;<\/p>\n<h3><strong>Mi\u00e9rt az Rmvapesale-t v\u00e1lassza a RandM Tornado 30000-hez<\/strong><strong>?<\/strong><\/h3>\n<div class=\"flex-shrink-0 flex flex-col relative items-end\">\n<div class=\"pt-0\">\n<div class=\"gizmo-bot-avatar flex h-8 w-8 items-center justify-center overflow-hidden rounded-full\">\n<div class=\"relative p-1 rounded-sm flex items-center justify-center bg-token-main-surface-primary text-token-text-primary h-8 w-8\">\n<p>&nbsp;<\/p>\n<p>Ha az Rmvapesale-t v\u00e1lasztja az eldobhat\u00f3 vape-ek nagykereskedelm\u00e9hez, a k\u00f6vetkez\u0151 el\u0151ny\u00f6kben r\u00e9szes\u00fcl:<\/p>\n<ul>\n<li><strong>Versenyk\u00e9pes \u00e1rak<\/strong>: Hozz\u00e1f\u00e9rhet vonz\u00f3 nagykereskedelmi \u00e1rakhoz, amelyek n\u00f6velik az \u00fczleti marzsokat.<\/li>\n<li><strong>Magas min\u0151s\u00e9g<\/strong>: Vape-jeink a legmagasabb sz\u00ednvonalon k\u00e9sz\u00fclnek, \u00e9s <span style=\"color: #ff0000\"><strong>garant\u00e1ltan 100% eredetiek \u00e9s hitelesek, hamis \u00e1ru eset\u00e9n 10-szeres k\u00e1rt\u00e9r\u00edt\u00e9st biztos\u00edtunk!<\/strong><\/span><\/li>\n<li><strong>Kiv\u00e1l\u00f3 \u00dcgyf\u00e9lszolg\u00e1lat<\/strong>: Elk\u00f6telezett csapatunk mindig k\u00e9szen \u00e1ll, hogy seg\u00edtsen \u00d6nnek, z\u00f6kken\u0151mentess\u00e9 \u00e9s probl\u00e9mamentess\u00e9 t\u00e9ve a v\u00e1s\u00e1rl\u00e1si folyamatot.<\/li>\n<li><strong>Gyors Sz\u00e1ll\u00edt\u00e1s<\/strong>: Sz\u00e1m\u00edtson gyors \u00e9s megb\u00edzhat\u00f3 sz\u00e1ll\u00edt\u00e1sra, ami biztos\u00edtja, hogy rendel\u00e9sei mindig id\u0151ben meg\u00e9rkezzenek.<\/li>\n<\/ul>\n<\/div>\n<h3><\/h3>\n<div class=\"relative p-1 rounded-sm flex items-center justify-center bg-token-main-surface-primary text-token-text-primary h-8 w-8\">\n<h3><b>GYIK<\/b><\/h3>\n<p>&nbsp;<\/p>\n<ul>\n<li><strong>Hogyan kell haszn\u00e1lni a Fumot 30k eldobhat\u00f3 vape tollat?<\/strong><br \/>\nA Fumot RandM Tornado 30000 Puffs eldobhat\u00f3 vape haszn\u00e1lat\u00e1hoz egyszer\u0171en vegye ki a k\u00e9sz\u00fcl\u00e9ket a csomagol\u00e1sb\u00f3l, l\u00e9legezzen be a sz\u00e1jr\u00e9szen kereszt\u00fcl, \u00e9s az automatikusan aktiv\u00e1l\u00f3dik. \u00c9lvezze a h\u00e1l\u00f3s tekercs technol\u00f3gia \u00e1ltal produk\u00e1lt gazdag g\u0151zt. A k\u00e9sz\u00fcl\u00e9k RGB f\u00e9nyekkel is rendelkezik, amelyek a zen\u00e9vel szinkroniz\u00e1lva fokozz\u00e1k a g\u0151z\u00f6l\u00e9s \u00e9lm\u00e9ny\u00e9t.<\/li>\n<li><strong>Hogyan kell t\u00f6lteni a Fumot RandM Tornado 30000 Puffs eldobhat\u00f3 vape-et<\/strong><br \/>\nA Fumot RandM Tornado 30000 \u00fajrat\u00f6lthet\u0151. Egy 850mAh-s akkumul\u00e1torral \u00e9s egy C-t\u00edpus\u00fa t\u00f6lt\u0151porttal van felszerelve. A k\u00e9sz\u00fcl\u00e9k t\u00f6lt\u00e9s\u00e9hez csatlakoztassa egy \u00e1ramforr\u00e1shoz egy C-t\u00edpus\u00fa k\u00e1bellel, \u00e9s az akkumul\u00e1tor gyorsan \u00e9s hat\u00e9konyan felt\u00f6lt\u0151dik.<\/li>\n<li><strong>Mennyi nikotin van a Fumot Vape RandM Tornado 30000-ben?<\/strong><br \/>\nA Fumot RandM Tornado 30000 alacsony nikotintartalm\u00fa eldobhat\u00f3 vape opci\u00f3kban kaphat\u00f3: 0%, 2%, 5%.<\/li>\n<li><strong>Hogyan lehet meg\u00e1llap\u00edtani, ha a vape \u00fcres?<\/strong><br \/>\nA Fumot RandM Tornado 30000-nek nincs kijelz\u0151je az e-liquid szintj\u00e9nek mutat\u00e1s\u00e1ra, de a cs\u00f6kkent \u00edz \u00e9s g\u0151ztermel\u00e9s alapj\u00e1n meg\u00e1llap\u00edthatja, hogy \u00fcres. Amikor a g\u0151z gyeng\u00e9v\u00e9 v\u00e1lik vagy az \u00edz elhalv\u00e1nyul, az val\u00f3sz\u00edn\u0171leg azt jelenti, hogy az e-liquid kifogy\u00f3ban van, m\u00e9g akkor is, ha az akkumul\u00e1tor m\u00e9g fel van t\u00f6ltve.<\/li>\n<li><strong>Mennyi ideig kell t\u00f6ltenem a RandM Tornado 30000-et?<\/strong><br \/>\nA pontos t\u00f6lt\u00e9si id\u0151 az \u00e1ramforr\u00e1st\u00f3l f\u00fcgg, de a C-t\u00edpus\u00fa t\u00f6lt\u00e9si k\u00e9pess\u00e9g\u00e9vel a Fumot RandM Tornado 30000-nek viszonylag gyorsan kell t\u00f6ltenie. A legjobb, ha a t\u00f6lt\u00e9sjelz\u0151re hivatkozik (ha van ilyen), vagy figyelemmel k\u00eds\u00e9ri a k\u00e9sz\u00fcl\u00e9ket t\u00f6lt\u00e9s k\u00f6zben a t\u00falt\u00f6lt\u00e9s elker\u00fcl\u00e9se \u00e9rdek\u00e9ben.<\/li>\n<li><strong>Hol v\u00e1s\u00e1rolhatok Fumot RandM Tornado 30000 eldobhat\u00f3 vape-et?<\/strong><br \/>\nA Fumot RandM Tornado 30000 Puffs eldobhat\u00f3 vape megv\u00e1s\u00e1rolhat\u00f3 a kiskeresked\u0151kn\u00e9l \u00e9s az online vape \u00fczletekben, amelyek pr\u00e9mium eldobhat\u00f3 vape-eket forgalmaznak.<\/li>\n<\/ul>\n<\/div>\n<\/div>\n<\/div>\n<\/div>\n<h3>A Sz\u00e1ll\u00edt\u00e1sr\u00f3l<\/h3>\n<div class=\"flex-shrink-0 flex flex-col relative items-end\">\n<div>\n<div class=\"pt-0\">\n<div class=\"gizmo-bot-avatar flex h-8 w-8 items-center justify-center overflow-hidden rounded-full\">\n<div><\/div>\n<div class=\"relative p-1 rounded-sm flex items-center justify-center bg-token-main-surface-primary text-token-text-primary h-8 w-8\"><strong>1. Milyen sz\u00e1ll\u00edt\u00e1si m\u00f3dokat haszn\u00e1lnak?<\/strong><\/div>\n<\/div>\n<\/div>\n<\/div>\n<\/div>\n<div class=\"group\/conversation-turn relative flex w-full min-w-0 flex-col agent-turn\">\n<div class=\"flex-col gap-1 md:gap-3\">\n<div class=\"flex max-w-full flex-col flex-grow\">\n<div class=\"min-h-[20px] text-message flex w-full flex-col items-end gap-2 whitespace-normal break-words [.text-message+&amp;]:mt-5 overflow-x-auto\" dir=\"auto\" data-message-author-role=\"assistant\" data-message-id=\"22f8283b-3233-46ff-89a5-c7a41b33abda\">\n<div class=\"flex w-full flex-col gap-1 empty:hidden first:pt-[3px]\">\n<div class=\"markdown prose w-full break-words dark:prose-invert light\">\n<p>Partnerei vagyunk a UPS, DHL, FedEx, DPD \u00e9s m\u00e1s vezet\u0151 fuvaroz\u00f3knak. A legjobb sz\u00e1ll\u00edt\u00e1si m\u00f3dot fogjuk kiv\u00e1lasztani a sz\u00e1ll\u00edt\u00e1si helysz\u00edne alapj\u00e1n, hogy a lehet\u0151 leggyorsabban megkapja a term\u00e9keit.<\/p>\n<\/div>\n<p><strong>2. Mennyi id\u0151 alatt \u00e9rkezik meg?<\/strong><\/p>\n<p>A csomagok \u00e1ltal\u00e1ban 10 munkanapon bel\u00fcl meg\u00e9rkeznek Magyarorsz\u00e1gra. Az eur\u00f3pai orsz\u00e1gokba t\u00f6rt\u00e9n\u0151 sz\u00e1ll\u00edt\u00e1s \u00e1ltal\u00e1ban 12-15 munkanapot vesz ig\u00e9nybe. Folyamatosan t\u00e1j\u00e9koztatjuk a sz\u00e1ll\u00edt\u00e1si st\u00e1tuszr\u00f3l.<\/p>\n<\/div>\n<\/div>\n<\/div>\n<\/div>\n<\/div>\n<p>&nbsp;<\/p>\n<p>Tov\u00e1bbi n\u00e9pszer\u0171 vape term\u00e9kek, amik tetszhetnek:<\/p>\n<p><a href=\"https:\/\/rmvapesale.com\/hu\/product\/randm-tornado-15000-puffs-15k-vape-recharge-fumot-original-vape-factory-price\/\"><strong>Randm Vape 15000 slukk\u00a0 \u00a0<span style=\"color: #ff0000\">&gt;&gt;&gt;&gt; ide!<\/span><\/strong><\/a><\/p>\n<p><strong><a href=\"https:\/\/rmvapesale.com\/hu\/product\/aivono-22000-rechargeable-vapes-with-display-screen\/\">Aivono Aim Fatpro 22000 slukk <span style=\"color: #ff0000\">&gt;&gt;&gt;&gt; ide!<\/span><\/a>\u00a0<\/strong><\/p>\n<p><a href=\"https:\/\/rmvapesale.com\/hu\/product\/original-randm-vape-digital-puff-12000-fumot-factory-price\/\"><strong>Fumot Vape 12000 slukk <span style=\"color: #ff0000\">&gt;&gt;&gt;&gt; ide!<\/span><\/strong><\/a><\/p>\n<p>&nbsp;<\/p>\n<p>&nbsp;<\/p>\n<p>Tal\u00e1lja meg a tov\u00e1bbi vape term\u00e9keket, amelyek tetszhetnek \u00d6nnek:<strong><em><a href=\"https:\/\/rmvapesale.com\/hu\/shop-2\/\">V\u00e1s\u00e1roljon most &gt;&gt;&gt;<\/a><\/em><\/strong><\/p>","protected":false},"excerpt":{"rendered":"<p>Fumot RandM Tornado 30000 Sz\u00edv\u00e1sos Eldobhat\u00f3 Vape Nagykereskedelem<br \/>\nRandM Tornado 30000 zene 30k \u00dajrat\u00f6lthet\u0151 Vape \u00cdz<br \/>\nRandm Fumot Tornado 30000 Sz\u00edv\u00e1sos Zene 0% 2% 5%<\/p>\n<p><img loading=\"lazy\" decoding=\"async\" class=\"size-full wp-image-2375\" src=\"https:\/\/rmvapesale.com\/wp-content\/uploads\/2024\/10\/image.png\" alt=\"Legjobb Eldobhat\u00f3 Vape\" width=\"229\" height=\"300\" \/><\/p>\n<h3><a href=\"https:\/\/wa.me\/8617776015835\"><span style=\"color: #ff0000\"><strong>WhatsApp: +86 17776015835<\/strong><\/span><\/a><\/h3>\n<p>&nbsp;<\/p>","protected":false},"featured_media":2531,"comment_status":"open","ping_status":"closed","template":"","meta":{"_uag_custom_page_level_css":"","_lmt_disableupdate":"no","_lmt_disable":"","site-sidebar-layout":"default","site-content-layout":"content-boxed-container","ast-site-content-layout":"normal-width-container","site-content-style":"boxed","site-sidebar-style":"unboxed","ast-global-header-display":"","ast-banner-title-visibility":"","ast-main-header-display":"","ast-hfb-above-header-display":"","ast-hfb-below-header-display":"","ast-hfb-mobile-header-display":"","site-post-title":"","ast-breadcrumbs-content":"","ast-featured-img":"","footer-sml-layout":"","theme-transparent-header-meta":"default","adv-header-id-meta":"","stick-header-meta":"","header-above-stick-meta":"","header-main-stick-meta":"","header-below-stick-meta":"","astra-migrate-meta-layouts":"set","ast-page-background-enabled":"default","ast-page-background-meta":{"desktop":{"background-color":"var(--ast-global-color-4)","background-image":"","background-repeat":"repeat","background-position":"center center","background-size":"auto","background-attachment":"scroll","background-type":"","background-media":"","overlay-type":"","overlay-color":"","overlay-opacity":"","overlay-gradient":""},"tablet":{"background-color":"","background-image":"","background-repeat":"repeat","background-position":"center center","background-size":"auto","background-attachment":"scroll","background-type":"","background-media":"","overlay-type":"","overlay-color":"","overlay-opacity":"","overlay-gradient":""},"mobile":{"background-color":"","background-image":"","background-repeat":"repeat","background-position":"center center","background-size":"auto","background-attachment":"scroll","background-type":"","background-media":"","overlay-type":"","overlay-color":"","overlay-opacity":"","overlay-gradient":""}},"ast-content-background-meta":{"desktop":{"background-color":"var(--ast-global-color-5)","background-image":"","background-repeat":"repeat","background-position":"center center","background-size":"auto","background-attachment":"scroll","background-type":"","background-media":"","overlay-type":"","overlay-color":"","overlay-opacity":"","overlay-gradient":""},"tablet":{"background-color":"var(--ast-global-color-5)","background-image":"","background-repeat":"repeat","background-position":"center center","background-size":"auto","background-attachment":"scroll","background-type":"","background-media":"","overlay-type":"","overlay-color":"","overlay-opacity":"","overlay-gradient":""},"mobile":{"background-color":"var(--ast-global-color-5)","background-image":"","background-repeat":"repeat","background-position":"center center","background-size":"auto","background-attachment":"scroll","background-type":"","background-media":"","overlay-type":"","overlay-color":"","overlay-opacity":"","overlay-gradient":""}},"_joinchat":[]},"product_brand":[],"product_cat":[15,51,25,123,26,28,135,27,31,137,136,30],"product_tag":[146,155,186,38,165,166,120],"class_list":{"0":"post-2532","1":"product","2":"type-product","3":"status-publish","4":"has-post-thumbnail","6":"product_cat-new-vape-this-week","7":"product_cat-fumot-vape","8":"product_cat-germany-best-selling-vape","9":"product_cat-italy-wholesale-vape","10":"product_cat-netherlands-hot-sale-vape","11":"product_cat-poland-hot-sale-vape","12":"product_cat-spain-best-hot-sale-vape","13":"product_cat-fance-hot-sale-vape","14":"product_cat-randm-fumot-vape","15":"product_cat-rechargeable-vapes","16":"product_cat-smart-screen-vapes","17":"product_cat-minimum-order-quantity-50pcs","18":"product_tag-best-hot-sale-vape","19":"product_tag-digital-display-box","20":"product_tag-fumot-30k","21":"product_tag-randm-vape","22":"product_tag-rechargeable-vapes","23":"product_tag-tornado-vape","24":"product_tag-vape-wholesale","25":"desktop-align-left","26":"tablet-align-left","27":"mobile-align-left","29":"first","30":"instock","31":"sale","32":"shipping-taxable","33":"purchasable","34":"product-type-simple"},"uagb_featured_image_src":{"full":["https:\/\/rmvapesale.com\/wp-content\/uploads\/2024\/10\/RandM-Tornado-30000-Puffs-Vape.jpg",808,808,false],"thumbnail":["https:\/\/rmvapesale.com\/wp-content\/uploads\/2024\/10\/RandM-Tornado-30000-Puffs-Vape-150x150.jpg",150,150,true],"medium":["https:\/\/rmvapesale.com\/wp-content\/uploads\/2024\/10\/RandM-Tornado-30000-Puffs-Vape-300x300.jpg",300,300,true],"medium_large":["https:\/\/rmvapesale.com\/wp-content\/uploads\/2024\/10\/RandM-Tornado-30000-Puffs-Vape-768x768.jpg",768,768,true],"large":["https:\/\/rmvapesale.com\/wp-content\/uploads\/2024\/10\/RandM-Tornado-30000-Puffs-Vape.jpg",808,808,false],"1536x1536":["https:\/\/rmvapesale.com\/wp-content\/uploads\/2024\/10\/RandM-Tornado-30000-Puffs-Vape.jpg",808,808,false],"2048x2048":["https:\/\/rmvapesale.com\/wp-content\/uploads\/2024\/10\/RandM-Tornado-30000-Puffs-Vape.jpg",808,808,false],"trp-custom-language-flag":["https:\/\/rmvapesale.com\/wp-content\/uploads\/2024\/10\/RandM-Tornado-30000-Puffs-Vape.jpg",12,12,false],"woocommerce_thumbnail":["https:\/\/rmvapesale.com\/wp-content\/uploads\/2024\/10\/RandM-Tornado-30000-Puffs-Vape-300x300.jpg",300,300,true],"woocommerce_single":["https:\/\/rmvapesale.com\/wp-content\/uploads\/2024\/10\/RandM-Tornado-30000-Puffs-Vape-600x600.jpg",600,600,true],"woocommerce_gallery_thumbnail":["https:\/\/rmvapesale.com\/wp-content\/uploads\/2024\/10\/RandM-Tornado-30000-Puffs-Vape-100x100.jpg",100,100,true],"wcpr-photo-reviews":["https:\/\/rmvapesale.com\/wp-content\/uploads\/2024\/10\/RandM-Tornado-30000-Puffs-Vape.jpg",500,500,false]},"uagb_author_info":{"display_name":"AMY","author_link":"https:\/\/rmvapesale.com\/hu\/author\/"},"uagb_comment_info":0,"uagb_excerpt":"Fumot RandM Tornado 30000 Puffs Disposable Vape Wholesale RandM Tornado 30000 music 30k Rechargeable Vape Flavor Randm Fumot Tornado 30000 Puffs Music 0% 2% 5% WhatsApp: +86 17776015835 &nbsp;","_links":{"self":[{"href":"https:\/\/rmvapesale.com\/hu\/wp-json\/wp\/v2\/product\/2532","targetHints":{"allow":["GET"]}}],"collection":[{"href":"https:\/\/rmvapesale.com\/hu\/wp-json\/wp\/v2\/product"}],"about":[{"href":"https:\/\/rmvapesale.com\/hu\/wp-json\/wp\/v2\/types\/product"}],"replies":[{"embeddable":true,"href":"https:\/\/rmvapesale.com\/hu\/wp-json\/wp\/v2\/comments?post=2532"}],"wp:featuredmedia":[{"embeddable":true,"href":"https:\/\/rmvapesale.com\/hu\/wp-json\/wp\/v2\/media\/2531"}],"wp:attachment":[{"href":"https:\/\/rmvapesale.com\/hu\/wp-json\/wp\/v2\/media?parent=2532"}],"wp:term":[{"taxonomy":"product_brand","embeddable":true,"href":"https:\/\/rmvapesale.com\/hu\/wp-json\/wp\/v2\/product_brand?post=2532"},{"taxonomy":"product_cat","embeddable":true,"href":"https:\/\/rmvapesale.com\/hu\/wp-json\/wp\/v2\/product_cat?post=2532"},{"taxonomy":"product_tag","embeddable":true,"href":"https:\/\/rmvapesale.com\/hu\/wp-json\/wp\/v2\/product_tag?post=2532"}],"curies":[{"name":"wp","href":"https:\/\/api.w.org\/{rel}","templated":true}]}}