{"id":2540,"date":"2024-10-24T09:31:28","date_gmt":"2024-10-24T09:31:28","guid":{"rendered":"https:\/\/rmvapesale.com\/?post_type=product&#038;p=2540"},"modified":"2024-10-24T09:55:38","modified_gmt":"2024-10-24T09:55:38","slug":"vapme-crystal-20000-puffs-20k-double-flavor-rechargeable-vapes","status":"publish","type":"product","link":"https:\/\/rmvapesale.com\/hu\/product\/vapme-crystal-20000-puffs-20k-double-flavor-rechargeable-vapes\/","title":{"rendered":"Vapme Crystal 20000 Puffs 20K Kett\u0151s \u00cdzes\u00edt\u00e9s\u0171 \u00dajrat\u00f6lthet\u0151 Vape"},"content":{"rendered":"<div class=\"B2VR9 CJHX3e\">\n<div class=\"wyccme\">\n<h1 class=\"LC20lb MBeuO DKV0Md\">Vapme Crystal 20000 Puffs 20K K\u00e9t \u00cdz\u0171 \u00dajrat\u00f6lthet\u0151 Vape Nagykereskedelem<\/h1>\n<div class=\"flex-shrink-0 flex flex-col relative items-end\">\n<div class=\"pt-0\">\n<div class=\"gizmo-bot-avatar flex h-8 w-8 items-center justify-center overflow-hidden rounded-full\">\n<div class=\"relative p-1 rounded-sm flex items-center justify-center bg-token-main-surface-primary text-token-text-primary h-8 w-8\">\n<p>A <strong>Vapme Crystal 20000 Puffs 20K \u00dajrat\u00f6lthet\u0151 Egyszer haszn\u00e1latos Vape<\/strong> egy j\u00e1t\u00e9kos v\u00e1lt\u00e1s az e-cigaretta iparban, magas kapacit\u00e1s\u00fa eszk\u00f6zt k\u00edn\u00e1l mind alkalmi, mind gyakori vaperek sz\u00e1m\u00e1ra. Egy hatalmas <strong>20 000 slukk<\/strong>ez <strong>eldobhat\u00f3 vape<\/strong> biztos\u00edtja a hosszabb \u00e9lvezetet a folyamatos \u00fajrat\u00f6lt\u00e9s n\u00e9lk\u00fcl, \u00edgy az egyik <strong>2024 legjobb eldobhat\u00f3 vape-jai<\/strong>. A <strong>20 ml-es e-liquid kapacit\u00e1ssal<\/strong> lehet\u0151v\u00e9 teszi a felhaszn\u00e1l\u00f3k sz\u00e1m\u00e1ra, hogy hosszabb ideig \u00e9lvezz\u00e9k kedvenc \u00edzeiket, egy <strong>700mAh \u00fajrat\u00f6lthet\u0151 akkumul\u00e1tor<\/strong> sz\u00fcnet n\u00e9lk\u00fcli vapel\u00e9shez.<\/p>\n<p>Az egyik kiemelked\u0151 jellemz\u0151je a <strong>Vapme Crystal 20000<\/strong> az <strong>K\u00e9t \u00cdz\u0171<\/strong> funkcionalit\u00e1s, amely lehet\u0151v\u00e9 teszi a felhaszn\u00e1l\u00f3k sz\u00e1m\u00e1ra, hogy k\u00e9t k\u00fcl\u00f6nb\u00f6z\u0151 \u00edz k\u00f6z\u00f6tt v\u00e1ltogassanak, sokoldal\u00fas\u00e1got \u00e9s egyedi vapel\u00e9si \u00e9lm\u00e9nyt ny\u00fajtva. A <strong>pontoss\u00e1gosan tervezett h\u00e1l\u00f3s tekercs<\/strong> sima, egyenletes g\u0151zk\u00e9pz\u00e9st biztos\u00edt, minden sz\u00edv\u00e1s gazdag \u00edz\u0171 legyen.<\/p>\n<p>Tov\u00e1bbi k\u00e9nyelmet ny\u00fajtva, ez a <strong>20000 sz\u00edv\u00e1s kapacit\u00e1s\u00fa vape<\/strong> fel van szerelve egy <strong>Type-C t\u00f6lt\u0151port<\/strong>gyors \u00e9s k\u00f6nny\u0171 \u00fajrat\u00f6lt\u00e9st tesz lehet\u0151v\u00e9, \u00edgy ide\u00e1lis v\u00e1laszt\u00e1s azok sz\u00e1m\u00e1ra, akik \u00fatk\u00f6zben vapelnek. Ak\u00e1r a <strong>vape bolt<\/strong>k\u00e9szletez, ak\u00e1r v\u00e1s\u00e1rol <strong>nagykereskedelmi vape<\/strong>, vagy keres valamit <strong>vape v\u00e1s\u00e1rl\u00e1s online<\/strong>seg\u00edts\u00e9g\u00e9vel a <strong>Vapme Crystal 20K<\/strong> egy pr\u00e9mium v\u00e1laszt\u00e1s mind kiskeresked\u0151k, mind egy\u00e9ni fogyaszt\u00f3k sz\u00e1m\u00e1ra.<\/p>\n<p>T\u00f6k\u00e9letesen alkalmas azok sz\u00e1m\u00e1ra, akik magas min\u0151s\u00e9g\u0171 <strong>\u00fajrat\u00f6lthet\u0151 vape-k<\/strong> or <strong>dobozos vapek<\/strong>, ez a k\u00e9sz\u00fcl\u00e9k kiv\u00e9teles teljes\u00edtm\u00e9nyt \u00e9s k\u00e9nyelmet ny\u00fajt, \u00edgy minden <strong>vape b\u00e1r<\/strong> vagy gy\u0171jtem\u00e9ny r\u00e9sze. Hozza ki a legt\u00f6bbet a vapel\u00e9si \u00e9lm\u00e9ny\u00e9b\u0151l a <strong>Vapme Crystal 20000 Puffs<\/strong>\u2014egy sokoldal\u00fa \u00e9s megb\u00edzhat\u00f3 lehet\u0151s\u00e9g a <strong>eldobhat\u00f3 vape<\/strong> piacon.<\/p>\n<\/div>\n<\/div>\n<\/div>\n<\/div>\n<\/div>\n<\/div>\n<p><strong>L\u00e9pjen kapcsolatba Amyvel, hogy megkapja a helyes v\u00e1laszt \u00e9s a vape kupont!<\/strong><\/p>\n<p><img loading=\"lazy\" decoding=\"async\" class=\"size-full wp-image-1978\" src=\"https:\/\/rmvapesale.com\/wp-content\/uploads\/2024\/09\/Disposable-Vape-Wholesale.jpg\" alt=\"Eldobhat\u00f3 Vape Nagykereskedelem\" width=\"229\" height=\"300\" \/><\/p>\n<h3><a href=\"https:\/\/wa.me\/8617776015835\" target=\"_blank\" rel=\"noopener\"><span style=\"color: #ff0000\"><strong>WhatsApp: +86 17776015835<\/strong><\/span><\/a><\/h3>\n<p>&nbsp;<\/p>\n<h2><\/h2>\n<h2><strong>Vapme Crystal 20000 Puffs eldobhat\u00f3<\/strong><strong>\u00a0<\/strong><strong>F\u0151bb jellemz\u0151k<\/strong><\/h2>\n<p>10+10 \u00cdZ<br \/>\nAkkumul\u00e1tor: 700mAh t\u00edpus-C csatlakoz\u00f3<br \/>\nKapacit\u00e1s: 20mL vapel\u00e9k<br \/>\nTekercs: 1.0 ohm h\u00e1l\u00f3tekercs<br \/>\nSz\u00edv\u00e1sok: t\u00f6bb mint 20000 sz\u00edv\u00e1s<br \/>\n160db\/doboz<br \/>\n20,8kg\/doboz<br \/>\nNikotin: 2%<br \/>\n2 az 1-ben \u00edz\u0171 k\u00e9sz\u00fcl\u00e9k<\/p>\n<h2><strong>Legn\u00e9pszer\u0171bb \u00edz a Vapme Crystal 20000 Puffs-hoz<\/strong><\/h2>\n<p>K\u00fcl\u00f6nb\u00f6z\u0151 \u00edzekben el\u00e9rhet\u0151, bele\u00e9rtve az \u00c1fonya M\u00e1lna &amp; G\u00f6r\u00f6gdinnye J\u00e9g \u00e9s Eper G\u00f6r\u00f6gdinnye &amp; Passi\u00f3gy\u00fcm\u00f6lcs Melon J\u00e9g, a VAPME 20K t\u00f6k\u00e9letes azok sz\u00e1m\u00e1ra, akik szeretn\u00e9k felfedezni a v\u00e1ltozatos \u00edzeket.<\/p>\n<p>1 \u00c1fonya M\u00e1lna + G\u00f6r\u00f6gdinnye j\u00e9g <span style=\"color: #ff0000\"><strong>&gt;&gt;&gt;&gt; Forr\u00f3!<\/strong><\/span><br \/>\n2 Eper Dinnye + Passionfruit Dinnye j\u00e9g<br \/>\n3 Cseresznye j\u00e9g + K\u00e9k razz limon\u00e1d\u00e9<br \/>\n4 Sz\u0151l\u0151 j\u00e9g + Eper kiwi<br \/>\n5 Eper ban\u00e1n + Dupla alma <span style=\"color: #ff0000\"><strong>&gt;&gt;&gt;&gt; Forr\u00f3!<\/strong><\/span><br \/>\n6 Vegyes bogy\u00f3k j\u00e9g + S\u00e1rgabarack mang\u00f3 anan\u00e1sz<br \/>\n7 Eper j\u00e9g + Dinnye kiwi j\u00e9g<br \/>\n8 Energiaital + Cseresznye k\u00f3la<br \/>\n9 Eper m\u00e1lna cukorka + S\u00e1rgabarack j\u00e9g <span style=\"color: #ff0000\"><strong>&gt;&gt;&gt;&gt; A legjobb!<\/strong><\/span><br \/>\n10 Eper mang\u00f3 + Kiwi Passionfruit guava<\/p>\n<figure id=\"attachment_2537\" aria-describedby=\"caption-attachment-2537\" style=\"width: 800px\" class=\"wp-caption alignnone\"><img loading=\"lazy\" decoding=\"async\" class=\"wp-image-2537 size-full\" src=\"https:\/\/rmvapesale.com\/wp-content\/uploads\/2024\/10\/Vape-Vapme-Crystal-20000-Disposable-Vape.jpg\" alt=\"Vape Vapme Krist\u00e1ly 20000 Egyszer haszn\u00e1latos Vape\" width=\"800\" height=\"800\" srcset=\"https:\/\/rmvapesale.com\/wp-content\/uploads\/2024\/10\/Vape-Vapme-Crystal-20000-Disposable-Vape.jpg 800w, https:\/\/rmvapesale.com\/wp-content\/uploads\/2024\/10\/Vape-Vapme-Crystal-20000-Disposable-Vape-300x300.jpg 300w, https:\/\/rmvapesale.com\/wp-content\/uploads\/2024\/10\/Vape-Vapme-Crystal-20000-Disposable-Vape-150x150.jpg 150w, https:\/\/rmvapesale.com\/wp-content\/uploads\/2024\/10\/Vape-Vapme-Crystal-20000-Disposable-Vape-768x768.jpg 768w, https:\/\/rmvapesale.com\/wp-content\/uploads\/2024\/10\/Vape-Vapme-Crystal-20000-Disposable-Vape-600x600.jpg 600w, https:\/\/rmvapesale.com\/wp-content\/uploads\/2024\/10\/Vape-Vapme-Crystal-20000-Disposable-Vape-100x100.jpg 100w\" sizes=\"auto, (max-width: 800px) 100vw, 800px\" \/><figcaption id=\"caption-attachment-2537\" class=\"wp-caption-text\">Vape Vapme Krist\u00e1ly 20000 Egyszer haszn\u00e1latos Vape<\/figcaption><\/figure>\n<h3><strong>Mi\u00e9rt v\u00e1lassza az Rmvapesale-t a Vapme Crystal 20000 Puffs-hoz<\/strong><strong>?<\/strong><\/h3>\n<div class=\"flex-shrink-0 flex flex-col relative items-end\">\n<div class=\"pt-0\">\n<div class=\"gizmo-bot-avatar flex h-8 w-8 items-center justify-center overflow-hidden rounded-full\">\n<div class=\"relative p-1 rounded-sm flex items-center justify-center bg-token-main-surface-primary text-token-text-primary h-8 w-8\">\n<p>&nbsp;<\/p>\n<p>Ha az Rmvapesale-t v\u00e1lasztja az eldobhat\u00f3 vape-ek nagykereskedelm\u00e9hez, a k\u00f6vetkez\u0151 el\u0151ny\u00f6kben r\u00e9szes\u00fcl:<\/p>\n<ul>\n<li><strong>Versenyk\u00e9pes \u00e1rak<\/strong>: Hozz\u00e1f\u00e9rhet vonz\u00f3 nagykereskedelmi \u00e1rakhoz, amelyek n\u00f6velik az \u00fczleti marzsokat.<\/li>\n<li><strong>Magas min\u0151s\u00e9g<\/strong>: Vape-jeink a legmagasabb sz\u00ednvonalon k\u00e9sz\u00fclnek, \u00e9s <span style=\"color: #ff0000\"><strong>garant\u00e1ltan 100% eredetiek \u00e9s hitelesek, hamis \u00e1ru eset\u00e9n 10-szeres k\u00e1rt\u00e9r\u00edt\u00e9st biztos\u00edtunk!<\/strong><\/span><\/li>\n<li><strong>Kiv\u00e1l\u00f3 \u00dcgyf\u00e9lszolg\u00e1lat<\/strong>: Elk\u00f6telezett csapatunk mindig k\u00e9szen \u00e1ll, hogy seg\u00edtsen \u00d6nnek, z\u00f6kken\u0151mentess\u00e9 \u00e9s probl\u00e9mamentess\u00e9 t\u00e9ve a v\u00e1s\u00e1rl\u00e1si folyamatot.<\/li>\n<li><strong>Gyors Sz\u00e1ll\u00edt\u00e1s<\/strong>: Sz\u00e1m\u00edtson gyors \u00e9s megb\u00edzhat\u00f3 sz\u00e1ll\u00edt\u00e1sra, ami biztos\u00edtja, hogy rendel\u00e9sei mindig id\u0151ben meg\u00e9rkezzenek.<\/li>\n<\/ul>\n<\/div>\n<h3><\/h3>\n<div class=\"relative p-1 rounded-sm flex items-center justify-center bg-token-main-surface-primary text-token-text-primary h-8 w-8\">\n<h3><b>GYIK<\/b><\/h3>\n<ul>\n<li><strong>Hogyan haszn\u00e1ljuk a Vapme Crystal 20000 Puffs eldobhat\u00f3 vape tollat<\/strong><br \/>\nA Vapme Crystal 20000 haszn\u00e1lat\u00e1hoz egyszer\u0171en vegye ki a csomagol\u00e1sb\u00f3l, sz\u00edvjon a sz\u00e1jr\u00e9sz\u00e9n kereszt\u00fcl, \u00e9s a k\u00e9sz\u00fcl\u00e9k automatikusan aktiv\u00e1l\u00f3dik. Egyedi jellemz\u0151je a Dupla \u00cdz funkci\u00f3, amely lehet\u0151v\u00e9 teszi, hogy k\u00e9t k\u00fcl\u00f6nb\u00f6z\u0151 \u00edz k\u00f6z\u00f6tt v\u00e1ltson a sokoldal\u00fabb vaping \u00e9lm\u00e9ny\u00e9rt.<\/li>\n<li><strong>Hogyan t\u00f6lts\u00fck a Vapme Crystal 20K Puffs eldobhat\u00f3 vape-t<\/strong><br \/>\nA Vapme Crystal 20000 egy 700mAh \u00fajrat\u00f6lthet\u0151 akkumul\u00e1torral \u00e9rkezik. A t\u00f6lt\u00e9shez haszn\u00e1lja a Type-C t\u00f6lt\u0151portot. Csatlakoztassa a k\u00e9sz\u00fcl\u00e9ket egy t\u00e1pegys\u00e9ghez Type-C k\u00e1bellel, \u00e9s gyorsan \u00fajrat\u00f6lt\u0151dik hosszabb vaping \u00fcl\u00e9sekhez.<\/li>\n<li><strong>Mennyi nikotin van a Vapme Crystal 20000 Puffs-ban<\/strong><br \/>\nA Vapme Crystal 20000 Puffs nikotinszintje nem szerepel a tartalomban. Azonban az eldobhat\u00f3 vape-k \u00e1ltal\u00e1ban k\u00fcl\u00f6nb\u00f6z\u0151 nikotinszinteken kaphat\u00f3k (0%, 2%, 5% stb.). Ellen\u0151rizze az elad\u00f3n\u00e1l vagy a term\u00e9k csomagol\u00e1s\u00e1n a pontos nikotin tartalmat.<\/li>\n<li><strong>Meddig kell t\u00f6ltenem a Crystal 20000 Puffs-t?<\/strong><br \/>\nA pontos t\u00f6lt\u00e9si id\u0151 a forr\u00e1st\u00f3l f\u00fcgg, de a Type-C gyors t\u00f6lt\u00e9s k\u00e9pess\u00e9g\u00e9nek k\u00f6sz\u00f6nhet\u0151en viszonylag gyorsan t\u00f6lt\u0151dik. Figyelheti a k\u00e9sz\u00fcl\u00e9ket t\u00f6lt\u00e9s k\u00f6zben vagy az esetleges t\u00f6lt\u00e9si jelz\u0151ket, hogy tudja, mikor van teljesen felt\u00f6ltve.<\/li>\n<li><strong>Hol v\u00e1s\u00e1rolhatok Vapme Crystal 20000 Puffs eldobhat\u00f3 vape rudat<\/strong><br \/>\nA Vapme Crystal 20000 Puffs megv\u00e1s\u00e1rolhat\u00f3 vape keresked\u0151kn\u00e9l, online vape boltokban vagy nagykereskedelmi forgalmaz\u00f3kn\u00e1l, akik eldobhat\u00f3 vape-ket k\u00edn\u00e1lnak. N\u00e9pszer\u0171 v\u00e1laszt\u00e1s egy\u00e9ni fogyaszt\u00f3k \u00e9s vape bolt tulajdonosok sz\u00e1m\u00e1ra egyar\u00e1nt. Ellen\u0151rizze a helyi vape boltokban vagy b\u00f6ng\u00e9sszen online platformokon, amelyek vape term\u00e9kekkel foglalkoznak.<\/li>\n<\/ul>\n<\/div>\n<\/div>\n<\/div>\n<\/div>\n<h3>A Sz\u00e1ll\u00edt\u00e1sr\u00f3l<\/h3>\n<div class=\"flex-shrink-0 flex flex-col relative items-end\">\n<div>\n<div class=\"pt-0\">\n<div class=\"gizmo-bot-avatar flex h-8 w-8 items-center justify-center overflow-hidden rounded-full\">\n<div><\/div>\n<div class=\"relative p-1 rounded-sm flex items-center justify-center bg-token-main-surface-primary text-token-text-primary h-8 w-8\"><strong>1. Milyen sz\u00e1ll\u00edt\u00e1si m\u00f3dokat haszn\u00e1lnak?<\/strong><\/div>\n<\/div>\n<\/div>\n<\/div>\n<\/div>\n<div class=\"group\/conversation-turn relative flex w-full min-w-0 flex-col agent-turn\">\n<div class=\"flex-col gap-1 md:gap-3\">\n<div class=\"flex max-w-full flex-col flex-grow\">\n<div class=\"min-h-[20px] text-message flex w-full flex-col items-end gap-2 whitespace-normal break-words [.text-message+&amp;]:mt-5 overflow-x-auto\" dir=\"auto\" data-message-author-role=\"assistant\" data-message-id=\"22f8283b-3233-46ff-89a5-c7a41b33abda\">\n<div class=\"flex w-full flex-col gap-1 empty:hidden first:pt-[3px]\">\n<div class=\"markdown prose w-full break-words dark:prose-invert light\">\n<p>Partnerei vagyunk a UPS, DHL, FedEx, DPD \u00e9s m\u00e1s vezet\u0151 fuvaroz\u00f3knak. A legjobb sz\u00e1ll\u00edt\u00e1si m\u00f3dot fogjuk kiv\u00e1lasztani a sz\u00e1ll\u00edt\u00e1si helysz\u00edne alapj\u00e1n, hogy a lehet\u0151 leggyorsabban megkapja a term\u00e9keit.<\/p>\n<\/div>\n<p><strong>2. Mennyi id\u0151 alatt \u00e9rkezik meg?<\/strong><\/p>\n<p>A csomagok \u00e1ltal\u00e1ban 10 munkanapon bel\u00fcl meg\u00e9rkeznek Magyarorsz\u00e1gra. Az eur\u00f3pai orsz\u00e1gokba t\u00f6rt\u00e9n\u0151 sz\u00e1ll\u00edt\u00e1s \u00e1ltal\u00e1ban 12-15 munkanapot vesz ig\u00e9nybe. Folyamatosan t\u00e1j\u00e9koztatjuk a sz\u00e1ll\u00edt\u00e1si st\u00e1tuszr\u00f3l.<\/p>\n<\/div>\n<\/div>\n<\/div>\n<\/div>\n<\/div>\n<p>&nbsp;<\/p>\n<p>Tov\u00e1bbi n\u00e9pszer\u0171 vape term\u00e9kek, amik tetszhetnek:<\/p>\n<p><a href=\"https:\/\/rmvapesale.com\/hu\/product\/fumot-randm-tornado-30000-puffs-30k-music-disposable-vape\/\"><strong>RandM Tornado 30000 Puff\u00a0 \u00a0<span style=\"color: #ff0000\">&gt;&gt;&gt;&gt; ide!<\/span><\/strong><\/a><\/p>\n<p><strong><a href=\"https:\/\/rmvapesale.com\/hu\/product\/aivono-22000-rechargeable-vapes-with-display-screen\/\">Aivono Aim Fatpro 22000 slukk <span style=\"color: #ff0000\">&gt;&gt;&gt;&gt; ide!<\/span><\/a>\u00a0<\/strong><\/p>\n<p><a href=\"https:\/\/rmvapesale.com\/hu\/product\/original-randm-vape-digital-puff-12000-fumot-factory-price\/\"><strong>Fumot Vape 12000 slukk <span style=\"color: #ff0000\">&gt;&gt;&gt;&gt; ide!<\/span><\/strong><\/a><\/p>\n<p>&nbsp;<\/p>\n<p>&nbsp;<\/p>\n<p>Tal\u00e1lja meg a tov\u00e1bbi vape term\u00e9keket, amelyek tetszhetnek \u00d6nnek:<strong><em><a href=\"https:\/\/rmvapesale.com\/hu\/shop-2\/\">V\u00e1s\u00e1roljon most &gt;&gt;&gt;<\/a><\/em><\/strong><\/p>","protected":false},"excerpt":{"rendered":"<p>Nagykereskedelmi Vape Vapme Crystal 20000 Puffs Eldobhat\u00f3<br \/>\nVapme Crystal 20000 Puffs K\u00e9t \u00cdz\u0171 Egyszer haszn\u00e1latos Vape<br \/>\nVapme Crystal 20000 K\u00e9t Krist\u00e1ly Vape B\u00e1r Nagykereskedelem<\/p>\n<p><img loading=\"lazy\" decoding=\"async\" class=\"size-full wp-image-2375\" src=\"https:\/\/rmvapesale.com\/wp-content\/uploads\/2024\/10\/image.png\" alt=\"Legjobb Eldobhat\u00f3 Vape\" width=\"229\" height=\"300\" \/><\/p>\n<h3><a href=\"https:\/\/wa.me\/8617776015835\"><span style=\"color: #ff0000\"><strong>WhatsApp: +86 17776015835<\/strong><\/span><\/a><\/h3>\n<p>&nbsp;<\/p>","protected":false},"featured_media":2539,"comment_status":"open","ping_status":"closed","template":"","meta":{"_uag_custom_page_level_css":"","_lmt_disableupdate":"no","_lmt_disable":"","site-sidebar-layout":"default","site-content-layout":"content-boxed-container","ast-site-content-layout":"normal-width-container","site-content-style":"boxed","site-sidebar-style":"unboxed","ast-global-header-display":"","ast-banner-title-visibility":"","ast-main-header-display":"","ast-hfb-above-header-display":"","ast-hfb-below-header-display":"","ast-hfb-mobile-header-display":"","site-post-title":"","ast-breadcrumbs-content":"","ast-featured-img":"","footer-sml-layout":"","theme-transparent-header-meta":"default","adv-header-id-meta":"","stick-header-meta":"","header-above-stick-meta":"","header-main-stick-meta":"","header-below-stick-meta":"","astra-migrate-meta-layouts":"set","ast-page-background-enabled":"default","ast-page-background-meta":{"desktop":{"background-color":"var(--ast-global-color-4)","background-image":"","background-repeat":"repeat","background-position":"center center","background-size":"auto","background-attachment":"scroll","background-type":"","background-media":"","overlay-type":"","overlay-color":"","overlay-opacity":"","overlay-gradient":""},"tablet":{"background-color":"","background-image":"","background-repeat":"repeat","background-position":"center center","background-size":"auto","background-attachment":"scroll","background-type":"","background-media":"","overlay-type":"","overlay-color":"","overlay-opacity":"","overlay-gradient":""},"mobile":{"background-color":"","background-image":"","background-repeat":"repeat","background-position":"center center","background-size":"auto","background-attachment":"scroll","background-type":"","background-media":"","overlay-type":"","overlay-color":"","overlay-opacity":"","overlay-gradient":""}},"ast-content-background-meta":{"desktop":{"background-color":"var(--ast-global-color-5)","background-image":"","background-repeat":"repeat","background-position":"center center","background-size":"auto","background-attachment":"scroll","background-type":"","background-media":"","overlay-type":"","overlay-color":"","overlay-opacity":"","overlay-gradient":""},"tablet":{"background-color":"var(--ast-global-color-5)","background-image":"","background-repeat":"repeat","background-position":"center center","background-size":"auto","background-attachment":"scroll","background-type":"","background-media":"","overlay-type":"","overlay-color":"","overlay-opacity":"","overlay-gradient":""},"mobile":{"background-color":"var(--ast-global-color-5)","background-image":"","background-repeat":"repeat","background-position":"center center","background-size":"auto","background-attachment":"scroll","background-type":"","background-media":"","overlay-type":"","overlay-color":"","overlay-opacity":"","overlay-gradient":""}},"_joinchat":[]},"product_brand":[],"product_cat":[15,25,123,26,28,135,27,137,136,30],"product_tag":[146,188,124,155,186,38,165,166,120],"class_list":{"0":"post-2540","1":"product","2":"type-product","3":"status-publish","4":"has-post-thumbnail","6":"product_cat-new-vape-this-week","7":"product_cat-germany-best-selling-vape","8":"product_cat-italy-wholesale-vape","9":"product_cat-netherlands-hot-sale-vape","10":"product_cat-poland-hot-sale-vape","11":"product_cat-spain-best-hot-sale-vape","12":"product_cat-fance-hot-sale-vape","13":"product_cat-rechargeable-vapes","14":"product_cat-smart-screen-vapes","15":"product_cat-minimum-order-quantity-50pcs","16":"product_tag-best-hot-sale-vape","17":"product_tag-buy-vapes-online","18":"product_tag-crystal-vape","19":"product_tag-digital-display-box","20":"product_tag-fumot-30k","21":"product_tag-randm-vape","22":"product_tag-rechargeable-vapes","23":"product_tag-tornado-vape","24":"product_tag-vape-wholesale","25":"desktop-align-left","26":"tablet-align-left","27":"mobile-align-left","29":"first","30":"instock","31":"sale","32":"shipping-taxable","33":"purchasable","34":"product-type-simple"},"uagb_featured_image_src":{"full":["https:\/\/rmvapesale.com\/wp-content\/uploads\/2024\/10\/Wholesale-Vape-Vapme-Crystal-20000-Puffs-Disposable.jpg",800,800,false],"thumbnail":["https:\/\/rmvapesale.com\/wp-content\/uploads\/2024\/10\/Wholesale-Vape-Vapme-Crystal-20000-Puffs-Disposable-150x150.jpg",150,150,true],"medium":["https:\/\/rmvapesale.com\/wp-content\/uploads\/2024\/10\/Wholesale-Vape-Vapme-Crystal-20000-Puffs-Disposable-300x300.jpg",300,300,true],"medium_large":["https:\/\/rmvapesale.com\/wp-content\/uploads\/2024\/10\/Wholesale-Vape-Vapme-Crystal-20000-Puffs-Disposable-768x768.jpg",768,768,true],"large":["https:\/\/rmvapesale.com\/wp-content\/uploads\/2024\/10\/Wholesale-Vape-Vapme-Crystal-20000-Puffs-Disposable.jpg",800,800,false],"1536x1536":["https:\/\/rmvapesale.com\/wp-content\/uploads\/2024\/10\/Wholesale-Vape-Vapme-Crystal-20000-Puffs-Disposable.jpg",800,800,false],"2048x2048":["https:\/\/rmvapesale.com\/wp-content\/uploads\/2024\/10\/Wholesale-Vape-Vapme-Crystal-20000-Puffs-Disposable.jpg",800,800,false],"trp-custom-language-flag":["https:\/\/rmvapesale.com\/wp-content\/uploads\/2024\/10\/Wholesale-Vape-Vapme-Crystal-20000-Puffs-Disposable.jpg",12,12,false],"woocommerce_thumbnail":["https:\/\/rmvapesale.com\/wp-content\/uploads\/2024\/10\/Wholesale-Vape-Vapme-Crystal-20000-Puffs-Disposable-300x300.jpg",300,300,true],"woocommerce_single":["https:\/\/rmvapesale.com\/wp-content\/uploads\/2024\/10\/Wholesale-Vape-Vapme-Crystal-20000-Puffs-Disposable-600x600.jpg",600,600,true],"woocommerce_gallery_thumbnail":["https:\/\/rmvapesale.com\/wp-content\/uploads\/2024\/10\/Wholesale-Vape-Vapme-Crystal-20000-Puffs-Disposable-100x100.jpg",100,100,true],"wcpr-photo-reviews":["https:\/\/rmvapesale.com\/wp-content\/uploads\/2024\/10\/Wholesale-Vape-Vapme-Crystal-20000-Puffs-Disposable.jpg",500,500,false]},"uagb_author_info":{"display_name":"AMY","author_link":"https:\/\/rmvapesale.com\/hu\/author\/"},"uagb_comment_info":0,"uagb_excerpt":"Wholesale Vape Vapme Crystal 20000 Puffs Disposable Vapme Crystal 20000 Puffs Dual Flavors Disposable Vape Vapme Crystal 20000 Double Crystal Vape Bar Wholesale WhatsApp: +86 17776015835 &nbsp;","_links":{"self":[{"href":"https:\/\/rmvapesale.com\/hu\/wp-json\/wp\/v2\/product\/2540","targetHints":{"allow":["GET"]}}],"collection":[{"href":"https:\/\/rmvapesale.com\/hu\/wp-json\/wp\/v2\/product"}],"about":[{"href":"https:\/\/rmvapesale.com\/hu\/wp-json\/wp\/v2\/types\/product"}],"replies":[{"embeddable":true,"href":"https:\/\/rmvapesale.com\/hu\/wp-json\/wp\/v2\/comments?post=2540"}],"wp:featuredmedia":[{"embeddable":true,"href":"https:\/\/rmvapesale.com\/hu\/wp-json\/wp\/v2\/media\/2539"}],"wp:attachment":[{"href":"https:\/\/rmvapesale.com\/hu\/wp-json\/wp\/v2\/media?parent=2540"}],"wp:term":[{"taxonomy":"product_brand","embeddable":true,"href":"https:\/\/rmvapesale.com\/hu\/wp-json\/wp\/v2\/product_brand?post=2540"},{"taxonomy":"product_cat","embeddable":true,"href":"https:\/\/rmvapesale.com\/hu\/wp-json\/wp\/v2\/product_cat?post=2540"},{"taxonomy":"product_tag","embeddable":true,"href":"https:\/\/rmvapesale.com\/hu\/wp-json\/wp\/v2\/product_tag?post=2540"}],"curies":[{"name":"wp","href":"https:\/\/api.w.org\/{rel}","templated":true}]}}