{"id":2554,"date":"2024-10-25T06:27:27","date_gmt":"2024-10-25T06:27:27","guid":{"rendered":"https:\/\/rmvapesale.com\/?post_type=product&#038;p=2554"},"modified":"2024-10-25T07:32:34","modified_gmt":"2024-10-25T07:32:34","slug":"aivono-aim-lost-mary-6500-puff-disposable-vape-box-wholesale","status":"publish","type":"product","link":"https:\/\/rmvapesale.com\/hu\/product\/aivono-aim-lost-mary-6500-puff-disposable-vape-box-wholesale\/","title":{"rendered":"AIVONO AIM Lost Mary 6500 Puff eldobhat\u00f3 vape doboz nagykeresked\u00e9s"},"content":{"rendered":"<div class=\"B2VR9 CJHX3e\">\n<div class=\"wyccme\">\n<h1 class=\"LC20lb MBeuO DKV0Md\">AIVONO AIM Lost Mary 6500 Puff eldobhat\u00f3 vape doboz nagykeresked\u00e9s<\/h1>\n<div class=\"flex-shrink-0 flex flex-col relative items-end\">\n<div class=\"pt-0\">\n<div class=\"gizmo-bot-avatar flex h-8 w-8 items-center justify-center overflow-hidden rounded-full\">\n<div class=\"relative p-1 rounded-sm flex items-center justify-center bg-token-main-surface-primary text-token-text-primary h-8 w-8\">\n<p>Az AIVONO AIM Lost Mary 6500 sz\u00edv\u00e1s <strong>Eldobhat\u00f3 Vape Doboz<\/strong> egy pr\u00e9mium v\u00e1laszt\u00e1s a <strong>6500 sz\u00edv\u00e1sos vape<\/strong> kateg\u00f3ri\u00e1ban, melyet \u00fagy terveztek, hogy hosszan tart\u00f3 \u00e9s \u00edzletes \u00e9lm\u00e9nyt ny\u00fajtson. A nagy, 13 ml-es e-liquid kapacit\u00e1ssal ez a kompakt \u00e9s hordozhat\u00f3 <strong>dobozos vape<\/strong> t\u00f6k\u00e9letes a magas sz\u00edv\u00e1ssz\u00e1mot \u00e9s alacsony karbantart\u00e1st ig\u00e9nyl\u0151 vaperek sz\u00e1m\u00e1ra. A 650 mAh-s \u00fajrat\u00f6lthet\u0151 akkumul\u00e1torral \u00e9s Type-C t\u00f6lt\u0151csatlakoz\u00f3val a Lost Mary 6500 egyenletes teljes\u00edtm\u00e9nyt biztos\u00edt, gyors \u00e9s egyszer\u0171 \u00fajrat\u00f6lt\u00e9ssel, \u00edgy ide\u00e1lis v\u00e1laszt\u00e1s azok sz\u00e1m\u00e1ra, akik felfedezn\u00e9k <strong>\u00fajrat\u00f6lthet\u0151 vape-k<\/strong>.<\/p>\n<p>Ak\u00e1r 6500 sz\u00edv\u00e1st is biztos\u00edt, ez a <strong>eldobhat\u00f3 vape<\/strong> fejlett MESH tekercs technol\u00f3gi\u00e1val rendelkezik, amely sima, gazdag \u00edzt k\u00edn\u00e1l minden bel\u00e9gz\u00e9skor. \u00c1ll\u00edthat\u00f3 l\u00e9g\u00e1raml\u00e1si rendszere lehet\u0151v\u00e9 teszi a felhaszn\u00e1l\u00f3k sz\u00e1m\u00e1ra, hogy testreszabj\u00e1k a g\u0151z\u00f6l\u00e9si \u00e9lm\u00e9ny\u00fcket, a szorosabbt\u00f3l a laz\u00e1bb h\u00faz\u00e1sokig. 10 egyedi \u00edzben kaphat\u00f3, ez az eszk\u00f6z a v\u00e1ltozatos preferenci\u00e1kat szolg\u00e1lja ki, \u00edgy a legkedveltebb v\u00e1laszt\u00e1s a <strong>vape bolt<\/strong> tulajdonosok sz\u00e1m\u00e1ra \u00e9s azoknak, akik <strong>vape v\u00e1s\u00e1rl\u00e1s online<\/strong>.<\/p>\n<p>Ak\u00e1r egy <strong>vape b\u00e1r<\/strong> tulajdonos, aki <strong>nagykereskedelmi vape<\/strong> keres a v\u00e1llalkoz\u00e1sa sz\u00e1m\u00e1ra, vagy egy egy\u00e9n, aki egy k\u00e9nyelmes, hosszan tart\u00f3 opci\u00f3t keres, az <strong>AIVONO<\/strong> AIM 6500 sz\u00edv\u00e1s a kiel\u00e9g\u00fcl\u00e9st szolg\u00e1lja. Min\u0151s\u00e9gi fel\u00e9p\u00edt\u00e9s\u00e9vel \u00e9s felhaszn\u00e1l\u00f3-k\u00f6zpont\u00fa funkci\u00f3ival a <strong>2024 legjobb eldobhat\u00f3 vape-jai<\/strong>.<\/p>\n<\/div>\n<\/div>\n<\/div>\n<\/div>\n<\/div>\n<\/div>\n<p><strong>L\u00e9pjen kapcsolatba Amyvel, hogy megkapja a helyes v\u00e1laszt \u00e9s a vape kupont!<\/strong><\/p>\n<p><img loading=\"lazy\" decoding=\"async\" class=\"size-full wp-image-1978\" src=\"https:\/\/rmvapesale.com\/wp-content\/uploads\/2024\/09\/Disposable-Vape-Wholesale.jpg\" alt=\"Eldobhat\u00f3 Vape Nagykereskedelem\" width=\"229\" height=\"300\" \/><\/p>\n<h3><a href=\"https:\/\/wa.me\/8617776015835\" target=\"_blank\" rel=\"noopener\"><span style=\"color: #ff0000\"><strong>WhatsApp: +86 17776015835<\/strong><\/span><\/a><\/h3>\n<p>&nbsp;<\/p>\n<h2><\/h2>\n<h2><strong>k\u00f6z\u00e9 sorolhat\u00f3<\/strong><strong>\u00a0<\/strong><strong>F\u0151bb jellemz\u0151k<\/strong><\/h2>\n<p>&nbsp;<\/p>\n<p>AIVONO Lost Mary 6500 Eldobhat\u00f3 Vape<br \/>\nPod kapacit\u00e1s: 13ml<br \/>\nSz\u00edv\u00e1s:6500 sz\u00edv\u00e1s<br \/>\n\u00dajrat\u00f6lthet\u0151:C-t\u00edpus\u00fa csatlakoz\u00f3<br \/>\nKapacit\u00e1s:13 ml<br \/>\n\u00cdzek:10 \u00edz<\/p>\n<h2><strong>Legjobb \u00edz a <\/strong><strong>\u00dajrat\u00f6lthet\u0151 Vape AIVONO Lost Mary 6500 sz\u00edv\u00e1s<\/strong><\/h2>\n<p>Ez az AIVONO Lost Mary 6500 sz\u00edv\u00e1s\u00a0 <strong>dobozos vape<\/strong> k\u00e9sz\u00fcl\u00e9k k\u00edn\u00e1l <strong>12 izgalmas \u00edzben<\/strong>, a fanyar, sz\u00e9trobban\u00f3 <strong>K\u00e9k m\u00e1lna limon\u00e1d\u00e9t\u00f3l<\/strong> a friss\u00edt\u0151en h\u0171s\u00edt\u0151 <strong>Dinnye j\u00e9g<\/strong> \u00e9s a tr\u00f3pusi kever\u00e9k <strong>Mang\u00f3 \u0151szibarack anan\u00e1sz<\/strong>. Ak\u00e1r az \u00e9des, gy\u00fcm\u00f6lcs\u00f6s vagy jeges \u00edzeket r\u00e9szes\u00edti el\u0151nyben, a Vapme Spacex minden \u00edzl\u00e9shez k\u00edn\u00e1l valamit.<\/p>\n<p>1. Aloe feketeribizli j\u00e9g<span style=\"color: #ff0000\"><strong>&gt;&gt;&gt;&gt; Forr\u00f3!<\/strong><\/span><br \/>\n2. Cseresznye s\u00e1rgadinnye<br \/>\n3. Eper fagylalt<br \/>\n4. Eper kivi j\u00e9g<br \/>\n5. Anan\u00e1sz k\u00f3kusz j\u00e9g<br \/>\n6. Citrom menta<br \/>\n7. Feh\u00e9r \u0151szibarack grapefruit dinnye<br \/>\n8. g\u00f6r\u00f6gdinnye r\u00e1g\u00f3gumi j\u00e9g<span style=\"color: #ff0000\"><strong>&gt;&gt;&gt;&gt; A legjobb!<\/strong><\/span><br \/>\n9. eper j\u00e9g<span style=\"color: #ff0000\"><strong>&gt;&gt;&gt;&gt; Forr\u00f3!<\/strong><\/span><\/p>\n<figure id=\"attachment_2549\" aria-describedby=\"caption-attachment-2549\" style=\"width: 600px\" class=\"wp-caption alignnone\"><img loading=\"lazy\" decoding=\"async\" class=\"wp-image-2549 size-full\" src=\"https:\/\/rmvapesale.com\/wp-content\/uploads\/2024\/10\/AIM-PUFFSTAR-6500-Puffs-Disposable-Vape-Flavor.jpg\" alt=\"AIM PUFFSTAR 6500 Puffs Eldobhat\u00f3 Vape \u00edz\" width=\"600\" height=\"600\" srcset=\"https:\/\/rmvapesale.com\/wp-content\/uploads\/2024\/10\/AIM-PUFFSTAR-6500-Puffs-Disposable-Vape-Flavor.jpg 600w, https:\/\/rmvapesale.com\/wp-content\/uploads\/2024\/10\/AIM-PUFFSTAR-6500-Puffs-Disposable-Vape-Flavor-300x300.jpg 300w, https:\/\/rmvapesale.com\/wp-content\/uploads\/2024\/10\/AIM-PUFFSTAR-6500-Puffs-Disposable-Vape-Flavor-150x150.jpg 150w, https:\/\/rmvapesale.com\/wp-content\/uploads\/2024\/10\/AIM-PUFFSTAR-6500-Puffs-Disposable-Vape-Flavor-100x100.jpg 100w\" sizes=\"auto, (max-width: 600px) 100vw, 600px\" \/><figcaption id=\"caption-attachment-2549\" class=\"wp-caption-text\">AIM PUFFSTAR 6500 Puffs Eldobhat\u00f3 Vape \u00edz<\/figcaption><\/figure>\n<p>&nbsp;<\/p>\n<h3><strong>Mi\u00e9rt v\u00e1lassza az Rmvapesale-t az AIVONO Lost Mary 6500 eldobhat\u00f3 vape-hez<\/strong><strong>?<\/strong><\/h3>\n<div class=\"flex-shrink-0 flex flex-col relative items-end\">\n<div class=\"pt-0\">\n<div class=\"gizmo-bot-avatar flex h-8 w-8 items-center justify-center overflow-hidden rounded-full\">\n<div class=\"relative p-1 rounded-sm flex items-center justify-center bg-token-main-surface-primary text-token-text-primary h-8 w-8\">\n<p>&nbsp;<\/p>\n<p>Ha az Rmvapesale-t v\u00e1lasztja az eldobhat\u00f3 vape-ek nagykereskedelm\u00e9hez, a k\u00f6vetkez\u0151 el\u0151ny\u00f6kben r\u00e9szes\u00fcl:<\/p>\n<ul>\n<li><strong>Versenyk\u00e9pes \u00e1rak<\/strong>: Hozz\u00e1f\u00e9rhet vonz\u00f3 nagykereskedelmi \u00e1rakhoz, amelyek n\u00f6velik az \u00fczleti marzsokat.<\/li>\n<li><strong>Magas min\u0151s\u00e9g<\/strong>: Vape-jeink a legmagasabb sz\u00ednvonalon k\u00e9sz\u00fclnek, \u00e9s <span style=\"color: #ff0000\"><strong>garant\u00e1ltan 100% eredetiek \u00e9s hitelesek, hamis \u00e1ru eset\u00e9n 10-szeres k\u00e1rt\u00e9r\u00edt\u00e9st biztos\u00edtunk!<\/strong><\/span><\/li>\n<li><strong>Kiv\u00e1l\u00f3 \u00dcgyf\u00e9lszolg\u00e1lat<\/strong>: Elk\u00f6telezett csapatunk mindig k\u00e9szen \u00e1ll, hogy seg\u00edtsen \u00d6nnek, z\u00f6kken\u0151mentess\u00e9 \u00e9s probl\u00e9mamentess\u00e9 t\u00e9ve a v\u00e1s\u00e1rl\u00e1si folyamatot.<\/li>\n<li><strong>Gyors Sz\u00e1ll\u00edt\u00e1s<\/strong>: Sz\u00e1m\u00edtson gyors \u00e9s megb\u00edzhat\u00f3 sz\u00e1ll\u00edt\u00e1sra, ami biztos\u00edtja, hogy rendel\u00e9sei mindig id\u0151ben meg\u00e9rkezzenek.<\/li>\n<\/ul>\n<\/div>\n<h3><\/h3>\n<div class=\"relative p-1 rounded-sm flex items-center justify-center bg-token-main-surface-primary text-token-text-primary h-8 w-8\">\n<h3><b>\u00dajrat\u00f6lthet\u0151 Vape AIVONO Lost Mary 6500 Puff GYIK<\/b><\/h3>\n<ul>\n<li><strong>Hogyan kell t\u00f6lteni az AIVONO 6500 \u00fajrat\u00f6lthet\u0151 eldobhat\u00f3 vape-et<\/strong><br \/>\nAz AIVONO Lost Mary 6500 Puff Type-C t\u00f6lt\u0151csatlakoz\u00f3n kereszt\u00fcl t\u00f6lthet\u0151. A t\u00f6lt\u00e9shez csatlakoztasson egy Type-C k\u00e1belt egy \u00e1ramforr\u00e1shoz, \u00e9s a 650mAh-s akkumul\u00e1tor gyorsan felt\u00f6lt\u0151dik, ami hosszabb g\u0151z\u00f6l\u00e9si id\u0151t tesz lehet\u0151v\u00e9.<\/li>\n<li><strong>Mennyi nikotin van az AIVONO Lost Mary 6500 Puff-ban<\/strong><br \/>\nAz AIVONO Lost Mary 6500 Puff nikotintartalma nincs megadva a tartalomban. Azonban az ilyen eldobhat\u00f3 vape-ek gyakran kaphat\u00f3k k\u00fcl\u00f6nb\u00f6z\u0151 nikotinszintekkel, p\u00e9ld\u00e1ul 2% (20 mg) vagy 5% (50 mg), hogy megfeleljenek a k\u00fcl\u00f6nb\u00f6z\u0151 preferenci\u00e1knak. A pontos inform\u00e1ci\u00f3\u00e9rt ellen\u0151rizze a kiskeresked\u0151n\u00e9l vagy a csomagol\u00e1son.<\/li>\n<li><strong>Mennyi ideig kell t\u00f6ltenem a Lost Mary 6500 eldobhat\u00f3 Vape Box-omat?<\/strong><br \/>\nA t\u00f6lt\u00e9si id\u0151 a t\u00e1pegys\u00e9gt\u0151l f\u00fcgg, de a Type-C gyorst\u00f6lt\u00e9si k\u00e9pess\u00e9gnek k\u00f6sz\u00f6nhet\u0151en viszonylag gyorsan felt\u00f6lthet\u0151. T\u00f6lt\u00e9s k\u00f6zben figyelje a k\u00e9sz\u00fcl\u00e9ket, \u00e9s javasolt a t\u00f6lt\u00e9sjelz\u0151ket ellen\u0151rizni, hogy megtudja, mikor van teljesen felt\u00f6ltve.<\/li>\n<li><strong>Hol v\u00e1s\u00e1rolhatok AIVONO Lost Mary 6500 eldobhat\u00f3 vape-et?<\/strong><br \/>\nAz AIVONO Lost Mary 6500 eldobhat\u00f3 vape megv\u00e1s\u00e1rolhat\u00f3 <strong>vape boltokban<\/strong>, online platformokon, ahol <strong>vape v\u00e1s\u00e1rl\u00e1s online<\/strong>, vagy <strong>nagykereskedelmi vape<\/strong> besz\u00e1ll\u00edt\u00f3kt\u00f3l. Ellen\u0151rizze az online vape kiskeresked\u0151ket vagy a helyi \u00fczleteket a rendelkez\u00e9sre \u00e1ll\u00e1s\u00e9rt.<\/li>\n<li><strong>Melyek a 2024 legjobb eldobhat\u00f3 vape-ei?<\/strong><br \/>\nA 2024 legjobb eldobhat\u00f3 vape-ei k\u00f6z\u00e9 tartozik:<\/p>\n<ul>\n<li><strong>AIVONO Lost Mary 6500 Puff<\/strong>: Hatalmas e-liquid kapacit\u00e1s\u00e1r\u00f3l, \u00fajrat\u00f6lthet\u0151 akkumul\u00e1tor\u00e1r\u00f3l \u00e9s \u00e1ll\u00edthat\u00f3 l\u00e9g\u00e1raml\u00e1s\u00e1r\u00f3l ismert.<\/li>\n<li><strong>Vapme Crystal 20000 Puffs<\/strong>: Kett\u0151s \u00edz funkci\u00f3val rendelkezik a sokoldal\u00fa g\u0151z\u00f6l\u00e9si \u00e9lm\u00e9ny \u00e9rdek\u00e9ben.<\/li>\n<li><strong>Fumot RandM Tornado 30000 Puffs<\/strong>: Zen\u00e9vel szinkroniz\u00e1lt RGB-f\u00e9nyeivel t\u0171nik ki.<\/li>\n<li><strong>Aivono Fatpro 22000 Puffs<\/strong>: Testreszabhat\u00f3 l\u00e9g\u00e1raml\u00e1st \u00e9s fejlett h\u00e1l\u00f3s tekercs technol\u00f3gi\u00e1t k\u00edn\u00e1l.<\/li>\n<\/ul>\n<\/li>\n<\/ul>\n<\/div>\n<\/div>\n<\/div>\n<\/div>\n<h3>A Sz\u00e1ll\u00edt\u00e1sr\u00f3l<\/h3>\n<div class=\"flex-shrink-0 flex flex-col relative items-end\">\n<div>\n<div class=\"pt-0\">\n<div class=\"gizmo-bot-avatar flex h-8 w-8 items-center justify-center overflow-hidden rounded-full\">\n<div><\/div>\n<div class=\"relative p-1 rounded-sm flex items-center justify-center bg-token-main-surface-primary text-token-text-primary h-8 w-8\"><strong>1. Milyen sz\u00e1ll\u00edt\u00e1si m\u00f3dokat haszn\u00e1lnak?<\/strong><\/div>\n<\/div>\n<\/div>\n<\/div>\n<\/div>\n<div class=\"group\/conversation-turn relative flex w-full min-w-0 flex-col agent-turn\">\n<div class=\"flex-col gap-1 md:gap-3\">\n<div class=\"flex max-w-full flex-col flex-grow\">\n<div class=\"min-h-[20px] text-message flex w-full flex-col items-end gap-2 whitespace-normal break-words [.text-message+&amp;]:mt-5 overflow-x-auto\" dir=\"auto\" data-message-author-role=\"assistant\" data-message-id=\"22f8283b-3233-46ff-89a5-c7a41b33abda\">\n<div class=\"flex w-full flex-col gap-1 empty:hidden first:pt-[3px]\">\n<div class=\"markdown prose w-full break-words dark:prose-invert light\">\n<p>Partnerei vagyunk a UPS, DHL, FedEx, DPD \u00e9s m\u00e1s vezet\u0151 fuvaroz\u00f3knak. A legjobb sz\u00e1ll\u00edt\u00e1si m\u00f3dot fogjuk kiv\u00e1lasztani a sz\u00e1ll\u00edt\u00e1si helysz\u00edne alapj\u00e1n, hogy a lehet\u0151 leggyorsabban megkapja a term\u00e9keit.<\/p>\n<\/div>\n<p><strong>2. Mennyi id\u0151 alatt \u00e9rkezik meg?<\/strong><\/p>\n<p>A csomagok \u00e1ltal\u00e1ban 10 munkanapon bel\u00fcl meg\u00e9rkeznek Magyarorsz\u00e1gra. Az eur\u00f3pai orsz\u00e1gokba t\u00f6rt\u00e9n\u0151 sz\u00e1ll\u00edt\u00e1s \u00e1ltal\u00e1ban 12-15 munkanapot vesz ig\u00e9nybe. Folyamatosan t\u00e1j\u00e9koztatjuk a sz\u00e1ll\u00edt\u00e1si st\u00e1tuszr\u00f3l.<\/p>\n<\/div>\n<\/div>\n<\/div>\n<\/div>\n<\/div>\n<p>&nbsp;<\/p>\n<p>Tov\u00e1bbi n\u00e9pszer\u0171 vape term\u00e9kek, amik tetszhetnek:<\/p>\n<p><a href=\"https:\/\/rmvapesale.com\/hu\/product\/fumot-randm-tornado-30000-puffs-30k-music-disposable-vape\/\"><strong>RandM Tornado 30000 Puff\u00a0 \u00a0<span style=\"color: #ff0000\">&gt;&gt;&gt;&gt; ide!<\/span><\/strong><\/a><\/p>\n<p><strong><a href=\"https:\/\/rmvapesale.com\/hu\/product\/vapme-crystal-20000-puffs-20k-double-flavor-rechargeable-vapes\/\">Vapme Crystal 20000 Puffs <span style=\"color: #ff0000\">&gt;&gt;&gt;&gt; ide!<\/span><\/a>\u00a0<\/strong><\/p>\n<p><a href=\"https:\/\/rmvapesale.com\/hu\/product\/original-randm-vape-digital-puff-12000-fumot-factory-price\/\"><strong>Fumot Vape 12000 slukk <span style=\"color: #ff0000\">&gt;&gt;&gt;&gt; ide!<\/span><\/strong><\/a><\/p>\n<p>&nbsp;<\/p>\n<p>&nbsp;<\/p>\n<p>Tal\u00e1lja meg a tov\u00e1bbi vape term\u00e9keket, amelyek tetszhetnek \u00d6nnek:<strong><em><a href=\"https:\/\/rmvapesale.com\/hu\/shop-2\/\">V\u00e1s\u00e1roljon most &gt;&gt;&gt;<\/a><\/em><\/strong><\/p>","protected":false},"excerpt":{"rendered":"<p>AIVONO AIM 6500 Puff Doboz Vape Bolt Online<br \/>\nLost Mary 6500 Puff \u00dajrat\u00f6lthet\u0151 Vape B\u00e1r<br \/>\nAIVONO Lost Mary 6500 Puff Egyszer haszn\u00e1latos Vape Doboz Nagykereskedelem<\/p>\n<p><img loading=\"lazy\" decoding=\"async\" class=\"size-full wp-image-2375\" src=\"https:\/\/rmvapesale.com\/wp-content\/uploads\/2024\/10\/image.png\" alt=\"Legjobb Eldobhat\u00f3 Vape\" width=\"229\" height=\"300\" \/><\/p>\n<h3><a href=\"https:\/\/wa.me\/8617776015835\"><span style=\"color: #ff0000\"><strong>WhatsApp: +86 17776015835<\/strong><\/span><\/a><\/h3>\n<p>&nbsp;<\/p>","protected":false},"featured_media":2552,"comment_status":"open","ping_status":"closed","template":"","meta":{"_uag_custom_page_level_css":"","_lmt_disableupdate":"no","_lmt_disable":"","site-sidebar-layout":"default","site-content-layout":"content-boxed-container","ast-site-content-layout":"normal-width-container","site-content-style":"boxed","site-sidebar-style":"unboxed","ast-global-header-display":"","ast-banner-title-visibility":"","ast-main-header-display":"","ast-hfb-above-header-display":"","ast-hfb-below-header-display":"","ast-hfb-mobile-header-display":"","site-post-title":"","ast-breadcrumbs-content":"","ast-featured-img":"","footer-sml-layout":"","theme-transparent-header-meta":"default","adv-header-id-meta":"","stick-header-meta":"","header-above-stick-meta":"","header-main-stick-meta":"","header-below-stick-meta":"","astra-migrate-meta-layouts":"set","ast-page-background-enabled":"default","ast-page-background-meta":{"desktop":{"background-color":"var(--ast-global-color-4)","background-image":"","background-repeat":"repeat","background-position":"center center","background-size":"auto","background-attachment":"scroll","background-type":"","background-media":"","overlay-type":"","overlay-color":"","overlay-opacity":"","overlay-gradient":""},"tablet":{"background-color":"","background-image":"","background-repeat":"repeat","background-position":"center center","background-size":"auto","background-attachment":"scroll","background-type":"","background-media":"","overlay-type":"","overlay-color":"","overlay-opacity":"","overlay-gradient":""},"mobile":{"background-color":"","background-image":"","background-repeat":"repeat","background-position":"center center","background-size":"auto","background-attachment":"scroll","background-type":"","background-media":"","overlay-type":"","overlay-color":"","overlay-opacity":"","overlay-gradient":""}},"ast-content-background-meta":{"desktop":{"background-color":"var(--ast-global-color-5)","background-image":"","background-repeat":"repeat","background-position":"center center","background-size":"auto","background-attachment":"scroll","background-type":"","background-media":"","overlay-type":"","overlay-color":"","overlay-opacity":"","overlay-gradient":""},"tablet":{"background-color":"var(--ast-global-color-5)","background-image":"","background-repeat":"repeat","background-position":"center center","background-size":"auto","background-attachment":"scroll","background-type":"","background-media":"","overlay-type":"","overlay-color":"","overlay-opacity":"","overlay-gradient":""},"mobile":{"background-color":"var(--ast-global-color-5)","background-image":"","background-repeat":"repeat","background-position":"center center","background-size":"auto","background-attachment":"scroll","background-type":"","background-media":"","overlay-type":"","overlay-color":"","overlay-opacity":"","overlay-gradient":""}},"_joinchat":[]},"product_brand":[],"product_cat":[15,25,123,26,28,135,27,137,136,30],"product_tag":[146,188,167,189,190,165,120],"class_list":{"0":"post-2554","1":"product","2":"type-product","3":"status-publish","4":"has-post-thumbnail","6":"product_cat-new-vape-this-week","7":"product_cat-germany-best-selling-vape","8":"product_cat-italy-wholesale-vape","9":"product_cat-netherlands-hot-sale-vape","10":"product_cat-poland-hot-sale-vape","11":"product_cat-spain-best-hot-sale-vape","12":"product_cat-fance-hot-sale-vape","13":"product_cat-rechargeable-vapes","14":"product_cat-smart-screen-vapes","15":"product_cat-minimum-order-quantity-50pcs","16":"product_tag-best-hot-sale-vape","17":"product_tag-buy-vapes-online","18":"product_tag-disposable-vape-with-screen","19":"product_tag-lost-mary-vape","20":"product_tag-puff-6500","21":"product_tag-rechargeable-vapes","22":"product_tag-vape-wholesale","23":"desktop-align-left","24":"tablet-align-left","25":"mobile-align-left","27":"first","28":"instock","29":"sale","30":"shipping-taxable","31":"purchasable","32":"product-type-simple"},"uagb_featured_image_src":{"full":["https:\/\/rmvapesale.com\/wp-content\/uploads\/2024\/10\/AIM-PUFFSTAR-6500.jpg",600,600,false],"thumbnail":["https:\/\/rmvapesale.com\/wp-content\/uploads\/2024\/10\/AIM-PUFFSTAR-6500-150x150.jpg",150,150,true],"medium":["https:\/\/rmvapesale.com\/wp-content\/uploads\/2024\/10\/AIM-PUFFSTAR-6500-300x300.jpg",300,300,true],"medium_large":["https:\/\/rmvapesale.com\/wp-content\/uploads\/2024\/10\/AIM-PUFFSTAR-6500.jpg",600,600,false],"large":["https:\/\/rmvapesale.com\/wp-content\/uploads\/2024\/10\/AIM-PUFFSTAR-6500.jpg",600,600,false],"1536x1536":["https:\/\/rmvapesale.com\/wp-content\/uploads\/2024\/10\/AIM-PUFFSTAR-6500.jpg",600,600,false],"2048x2048":["https:\/\/rmvapesale.com\/wp-content\/uploads\/2024\/10\/AIM-PUFFSTAR-6500.jpg",600,600,false],"trp-custom-language-flag":["https:\/\/rmvapesale.com\/wp-content\/uploads\/2024\/10\/AIM-PUFFSTAR-6500.jpg",12,12,false],"woocommerce_thumbnail":["https:\/\/rmvapesale.com\/wp-content\/uploads\/2024\/10\/AIM-PUFFSTAR-6500-300x300.jpg",300,300,true],"woocommerce_single":["https:\/\/rmvapesale.com\/wp-content\/uploads\/2024\/10\/AIM-PUFFSTAR-6500.jpg",600,600,false],"woocommerce_gallery_thumbnail":["https:\/\/rmvapesale.com\/wp-content\/uploads\/2024\/10\/AIM-PUFFSTAR-6500-100x100.jpg",100,100,true],"wcpr-photo-reviews":["https:\/\/rmvapesale.com\/wp-content\/uploads\/2024\/10\/AIM-PUFFSTAR-6500.jpg",500,500,false]},"uagb_author_info":{"display_name":"AMY","author_link":"https:\/\/rmvapesale.com\/hu\/author\/"},"uagb_comment_info":0,"uagb_excerpt":"AIVONO AIM 6500 Puff Box Vape Shop Online Lost Mary 6500 Puff Rechargable Vape Bar AIVONO Lost Mary 6500 Puff Disposable Vape Box Wholesale WhatsApp: +86 17776015835 &nbsp;","_links":{"self":[{"href":"https:\/\/rmvapesale.com\/hu\/wp-json\/wp\/v2\/product\/2554","targetHints":{"allow":["GET"]}}],"collection":[{"href":"https:\/\/rmvapesale.com\/hu\/wp-json\/wp\/v2\/product"}],"about":[{"href":"https:\/\/rmvapesale.com\/hu\/wp-json\/wp\/v2\/types\/product"}],"replies":[{"embeddable":true,"href":"https:\/\/rmvapesale.com\/hu\/wp-json\/wp\/v2\/comments?post=2554"}],"wp:featuredmedia":[{"embeddable":true,"href":"https:\/\/rmvapesale.com\/hu\/wp-json\/wp\/v2\/media\/2552"}],"wp:attachment":[{"href":"https:\/\/rmvapesale.com\/hu\/wp-json\/wp\/v2\/media?parent=2554"}],"wp:term":[{"taxonomy":"product_brand","embeddable":true,"href":"https:\/\/rmvapesale.com\/hu\/wp-json\/wp\/v2\/product_brand?post=2554"},{"taxonomy":"product_cat","embeddable":true,"href":"https:\/\/rmvapesale.com\/hu\/wp-json\/wp\/v2\/product_cat?post=2554"},{"taxonomy":"product_tag","embeddable":true,"href":"https:\/\/rmvapesale.com\/hu\/wp-json\/wp\/v2\/product_tag?post=2554"}],"curies":[{"name":"wp","href":"https:\/\/api.w.org\/{rel}","templated":true}]}}