{"id":2562,"date":"2024-10-25T07:04:35","date_gmt":"2024-10-25T07:04:35","guid":{"rendered":"https:\/\/rmvapesale.com\/?post_type=product&#038;p=2562"},"modified":"2024-10-25T07:28:33","modified_gmt":"2024-10-25T07:28:33","slug":"elf-world-i15-pro-12000-rechargeable-disposable-vape-pod","status":"publish","type":"product","link":"https:\/\/rmvapesale.com\/hu\/product\/elf-world-i15-pro-12000-rechargeable-disposable-vape-pod\/","title":{"rendered":"Elf World i15 Pro 12000 \u00fajrat\u00f6lthet\u0151 eldobhat\u00f3 Vape Pod"},"content":{"rendered":"<div class=\"B2VR9 CJHX3e\">\n<div class=\"wyccme\">\n<h1 class=\"LC20lb MBeuO DKV0Md\">Elf World i15 Pro 12000 \u00fajrat\u00f6lthet\u0151 eldobhat\u00f3 Vape Pod<\/h1>\n<div class=\"flex-shrink-0 flex flex-col relative items-end\">\n<div class=\"pt-0\">\n<div class=\"gizmo-bot-avatar flex h-8 w-8 items-center justify-center overflow-hidden rounded-full\">\n<div class=\"relative p-1 rounded-sm flex items-center justify-center bg-token-main-surface-primary text-token-text-primary h-8 w-8\">\n<p>A <strong>Elf World i15 Pro 12000 \u00fajrat\u00f6lthet\u0151 eldobhat\u00f3 Vape Pod<\/strong> \u00faj szintet \u00e1ll\u00edt fel az MTL vapingben fejlett technol\u00f3gi\u00e1j\u00e1val, eleg\u00e1ns kialak\u00edt\u00e1s\u00e1val \u00e9s leny\u0171g\u00f6z\u0151 hossz\u00fa \u00e9lettartam\u00e1val. Ergonomikus formatervez\u00e9s\u0171, ez az eszk\u00f6z k\u00e9nyelmesen illeszkedik a kezedbe, \u00edgy nemcsak vape, hanem kifinomult kieg\u00e9sz\u00edt\u0151 is. Tapasztalt vaperek \u00e9s \u00fajoncok sz\u00e1m\u00e1ra egyar\u00e1nt tervezve, ez a 12 puffos vape st\u00edlust \u00e9s funkcionalit\u00e1st \u00f6tv\u00f6z egy kompakt csomagban.<\/p>\n<p>A <strong>12000 felh\u0151<\/strong> eszk\u00f6z\u00f6nk\u00e9nt, a <strong>Elf World <\/strong>i15 Pro hossz\u00fa t\u00e1von haszn\u00e1lhat\u00f3, versenyk\u00e9pes m\u00e1s cs\u00facsmodellekkel a<strong> eldobhat\u00f3 vape<\/strong> piacon. Egy <strong>650mAh integr\u00e1lt akkumul\u00e1torral<\/strong> m\u0171k\u00f6dtetve, \u00e9s egy <strong>Type-C t\u00f6lt\u0151port<\/strong>ez <strong>\u00fajrat\u00f6lthet\u0151 eldobhat\u00f3 vape<\/strong> tervezve a probl\u00e9mamentes, k\u00f6vetkezetes haszn\u00e1lathoz. Az eszk\u00f6z gyorsan melegszik, sima \u00e9s k\u00f6vetkezetes g\u0151zt biztos\u00edt minden sz\u00edv\u00e1sn\u00e1l, \u00edgy \u00e9lvezetes \u00e9s k\u00e9nyelmes vaping \u00e9lm\u00e9nyt ny\u00fajtva.<\/p>\n<p>A <strong>Elf World 12000 felh\u0151s vape<\/strong> szint\u00e9n egy <strong>h\u00faz\u00e1s-aktiv\u00e1lt rendszerrel<\/strong>is rendelkezik, egyszer\u0171s\u00edtve a vaping folyamat\u00e1t, \u00e9s \u00e9l\u00e9nk kijelz\u0151je k\u00f6nny\u0171 nyomon k\u00f6vet\u00e9st tesz lehet\u0151v\u00e9 az akkumul\u00e1tor \u00e9lettartam\u00e1r\u00f3l. Tart\u00f3s kialak\u00edt\u00e1s\u00e1nak k\u00f6sz\u00f6nhet\u0151en ez a vape pod ellen\u00e1ll a mindennapi haszn\u00e1latnak, mik\u00f6zben eleg\u00e1ns befejez\u00e9st k\u00f6lcs\u00f6n\u00f6z, ami fokozza vaping \u00e9lm\u00e9ny\u00e9t.<\/p>\n<\/div>\n<\/div>\n<\/div>\n<\/div>\n<\/div>\n<\/div>\n<p><strong>L\u00e9pjen kapcsolatba Amyvel, hogy megkapja a helyes v\u00e1laszt \u00e9s a vape kupont!<\/strong><\/p>\n<p><img loading=\"lazy\" decoding=\"async\" class=\"size-full wp-image-1978\" src=\"https:\/\/rmvapesale.com\/wp-content\/uploads\/2024\/09\/Disposable-Vape-Wholesale.jpg\" alt=\"Eldobhat\u00f3 Vape Nagykereskedelem\" width=\"229\" height=\"300\" \/><\/p>\n<h3><a href=\"https:\/\/wa.me\/8617776015835\" target=\"_blank\" rel=\"noopener\"><span style=\"color: #ff0000\"><strong>WhatsApp: +86 17776015835<\/strong><\/span><\/a><\/h3>\n<p>&nbsp;<\/p>\n<h2><\/h2>\n<h2><strong>Elf World i15 Pro 12000 \u00fajrat\u00f6lthet\u0151 eldobhat\u00f3 vape <\/strong><strong>F\u0151bb jellemz\u0151k<\/strong><\/h2>\n<p>Term\u00e9kt\u00edpus: Eldobhat\u00f3 Vape<br \/>\nFelh\u0151k sz\u00e1ma: 12000 Puffs<br \/>\nE-Liquid kapacit\u00e1s: 18mL<br \/>\nNikotinszint: 5%<br \/>\nTekercszerkezet: H\u00e1l\u00f3s Tekercs<br \/>\nAkkumul\u00e1tor Kapacit\u00e1s: 650mAh<br \/>\nT\u00f6lt\u0151port: Type-C<br \/>\nLED K\u00e9perny\u0151 kijelz\u0151 az E-juice \u00e9s az Akkumul\u00e1tor szintj\u00e9r\u0151l<\/p>\n<p>&nbsp;<\/p>\n<h2><strong>Legjobb \u00edz a <\/strong><strong>\u00dajrat\u00f6lthet\u0151 Vape Elf World 12000 Puf<\/strong><\/h2>\n<p>&nbsp;<\/p>\n<p>1. Barackos Mang\u00f3<br \/>\n2. Sz\u0151l\u0151 j\u00e9g<br \/>\n3. Van\u00edlia Casta Toboz<br \/>\n4. G\u00f6r\u00f6gdinnye Bubor\u00e9kf\u00faj\u00f3 R\u00e1g\u00f3gumi <span style=\"color: #ff0000\"><strong>&gt;&gt;&gt;&gt; Forr\u00f3!<\/strong><\/span><br \/>\n5. Eper Fagylalt<br \/>\n6. Kivi Passi\u00f3gy\u00fcm\u00f6lcs Guava<br \/>\n7. G\u00f6r\u00f6gdinnye j\u00e9g<br \/>\n8. M\u00e1lna G\u00f6r\u00f6gdinnye<br \/>\n9. Vegyes Bogy\u00f3k <span style=\"color: #ff0000\"><strong>&gt;&gt;&gt;&gt; A legjobb!<\/strong><\/span><br \/>\n10. Eper J\u00e9g <span style=\"color: #ff0000\"><strong>&gt;&gt;&gt;&gt; Forr\u00f3!<\/strong><\/span><\/p>\n<figure id=\"attachment_2560\" aria-describedby=\"caption-attachment-2560\" style=\"width: 800px\" class=\"wp-caption alignnone\"><img loading=\"lazy\" decoding=\"async\" class=\"wp-image-2560 size-full\" src=\"https:\/\/rmvapesale.com\/wp-content\/uploads\/2024\/10\/ELFWORLD-I15-Pro-Disposable-Vape-Kit-12000-Puffs.jpg\" alt=\"ELFWORLD I15 Pro Eldobhat\u00f3 Vape K\u00e9szlet 12000 Puffs\" width=\"800\" height=\"800\" srcset=\"https:\/\/rmvapesale.com\/wp-content\/uploads\/2024\/10\/ELFWORLD-I15-Pro-Disposable-Vape-Kit-12000-Puffs.jpg 800w, https:\/\/rmvapesale.com\/wp-content\/uploads\/2024\/10\/ELFWORLD-I15-Pro-Disposable-Vape-Kit-12000-Puffs-300x300.jpg 300w, https:\/\/rmvapesale.com\/wp-content\/uploads\/2024\/10\/ELFWORLD-I15-Pro-Disposable-Vape-Kit-12000-Puffs-150x150.jpg 150w, https:\/\/rmvapesale.com\/wp-content\/uploads\/2024\/10\/ELFWORLD-I15-Pro-Disposable-Vape-Kit-12000-Puffs-768x768.jpg 768w, https:\/\/rmvapesale.com\/wp-content\/uploads\/2024\/10\/ELFWORLD-I15-Pro-Disposable-Vape-Kit-12000-Puffs-600x600.jpg 600w, https:\/\/rmvapesale.com\/wp-content\/uploads\/2024\/10\/ELFWORLD-I15-Pro-Disposable-Vape-Kit-12000-Puffs-100x100.jpg 100w\" sizes=\"auto, (max-width: 800px) 100vw, 800px\" \/><figcaption id=\"caption-attachment-2560\" class=\"wp-caption-text\">ELFWORLD I15 Pro Eldobhat\u00f3 Vape K\u00e9szlet 12000 Puffs<\/figcaption><\/figure>\n<h3><strong>Mi\u00e9rt v\u00e1lassza az Rmvapesale-t az Elf World i15 Pro 12000 \u00dajrat\u00f6lthet\u0151 Egyszer haszn\u00e1latos Vape eset\u00e9ben<\/strong><strong>?<\/strong><\/h3>\n<div class=\"flex-shrink-0 flex flex-col relative items-end\">\n<div class=\"pt-0\">\n<div class=\"gizmo-bot-avatar flex h-8 w-8 items-center justify-center overflow-hidden rounded-full\">\n<div class=\"relative p-1 rounded-sm flex items-center justify-center bg-token-main-surface-primary text-token-text-primary h-8 w-8\">\n<p>&nbsp;<\/p>\n<p>Ha az Rmvapesale-t v\u00e1lasztja az eldobhat\u00f3 vape-ek nagykereskedelm\u00e9hez, a k\u00f6vetkez\u0151 el\u0151ny\u00f6kben r\u00e9szes\u00fcl:<\/p>\n<ul>\n<li><strong>Versenyk\u00e9pes \u00e1rak<\/strong>: Hozz\u00e1f\u00e9rhet vonz\u00f3 nagykereskedelmi \u00e1rakhoz, amelyek n\u00f6velik az \u00fczleti marzsokat.<\/li>\n<li><strong>Magas min\u0151s\u00e9g<\/strong>: Vape-jeink a legmagasabb sz\u00ednvonalon k\u00e9sz\u00fclnek, \u00e9s <span style=\"color: #ff0000\"><strong>garant\u00e1ltan 100% eredetiek \u00e9s hitelesek, hamis \u00e1ru eset\u00e9n 10-szeres k\u00e1rt\u00e9r\u00edt\u00e9st biztos\u00edtunk!<\/strong><\/span><\/li>\n<li><strong>Kiv\u00e1l\u00f3 \u00dcgyf\u00e9lszolg\u00e1lat<\/strong>: Elk\u00f6telezett csapatunk mindig k\u00e9szen \u00e1ll, hogy seg\u00edtsen \u00d6nnek, z\u00f6kken\u0151mentess\u00e9 \u00e9s probl\u00e9mamentess\u00e9 t\u00e9ve a v\u00e1s\u00e1rl\u00e1si folyamatot.<\/li>\n<li><strong>Gyors Sz\u00e1ll\u00edt\u00e1s<\/strong>: Sz\u00e1m\u00edtson gyors \u00e9s megb\u00edzhat\u00f3 sz\u00e1ll\u00edt\u00e1sra, ami biztos\u00edtja, hogy rendel\u00e9sei mindig id\u0151ben meg\u00e9rkezzenek.<\/li>\n<\/ul>\n<\/div>\n<h3><\/h3>\n<div class=\"relative p-1 rounded-sm flex items-center justify-center bg-token-main-surface-primary text-token-text-primary h-8 w-8\">\n<h3><b>\u00dajrat\u00f6lthet\u0151 Vape Elf World i15 Pro 12000 Puf GYIK<\/b><\/h3>\n<ul>\n<li><strong>Hogyan t\u00f6lts\u00fck az Elf World Bar i15 Pro 12000 \u00fajrat\u00f6lthet\u0151 egyszer haszn\u00e1latos vape-t<\/strong><br \/>\nAz Elf World i15 Pro 12000 650mAh-s \u00fajrat\u00f6lthet\u0151 akkumul\u00e1torral \u00e9rkezik. A t\u00f6lt\u00e9shez csatlakoztassa az eszk\u00f6zt egy \u00e1ramforr\u00e1shoz a Type-C t\u00f6lt\u0151porton kereszt\u00fcl. Ez a gyors t\u00f6lt\u00e9si lehet\u0151s\u00e9g biztos\u00edtja, hogy k\u00f6nnyen \u00fajrat\u00f6lthesse \u00e9s gyorsan visszat\u00e9rhessen a vapinghez.<\/li>\n<li><strong>Mennyi nikotin van az Elf World Bar 12000 Puf-ban<\/strong><br \/>\nAz Elf World i15 Pro 12000 nikotinszintje nincs pontosan megadva a tartalomban. Az egyszer haszn\u00e1latos vape-ek \u00e1ltal\u00e1ban k\u00fcl\u00f6nb\u00f6z\u0151 nikotinszinteken kaphat\u00f3k, p\u00e9ld\u00e1ul 2% (20mg) vagy 5% (50mg). Ellen\u0151rizze a term\u00e9k csomagol\u00e1s\u00e1t vagy a keresked\u0151t a pontos nikotin inform\u00e1ci\u00f3\u00e9rt.<\/li>\n<li><strong>Meddig kell t\u00f6ltenem az Elf World 12000 Egyszer haszn\u00e1latos Vape Dobozomat?<\/strong><br \/>\nA pontos t\u00f6lt\u00e9si id\u0151 a forr\u00e1st\u00f3l f\u00fcgg, de a Type-C gyors t\u00f6lt\u00e9ssel gyorsan felt\u00f6lthet\u0151. Figyelemmel k\u00eds\u00e9rheti az eszk\u00f6z akkumul\u00e1tor\u00e1nak \u00e1llapot\u00e1t a kijelz\u0151n, amely jelzi, mikor van teljesen felt\u00f6ltve az akkumul\u00e1tor.<\/li>\n<li><strong>Hol v\u00e1s\u00e1rolhatok Elf World Bar i15 Pro 12000 egyszer haszn\u00e1latos vape-t?<\/strong><br \/>\nAz Elf World i15 Pro 12000 v\u00e1s\u00e1rolhat\u00f3 vape boltokb\u00f3l, online keresked\u0151kt\u0151l, akik k\u00edn\u00e1lnak <strong>eldobhat\u00f3 vapek sz\u00e1m\u00e1ra<\/strong>, vagy <strong>nagykereskedelmi vape<\/strong> besz\u00e1ll\u00edt\u00f3kt\u00f3l. A rendelkez\u00e9sre \u00e1ll\u00e1s ellen\u0151rz\u00e9s\u00e9hez n\u00e9zze meg az online vape boltokat vagy a helyi vape \u00fczleteket.<\/li>\n<li><strong>Melyek a 2024 legjobb eldobhat\u00f3 vape-ei?<\/strong><br \/>\nA 2024 legjobb eldobhat\u00f3 vape-ei k\u00f6z\u00e9 tartozik:<\/p>\n<ul>\n<li><strong>Elf World i15 Pro 12000<\/strong>: Ismert 12000 szippant\u00e1s kapacit\u00e1s\u00e1r\u00f3l, \u00fajrat\u00f6lthet\u0151 akkumul\u00e1tor\u00e1r\u00f3l \u00e9s MTL-k\u00f6zpont\u00fa kialak\u00edt\u00e1s\u00e1r\u00f3l.<\/li>\n<li><strong>AIVONO Lost Mary 6500 Puff<\/strong>: \u00c1ll\u00edthat\u00f3 l\u00e9g\u00e1raml\u00e1st \u00e9s kompakt kialak\u00edt\u00e1st k\u00edn\u00e1l a magas hordozhat\u00f3s\u00e1g \u00e9rdek\u00e9ben.<\/li>\n<li><strong>Vapme Crystal 20000 Puffs<\/strong>: Kett\u0151s \u00edz funkci\u00f3t \u00e9s Type-C t\u00f6lt\u00e9st k\u00edn\u00e1l.<\/li>\n<li><strong>Fumot RandM Tornado 30000 Puffs<\/strong>: Egyedi, zen\u00e9hez szinkroniz\u00e1lt RGB vil\u00e1g\u00edt\u00e1ssal \u00e9s nagy szippant\u00e1si kapacit\u00e1ssal.<\/li>\n<\/ul>\n<\/li>\n<\/ul>\n<\/div>\n<\/div>\n<\/div>\n<\/div>\n<h3>A Sz\u00e1ll\u00edt\u00e1sr\u00f3l<\/h3>\n<div class=\"flex-shrink-0 flex flex-col relative items-end\">\n<div>\n<div class=\"pt-0\">\n<div class=\"gizmo-bot-avatar flex h-8 w-8 items-center justify-center overflow-hidden rounded-full\">\n<div><\/div>\n<div class=\"relative p-1 rounded-sm flex items-center justify-center bg-token-main-surface-primary text-token-text-primary h-8 w-8\"><strong>1. Milyen sz\u00e1ll\u00edt\u00e1si m\u00f3dokat haszn\u00e1lnak?<\/strong><\/div>\n<\/div>\n<\/div>\n<\/div>\n<\/div>\n<div class=\"group\/conversation-turn relative flex w-full min-w-0 flex-col agent-turn\">\n<div class=\"flex-col gap-1 md:gap-3\">\n<div class=\"flex max-w-full flex-col flex-grow\">\n<div class=\"min-h-[20px] text-message flex w-full flex-col items-end gap-2 whitespace-normal break-words [.text-message+&amp;]:mt-5 overflow-x-auto\" dir=\"auto\" data-message-author-role=\"assistant\" data-message-id=\"22f8283b-3233-46ff-89a5-c7a41b33abda\">\n<div class=\"flex w-full flex-col gap-1 empty:hidden first:pt-[3px]\">\n<div class=\"markdown prose w-full break-words dark:prose-invert light\">\n<p>Partnerei vagyunk a UPS, DHL, FedEx, DPD \u00e9s m\u00e1s vezet\u0151 fuvaroz\u00f3knak. A legjobb sz\u00e1ll\u00edt\u00e1si m\u00f3dot fogjuk kiv\u00e1lasztani a sz\u00e1ll\u00edt\u00e1si helysz\u00edne alapj\u00e1n, hogy a lehet\u0151 leggyorsabban megkapja a term\u00e9keit.<\/p>\n<\/div>\n<p><strong>2. Mennyi id\u0151 alatt \u00e9rkezik meg?<\/strong><\/p>\n<p>A csomagok \u00e1ltal\u00e1ban 10 munkanapon bel\u00fcl meg\u00e9rkeznek Magyarorsz\u00e1gra. Az eur\u00f3pai orsz\u00e1gokba t\u00f6rt\u00e9n\u0151 sz\u00e1ll\u00edt\u00e1s \u00e1ltal\u00e1ban 12-15 munkanapot vesz ig\u00e9nybe. Folyamatosan t\u00e1j\u00e9koztatjuk a sz\u00e1ll\u00edt\u00e1si st\u00e1tuszr\u00f3l.<\/p>\n<\/div>\n<\/div>\n<\/div>\n<\/div>\n<\/div>\n<p>&nbsp;<\/p>\n<p>Tov\u00e1bbi n\u00e9pszer\u0171 vape term\u00e9kek, amik tetszhetnek:<\/p>\n<p><a href=\"https:\/\/rmvapesale.com\/hu\/product\/fumot-randm-tornado-30000-puffs-30k-music-disposable-vape\/\"><strong>RandM Tornado 30000 Puff\u00a0 \u00a0<span style=\"color: #ff0000\">&gt;&gt;&gt;&gt; ide!<\/span><\/strong><\/a><\/p>\n<p><strong><a href=\"https:\/\/rmvapesale.com\/hu\/product\/rechargeable-vape-vapme-spacex-22000-puff-wholesale\/\">Vapme Spacex 22000 Szippant\u00e1s <span style=\"color: #ff0000\">&gt;&gt;&gt;&gt; ide!<\/span><\/a>\u00a0<\/strong><\/p>\n<p><a href=\"https:\/\/rmvapesale.com\/hu\/product\/original-randm-vape-digital-puff-12000-fumot-factory-price\/\"><strong>Fumot Vape 12000 slukk <span style=\"color: #ff0000\">&gt;&gt;&gt;&gt; ide!<\/span><\/strong><\/a><\/p>\n<p>&nbsp;<\/p>\n<p>&nbsp;<\/p>\n<p>Tal\u00e1lja meg a tov\u00e1bbi vape term\u00e9keket, amelyek tetszhetnek \u00d6nnek:<strong><em><a href=\"https:\/\/rmvapesale.com\/hu\/shop-2\/\">V\u00e1s\u00e1roljon most &gt;&gt;&gt;<\/a><\/em><\/strong><\/p>","protected":false},"excerpt":{"rendered":"<p>ELFWORLD i15 Pro 12000 Puffs Eldobhat\u00f3 Vape Nagykereskedelem<br \/>\nElf World i15 Pro Ultra Slim Eldobhat\u00f3 Vape 12K Puffs<br \/>\nELFWORLD I15 Pro Eldobhat\u00f3 Vape K\u00e9szlet 12000 Puffs<\/p>\n<p><img loading=\"lazy\" decoding=\"async\" class=\"size-full wp-image-2375\" src=\"https:\/\/rmvapesale.com\/wp-content\/uploads\/2024\/10\/image.png\" alt=\"Legjobb Eldobhat\u00f3 Vape\" width=\"229\" height=\"300\" \/><\/p>\n<h3><a href=\"https:\/\/wa.me\/8617776015835\"><span style=\"color: #ff0000\"><strong>WhatsApp: +86 17776015835<\/strong><\/span><\/a><\/h3>\n<p>&nbsp;<\/p>","protected":false},"featured_media":2558,"comment_status":"open","ping_status":"closed","template":"","meta":{"_uag_custom_page_level_css":"","_lmt_disableupdate":"no","_lmt_disable":"","site-sidebar-layout":"default","site-content-layout":"content-boxed-container","ast-site-content-layout":"normal-width-container","site-content-style":"boxed","site-sidebar-style":"unboxed","ast-global-header-display":"","ast-banner-title-visibility":"","ast-main-header-display":"","ast-hfb-above-header-display":"","ast-hfb-below-header-display":"","ast-hfb-mobile-header-display":"","site-post-title":"","ast-breadcrumbs-content":"","ast-featured-img":"","footer-sml-layout":"","theme-transparent-header-meta":"default","adv-header-id-meta":"","stick-header-meta":"","header-above-stick-meta":"","header-main-stick-meta":"","header-below-stick-meta":"","astra-migrate-meta-layouts":"set","ast-page-background-enabled":"default","ast-page-background-meta":{"desktop":{"background-color":"var(--ast-global-color-4)","background-image":"","background-repeat":"repeat","background-position":"center center","background-size":"auto","background-attachment":"scroll","background-type":"","background-media":"","overlay-type":"","overlay-color":"","overlay-opacity":"","overlay-gradient":""},"tablet":{"background-color":"","background-image":"","background-repeat":"repeat","background-position":"center center","background-size":"auto","background-attachment":"scroll","background-type":"","background-media":"","overlay-type":"","overlay-color":"","overlay-opacity":"","overlay-gradient":""},"mobile":{"background-color":"","background-image":"","background-repeat":"repeat","background-position":"center center","background-size":"auto","background-attachment":"scroll","background-type":"","background-media":"","overlay-type":"","overlay-color":"","overlay-opacity":"","overlay-gradient":""}},"ast-content-background-meta":{"desktop":{"background-color":"var(--ast-global-color-5)","background-image":"","background-repeat":"repeat","background-position":"center center","background-size":"auto","background-attachment":"scroll","background-type":"","background-media":"","overlay-type":"","overlay-color":"","overlay-opacity":"","overlay-gradient":""},"tablet":{"background-color":"var(--ast-global-color-5)","background-image":"","background-repeat":"repeat","background-position":"center center","background-size":"auto","background-attachment":"scroll","background-type":"","background-media":"","overlay-type":"","overlay-color":"","overlay-opacity":"","overlay-gradient":""},"mobile":{"background-color":"var(--ast-global-color-5)","background-image":"","background-repeat":"repeat","background-position":"center center","background-size":"auto","background-attachment":"scroll","background-type":"","background-media":"","overlay-type":"","overlay-color":"","overlay-opacity":"","overlay-gradient":""}},"_joinchat":[]},"product_brand":[],"product_cat":[15,25,123,26,28,135,27,137,136,30],"product_tag":[146,188,167,165,191,120],"class_list":{"0":"post-2562","1":"product","2":"type-product","3":"status-publish","4":"has-post-thumbnail","6":"product_cat-new-vape-this-week","7":"product_cat-germany-best-selling-vape","8":"product_cat-italy-wholesale-vape","9":"product_cat-netherlands-hot-sale-vape","10":"product_cat-poland-hot-sale-vape","11":"product_cat-spain-best-hot-sale-vape","12":"product_cat-fance-hot-sale-vape","13":"product_cat-rechargeable-vapes","14":"product_cat-smart-screen-vapes","15":"product_cat-minimum-order-quantity-50pcs","16":"product_tag-best-hot-sale-vape","17":"product_tag-buy-vapes-online","18":"product_tag-disposable-vape-with-screen","19":"product_tag-rechargeable-vapes","20":"product_tag-vape-box","21":"product_tag-vape-wholesale","22":"desktop-align-left","23":"tablet-align-left","24":"mobile-align-left","26":"first","27":"instock","28":"sale","29":"shipping-taxable","30":"purchasable","31":"product-type-simple"},"uagb_featured_image_src":{"full":["https:\/\/rmvapesale.com\/wp-content\/uploads\/2024\/10\/ELFWORLD-I15-Pro-12000-Puffs.png",800,800,false],"thumbnail":["https:\/\/rmvapesale.com\/wp-content\/uploads\/2024\/10\/ELFWORLD-I15-Pro-12000-Puffs-150x150.png",150,150,true],"medium":["https:\/\/rmvapesale.com\/wp-content\/uploads\/2024\/10\/ELFWORLD-I15-Pro-12000-Puffs-300x300.png",300,300,true],"medium_large":["https:\/\/rmvapesale.com\/wp-content\/uploads\/2024\/10\/ELFWORLD-I15-Pro-12000-Puffs-768x768.png",768,768,true],"large":["https:\/\/rmvapesale.com\/wp-content\/uploads\/2024\/10\/ELFWORLD-I15-Pro-12000-Puffs.png",800,800,false],"1536x1536":["https:\/\/rmvapesale.com\/wp-content\/uploads\/2024\/10\/ELFWORLD-I15-Pro-12000-Puffs.png",800,800,false],"2048x2048":["https:\/\/rmvapesale.com\/wp-content\/uploads\/2024\/10\/ELFWORLD-I15-Pro-12000-Puffs.png",800,800,false],"trp-custom-language-flag":["https:\/\/rmvapesale.com\/wp-content\/uploads\/2024\/10\/ELFWORLD-I15-Pro-12000-Puffs.png",12,12,false],"woocommerce_thumbnail":["https:\/\/rmvapesale.com\/wp-content\/uploads\/2024\/10\/ELFWORLD-I15-Pro-12000-Puffs-300x300.png",300,300,true],"woocommerce_single":["https:\/\/rmvapesale.com\/wp-content\/uploads\/2024\/10\/ELFWORLD-I15-Pro-12000-Puffs-600x600.png",600,600,true],"woocommerce_gallery_thumbnail":["https:\/\/rmvapesale.com\/wp-content\/uploads\/2024\/10\/ELFWORLD-I15-Pro-12000-Puffs-100x100.png",100,100,true],"wcpr-photo-reviews":["https:\/\/rmvapesale.com\/wp-content\/uploads\/2024\/10\/ELFWORLD-I15-Pro-12000-Puffs.png",500,500,false]},"uagb_author_info":{"display_name":"AMY","author_link":"https:\/\/rmvapesale.com\/hu\/author\/"},"uagb_comment_info":0,"uagb_excerpt":"ELFWORLD i15 Pro 12000 Puffs Disposable Vape Wholesale Elf World i15 Pro Ultra Slim Disposable Vape 12K Puffs ELFWORLD I15 Pro Disposable Vape Kit 12000 Puffs WhatsApp: +86 17776015835 &nbsp;","_links":{"self":[{"href":"https:\/\/rmvapesale.com\/hu\/wp-json\/wp\/v2\/product\/2562","targetHints":{"allow":["GET"]}}],"collection":[{"href":"https:\/\/rmvapesale.com\/hu\/wp-json\/wp\/v2\/product"}],"about":[{"href":"https:\/\/rmvapesale.com\/hu\/wp-json\/wp\/v2\/types\/product"}],"replies":[{"embeddable":true,"href":"https:\/\/rmvapesale.com\/hu\/wp-json\/wp\/v2\/comments?post=2562"}],"wp:featuredmedia":[{"embeddable":true,"href":"https:\/\/rmvapesale.com\/hu\/wp-json\/wp\/v2\/media\/2558"}],"wp:attachment":[{"href":"https:\/\/rmvapesale.com\/hu\/wp-json\/wp\/v2\/media?parent=2562"}],"wp:term":[{"taxonomy":"product_brand","embeddable":true,"href":"https:\/\/rmvapesale.com\/hu\/wp-json\/wp\/v2\/product_brand?post=2562"},{"taxonomy":"product_cat","embeddable":true,"href":"https:\/\/rmvapesale.com\/hu\/wp-json\/wp\/v2\/product_cat?post=2562"},{"taxonomy":"product_tag","embeddable":true,"href":"https:\/\/rmvapesale.com\/hu\/wp-json\/wp\/v2\/product_tag?post=2562"}],"curies":[{"name":"wp","href":"https:\/\/api.w.org\/{rel}","templated":true}]}}