{"id":2572,"date":"2024-10-25T08:57:44","date_gmt":"2024-10-25T08:57:44","guid":{"rendered":"https:\/\/rmvapesale.com\/?post_type=product&#038;p=2572"},"modified":"2024-10-31T02:50:17","modified_gmt":"2024-10-31T02:50:17","slug":"elfworld-mx25000-puffs-rechargeable-disposable-vape-0-2-5-nicotine","status":"publish","type":"product","link":"https:\/\/rmvapesale.com\/hu\/product\/elfworld-mx25000-puffs-rechargeable-disposable-vape-0-2-5-nicotine\/","title":{"rendered":"ELFWORLD MX25000 Puffs \u00dajrat\u00f6lthet\u0151 Eldobhat\u00f3 Vape 0% 2% 5% Nikotin"},"content":{"rendered":"<div class=\"B2VR9 CJHX3e\">\n<div class=\"wyccme\">\n<h1 class=\"LC20lb MBeuO DKV0Md\">ELFWORLD MX25000 Puffs \u00dajrat\u00f6lthet\u0151 Eldobhat\u00f3 Vape 0% 2% 5% Nikotin<\/h1>\n<div class=\"flex-shrink-0 flex flex-col relative items-end\">\n<div class=\"pt-0\">\n<div class=\"gizmo-bot-avatar flex h-8 w-8 items-center justify-center overflow-hidden rounded-full\">\n<div class=\"relative p-1 rounded-sm flex items-center justify-center bg-token-main-surface-primary text-token-text-primary h-8 w-8\">\n<p>A <strong>ELFWORLD MX25000 Puffs egyszer haszn\u00e1latos vape<\/strong> kifejlesztve a hosszabb vape \u00e9lm\u00e9ny \u00e9s testreszabhat\u00f3 preferenci\u00e1k \u00e9rdek\u00e9ben, \u00edgy kiemelked\u0151v\u00e9 v\u00e1lik a <strong>n\u00e9pszer\u0171 vape m\u00e1rk\u00e1k k\u00f6z\u00f6tt<\/strong>. Egy hatalmas <strong>25 000 puffos vape<\/strong> kapacit\u00e1ssal \u00e9s egy jelent\u0151s <strong>25 ml-es e-liquid tart\u00e1llyal<\/strong>, ez az eszk\u00f6z hossz\u00fa t\u00e1v\u00fa el\u00e9gedetts\u00e9get ny\u00fajt gyakori \u00fajrat\u00f6lt\u00e9s n\u00e9lk\u00fcl. T\u00f6k\u00e9letes mind alkalmi, mind tapasztalt vaperek sz\u00e1m\u00e1ra, az MX pr\u00e9mium \u00e9lm\u00e9nyt ny\u00fajt minden h\u00faz\u00e1sn\u00e1l.<\/p>\n<p>K\u00e9nyelmes \u00e9s hat\u00e9kony kialak\u00edt\u00e1ssal, a <strong>ELFWORLD MX25000<\/strong> egy megb\u00edzhat\u00f3 <strong>850mAh \u00fajrat\u00f6lthet\u0151 akkumul\u00e1tor<\/strong> \u00e9s haszn\u00e1lja <strong>C-t\u00edpus\u00fa t\u00f6lt\u0151<\/strong>, biztos\u00edtva a gyors \u00e9s k\u00e9nyelmes \u00fajrat\u00f6lt\u00e9st. A nikotins\u00f3 opci\u00f3k k\u00f6z\u00f6tt szerepelnek az 0%, 2%, 3% \u00e9s 5%, sz\u00e9les k\u00f6r\u0171 ig\u00e9nyek kiel\u00e9g\u00edt\u00e9s\u00e9re, bele\u00e9rtve <strong>legjobb alacsony nikotintartalm\u00fa vape<\/strong> keres\u0151ket. A <strong>h\u00e1l\u00f3s tekercs<\/strong> technol\u00f3gia biztos\u00edtja az optim\u00e1lis \u00edzt \u00e9s g\u0151zk\u00e9pz\u00e9st, m\u00edg az \u00e1ll\u00edthat\u00f3 l\u00e9g\u00e1raml\u00e1s \u00e9s <strong>digit\u00e1lis kijelz\u0151<\/strong> fokozza az \u00e9lm\u00e9ny ir\u00e1ny\u00edt\u00e1s\u00e1t.<\/p>\n<p>El\u00e9rhet\u0151 <strong>vape nagykereskedelmi mennyis\u00e9gben<\/strong>seg\u00edts\u00e9g\u00e9vel a <strong>ELFWORLD MX 25000<\/strong> ide\u00e1lis nagykereskedelmi v\u00e1s\u00e1rl\u00f3knak vagy b\u00e1rkinek, aki keres egy <strong>okos vape<\/strong> fejlett funkci\u00f3kkal rendelkez\u0151 k\u00e9sz\u00fcl\u00e9ket. Tal\u00e1ld meg ezt <strong>eldobhat\u00f3 vape<\/strong> online vagy kedvenc <strong>vape bolt<\/strong>helyeden, \u00e9s emeld a doh\u00e1nyz\u00e1si \u00e9lm\u00e9nyt a legjobb min\u0151s\u00e9g\u0171 teljes\u00edtm\u00e9nnyel \u00e9s k\u00e9nyelemmel.<\/p>\n<\/div>\n<\/div>\n<\/div>\n<\/div>\n<\/div>\n<\/div>\n<p><strong>L\u00e9pjen kapcsolatba Amyvel, hogy megkapja a helyes v\u00e1laszt \u00e9s a vape kupont!<\/strong><\/p>\n<p><img loading=\"lazy\" decoding=\"async\" class=\"size-full wp-image-1978\" src=\"https:\/\/rmvapesale.com\/wp-content\/uploads\/2024\/09\/Disposable-Vape-Wholesale.jpg\" alt=\"Eldobhat\u00f3 Vape Nagykereskedelem\" width=\"229\" height=\"300\" \/><\/p>\n<h3><a href=\"https:\/\/wa.me\/8617776015835\" target=\"_blank\" rel=\"noopener\"><span style=\"color: #ff0000\"><strong>WhatsApp: +86 17776015835<\/strong><\/span><\/a><\/h3>\n<p>&nbsp;<\/p>\n<h2><\/h2>\n<h2><strong>ELFWORLD MX25000 Pufik \u00dajrat\u00f6lthet\u0151 Egyszer haszn\u00e1latos Vape <\/strong><strong>F\u0151bb jellemz\u0151k<\/strong><\/h2>\n<p>El\u0151re t\u00f6lt\u00f6tt 28ml E-Juice<br \/>\n\u00dajrat\u00f6lthet\u0151 850 mAh-s akkumul\u00e1tor<br \/>\nPuffok sz\u00e1ma: K\u00f6r\u00fclbel\u00fcl 25000 puff<br \/>\nK\u00e9tf\u00e9le doh\u00e1nyz\u00e1si m\u00f3d: Norm\u00e1l m\u00f3d (12W)\/Turbo m\u00f3d (25W)<br \/>\n0% 2% 5% Nikotinszint<br \/>\nUSB Type-C T\u00f6lt\u00e9s (Nem tartoz\u00e9k)<br \/>\nSz\u00edv\u00e1sra aktiv\u00e1l\u00f3dik<br \/>\nMTL Vaping<\/p>\n<p>&nbsp;<\/p>\n<h2><strong>Legjobb \u00edz a <\/strong><strong>\u00dajrat\u00f6lthet\u0151 Vape ELFWORLD MX 25000 Pufikkal<\/strong><\/h2>\n<p>1. Eper J\u00e9g <span style=\"color: #ff0000\"><strong>&gt;&gt;&gt;&gt; Forr\u00f3!<\/strong><\/span><br \/>\n2. G\u00f6r\u00f6gdinnye J\u00e9g<br \/>\n3. Sz\u0151l\u0151 j\u00e9g<br \/>\n4. Menta<br \/>\n5. K\u00e9tszemes Alma<br \/>\n6. Juicy Peach Ice<br \/>\n7. K\u00e9k Razz J\u00e9g <span style=\"color: #ff0000\"><strong>&gt;&gt;&gt;&gt; Forr\u00f3!<\/strong><\/span><br \/>\n8. Pink Limon\u00e1d\u00e9 <span style=\"color: #ff0000\"><strong>&gt;&gt;&gt;&gt; A legjobb!<\/strong><\/span><br \/>\n9. Vegyes bogy\u00f3k<br \/>\n10. \u00c1fonya G\u00f6r\u00f6gdinnye<br \/>\n11. Lime Bogy\u00f3 Narancs<br \/>\n12.\u00c1fonya B Pop<br \/>\n13.M\u00e1lna Barack Lime<br \/>\n14.Savany Mang\u00f3 Anan\u00e1sz 15.Barack K\u00e9k Jeges<\/p>\n<figure id=\"attachment_2608\" aria-describedby=\"caption-attachment-2608\" style=\"width: 600px\" class=\"wp-caption alignnone\"><img loading=\"lazy\" decoding=\"async\" class=\"wp-image-2608 size-full\" src=\"https:\/\/rmvapesale.com\/wp-content\/uploads\/2024\/10\/Rechargeable-Disposable-Vape-ELFWORLD-MX-25000-Puffs.jpg\" alt=\"\u00dajrat\u00f6lthet\u0151 eldobhat\u00f3 vape ELFWORLD MX 25000 Sz\u00edv\u00e1s\" width=\"600\" height=\"849\" srcset=\"https:\/\/rmvapesale.com\/wp-content\/uploads\/2024\/10\/Rechargeable-Disposable-Vape-ELFWORLD-MX-25000-Puffs.jpg 600w, https:\/\/rmvapesale.com\/wp-content\/uploads\/2024\/10\/Rechargeable-Disposable-Vape-ELFWORLD-MX-25000-Puffs-212x300.jpg 212w\" sizes=\"auto, (max-width: 600px) 100vw, 600px\" \/><figcaption id=\"caption-attachment-2608\" class=\"wp-caption-text\">\u00dajrat\u00f6lthet\u0151 eldobhat\u00f3 vape ELFWORLD MX 25000 Sz\u00edv\u00e1s<\/figcaption><\/figure>\n<h3><strong>Mi\u00e9rt v\u00e1lassza az Rmvapesale-t az ELFWORLD MX25000 Sz\u00edv\u00e1s Eldobhat\u00f3 Vape-hez<\/strong><strong>?<\/strong><\/h3>\n<div class=\"flex-shrink-0 flex flex-col relative items-end\">\n<div class=\"pt-0\">\n<div class=\"gizmo-bot-avatar flex h-8 w-8 items-center justify-center overflow-hidden rounded-full\">\n<div class=\"relative p-1 rounded-sm flex items-center justify-center bg-token-main-surface-primary text-token-text-primary h-8 w-8\">\n<p>\u00dcdv\u00f6z\u00f6lj\u00fck a Rmvapesale-ben, az \u00d6n megb\u00edzhat\u00f3 vape \u00fczlet\u00e9ben, ahol pr\u00e9mium eldobhat\u00f3 vape-eket tal\u00e1l. T\u00f6bb mint 5 \u00e9ves szak\u00e9rtelemmel olyan n\u00e9pszer\u0171 eldobhat\u00f3 vape m\u00e1rk\u00e1kat k\u00edn\u00e1lunk, mint az Al Fakher, <a href=\"https:\/\/rmvapesale.com\/hu\/product\/vapme-crystal-7000-puffs-rechargeable-disposable-vape-price\/\">Vapme<\/a>, <a href=\"https:\/\/rmvapesale.com\/hu\/product-category\/bang-vapes\/\">Bang Vape<\/a>, Waspe, <a href=\"https:\/\/rmvapesale.com\/hu\/product\/wga-crystal-pro-max-extra-15k-puffs-disposable-vape-wholesale\/\">WGA<\/a> Vape \u00e9s<a href=\"https:\/\/rmvapesale.com\/hu\/product-category\/randm-fumot-vape\/\"> RandM Vape<\/a>.<\/p>\n<p>K\u00edn\u00e1latunkban olyan n\u00e9pszer\u0171 vape-ek szerepelnek, mint a <a href=\"https:\/\/rmvapesale.com\/hu\/product\/fumot-digital-box-12000-disposable-vape-pink-lemonade-flavor\/\">RandM 12k<\/a> \u00e9s az \u00edzekben gazdag v\u00e1laszt\u00e9k, mint p\u00e9ld\u00e1ul az <a href=\"https:\/\/rmvapesale.com\/hu\/product\/wga-crystal-plus-20000-puff-dual-flavour-disposable-vape\/\">cURL Too many subrequests.<\/a>. Minden term\u00e9ket a min\u0151s\u00e9gre, \u00e9rt\u00e9kre \u00e9s v\u00e1ltozatoss\u00e1gra f\u00f3kusz\u00e1lva v\u00e1lasztunk ki, biztos\u00edtva, hogy megtal\u00e1lja az ig\u00e9nyeinek t\u00f6k\u00e9letesen megfelel\u0151t. Fedezze fel a kiv\u00e9teles szolg\u00e1ltat\u00e1st \u00e9s a sz\u00e9les v\u00e1laszt\u00e9kot a cs\u00facsmin\u0151s\u00e9g\u0171 term\u00e9kek ter\u00e9n az Rmvapesale-n\u00e9l.<\/p>\n<\/div>\n<h3><\/h3>\n<div class=\"relative p-1 rounded-sm flex items-center justify-center bg-token-main-surface-primary text-token-text-primary h-8 w-8\">\n<h3><b>ELFWORLD MX25000 Vape GYIK<\/b><\/h3>\n<ul>\n<li><strong>Hogyan t\u00f6ltsem az ELFWORLD MX 25000 Sz\u00edv\u00e1s \u00dajrat\u00f6lthet\u0151 Eldobhat\u00f3 Vape-et?<\/strong><br \/>\nA t\u00f6lt\u00e9shez haszn\u00e1lja <strong>ELFWORLD MX 25000<\/strong> az eszk\u00f6z alj\u00e1n tal\u00e1lhat\u00f3 <strong>Type-C t\u00f6lt\u0151port<\/strong> helyet. Csatlakoztassa kompatibilis \u00e1ramforr\u00e1shoz a gyors \u00e9s hat\u00e9kony t\u00f6lt\u00e9s \u00e9rdek\u00e9ben, \u00e9s figyelje az akkumul\u00e1tor szintj\u00e9t a digit\u00e1lis kijelz\u0151n.<\/li>\n<li><strong>Milyen nikotiner\u0151ss\u00e9gek \u00e9rhet\u0151k el az ELFWORLD MX 25000 Puffs eldobhat\u00f3 vape-ben?<\/strong><br \/>\nA <strong>ELFWORLD MX 25000<\/strong> k\u00fcl\u00f6nb\u00f6z\u0151 <strong>nikotin s\u00f3<\/strong> lehet\u0151s\u00e9gek: 0%, 2%, 3% \u00e9s 5%, lehet\u0151v\u00e9 t\u00e9ve a felhaszn\u00e1l\u00f3k sz\u00e1m\u00e1ra, hogy kiv\u00e1lassz\u00e1k a preferenci\u00e1iknak legink\u00e1bb megfelel\u0151 er\u0151ss\u00e9get, bele\u00e9rtve a lehet\u0151s\u00e9geket azok sz\u00e1m\u00e1ra is, akik <strong>legjobb alacsony nikotintartalm\u00fa vape<\/strong> megold\u00e1sokat keresnek.<\/li>\n<li><strong>Mennyi ideig b\u00edrja az ELFWORLD 25000 Puffs eldobhat\u00f3 vape?<\/strong><br \/>\nEgy <strong>25 000 puff kapacit\u00e1s<\/strong> \u00e9s <strong>25 ml-es e-liquid tart\u00e1llyal<\/strong>seg\u00edts\u00e9g\u00e9vel a <strong>Az ELFWORLD 25000<\/strong> hossz\u00fa t\u00e1v\u00fa haszn\u00e1latra tervezt\u00e9k, \u00edgy ide\u00e1lis a hosszabb vaping \u00fcl\u00e9sekhez an\u00e9lk\u00fcl, hogy gyakori ut\u00e1nt\u00f6lt\u00e9sre vagy cser\u00e9re lenne sz\u00fcks\u00e9g.<\/li>\n<li><strong>Hol v\u00e1s\u00e1rolhatok ELFWORLD MX25000 Puffs eldobhat\u00f3 vape-et online?<\/strong><br \/>\nA <strong>ELFWORLD MX25000<\/strong> k\u00fcl\u00f6nf\u00e9le <strong>egyszer haszn\u00e1latos vape online<\/strong> kiskeresked\u0151kn\u00e9l \u00e9s <strong>vape bolt<\/strong> \u00fczletekben kaphat\u00f3. N\u00e9pszer\u0171 v\u00e1laszt\u00e1s a <strong>vape nagykereskedelmi mennyis\u00e9gben<\/strong> v\u00e1s\u00e1rl\u00e1sok \u00e9s a nagykereskedelmi lehet\u0151s\u00e9gek k\u00f6z\u00f6tt.<\/li>\n<li><strong>Mit\u0151l okos v\u00e1laszt\u00e1s az ELFWORLD MX 25000 Puffs eldobhat\u00f3 vape?<\/strong><br \/>\nA <strong>ELFWORLD MX 25000<\/strong> kiemelkedik a <strong>digit\u00e1lis kijelz\u0151<\/strong> akkumul\u00e1tor \u00e9s az e-liquid figyel\u00e9s\u00e9nek k\u00f6sz\u00f6nhet\u0151en, <strong>\u00e1ll\u00edthat\u00f3 l\u00e9g\u00e1raml\u00e1sa<\/strong>, \u00e9s <strong>h\u00e1l\u00f3s tekercs<\/strong> technol\u00f3gi\u00e1j\u00e1nak k\u00f6sz\u00f6nhet\u0151en. Ez a <strong>okos vape<\/strong> kiv\u00e1l\u00f3 min\u0151s\u00e9g\u0171 \u00e9lm\u00e9nyt ny\u00fajt fokozott ir\u00e1ny\u00edt\u00e1ssal, \u00edgy az egyik <strong>legjobb eldobhat\u00f3 vape<\/strong> a piacon.<\/li>\n<\/ul>\n<\/div>\n<\/div>\n<\/div>\n<\/div>\n<h3>A Sz\u00e1ll\u00edt\u00e1sr\u00f3l<\/h3>\n<div class=\"flex-shrink-0 flex flex-col relative items-end\">\n<div>\n<div class=\"pt-0\">\n<div class=\"gizmo-bot-avatar flex h-8 w-8 items-center justify-center overflow-hidden rounded-full\">\n<div><\/div>\n<div class=\"relative p-1 rounded-sm flex items-center justify-center bg-token-main-surface-primary text-token-text-primary h-8 w-8\"><strong>1. Milyen sz\u00e1ll\u00edt\u00e1si m\u00f3dokat haszn\u00e1lnak?<\/strong><\/div>\n<\/div>\n<\/div>\n<\/div>\n<\/div>\n<div class=\"group\/conversation-turn relative flex w-full min-w-0 flex-col agent-turn\">\n<div class=\"flex-col gap-1 md:gap-3\">\n<div class=\"flex max-w-full flex-col flex-grow\">\n<div class=\"min-h-[20px] text-message flex w-full flex-col items-end gap-2 whitespace-normal break-words [.text-message+&amp;]:mt-5 overflow-x-auto\" dir=\"auto\" data-message-author-role=\"assistant\" data-message-id=\"22f8283b-3233-46ff-89a5-c7a41b33abda\">\n<div class=\"flex w-full flex-col gap-1 empty:hidden first:pt-[3px]\">\n<div class=\"markdown prose w-full break-words dark:prose-invert light\">\n<p>Partnerei vagyunk a UPS, DHL, FedEx, DPD \u00e9s m\u00e1s vezet\u0151 fuvaroz\u00f3knak. A legjobb sz\u00e1ll\u00edt\u00e1si m\u00f3dot fogjuk kiv\u00e1lasztani a sz\u00e1ll\u00edt\u00e1si helysz\u00edne alapj\u00e1n, hogy a lehet\u0151 leggyorsabban megkapja a term\u00e9keit.<\/p>\n<\/div>\n<p><strong>2. Mennyi id\u0151 alatt \u00e9rkezik meg?<\/strong><\/p>\n<p>A csomagok \u00e1ltal\u00e1ban 10 munkanapon bel\u00fcl meg\u00e9rkeznek Magyarorsz\u00e1gra. Az eur\u00f3pai orsz\u00e1gokba t\u00f6rt\u00e9n\u0151 sz\u00e1ll\u00edt\u00e1s \u00e1ltal\u00e1ban 12-15 munkanapot vesz ig\u00e9nybe. Folyamatosan t\u00e1j\u00e9koztatjuk a sz\u00e1ll\u00edt\u00e1si st\u00e1tuszr\u00f3l.<\/p>\n<\/div>\n<\/div>\n<\/div>\n<\/div>\n<\/div>\n<p>&nbsp;<\/p>\n<p>Tal\u00e1lja meg a tov\u00e1bbi vape term\u00e9keket, amelyek tetszhetnek \u00d6nnek:<strong><em><a href=\"https:\/\/rmvapesale.com\/hu\/shop-2\/\">V\u00e1s\u00e1roljon most &gt;&gt;&gt;<\/a><\/em><\/strong><\/p>","protected":false},"excerpt":{"rendered":"<p>ELFWORLD MX 25000 Puff Magyarorsz\u00e1g forr\u00f3 \u00e1rus\u00edt\u00e1s\u00fa vape<br \/>\nElfworld MX25000 25K Puffs egyszer haszn\u00e1latos vape nagykereskedelem<br \/>\nNagy Puffs Elfworld MX25000 egyszer haszn\u00e1latos vape nagykereskedelem<\/p>\n<p><img loading=\"lazy\" decoding=\"async\" class=\"size-full wp-image-2375\" src=\"https:\/\/rmvapesale.com\/wp-content\/uploads\/2024\/10\/image.png\" alt=\"Legjobb Eldobhat\u00f3 Vape\" width=\"229\" height=\"300\" \/><\/p>\n<h3><a href=\"https:\/\/wa.me\/8617776015835\"><span style=\"color: #ff0000\"><strong>WhatsApp: +86 17776015835<\/strong><\/span><\/a><\/h3>\n<p>&nbsp;<\/p>","protected":false},"featured_media":2604,"comment_status":"open","ping_status":"closed","template":"","meta":{"_uag_custom_page_level_css":"","_lmt_disableupdate":"no","_lmt_disable":"","site-sidebar-layout":"default","site-content-layout":"content-boxed-container","ast-site-content-layout":"normal-width-container","site-content-style":"boxed","site-sidebar-style":"unboxed","ast-global-header-display":"","ast-banner-title-visibility":"","ast-main-header-display":"","ast-hfb-above-header-display":"","ast-hfb-below-header-display":"","ast-hfb-mobile-header-display":"","site-post-title":"","ast-breadcrumbs-content":"","ast-featured-img":"","footer-sml-layout":"","ast-disable-related-posts":"","theme-transparent-header-meta":"default","adv-header-id-meta":"","stick-header-meta":"","header-above-stick-meta":"","header-main-stick-meta":"","header-below-stick-meta":"","astra-migrate-meta-layouts":"set","ast-page-background-enabled":"default","ast-page-background-meta":{"desktop":{"background-color":"var(--ast-global-color-4)","background-image":"","background-repeat":"repeat","background-position":"center center","background-size":"auto","background-attachment":"scroll","background-type":"","background-media":"","overlay-type":"","overlay-color":"","overlay-opacity":"","overlay-gradient":""},"tablet":{"background-color":"","background-image":"","background-repeat":"repeat","background-position":"center center","background-size":"auto","background-attachment":"scroll","background-type":"","background-media":"","overlay-type":"","overlay-color":"","overlay-opacity":"","overlay-gradient":""},"mobile":{"background-color":"","background-image":"","background-repeat":"repeat","background-position":"center center","background-size":"auto","background-attachment":"scroll","background-type":"","background-media":"","overlay-type":"","overlay-color":"","overlay-opacity":"","overlay-gradient":""}},"ast-content-background-meta":{"desktop":{"background-color":"var(--ast-global-color-5)","background-image":"","background-repeat":"repeat","background-position":"center center","background-size":"auto","background-attachment":"scroll","background-type":"","background-media":"","overlay-type":"","overlay-color":"","overlay-opacity":"","overlay-gradient":""},"tablet":{"background-color":"var(--ast-global-color-5)","background-image":"","background-repeat":"repeat","background-position":"center center","background-size":"auto","background-attachment":"scroll","background-type":"","background-media":"","overlay-type":"","overlay-color":"","overlay-opacity":"","overlay-gradient":""},"mobile":{"background-color":"var(--ast-global-color-5)","background-image":"","background-repeat":"repeat","background-position":"center center","background-size":"auto","background-attachment":"scroll","background-type":"","background-media":"","overlay-type":"","overlay-color":"","overlay-opacity":"","overlay-gradient":""}},"_joinchat":[]},"product_brand":[],"product_cat":[15,27,25,195,123,30,26,28,137,136,135],"product_tag":[146,188,167,165,191,120],"class_list":{"0":"post-2572","1":"product","2":"type-product","3":"status-publish","4":"has-post-thumbnail","6":"product_cat-new-vape-this-week","7":"product_cat-fance-hot-sale-vape","8":"product_cat-germany-best-selling-vape","9":"product_cat-germany-warehouse","10":"product_cat-italy-wholesale-vape","11":"product_cat-minimum-order-quantity-50pcs","12":"product_cat-netherlands-hot-sale-vape","13":"product_cat-poland-hot-sale-vape","14":"product_cat-rechargeable-vapes","15":"product_cat-smart-screen-vapes","16":"product_cat-spain-best-hot-sale-vape","17":"product_tag-best-hot-sale-vape","18":"product_tag-buy-vapes-online","19":"product_tag-disposable-vape-with-screen","20":"product_tag-rechargeable-vapes","21":"product_tag-vape-box","22":"product_tag-vape-wholesale","23":"desktop-align-left","24":"tablet-align-left","25":"mobile-align-left","27":"first","28":"instock","29":"sale","30":"shipping-taxable","31":"purchasable","32":"product-type-simple"},"uagb_featured_image_src":{"full":["https:\/\/rmvapesale.com\/wp-content\/uploads\/2024\/10\/ELFWORLD-25000-Rechargeable-Disposable-Vape.jpg",800,800,false],"thumbnail":["https:\/\/rmvapesale.com\/wp-content\/uploads\/2024\/10\/ELFWORLD-25000-Rechargeable-Disposable-Vape-150x150.jpg",150,150,true],"medium":["https:\/\/rmvapesale.com\/wp-content\/uploads\/2024\/10\/ELFWORLD-25000-Rechargeable-Disposable-Vape-300x300.jpg",300,300,true],"medium_large":["https:\/\/rmvapesale.com\/wp-content\/uploads\/2024\/10\/ELFWORLD-25000-Rechargeable-Disposable-Vape-768x768.jpg",768,768,true],"large":["https:\/\/rmvapesale.com\/wp-content\/uploads\/2024\/10\/ELFWORLD-25000-Rechargeable-Disposable-Vape.jpg",800,800,false],"1536x1536":["https:\/\/rmvapesale.com\/wp-content\/uploads\/2024\/10\/ELFWORLD-25000-Rechargeable-Disposable-Vape.jpg",800,800,false],"2048x2048":["https:\/\/rmvapesale.com\/wp-content\/uploads\/2024\/10\/ELFWORLD-25000-Rechargeable-Disposable-Vape.jpg",800,800,false],"trp-custom-language-flag":["https:\/\/rmvapesale.com\/wp-content\/uploads\/2024\/10\/ELFWORLD-25000-Rechargeable-Disposable-Vape.jpg",12,12,false],"woocommerce_thumbnail":["https:\/\/rmvapesale.com\/wp-content\/uploads\/2024\/10\/ELFWORLD-25000-Rechargeable-Disposable-Vape-300x300.jpg",300,300,true],"woocommerce_single":["https:\/\/rmvapesale.com\/wp-content\/uploads\/2024\/10\/ELFWORLD-25000-Rechargeable-Disposable-Vape-600x600.jpg",600,600,true],"woocommerce_gallery_thumbnail":["https:\/\/rmvapesale.com\/wp-content\/uploads\/2024\/10\/ELFWORLD-25000-Rechargeable-Disposable-Vape-100x100.jpg",100,100,true],"wcpr-photo-reviews":["https:\/\/rmvapesale.com\/wp-content\/uploads\/2024\/10\/ELFWORLD-25000-Rechargeable-Disposable-Vape.jpg",500,500,false]},"uagb_author_info":{"display_name":"AMY","author_link":"https:\/\/rmvapesale.com\/hu\/author\/"},"uagb_comment_info":0,"uagb_excerpt":"ELFWORLD MX 25000 Puff Germany Hot Slale Vape Elfworld MX25000 25K Puffs Disposable Vape Wholesale Big Puffs Elfworld MX25000 Disposable Vape Wholesale WhatsApp: +86 17776015835 &nbsp;","_links":{"self":[{"href":"https:\/\/rmvapesale.com\/hu\/wp-json\/wp\/v2\/product\/2572","targetHints":{"allow":["GET"]}}],"collection":[{"href":"https:\/\/rmvapesale.com\/hu\/wp-json\/wp\/v2\/product"}],"about":[{"href":"https:\/\/rmvapesale.com\/hu\/wp-json\/wp\/v2\/types\/product"}],"replies":[{"embeddable":true,"href":"https:\/\/rmvapesale.com\/hu\/wp-json\/wp\/v2\/comments?post=2572"}],"wp:featuredmedia":[{"embeddable":true,"href":"https:\/\/rmvapesale.com\/hu\/wp-json\/wp\/v2\/media\/2604"}],"wp:attachment":[{"href":"https:\/\/rmvapesale.com\/hu\/wp-json\/wp\/v2\/media?parent=2572"}],"wp:term":[{"taxonomy":"product_brand","embeddable":true,"href":"https:\/\/rmvapesale.com\/hu\/wp-json\/wp\/v2\/product_brand?post=2572"},{"taxonomy":"product_cat","embeddable":true,"href":"https:\/\/rmvapesale.com\/hu\/wp-json\/wp\/v2\/product_cat?post=2572"},{"taxonomy":"product_tag","embeddable":true,"href":"https:\/\/rmvapesale.com\/hu\/wp-json\/wp\/v2\/product_tag?post=2572"}],"curies":[{"name":"wp","href":"https:\/\/api.w.org\/{rel}","templated":true}]}}