{"id":2573,"date":"2024-10-26T09:06:29","date_gmt":"2024-10-26T09:06:29","guid":{"rendered":"https:\/\/rmvapesale.com\/?post_type=product&#038;p=2573"},"modified":"2024-10-28T07:40:44","modified_gmt":"2024-10-28T07:40:44","slug":"disposable-vape-poco-bl10000-puffs-wholesale","status":"publish","type":"product","link":"https:\/\/rmvapesale.com\/hu\/product\/disposable-vape-poco-bl10000-puffs-wholesale\/","title":{"rendered":"Eldobhat\u00f3 Vape POCO BL10000 Puffs Nagykereskedelem"},"content":{"rendered":"<div class=\"B2VR9 CJHX3e\">\n<div class=\"wyccme\">\n<h1 class=\"LC20lb MBeuO DKV0Md\">Eldobhat\u00f3 Vape POCO BL10000 Puffs Nagykereskedelem<\/h1>\n<div class=\"flex-shrink-0 flex flex-col relative items-end\">\n<div class=\"pt-0\">\n<div class=\"gizmo-bot-avatar flex h-8 w-8 items-center justify-center overflow-hidden rounded-full\">\n<div class=\"relative p-1 rounded-sm flex items-center justify-center bg-token-main-surface-primary text-token-text-primary h-8 w-8\">\n<p>A <strong>POCO BL10000 Puffs Eldobhat\u00f3 Vape<\/strong> egy innovat\u00edv <strong>10 ezer puffos vape<\/strong> kiv\u00e9teles hossz\u00fa \u00e9lettartamot \u00e9s min\u0151s\u00e9get k\u00edn\u00e1l, t\u00f6k\u00e9letes azok sz\u00e1m\u00e1ra, akik magas teljes\u00edtm\u00e9ny\u0171, \u00fajrat\u00f6lthet\u0151 eldobhat\u00f3 term\u00e9ket keresnek. \u00dagy tervezt\u00e9k, hogy ak\u00e1r <strong>10 000 slukkot<\/strong>ez <strong>\u00dajrat\u00f6lthet\u0151 vape-k<\/strong> eszk\u00f6z van felszerelve egy <strong>h\u00e1l\u00f3s tekercs<\/strong> \u00e9s egy b\u0151s\u00e9ges <strong>20 ml<\/strong> e-folyad\u00e9kot tartalmaz, el\u00e9rhet\u0151 <strong>0%, 2% vagy 5% nikotin<\/strong> opci\u00f3kban mindkett\u0151nek megfelelve<strong> alacsony nikotintartalom<\/strong> vagy er\u0151s nikotinpreferenci\u00e1nak. Ez <strong>dobozos vape<\/strong> ide\u00e1lis v\u00e1laszt\u00e1s mind kezd\u0151, mind tapasztalt vaperek sz\u00e1m\u00e1ra, sima \u00e9s konzisztens \u00edz\u00e9lm\u00e9nyt ny\u00fajtva.<\/p>\n<p>A <strong>650mAh \u00fajrat\u00f6lthet\u0151 akkumul\u00e1torral<\/strong> optimaliz\u00e1lt a hossz\u00fa t\u00e1v\u00fa haszn\u00e1latra, m\u00edg a <strong>C-t\u00edpus\u00fa t\u00f6lt\u0151<\/strong> csatlakoz\u00f3 gyors \u00e9s k\u00e9nyelmes \u00fajrat\u00f6lt\u00e9seket tesz lehet\u0151v\u00e9, ez\u00e1ltal ez az eszk\u00f6z a legjobb v\u00e1laszt\u00e1s a <strong>\u00fajrat\u00f6lthet\u0151 vape-k<\/strong>k\u00f6r\u00e9ben. A <strong>\u00e1ll\u00edthat\u00f3 l\u00e9g\u00e1raml\u00e1sa<\/strong>seg\u00edts\u00e9g\u00e9vel a felhaszn\u00e1l\u00f3k tov\u00e1bb szem\u00e9lyre szabhatj\u00e1k vapel\u00e9si \u00e9lm\u00e9ny\u00fcket, a szorosabbt\u00f3l a nyitottabb h\u00faz\u00e1sokig, mik\u00f6zben \u00e9lvezhetik a <strong>h\u00e1l\u00f3s tekercs<\/strong>.<\/p>\n<p>El\u00e9rhet\u0151 <strong>15 egyedi \u00edz<\/strong>, a POCO BL10000 k\u00fcl\u00f6nb\u00f6z\u0151 \u00edzl\u00e9sekhez igazodik, biztos\u00edtva, hogy minden \u00edzl\u00e9snek legyen megfelel\u0151 \u00edz. T\u00f6k\u00e9letes azoknak, akik \u00fatk\u00f6zben doh\u00e1nyoznak, ez a kompakt eszk\u00f6z kiemelked\u0151 a piacon <strong>vape boltokban<\/strong>, <strong>vape b\u00e1rokb\u00f3l<\/strong>, \u00e9s <strong>nagykereskedelmi vape<\/strong> v\u00e1s\u00e1rl\u00f3k sz\u00e1m\u00e1ra. Kiskereskedelmi k\u00e9szre k\u00e9sz\u00edtve <strong>10 egys\u00e9g kijelz\u0151nk\u00e9nt<\/strong>, ide\u00e1lis azok sz\u00e1m\u00e1ra is, akik <strong>vape v\u00e1s\u00e1rl\u00e1s online<\/strong> vagy boltokban keresnek.<\/p>\n<\/div>\n<\/div>\n<\/div>\n<\/div>\n<\/div>\n<\/div>\n<p><strong>L\u00e9pjen kapcsolatba Amyvel, hogy megkapja a helyes v\u00e1laszt \u00e9s a vape kupont!<\/strong><\/p>\n<p><img loading=\"lazy\" decoding=\"async\" class=\"size-full wp-image-1978\" src=\"https:\/\/rmvapesale.com\/wp-content\/uploads\/2024\/09\/Disposable-Vape-Wholesale.jpg\" alt=\"Eldobhat\u00f3 Vape Nagykereskedelem\" width=\"229\" height=\"300\" \/><\/p>\n<h3><a href=\"https:\/\/wa.me\/8617776015835\" target=\"_blank\" rel=\"noopener\"><span style=\"color: #ff0000\"><strong>WhatsApp: +86 17776015835<\/strong><\/span><\/a><\/h3>\n<p>&nbsp;<\/p>\n<h2><\/h2>\n<h2><strong>Egyszer haszn\u00e1latos Vape POCO BL10000 Puff <\/strong><strong>F\u0151bb jellemz\u0151k<\/strong><\/h2>\n<p>Nikotin: 2%\/5%<br \/>\nSz\u00edv\u00e1sok: 10000<br \/>\nKapacit\u00e1s: 20ml<br \/>\n15 \u00edzben kaphat\u00f3<br \/>\nH\u00e1l\u00f3s Tekercs<br \/>\nAkkumul\u00e1tor: 650mAh<br \/>\n\u00c1ll\u00edthat\u00f3 l\u00e9g\u00e1raml\u00e1s<\/p>\n<figure id=\"attachment_2571\" aria-describedby=\"caption-attachment-2571\" style=\"width: 800px\" class=\"wp-caption alignnone\"><img loading=\"lazy\" decoding=\"async\" class=\"wp-image-2571 size-full\" src=\"https:\/\/rmvapesale.com\/wp-content\/uploads\/2024\/10\/Poco-BL10000-Puffs-Rechargeable-Vape.jpg\" alt=\"Poco BL 10000 Puffs \u00fajrat\u00f6lthet\u0151 Vape\" width=\"800\" height=\"800\" srcset=\"https:\/\/rmvapesale.com\/wp-content\/uploads\/2024\/10\/Poco-BL10000-Puffs-Rechargeable-Vape.jpg 800w, https:\/\/rmvapesale.com\/wp-content\/uploads\/2024\/10\/Poco-BL10000-Puffs-Rechargeable-Vape-300x300.jpg 300w, https:\/\/rmvapesale.com\/wp-content\/uploads\/2024\/10\/Poco-BL10000-Puffs-Rechargeable-Vape-150x150.jpg 150w, https:\/\/rmvapesale.com\/wp-content\/uploads\/2024\/10\/Poco-BL10000-Puffs-Rechargeable-Vape-768x768.jpg 768w, https:\/\/rmvapesale.com\/wp-content\/uploads\/2024\/10\/Poco-BL10000-Puffs-Rechargeable-Vape-600x600.jpg 600w, https:\/\/rmvapesale.com\/wp-content\/uploads\/2024\/10\/Poco-BL10000-Puffs-Rechargeable-Vape-100x100.jpg 100w\" sizes=\"auto, (max-width: 800px) 100vw, 800px\" \/><figcaption id=\"caption-attachment-2571\" class=\"wp-caption-text\">Poco BL 10000 Puffs \u00fajrat\u00f6lthet\u0151 Vape<\/figcaption><\/figure>\n<h2><strong>Legn\u00e9pszer\u0171bb \u00edz a POCO BL10000 Puffs sz\u00e1m\u00e1ra<\/strong><strong>\u00a0<\/strong><\/h2>\n<p>1. Mang\u00f3 Narancs Sz\u0151l\u0151<br \/>\n2. Barack \u00c1fonya Puha Cukorka <span style=\"color: #ff0000\"><strong>&gt;&gt;&gt;&gt; Forr\u00f3!<\/strong><\/span><br \/>\n3. Aloe Sz\u0151l\u0151<br \/>\n4. H\u0171s Mentol<br \/>\n5. Eper Mang\u00f3<br \/>\n6. Szenved\u00e9lygy\u00fcm\u00f6lcs Kivi Guava<br \/>\n7. Alma Barack<br \/>\n8. Eper g\u00f6r\u00f6gdinnye<br \/>\n9. Sz\u0151l\u0151 Fekete Ribizli Sz\u00f3da<br \/>\n10.Blueberry Raspberry <span style=\"color: #ff0000\"><strong>&gt;&gt;&gt;&gt; Forr\u00f3!<\/strong><\/span><br \/>\n11.Eper Kiwi<br \/>\n12. \u00c1fonya Cseresznye K\u00f3la<br \/>\n13. Fekete J\u00e9g S\u00e1rk\u00e1nygy\u00fcm\u00f6lcs Eper<br \/>\n14. R\u00e1spberry G\u00f6r\u00f6gdinnye <span style=\"color: #ff0000\"><strong>&gt;&gt;&gt;&gt; A legjobb!<\/strong><\/span><br \/>\n15. Eper Ban\u00e1n<\/p>\n<p>&nbsp;<\/p>\n<h3><strong>Mi\u00e9rt v\u00e1lassza az Rmvapesale-t a POCO BL10000 Puffs \u00fajrat\u00f6lthet\u0151 egyszer haszn\u00e1latos vape eset\u00e9ben<\/strong><strong>?<\/strong><\/h3>\n<div class=\"flex-shrink-0 flex flex-col relative items-end\">\n<div class=\"pt-0\">\n<div class=\"gizmo-bot-avatar flex h-8 w-8 items-center justify-center overflow-hidden rounded-full\">\n<div class=\"relative p-1 rounded-sm flex items-center justify-center bg-token-main-surface-primary text-token-text-primary h-8 w-8\">\n<p>&nbsp;<\/p>\n<p>Ha az Rmvapesale-t v\u00e1lasztja az eldobhat\u00f3 vape-ek nagykereskedelm\u00e9hez, a k\u00f6vetkez\u0151 el\u0151ny\u00f6kben r\u00e9szes\u00fcl:<\/p>\n<ul>\n<li><strong>Versenyk\u00e9pes \u00e1rak<\/strong>: Hozz\u00e1f\u00e9rhet vonz\u00f3 nagykereskedelmi \u00e1rakhoz, amelyek n\u00f6velik az \u00fczleti marzsokat.<\/li>\n<li><strong>Magas min\u0151s\u00e9g<\/strong>: Vape-jeink a legmagasabb sz\u00ednvonalon k\u00e9sz\u00fclnek, \u00e9s <span style=\"color: #ff0000\"><strong>garant\u00e1ltan 100% eredetiek \u00e9s hitelesek, hamis \u00e1ru eset\u00e9n 10-szeres k\u00e1rt\u00e9r\u00edt\u00e9st biztos\u00edtunk!<\/strong><\/span><\/li>\n<li><strong>Kiv\u00e1l\u00f3 \u00dcgyf\u00e9lszolg\u00e1lat<\/strong>: Elk\u00f6telezett csapatunk mindig k\u00e9szen \u00e1ll, hogy seg\u00edtsen \u00d6nnek, z\u00f6kken\u0151mentess\u00e9 \u00e9s probl\u00e9mamentess\u00e9 t\u00e9ve a v\u00e1s\u00e1rl\u00e1si folyamatot.<\/li>\n<li><strong>Gyors Sz\u00e1ll\u00edt\u00e1s<\/strong>: Sz\u00e1m\u00edtson gyors \u00e9s megb\u00edzhat\u00f3 sz\u00e1ll\u00edt\u00e1sra, ami biztos\u00edtja, hogy rendel\u00e9sei mindig id\u0151ben meg\u00e9rkezzenek.<\/li>\n<\/ul>\n<\/div>\n<h3><\/h3>\n<div class=\"relative p-1 rounded-sm flex items-center justify-center bg-token-main-surface-primary text-token-text-primary h-8 w-8\">\n<h3><b>Vape POCO BL10000 Puffs Puff GYIK<\/b><\/h3>\n<ul>\n<li><strong>Hogyan t\u00f6lts\u00fck fel a POCO BL10000 Puffs \u00fajrat\u00f6lthet\u0151 egyszer haszn\u00e1latos vape-t<\/strong><br \/>\nA POCO BL10000 Puffs vape 650mAh-s \u00fajrat\u00f6lthet\u0151 akkumul\u00e1torral \u00e9rkezik. A t\u00f6lt\u00e9shez csatlakoztassa a Type-C k\u00e1belt a t\u00f6lt\u0151porthoz \u00e9s egy kompatibilis \u00e1ramforr\u00e1shoz. A Type-C t\u00f6lt\u00e9s gyors \u00e9s hat\u00e9kony \u00fajrat\u00f6lt\u00e9st tesz lehet\u0151v\u00e9, minimaliz\u00e1lva a le\u00e1ll\u00e1si id\u0151t.<\/li>\n<li><strong>Mennyi nikotin van a POCO BL10000 Puffs egyszer haszn\u00e1latos vape-ben?<\/strong><br \/>\nA POCO BL10000 Puffs egyszer haszn\u00e1latos vape h\u00e1rom nikotinszint opci\u00f3t k\u00edn\u00e1l: 0%, 2% \u00e9s 5%. Ez a v\u00e1laszt\u00e9k mind alacsony nikotintartalm\u00fa felhaszn\u00e1l\u00f3knak, mind azoknak megfelel, akik er\u0151sebb nikotintapasztalatot keresnek.<\/li>\n<li><strong>Meddig kell t\u00f6ltenem a POCO BL10000 Puffs egyszer haszn\u00e1latos vape doboz\u00e1t?<\/strong><br \/>\nA t\u00f6lt\u00e9si id\u0151 a forr\u00e1st\u00f3l f\u00fcgg, de a Type-C gyors t\u00f6lt\u00e9stechnol\u00f3gia biztos\u00edtja, hogy viszonylag gyorsan felt\u00f6lt\u0151dj\u00f6n. A k\u00e9sz\u00fcl\u00e9k akkor lesz haszn\u00e1latra k\u00e9sz, amikor teljesen felt\u00f6lt\u00f6tt, ez\u00e9rt figyelje az esetleges jelz\u0151f\u00e9nyeket vagy jeleket a t\u00f6lt\u00e9s befejez\u00e9s\u00e9nek meg\u00e1llap\u00edt\u00e1s\u00e1hoz.<\/li>\n<li><strong>Hol v\u00e1s\u00e1rolhatom meg a POCO BL10000 Puffs egyszer haszn\u00e1latos vape-t?<\/strong><br \/>\nA POCO BL10000 Puffs egyszer haszn\u00e1latos vape el\u00e9rhet\u0151 vape boltokban, <strong>vape b\u00e1rokb\u00f3l<\/strong>, \u00e9s online platformokon, ahol el\u00e9rhet\u0151 <strong>vape v\u00e1s\u00e1rl\u00e1s online<\/strong>. Nagy t\u00e9telben v\u00e1s\u00e1rl\u00f3knak szint\u00e9n el\u00e9rhet\u0151 <strong>nagykereskedelmi vape<\/strong> sz\u00e1ll\u00edt\u00f3k sz\u00e1m\u00e1ra.<\/li>\n<li><strong>Melyek a 2024 legjobb eldobhat\u00f3 vape-ei?<\/strong><br \/>\nN\u00e9h\u00e1ny a legjobb egyszer haszn\u00e1latos vape-k k\u00f6z\u00fcl 2024-ben:<\/p>\n<ul>\n<li><strong>POCO BL10000 Puffs<\/strong>: Ismert 10 000 sz\u00edv\u00f3puff kapacit\u00e1s\u00e1r\u00f3l, \u00e1ll\u00edthat\u00f3 l\u00e9g\u00e1raml\u00e1sr\u00f3l \u00e9s t\u00f6bb nikotinszinttel.<\/li>\n<li><strong>Elf World i15 Pro 12000<\/strong>: Nagy sz\u00edv\u00f3puff sz\u00e1m, \u00fajrat\u00f6lthet\u0151 akkumul\u00e1tor \u00e9s MTL-k\u00f6zpont\u00fa kialak\u00edt\u00e1s.<\/li>\n<li><strong>AIVONO Lost Mary 6500 Puff<\/strong>: \u00c1ll\u00edthat\u00f3 l\u00e9g\u00e1raml\u00e1s \u00e9s kompakt, felhaszn\u00e1l\u00f3bar\u00e1t kialak\u00edt\u00e1s.<\/li>\n<li><strong>Fumot RandM Tornado 30000 Puffs<\/strong>: Egyedi zen\u00e9hez szinkroniz\u00e1lt RGB f\u00e9nyekkel \u00e9s magas sz\u00edv\u00f3puff sz\u00e1mmal rendelkezik.<\/li>\n<\/ul>\n<\/li>\n<\/ul>\n<\/div>\n<\/div>\n<\/div>\n<\/div>\n<h3>A Sz\u00e1ll\u00edt\u00e1sr\u00f3l<\/h3>\n<div class=\"flex-shrink-0 flex flex-col relative items-end\">\n<div>\n<div class=\"pt-0\">\n<div class=\"gizmo-bot-avatar flex h-8 w-8 items-center justify-center overflow-hidden rounded-full\">\n<div><\/div>\n<div class=\"relative p-1 rounded-sm flex items-center justify-center bg-token-main-surface-primary text-token-text-primary h-8 w-8\"><strong>1. Milyen sz\u00e1ll\u00edt\u00e1si m\u00f3dokat haszn\u00e1lnak?<\/strong><\/div>\n<\/div>\n<\/div>\n<\/div>\n<\/div>\n<div class=\"group\/conversation-turn relative flex w-full min-w-0 flex-col agent-turn\">\n<div class=\"flex-col gap-1 md:gap-3\">\n<div class=\"flex max-w-full flex-col flex-grow\">\n<div class=\"min-h-[20px] text-message flex w-full flex-col items-end gap-2 whitespace-normal break-words [.text-message+&amp;]:mt-5 overflow-x-auto\" dir=\"auto\" data-message-author-role=\"assistant\" data-message-id=\"22f8283b-3233-46ff-89a5-c7a41b33abda\">\n<div class=\"flex w-full flex-col gap-1 empty:hidden first:pt-[3px]\">\n<div class=\"markdown prose w-full break-words dark:prose-invert light\">\n<p>Partnerei vagyunk a UPS, DHL, FedEx, DPD \u00e9s m\u00e1s vezet\u0151 fuvaroz\u00f3knak. A legjobb sz\u00e1ll\u00edt\u00e1si m\u00f3dot fogjuk kiv\u00e1lasztani a sz\u00e1ll\u00edt\u00e1si helysz\u00edne alapj\u00e1n, hogy a lehet\u0151 leggyorsabban megkapja a term\u00e9keit.<\/p>\n<\/div>\n<p><strong>2. Mennyi id\u0151 alatt \u00e9rkezik meg?<\/strong><\/p>\n<p>A csomagok \u00e1ltal\u00e1ban 10 munkanapon bel\u00fcl meg\u00e9rkeznek Magyarorsz\u00e1gra. Az eur\u00f3pai orsz\u00e1gokba t\u00f6rt\u00e9n\u0151 sz\u00e1ll\u00edt\u00e1s \u00e1ltal\u00e1ban 12-15 munkanapot vesz ig\u00e9nybe. Folyamatosan t\u00e1j\u00e9koztatjuk a sz\u00e1ll\u00edt\u00e1si st\u00e1tuszr\u00f3l.<\/p>\n<\/div>\n<\/div>\n<\/div>\n<\/div>\n<\/div>\n<p>&nbsp;<\/p>\n<p>Tov\u00e1bbi n\u00e9pszer\u0171 vape term\u00e9kek, amik tetszhetnek:<\/p>\n<p><a href=\"https:\/\/rmvapesale.com\/hu\/product\/fumot-randm-tornado-30000-puffs-30k-music-disposable-vape\/\"><strong>RandM Tornado 30000 Puff\u00a0 \u00a0<span style=\"color: #ff0000\">&gt;&gt;&gt;&gt; ide!<\/span><\/strong><\/a><\/p>\n<p><strong><a href=\"https:\/\/rmvapesale.com\/hu\/product\/rechargeable-vape-vapme-spacex-22000-puff-wholesale\/\">Vapme Spacex 22000 Szippant\u00e1s <span style=\"color: #ff0000\">&gt;&gt;&gt;&gt; ide!<\/span><\/a>\u00a0<\/strong><\/p>\n<p><a href=\"https:\/\/rmvapesale.com\/hu\/product\/original-randm-vape-digital-puff-12000-fumot-factory-price\/\"><strong>Fumot Vape 12000 slukk <span style=\"color: #ff0000\">&gt;&gt;&gt;&gt; ide!<\/span><\/strong><\/a><\/p>\n<p>&nbsp;<\/p>\n<p>&nbsp;<\/p>\n<p>Tal\u00e1lja meg a tov\u00e1bbi vape term\u00e9keket, amelyek tetszhetnek \u00d6nnek:<strong><em><a href=\"https:\/\/rmvapesale.com\/hu\/shop-2\/\">V\u00e1s\u00e1roljon most &gt;&gt;&gt;<\/a><\/em><\/strong><\/p>","protected":false},"excerpt":{"rendered":"<p>POCO BL10000 Puffos Eldobhat\u00f3 Vape 2% 5% Nikotin<br \/>\nPoco BL10000 \u00dajrat\u00f6lthet\u0151 Eldobhat\u00f3 Vape<br \/>\nPoco BL10000 Eldobhat\u00f3 Vape Nagybani<br \/>\n<span style=\"color: #ff0000\">(Sz\u00e1ll\u00edt\u00e1s a n\u00e9metorsz\u00e1gi rakt\u00e1rb\u00f3l, \u00e9s k\u00f6r\u00fclbel\u00fcl 3-5 napot vesz ig\u00e9nybe, hogy meg\u00e9rkezzen a legt\u00f6bb eur\u00f3pai orsz\u00e1gba, mint p\u00e9ld\u00e1ul Hollandia, Franciaorsz\u00e1g, Olaszorsz\u00e1g, Spanyolorsz\u00e1g, Sv\u00e1jc, Sv\u00e9dorsz\u00e1g, Lengyelorsz\u00e1g stb.)<\/span><\/p>\n<p><img loading=\"lazy\" decoding=\"async\" class=\"size-full wp-image-2375\" src=\"https:\/\/rmvapesale.com\/wp-content\/uploads\/2024\/10\/image.png\" alt=\"Legjobb Eldobhat\u00f3 Vape\" width=\"229\" height=\"300\" \/><\/p>\n<h3><a href=\"https:\/\/wa.me\/8617776015835\"><span style=\"color: #ff0000\"><strong>WhatsApp: +86 17776015835<\/strong><\/span><\/a><\/h3>\n<p>&nbsp;<\/p>","protected":false},"featured_media":2569,"comment_status":"open","ping_status":"closed","template":"","meta":{"_uag_custom_page_level_css":"","_lmt_disableupdate":"no","_lmt_disable":"","site-sidebar-layout":"default","site-content-layout":"content-boxed-container","ast-site-content-layout":"normal-width-container","site-content-style":"boxed","site-sidebar-style":"unboxed","ast-global-header-display":"","ast-banner-title-visibility":"","ast-main-header-display":"","ast-hfb-above-header-display":"","ast-hfb-below-header-display":"","ast-hfb-mobile-header-display":"","site-post-title":"","ast-breadcrumbs-content":"","ast-featured-img":"","footer-sml-layout":"","ast-disable-related-posts":"","theme-transparent-header-meta":"default","adv-header-id-meta":"","stick-header-meta":"","header-above-stick-meta":"","header-main-stick-meta":"","header-below-stick-meta":"","astra-migrate-meta-layouts":"set","ast-page-background-enabled":"default","ast-page-background-meta":{"desktop":{"background-color":"var(--ast-global-color-4)","background-image":"","background-repeat":"repeat","background-position":"center center","background-size":"auto","background-attachment":"scroll","background-type":"","background-media":"","overlay-type":"","overlay-color":"","overlay-opacity":"","overlay-gradient":""},"tablet":{"background-color":"","background-image":"","background-repeat":"repeat","background-position":"center center","background-size":"auto","background-attachment":"scroll","background-type":"","background-media":"","overlay-type":"","overlay-color":"","overlay-opacity":"","overlay-gradient":""},"mobile":{"background-color":"","background-image":"","background-repeat":"repeat","background-position":"center center","background-size":"auto","background-attachment":"scroll","background-type":"","background-media":"","overlay-type":"","overlay-color":"","overlay-opacity":"","overlay-gradient":""}},"ast-content-background-meta":{"desktop":{"background-color":"var(--ast-global-color-5)","background-image":"","background-repeat":"repeat","background-position":"center center","background-size":"auto","background-attachment":"scroll","background-type":"","background-media":"","overlay-type":"","overlay-color":"","overlay-opacity":"","overlay-gradient":""},"tablet":{"background-color":"var(--ast-global-color-5)","background-image":"","background-repeat":"repeat","background-position":"center center","background-size":"auto","background-attachment":"scroll","background-type":"","background-media":"","overlay-type":"","overlay-color":"","overlay-opacity":"","overlay-gradient":""},"mobile":{"background-color":"var(--ast-global-color-5)","background-image":"","background-repeat":"repeat","background-position":"center center","background-size":"auto","background-attachment":"scroll","background-type":"","background-media":"","overlay-type":"","overlay-color":"","overlay-opacity":"","overlay-gradient":""}},"_joinchat":[]},"product_brand":[],"product_cat":[15,27,25,195,123,30,26,28,137,135],"product_tag":[146,188,167,165,191,120],"class_list":{"0":"post-2573","1":"product","2":"type-product","3":"status-publish","4":"has-post-thumbnail","6":"product_cat-new-vape-this-week","7":"product_cat-fance-hot-sale-vape","8":"product_cat-germany-best-selling-vape","9":"product_cat-germany-warehouse","10":"product_cat-italy-wholesale-vape","11":"product_cat-minimum-order-quantity-50pcs","12":"product_cat-netherlands-hot-sale-vape","13":"product_cat-poland-hot-sale-vape","14":"product_cat-rechargeable-vapes","15":"product_cat-spain-best-hot-sale-vape","16":"product_tag-best-hot-sale-vape","17":"product_tag-buy-vapes-online","18":"product_tag-disposable-vape-with-screen","19":"product_tag-rechargeable-vapes","20":"product_tag-vape-box","21":"product_tag-vape-wholesale","22":"desktop-align-left","23":"tablet-align-left","24":"mobile-align-left","26":"first","27":"instock","28":"sale","29":"shipping-taxable","30":"purchasable","31":"product-type-simple"},"uagb_featured_image_src":{"full":["https:\/\/rmvapesale.com\/wp-content\/uploads\/2024\/10\/Poco-BL10000-Puffs-Disposable-Vape-Wholesale.jpg",800,800,false],"thumbnail":["https:\/\/rmvapesale.com\/wp-content\/uploads\/2024\/10\/Poco-BL10000-Puffs-Disposable-Vape-Wholesale-150x150.jpg",150,150,true],"medium":["https:\/\/rmvapesale.com\/wp-content\/uploads\/2024\/10\/Poco-BL10000-Puffs-Disposable-Vape-Wholesale-300x300.jpg",300,300,true],"medium_large":["https:\/\/rmvapesale.com\/wp-content\/uploads\/2024\/10\/Poco-BL10000-Puffs-Disposable-Vape-Wholesale-768x768.jpg",768,768,true],"large":["https:\/\/rmvapesale.com\/wp-content\/uploads\/2024\/10\/Poco-BL10000-Puffs-Disposable-Vape-Wholesale.jpg",800,800,false],"1536x1536":["https:\/\/rmvapesale.com\/wp-content\/uploads\/2024\/10\/Poco-BL10000-Puffs-Disposable-Vape-Wholesale.jpg",800,800,false],"2048x2048":["https:\/\/rmvapesale.com\/wp-content\/uploads\/2024\/10\/Poco-BL10000-Puffs-Disposable-Vape-Wholesale.jpg",800,800,false],"trp-custom-language-flag":["https:\/\/rmvapesale.com\/wp-content\/uploads\/2024\/10\/Poco-BL10000-Puffs-Disposable-Vape-Wholesale.jpg",12,12,false],"woocommerce_thumbnail":["https:\/\/rmvapesale.com\/wp-content\/uploads\/2024\/10\/Poco-BL10000-Puffs-Disposable-Vape-Wholesale-300x300.jpg",300,300,true],"woocommerce_single":["https:\/\/rmvapesale.com\/wp-content\/uploads\/2024\/10\/Poco-BL10000-Puffs-Disposable-Vape-Wholesale-600x600.jpg",600,600,true],"woocommerce_gallery_thumbnail":["https:\/\/rmvapesale.com\/wp-content\/uploads\/2024\/10\/Poco-BL10000-Puffs-Disposable-Vape-Wholesale-100x100.jpg",100,100,true],"wcpr-photo-reviews":["https:\/\/rmvapesale.com\/wp-content\/uploads\/2024\/10\/Poco-BL10000-Puffs-Disposable-Vape-Wholesale.jpg",500,500,false]},"uagb_author_info":{"display_name":"AMY","author_link":"https:\/\/rmvapesale.com\/hu\/author\/"},"uagb_comment_info":0,"uagb_excerpt":"POCO BL10000 Puffs Disposable Vape 2% 5% Nicotine Poco BL10000 Rechargeable Disposable Vape Poco BL10000 Disposable Vape Wholesale (Ship from most Germany warehouse and takes about 3-5 days\u00a0 to get arrive to most Europe countries like Netherlands, France, Italy, Spain, Switzerland, Sweden, Poland, etc. ) WhatsApp: +86 17776015835 &nbsp;","_links":{"self":[{"href":"https:\/\/rmvapesale.com\/hu\/wp-json\/wp\/v2\/product\/2573","targetHints":{"allow":["GET"]}}],"collection":[{"href":"https:\/\/rmvapesale.com\/hu\/wp-json\/wp\/v2\/product"}],"about":[{"href":"https:\/\/rmvapesale.com\/hu\/wp-json\/wp\/v2\/types\/product"}],"replies":[{"embeddable":true,"href":"https:\/\/rmvapesale.com\/hu\/wp-json\/wp\/v2\/comments?post=2573"}],"wp:featuredmedia":[{"embeddable":true,"href":"https:\/\/rmvapesale.com\/hu\/wp-json\/wp\/v2\/media\/2569"}],"wp:attachment":[{"href":"https:\/\/rmvapesale.com\/hu\/wp-json\/wp\/v2\/media?parent=2573"}],"wp:term":[{"taxonomy":"product_brand","embeddable":true,"href":"https:\/\/rmvapesale.com\/hu\/wp-json\/wp\/v2\/product_brand?post=2573"},{"taxonomy":"product_cat","embeddable":true,"href":"https:\/\/rmvapesale.com\/hu\/wp-json\/wp\/v2\/product_cat?post=2573"},{"taxonomy":"product_tag","embeddable":true,"href":"https:\/\/rmvapesale.com\/hu\/wp-json\/wp\/v2\/product_tag?post=2573"}],"curies":[{"name":"wp","href":"https:\/\/api.w.org\/{rel}","templated":true}]}}