{"id":2609,"date":"2024-10-30T08:06:20","date_gmt":"2024-10-30T08:06:20","guid":{"rendered":"https:\/\/rmvapesale.com\/?post_type=product&#038;p=2609"},"modified":"2024-10-31T03:48:31","modified_gmt":"2024-10-31T03:48:31","slug":"smart-disposable-vape-elfworld-ai-22000-puffs-led-display","status":"publish","type":"product","link":"https:\/\/rmvapesale.com\/hu\/product\/smart-disposable-vape-elfworld-ai-22000-puffs-led-display\/","title":{"rendered":"Smart Eldobhat\u00f3 Vape ELFWORLD AI 22000 Puffs LED kijelz\u0151"},"content":{"rendered":"<div class=\"B2VR9 CJHX3e\">\n<div class=\"wyccme\">\n<h1 class=\"LC20lb MBeuO DKV0Md\">Smart Eldobhat\u00f3 Vape ELFWORLD AI 22000 Puffs LED kijelz\u0151<\/h1>\n<div class=\"flex-shrink-0 flex flex-col relative items-end\">\n<div class=\"pt-0\">\n<div class=\"gizmo-bot-avatar flex h-8 w-8 items-center justify-center overflow-hidden rounded-full\">\n<div class=\"relative p-1 rounded-sm flex items-center justify-center bg-token-main-surface-primary text-token-text-primary h-8 w-8\">\n<p><strong>ELFWORLD AI 22000 Puffs LED Kijelz\u0151s Intelligens Eldobhat\u00f3 Vape<\/strong> a t\u00f6k\u00e9letes v\u00e1laszt\u00e1s azoknak a vapereknek, akik az innov\u00e1ci\u00f3t, a st\u00edlust \u00e9s a meghosszabb\u00edtott vaping \u00e9lm\u00e9nyt keresik. Hatalmas <strong>22000 puff kapacit\u00e1ssal<\/strong>, ez a nagy puffos <strong>eldobhat\u00f3 vape<\/strong> hossz\u00fa \u00e9lettartam\u00fa, probl\u00e9mamentes lehet\u0151s\u00e9get k\u00edn\u00e1l mind a tapasztalt vaperek, mind a kezd\u0151k sz\u00e1m\u00e1ra.<\/p>\n<p><strong>Eleg\u00e1ns kialak\u00edt\u00e1s \u00e9s hordozhat\u00f3s\u00e1g<\/strong><br \/>\nA <strong>Elf World AI 22000<\/strong> eleg\u00e1ns, modern diz\u00e1jnt mutat be, sima vonalakkal \u00e9s pr\u00e9mium kivitelben, amely \u00e9ppolyan j\u00f3 \u00e9rz\u00e9st ny\u00fajt, mint amilyennek l\u00e1tszik. Ez a <strong>dobozos vape<\/strong> kompakt \u00e9s k\u00f6nny\u0171, \u00edgy k\u00f6nnyen magaddal viheted. K\u00f6nny\u0171 fel\u00e9p\u00edt\u00e9se ellen\u00e9re a mindennapi haszn\u00e1latra k\u00e9sz\u00fclt, tart\u00f3ss\u00e1got biztos\u00edtva an\u00e9lk\u00fcl, hogy fel\u00e1ldozn\u00e1 a pr\u00e9mium megjelen\u00e9s\u00e9t.<\/p>\n<p><strong>Intelligens technol\u00f3gia \u00e1ll\u00edthat\u00f3 l\u00e9g\u00e1raml\u00e1ssal<\/strong><br \/>\nMint egy igazi <strong>Intelligens vape<\/strong>, az AI 22000 \u00e1ll\u00edthat\u00f3 l\u00e9g\u00e1raml\u00e1si funkci\u00f3val szem\u00e9lyre szabhat\u00f3 \u00e9lm\u00e9nyt k\u00edn\u00e1l, lehet\u0151v\u00e9 t\u00e9ve a felhaszn\u00e1l\u00f3k sz\u00e1m\u00e1ra, hogy az \u00edzl\u00e9s\u00fcknek legink\u00e1bb megfelel\u0151 sz\u00edv\u00e1s er\u0151ss\u00e9get v\u00e1lassz\u00e1k. Ez az <strong>\u00fajrat\u00f6lthet\u0151 vape<\/strong> er\u0151s akkumul\u00e1torral \u00e9s LED kijelz\u0151vel rendelkezik, amely val\u00f3s idej\u0171 jelz\u00e9seket ad az akkumul\u00e1tor \u00e9lettartam\u00e1r\u00f3l \u00e9s az e-juice szintr\u0151l. Ez a funkci\u00f3 biztos\u00edtja, hogy mindig tiszt\u00e1ban legyen azzal, mikor kell \u00fajrat\u00f6ltenie, \u00e9s k\u00e9szen \u00e1lljon a zavartalan haszn\u00e1latra. A k\u00e9sz\u00fcl\u00e9k <strong>C-t\u00edpus\u00fa t\u00f6lt\u0151<\/strong> csatlakoz\u00f3ja gyors, k\u00e9nyelmes t\u00f6lt\u00e9st biztos\u00edt, ide\u00e1lis a sokat elfoglalt felhaszn\u00e1l\u00f3k sz\u00e1m\u00e1ra, akik egy megb\u00edzhat\u00f3 vape-et szeretn\u00e9nek.<\/p>\n<p><strong>\u00d6sszefoglal\u00e1s<\/strong><br \/>\nAz ELFWORLD<strong> 22000 Puff intelligens eldobhat\u00f3 vape<\/strong>\u00a0a st\u00edlus, a fejlett technol\u00f3gia \u00e9s a hosszan tart\u00f3 teljes\u00edtm\u00e9ny t\u00f6k\u00e9letes kever\u00e9ke, \u00edgy az egyik <strong>legjobb eldobhat\u00f3 vape<\/strong> a piacon. Azok sz\u00e1m\u00e1ra, akik nagy kapacit\u00e1s\u00fa, tart\u00f3s \u00e9s sok funkci\u00f3val rendelkez\u0151 opci\u00f3t keresnek, az ElfWorld AI 22000 ide\u00e1lis v\u00e1laszt\u00e1s. Fedezze fel ennek a kiv\u00e1l\u00f3 min\u0151s\u00e9g\u0171 vape-nek a k\u00e9nyelm\u00e9t \u00e9s min\u0151s\u00e9g\u00e9t, amely megv\u00e1s\u00e1rolhat\u00f3 <strong>vape boltokban<\/strong>, <strong>egyszer haszn\u00e1latos vape online<\/strong>vagy <strong>vape nagykereskedelmi mennyis\u00e9gben<\/strong> nagykereskedelmi ig\u00e9nyekre opci\u00f3k is el\u00e9rhet\u0151ek.<\/p>\n<\/div>\n<\/div>\n<\/div>\n<\/div>\n<\/div>\n<\/div>\n<p><strong>L\u00e9pjen kapcsolatba Amyvel, hogy megkapja a helyes v\u00e1laszt \u00e9s a vape kupont!<\/strong><\/p>\n<p><img loading=\"lazy\" decoding=\"async\" class=\"size-full wp-image-1978\" src=\"https:\/\/rmvapesale.com\/wp-content\/uploads\/2024\/09\/Disposable-Vape-Wholesale.jpg\" alt=\"Eldobhat\u00f3 Vape Nagykereskedelem\" width=\"229\" height=\"300\" \/><\/p>\n<h3><a href=\"https:\/\/wa.me\/8617776015835\" target=\"_blank\" rel=\"noopener\"><span style=\"color: #ff0000\"><strong>WhatsApp: +86 17776015835<\/strong><\/span><\/a><\/h3>\n<p>&nbsp;<\/p>\n<h2><\/h2>\n<h2><strong>ELFWORLD AI 22000 intelligens eldobhat\u00f3 vape <\/strong><strong>F\u0151bb jellemz\u0151k<\/strong><\/h2>\n<ul class=\"wp-block-list\">\n<li>Puffok: 22000 puff<\/li>\n<li>Nikotin er\u0151ss\u00e9g: 0%, 2%, 3%, 5%<\/li>\n<li>Kapacit\u00e1s: 26 ml<\/li>\n<li>Akkumul\u00e1tor: 650mAh<\/li>\n<li>Tekercs anyaga: 1,0*2 ohm Dual Mesh Coil<\/li>\n<li>Kijelz\u0151: Digit\u00e1lis kijelz\u0151<\/li>\n<li>T\u00f6lt\u00e9s: C t\u00edpus\u00fa \u00fajrat\u00f6lthet\u0151<\/li>\n<li>\u00c1ll\u00edthat\u00f3 l\u00e9g\u00e1raml\u00e1s<\/li>\n<li>10 el\u00e9rhet\u0151 \u00edz<\/li>\n<\/ul>\n<figure id=\"attachment_2619\" aria-describedby=\"caption-attachment-2619\" style=\"width: 600px\" class=\"wp-caption alignnone\"><img loading=\"lazy\" decoding=\"async\" class=\"wp-image-2619 size-full\" src=\"https:\/\/rmvapesale.com\/wp-content\/uploads\/2024\/10\/Vape-22000-Puff-Rechargeable-Disposable-Vape.png\" alt=\"Vape 22000 Puff \u00dajrat\u00f6lthet\u0151 Eldobhat\u00f3 Vape\" width=\"600\" height=\"849\" srcset=\"https:\/\/rmvapesale.com\/wp-content\/uploads\/2024\/10\/Vape-22000-Puff-Rechargeable-Disposable-Vape.png 600w, https:\/\/rmvapesale.com\/wp-content\/uploads\/2024\/10\/Vape-22000-Puff-Rechargeable-Disposable-Vape-212x300.png 212w\" sizes=\"auto, (max-width: 600px) 100vw, 600px\" \/><figcaption id=\"caption-attachment-2619\" class=\"wp-caption-text\">Vape 22000 Puff \u00dajrat\u00f6lthet\u0151 Eldobhat\u00f3 Vape<\/figcaption><\/figure>\n<h2><strong>Legjobb \u00edz a <\/strong><strong>ELFWORLD AI 22000 Puff Smart Eldobhat\u00f3 Vape<\/strong><\/h2>\n<p>Minden egyes slukkal a <strong>Elf World AI 22000<\/strong> teljes, mer\u00e9sz \u00edzeket ad, amelyek az els\u0151 slukkt\u00f3l az utols\u00f3ig egys\u00e9gesek maradnak. Sz\u00e9les \u00edzv\u00e1laszt\u00e9kban kaphat\u00f3, ez a <strong>alacsony nikotintartalm\u00fa vape<\/strong> kiel\u00e9g\u00edt\u0151 \u00e9s sima \u00e9lm\u00e9nyt ny\u00fajt azoknak a vapereknek, akiknek a min\u0151s\u00e9g \u00e9s az \u00edz egyar\u00e1nt fontos.<\/p>\n<p>1.Mang\u00f3 alma k\u00f6rte<br \/>\n2.H\u0171v\u00f6s mang\u00f3<br \/>\n3.Z\u00f6ld alma<br \/>\n4.Tigris v\u00e9r <span style=\"color: #ff0000\"><strong>&gt;&gt;&gt;&gt; Forr\u00f3!<\/strong><\/span><br \/>\n5.\u00c1fonya j\u00e9g <span style=\"color: #ff0000\"><strong>&gt;&gt;&gt;&gt; Forr\u00f3!<\/strong><\/span><br \/>\n6.Menta<br \/>\n7.Vegyes bogy\u00f3s gy\u00fcm\u00f6lcs\u00f6k <span style=\"color: #ff0000\"><strong>&gt;&gt;&gt;&gt; A legjobb!<\/strong><\/span><br \/>\n8.Sz\u0151l\u0151 j\u00e9g<br \/>\n9.G\u00f6r\u00f6gdinnye j\u00e9g<br \/>\n10.\u00c1fonya menta<br \/>\n11.Eper j\u00e9g<br \/>\n12.L\u00e9d\u00fas barack j\u00e9g<br \/>\n13.K\u00e9k m\u00e1lna j\u00e9g<br \/>\n14.Cseresznye citrom<br \/>\n15.Eper g\u00f6r\u00f6gdinnye<\/p>\n<p>&nbsp;<\/p>\n<h3><strong>Mi\u00e9rt v\u00e1lassza a Rmvapesale-t az ELFWORLD 22000 Puffs LED kijelz\u0151s eldobhat\u00f3 vape-hez<\/strong><strong>?<\/strong><\/h3>\n<div class=\"flex-shrink-0 flex flex-col relative items-end\">\n<div class=\"pt-0\">\n<div class=\"gizmo-bot-avatar flex h-8 w-8 items-center justify-center overflow-hidden rounded-full\">\n<div class=\"relative p-1 rounded-sm flex items-center justify-center bg-token-main-surface-primary text-token-text-primary h-8 w-8\">\n<p>\u00dcdv\u00f6z\u00f6lj\u00fck a Rmvapesale-ben, az \u00d6n megb\u00edzhat\u00f3 vape \u00fczlet\u00e9ben, ahol pr\u00e9mium eldobhat\u00f3 vape-eket tal\u00e1l. T\u00f6bb mint 5 \u00e9ves szak\u00e9rtelemmel olyan n\u00e9pszer\u0171 eldobhat\u00f3 vape m\u00e1rk\u00e1kat k\u00edn\u00e1lunk, mint az Al Fakher, <a href=\"https:\/\/rmvapesale.com\/hu\/product\/vapme-crystal-7000-puffs-rechargeable-disposable-vape-price\/\">Vapme<\/a>, <a href=\"https:\/\/rmvapesale.com\/hu\/product-category\/bang-vapes\/\">Bang Vape<\/a>, Waspe, <a href=\"https:\/\/rmvapesale.com\/hu\/product\/wga-crystal-pro-max-extra-15k-puffs-disposable-vape-wholesale\/\">WGA<\/a> Vape \u00e9s<a href=\"https:\/\/rmvapesale.com\/hu\/product-category\/randm-fumot-vape\/\"> RandM Vape<\/a>.<\/p>\n<p>K\u00edn\u00e1latunkban olyan n\u00e9pszer\u0171 vape-ek szerepelnek, mint a <a href=\"https:\/\/rmvapesale.com\/hu\/product\/fumot-digital-box-12000-disposable-vape-pink-lemonade-flavor\/\">RandM 12k<\/a> \u00e9s az \u00edzekben gazdag v\u00e1laszt\u00e9k, mint p\u00e9ld\u00e1ul az <a href=\"https:\/\/rmvapesale.com\/hu\/product\/wga-crystal-pro-max-extra-15k-puffs-disposable-vape-wholesale\/\">WGA Crystal Pro Max 15K Puffs<\/a>. Minden term\u00e9ket a min\u0151s\u00e9gre, \u00e9rt\u00e9kre \u00e9s v\u00e1ltozatoss\u00e1gra f\u00f3kusz\u00e1lva v\u00e1lasztunk ki, biztos\u00edtva, hogy megtal\u00e1lja az ig\u00e9nyeinek t\u00f6k\u00e9letesen megfelel\u0151t. Fedezze fel a kiv\u00e9teles szolg\u00e1ltat\u00e1st \u00e9s a sz\u00e9les v\u00e1laszt\u00e9kot a cs\u00facsmin\u0151s\u00e9g\u0171 term\u00e9kek ter\u00e9n az Rmvapesale-n\u00e9l.<\/p>\n<\/div>\n<h3><\/h3>\n<div class=\"relative p-1 rounded-sm flex items-center justify-center bg-token-main-surface-primary text-token-text-primary h-8 w-8\">\n<h3><b>ELFWORLD 22000 Vape GYIK<\/b><\/h3>\n<\/div>\n<p><strong>Vihetek eldobhat\u00f3 vape-et rep\u00fcl\u0151g\u00e9pre?<\/strong><br \/>\nIgen, az eldobhat\u00f3 vape-ek, mint az <strong>Elf World AI 22000 Puff<\/strong> enged\u00e9lyezettek a rep\u00fcl\u0151g\u00e9peken, de az akkumul\u00e1tor szab\u00e1lyoz\u00e1sok miatt csak a k\u00e9zipoggy\u00e1szban. Gy\u0151z\u0151dj\u00f6n meg r\u00f3la, hogy a k\u00e9sz\u00fcl\u00e9k ki van kapcsolva, \u00e9s ellen\u0151rizze a l\u00e9git\u00e1rsas\u00e1g ir\u00e1nyelveit a vaping term\u00e9kekre vonatkoz\u00f3 esetleges korl\u00e1toz\u00e1sokkal kapcsolatban.<\/p>\n<p><strong>Az Elf World AI 22000 Puff intelligens eldobhat\u00f3 vape j\u00f3 kezd\u0151knek?<\/strong><br \/>\nIgen, az <strong>Elf World AI 22000 Puff<\/strong> kezd\u0151bar\u00e1t. Felhaszn\u00e1l\u00f3bar\u00e1t, letisztult diz\u00e1jnnal, \u00e1ll\u00edthat\u00f3 l\u00e9g\u00e1raml\u00e1ssal \u00e9s egy k\u00e9nyelmes <strong>LED kijelz\u0151vel<\/strong> az akkumul\u00e1tor \u00e9s az e-juice szintj\u00e9nek ellen\u0151rz\u00e9s\u00e9re, ami megk\u00f6nny\u00edti a kezd\u0151k sz\u00e1m\u00e1ra a haszn\u00e1lat nyomon k\u00f6vet\u00e9s\u00e9t.<\/p>\n<p><strong>Melyek a n\u00e9pszer\u0171 eldobhat\u00f3 vape-ek kijelz\u0151vel?<\/strong><br \/>\nA <strong>n\u00e9pszer\u0171 eldobhat\u00f3 vape-ek<\/strong> k\u00f6z\u00f6tt, amelyek kijelz\u0151vel rendelkeznek, a <strong>Elf World AI 22000 Puff<\/strong> kiemelkedik fejlett funkci\u00f3ival, hossz\u00fa \u00e9lettartam\u00fa 22 000 slukkal \u00e9s \u00e1ll\u00edthat\u00f3 l\u00e9g\u00e1raml\u00e1s\u00e1val, ami a cs\u00facstechnol\u00f3gi\u00e1s \u00e9lm\u00e9nyt keres\u0151 vapel\u0151k els\u0151dleges v\u00e1laszt\u00e1s\u00e1v\u00e1 teszi.<\/p>\n<p><strong>Honnan tudom, hogy az Elf World Smart eldobhat\u00f3 vape-em \u00fcres?<\/strong><br \/>\nA <strong>LED kijelz\u0151<\/strong> a <strong>Elf World AI 22000 Puff<\/strong> val\u00f3s idej\u0171 inform\u00e1ci\u00f3kat szolg\u00e1ltat az akkumul\u00e1tor \u00e9lettartam\u00e1r\u00f3l \u00e9s az e-juice szintekr\u0151l, \u00edgy k\u00f6nnyen ellen\u0151rizheti, ha a vape lemer\u00fcl\u0151ben vagy \u00fcres.<\/p>\n<p><strong>Mennyi ideig b\u00edrja egy Elf World AI 22000 Puffs vape?<\/strong><br \/>\nA <strong>Elf World AI 22000 Puff<\/strong> \u00fagy tervezt\u00e9k, hogy k\u00f6r\u00fclbel\u00fcl <strong>22 000 slukkot<\/strong>tartson, \u00edgy hossz\u00fa \u00e9lettartam\u00fa opci\u00f3 mind az alkalmi, mind a gyakori vape-haszn\u00e1l\u00f3k sz\u00e1m\u00e1ra. M\u00e9rs\u00e9kelt haszn\u00e1lat eset\u00e9n ez az eszk\u00f6z hetekig kitarthat, az egy\u00e9ni haszn\u00e1lati szok\u00e1sokt\u00f3l f\u00fcgg\u0151en.<\/p>\n<div class=\"relative p-1 rounded-sm flex items-center justify-center bg-token-main-surface-primary text-token-text-primary h-8 w-8\">\n<p>&nbsp;<\/p>\n<\/div>\n<\/div>\n<\/div>\n<\/div>\n<h3>A Sz\u00e1ll\u00edt\u00e1sr\u00f3l<\/h3>\n<div class=\"flex-shrink-0 flex flex-col relative items-end\">\n<div>\n<div class=\"pt-0\">\n<div class=\"gizmo-bot-avatar flex h-8 w-8 items-center justify-center overflow-hidden rounded-full\">\n<div><\/div>\n<div class=\"relative p-1 rounded-sm flex items-center justify-center bg-token-main-surface-primary text-token-text-primary h-8 w-8\"><strong>1. Milyen sz\u00e1ll\u00edt\u00e1si m\u00f3dokat haszn\u00e1lnak?<\/strong><\/div>\n<\/div>\n<\/div>\n<\/div>\n<\/div>\n<div class=\"group\/conversation-turn relative flex w-full min-w-0 flex-col agent-turn\">\n<div class=\"flex-col gap-1 md:gap-3\">\n<div class=\"flex max-w-full flex-col flex-grow\">\n<div class=\"min-h-[20px] text-message flex w-full flex-col items-end gap-2 whitespace-normal break-words [.text-message+&amp;]:mt-5 overflow-x-auto\" dir=\"auto\" data-message-author-role=\"assistant\" data-message-id=\"22f8283b-3233-46ff-89a5-c7a41b33abda\">\n<div class=\"flex w-full flex-col gap-1 empty:hidden first:pt-[3px]\">\n<div class=\"markdown prose w-full break-words dark:prose-invert light\">\n<p>Partnerei vagyunk a UPS, DHL, FedEx, DPD \u00e9s m\u00e1s vezet\u0151 fuvaroz\u00f3knak. A legjobb sz\u00e1ll\u00edt\u00e1si m\u00f3dot fogjuk kiv\u00e1lasztani a sz\u00e1ll\u00edt\u00e1si helysz\u00edne alapj\u00e1n, hogy a lehet\u0151 leggyorsabban megkapja a term\u00e9keit.<\/p>\n<\/div>\n<p><strong>2. Mennyi id\u0151 alatt \u00e9rkezik meg?<\/strong><\/p>\n<p>A csomagok \u00e1ltal\u00e1ban 10 munkanapon bel\u00fcl meg\u00e9rkeznek Magyarorsz\u00e1gra. Az eur\u00f3pai orsz\u00e1gokba t\u00f6rt\u00e9n\u0151 sz\u00e1ll\u00edt\u00e1s \u00e1ltal\u00e1ban 12-15 munkanapot vesz ig\u00e9nybe. Folyamatosan t\u00e1j\u00e9koztatjuk a sz\u00e1ll\u00edt\u00e1si st\u00e1tuszr\u00f3l.<\/p>\n<\/div>\n<\/div>\n<\/div>\n<\/div>\n<\/div>\n<p>&nbsp;<\/p>\n<p>Tal\u00e1lja meg a tov\u00e1bbi vape term\u00e9keket, amelyek tetszhetnek \u00d6nnek:<strong><em><a href=\"https:\/\/rmvapesale.com\/hu\/shop-2\/\">V\u00e1s\u00e1roljon most &gt;&gt;&gt;<\/a><\/em><\/strong><\/p>","protected":false},"excerpt":{"rendered":"<p>Elf World AI 22000 Puffs K\u00e9perny\u0151kijelz\u0151s Eldobhat\u00f3 Vape<br \/>\nVape 22000 Puff \u00dajrat\u00f6lthet\u0151 Eldobhat\u00f3 E-Cigaretta<br \/>\nELFWORLD AI 22000 Puffs Eldobhat\u00f3 Vape Nagykereskedelem<\/p>\n<p><img loading=\"lazy\" decoding=\"async\" class=\"size-full wp-image-2375\" src=\"https:\/\/rmvapesale.com\/wp-content\/uploads\/2024\/10\/image.png\" alt=\"Legjobb Eldobhat\u00f3 Vape\" width=\"229\" height=\"300\" \/><\/p>\n<h3><a href=\"https:\/\/wa.me\/8617776015835\"><span style=\"color: #ff0000\"><strong>WhatsApp: +86 17776015835<\/strong><\/span><\/a><\/h3>\n<p>&nbsp;<\/p>","protected":false},"featured_media":2617,"comment_status":"open","ping_status":"closed","template":"","meta":{"_uag_custom_page_level_css":"","_lmt_disableupdate":"no","_lmt_disable":"","site-sidebar-layout":"default","site-content-layout":"content-boxed-container","ast-site-content-layout":"normal-width-container","site-content-style":"boxed","site-sidebar-style":"unboxed","ast-global-header-display":"","ast-banner-title-visibility":"","ast-main-header-display":"","ast-hfb-above-header-display":"","ast-hfb-below-header-display":"","ast-hfb-mobile-header-display":"","site-post-title":"","ast-breadcrumbs-content":"","ast-featured-img":"","footer-sml-layout":"","theme-transparent-header-meta":"default","adv-header-id-meta":"","stick-header-meta":"","header-above-stick-meta":"","header-main-stick-meta":"","header-below-stick-meta":"","astra-migrate-meta-layouts":"set","ast-page-background-enabled":"default","ast-page-background-meta":{"desktop":{"background-color":"var(--ast-global-color-4)","background-image":"","background-repeat":"repeat","background-position":"center center","background-size":"auto","background-attachment":"scroll","background-type":"","background-media":"","overlay-type":"","overlay-color":"","overlay-opacity":"","overlay-gradient":""},"tablet":{"background-color":"","background-image":"","background-repeat":"repeat","background-position":"center center","background-size":"auto","background-attachment":"scroll","background-type":"","background-media":"","overlay-type":"","overlay-color":"","overlay-opacity":"","overlay-gradient":""},"mobile":{"background-color":"","background-image":"","background-repeat":"repeat","background-position":"center center","background-size":"auto","background-attachment":"scroll","background-type":"","background-media":"","overlay-type":"","overlay-color":"","overlay-opacity":"","overlay-gradient":""}},"ast-content-background-meta":{"desktop":{"background-color":"var(--ast-global-color-5)","background-image":"","background-repeat":"repeat","background-position":"center center","background-size":"auto","background-attachment":"scroll","background-type":"","background-media":"","overlay-type":"","overlay-color":"","overlay-opacity":"","overlay-gradient":""},"tablet":{"background-color":"var(--ast-global-color-5)","background-image":"","background-repeat":"repeat","background-position":"center center","background-size":"auto","background-attachment":"scroll","background-type":"","background-media":"","overlay-type":"","overlay-color":"","overlay-opacity":"","overlay-gradient":""},"mobile":{"background-color":"var(--ast-global-color-5)","background-image":"","background-repeat":"repeat","background-position":"center center","background-size":"auto","background-attachment":"scroll","background-type":"","background-media":"","overlay-type":"","overlay-color":"","overlay-opacity":"","overlay-gradient":""}},"_joinchat":[]},"product_brand":[],"product_cat":[15,195,25,123,26,28,135,27,137,136,30],"product_tag":[146,188,167,198,165,85,191,120],"class_list":{"0":"post-2609","1":"product","2":"type-product","3":"status-publish","4":"has-post-thumbnail","6":"product_cat-new-vape-this-week","7":"product_cat-germany-warehouse","8":"product_cat-germany-best-selling-vape","9":"product_cat-italy-wholesale-vape","10":"product_cat-netherlands-hot-sale-vape","11":"product_cat-poland-hot-sale-vape","12":"product_cat-spain-best-hot-sale-vape","13":"product_cat-fance-hot-sale-vape","14":"product_cat-rechargeable-vapes","15":"product_cat-smart-screen-vapes","16":"product_cat-minimum-order-quantity-50pcs","17":"product_tag-best-hot-sale-vape","18":"product_tag-buy-vapes-online","19":"product_tag-disposable-vape-with-screen","20":"product_tag-elfworld-vape","21":"product_tag-rechargeable-vapes","22":"product_tag-smart-disposable-vape","23":"product_tag-vape-box","24":"product_tag-vape-wholesale","25":"desktop-align-left","26":"tablet-align-left","27":"mobile-align-left","29":"first","30":"instock","31":"sale","32":"shipping-taxable","33":"purchasable","34":"product-type-simple"},"uagb_featured_image_src":{"full":["https:\/\/rmvapesale.com\/wp-content\/uploads\/2024\/10\/ELFWORLD-AI-22000-Puffs-Disposable-Vape.png",800,800,false],"thumbnail":["https:\/\/rmvapesale.com\/wp-content\/uploads\/2024\/10\/ELFWORLD-AI-22000-Puffs-Disposable-Vape-150x150.png",150,150,true],"medium":["https:\/\/rmvapesale.com\/wp-content\/uploads\/2024\/10\/ELFWORLD-AI-22000-Puffs-Disposable-Vape-300x300.png",300,300,true],"medium_large":["https:\/\/rmvapesale.com\/wp-content\/uploads\/2024\/10\/ELFWORLD-AI-22000-Puffs-Disposable-Vape-768x768.png",768,768,true],"large":["https:\/\/rmvapesale.com\/wp-content\/uploads\/2024\/10\/ELFWORLD-AI-22000-Puffs-Disposable-Vape.png",800,800,false],"1536x1536":["https:\/\/rmvapesale.com\/wp-content\/uploads\/2024\/10\/ELFWORLD-AI-22000-Puffs-Disposable-Vape.png",800,800,false],"2048x2048":["https:\/\/rmvapesale.com\/wp-content\/uploads\/2024\/10\/ELFWORLD-AI-22000-Puffs-Disposable-Vape.png",800,800,false],"trp-custom-language-flag":["https:\/\/rmvapesale.com\/wp-content\/uploads\/2024\/10\/ELFWORLD-AI-22000-Puffs-Disposable-Vape.png",12,12,false],"woocommerce_thumbnail":["https:\/\/rmvapesale.com\/wp-content\/uploads\/2024\/10\/ELFWORLD-AI-22000-Puffs-Disposable-Vape-300x300.png",300,300,true],"woocommerce_single":["https:\/\/rmvapesale.com\/wp-content\/uploads\/2024\/10\/ELFWORLD-AI-22000-Puffs-Disposable-Vape-600x600.png",600,600,true],"woocommerce_gallery_thumbnail":["https:\/\/rmvapesale.com\/wp-content\/uploads\/2024\/10\/ELFWORLD-AI-22000-Puffs-Disposable-Vape-100x100.png",100,100,true],"wcpr-photo-reviews":["https:\/\/rmvapesale.com\/wp-content\/uploads\/2024\/10\/ELFWORLD-AI-22000-Puffs-Disposable-Vape.png",500,500,false]},"uagb_author_info":{"display_name":"AMY","author_link":"https:\/\/rmvapesale.com\/hu\/author\/"},"uagb_comment_info":0,"uagb_excerpt":"Elf World AI 22000 Puffs Screen Display Disposable Vape Vape 22000 Puff Rechargeable Disposable E-Cigarette ELFWORLD AI 22000 Puffs Disposable Vape Wholesale WhatsApp: +86 17776015835 &nbsp;","_links":{"self":[{"href":"https:\/\/rmvapesale.com\/hu\/wp-json\/wp\/v2\/product\/2609","targetHints":{"allow":["GET"]}}],"collection":[{"href":"https:\/\/rmvapesale.com\/hu\/wp-json\/wp\/v2\/product"}],"about":[{"href":"https:\/\/rmvapesale.com\/hu\/wp-json\/wp\/v2\/types\/product"}],"replies":[{"embeddable":true,"href":"https:\/\/rmvapesale.com\/hu\/wp-json\/wp\/v2\/comments?post=2609"}],"wp:featuredmedia":[{"embeddable":true,"href":"https:\/\/rmvapesale.com\/hu\/wp-json\/wp\/v2\/media\/2617"}],"wp:attachment":[{"href":"https:\/\/rmvapesale.com\/hu\/wp-json\/wp\/v2\/media?parent=2609"}],"wp:term":[{"taxonomy":"product_brand","embeddable":true,"href":"https:\/\/rmvapesale.com\/hu\/wp-json\/wp\/v2\/product_brand?post=2609"},{"taxonomy":"product_cat","embeddable":true,"href":"https:\/\/rmvapesale.com\/hu\/wp-json\/wp\/v2\/product_cat?post=2609"},{"taxonomy":"product_tag","embeddable":true,"href":"https:\/\/rmvapesale.com\/hu\/wp-json\/wp\/v2\/product_tag?post=2609"}],"curies":[{"name":"wp","href":"https:\/\/api.w.org\/{rel}","templated":true}]}}