{"id":2644,"date":"2024-11-01T03:33:21","date_gmt":"2024-11-01T03:33:21","guid":{"rendered":"https:\/\/rmvapesale.com\/?post_type=product&#038;p=2644"},"modified":"2024-11-01T07:28:51","modified_gmt":"2024-11-01T07:28:51","slug":"puff-vape-cold-mountain-alps-30000-shisha-hookah-bar-wholesale","status":"publish","type":"product","link":"https:\/\/rmvapesale.com\/hu\/product\/puff-vape-cold-mountain-alps-30000-shisha-hookah-bar-wholesale\/","title":{"rendered":"Puff Vape Cold Mountain ALPS 30000 Shisha Hookah B\u00e1r Nagyker"},"content":{"rendered":"<div class=\"B2VR9 CJHX3e\">\n<div class=\"wyccme\">\n<h1 class=\"LC20lb MBeuO DKV0Md\">Puff Vape Cold Mountain ALPS 30000 Shisha Hookah B\u00e1r Nagyker<\/h1>\n<div class=\"flex-shrink-0 flex flex-col relative items-end\">\n<div class=\"pt-0\">\n<div class=\"gizmo-bot-avatar flex h-8 w-8 items-center justify-center overflow-hidden rounded-full\">\n<div class=\"relative p-1 rounded-sm flex items-center justify-center bg-token-main-surface-primary text-token-text-primary h-8 w-8\">\n<p>A <strong>Puff Vape Cold Mountain ALPS Shisha Hookah B\u00e1r\u00a0<\/strong>egy pr\u00e9mium k\u00e9sz\u00fcl\u00e9k, amely figyelemre m\u00e9lt\u00f3 vaping \u00e9lm\u00e9nyt ny\u00fajt, ide\u00e1lis azok sz\u00e1m\u00e1ra, akik \u00e9rt\u00e9kelik a hossz\u00fa \u00e9lettartamot \u00e9s a teljes\u00edtm\u00e9nyt. Egy hihetetlen <strong>30 000 sz\u00edv\u00e1s<\/strong>ez <strong>eldobhat\u00f3 vape<\/strong> \u00e9p\u00edtett, hogy tart\u00f3s legyen \u00e9s folyamatos el\u00e9gedetts\u00e9get ny\u00fajtson.<\/p>\n<p>A <strong>Cold Mountain ALPS<\/strong> a leg\u00fajabb az egyszer haszn\u00e1latos e-cigaretta innov\u00e1ci\u00f3k k\u00f6z\u00f6tt, hat\u00e9konyabb \u00e9s gazdas\u00e1gosabb megold\u00e1st k\u00edn\u00e1lva, mint m\u00e1s k\u00e9sz\u00fcl\u00e9kek, megtakar\u00edtva <strong>10-20%<\/strong> az \u00f6sszes haszn\u00e1lat sor\u00e1n. R\u00e1ad\u00e1sul az integr\u00e1lt <strong>LED k\u00e9perny\u0151<\/strong> kiveszi a tal\u00e1lgat\u00e1sokat a vapingb\u0151l, egy\u00e9rtelm\u0171en mutatva az akkumul\u00e1tor \u00e9s az e-liquid \u00e1llapot\u00e1t val\u00f3s id\u0151ben. Felszerelve egy <strong>0,5 ohmos h\u00e1l\u00f3sz\u00e1las tekercs<\/strong>, a Cold Mountain ALPS <strong>hookah shisha <\/strong>\u00edzletesebb\u00e9 teszi minden h\u00faz\u00e1ssal, sima \u00e9s gazdag g\u0151zt biztos\u00edtva. Lenagy\u00edtja <strong>35 ml e-liquid kapacit\u00e1sa van<\/strong> cs\u00f6kkenti a gyakori cser\u00e9k sz\u00fcks\u00e9gess\u00e9g\u00e9t, t\u00f6k\u00e9letes hosszabb haszn\u00e1latra. V\u00e1lassz alacsony nikotinszinteket<strong> 2%<\/strong>, szem\u00e9lyes preferenci\u00e1dhoz igaz\u00edtva.<\/p>\n<p>Ez <strong>hookah vape<\/strong> k\u00e9sz\u00fcl\u00e9k megb\u00edzhat\u00f3 <strong>850mAh \u00fajrat\u00f6lthet\u0151 akkumul\u00e1tor<\/strong>, biztos\u00edtva er\u0151teljes teljes\u00edtm\u00e9nyt \u00e9lettartama sor\u00e1n. A <strong>C-t\u00edpus\u00fa t\u00f6lt\u0151<\/strong> a technol\u00f3gia gyors \u00e9s hat\u00e9kony \u00fajrat\u00f6lt\u00e9st biztos\u00edt, minimaliz\u00e1lva a le\u00e1ll\u00e1si id\u0151t \u00e9s k\u00e9szen tartva az elektromos cigarett\u00e1t a haszn\u00e1latra. A k\u00e9nyelmet n\u00f6velend\u0151, az elektromos cigaretta egy kifinomult <strong>LCD digit\u00e1lis kijelz\u0151<\/strong> amely megmutatja a h\u00e1tral\u00e9v\u0151 akkumul\u00e1tor- \u00e9s e-liquid szinteket, \u00edgy k\u00f6nnyen t\u00e1j\u00e9koz\u00f3dhat.<\/p>\n<p>Fedezze fel a luxus \u00e9s teljesen \u00e1ll\u00edthat\u00f3 <strong>v\u00edzipipa b\u00e1r<\/strong> \u00e9lm\u00e9nyt a <strong>Cold Mountain ALPS Egyszer haszn\u00e1latos elektromos cigaretta<\/strong>. Emelje magasabb szintre az elektromos cigaretta haszn\u00e1lat\u00e1t a <strong>nagykereskedelmi vape<\/strong>, amely t\u00f6meges v\u00e1s\u00e1rl\u00e1s eset\u00e9n kedvez\u0151 \u00e1ron el\u00e9rhet\u0151. Keresse ezt \u00e9s m\u00e9g sok m\u00e1st megb\u00edzhat\u00f3 <strong>puff vape<\/strong> besz\u00e1ll\u00edt\u00f3j\u00e1n\u00e1l, ahol a min\u0151s\u00e9g \u00e9s a teljes\u00edtm\u00e9ny megfizethet\u0151s\u00e9ggel tal\u00e1lkozik.<\/p>\n<\/div>\n<\/div>\n<\/div>\n<\/div>\n<\/div>\n<\/div>\n<p><strong>L\u00e9pjen kapcsolatba Amyvel, hogy megkapja a helyes v\u00e1laszt \u00e9s a vape kupont!<\/strong><\/p>\n<p><img loading=\"lazy\" decoding=\"async\" class=\"size-full wp-image-1978\" src=\"https:\/\/rmvapesale.com\/wp-content\/uploads\/2024\/09\/Disposable-Vape-Wholesale.jpg\" alt=\"Eldobhat\u00f3 Vape Nagykereskedelem\" width=\"229\" height=\"300\" \/><\/p>\n<h3><a href=\"https:\/\/wa.me\/8617776015835\" target=\"_blank\" rel=\"noopener\"><span style=\"color: #ff0000\"><strong>WhatsApp: +86 17776015835<\/strong><\/span><\/a><\/h3>\n<p>&nbsp;<\/p>\n<h2><\/h2>\n<h2><strong>Puff Vape Cold Mountain ALPS 30000 <\/strong><strong>F\u0151bb jellemz\u0151k<\/strong><\/h2>\n<p>T\u00edpus: \u00dajrat\u00f6lthet\u0151 elektromos cigaretta<br \/>\nE-liquid: 35ml<br \/>\nH\u00e1l\u00f3s Tekercs: Big Smoke<br \/>\nSz\u00edv\u00e1sok: 30000 sz\u00edv\u00e1s<br \/>\nEllen\u00e1ll\u00e1s: 0,5\u03a9<br \/>\nS\u00f3 Nikotinnal: 2%<br \/>\nAls\u00f3 T\u00edpus-C T\u00f6lt\u00e9s<br \/>\nKijelz\u0151k\u00e9perny\u0151<\/p>\n<figure id=\"attachment_2643\" aria-describedby=\"caption-attachment-2643\" style=\"width: 800px\" class=\"wp-caption alignnone\"><img loading=\"lazy\" decoding=\"async\" class=\"wp-image-2643 size-full\" src=\"https:\/\/rmvapesale.com\/wp-content\/uploads\/2024\/11\/Wholesale-COLD-MOUNTAIN-ALPS-30000-Disposable-Vape.jpg\" alt=\"Nagykereskedelmi COLD MOUNTAIN ALPS 30000 Egyszer haszn\u00e1latos elektromos cigaretta\" width=\"800\" height=\"800\" srcset=\"https:\/\/rmvapesale.com\/wp-content\/uploads\/2024\/11\/Wholesale-COLD-MOUNTAIN-ALPS-30000-Disposable-Vape.jpg 800w, https:\/\/rmvapesale.com\/wp-content\/uploads\/2024\/11\/Wholesale-COLD-MOUNTAIN-ALPS-30000-Disposable-Vape-300x300.jpg 300w, https:\/\/rmvapesale.com\/wp-content\/uploads\/2024\/11\/Wholesale-COLD-MOUNTAIN-ALPS-30000-Disposable-Vape-150x150.jpg 150w, https:\/\/rmvapesale.com\/wp-content\/uploads\/2024\/11\/Wholesale-COLD-MOUNTAIN-ALPS-30000-Disposable-Vape-768x768.jpg 768w, https:\/\/rmvapesale.com\/wp-content\/uploads\/2024\/11\/Wholesale-COLD-MOUNTAIN-ALPS-30000-Disposable-Vape-600x600.jpg 600w, https:\/\/rmvapesale.com\/wp-content\/uploads\/2024\/11\/Wholesale-COLD-MOUNTAIN-ALPS-30000-Disposable-Vape-100x100.jpg 100w\" sizes=\"auto, (max-width: 800px) 100vw, 800px\" \/><figcaption id=\"caption-attachment-2643\" class=\"wp-caption-text\">Nagykereskedelmi COLD MOUNTAIN ALPS 30000 Egyszer haszn\u00e1latos elektromos cigaretta<\/figcaption><\/figure>\n<h2><strong>Legjobb \u00edz a <\/strong><strong>Puff Vape Cold Mountain ALPS 30000 Puff<\/strong><\/h2>\n<p>1. S\u00e1rk\u00e1ny Dinnye<br \/>\n2. Eper G\u00f6r\u00f6gdinnye\u00a0 <span style=\"color: #ff0000\"><strong>&gt;&gt;&gt;&gt; Forr\u00f3!<\/strong><\/span><br \/>\n3. R\u00f3zsasz\u00edn Limon\u00e1d\u00e9<br \/>\n4. Fekete J\u00e9g Dragon Fruit Eper<br \/>\n5. Passion Gy\u00fcm\u00f6lcs Kiwi<br \/>\n6. G\u00f6r\u00f6gdinnye<br \/>\n7. Eper ban\u00e1n<br \/>\n8. Aloe Sz\u0151l\u0151<br \/>\n9. \u00c1fonya Cseresznye K\u00f3la <span style=\"color: #ff0000\"><strong>&gt;&gt;&gt;&gt; A legjobb!<\/strong><\/span><br \/>\n10. Mang\u00f3<\/p>\n<p>&nbsp;<\/p>\n<h3><strong>Mi\u00e9rt v\u00e1lassza az Rmvapesale-t a <\/strong><strong>ALPS\u00a0<\/strong><strong>\u00dajrat\u00f6lthet\u0151 30000 Puffs Vape<\/strong><strong>?<\/strong><\/h3>\n<div class=\"flex-shrink-0 flex flex-col relative items-end\">\n<div class=\"pt-0\">\n<div class=\"gizmo-bot-avatar flex h-8 w-8 items-center justify-center overflow-hidden rounded-full\">\n<div class=\"relative p-1 rounded-sm flex items-center justify-center bg-token-main-surface-primary text-token-text-primary h-8 w-8\">\n<p>Ha az Rmvapesale-t v\u00e1lasztja az eldobhat\u00f3 vape-ek nagykereskedelm\u00e9hez, a k\u00f6vetkez\u0151 el\u0151ny\u00f6kben r\u00e9szes\u00fcl:<\/p>\n<ul>\n<li><strong>Versenyk\u00e9pes \u00e1rak<\/strong>: Hozz\u00e1f\u00e9rhet vonz\u00f3 nagykereskedelmi \u00e1rakhoz, amelyek n\u00f6velik az \u00fczleti marzsokat.<\/li>\n<li><strong>Magas min\u0151s\u00e9g<\/strong>: Vape-jeink a legmagasabb sz\u00ednvonalon k\u00e9sz\u00fclnek, \u00e9s <span style=\"color: #ff0000\"><strong>garant\u00e1ltan 100% eredetiek \u00e9s hitelesek, hamis \u00e1ru eset\u00e9n 10-szeres k\u00e1rt\u00e9r\u00edt\u00e9st biztos\u00edtunk!<\/strong><\/span><\/li>\n<li><strong>Kiv\u00e1l\u00f3 \u00dcgyf\u00e9lszolg\u00e1lat<\/strong>: Elk\u00f6telezett csapatunk mindig k\u00e9szen \u00e1ll, hogy seg\u00edtsen \u00d6nnek, z\u00f6kken\u0151mentess\u00e9 \u00e9s probl\u00e9mamentess\u00e9 t\u00e9ve a v\u00e1s\u00e1rl\u00e1si folyamatot.<\/li>\n<li><strong>Gyors Sz\u00e1ll\u00edt\u00e1s<\/strong>: Sz\u00e1m\u00edtson gyors \u00e9s megb\u00edzhat\u00f3 sz\u00e1ll\u00edt\u00e1sra, ami biztos\u00edtja, hogy rendel\u00e9sei mindig id\u0151ben meg\u00e9rkezzenek.<\/li>\n<\/ul>\n<\/div>\n<h3><\/h3>\n<div class=\"relative p-1 rounded-sm flex items-center justify-center bg-token-main-surface-primary text-token-text-primary h-8 w-8\">\n<h3><b>Hideg Hegys\u00e9g ALPS 30000 Shisha GYIK\u00a0<\/b><\/h3>\n<\/div>\n<ol>\n<li><strong>Hogyan tudom meg\u00e1llap\u00edtani, mikor \u00fcres az egyszer haszn\u00e1latos vape-m?<\/strong>\n<ul>\n<li>A <strong>Hideg Hegys\u00e9g ALPS 30000<\/strong> felszerelve egy <strong>LCD digit\u00e1lis kijelz\u0151<\/strong> amely megmutatja a h\u00e1tral\u00e9v\u0151 e-juice szintet. Amikor a kijelz\u0151 azt jelzi, hogy az e-liquid szint alacsony vagy jelent\u0151s cs\u00f6kken\u00e9st tapasztalsz a g\u0151zk\u00e9pz\u00e9sben \u00e9s az \u00edz intenzit\u00e1s\u00e1ban, ideje cser\u00e9lni az eldobhat\u00f3 vape-et.<\/li>\n<\/ul>\n<\/li>\n<li><strong>Mennyit kell v\u00e1rni, hogy felt\u00f6lt\u0151dj\u00f6n egy Puff Vape Cold Mountain ALPS 30000?<\/strong>\n<ul>\n<li>A <strong>Hideg Hegys\u00e9g ALPS 30000<\/strong> jellemz\u0151k <strong>Type-C t\u00f6lt\u00e9si technol\u00f3gia<\/strong>, amely gyors \u00e9s hat\u00e9kony \u00fajrat\u00f6lt\u00e9st biztos\u00edt. \u00c1tlagosan k\u00f6r\u00fclbel\u00fcl <strong>1-2 \u00f3ra<\/strong> kell ahhoz, hogy teljesen felt\u00f6lt\u0151dj\u00f6n a k\u00e9sz\u00fcl\u00e9k, a forr\u00e1st\u00f3l f\u00fcgg\u0151en.<\/li>\n<\/ul>\n<\/li>\n<li><strong>Mennyi nikotin van a Cold Mountain ALPS 30000 Shish\u00e1ban?<\/strong>\n<ul>\n<li>A <strong>Cold Mountain ALPS 30000 Shisha<\/strong> k\u00fcl\u00f6nb\u00f6z\u0151 nikotinszint lehet\u0151s\u00e9geket k\u00edn\u00e1l <strong>2%.<\/strong><\/li>\n<\/ul>\n<\/li>\n<li><strong>Hol v\u00e1s\u00e1rolhat Puff Vape-et nagykereskedelmi \u00e1ron?<\/strong>\n<ul>\n<li>V\u00e1s\u00e1rolhatsz <strong>Puff Vape Cold Mountain ALPS 30000<\/strong> \u00e9s m\u00e1s <strong>nagykereskedelmi vape<\/strong> megb\u00edzhat\u00f3 besz\u00e1ll\u00edt\u00f3kt\u00f3l, mint p\u00e9ld\u00e1ul <strong>rmvapesale<\/strong> vagy specializ\u00e1lt <strong>vape boltokban<\/strong> amelyek nagy t\u00e9telben t\u00f6rt\u00e9n\u0151 v\u00e1s\u00e1rl\u00e1si lehet\u0151s\u00e9geket k\u00edn\u00e1lnak. Ellen\u0151rizd online platformjaikat versenyk\u00e9pes nagykereskedelmi \u00e1rak\u00e9rt.<\/li>\n<\/ul>\n<\/li>\n<li><strong>Vihetek eldobhat\u00f3 vape-et rep\u00fcl\u0151g\u00e9pre?<\/strong>\n<ul>\n<li>cURL Too many subrequests. <strong>eldobhat\u00f3 vape<\/strong> rep\u00fcl\u0151g\u00e9pen, de be kell helyezni a <strong>k\u00e9zipoggy\u00e1szodban<\/strong>, nem feladott poggy\u00e1szba, az airline biztons\u00e1gi el\u0151\u00edr\u00e1sai miatt, amelyek a l\u00edtium akkumul\u00e1torokat \u00e9rintik. Gy\u0151z\u0151dj meg r\u00f3la, hogy a k\u00e9sz\u00fcl\u00e9k ki van kapcsolva, \u00e9s k\u00f6vesd az airline \u00e1ltal adott speci\u00e1lis ir\u00e1nyelveket. Mindig ellen\u0151rizd az airline-n\u00e1l utaz\u00e1s el\u0151tt.<\/li>\n<\/ul>\n<\/li>\n<\/ol>\n<\/div>\n<\/div>\n<\/div>\n<h3>A Sz\u00e1ll\u00edt\u00e1sr\u00f3l<\/h3>\n<div class=\"flex-shrink-0 flex flex-col relative items-end\">\n<div>\n<div class=\"pt-0\">\n<div class=\"gizmo-bot-avatar flex h-8 w-8 items-center justify-center overflow-hidden rounded-full\">\n<div><\/div>\n<div class=\"relative p-1 rounded-sm flex items-center justify-center bg-token-main-surface-primary text-token-text-primary h-8 w-8\"><strong>1. Milyen sz\u00e1ll\u00edt\u00e1si m\u00f3dokat haszn\u00e1lnak?<\/strong><\/div>\n<\/div>\n<\/div>\n<\/div>\n<\/div>\n<div class=\"group\/conversation-turn relative flex w-full min-w-0 flex-col agent-turn\">\n<div class=\"flex-col gap-1 md:gap-3\">\n<div class=\"flex max-w-full flex-col flex-grow\">\n<div class=\"min-h-[20px] text-message flex w-full flex-col items-end gap-2 whitespace-normal break-words [.text-message+&amp;]:mt-5 overflow-x-auto\" dir=\"auto\" data-message-author-role=\"assistant\" data-message-id=\"22f8283b-3233-46ff-89a5-c7a41b33abda\">\n<div class=\"flex w-full flex-col gap-1 empty:hidden first:pt-[3px]\">\n<div class=\"markdown prose w-full break-words dark:prose-invert light\">\n<p>Partnerei vagyunk a UPS, DHL, FedEx, DPD \u00e9s m\u00e1s vezet\u0151 fuvaroz\u00f3knak. A legjobb sz\u00e1ll\u00edt\u00e1si m\u00f3dot fogjuk kiv\u00e1lasztani a sz\u00e1ll\u00edt\u00e1si helysz\u00edne alapj\u00e1n, hogy a lehet\u0151 leggyorsabban megkapja a term\u00e9keit.<\/p>\n<\/div>\n<p><strong>2. Mennyi id\u0151 alatt \u00e9rkezik meg?<\/strong><\/p>\n<p>A csomagok \u00e1ltal\u00e1ban 10 munkanapon bel\u00fcl meg\u00e9rkeznek Magyarorsz\u00e1gra. Az eur\u00f3pai orsz\u00e1gokba t\u00f6rt\u00e9n\u0151 sz\u00e1ll\u00edt\u00e1s \u00e1ltal\u00e1ban 12-15 munkanapot vesz ig\u00e9nybe. Folyamatosan t\u00e1j\u00e9koztatjuk a sz\u00e1ll\u00edt\u00e1si st\u00e1tuszr\u00f3l.<\/p>\n<\/div>\n<\/div>\n<\/div>\n<\/div>\n<\/div>\n<p>&nbsp;<\/p>\n<p>Tov\u00e1bbi n\u00e9pszer\u0171 vape term\u00e9kek, amik tetszhetnek:<\/p>\n<p><a href=\"https:\/\/rmvapesale.com\/hu\/product\/full-screen-disposable-vape-hzko-supernova-30000-puffs-wholesale\/\"><strong>HZKO Supernova 25000 slukk\u00a0 \u00a0<span style=\"color: #ff0000\">&gt;&gt;&gt;&gt; ide!<\/span><\/strong><\/a><\/p>\n<p><strong><a href=\"https:\/\/rmvapesale.com\/hu\/product\/poco-sl15000-disposable-vape-5-nicotine-smart-vape\/\">POCO SL15000 eldobhat\u00f3 vape <span style=\"color: #ff0000\">&gt;&gt;&gt;&gt; ide!<\/span><\/a>\u00a0<\/strong><\/p>\n<p><a href=\"https:\/\/rmvapesale.com\/hu\/product\/original-randm-vape-digital-puff-12000-fumot-factory-price\/\"><strong>Fumot Vape 12000 slukk <span style=\"color: #ff0000\">&gt;&gt;&gt;&gt; ide!<\/span><\/strong><\/a><\/p>\n<p>&nbsp;<\/p>\n<p>&nbsp;<\/p>\n<p>Tal\u00e1lja meg a tov\u00e1bbi vape term\u00e9keket, amelyek tetszhetnek \u00d6nnek:<strong><em><a href=\"https:\/\/rmvapesale.com\/hu\/shop-2\/\">V\u00e1s\u00e1roljon most &gt;&gt;&gt;<\/a><\/em><\/strong><\/p>","protected":false},"excerpt":{"rendered":"<p>Cold Mountain Alps egyszer haszn\u00e1latos vape 30K sz\u00edv\u00e1ssal<br \/>\nPod Cold Mountain Alps 30000 Sz\u00edv\u00e1s EU Rakt\u00e1r<br \/>\nNagykeresked\u00e9s COLD MOUNTAIN ALPS 30000 Sz\u00edv\u00e1s Egyszer Haszn\u00e1latos<br \/>\n<span style=\"color: #ff0000\">(Sz\u00e1ll\u00edt\u00e1s a n\u00e9metorsz\u00e1gi rakt\u00e1rb\u00f3l, \u00e9s k\u00f6r\u00fclbel\u00fcl 3-5 napot vesz ig\u00e9nybe, hogy meg\u00e9rkezzen a legt\u00f6bb eur\u00f3pai orsz\u00e1gba, mint p\u00e9ld\u00e1ul Hollandia, Franciaorsz\u00e1g, Olaszorsz\u00e1g, Spanyolorsz\u00e1g, Sv\u00e1jc, Sv\u00e9dorsz\u00e1g, Lengyelorsz\u00e1g stb.)<\/span><\/p>\n<p><img loading=\"lazy\" decoding=\"async\" class=\"size-full wp-image-2375\" src=\"https:\/\/rmvapesale.com\/wp-content\/uploads\/2024\/10\/image.png\" alt=\"Legjobb Eldobhat\u00f3 Vape\" width=\"229\" height=\"300\" \/><\/p>\n<h3><a href=\"https:\/\/wa.me\/8617776015835\"><span style=\"color: #ff0000\"><strong>WhatsApp: +86 17776015835<\/strong><\/span><\/a><\/h3>\n<p>&nbsp;<\/p>","protected":false},"featured_media":2641,"comment_status":"open","ping_status":"closed","template":"","meta":{"_uag_custom_page_level_css":"","_lmt_disableupdate":"no","_lmt_disable":"","site-sidebar-layout":"default","site-content-layout":"content-boxed-container","ast-site-content-layout":"normal-width-container","site-content-style":"boxed","site-sidebar-style":"unboxed","ast-global-header-display":"","ast-banner-title-visibility":"","ast-main-header-display":"","ast-hfb-above-header-display":"","ast-hfb-below-header-display":"","ast-hfb-mobile-header-display":"","site-post-title":"","ast-breadcrumbs-content":"","ast-featured-img":"","footer-sml-layout":"","ast-disable-related-posts":"","theme-transparent-header-meta":"default","adv-header-id-meta":"","stick-header-meta":"","header-above-stick-meta":"","header-main-stick-meta":"","header-below-stick-meta":"","astra-migrate-meta-layouts":"set","ast-page-background-enabled":"default","ast-page-background-meta":{"desktop":{"background-color":"var(--ast-global-color-4)","background-image":"","background-repeat":"repeat","background-position":"center center","background-size":"auto","background-attachment":"scroll","background-type":"","background-media":"","overlay-type":"","overlay-color":"","overlay-opacity":"","overlay-gradient":""},"tablet":{"background-color":"","background-image":"","background-repeat":"repeat","background-position":"center center","background-size":"auto","background-attachment":"scroll","background-type":"","background-media":"","overlay-type":"","overlay-color":"","overlay-opacity":"","overlay-gradient":""},"mobile":{"background-color":"","background-image":"","background-repeat":"repeat","background-position":"center center","background-size":"auto","background-attachment":"scroll","background-type":"","background-media":"","overlay-type":"","overlay-color":"","overlay-opacity":"","overlay-gradient":""}},"ast-content-background-meta":{"desktop":{"background-color":"var(--ast-global-color-5)","background-image":"","background-repeat":"repeat","background-position":"center center","background-size":"auto","background-attachment":"scroll","background-type":"","background-media":"","overlay-type":"","overlay-color":"","overlay-opacity":"","overlay-gradient":""},"tablet":{"background-color":"var(--ast-global-color-5)","background-image":"","background-repeat":"repeat","background-position":"center center","background-size":"auto","background-attachment":"scroll","background-type":"","background-media":"","overlay-type":"","overlay-color":"","overlay-opacity":"","overlay-gradient":""},"mobile":{"background-color":"var(--ast-global-color-5)","background-image":"","background-repeat":"repeat","background-position":"center center","background-size":"auto","background-attachment":"scroll","background-type":"","background-media":"","overlay-type":"","overlay-color":"","overlay-opacity":"","overlay-gradient":""}},"_joinchat":[]},"product_brand":[],"product_cat":[15,27,25,195,123,30,26,28,137,136,135],"product_tag":[146,188,167,197,165,180,154,191,196,120],"class_list":{"0":"post-2644","1":"product","2":"type-product","3":"status-publish","4":"has-post-thumbnail","6":"product_cat-new-vape-this-week","7":"product_cat-fance-hot-sale-vape","8":"product_cat-germany-best-selling-vape","9":"product_cat-germany-warehouse","10":"product_cat-italy-wholesale-vape","11":"product_cat-minimum-order-quantity-50pcs","12":"product_cat-netherlands-hot-sale-vape","13":"product_cat-poland-hot-sale-vape","14":"product_cat-rechargeable-vapes","15":"product_cat-smart-screen-vapes","16":"product_cat-spain-best-hot-sale-vape","17":"product_tag-best-hot-sale-vape","18":"product_tag-buy-vapes-online","19":"product_tag-disposable-vape-with-screen","20":"product_tag-germany-hot-sale-vape","21":"product_tag-rechargeable-vapes","22":"product_tag-shisha-bar","23":"product_tag-smart-vape","24":"product_tag-vape-box","25":"product_tag-vape-shop","26":"product_tag-vape-wholesale","27":"desktop-align-left","28":"tablet-align-left","29":"mobile-align-left","31":"first","32":"instock","33":"sale","34":"shipping-taxable","35":"purchasable","36":"product-type-simple"},"uagb_featured_image_src":{"full":["https:\/\/rmvapesale.com\/wp-content\/uploads\/2024\/11\/Cold-Mountain-ALPS-Shisha-Hookah.jpg",800,800,false],"thumbnail":["https:\/\/rmvapesale.com\/wp-content\/uploads\/2024\/11\/Cold-Mountain-ALPS-Shisha-Hookah-150x150.jpg",150,150,true],"medium":["https:\/\/rmvapesale.com\/wp-content\/uploads\/2024\/11\/Cold-Mountain-ALPS-Shisha-Hookah-300x300.jpg",300,300,true],"medium_large":["https:\/\/rmvapesale.com\/wp-content\/uploads\/2024\/11\/Cold-Mountain-ALPS-Shisha-Hookah-768x768.jpg",768,768,true],"large":["https:\/\/rmvapesale.com\/wp-content\/uploads\/2024\/11\/Cold-Mountain-ALPS-Shisha-Hookah.jpg",800,800,false],"1536x1536":["https:\/\/rmvapesale.com\/wp-content\/uploads\/2024\/11\/Cold-Mountain-ALPS-Shisha-Hookah.jpg",800,800,false],"2048x2048":["https:\/\/rmvapesale.com\/wp-content\/uploads\/2024\/11\/Cold-Mountain-ALPS-Shisha-Hookah.jpg",800,800,false],"trp-custom-language-flag":["https:\/\/rmvapesale.com\/wp-content\/uploads\/2024\/11\/Cold-Mountain-ALPS-Shisha-Hookah.jpg",12,12,false],"woocommerce_thumbnail":["https:\/\/rmvapesale.com\/wp-content\/uploads\/2024\/11\/Cold-Mountain-ALPS-Shisha-Hookah-300x300.jpg",300,300,true],"woocommerce_single":["https:\/\/rmvapesale.com\/wp-content\/uploads\/2024\/11\/Cold-Mountain-ALPS-Shisha-Hookah-600x600.jpg",600,600,true],"woocommerce_gallery_thumbnail":["https:\/\/rmvapesale.com\/wp-content\/uploads\/2024\/11\/Cold-Mountain-ALPS-Shisha-Hookah-100x100.jpg",100,100,true],"wcpr-photo-reviews":["https:\/\/rmvapesale.com\/wp-content\/uploads\/2024\/11\/Cold-Mountain-ALPS-Shisha-Hookah.jpg",500,500,false]},"uagb_author_info":{"display_name":"AMY","author_link":"https:\/\/rmvapesale.com\/hu\/author\/"},"uagb_comment_info":0,"uagb_excerpt":"Cold Mountain Alps Disposable Vape With 30K Puffs Pod Cold Mountain Alps 30000 Puff EU Warehouse Wholesale COLD MOUNTAIN ALPS 30000 Puffs Disposable (Ship from EU warehouse and takes about 3-7 days\u00a0 to get arrive to most Europe countries like Netherlands, France, Italy, Spain, Switzerland, Sweden, Poland, etc. ) WhatsApp: +86 17776015835 &nbsp;","_links":{"self":[{"href":"https:\/\/rmvapesale.com\/hu\/wp-json\/wp\/v2\/product\/2644","targetHints":{"allow":["GET"]}}],"collection":[{"href":"https:\/\/rmvapesale.com\/hu\/wp-json\/wp\/v2\/product"}],"about":[{"href":"https:\/\/rmvapesale.com\/hu\/wp-json\/wp\/v2\/types\/product"}],"replies":[{"embeddable":true,"href":"https:\/\/rmvapesale.com\/hu\/wp-json\/wp\/v2\/comments?post=2644"}],"wp:featuredmedia":[{"embeddable":true,"href":"https:\/\/rmvapesale.com\/hu\/wp-json\/wp\/v2\/media\/2641"}],"wp:attachment":[{"href":"https:\/\/rmvapesale.com\/hu\/wp-json\/wp\/v2\/media?parent=2644"}],"wp:term":[{"taxonomy":"product_brand","embeddable":true,"href":"https:\/\/rmvapesale.com\/hu\/wp-json\/wp\/v2\/product_brand?post=2644"},{"taxonomy":"product_cat","embeddable":true,"href":"https:\/\/rmvapesale.com\/hu\/wp-json\/wp\/v2\/product_cat?post=2644"},{"taxonomy":"product_tag","embeddable":true,"href":"https:\/\/rmvapesale.com\/hu\/wp-json\/wp\/v2\/product_tag?post=2644"}],"curies":[{"name":"wp","href":"https:\/\/api.w.org\/{rel}","templated":true}]}}