{"id":2652,"date":"2024-11-02T03:22:36","date_gmt":"2024-11-02T03:22:36","guid":{"rendered":"https:\/\/rmvapesale.com\/?post_type=product&#038;p=2652"},"modified":"2024-11-02T03:56:47","modified_gmt":"2024-11-02T03:56:47","slug":"vape-wholesale-lavande-bm-18000-puffs-shisha-hookah-bar","status":"publish","type":"product","link":"https:\/\/rmvapesale.com\/hu\/product\/vape-wholesale-lavande-bm-18000-puffs-shisha-hookah-bar\/","title":{"rendered":"Vape Nagykereskedelem Lavande BM 18000 Puffs Shisha V\u00edzipipa B\u00e1r"},"content":{"rendered":"<div class=\"B2VR9 CJHX3e\">\n<div class=\"wyccme\">\n<h1 class=\"LC20lb MBeuO DKV0Md\">Vape Nagykereskedelem Lavande BM 18000 Puffs Shisha V\u00edzipipa B\u00e1r<\/h1>\n<div class=\"flex-shrink-0 flex flex-col relative items-end\">\n<div class=\"pt-0\">\n<div class=\"gizmo-bot-avatar flex h-8 w-8 items-center justify-center overflow-hidden rounded-full\">\n<div class=\"relative p-1 rounded-sm flex items-center justify-center bg-token-main-surface-primary text-token-text-primary h-8 w-8\">\n<p>Azok sz\u00e1m\u00e1ra, akik keresik\u00a0 <strong>\u00fajrat\u00f6lthet\u0151 Vape nagykeresked\u00e9s<\/strong> amelyek nem k\u00f6tnek kompromisszumot a teljes\u00edtm\u00e9ny ter\u00e9n, a Lavande BM18000 <strong>Shisha v\u00edzipipa<\/strong> kiv\u00e1l\u00f3 v\u00e1laszt\u00e1s. A nagy kapacit\u00e1s\u00fa akkumul\u00e1tor \u00e9s a Type-C gyorst\u00f6lt\u00e9s kombin\u00e1ci\u00f3ja biztos\u00edtja, hogy k\u00e9sz\u00fcl\u00e9ke mindig k\u00e9szen \u00e1lljon, amikor \u00d6n is. A <strong>Kijelz\u0151vez\u00e9rl\u0151 be\u00e1ll\u00edt\u00e1si parancsok<\/strong> szem\u00e9lyre szabott \u00e9lm\u00e9nyt ny\u00fajtanak, lehet\u0151v\u00e9 t\u00e9ve a vaperek sz\u00e1m\u00e1ra, hogy preferenci\u00e1ik szerint v\u00e1ltsanak a m\u00f3dok k\u00f6z\u00f6tt, legyen sz\u00f3 egyenletes, konzisztens sz\u00edv\u00e1sr\u00f3l vagy fokozott, intenz\u00edv sl\u00e1ger\u0151l Boost m\u00f3dban.<\/p>\n<h3>Nagykereskedelmi lehet\u0151s\u00e9gek<\/h3>\n<p>Haszn\u00e1lja ki a <strong>vape nagykereskedelmi<\/strong> \u00e1rk\u00e9pz\u00e9st, \u00e9s emelje fel k\u00e9szlet\u00e9t az egyik <strong>2024 legjobb eldobhat\u00f3 vape-jai<\/strong>. Mint az egyik legjobb v\u00e1laszt\u00e1s a <strong>eldobhat\u00f3 vape m\u00e1rk\u00e1k<\/strong>k\u00f6z\u00f6tt, ez az eszk\u00f6z okos befektet\u00e9s a kiskeresked\u0151k sz\u00e1m\u00e1ra, akik meg akarj\u00e1k felelni a n\u00f6vekv\u0151 keresletnek <strong>n\u00e9pszer\u0171 vapek<\/strong>. T\u00f6meges megrendel\u00e9sek \u00e1llnak rendelkez\u00e9sre <strong>nagykereskedelmi vape<\/strong>, biztos\u00edtva a megfizethet\u0151s\u00e9get \u00e9s a kiv\u00e1l\u00f3 profitmarzsokat v\u00e1llalkoz\u00e1sa sz\u00e1m\u00e1ra.<\/p>\n<h3>Ide\u00e1lis Vaping Rajong\u00f3knak<\/h3>\n<p>Legyen sz\u00f3 vaping rajong\u00f3r\u00f3l vagy kiskeresked\u0151r\u0151l <strong>eldobhat\u00f3 v\u00edzipipa nagykeresked\u00e9s<\/strong>, a Lavande BM 18000 \u00e1tfog\u00f3 \u00e9s \u00e9lvezetes \u00e9lm\u00e9nyt ny\u00fajt, a k\u00e9nyelemre, teljes\u00edtm\u00e9nyre \u00e9s felhaszn\u00e1l\u00f3bar\u00e1t funkci\u00f3kra helyezve a hangs\u00falyt.<\/p>\n<p>Rendeljen most, \u00e9s tapasztalja meg az eldobhat\u00f3 term\u00e9kek j\u00f6v\u0151j\u00e9t, <strong>\u00fajrat\u00f6lthet\u0151 vape-k<\/strong> a legmodernebb kijelz\u0151 technol\u00f3gi\u00e1val \u00e9s verhetetlen sz\u00edv\u00e1skapacit\u00e1ssal.<\/p>\n<\/div>\n<\/div>\n<\/div>\n<\/div>\n<\/div>\n<\/div>\n<p><strong>L\u00e9pjen kapcsolatba Amyvel, hogy megkapja a helyes v\u00e1laszt \u00e9s a vape kupont!<\/strong><\/p>\n<p><img loading=\"lazy\" decoding=\"async\" class=\"size-full wp-image-1978\" src=\"https:\/\/rmvapesale.com\/wp-content\/uploads\/2024\/09\/Disposable-Vape-Wholesale.jpg\" alt=\"Eldobhat\u00f3 Vape Nagykereskedelem\" width=\"229\" height=\"300\" \/><\/p>\n<h3><a href=\"https:\/\/wa.me\/8617776015835\" target=\"_blank\" rel=\"noopener\"><span style=\"color: #ff0000\"><strong>WhatsApp: +86 17776015835<\/strong><\/span><\/a><\/h3>\n<p>&nbsp;<\/p>\n<h2><\/h2>\n<h2><strong>Nagykeresked\u00e9s <\/strong><strong>Vape Lavande BM 18000 Sz\u00edv\u00e1s <\/strong><strong>F\u0151bb jellemz\u0151k<\/strong><\/h2>\n<p>El\u0151ret\u00f6lt\u00f6tt kapacit\u00e1s: 24mElem<br \/>\nKapacit\u00e1s: 650mah<br \/>\nMax sz\u00edv\u00e1s: 18000<br \/>\nM\u0171k\u00f6d\u00e9s: Automatikus<br \/>\nF\u0171t\u0151elem: 6x h\u00e1l\u00f3s tekercs<br \/>\nKijelz\u0151: 3.0\u2033 Full Hd Mega k\u00e9perny\u0151<br \/>\nT\u00f6lt\u00e9si t\u00edpus: usB Type-C<br \/>\n\u00dczemm\u00f3dok: Norm\u00e1l M\u00f3d Turb\u00f3 M\u00f3d<br \/>\nKijelz\u0151vez\u00e9rl\u0151 be\u00e1ll\u00edt\u00e1si parancsok<\/p>\n<figure id=\"attachment_2645\" aria-describedby=\"caption-attachment-2645\" style=\"width: 800px\" class=\"wp-caption alignnone\"><img loading=\"lazy\" decoding=\"async\" class=\"wp-image-2645 size-full\" src=\"https:\/\/rmvapesale.com\/wp-content\/uploads\/2024\/11\/Lavande-BM18000-Hookah-Shisha-Vape.jpg\" alt=\"Lavande BM18000 V\u00edzipipa Shisha Vape\" width=\"800\" height=\"800\" srcset=\"https:\/\/rmvapesale.com\/wp-content\/uploads\/2024\/11\/Lavande-BM18000-Hookah-Shisha-Vape.jpg 800w, https:\/\/rmvapesale.com\/wp-content\/uploads\/2024\/11\/Lavande-BM18000-Hookah-Shisha-Vape-300x300.jpg 300w, https:\/\/rmvapesale.com\/wp-content\/uploads\/2024\/11\/Lavande-BM18000-Hookah-Shisha-Vape-150x150.jpg 150w, https:\/\/rmvapesale.com\/wp-content\/uploads\/2024\/11\/Lavande-BM18000-Hookah-Shisha-Vape-768x768.jpg 768w, https:\/\/rmvapesale.com\/wp-content\/uploads\/2024\/11\/Lavande-BM18000-Hookah-Shisha-Vape-600x600.jpg 600w, https:\/\/rmvapesale.com\/wp-content\/uploads\/2024\/11\/Lavande-BM18000-Hookah-Shisha-Vape-100x100.jpg 100w\" sizes=\"auto, (max-width: 800px) 100vw, 800px\" \/><figcaption id=\"caption-attachment-2645\" class=\"wp-caption-text\">Lavande BM18000 V\u00edzipipa Shisha Vape<\/figcaption><\/figure>\n<h2><strong>Legjobb \u00edzek a Lavande BM 18000 Sz\u00edv\u00e1s Shisha V\u00edzipipa Vape nagykeresked\u00e9shez<\/strong><\/h2>\n<p>1. Dinnye M\u00e1lna <span style=\"color: #ff0000\"><strong>&gt;&gt;&gt;&gt; Forr\u00f3!<\/strong><\/span><br \/>\n2. Watermelon Ice<br \/>\n3. Sziv\u00e1rv\u00e1ny Skittz<br \/>\n4. Anan\u00e1sz J\u00e9g<br \/>\n5. Eper j\u00e9g<br \/>\n6. \u0150szibarack j\u00e9g<br \/>\n7. Mr. Blue <span style=\"color: #ff0000\"><strong>&gt;&gt;&gt;&gt; Forr\u00f3!<\/strong><\/span><br \/>\n8. Mang\u00f3 j\u00e9g<br \/>\n9. Mang\u00f3 S\u00e1rk\u00e1nygy\u00fcm\u00f6lcs<br \/>\n10. Szerelem 66 <span style=\"color: #ff0000\"><strong>&gt;&gt;&gt;&gt; Forr\u00f3!<\/strong><\/span><br \/>\n11. Citrom menta<br \/>\n12. Sz\u0151l\u0151 menta<br \/>\n13. Dupla sz\u0151l\u0151 <span style=\"color: #ff0000\"><strong>&gt;&gt;&gt;&gt; A legjobb!<\/strong><\/span><br \/>\n14. Dupla alma<br \/>\n15. R\u00e1g\u00f3s g\u00f6r\u00f6gdinnye<br \/>\n16. Bogy\u00f3s menta<br \/>\n17. Feketeribizli j\u00e9g<br \/>\n18. \u00c1fony\u00e1s j\u00e9g<br \/>\n19. \u00c1fony\u00e1s menta<br \/>\n20. R\u00e1g\u00f3s menta<\/p>\n<h3><strong>Mi\u00e9rt v\u00e1lassza az Rmvapesale-t a vape nagykereskedelemhez?<\/strong><strong>?<\/strong><\/h3>\n<div class=\"flex-shrink-0 flex flex-col relative items-end\">\n<div class=\"pt-0\">\n<div class=\"gizmo-bot-avatar flex h-8 w-8 items-center justify-center overflow-hidden rounded-full\">\n<div class=\"relative p-1 rounded-sm flex items-center justify-center bg-token-main-surface-primary text-token-text-primary h-8 w-8\">\n<p>Ha az Rmvapesale-t v\u00e1lasztja az eldobhat\u00f3 vape-ek nagykereskedelm\u00e9hez, a k\u00f6vetkez\u0151 el\u0151ny\u00f6kben r\u00e9szes\u00fcl:<\/p>\n<ul>\n<li><strong>Versenyk\u00e9pes \u00e1rak<\/strong>: Hozz\u00e1f\u00e9rhet vonz\u00f3 nagykereskedelmi \u00e1rakhoz, amelyek n\u00f6velik az \u00fczleti marzsokat.<\/li>\n<li><strong>Magas min\u0151s\u00e9g<\/strong>: Vape-jeink a legmagasabb sz\u00ednvonalon k\u00e9sz\u00fclnek, \u00e9s <span style=\"color: #ff0000\"><strong>garant\u00e1ltan 100% eredetiek \u00e9s hitelesek, hamis \u00e1ru eset\u00e9n 10-szeres k\u00e1rt\u00e9r\u00edt\u00e9st biztos\u00edtunk!<\/strong><\/span><\/li>\n<li><strong>Kiv\u00e1l\u00f3 \u00dcgyf\u00e9lszolg\u00e1lat<\/strong>: Elk\u00f6telezett csapatunk mindig k\u00e9szen \u00e1ll, hogy seg\u00edtsen \u00d6nnek, z\u00f6kken\u0151mentess\u00e9 \u00e9s probl\u00e9mamentess\u00e9 t\u00e9ve a v\u00e1s\u00e1rl\u00e1si folyamatot.<\/li>\n<li><strong>Gyors Sz\u00e1ll\u00edt\u00e1s<\/strong>: Sz\u00e1m\u00edtson gyors \u00e9s megb\u00edzhat\u00f3 sz\u00e1ll\u00edt\u00e1sra, ami biztos\u00edtja, hogy rendel\u00e9sei mindig id\u0151ben meg\u00e9rkezzenek.<\/li>\n<\/ul>\n<\/div>\n<h3><\/h3>\n<div class=\"relative p-1 rounded-sm flex items-center justify-center bg-token-main-surface-primary text-token-text-primary h-8 w-8\">\n<h3><b>Eldobhat\u00f3 hookah nagykereskedelmi Vape Lavande BM18000 GYIK\u00a0<\/b><\/h3>\n<\/div>\n<h3><\/h3>\n<ol>\n<li><strong>H\u00e1ny slukk van egy Lavande BM18000 eldobhat\u00f3 shisha r\u00fadban?<\/strong><br \/>\nA Lavande BM18000 ak\u00e1r 18 000 slukkot is biztos\u00edt, hosszan tart\u00f3 haszn\u00e1latot k\u00edn\u00e1lva an\u00e9lk\u00fcl, hogy gyakran kellene cser\u00e9lni.<\/li>\n<li><strong>Mekkora a nikotintartalma a Lavande BM18000 shisha hookah-nak?<\/strong><br \/>\nA Lavande BM18000 k\u00fcl\u00f6nb\u00f6z\u0151 nikotinszintekkel kaphat\u00f3, hogy megfeleljen a k\u00fcl\u00f6nb\u00f6z\u0151 preferenci\u00e1knak. A konkr\u00e9t nikotinszintek azonban a \u00edzt\u0151l \u00e9s a gy\u00e1rt\u00e1si t\u00e9telt\u0151l f\u00fcgg\u0151en v\u00e1ltozhatnak. Javasoljuk, hogy a pontos r\u00e9szletek\u00e9rt ellen\u0151rizze a csomagol\u00e1st vagy a term\u00e9kle\u00edr\u00e1st.<\/li>\n<li><strong>Honnan tudom, ha a Lavande BM18000 eldobhat\u00f3 vape-em akkumul\u00e1tora lemer\u00fcl\u0151ben van?<\/strong><br \/>\nA Lavande BM18000 3.0\u2033-os Full HD Mega kijelz\u0151vel rendelkezik, amely egy\u00e9rtelm\u0171en jelzi az akkumul\u00e1tor \u00e1llapot\u00e1t. Ha az akkumul\u00e1tor ikonja a kijelz\u0151n alacsony szintet mutat, vagy a k\u00e9sz\u00fcl\u00e9k m\u00e1r nem termel hat\u00e9konyan g\u0151zt, itt az ideje, hogy felt\u00f6ltse az USB Type-C t\u00f6lt\u0151vel.<\/li>\n<li><strong>Hol v\u00e1s\u00e1rolhatok Vape nagykereskedelmi \u00e1ron?<\/strong><br \/>\nA Lavande BM18000-et \u00e9s m\u00e1s eldobhat\u00f3 vape-okat nagykereskedelmi \u00e1ron megb\u00edzhat\u00f3 besz\u00e1ll\u00edt\u00f3kn\u00e1l v\u00e1s\u00e1rolhat, akik <strong>vape nagykereskedelmi<\/strong>-ra specializ\u00e1l\u00f3dtak. Keressen megb\u00edzhat\u00f3 online platformokat vagy l\u00e9pjen kapcsolatba forgalmaz\u00f3kkal, akik <strong>nagykereskedelmi vape<\/strong> -t k\u00edn\u00e1lnak, hogy versenyk\u00e9pes nagykereskedelmi \u00e1rakat kapjon \u00e9s biztos\u00edtsa a term\u00e9k min\u0151s\u00e9g\u00e9t.<\/li>\n<\/ol>\n<\/div>\n<\/div>\n<\/div>\n<h3>A Sz\u00e1ll\u00edt\u00e1sr\u00f3l<\/h3>\n<div class=\"flex-shrink-0 flex flex-col relative items-end\">\n<div>\n<div class=\"pt-0\">\n<div class=\"gizmo-bot-avatar flex h-8 w-8 items-center justify-center overflow-hidden rounded-full\">\n<div><\/div>\n<div class=\"relative p-1 rounded-sm flex items-center justify-center bg-token-main-surface-primary text-token-text-primary h-8 w-8\"><strong>1. Milyen sz\u00e1ll\u00edt\u00e1si m\u00f3dokat haszn\u00e1lnak?<\/strong><\/div>\n<\/div>\n<\/div>\n<\/div>\n<\/div>\n<div class=\"group\/conversation-turn relative flex w-full min-w-0 flex-col agent-turn\">\n<div class=\"flex-col gap-1 md:gap-3\">\n<div class=\"flex max-w-full flex-col flex-grow\">\n<div class=\"min-h-[20px] text-message flex w-full flex-col items-end gap-2 whitespace-normal break-words [.text-message+&amp;]:mt-5 overflow-x-auto\" dir=\"auto\" data-message-author-role=\"assistant\" data-message-id=\"22f8283b-3233-46ff-89a5-c7a41b33abda\">\n<div class=\"flex w-full flex-col gap-1 empty:hidden first:pt-[3px]\">\n<div class=\"markdown prose w-full break-words dark:prose-invert light\">\n<p>Partnerei vagyunk a UPS, DHL, FedEx, DPD \u00e9s m\u00e1s vezet\u0151 fuvaroz\u00f3knak. A legjobb sz\u00e1ll\u00edt\u00e1si m\u00f3dot fogjuk kiv\u00e1lasztani a sz\u00e1ll\u00edt\u00e1si helysz\u00edne alapj\u00e1n, hogy a lehet\u0151 leggyorsabban megkapja a term\u00e9keit.<\/p>\n<\/div>\n<p><strong>2. Mennyi id\u0151 alatt \u00e9rkezik meg?<\/strong><\/p>\n<p>A csomagok \u00e1ltal\u00e1ban 10 munkanapon bel\u00fcl meg\u00e9rkeznek Magyarorsz\u00e1gra. Az eur\u00f3pai orsz\u00e1gokba t\u00f6rt\u00e9n\u0151 sz\u00e1ll\u00edt\u00e1s \u00e1ltal\u00e1ban 12-15 munkanapot vesz ig\u00e9nybe. Folyamatosan t\u00e1j\u00e9koztatjuk a sz\u00e1ll\u00edt\u00e1si st\u00e1tuszr\u00f3l.<\/p>\n<\/div>\n<\/div>\n<\/div>\n<\/div>\n<\/div>\n<p>&nbsp;<\/p>\n<p>Tov\u00e1bbi n\u00e9pszer\u0171 vape term\u00e9kek, amik tetszhetnek:<\/p>\n<p><a href=\"https:\/\/rmvapesale.com\/hu\/product\/full-screen-disposable-vape-hzko-supernova-30000-puffs-wholesale\/\"><strong>HZKO Supernova 25000 slukk\u00a0 \u00a0<span style=\"color: #ff0000\">&gt;&gt;&gt;&gt; ide!<\/span><\/strong><\/a><\/p>\n<p><strong><a href=\"https:\/\/rmvapesale.com\/hu\/product\/bang-vape-12000-puff-rechargeable-disposable-vape-wholesale\/\">Bang 12000 Vape <span style=\"color: #ff0000\">&gt;&gt;&gt;&gt; ide!<\/span><\/a>\u00a0<\/strong><\/p>\n<p><a href=\"https:\/\/rmvapesale.com\/hu\/product\/puff-vape-cold-mountain-alps-30000-shisha-hookah-bar-wholesale\/\"><strong>Cold Mountain Alps 30000 slukk <span style=\"color: #ff0000\">&gt;&gt;&gt;&gt; ide!<\/span><\/strong><\/a><\/p>\n<p>&nbsp;<\/p>\n<p>&nbsp;<\/p>\n<p>Tal\u00e1lja meg a tov\u00e1bbi vape term\u00e9keket, amelyek tetszhetnek \u00d6nnek:<strong><em><a href=\"https:\/\/rmvapesale.com\/hu\/shop-2\/\">V\u00e1s\u00e1roljon most &gt;&gt;&gt;<\/a><\/em><\/strong><\/p>","protected":false},"excerpt":{"rendered":"<p>Lavande BM18000 Puffs Shisha Vape nagykeresked\u00e9s<br \/>\nLavande BM 18000 Puffs eldobhat\u00f3 Shisha Vape<br \/>\nNagykereskedelmi olcs\u00f3 eldobhat\u00f3 Vape-ek Lavande BM 18000 Puffs<br \/>\n<span style=\"color: #ff0000\">(Sz\u00e1ll\u00edt\u00e1s a n\u00e9metorsz\u00e1gi rakt\u00e1rb\u00f3l, \u00e9s k\u00f6r\u00fclbel\u00fcl 3-5 napot vesz ig\u00e9nybe, hogy meg\u00e9rkezzen a legt\u00f6bb eur\u00f3pai orsz\u00e1gba, mint p\u00e9ld\u00e1ul Hollandia, Franciaorsz\u00e1g, Olaszorsz\u00e1g, Spanyolorsz\u00e1g, Sv\u00e1jc, Sv\u00e9dorsz\u00e1g, Lengyelorsz\u00e1g stb.)<\/span><\/p>\n<p><img loading=\"lazy\" decoding=\"async\" class=\"size-full wp-image-2375\" src=\"https:\/\/rmvapesale.com\/wp-content\/uploads\/2024\/10\/image.png\" alt=\"Legjobb Eldobhat\u00f3 Vape\" width=\"229\" height=\"300\" \/><\/p>\n<h3><a href=\"https:\/\/wa.me\/8617776015835\"><span style=\"color: #ff0000\"><strong>WhatsApp: +86 17776015835<\/strong><\/span><\/a><\/h3>\n<p>&nbsp;<\/p>","protected":false},"featured_media":2646,"comment_status":"open","ping_status":"closed","template":"","meta":{"_uag_custom_page_level_css":"","_lmt_disableupdate":"no","_lmt_disable":"","site-sidebar-layout":"default","site-content-layout":"content-boxed-container","ast-site-content-layout":"normal-width-container","site-content-style":"boxed","site-sidebar-style":"unboxed","ast-global-header-display":"","ast-banner-title-visibility":"","ast-main-header-display":"","ast-hfb-above-header-display":"","ast-hfb-below-header-display":"","ast-hfb-mobile-header-display":"","site-post-title":"","ast-breadcrumbs-content":"","ast-featured-img":"","footer-sml-layout":"","ast-disable-related-posts":"","theme-transparent-header-meta":"default","adv-header-id-meta":"","stick-header-meta":"","header-above-stick-meta":"","header-main-stick-meta":"","header-below-stick-meta":"","astra-migrate-meta-layouts":"set","ast-page-background-enabled":"default","ast-page-background-meta":{"desktop":{"background-color":"var(--ast-global-color-4)","background-image":"","background-repeat":"repeat","background-position":"center center","background-size":"auto","background-attachment":"scroll","background-type":"","background-media":"","overlay-type":"","overlay-color":"","overlay-opacity":"","overlay-gradient":""},"tablet":{"background-color":"","background-image":"","background-repeat":"repeat","background-position":"center center","background-size":"auto","background-attachment":"scroll","background-type":"","background-media":"","overlay-type":"","overlay-color":"","overlay-opacity":"","overlay-gradient":""},"mobile":{"background-color":"","background-image":"","background-repeat":"repeat","background-position":"center center","background-size":"auto","background-attachment":"scroll","background-type":"","background-media":"","overlay-type":"","overlay-color":"","overlay-opacity":"","overlay-gradient":""}},"ast-content-background-meta":{"desktop":{"background-color":"var(--ast-global-color-5)","background-image":"","background-repeat":"repeat","background-position":"center center","background-size":"auto","background-attachment":"scroll","background-type":"","background-media":"","overlay-type":"","overlay-color":"","overlay-opacity":"","overlay-gradient":""},"tablet":{"background-color":"var(--ast-global-color-5)","background-image":"","background-repeat":"repeat","background-position":"center center","background-size":"auto","background-attachment":"scroll","background-type":"","background-media":"","overlay-type":"","overlay-color":"","overlay-opacity":"","overlay-gradient":""},"mobile":{"background-color":"var(--ast-global-color-5)","background-image":"","background-repeat":"repeat","background-position":"center center","background-size":"auto","background-attachment":"scroll","background-type":"","background-media":"","overlay-type":"","overlay-color":"","overlay-opacity":"","overlay-gradient":""}},"_joinchat":[]},"product_brand":[],"product_cat":[15,27,25,195,123,30,26,28,137,136,135],"product_tag":[188,200,167,197,165,180,154,196,120],"class_list":{"0":"post-2652","1":"product","2":"type-product","3":"status-publish","4":"has-post-thumbnail","6":"product_cat-new-vape-this-week","7":"product_cat-fance-hot-sale-vape","8":"product_cat-germany-best-selling-vape","9":"product_cat-germany-warehouse","10":"product_cat-italy-wholesale-vape","11":"product_cat-minimum-order-quantity-50pcs","12":"product_cat-netherlands-hot-sale-vape","13":"product_cat-poland-hot-sale-vape","14":"product_cat-rechargeable-vapes","15":"product_cat-smart-screen-vapes","16":"product_cat-spain-best-hot-sale-vape","17":"product_tag-buy-vapes-online","18":"product_tag-disposable-hookah-wholesale","19":"product_tag-disposable-vape-with-screen","20":"product_tag-germany-hot-sale-vape","21":"product_tag-rechargeable-vapes","22":"product_tag-shisha-bar","23":"product_tag-smart-vape","24":"product_tag-vape-shop","25":"product_tag-vape-wholesale","26":"desktop-align-left","27":"tablet-align-left","28":"mobile-align-left","30":"first","31":"instock","32":"sale","33":"shipping-taxable","34":"purchasable","35":"product-type-simple"},"uagb_featured_image_src":{"full":["https:\/\/rmvapesale.com\/wp-content\/uploads\/2024\/11\/Lavande-BM18000-Puffs-Shisha-monouso-Vape.jpg",800,800,false],"thumbnail":["https:\/\/rmvapesale.com\/wp-content\/uploads\/2024\/11\/Lavande-BM18000-Puffs-Shisha-monouso-Vape-150x150.jpg",150,150,true],"medium":["https:\/\/rmvapesale.com\/wp-content\/uploads\/2024\/11\/Lavande-BM18000-Puffs-Shisha-monouso-Vape-300x300.jpg",300,300,true],"medium_large":["https:\/\/rmvapesale.com\/wp-content\/uploads\/2024\/11\/Lavande-BM18000-Puffs-Shisha-monouso-Vape-768x768.jpg",768,768,true],"large":["https:\/\/rmvapesale.com\/wp-content\/uploads\/2024\/11\/Lavande-BM18000-Puffs-Shisha-monouso-Vape.jpg",800,800,false],"1536x1536":["https:\/\/rmvapesale.com\/wp-content\/uploads\/2024\/11\/Lavande-BM18000-Puffs-Shisha-monouso-Vape.jpg",800,800,false],"2048x2048":["https:\/\/rmvapesale.com\/wp-content\/uploads\/2024\/11\/Lavande-BM18000-Puffs-Shisha-monouso-Vape.jpg",800,800,false],"trp-custom-language-flag":["https:\/\/rmvapesale.com\/wp-content\/uploads\/2024\/11\/Lavande-BM18000-Puffs-Shisha-monouso-Vape.jpg",12,12,false],"woocommerce_thumbnail":["https:\/\/rmvapesale.com\/wp-content\/uploads\/2024\/11\/Lavande-BM18000-Puffs-Shisha-monouso-Vape-300x300.jpg",300,300,true],"woocommerce_single":["https:\/\/rmvapesale.com\/wp-content\/uploads\/2024\/11\/Lavande-BM18000-Puffs-Shisha-monouso-Vape-600x600.jpg",600,600,true],"woocommerce_gallery_thumbnail":["https:\/\/rmvapesale.com\/wp-content\/uploads\/2024\/11\/Lavande-BM18000-Puffs-Shisha-monouso-Vape-100x100.jpg",100,100,true],"wcpr-photo-reviews":["https:\/\/rmvapesale.com\/wp-content\/uploads\/2024\/11\/Lavande-BM18000-Puffs-Shisha-monouso-Vape.jpg",500,500,false]},"uagb_author_info":{"display_name":"AMY","author_link":"https:\/\/rmvapesale.com\/hu\/author\/"},"uagb_comment_info":0,"uagb_excerpt":"Lavande BM18000 Puffs Shisha Vape Wholesale Lavande BM 18000 Puffs Shisha monouso Vape Wholesale Cheap Disposable Vapes Lavande BM 18000 Puffs (Ship from EU warehouse and takes about 3-7 days\u00a0 to get arrive to most Europe countries like Netherlands, France, Italy, Spain, Switzerland, Sweden, Poland, etc. ) WhatsApp: +86 17776015835 &nbsp;","_links":{"self":[{"href":"https:\/\/rmvapesale.com\/hu\/wp-json\/wp\/v2\/product\/2652","targetHints":{"allow":["GET"]}}],"collection":[{"href":"https:\/\/rmvapesale.com\/hu\/wp-json\/wp\/v2\/product"}],"about":[{"href":"https:\/\/rmvapesale.com\/hu\/wp-json\/wp\/v2\/types\/product"}],"replies":[{"embeddable":true,"href":"https:\/\/rmvapesale.com\/hu\/wp-json\/wp\/v2\/comments?post=2652"}],"wp:featuredmedia":[{"embeddable":true,"href":"https:\/\/rmvapesale.com\/hu\/wp-json\/wp\/v2\/media\/2646"}],"wp:attachment":[{"href":"https:\/\/rmvapesale.com\/hu\/wp-json\/wp\/v2\/media?parent=2652"}],"wp:term":[{"taxonomy":"product_brand","embeddable":true,"href":"https:\/\/rmvapesale.com\/hu\/wp-json\/wp\/v2\/product_brand?post=2652"},{"taxonomy":"product_cat","embeddable":true,"href":"https:\/\/rmvapesale.com\/hu\/wp-json\/wp\/v2\/product_cat?post=2652"},{"taxonomy":"product_tag","embeddable":true,"href":"https:\/\/rmvapesale.com\/hu\/wp-json\/wp\/v2\/product_tag?post=2652"}],"curies":[{"name":"wp","href":"https:\/\/api.w.org\/{rel}","templated":true}]}}