{"id":2661,"date":"2024-11-04T06:37:48","date_gmt":"2024-11-04T06:37:48","guid":{"rendered":"https:\/\/rmvapesale.com\/?post_type=product&#038;p=2661"},"modified":"2024-11-04T07:54:04","modified_gmt":"2024-11-04T07:54:04","slug":"vopk-shisha-bar-20000-puffs-low-nicotine-rechargeable-disposable-vape-pen","status":"publish","type":"product","link":"https:\/\/rmvapesale.com\/hu\/product\/vopk-shisha-bar-20000-puffs-low-nicotine-rechargeable-disposable-vape-pen\/","title":{"rendered":"VOPK Shisha BAR 20000 Puffs alacsony nikotintartalm\u00fa \u00fajrat\u00f6lthet\u0151 eldobhat\u00f3 vape toll"},"content":{"rendered":"<div class=\"B2VR9 CJHX3e\">\n<div class=\"wyccme\">\n<h1 class=\"LC20lb MBeuO DKV0Md\">VOPK Shisha BAR 20000 Puffs alacsony nikotintartalm\u00fa \u00fajrat\u00f6lthet\u0151 eldobhat\u00f3 vape toll<\/h1>\n<div class=\"flex-shrink-0 flex flex-col relative items-end\">\n<div class=\"pt-0\">\n<div class=\"gizmo-bot-avatar flex h-8 w-8 items-center justify-center overflow-hidden rounded-full\">\n<div class=\"relative p-1 rounded-sm flex items-center justify-center bg-token-main-surface-primary text-token-text-primary h-8 w-8\">\n<p>Bemutatjuk a <strong>VOPK Shisha BAR 20000 Puffs alacsony nikotintartalm\u00fa \u00fajrat\u00f6lthet\u0151 eldobhat\u00f3 vape toll<\/strong>, a t\u00f6k\u00e9letes v\u00e1laszt\u00e1s a shisha \u00e9s vape rajong\u00f3k sz\u00e1m\u00e1ra, akik kiv\u00e9teles min\u0151s\u00e9get \u00e9s teljes\u00edtm\u00e9nyt keresnek. Ez a korszer\u0171 eszk\u00f6z figyelemre m\u00e9lt\u00f3 <strong>20000 slukk<\/strong>, biztos\u00edtva a hosszan tart\u00f3 vaping \u00e9lm\u00e9nyt a gyakori cser\u00e9k k\u00e9nyelmetlens\u00e9ge n\u00e9lk\u00fcl.<\/p>\n<p>A k\u00fcl\u00f6nb\u00f6z\u0151 preferenci\u00e1k kiel\u00e9g\u00edt\u00e9s\u00e9re tervezett <strong>VOPK Shisha BAR<\/strong> a k\u00f6vetkez\u0151ket tartalmazza: <strong>\u00e1ll\u00edthat\u00f3 nikotinszintek<\/strong> of <strong>0%, 2%, 3% \u00e9s 5%<\/strong>, lehet\u0151v\u00e9 t\u00e9ve a nikotinbevitel testreszab\u00e1s\u00e1t. A nagy <strong>28 ml-es e-liquid kapacit\u00e1s<\/strong> biztos\u00edtja, hogy hosszabb ideig vapelhess kevesebb ut\u00e1nt\u00f6lt\u00e9ssel, m\u00edg a <strong>850mAh \u00fajrat\u00f6lthet\u0151 akkumul\u00e1tor<\/strong> p\u00e1ros\u00edtva <strong>C-t\u00edpus\u00fa t\u00f6lt\u0151<\/strong> garant\u00e1lja a hat\u00e9kony \u00e9s gyors \u00fajrat\u00f6lt\u00e9st, \u00edgy ide\u00e1lis azok sz\u00e1m\u00e1ra, akik mindig \u00faton vannak.<\/p>\n<p>A <strong>VOPK Shisha BAR<\/strong> egyes\u00edti a legjobbat mindk\u00e9t vil\u00e1gb\u00f3l: a hagyom\u00e1nyos esszenci\u00e1j\u00e1t <strong>v\u00edzipipa b\u00e1r<\/strong> \u00edzek \u00e9s a modern vaping technol\u00f3gia. Eleg\u00e1ns \u00e9s hordozhat\u00f3 kialak\u00edt\u00e1sa t\u00f6k\u00e9letess\u00e9 teszi a haszn\u00e1lat\u00e1t b\u00e1rhol, ak\u00e1r egy shisha b\u00e1rban, ak\u00e1r \u00fatk\u00f6zben. A vibr\u00e1l\u00f3 \u00edzek \u00e9s a megb\u00edzhat\u00f3 teljes\u00edtm\u00e9ny miatt nem csoda, hogy a <strong>VOPK<\/strong> kiemelkedik a <strong>n\u00e9pszer\u0171 vape m\u00e1rk\u00e1k k\u00f6z\u00f6tt<\/strong> k\u00f6z\u00fcl, \u00e9s nagy a kereslet ir\u00e1nta <strong>nagykereskedelmi vape<\/strong>.<\/p>\n<p>Azoknak, akik szeretn\u00e9nek elmer\u00fclni a gazdag kult\u00far\u00e1ban <strong>shisha hookah<\/strong> mik\u00f6zben \u00e9lvezik a k\u00e9nyelmet egy <strong>\u00fajrat\u00f6lthet\u0151 eldobhat\u00f3 vape<\/strong>seg\u00edts\u00e9g\u00e9vel a <strong>VOPK Shisha BAR 20000<\/strong> ide\u00e1lis t\u00e1rsad. Fedezd fel, mi\u00e9rt v\u00e1lt ez a k\u00e9sz\u00fcl\u00e9k n\u00e9pszer\u0171v\u00e9 a piacon a <strong>eldobhat\u00f3 vape m\u00e1rk\u00e1k<\/strong> \u00e9s \u00e9lvezd a pr\u00e9mium \u00e9lm\u00e9nyt, ami visszah\u00edv majd. Szerezd be a saj\u00e1todat <strong>egyszer haszn\u00e1latos vape online<\/strong> vagy v\u00e1s\u00e1rolj nagy t\u00e9telben a <strong>v\u00edzipipa b\u00e1r<\/strong> val vel <strong>eldobhat\u00f3 v\u00edzipipa nagykeresked\u00e9s<\/strong> lehet\u0151s\u00e9gekhez ma!<\/p>\n<p>K\u00e9sz\u00fclj fel, hogy elmer\u00fclj egy magasabb szint\u0171 \u00edz- \u00e9s teljes\u00edtm\u00e9nyvil\u00e1gban a <strong>VOPK Shisha BAR 20000 Puffs<\/strong> \u2014 a v\u00e9gs\u0151 v\u00e1laszt\u00e1s a <strong>20000 szippant\u00e1s vape<\/strong>.<\/p>\n<\/div>\n<\/div>\n<\/div>\n<\/div>\n<\/div>\n<\/div>\n<p><strong>L\u00e9pjen kapcsolatba Amyvel, hogy megkapja a helyes v\u00e1laszt \u00e9s a vape kupont!<\/strong><\/p>\n<p><img loading=\"lazy\" decoding=\"async\" class=\"size-full wp-image-1978\" src=\"https:\/\/rmvapesale.com\/wp-content\/uploads\/2024\/09\/Disposable-Vape-Wholesale.jpg\" alt=\"Eldobhat\u00f3 Vape Nagykereskedelem\" width=\"229\" height=\"300\" \/><\/p>\n<h3><a href=\"https:\/\/wa.me\/8617776015835\" target=\"_blank\" rel=\"noopener\"><span style=\"color: #ff0000\"><strong>WhatsApp: +86 17776015835<\/strong><\/span><\/a><\/h3>\n<p>&nbsp;<\/p>\n<h2><\/h2>\n<h2><strong>VOPK Shisha BAR 20000 \u00fajrat\u00f6lthet\u0151 egyszer haszn\u00e1latos vape <\/strong><strong>F\u0151bb jellemz\u0151k<\/strong><\/h2>\n<p>El\u0151re t\u00f6lt\u00f6tt 28ml E-Juice<br \/>\n\u00dajrat\u00f6lthet\u0151 850 mAh-s akkumul\u00e1tor<br \/>\nSzippant\u00e1sok sz\u00e1ma: K\u00f6r\u00fclbel\u00fcl 20000 szippant\u00e1s<br \/>\n0% 2% 5% Nikotinszint<br \/>\nUSB Type-C T\u00f6lt\u00e9s (Nem tartoz\u00e9k)<br \/>\nLED kijelz\u0151 okos k\u00e9perny\u0151<br \/>\nMTL Vaping<\/p>\n<figure id=\"attachment_2653\" aria-describedby=\"caption-attachment-2653\" style=\"width: 800px\" class=\"wp-caption alignnone\"><img loading=\"lazy\" decoding=\"async\" class=\"wp-image-2653 size-full\" src=\"https:\/\/rmvapesale.com\/wp-content\/uploads\/2024\/11\/VOPK-Shisha-BAR-20000-Low-Nicotine-Disposable-Vape.jpg\" alt=\"VOPK Shisha BAR 20000 alacsony nikotintartalm\u00fa egyszer haszn\u00e1latos vape\" width=\"800\" height=\"799\" srcset=\"https:\/\/rmvapesale.com\/wp-content\/uploads\/2024\/11\/VOPK-Shisha-BAR-20000-Low-Nicotine-Disposable-Vape.jpg 800w, https:\/\/rmvapesale.com\/wp-content\/uploads\/2024\/11\/VOPK-Shisha-BAR-20000-Low-Nicotine-Disposable-Vape-300x300.jpg 300w, https:\/\/rmvapesale.com\/wp-content\/uploads\/2024\/11\/VOPK-Shisha-BAR-20000-Low-Nicotine-Disposable-Vape-150x150.jpg 150w, https:\/\/rmvapesale.com\/wp-content\/uploads\/2024\/11\/VOPK-Shisha-BAR-20000-Low-Nicotine-Disposable-Vape-768x767.jpg 768w, https:\/\/rmvapesale.com\/wp-content\/uploads\/2024\/11\/VOPK-Shisha-BAR-20000-Low-Nicotine-Disposable-Vape-600x599.jpg 600w, https:\/\/rmvapesale.com\/wp-content\/uploads\/2024\/11\/VOPK-Shisha-BAR-20000-Low-Nicotine-Disposable-Vape-100x100.jpg 100w\" sizes=\"auto, (max-width: 800px) 100vw, 800px\" \/><figcaption id=\"caption-attachment-2653\" class=\"wp-caption-text\">VOPK Shisha BAR 20000 alacsony nikotintartalm\u00fa egyszer haszn\u00e1latos vape<\/figcaption><\/figure>\n<h2><strong>Legjobb \u00edz a <\/strong><strong>VOPK Shisha BAR 20000<\/strong><\/h2>\n<p>1. \u00c1fony\u00e1s j\u00e9g <span style=\"color: #ff0000\"><strong>&gt;&gt;&gt;&gt; Forr\u00f3!<\/strong><\/span><br \/>\n2.Strawberry kiwi<br \/>\n3. Vegyes bogy\u00f3k <span style=\"color: #ff0000\"><strong>&gt;&gt;&gt;&gt; A legjobb!<\/strong><\/span><br \/>\n4.Eper g\u00f6r\u00f6gdinnye<br \/>\n5. G\u00f6r\u00f6gdinnye j\u00e9g<br \/>\n6. Barack mang\u00f3 anan\u00e1sz<br \/>\n7. \u00c1fonya m\u00e1lna<br \/>\n8. Eper m\u00e1lna cukorka<br \/>\n9. G\u00f6r\u00f6gdinnye cseresznye <span style=\"color: #ff0000\"><strong>&gt;&gt;&gt;&gt; Forr\u00f3!<\/strong><\/span><br \/>\n10. Fekete ribizli j\u00e9g<\/p>\n<figure id=\"attachment_2660\" aria-describedby=\"caption-attachment-2660\" style=\"width: 640px\" class=\"wp-caption alignnone\"><img loading=\"lazy\" decoding=\"async\" class=\"wp-image-2660 size-large\" src=\"https:\/\/rmvapesale.com\/wp-content\/uploads\/2024\/11\/VOPK-Shisha-Hookah-BAR-Disposable-Vape-Wholesale-640x1024.jpg\" alt=\"VOPK Shisha Hookah BAR Egyszer haszn\u00e1latos Vape Nagykeresked\u00e9s\" width=\"640\" height=\"1024\" srcset=\"https:\/\/rmvapesale.com\/wp-content\/uploads\/2024\/11\/VOPK-Shisha-Hookah-BAR-Disposable-Vape-Wholesale-640x1024.jpg 640w, https:\/\/rmvapesale.com\/wp-content\/uploads\/2024\/11\/VOPK-Shisha-Hookah-BAR-Disposable-Vape-Wholesale-188x300.jpg 188w, https:\/\/rmvapesale.com\/wp-content\/uploads\/2024\/11\/VOPK-Shisha-Hookah-BAR-Disposable-Vape-Wholesale-768x1229.jpg 768w, https:\/\/rmvapesale.com\/wp-content\/uploads\/2024\/11\/VOPK-Shisha-Hookah-BAR-Disposable-Vape-Wholesale-600x960.jpg 600w, https:\/\/rmvapesale.com\/wp-content\/uploads\/2024\/11\/VOPK-Shisha-Hookah-BAR-Disposable-Vape-Wholesale.jpg 800w\" sizes=\"auto, (max-width: 640px) 100vw, 640px\" \/><figcaption id=\"caption-attachment-2660\" class=\"wp-caption-text\">VOPK Shisha Hookah BAR Egyszer haszn\u00e1latos Vape Nagykeresked\u00e9s<\/figcaption><\/figure>\n<h3><strong>Mi\u00e9rt v\u00e1lassza az Rmvapesale-t a <\/strong><strong>VOPK Shisha BAR Egyszer haszn\u00e1latos Vape<\/strong><strong>ape Nagykeresked\u00e9s<\/strong><strong>?<\/strong><\/h3>\n<div class=\"flex-shrink-0 flex flex-col relative items-end\">\n<div class=\"pt-0\">\n<div class=\"gizmo-bot-avatar flex h-8 w-8 items-center justify-center overflow-hidden rounded-full\">\n<div class=\"relative p-1 rounded-sm flex items-center justify-center bg-token-main-surface-primary text-token-text-primary h-8 w-8\">\n<p>\u00dcdv\u00f6z\u00f6lj\u00fck a Rmvapesale-ben, az \u00d6n megb\u00edzhat\u00f3 vape \u00fczlet\u00e9ben, ahol pr\u00e9mium eldobhat\u00f3 vape-eket tal\u00e1l. T\u00f6bb mint 5 \u00e9ves szak\u00e9rtelemmel olyan n\u00e9pszer\u0171 eldobhat\u00f3 vape m\u00e1rk\u00e1kat k\u00edn\u00e1lunk, mint az Al Fakher, <a href=\"https:\/\/rmvapesale.com\/hu\/product\/vapme-crystal-7000-puffs-rechargeable-disposable-vape-price\/\">Vapme<\/a>, <a href=\"https:\/\/rmvapesale.com\/hu\/product-category\/bang-vapes\/\">Bang Vape<\/a>, Waspe, <a href=\"https:\/\/rmvapesale.com\/hu\/product\/wga-crystal-pro-max-extra-15k-puffs-disposable-vape-wholesale\/\">WGA<\/a> Vape \u00e9s<a href=\"https:\/\/rmvapesale.com\/hu\/product-category\/randm-fumot-vape\/\"> RandM Vape<\/a>.<\/p>\n<p>K\u00edn\u00e1latunkban olyan n\u00e9pszer\u0171 vape-ek szerepelnek, mint a <a href=\"https:\/\/rmvapesale.com\/hu\/product\/fumot-digital-box-12000-disposable-vape-pink-lemonade-flavor\/\">RandM 12k<\/a> \u00e9s az \u00edzekben gazdag v\u00e1laszt\u00e9k, mint p\u00e9ld\u00e1ul az <a href=\"https:\/\/rmvapesale.com\/hu\/product\/wga-crystal-plus-20000-puff-dual-flavour-disposable-vape\/\">cURL Too many subrequests.<\/a>. Minden term\u00e9ket a min\u0151s\u00e9gre, \u00e9rt\u00e9kre \u00e9s v\u00e1ltozatoss\u00e1gra f\u00f3kusz\u00e1lva v\u00e1lasztunk ki, biztos\u00edtva, hogy megtal\u00e1lja az ig\u00e9nyeinek t\u00f6k\u00e9letesen megfelel\u0151t. Fedezze fel a kiv\u00e9teles szolg\u00e1ltat\u00e1st \u00e9s a sz\u00e9les v\u00e1laszt\u00e9kot a cs\u00facsmin\u0151s\u00e9g\u0171 term\u00e9kek ter\u00e9n az Rmvapesale-n\u00e9l.<\/p>\n<\/div>\n<h3><\/h3>\n<div class=\"relative p-1 rounded-sm flex items-center justify-center bg-token-main-surface-primary text-token-text-primary h-8 w-8\">\n<h3><b>VOPK Shisha BAR 20000 Puffs Vape GYIK<\/b><\/h3>\n<p><strong>1. Hogyan tudom, mikor fogy el az egyszer haszn\u00e1latos vape?<\/strong><br \/>\nAmikor az \u00f6n <strong>VOPK Shisha BAR 20000<\/strong> az egyszer haszn\u00e1latos vape elfogyott az e-liquiddel, \u00e9szreveheted a g\u0151zk\u00e9pz\u0151d\u00e9s cs\u00f6kken\u00e9s\u00e9t vagy gyeng\u00e9bb \u00edzt. A be\u00e9p\u00edtett <strong>intelligens kijelz\u0151<\/strong> a k\u00e9sz\u00fcl\u00e9ken is jelzi az e-liquid h\u00e1tral\u00e9v\u0151 szintj\u00e9t. Ha a kijelz\u0151 azt mutatja, hogy az e-liquid elfogyott, ideje cser\u00e9lni a vapet.<\/p>\n<p><strong>2. Mennyi id\u0151 alatt t\u00f6lt\u0151dik fel egy VOPK Shisha 20000?<\/strong><br \/>\nA t\u00f6lt\u00e9shez <strong>VOPK Shisha 20000<\/strong> \u00e1ltal\u00e1ban k\u00f6r\u00fclbel\u00fcl 1,5 \u00e9s 2 \u00f3ra k\u00f6z\u00f6tt tart egy <strong>Type-C t\u00f6lt\u0151port<\/strong>. Gy\u0151z\u0151dj\u00f6n meg r\u00f3la, hogy megb\u00edzhat\u00f3 t\u00f6lt\u0151t haszn\u00e1l a biztons\u00e1gos \u00e9s hat\u00e9kony t\u00f6lt\u00e9s \u00e9rdek\u00e9ben. Miut\u00e1n teljesen felt\u00f6lt\u00f6tt\u00e9k, az eszk\u00f6z \u00fagy van kialak\u00edtva, hogy hosszabb vaping \u00fcl\u00e9seket t\u00e1mogasson.<\/p>\n<p><strong>3. Mennyit nikotint tartalmaz a VOPK Shisha hookah 20000?<\/strong><br \/>\nA <strong>VOPK Shisha BAR 20000<\/strong> \u00e1ll\u00edthat\u00f3 nikotinszint opci\u00f3kkal \u00e9rkezik, lehet\u0151v\u00e9 t\u00e9ve, hogy v\u00e1lasszon a <strong>0%, 2%, 3% \u00e9s 5% nikotin<\/strong>. Ez a testreszab\u00e1s biztos\u00edtja, hogy teljes kontrollja legyen a nikotinfogyaszt\u00e1s felett, \u00edgy k\u00fcl\u00f6nb\u00f6z\u0151 preferenci\u00e1khoz is alkalmas.<\/p>\n<p><strong>4. Hol v\u00e1s\u00e1rolhat VOPK Shisha hookah 20000 Puff nagykereskedelmi \u00e1ron?<\/strong><br \/>\nMegv\u00e1s\u00e1rolhatja a <strong>VOPK Shisha BAR 20000 Puff<\/strong> nagykereskedelmi \u00e1rakon megb\u00edzhat\u00f3 <strong>nagykereskedelmi vape<\/strong> besz\u00e1ll\u00edt\u00f3kt\u00f3l. A legjobb aj\u00e1nlatok\u00e9rt l\u00e1togasson el a megb\u00edzhat\u00f3 <strong>vape boltokban<\/strong> vagy ellen\u0151rizze <strong>online platformokat<\/strong> amelyek <strong>eldobhat\u00f3 vapek sz\u00e1m\u00e1ra<\/strong> \u00e9s <strong>vape nagykereskedelmi<\/strong> k\u00fcl\u00f6nf\u00e9le<\/p>\n<p><strong>5. Elvihetem-e eldobhat\u00f3 vape-et rep\u00fcl\u0151re?<\/strong><br \/>\nopci\u00f3kat k\u00edn\u00e1lnak. <strong>VOPK Shisha BAR 20000<\/strong> Igen, mag\u00e1val viheti a <strong>k\u00e9zipoggy\u00e1szodban<\/strong>eldobhat\u00f3 vapet rep\u00fcl\u0151g\u00e9pre, de vannak ir\u00e1nyelvek, amelyeket be kell tartani. Az eszk\u00f6zt a<\/p>\n<\/div>\n<\/div>\n<\/div>\n<\/div>\n<h3>A Sz\u00e1ll\u00edt\u00e1sr\u00f3l<\/h3>\n<div class=\"flex-shrink-0 flex flex-col relative items-end\">\n<div>\n<div class=\"pt-0\">\n<div class=\"gizmo-bot-avatar flex h-8 w-8 items-center justify-center overflow-hidden rounded-full\">\n<div><\/div>\n<div class=\"relative p-1 rounded-sm flex items-center justify-center bg-token-main-surface-primary text-token-text-primary h-8 w-8\"><strong>1. Milyen sz\u00e1ll\u00edt\u00e1si m\u00f3dokat haszn\u00e1lnak?<\/strong><\/div>\n<\/div>\n<\/div>\n<\/div>\n<\/div>\n<div class=\"group\/conversation-turn relative flex w-full min-w-0 flex-col agent-turn\">\n<div class=\"flex-col gap-1 md:gap-3\">\n<div class=\"flex max-w-full flex-col flex-grow\">\n<div class=\"min-h-[20px] text-message flex w-full flex-col items-end gap-2 whitespace-normal break-words [.text-message+&amp;]:mt-5 overflow-x-auto\" dir=\"auto\" data-message-author-role=\"assistant\" data-message-id=\"22f8283b-3233-46ff-89a5-c7a41b33abda\">\n<div class=\"flex w-full flex-col gap-1 empty:hidden first:pt-[3px]\">\n<div class=\"markdown prose w-full break-words dark:prose-invert light\">\n<p>Partnerei vagyunk a UPS, DHL, FedEx, DPD \u00e9s m\u00e1s vezet\u0151 fuvaroz\u00f3knak. A legjobb sz\u00e1ll\u00edt\u00e1si m\u00f3dot fogjuk kiv\u00e1lasztani a sz\u00e1ll\u00edt\u00e1si helysz\u00edne alapj\u00e1n, hogy a lehet\u0151 leggyorsabban megkapja a term\u00e9keit.<\/p>\n<\/div>\n<p><strong>2. Mennyi id\u0151 alatt \u00e9rkezik meg?<\/strong><\/p>\n<p>A csomagok \u00e1ltal\u00e1ban 10 munkanapon bel\u00fcl meg\u00e9rkeznek Magyarorsz\u00e1gra. Az eur\u00f3pai orsz\u00e1gokba t\u00f6rt\u00e9n\u0151 sz\u00e1ll\u00edt\u00e1s \u00e1ltal\u00e1ban 12-15 munkanapot vesz ig\u00e9nybe. Folyamatosan t\u00e1j\u00e9koztatjuk a sz\u00e1ll\u00edt\u00e1si st\u00e1tuszr\u00f3l.<\/p>\n<\/div>\n<\/div>\n<\/div>\n<\/div>\n<\/div>\n<p>&nbsp;<\/p>\n<p>Tal\u00e1lja meg a tov\u00e1bbi vape term\u00e9keket, amelyek tetszhetnek \u00d6nnek:<strong><em><a href=\"https:\/\/rmvapesale.com\/hu\/shop-2\/\">V\u00e1s\u00e1roljon most &gt;&gt;&gt;<\/a><\/em><\/strong><\/p>","protected":false},"excerpt":{"rendered":"<p>VOPK Shisha V\u00edzipipa BAR Nagykeresked\u00e9s 20000 Puffs T\u00f6meges V\u00e1s\u00e1rl\u00e1s<br \/>\nVOPK Shisha BAR 20000 Puffs 0% 2% 3% 5% Alacsony Nikotintartalm\u00fa Eldobhat\u00f3 Vape Nagykeresked\u00e9s<br \/>\nShisha V\u00edzipipa VOPK 20000 Puffs T\u00f6meges V\u00e1s\u00e1rl\u00e1s \u00dajrat\u00f6lthet\u0151 Eldobhat\u00f3 Vape<\/p>\n<p><img loading=\"lazy\" decoding=\"async\" class=\"size-full wp-image-2375\" src=\"https:\/\/rmvapesale.com\/wp-content\/uploads\/2024\/10\/image.png\" alt=\"Legjobb Eldobhat\u00f3 Vape\" width=\"229\" height=\"300\" \/><\/p>\n<h3><a href=\"https:\/\/wa.me\/8617776015835\"><span style=\"color: #ff0000\"><strong>WhatsApp: +86 17776015835<\/strong><\/span><\/a><\/h3>\n<p>&nbsp;<\/p>","protected":false},"featured_media":2657,"comment_status":"open","ping_status":"closed","template":"","meta":{"_uag_custom_page_level_css":"","_lmt_disableupdate":"no","_lmt_disable":"","site-sidebar-layout":"default","site-content-layout":"content-boxed-container","ast-site-content-layout":"normal-width-container","site-content-style":"boxed","site-sidebar-style":"unboxed","ast-global-header-display":"","ast-banner-title-visibility":"","ast-main-header-display":"","ast-hfb-above-header-display":"","ast-hfb-below-header-display":"","ast-hfb-mobile-header-display":"","site-post-title":"","ast-breadcrumbs-content":"","ast-featured-img":"","footer-sml-layout":"","theme-transparent-header-meta":"default","adv-header-id-meta":"","stick-header-meta":"","header-above-stick-meta":"","header-main-stick-meta":"","header-below-stick-meta":"","astra-migrate-meta-layouts":"set","ast-page-background-enabled":"default","ast-page-background-meta":{"desktop":{"background-color":"var(--ast-global-color-4)","background-image":"","background-repeat":"repeat","background-position":"center center","background-size":"auto","background-attachment":"scroll","background-type":"","background-media":"","overlay-type":"","overlay-color":"","overlay-opacity":"","overlay-gradient":""},"tablet":{"background-color":"","background-image":"","background-repeat":"repeat","background-position":"center center","background-size":"auto","background-attachment":"scroll","background-type":"","background-media":"","overlay-type":"","overlay-color":"","overlay-opacity":"","overlay-gradient":""},"mobile":{"background-color":"","background-image":"","background-repeat":"repeat","background-position":"center center","background-size":"auto","background-attachment":"scroll","background-type":"","background-media":"","overlay-type":"","overlay-color":"","overlay-opacity":"","overlay-gradient":""}},"ast-content-background-meta":{"desktop":{"background-color":"var(--ast-global-color-5)","background-image":"","background-repeat":"repeat","background-position":"center center","background-size":"auto","background-attachment":"scroll","background-type":"","background-media":"","overlay-type":"","overlay-color":"","overlay-opacity":"","overlay-gradient":""},"tablet":{"background-color":"var(--ast-global-color-5)","background-image":"","background-repeat":"repeat","background-position":"center center","background-size":"auto","background-attachment":"scroll","background-type":"","background-media":"","overlay-type":"","overlay-color":"","overlay-opacity":"","overlay-gradient":""},"mobile":{"background-color":"var(--ast-global-color-5)","background-image":"","background-repeat":"repeat","background-position":"center center","background-size":"auto","background-attachment":"scroll","background-type":"","background-media":"","overlay-type":"","overlay-color":"","overlay-opacity":"","overlay-gradient":""}},"_joinchat":[]},"product_brand":[],"product_cat":[15,25,123,26,28,135,27,137,136,30],"product_tag":[146,188,200,167,165,180,120],"class_list":{"0":"post-2661","1":"product","2":"type-product","3":"status-publish","4":"has-post-thumbnail","6":"product_cat-new-vape-this-week","7":"product_cat-germany-best-selling-vape","8":"product_cat-italy-wholesale-vape","9":"product_cat-netherlands-hot-sale-vape","10":"product_cat-poland-hot-sale-vape","11":"product_cat-spain-best-hot-sale-vape","12":"product_cat-fance-hot-sale-vape","13":"product_cat-rechargeable-vapes","14":"product_cat-smart-screen-vapes","15":"product_cat-minimum-order-quantity-50pcs","16":"product_tag-best-hot-sale-vape","17":"product_tag-buy-vapes-online","18":"product_tag-disposable-hookah-wholesale","19":"product_tag-disposable-vape-with-screen","20":"product_tag-rechargeable-vapes","21":"product_tag-shisha-bar","22":"product_tag-vape-wholesale","23":"desktop-align-left","24":"tablet-align-left","25":"mobile-align-left","27":"first","28":"instock","29":"sale","30":"shipping-taxable","31":"purchasable","32":"product-type-simple"},"uagb_featured_image_src":{"full":["https:\/\/rmvapesale.com\/wp-content\/uploads\/2024\/11\/VOPK-Shisha-Hookah-BAR-20000-Puff-Disposable-Vape.jpg",800,800,false],"thumbnail":["https:\/\/rmvapesale.com\/wp-content\/uploads\/2024\/11\/VOPK-Shisha-Hookah-BAR-20000-Puff-Disposable-Vape-150x150.jpg",150,150,true],"medium":["https:\/\/rmvapesale.com\/wp-content\/uploads\/2024\/11\/VOPK-Shisha-Hookah-BAR-20000-Puff-Disposable-Vape-300x300.jpg",300,300,true],"medium_large":["https:\/\/rmvapesale.com\/wp-content\/uploads\/2024\/11\/VOPK-Shisha-Hookah-BAR-20000-Puff-Disposable-Vape-768x768.jpg",768,768,true],"large":["https:\/\/rmvapesale.com\/wp-content\/uploads\/2024\/11\/VOPK-Shisha-Hookah-BAR-20000-Puff-Disposable-Vape.jpg",800,800,false],"1536x1536":["https:\/\/rmvapesale.com\/wp-content\/uploads\/2024\/11\/VOPK-Shisha-Hookah-BAR-20000-Puff-Disposable-Vape.jpg",800,800,false],"2048x2048":["https:\/\/rmvapesale.com\/wp-content\/uploads\/2024\/11\/VOPK-Shisha-Hookah-BAR-20000-Puff-Disposable-Vape.jpg",800,800,false],"trp-custom-language-flag":["https:\/\/rmvapesale.com\/wp-content\/uploads\/2024\/11\/VOPK-Shisha-Hookah-BAR-20000-Puff-Disposable-Vape.jpg",12,12,false],"woocommerce_thumbnail":["https:\/\/rmvapesale.com\/wp-content\/uploads\/2024\/11\/VOPK-Shisha-Hookah-BAR-20000-Puff-Disposable-Vape-300x300.jpg",300,300,true],"woocommerce_single":["https:\/\/rmvapesale.com\/wp-content\/uploads\/2024\/11\/VOPK-Shisha-Hookah-BAR-20000-Puff-Disposable-Vape-600x600.jpg",600,600,true],"woocommerce_gallery_thumbnail":["https:\/\/rmvapesale.com\/wp-content\/uploads\/2024\/11\/VOPK-Shisha-Hookah-BAR-20000-Puff-Disposable-Vape-100x100.jpg",100,100,true],"wcpr-photo-reviews":["https:\/\/rmvapesale.com\/wp-content\/uploads\/2024\/11\/VOPK-Shisha-Hookah-BAR-20000-Puff-Disposable-Vape.jpg",500,500,false]},"uagb_author_info":{"display_name":"AMY","author_link":"https:\/\/rmvapesale.com\/hu\/author\/"},"uagb_comment_info":0,"uagb_excerpt":"VOPK Shisha Hookah BAR Wholesale 20000 Puffs Bulk Buy VOPK Shisha BAR 20000 Puffs 0% 2% 3% 5% Low Nicotine Disposable Vape Wholesale Shisha Hookah VOPK 20000 Puffs Bulk Buy Rechargeable Disposable Vape WhatsApp: +86 17776015835 &nbsp;","_links":{"self":[{"href":"https:\/\/rmvapesale.com\/hu\/wp-json\/wp\/v2\/product\/2661","targetHints":{"allow":["GET"]}}],"collection":[{"href":"https:\/\/rmvapesale.com\/hu\/wp-json\/wp\/v2\/product"}],"about":[{"href":"https:\/\/rmvapesale.com\/hu\/wp-json\/wp\/v2\/types\/product"}],"replies":[{"embeddable":true,"href":"https:\/\/rmvapesale.com\/hu\/wp-json\/wp\/v2\/comments?post=2661"}],"wp:featuredmedia":[{"embeddable":true,"href":"https:\/\/rmvapesale.com\/hu\/wp-json\/wp\/v2\/media\/2657"}],"wp:attachment":[{"href":"https:\/\/rmvapesale.com\/hu\/wp-json\/wp\/v2\/media?parent=2661"}],"wp:term":[{"taxonomy":"product_brand","embeddable":true,"href":"https:\/\/rmvapesale.com\/hu\/wp-json\/wp\/v2\/product_brand?post=2661"},{"taxonomy":"product_cat","embeddable":true,"href":"https:\/\/rmvapesale.com\/hu\/wp-json\/wp\/v2\/product_cat?post=2661"},{"taxonomy":"product_tag","embeddable":true,"href":"https:\/\/rmvapesale.com\/hu\/wp-json\/wp\/v2\/product_tag?post=2661"}],"curies":[{"name":"wp","href":"https:\/\/api.w.org\/{rel}","templated":true}]}}