{"id":2678,"date":"2024-11-06T09:28:10","date_gmt":"2024-11-06T09:28:10","guid":{"rendered":"https:\/\/rmvapesale.com\/?post_type=product&#038;p=2678"},"modified":"2024-11-06T10:01:09","modified_gmt":"2024-11-06T10:01:09","slug":"vozol-star-20000-puffs-rechargeable-disposable-vape-wholesale-uk","status":"publish","type":"product","link":"https:\/\/rmvapesale.com\/hu\/product\/vozol-star-20000-puffs-rechargeable-disposable-vape-wholesale-uk\/","title":{"rendered":"VOZOL Star 20000 Puffs t\u00f6lthet\u0151 eldobhat\u00f3 vape nagykeresked\u00e9s Magyarorsz\u00e1g"},"content":{"rendered":"<h1>VOZOL Star 20000 Puffs \u00dajrat\u00f6lthet\u0151 Eldobhat\u00f3 Vape Nagykereskedelem Magyarorsz\u00e1gon<\/h1>\n<p><strong>VOZOL Star 20000 Puffs \u00dajrat\u00f6lthet\u0151 Eldobhat\u00f3 Vape<\/strong>, egy pr\u00e9mium vap\u00e1z\u00f3 eszk\u00f6z, amely azok sz\u00e1m\u00e1ra k\u00e9sz\u00fclt, akik min\u0151s\u00e9get, k\u00e9nyelmet \u00e9s st\u00edlust keresnek. T\u00f6k\u00e9letes azoknak a vapereknek, akik hossz\u00fa \u00e9s kiel\u00e9g\u00edt\u0151 szesszi\u00f3kat szeretn\u00e9nek, ez az eldobhat\u00f3 vape toll a legkorszer\u0171bb technol\u00f3gi\u00e1t \u00f6tv\u00f6zi egy eleg\u00e1ns, felhaszn\u00e1l\u00f3bar\u00e1t kialak\u00edt\u00e1ssal.<\/p>\n<p>A <strong>VOZOL Star 20000 Puffs Eldobhat\u00f3 Vape<\/strong> az egyik legn\u00e9pszer\u0171bb eldobhat\u00f3 vape m\u00e1rk\u00e1k k\u00f6z\u00f6tt, amely a k\u00e9nyelem \u00e9s a kiv\u00e1l\u00f3 teljes\u00edtm\u00e9ny \u00f6tv\u00f6z\u00e9s\u00e9vel ny\u00fajt \u00e9lm\u00e9nyt. Ak\u00e1r a <strong>legjobb eldobhat\u00f3 vape 2024-re<\/strong>, egy er\u0151teljes <strong>puff vape<\/strong> opci\u00f3, vagy egy gyorsan t\u00f6lt\u0151d\u0151 eszk\u00f6z ut\u00e1n kutatsz, a VOZOL Star minden fronton teljes\u00edt. El\u00e9rhet\u0151 <strong>vape nagykereskedelmi<\/strong> \u00e9s egy\u00e9ni v\u00e1s\u00e1rl\u00e1sokra is, t\u00f6k\u00e9letes azoknak, akik min\u0151s\u00e9get \u00e9s mennyis\u00e9get szeretn\u00e9nek egy csomagban.<\/p>\n<p>A vaperek sz\u00e1m\u00e1ra Magyarorsz\u00e1gon megtal\u00e1lhatod a <strong>VOZOL Star 20000 Puffs Eldobhat\u00f3 Vape<\/strong> megb\u00edzhat\u00f3 <strong>nagykereskedelmi vape<\/strong> forgalmaz\u00f3kn\u00e1l vagy rendelhetsz megb\u00edzhat\u00f3 <strong>egyszer haszn\u00e1latos vape online<\/strong> platformokr\u00f3l. Mint n\u00e9pszer\u0171 v\u00e1laszt\u00e1s <strong>\u00fajrat\u00f6lthet\u0151 vape-k<\/strong>, a VOZOL biztos\u00edtja, hogy minden szippant\u00e1s \u00e9lvezetes legyen, an\u00e9lk\u00fcl, hogy kompromisszumot k\u00f6tn\u00e9l az \u00edz vagy a teljes\u00edtm\u00e9ny ter\u00e9n.<\/p>\n<p>Fedezze fel a v\u00e9gs\u0151 vapel\u00e9si \u00e9lm\u00e9nyt a <strong>VOZOL Star 20000<\/strong>. Rendelje meg m\u00e9g ma, \u00e9s emelje vapel\u00e9si j\u00e1t\u00e9k\u00e1t a legk\u00e9nyelmesebb \u00e9s leg\u00edzletesebb m\u00f3don!<\/p>\n<p>&nbsp;<\/p>\n<p><strong>L\u00e9pjen kapcsolatba Amy-vel, hogy azonnali v\u00e1laszt \u00e9s nagykereskedelmi \u00e1rat kapjon!<\/strong><\/p>\n<p><img loading=\"lazy\" decoding=\"async\" class=\"size-medium wp-image-1814\" src=\"https:\/\/rmvapesale.com\/wp-content\/uploads\/2024\/04\/whatsapp-amy-229x300.jpg\" alt=\"whatsapp amy\" width=\"229\" height=\"300\" srcset=\"https:\/\/rmvapesale.com\/wp-content\/uploads\/2024\/04\/whatsapp-amy-229x300.jpg 229w, https:\/\/rmvapesale.com\/wp-content\/uploads\/2024\/04\/whatsapp-amy-783x1024.jpg 783w, https:\/\/rmvapesale.com\/wp-content\/uploads\/2024\/04\/whatsapp-amy-768x1005.jpg 768w, https:\/\/rmvapesale.com\/wp-content\/uploads\/2024\/04\/whatsapp-amy-600x785.jpg 600w, https:\/\/rmvapesale.com\/wp-content\/uploads\/2024\/04\/whatsapp-amy.jpg 990w\" sizes=\"auto, (max-width: 229px) 100vw, 229px\" \/><\/p>\n<h2><\/h2>\n<h2><strong>VOZOL Star 20000 Puffs \u00fajrat\u00f6lthet\u0151 vape <\/strong><\/h2>\n<h2><strong>F\u0151bb jellemz\u0151k<\/strong><\/h2>\n<p>M\u00e1rka: Vozol<br \/>\nModell: Star 20000<br \/>\nPuffok sz\u00e1ma: Ak\u00e1r 20000 K\u00f6rnyezetbar\u00e1t m\u00f3d (Teljes\u00edtm\u00e9ny m\u00f3d 15000)<br \/>\nTekercst\u00edpus: Du\u00e1l h\u00e1l\u00f3s tekercs<br \/>\nKijelz\u0151: Sz\u00ednes kijelz\u0151<br \/>\nDesign: Teljesen \u00e1tl\u00e1tsz\u00f3<br \/>\nAkkumul\u00e1tor: 650mAh<br \/>\nFolyad\u00e9k kapacit\u00e1s: 24ML<\/p>\n<p>&nbsp;<\/p>\n<figure id=\"attachment_2677\" aria-describedby=\"caption-attachment-2677\" style=\"width: 550px\" class=\"wp-caption alignnone\"><img loading=\"lazy\" decoding=\"async\" class=\"wp-image-2677 size-full\" src=\"https:\/\/rmvapesale.com\/wp-content\/uploads\/2024\/11\/Vozol-Vista-20000-Vape-Rechargeable-Vape.png\" alt=\"Vozol Vista 20000 Vape \u00fajrat\u00f6lthet\u0151 vape\" width=\"550\" height=\"550\" srcset=\"https:\/\/rmvapesale.com\/wp-content\/uploads\/2024\/11\/Vozol-Vista-20000-Vape-Rechargeable-Vape.png 550w, https:\/\/rmvapesale.com\/wp-content\/uploads\/2024\/11\/Vozol-Vista-20000-Vape-Rechargeable-Vape-300x300.png 300w, https:\/\/rmvapesale.com\/wp-content\/uploads\/2024\/11\/Vozol-Vista-20000-Vape-Rechargeable-Vape-150x150.png 150w, https:\/\/rmvapesale.com\/wp-content\/uploads\/2024\/11\/Vozol-Vista-20000-Vape-Rechargeable-Vape-100x100.png 100w\" sizes=\"auto, (max-width: 550px) 100vw, 550px\" \/><figcaption id=\"caption-attachment-2677\" class=\"wp-caption-text\">Vozol Vista 20000 Vape \u00fajrat\u00f6lthet\u0151 vape<\/figcaption><\/figure>\n<h2><strong>Mi a n\u00e9pszer\u0171 \u00edz a VOZOL <\/strong><strong>Vape <\/strong><strong>Star 20000 puff eset\u00e9ben?<\/strong><\/h2>\n<p>1. G\u00f6r\u00f6gdinnye j\u00e9g<br \/>\n2. Sz\u0151l\u0151 j\u00e9g<br \/>\n3. Mang\u00f3 j\u00e9g<br \/>\n4. Dupla alma j\u00e9g<br \/>\n5. Eper Kiwi<br \/>\n6. M\u00e1lna g\u00f6r\u00f6gdinnye<br \/>\n7.K\u00e9k m\u00e1lna j\u00e9g<br \/>\n8. Eper mang\u00f3<br \/>\n9. \u0150szibarack Mang\u00f3 G\u00f6r\u00f6gdinnye<br \/>\n10.cseresznye K\u00f3la<br \/>\n11.\u00cdzletes S\u00e1rgabarack J\u00e9g<br \/>\n12.Dr\u00e1k\u00f3nia Sz\u00e1rnyas Ban\u00e1n<br \/>\n13.kevert Bogy\u00f3k<br \/>\n14.Citrom Lime<br \/>\n15.tr\u00f3pusi Robban\u00e1s<br \/>\n16.m\u00e1lna Vihar<br \/>\n17.parf\u00fcm Citrom<br \/>\n18.s\u00e1rga Narancs Anan\u00e1sz Licsi<br \/>\n19.Szeretet 77<br \/>\n20. M\u00e1lna Alma G\u00f6r\u00f6gdinnye Anan\u00e1sz<\/p>\n<h3><strong>Mi\u00e9rt v\u00e1lassza az Rmvapesale-t a <\/strong><b>VOZOL Star 20000 Vape <\/b><strong>Nagykeresked\u00e9s<\/strong><strong>?<\/strong><\/h3>\n<div class=\"flex-shrink-0 flex flex-col relative items-end\">\n<div class=\"pt-0\">\n<div class=\"gizmo-bot-avatar flex h-8 w-8 items-center justify-center overflow-hidden rounded-full\">\n<div class=\"relative p-1 rounded-sm flex items-center justify-center bg-token-main-surface-primary text-token-text-primary h-8 w-8\">\n<p>\u00dcdv\u00f6z\u00f6lj\u00fck a Rmvapesale-ben, az \u00d6n megb\u00edzhat\u00f3 vape \u00fczlet\u00e9ben, ahol pr\u00e9mium eldobhat\u00f3 vape-eket tal\u00e1l. T\u00f6bb mint 5 \u00e9ves szak\u00e9rtelemmel olyan n\u00e9pszer\u0171 eldobhat\u00f3 vape m\u00e1rk\u00e1kat k\u00edn\u00e1lunk, mint az Al Fakher, <a href=\"https:\/\/rmvapesale.com\/hu\/product\/vapme-crystal-7000-puffs-rechargeable-disposable-vape-price\/\">Vapme<\/a>, <a href=\"https:\/\/rmvapesale.com\/hu\/product-category\/bang-vapes\/\">Bang Vape<\/a>, Waspe, <a href=\"https:\/\/rmvapesale.com\/hu\/product\/wga-crystal-pro-max-extra-15k-puffs-disposable-vape-wholesale\/\">WGA<\/a> Vape \u00e9s<a href=\"https:\/\/rmvapesale.com\/hu\/product-category\/randm-fumot-vape\/\"> RandM Vape<\/a>.<\/p>\n<p>K\u00edn\u00e1latunkban olyan n\u00e9pszer\u0171 vape-ek szerepelnek, mint a <a href=\"https:\/\/rmvapesale.com\/hu\/product\/fumot-digital-box-12000-disposable-vape-pink-lemonade-flavor\/\">RandM 12k<\/a> \u00e9s az \u00edzekben gazdag v\u00e1laszt\u00e9k, mint p\u00e9ld\u00e1ul az <a href=\"https:\/\/rmvapesale.com\/hu\/product\/wga-crystal-plus-20000-puff-dual-flavour-disposable-vape\/\">cURL Too many subrequests.<\/a>. Minden term\u00e9ket a min\u0151s\u00e9gre, \u00e9rt\u00e9kre \u00e9s v\u00e1ltozatoss\u00e1gra f\u00f3kusz\u00e1lva v\u00e1lasztunk ki, biztos\u00edtva, hogy megtal\u00e1lja az ig\u00e9nyeinek t\u00f6k\u00e9letesen megfelel\u0151t. Fedezze fel a kiv\u00e9teles szolg\u00e1ltat\u00e1st \u00e9s a sz\u00e9les v\u00e1laszt\u00e9kot a cs\u00facsmin\u0151s\u00e9g\u0171 term\u00e9kek ter\u00e9n az Rmvapesale-n\u00e9l.<\/p>\n<\/div>\n<\/div>\n<\/div>\n<\/div>\n<h3><\/h3>\n<h3><b>VOZOL Star 20000 Puffs \u00dajrat\u00f6lthet\u0151 Vape GYIK<\/b><\/h3>\n<p><strong>K: Mi az a VOZOL Star 20 000 Puffs?<\/strong><br \/>\nV: A VOZOL Star 20 000 Puffs egy nagy kapacit\u00e1s\u00fa, \u00fajrat\u00f6lthet\u0151 eldobhat\u00f3 vape eszk\u00f6z, amely leny\u0171g\u00f6z\u0151 20 000+ sz\u00edv\u00e1st k\u00edn\u00e1l. Eleg\u00e1ns kialak\u00edt\u00e1ssal, LED-k\u00e9perny\u0151vel rendelkezik az akkumul\u00e1tor \u00e9s az e-liquid szintj\u00e9nek val\u00f3s idej\u0171 friss\u00edt\u00e9s\u00e9hez, valamint fejlett mesh coil technol\u00f3gi\u00e1val a k\u00f6vetkezetes \u00e9s \u00edzletes g\u0151ztermel\u00e9s \u00e9rdek\u00e9ben.<\/p>\n<p><strong>K: H\u00e1ny sz\u00edv\u00e1st biztos\u00edt a VOZOL Star 20000 puffs?<\/strong><br \/>\nV: A VOZOL Star 20000 t\u00f6bb mint 20 000 sz\u00edv\u00e1st biztos\u00edt, ezzel biztos\u00edtva a hosszan tart\u00f3 haszn\u00e1latot \u00e9s a probl\u00e9mamentes vaping \u00e9lm\u00e9nyt.<\/p>\n<p><strong>K: Rendelkezik a VOZOL Star 20000 \u00fajrat\u00f6lthet\u0151 vape k\u00e9perny\u0151vel?<\/strong><br \/>\nV: Igen, a VOZOL Star 20000 k\u00e9nyelmes LED-k\u00e9perny\u0151vel rendelkezik, amely olyan l\u00e9nyeges inform\u00e1ci\u00f3kat jelen\u00edt meg, mint az akkumul\u00e1tor \u00e9lettartama \u00e9s az e-liquid szintje, \u00edgy mindig t\u00e1j\u00e9kozott maradhat a vaping sor\u00e1n.<\/p>\n<p><strong>K: Mennyi ideig tart a VOZOL Star 20K eldobhat\u00f3 vape teljes felt\u00f6lt\u00e9se?<\/strong><br \/>\nV: A VOZOL Star 20K eldobhat\u00f3 vape gyorst\u00f6lt\u00e9si technol\u00f3gi\u00e1val rendelkezik, \u00e9s mind\u00f6ssze 30 perc alatt teljesen felt\u00f6lthet\u0151, \u00edgy gyorsan visszat\u00e9rhet a vapinghez.<\/p>\n<p><strong>K: Milyen \u00edzek \u00e1llnak rendelkez\u00e9sre a VOZOL vape Star 20000-hez?<\/strong><br \/>\nV: A VOZOL vape Star 20000 sz\u00e1mos izgalmas \u00edzben kaphat\u00f3. B\u00e1r a konkr\u00e9t \u00edzek v\u00e1ltozhatnak, sokf\u00e9le lehet\u0151s\u00e9gre sz\u00e1m\u00edthat, amelyek a k\u00fcl\u00f6nb\u00f6z\u0151 preferenci\u00e1khoz igazodnak.<\/p>\n<p><strong>K: Hol v\u00e1s\u00e1rolhatom meg a VOZOL Star 20000-et?<\/strong><br \/>\nV: A VOZOL Star 20000-et megb\u00edzhat\u00f3 vape \u00fczletekben v\u00e1s\u00e1rolhatja meg, vagy megrendelheti megb\u00edzhat\u00f3 nagykereskedelmi forgalmaz\u00f3kt\u00f3l \u00e9s online vape platformokr\u00f3l. Keressen olyan lehet\u0151s\u00e9geket, amelyek a legjobb aj\u00e1nlatokat k\u00edn\u00e1lj\u00e1k. <strong>vape nagykereskedelmi<\/strong> or <strong>egyszer haszn\u00e1latos vape online<\/strong> a legjobb aj\u00e1nlatok\u00e9rt.<\/p>\n<p>&nbsp;<\/p>","protected":false},"excerpt":{"rendered":"<p>Vozol 20000 Puffs \u00dajrat\u00f6lthet\u0151 Vape LED kijelz\u0151vel<br \/>\nVozol Star 20000 Eldobhat\u00f3 Vape Nagykereskedelem Olcs\u00f3 \u00c1r<br \/>\nVOZOL Star 20000 Puffs Eldobhat\u00f3 Vape 5% Nikotin<\/p>\n<p><img loading=\"lazy\" decoding=\"async\" class=\"size-medium wp-image-1814\" src=\"https:\/\/rmvapesale.com\/wp-content\/uploads\/2024\/04\/whatsapp-amy-229x300.jpg\" alt=\"whatsapp amy\" width=\"229\" height=\"300\" srcset=\"https:\/\/rmvapesale.com\/wp-content\/uploads\/2024\/04\/whatsapp-amy-229x300.jpg 229w, https:\/\/rmvapesale.com\/wp-content\/uploads\/2024\/04\/whatsapp-amy-783x1024.jpg 783w, https:\/\/rmvapesale.com\/wp-content\/uploads\/2024\/04\/whatsapp-amy-768x1005.jpg 768w, https:\/\/rmvapesale.com\/wp-content\/uploads\/2024\/04\/whatsapp-amy-600x785.jpg 600w, https:\/\/rmvapesale.com\/wp-content\/uploads\/2024\/04\/whatsapp-amy.jpg 990w\" sizes=\"auto, (max-width: 229px) 100vw, 229px\" \/><\/p>\n<h3><span style=\"color: #ff0000\"><strong>WhatsApp: +86 17776015835<\/strong><\/span><\/h3>","protected":false},"featured_media":2673,"comment_status":"open","ping_status":"closed","template":"","meta":{"_uag_custom_page_level_css":"","_lmt_disableupdate":"no","_lmt_disable":"","site-sidebar-layout":"default","site-content-layout":"content-boxed-container","ast-site-content-layout":"normal-width-container","site-content-style":"boxed","site-sidebar-style":"unboxed","ast-global-header-display":"","ast-banner-title-visibility":"","ast-main-header-display":"","ast-hfb-above-header-display":"","ast-hfb-below-header-display":"","ast-hfb-mobile-header-display":"","site-post-title":"","ast-breadcrumbs-content":"","ast-featured-img":"","footer-sml-layout":"","theme-transparent-header-meta":"default","adv-header-id-meta":"","stick-header-meta":"","header-above-stick-meta":"","header-main-stick-meta":"","header-below-stick-meta":"","astra-migrate-meta-layouts":"set","ast-page-background-enabled":"default","ast-page-background-meta":{"desktop":{"background-color":"var(--ast-global-color-4)","background-image":"","background-repeat":"repeat","background-position":"center center","background-size":"auto","background-attachment":"scroll","background-type":"","background-media":"","overlay-type":"","overlay-color":"","overlay-opacity":"","overlay-gradient":""},"tablet":{"background-color":"","background-image":"","background-repeat":"repeat","background-position":"center center","background-size":"auto","background-attachment":"scroll","background-type":"","background-media":"","overlay-type":"","overlay-color":"","overlay-opacity":"","overlay-gradient":""},"mobile":{"background-color":"","background-image":"","background-repeat":"repeat","background-position":"center center","background-size":"auto","background-attachment":"scroll","background-type":"","background-media":"","overlay-type":"","overlay-color":"","overlay-opacity":"","overlay-gradient":""}},"ast-content-background-meta":{"desktop":{"background-color":"var(--ast-global-color-5)","background-image":"","background-repeat":"repeat","background-position":"center center","background-size":"auto","background-attachment":"scroll","background-type":"","background-media":"","overlay-type":"","overlay-color":"","overlay-opacity":"","overlay-gradient":""},"tablet":{"background-color":"var(--ast-global-color-5)","background-image":"","background-repeat":"repeat","background-position":"center center","background-size":"auto","background-attachment":"scroll","background-type":"","background-media":"","overlay-type":"","overlay-color":"","overlay-opacity":"","overlay-gradient":""},"mobile":{"background-color":"var(--ast-global-color-5)","background-image":"","background-repeat":"repeat","background-position":"center center","background-size":"auto","background-attachment":"scroll","background-type":"","background-media":"","overlay-type":"","overlay-color":"","overlay-opacity":"","overlay-gradient":""}},"_joinchat":[]},"product_brand":[],"product_cat":[25,123,26,28,135,27,137,136,15,30],"product_tag":[40,54,154,203,204,37],"class_list":{"0":"post-2678","1":"product","2":"type-product","3":"status-publish","4":"has-post-thumbnail","6":"product_cat-germany-best-selling-vape","7":"product_cat-italy-wholesale-vape","8":"product_cat-netherlands-hot-sale-vape","9":"product_cat-poland-hot-sale-vape","10":"product_cat-spain-best-hot-sale-vape","11":"product_cat-fance-hot-sale-vape","12":"product_cat-rechargeable-vapes","13":"product_cat-smart-screen-vapes","14":"product_cat-new-vape-this-week","15":"product_cat-minimum-order-quantity-50pcs","16":"product_tag-hot-sale-vape","17":"product_tag-rechargeable-disposable-vape","18":"product_tag-smart-vape","19":"product_tag-vozol-star-20000-puffs","20":"product_tag-vozol-vape-uk","21":"product_tag-wholesale-vape-price","22":"desktop-align-left","23":"tablet-align-left","24":"mobile-align-left","26":"first","27":"instock","28":"sale","29":"shipping-taxable","30":"purchasable","31":"product-type-simple"},"uagb_featured_image_src":{"full":["https:\/\/rmvapesale.com\/wp-content\/uploads\/2024\/11\/VOZOL-Star-20000-Puffs-Disposable-Vape-Wholesale.png",550,550,false],"thumbnail":["https:\/\/rmvapesale.com\/wp-content\/uploads\/2024\/11\/VOZOL-Star-20000-Puffs-Disposable-Vape-Wholesale-150x150.png",150,150,true],"medium":["https:\/\/rmvapesale.com\/wp-content\/uploads\/2024\/11\/VOZOL-Star-20000-Puffs-Disposable-Vape-Wholesale-300x300.png",300,300,true],"medium_large":["https:\/\/rmvapesale.com\/wp-content\/uploads\/2024\/11\/VOZOL-Star-20000-Puffs-Disposable-Vape-Wholesale.png",550,550,false],"large":["https:\/\/rmvapesale.com\/wp-content\/uploads\/2024\/11\/VOZOL-Star-20000-Puffs-Disposable-Vape-Wholesale.png",550,550,false],"1536x1536":["https:\/\/rmvapesale.com\/wp-content\/uploads\/2024\/11\/VOZOL-Star-20000-Puffs-Disposable-Vape-Wholesale.png",550,550,false],"2048x2048":["https:\/\/rmvapesale.com\/wp-content\/uploads\/2024\/11\/VOZOL-Star-20000-Puffs-Disposable-Vape-Wholesale.png",550,550,false],"trp-custom-language-flag":["https:\/\/rmvapesale.com\/wp-content\/uploads\/2024\/11\/VOZOL-Star-20000-Puffs-Disposable-Vape-Wholesale.png",12,12,false],"woocommerce_thumbnail":["https:\/\/rmvapesale.com\/wp-content\/uploads\/2024\/11\/VOZOL-Star-20000-Puffs-Disposable-Vape-Wholesale-300x300.png",300,300,true],"woocommerce_single":["https:\/\/rmvapesale.com\/wp-content\/uploads\/2024\/11\/VOZOL-Star-20000-Puffs-Disposable-Vape-Wholesale.png",550,550,false],"woocommerce_gallery_thumbnail":["https:\/\/rmvapesale.com\/wp-content\/uploads\/2024\/11\/VOZOL-Star-20000-Puffs-Disposable-Vape-Wholesale-100x100.png",100,100,true],"wcpr-photo-reviews":["https:\/\/rmvapesale.com\/wp-content\/uploads\/2024\/11\/VOZOL-Star-20000-Puffs-Disposable-Vape-Wholesale.png",500,500,false]},"uagb_author_info":{"display_name":"AMY","author_link":"https:\/\/rmvapesale.com\/hu\/author\/"},"uagb_comment_info":0,"uagb_excerpt":"Vozol 20000 Puffs Rechargeable Vape LED Display Vozol Star 20000 Disposable Vape Wholesale Cheap Price VOZOL Star 20000 Puffs Disposable Vape 5% Nicotine WhatsApp: +86 17776015835","_links":{"self":[{"href":"https:\/\/rmvapesale.com\/hu\/wp-json\/wp\/v2\/product\/2678","targetHints":{"allow":["GET"]}}],"collection":[{"href":"https:\/\/rmvapesale.com\/hu\/wp-json\/wp\/v2\/product"}],"about":[{"href":"https:\/\/rmvapesale.com\/hu\/wp-json\/wp\/v2\/types\/product"}],"replies":[{"embeddable":true,"href":"https:\/\/rmvapesale.com\/hu\/wp-json\/wp\/v2\/comments?post=2678"}],"wp:featuredmedia":[{"embeddable":true,"href":"https:\/\/rmvapesale.com\/hu\/wp-json\/wp\/v2\/media\/2673"}],"wp:attachment":[{"href":"https:\/\/rmvapesale.com\/hu\/wp-json\/wp\/v2\/media?parent=2678"}],"wp:term":[{"taxonomy":"product_brand","embeddable":true,"href":"https:\/\/rmvapesale.com\/hu\/wp-json\/wp\/v2\/product_brand?post=2678"},{"taxonomy":"product_cat","embeddable":true,"href":"https:\/\/rmvapesale.com\/hu\/wp-json\/wp\/v2\/product_cat?post=2678"},{"taxonomy":"product_tag","embeddable":true,"href":"https:\/\/rmvapesale.com\/hu\/wp-json\/wp\/v2\/product_tag?post=2678"}],"curies":[{"name":"wp","href":"https:\/\/api.w.org\/{rel}","templated":true}]}}