{"id":2680,"date":"2024-11-06T09:47:09","date_gmt":"2024-11-06T09:47:09","guid":{"rendered":"https:\/\/rmvapesale.com\/?post_type=product&#038;p=2680"},"modified":"2024-11-07T08:24:43","modified_gmt":"2024-11-07T08:24:43","slug":"vopk-ultra-30000-puffs-double-flavor-digital-screen-rechargeable-disposable-vapes","status":"publish","type":"product","link":"https:\/\/rmvapesale.com\/hu\/product\/vopk-ultra-30000-puffs-double-flavor-digital-screen-rechargeable-disposable-vapes\/","title":{"rendered":"VOPK ULTRA 30000 Puffs dupla \u00edz\u0171 digit\u00e1lis kijelz\u0151s \u00fajrat\u00f6lthet\u0151 eldobhat\u00f3 vape"},"content":{"rendered":"<div class=\"B2VR9 CJHX3e\">\n<div class=\"wyccme\">\n<h1 class=\"LC20lb MBeuO DKV0Md\">VOPK ULTRA 30000 Puffs dupla \u00edz\u0171 digit\u00e1lis kijelz\u0151s \u00fajrat\u00f6lthet\u0151 eldobhat\u00f3 vape<\/h1>\n<div class=\"flex-shrink-0 flex flex-col relative items-end\">\n<div class=\"pt-0\">\n<div class=\"gizmo-bot-avatar flex h-8 w-8 items-center justify-center overflow-hidden rounded-full\">\n<div class=\"relative p-1 rounded-sm flex items-center justify-center bg-token-main-surface-primary text-token-text-primary h-8 w-8\">\n<p>A <strong>VOPK ULTRA 30000 Puffs dupla \u00edz\u0171 digit\u00e1lis kijelz\u0151s \u00fajrat\u00f6lthet\u0151 eldobhat\u00f3 vape<\/strong> egy pr\u00e9mium vaporiz\u00e1l\u00f3 eszk\u00f6z, amely kifejezetten azok sz\u00e1m\u00e1ra k\u00e9sz\u00fclt, akik magas teljes\u00edtm\u00e9nyt \u00e9s hossz\u00fa t\u00e1v\u00fa haszn\u00e1latot keresnek. Egy hatalmas <strong>30 000 sz\u00edv\u00e1s<\/strong> \u00e9s egy jelent\u0151s <strong>36 ml-es e-liquid kapacit\u00e1s<\/strong>, ez az eszk\u00f6z sima \u00e9s tart\u00f3s vaporiz\u00e1l\u00e1si \u00e9lm\u00e9nyt biztos\u00edt. T\u00f6k\u00e9letes mind a rajong\u00f3k, mind a kezd\u0151 felhaszn\u00e1l\u00f3k sz\u00e1m\u00e1ra, ez <strong>egyszer haszn\u00e1latos vape toll<\/strong> az optim\u00e1lis k\u00e9nyelem \u00e9s st\u00edlus biztos\u00edt\u00e1s\u00e1ra lett tervezve.<\/p>\n<p>Felszerelve egy <strong>dupla h\u00e1l\u00f3s tekercs<\/strong> az er\u0151teljes \u00edz\u00e1tad\u00e1s \u00e9rdek\u00e9ben, a <strong>VOPK Ultra 30000<\/strong> vastag, kiel\u00e9g\u00edt\u0151 felh\u0151ket termel, amelyek fokozz\u00e1k minden sz\u00edv\u00e1st. Az integr\u00e1lt <strong>\u00e9rint\u0151k\u00e9perny\u0151s okos kijelz\u0151<\/strong> egyszer\u0171 hozz\u00e1f\u00e9r\u00e9st biztos\u00edt a felhaszn\u00e1l\u00f3knak az alapvet\u0151 eszk\u00f6zinform\u00e1ci\u00f3khoz, lehet\u0151v\u00e9 t\u00e9ve gyors be\u00e1ll\u00edt\u00e1sokat a k\u00e9t el\u00e9rhet\u0151 vaporiz\u00e1l\u00e1si m\u00f3d k\u00f6z\u00f6tt, hogy teljesen szem\u00e9lyre szabott \u00e9lm\u00e9nyt ny\u00fajtson.<\/p>\n<p>A t\u00f6lt\u00e9s gyors \u00e9s hat\u00e9kony a <strong>Type-C \u00fajrat\u00f6lthet\u0151<\/strong> kialak\u00edt\u00e1s\u00e1nak k\u00f6sz\u00f6nhet\u0151en, \u00e9s a <strong>5% nikotin<\/strong> tartalommal minden sz\u00edv\u00e1s sima \u00e9s kiel\u00e9g\u00edt\u0151 \u00e9lm\u00e9nyt ny\u00fajt, amit a vaperek \u00e9lveznek. Ez az eszk\u00f6z kiv\u00e1l\u00f3 v\u00e1laszt\u00e1s azok sz\u00e1m\u00e1ra is, akik szeretn\u00e9nek <strong>t\u00f6meges v\u00e1s\u00e1rl\u00e1sra<\/strong> k\u00eds\u00e9rletezni vagy felfedezni <strong>vape nagykereskedelmi<\/strong> opci\u00f3kat, kiel\u00e9g\u00edtve b\u00e1rkit, aki a min\u0151s\u00e9get \u00e9s az el\u00e9rhet\u0151s\u00e9get \u00e9rt\u00e9keli vaporiz\u00e1l\u00f3 eszk\u00f6zeiben.<\/p>\n<p>Ak\u00e1r \u00e9rdekl\u0151dsz <strong>n\u00e9pszer\u0171 eldobhat\u00f3 vape m\u00e1rk\u00e1k k\u00f6z\u00f6tt<\/strong> vagy egy megb\u00edzhat\u00f3 <strong>alacsony nikotintartalm\u00fa eldobhat\u00f3 vape<\/strong> lehet\u0151s\u00e9g ir\u00e1nt, a <strong>VOPK Ultra 30000<\/strong> egy er\u0151teljes kombin\u00e1ci\u00f3t k\u00edn\u00e1l kapacit\u00e1sb\u00f3l, \u00edzb\u0151l \u00e9s k\u00e9nyelemb\u0151l, \u00edgy a legjobb v\u00e1laszt\u00e1s a vaperek k\u00f6r\u00e9ben.<\/p>\n<p>&nbsp;<\/p>\n<\/div>\n<\/div>\n<\/div>\n<\/div>\n<\/div>\n<\/div>\n<p><strong>L\u00e9pjen kapcsolatba Amyvel, hogy megkapja a helyes v\u00e1laszt \u00e9s a vape kupont!<\/strong><\/p>\n<p><img loading=\"lazy\" decoding=\"async\" class=\"size-full wp-image-1978\" src=\"https:\/\/rmvapesale.com\/wp-content\/uploads\/2024\/09\/Disposable-Vape-Wholesale.jpg\" alt=\"Eldobhat\u00f3 Vape Nagykereskedelem\" width=\"229\" height=\"300\" \/><\/p>\n<h3><a href=\"https:\/\/wa.me\/8617776015835\" target=\"_blank\" rel=\"noopener\"><span style=\"color: #ff0000\"><strong>WhatsApp: +86 17776015835<\/strong><\/span><\/a><\/h3>\n<p>&nbsp;<\/p>\n<h2><\/h2>\n<h2><strong>VOPK ULTRA 30000 Digit\u00e1lis Kijelz\u0151 \u00dajrat\u00f6lthet\u0151 Egyszer haszn\u00e1latos Vape-ek <\/strong><strong>F\u0151bb jellemz\u0151k<\/strong><\/h2>\n<p>M\u00e1rka: Vopk<br \/>\nModell neve: Vopk Ultra 30000<br \/>\n30 000 sz\u00edv\u00e1s hosszabb haszn\u00e1latra<br \/>\n36ML E-folyad\u00e9k kapacit\u00e1s kevesebb \u00fajrat\u00f6lt\u00e9shez \u00e9s hosszabb \u00e9lvezethez<br \/>\nDupla h\u00e1l\u00f3s tekercs intenz\u00edv \u00edz\u00e9rt \u00e9s s\u0171r\u0171 f\u00fcst\u00e9rt<br \/>\nOkos kijelz\u0151 \u00e9rint\u0151k\u00e9perny\u0151vel az egyszer\u0171 hozz\u00e1f\u00e9r\u00e9s\u00e9rt az eszk\u00f6z be\u00e1ll\u00edt\u00e1saihoz<br \/>\nK\u00e9t m\u00f3d a vapel\u00e9si \u00e9lm\u00e9ny testreszab\u00e1s\u00e1hoz<br \/>\nType-C \u00fajrat\u00f6lthet\u0151 gyors \u00e9s hat\u00e9kony t\u00f6lt\u00e9shez<br \/>\n5% nikotin minden sz\u00edv\u00e1sn\u00e1l kiel\u00e9g\u00edt\u0151 hat\u00e1s\u00e9rt<\/p>\n<p>&nbsp;<\/p>\n<h2><strong>Legjobb \u00edzek a VOPK ULTRA 30000 Digit\u00e1lis Kijelz\u0151 \u00dajrat\u00f6lthet\u0151 Egyszer haszn\u00e1latos Vape-ekhez<\/strong><\/h2>\n<p>1. Eperdinnye + Kivi Passi\u00f3gy\u00fcm\u00f6lcs Guava <span style=\"color: #ff0000\"><strong>&gt;&gt;&gt;&gt; Forr\u00f3!<\/strong><\/span><br \/>\n2. \u00c1fonya M\u00e1lna + Barack Mang\u00f3 Dinnye<br \/>\n3. K\u00e9k Razz Gummy Bear + Eper Kivi <span style=\"color: #ff0000\"><strong>&gt;&gt;&gt;&gt; Forr\u00f3!<\/strong><\/span><br \/>\n4. K\u00e9k Razz Cseresznye + Eper M\u00e1lna<br \/>\n5. Sz\u00e9nsavas Citrom &amp; Lime + Dinnye Friss Menta<br \/>\n6. Dinnye j\u00e9g + K\u00e9k Razz j\u00e9g <span style=\"color: #ff0000\"><strong>&gt;&gt;&gt;&gt; A legjobb!<\/strong><\/span><br \/>\n7. K\u00e9k Razz Anan\u00e1sz + H\u00e1rom Mang\u00f3<br \/>\n8. Sz\u0151l\u0151 Bogy\u00f3 Robban\u00e1s + k\u00f6rte Alma M\u00e1lna<br \/>\n9. Eper \u00c1fonya Cseresznye + Anan\u00e1sz Szenved\u00e9ly Lime<br \/>\n10. \u00c1fonya Eper Mentol + \u00c1fonya M\u00e1lna Mentol<\/p>\n<p>&nbsp;<\/p>\n<figure id=\"attachment_2687\" aria-describedby=\"caption-attachment-2687\" style=\"width: 1000px\" class=\"wp-caption alignnone\"><img loading=\"lazy\" decoding=\"async\" class=\"wp-image-2687 size-full\" src=\"https:\/\/rmvapesale.com\/wp-content\/uploads\/2024\/11\/VOPK-ULTRA-30000-Puffs-Digital-ScreenRechargeable-Disposable-Vapes.jpg\" alt=\"VOPK ULTRA 30000 Puff Digit\u00e1lis K\u00e9perny\u0151 \u00dajrat\u00f6lthet\u0151 Egyszer haszn\u00e1latos Vape-ek\" width=\"1000\" height=\"1000\" srcset=\"https:\/\/rmvapesale.com\/wp-content\/uploads\/2024\/11\/VOPK-ULTRA-30000-Puffs-Digital-ScreenRechargeable-Disposable-Vapes.jpg 1000w, https:\/\/rmvapesale.com\/wp-content\/uploads\/2024\/11\/VOPK-ULTRA-30000-Puffs-Digital-ScreenRechargeable-Disposable-Vapes-300x300.jpg 300w, https:\/\/rmvapesale.com\/wp-content\/uploads\/2024\/11\/VOPK-ULTRA-30000-Puffs-Digital-ScreenRechargeable-Disposable-Vapes-150x150.jpg 150w, https:\/\/rmvapesale.com\/wp-content\/uploads\/2024\/11\/VOPK-ULTRA-30000-Puffs-Digital-ScreenRechargeable-Disposable-Vapes-768x768.jpg 768w, https:\/\/rmvapesale.com\/wp-content\/uploads\/2024\/11\/VOPK-ULTRA-30000-Puffs-Digital-ScreenRechargeable-Disposable-Vapes-600x600.jpg 600w, https:\/\/rmvapesale.com\/wp-content\/uploads\/2024\/11\/VOPK-ULTRA-30000-Puffs-Digital-ScreenRechargeable-Disposable-Vapes-100x100.jpg 100w\" sizes=\"auto, (max-width: 1000px) 100vw, 1000px\" \/><figcaption id=\"caption-attachment-2687\" class=\"wp-caption-text\">VOPK ULTRA 30000 Puff Digit\u00e1lis K\u00e9perny\u0151 \u00dajrat\u00f6lthet\u0151 Egyszer haszn\u00e1latos Vape-ek<\/figcaption><\/figure>\n<h3><strong>Mi\u00e9rt v\u00e1lassza az Rmvapesale-t a VOPK-hoz <\/strong><strong>cURL Too many subrequests.<\/strong><strong>ape Nagykeresked\u00e9s<\/strong><strong>?<\/strong><\/h3>\n<div class=\"flex-shrink-0 flex flex-col relative items-end\">\n<div class=\"pt-0\">\n<div class=\"gizmo-bot-avatar flex h-8 w-8 items-center justify-center overflow-hidden rounded-full\">\n<div class=\"relative p-1 rounded-sm flex items-center justify-center bg-token-main-surface-primary text-token-text-primary h-8 w-8\">\n<p>\u00dcdv\u00f6z\u00f6lj\u00fck a Rmvapesale-ben, az \u00d6n megb\u00edzhat\u00f3 vape \u00fczlet\u00e9ben, ahol pr\u00e9mium eldobhat\u00f3 vape-eket tal\u00e1l. T\u00f6bb mint 5 \u00e9ves szak\u00e9rtelemmel olyan n\u00e9pszer\u0171 eldobhat\u00f3 vape m\u00e1rk\u00e1kat k\u00edn\u00e1lunk, mint az Al Fakher, <a href=\"https:\/\/rmvapesale.com\/hu\/product\/vapme-crystal-7000-puffs-rechargeable-disposable-vape-price\/\">Vapme<\/a>, <a href=\"https:\/\/rmvapesale.com\/hu\/product-category\/bang-vapes\/\">Bang Vape<\/a>, Waspe, <a href=\"https:\/\/rmvapesale.com\/hu\/product\/wga-crystal-pro-max-extra-15k-puffs-disposable-vape-wholesale\/\">WGA<\/a> Vape \u00e9s<a href=\"https:\/\/rmvapesale.com\/hu\/product-category\/randm-fumot-vape\/\"> RandM Vape<\/a>.<\/p>\n<p>K\u00edn\u00e1latunkban olyan n\u00e9pszer\u0171 vape-ek szerepelnek, mint a <a href=\"https:\/\/rmvapesale.com\/hu\/product\/fumot-digital-box-12000-disposable-vape-pink-lemonade-flavor\/\">RandM 12k<\/a> \u00e9s az \u00edzekben gazdag v\u00e1laszt\u00e9k, mint p\u00e9ld\u00e1ul az <a href=\"https:\/\/rmvapesale.com\/hu\/product\/elfbar-combo-25000-puffs-rechargeable-disposable-vape-wholesale\/\">ELFBAR Combo 25000 slukk<\/a>. Minden term\u00e9ket a min\u0151s\u00e9gre, \u00e9rt\u00e9kre \u00e9s v\u00e1ltozatoss\u00e1gra f\u00f3kusz\u00e1lva v\u00e1lasztunk ki, biztos\u00edtva, hogy megtal\u00e1lja az ig\u00e9nyeinek t\u00f6k\u00e9letesen megfelel\u0151t. Fedezze fel a kiv\u00e9teles szolg\u00e1ltat\u00e1st \u00e9s a sz\u00e9les v\u00e1laszt\u00e9kot a cs\u00facsmin\u0151s\u00e9g\u0171 term\u00e9kek ter\u00e9n az Rmvapesale-n\u00e9l.<\/p>\n<\/div>\n<h3><\/h3>\n<div class=\"relative p-1 rounded-sm flex items-center justify-center bg-token-main-surface-primary text-token-text-primary h-8 w-8\">\n<h3><b>VOPK 30000 Digit\u00e1lis K\u00e9perny\u0151 \u00dajrat\u00f6lthet\u0151 Egyszer haszn\u00e1latos Vape-ek GYIK<\/b><\/h3>\n<\/div>\n<p><strong>K: Hogyan tudom meg\u00e1llap\u00edtani, mikor fogyott el a VOPK ULTRA 30000 Digit\u00e1lis K\u00e9perny\u0151 \u00dajrat\u00f6lthet\u0151 Egyszer haszn\u00e1latos Vape-m?<\/strong><br \/>\nA VOPK ULTRA 30000 egy okos digit\u00e1lis k\u00e9perny\u0151t tartalmaz, amely megmutatja az e-liquid szintj\u00e9t, \u00edgy k\u00f6nnyen l\u00e1that\u00f3, mikor fogy el a k\u00e9sz\u00fcl\u00e9k. Amikor az e-liquid kijelz\u0151je k\u00f6zel \u00fcresnek mutatkozik, vagy \u00e9szreveszi a g\u0151z \u00e9s az \u00edz min\u0151s\u00e9g\u00e9nek cs\u00f6kken\u00e9s\u00e9t, ideje cser\u00e9lni a k\u00e9sz\u00fcl\u00e9ket.<\/p>\n<p><strong>K\u00e9rd\u00e9s: Mennyi id\u0151 alatt lehet felt\u00f6lteni egy VOPK ULTRA 30000 Puffs Vape-et?<\/strong><br \/>\nA VOPK ULTRA 30000 t\u00edpus\u00fa gyors t\u00f6lt\u00e9st t\u00e1mogat Type-C csatlakoz\u00f3val, ami k\u00f6r\u00fclbel\u00fcl 1-1,5 \u00f3ra alatt teljesen felt\u00f6lthet\u0151.<\/p>\n<p><strong>K\u00e9rd\u00e9s: Mennyire magas a nikotintartalom a VOPK ULTRA 30000 Puffs egyszer haszn\u00e1latos vape-ben?<\/strong><br \/>\nEz a vape 5% (50mg) nikotintartalommal rendelkezik, amely sima \u00e9s kiel\u00e9g\u00edt\u0151 \u00e9lm\u00e9nyt ny\u00fajt minden sz\u00edv\u00e1sn\u00e1l.<\/p>\n<p><strong>K\u00e9rd\u00e9s: Hol v\u00e1s\u00e1rolhatok VOPK ULTRA 30000 Puffs \u00fajrat\u00f6lthet\u0151 egyszer haszn\u00e1latos vape-eket nagykereskedelmi \u00e1ron?<\/strong><br \/>\nT\u00f6meges v\u00e1s\u00e1rl\u00e1sok \u00e9s nagykereskedelmi \u00e1rak eset\u00e9n sok vape besz\u00e1ll\u00edt\u00f3 k\u00edn\u00e1lja a VOPK ULTRA 30000-et. \u00c9rdemes online nagykereskedelmi vape boltokat vagy kapcsolatba l\u00e9pni <strong>vape nagykereskedelmi forgalmaz\u00f3kkal<\/strong> a legjobb \u00e1rak\u00e9rt.<\/p>\n<p><strong>Felvihetek egy \u00fajrat\u00f6lthet\u0151 eldobhat\u00f3 vape-et a rep\u00fcl\u0151re?<\/strong><br \/>\nIgen, mag\u00e1nrep\u00fcl\u0151g\u00e9pen is sz\u00e1ll\u00edthat\u00f3k \u00fajrat\u00f6lthet\u0151 egyszer haszn\u00e1latos vape-ek, mint p\u00e9ld\u00e1ul a VOPK ULTRA 30000, de csak k\u00e9zipoggy\u00e1szban, mivel a l\u00edtium-ion akkumul\u00e1torokat \u00e1ltal\u00e1ban nem enged\u00e9lyezik a feladott poggy\u00e1szban. Ellen\u0151rizze az adott l\u00e9git\u00e1rsas\u00e1g szab\u00e1lyzat\u00e1t, mivel azok v\u00e1ltozhatnak.<\/p>\n<p><strong>K\u00e9rd\u00e9s: Mennyit sz\u00edvhat a VOPK 30000 digit\u00e1lis kijelz\u0151s \u00fajrat\u00f6lthet\u0151 egyszer haszn\u00e1latos vape?<\/strong><br \/>\nA VOPK 30000 hossz\u00fa \u00e9lettartamot k\u00edn\u00e1l, ak\u00e1r <strong>30 000 sz\u00edv\u00e1s<\/strong>.<\/p>\n<p><strong>K\u00e9rd\u00e9s: Mennyi id\u0151 alatt lehet teljesen felt\u00f6lteni a VOPK 30000 vape-et?<\/strong><br \/>\nA Type-C t\u00f6lt\u00e9ssel a VOPK 30000 \u00e1ltal\u00e1ban <strong>1-1,5 \u00f3ra alatt teljesen felt\u00f6lthet\u0151<\/strong>.<\/p>\n<\/div>\n<\/div>\n<\/div>\n<h3>A Sz\u00e1ll\u00edt\u00e1sr\u00f3l<\/h3>\n<div class=\"flex-shrink-0 flex flex-col relative items-end\">\n<div>\n<div class=\"pt-0\">\n<div class=\"gizmo-bot-avatar flex h-8 w-8 items-center justify-center overflow-hidden rounded-full\">\n<div><\/div>\n<div class=\"relative p-1 rounded-sm flex items-center justify-center bg-token-main-surface-primary text-token-text-primary h-8 w-8\"><strong>1. Milyen sz\u00e1ll\u00edt\u00e1si m\u00f3dokat haszn\u00e1lnak?<\/strong><\/div>\n<\/div>\n<\/div>\n<\/div>\n<\/div>\n<div class=\"group\/conversation-turn relative flex w-full min-w-0 flex-col agent-turn\">\n<div class=\"flex-col gap-1 md:gap-3\">\n<div class=\"flex max-w-full flex-col flex-grow\">\n<div class=\"min-h-[20px] text-message flex w-full flex-col items-end gap-2 whitespace-normal break-words [.text-message+&amp;]:mt-5 overflow-x-auto\" dir=\"auto\" data-message-author-role=\"assistant\" data-message-id=\"22f8283b-3233-46ff-89a5-c7a41b33abda\">\n<div class=\"flex w-full flex-col gap-1 empty:hidden first:pt-[3px]\">\n<div class=\"markdown prose w-full break-words dark:prose-invert light\">\n<p>Partnerei vagyunk a UPS, DHL, FedEx, DPD \u00e9s m\u00e1s vezet\u0151 fuvaroz\u00f3knak. A legjobb sz\u00e1ll\u00edt\u00e1si m\u00f3dot fogjuk kiv\u00e1lasztani a sz\u00e1ll\u00edt\u00e1si helysz\u00edne alapj\u00e1n, hogy a lehet\u0151 leggyorsabban megkapja a term\u00e9keit.<\/p>\n<\/div>\n<p><strong>2. Mennyi id\u0151 alatt \u00e9rkezik meg?<\/strong><\/p>\n<p>A csomagok \u00e1ltal\u00e1ban 10 munkanapon bel\u00fcl meg\u00e9rkeznek Magyarorsz\u00e1gra. Az eur\u00f3pai orsz\u00e1gokba t\u00f6rt\u00e9n\u0151 sz\u00e1ll\u00edt\u00e1s \u00e1ltal\u00e1ban 12-15 munkanapot vesz ig\u00e9nybe. Folyamatosan t\u00e1j\u00e9koztatjuk a sz\u00e1ll\u00edt\u00e1si st\u00e1tuszr\u00f3l.<\/p>\n<\/div>\n<\/div>\n<\/div>\n<\/div>\n<\/div>\n<p>&nbsp;<\/p>\n<p>Tal\u00e1lja meg a tov\u00e1bbi vape term\u00e9keket, amelyek tetszhetnek \u00d6nnek:<strong><em><a href=\"https:\/\/rmvapesale.com\/hu\/shop-2\/\">V\u00e1s\u00e1roljon most &gt;&gt;&gt;<\/a><\/em><\/strong><\/p>","protected":false},"excerpt":{"rendered":"<p>VOPK ULTRA 30000 Puffs K\u00e9tsz\u00edn\u0171 \u00cdz Digit\u00e1lis K\u00e9perny\u0151 Alacsony Nikotintartalm\u00fa Egyszer haszn\u00e1latos Vape-k<br \/>\nVOPK 30000 Puffs Nagy t\u00e9tel V\u00e1s\u00e1rl\u00e1s Nagykereskedelmi \u00dajrat\u00f6lthet\u0151 Egyszer haszn\u00e1latos Vape-k Pod<br \/>\nVOPK ULTRA 30000 Puffs K\u00e9tsz\u00edn\u0171 \u00cdz Egyszer haszn\u00e1latos Vape Toll<\/p>\n<p><img loading=\"lazy\" decoding=\"async\" class=\"size-full wp-image-2375\" src=\"https:\/\/rmvapesale.com\/wp-content\/uploads\/2024\/10\/image.png\" alt=\"Legjobb Eldobhat\u00f3 Vape\" width=\"229\" height=\"300\" \/><\/p>\n<h3><a href=\"https:\/\/wa.me\/8617776015835\"><span style=\"color: #ff0000\"><strong>WhatsApp: +86 17776015835<\/strong><\/span><\/a><\/h3>\n<p>&nbsp;<\/p>","protected":false},"featured_media":2682,"comment_status":"open","ping_status":"closed","template":"","meta":{"_uag_custom_page_level_css":"","_lmt_disableupdate":"no","_lmt_disable":"","site-sidebar-layout":"default","site-content-layout":"content-boxed-container","ast-site-content-layout":"normal-width-container","site-content-style":"boxed","site-sidebar-style":"unboxed","ast-global-header-display":"","ast-banner-title-visibility":"","ast-main-header-display":"","ast-hfb-above-header-display":"","ast-hfb-below-header-display":"","ast-hfb-mobile-header-display":"","site-post-title":"","ast-breadcrumbs-content":"","ast-featured-img":"","footer-sml-layout":"","theme-transparent-header-meta":"default","adv-header-id-meta":"","stick-header-meta":"","header-above-stick-meta":"","header-main-stick-meta":"","header-below-stick-meta":"","astra-migrate-meta-layouts":"set","ast-page-background-enabled":"default","ast-page-background-meta":{"desktop":{"background-color":"var(--ast-global-color-4)","background-image":"","background-repeat":"repeat","background-position":"center center","background-size":"auto","background-attachment":"scroll","background-type":"","background-media":"","overlay-type":"","overlay-color":"","overlay-opacity":"","overlay-gradient":""},"tablet":{"background-color":"","background-image":"","background-repeat":"repeat","background-position":"center center","background-size":"auto","background-attachment":"scroll","background-type":"","background-media":"","overlay-type":"","overlay-color":"","overlay-opacity":"","overlay-gradient":""},"mobile":{"background-color":"","background-image":"","background-repeat":"repeat","background-position":"center center","background-size":"auto","background-attachment":"scroll","background-type":"","background-media":"","overlay-type":"","overlay-color":"","overlay-opacity":"","overlay-gradient":""}},"ast-content-background-meta":{"desktop":{"background-color":"var(--ast-global-color-5)","background-image":"","background-repeat":"repeat","background-position":"center center","background-size":"auto","background-attachment":"scroll","background-type":"","background-media":"","overlay-type":"","overlay-color":"","overlay-opacity":"","overlay-gradient":""},"tablet":{"background-color":"var(--ast-global-color-5)","background-image":"","background-repeat":"repeat","background-position":"center center","background-size":"auto","background-attachment":"scroll","background-type":"","background-media":"","overlay-type":"","overlay-color":"","overlay-opacity":"","overlay-gradient":""},"mobile":{"background-color":"var(--ast-global-color-5)","background-image":"","background-repeat":"repeat","background-position":"center center","background-size":"auto","background-attachment":"scroll","background-type":"","background-media":"","overlay-type":"","overlay-color":"","overlay-opacity":"","overlay-gradient":""}},"_joinchat":[]},"product_brand":[],"product_cat":[15,25,123,26,28,135,27,137,136,30],"product_tag":[146,188,200,167,127,180,120],"class_list":{"0":"post-2680","1":"product","2":"type-product","3":"status-publish","4":"has-post-thumbnail","6":"product_cat-new-vape-this-week","7":"product_cat-germany-best-selling-vape","8":"product_cat-italy-wholesale-vape","9":"product_cat-netherlands-hot-sale-vape","10":"product_cat-poland-hot-sale-vape","11":"product_cat-spain-best-hot-sale-vape","12":"product_cat-fance-hot-sale-vape","13":"product_cat-rechargeable-vapes","14":"product_cat-smart-screen-vapes","15":"product_cat-minimum-order-quantity-50pcs","16":"product_tag-best-hot-sale-vape","17":"product_tag-buy-vapes-online","18":"product_tag-disposable-hookah-wholesale","19":"product_tag-disposable-vape-with-screen","20":"product_tag-puff-30k","21":"product_tag-shisha-bar","22":"product_tag-vape-wholesale","23":"desktop-align-left","24":"tablet-align-left","25":"mobile-align-left","27":"first","28":"instock","29":"sale","30":"shipping-taxable","31":"purchasable","32":"product-type-simple"},"uagb_featured_image_src":{"full":["https:\/\/rmvapesale.com\/wp-content\/uploads\/2024\/11\/VOPK-ULTRA-30000-Double-Flavor-Digital-Disposable-Vapes-Pen-Wholesale.jpg",800,800,false],"thumbnail":["https:\/\/rmvapesale.com\/wp-content\/uploads\/2024\/11\/VOPK-ULTRA-30000-Double-Flavor-Digital-Disposable-Vapes-Pen-Wholesale-150x150.jpg",150,150,true],"medium":["https:\/\/rmvapesale.com\/wp-content\/uploads\/2024\/11\/VOPK-ULTRA-30000-Double-Flavor-Digital-Disposable-Vapes-Pen-Wholesale-300x300.jpg",300,300,true],"medium_large":["https:\/\/rmvapesale.com\/wp-content\/uploads\/2024\/11\/VOPK-ULTRA-30000-Double-Flavor-Digital-Disposable-Vapes-Pen-Wholesale-768x768.jpg",768,768,true],"large":["https:\/\/rmvapesale.com\/wp-content\/uploads\/2024\/11\/VOPK-ULTRA-30000-Double-Flavor-Digital-Disposable-Vapes-Pen-Wholesale.jpg",800,800,false],"1536x1536":["https:\/\/rmvapesale.com\/wp-content\/uploads\/2024\/11\/VOPK-ULTRA-30000-Double-Flavor-Digital-Disposable-Vapes-Pen-Wholesale.jpg",800,800,false],"2048x2048":["https:\/\/rmvapesale.com\/wp-content\/uploads\/2024\/11\/VOPK-ULTRA-30000-Double-Flavor-Digital-Disposable-Vapes-Pen-Wholesale.jpg",800,800,false],"trp-custom-language-flag":["https:\/\/rmvapesale.com\/wp-content\/uploads\/2024\/11\/VOPK-ULTRA-30000-Double-Flavor-Digital-Disposable-Vapes-Pen-Wholesale.jpg",12,12,false],"woocommerce_thumbnail":["https:\/\/rmvapesale.com\/wp-content\/uploads\/2024\/11\/VOPK-ULTRA-30000-Double-Flavor-Digital-Disposable-Vapes-Pen-Wholesale-300x300.jpg",300,300,true],"woocommerce_single":["https:\/\/rmvapesale.com\/wp-content\/uploads\/2024\/11\/VOPK-ULTRA-30000-Double-Flavor-Digital-Disposable-Vapes-Pen-Wholesale-600x600.jpg",600,600,true],"woocommerce_gallery_thumbnail":["https:\/\/rmvapesale.com\/wp-content\/uploads\/2024\/11\/VOPK-ULTRA-30000-Double-Flavor-Digital-Disposable-Vapes-Pen-Wholesale-100x100.jpg",100,100,true],"wcpr-photo-reviews":["https:\/\/rmvapesale.com\/wp-content\/uploads\/2024\/11\/VOPK-ULTRA-30000-Double-Flavor-Digital-Disposable-Vapes-Pen-Wholesale.jpg",500,500,false]},"uagb_author_info":{"display_name":"AMY","author_link":"https:\/\/rmvapesale.com\/hu\/author\/"},"uagb_comment_info":0,"uagb_excerpt":"VOPK ULTRA 30000 Puffs Double Flavor Digital Screen Low Nicotine Disposable Vapes VOPK 30000 Puffs Bulk Buy Wholesale Rechargeable Disposable Vapes Pod VOPK ULTRA 30000 Puffs Double Flavor Disposable Vapes Pen WhatsApp: +86 17776015835 &nbsp;","_links":{"self":[{"href":"https:\/\/rmvapesale.com\/hu\/wp-json\/wp\/v2\/product\/2680","targetHints":{"allow":["GET"]}}],"collection":[{"href":"https:\/\/rmvapesale.com\/hu\/wp-json\/wp\/v2\/product"}],"about":[{"href":"https:\/\/rmvapesale.com\/hu\/wp-json\/wp\/v2\/types\/product"}],"replies":[{"embeddable":true,"href":"https:\/\/rmvapesale.com\/hu\/wp-json\/wp\/v2\/comments?post=2680"}],"wp:featuredmedia":[{"embeddable":true,"href":"https:\/\/rmvapesale.com\/hu\/wp-json\/wp\/v2\/media\/2682"}],"wp:attachment":[{"href":"https:\/\/rmvapesale.com\/hu\/wp-json\/wp\/v2\/media?parent=2680"}],"wp:term":[{"taxonomy":"product_brand","embeddable":true,"href":"https:\/\/rmvapesale.com\/hu\/wp-json\/wp\/v2\/product_brand?post=2680"},{"taxonomy":"product_cat","embeddable":true,"href":"https:\/\/rmvapesale.com\/hu\/wp-json\/wp\/v2\/product_cat?post=2680"},{"taxonomy":"product_tag","embeddable":true,"href":"https:\/\/rmvapesale.com\/hu\/wp-json\/wp\/v2\/product_tag?post=2680"}],"curies":[{"name":"wp","href":"https:\/\/api.w.org\/{rel}","templated":true}]}}