{"id":2695,"date":"2024-11-07T09:50:56","date_gmt":"2024-11-07T09:50:56","guid":{"rendered":"https:\/\/rmvapesale.com\/?post_type=product&#038;p=2695"},"modified":"2024-11-08T03:15:20","modified_gmt":"2024-11-08T03:15:20","slug":"jnr-mediamax-40000-smart-vape-phone-call-rechargeable-disposable-wholesale","status":"publish","type":"product","link":"https:\/\/rmvapesale.com\/hu\/product\/jnr-mediamax-40000-smart-vape-phone-call-rechargeable-disposable-wholesale\/","title":{"rendered":"JNR MediaMax 40000 Okos Vape Telefonh\u00edv\u00e1s \u00dajrat\u00f6lthet\u0151 Eldobhat\u00f3 Nagykereskedelem"},"content":{"rendered":"<div class=\"B2VR9 CJHX3e\">\n<div class=\"wyccme\">\n<h1 class=\"LC20lb MBeuO DKV0Md\">JNR MediaMax 40000 Okos Vape Telefonh\u00edv\u00e1s \u00dajrat\u00f6lthet\u0151 Eldobhat\u00f3 Nagykereskedelem<\/h1>\n<div class=\"flex-shrink-0 flex flex-col relative items-end\">\n<div class=\"pt-0\">\n<div class=\"gizmo-bot-avatar flex h-8 w-8 items-center justify-center overflow-hidden rounded-full\">\n<div class=\"relative p-1 rounded-sm flex items-center justify-center bg-token-main-surface-primary text-token-text-primary h-8 w-8\">\n<p>A JNR MediaMax 40000 Okos Vape forradalmas\u00edtja a vapel\u00e9st egy egyed\u00fcl\u00e1ll\u00f3 kever\u00e9k\u00e9vel a legkorszer\u0171bb technol\u00f3gi\u00e1nak \u00e9s a magas teljes\u00edtm\u00e9ny\u0171 funkci\u00f3knak. Ismert, mint a vil\u00e1g els\u0151 <strong>40 000 pufos egyszer haszn\u00e1latos vape<\/strong> okos telefonh\u00edv\u00e1s funkci\u00f3val felszerelve, ez az eszk\u00f6z leny\u0171g\u00f6z\u0151 <strong>21 ml el\u0151re t\u00f6lt\u00f6tt e-juice<\/strong> \u00e9s egy <strong>1000mAh \u00fajrat\u00f6lthet\u0151 akkumul\u00e1tor<\/strong> hogy hosszabb ideig vapeljen minim\u00e1lis \u00fajrat\u00f6lt\u00e9sekkel.<\/p>\n<p>K\u00e9t vapel\u00e9si m\u00f3d van\u2014<strong>Norm\u00e1l m\u00f3d<\/strong> ak\u00e1r 40 000 pufig \u00e9s <strong>Pulz\u00e1l\u00f3 \u00fczemm\u00f3d<\/strong> ak\u00e1r 20 000 pufig\u2014a JNR MediaMax 40000 <strong>puff vape<\/strong> kiv\u00e9teles sokoldal\u00fas\u00e1got \u00e9s kontrollt k\u00edn\u00e1l. A <strong>2,4 h\u00fcvelykes HD \u00e9rint\u0151k\u00e9perny\u0151<\/strong> k\u00f6nny\u0171 haszn\u00e1latot biztos\u00edt, lehet\u0151v\u00e9 t\u00e9ve az akkumul\u00e1tor \u00e9lettartam\u00e1nak, az e-juice szinteknek \u00e9s az eszk\u00f6z be\u00e1ll\u00edt\u00e1sainak val\u00f3s idej\u0171 nyomon k\u00f6vet\u00e9s\u00e9t.<\/p>\n<p>A smart vapel\u00e9st tov\u00e1bb l\u00e9pve, ez a vape tartalmaz <strong>h\u00edv\u00e1s \u00e9s \u00fczenet \u00e9rtes\u00edt\u00e9seket<\/strong>, t\u00e1voli kameravez\u00e9rl\u00e9st, egy <strong>find-your-phone funkci\u00f3<\/strong>\u00e9s egy <strong>lez\u00e1r\u00e1si m\u00f3dot<\/strong> az adatv\u00e9delem \u00e9s biztons\u00e1g \u00e9rdek\u00e9ben. Tervezve a <strong>MTL (Sz\u00e1jb\u00f3l T\u00fcd\u0151be) vapel\u00e9shez<\/strong>, ez az eszk\u00f6z is kiel\u00e9g\u00edt\u0151 l\u00f6v\u00e9st ad <strong>5% (50mg) nikotinszint<\/strong>.<\/p>\n<p>St\u00edlusos kialak\u00edt\u00e1s\u00e1val, k\u00e9nyelm\u00e9vel \u00e9s <strong>okostelefon funkci\u00f3kkal<\/strong>, a JNR MediaMax 40K magasra teszi a m\u00e9rc\u00e9t <strong>eldobhat\u00f3 vapek sz\u00e1m\u00e1ra<\/strong>. Ide\u00e1lis azok sz\u00e1m\u00e1ra, akik az innovat\u00edv technol\u00f3gi\u00e1t a hagyom\u00e1nyos vape \u00e9lm\u00e9nnyel szeretn\u00e9k \u00f6tv\u00f6zni, a JNR MediaMax 40000 el\u00e9rhet\u0151 <strong>t\u00f6meges v\u00e1s\u00e1rl\u00e1sra<\/strong> \u00e9s <strong>nagykereskedelmi<\/strong> rendel\u00e9sekhez, hogy minden ig\u00e9ny\u00e9t kiel\u00e9g\u00edtse. Fedezze fel a <strong>okos vape<\/strong> JNR MediaMax ma, \u00e9s alak\u00edtsa \u00e1t vape \u00e9lm\u00e9ny\u00e9t.<\/p>\n<p>&nbsp;<\/p>\n<\/div>\n<\/div>\n<\/div>\n<\/div>\n<\/div>\n<\/div>\n<p><strong>L\u00e9pjen kapcsolatba Amyvel, hogy megkapja a helyes v\u00e1laszt \u00e9s a vape kupont!<\/strong><\/p>\n<p><img loading=\"lazy\" decoding=\"async\" class=\"size-full wp-image-1978\" src=\"https:\/\/rmvapesale.com\/wp-content\/uploads\/2024\/09\/Disposable-Vape-Wholesale.jpg\" alt=\"Eldobhat\u00f3 Vape Nagykereskedelem\" width=\"229\" height=\"300\" \/><\/p>\n<h3><a href=\"https:\/\/wa.me\/8617776015835\" target=\"_blank\" rel=\"noopener\"><span style=\"color: #ff0000\"><strong>WhatsApp: +86 17776015835<\/strong><\/span><\/a><\/h3>\n<p>&nbsp;<\/p>\n<h2><\/h2>\n<h2><strong>JNR MediaMax 40000 Okos \u00dajrat\u00f6lthet\u0151 Eldobhat\u00f3 Vape-ek <\/strong><strong>F\u0151bb jellemz\u0151k<\/strong><\/h2>\n<p>M\u00e1rka: JNR Vape<br \/>\nA vil\u00e1g els\u0151 40K eldobhat\u00f3 k\u00e9szlet okostelefon funkci\u00f3kkal<br \/>\nOlaj: 21ml el\u0151re t\u00f6lt\u00f6tt E-juice<br \/>\nNikotinszint: 5% (50mg) nikotinszint<br \/>\nAkkumul\u00e1tor: 1000mAh \u00fajrat\u00f6lthet\u0151 akkumul\u00e1tor<br \/>\nRendszeres\/Pulzmus m\u00f3d: 40000 sz\u00edv\u00e1s a Rendszeres m\u00f3dhoz\/20000 sz\u00edv\u00e1s a Pulzmus m\u00f3dhoz<br \/>\n2,4 h\u00fcvelykes HD \u00e9rint\u0151k\u00e9perny\u0151<br \/>\nH\u00edv\u00e1s \u00e9s Sz\u00f6veg funkci\u00f3k: H\u00edv\u00e1s \u00e9s \u00dczenet \u00e9rtes\u00edt\u00e9sek<br \/>\nT\u00e1voli Kamera: T\u00e1voli Kamera vez\u00e9rl\u00e9s<br \/>\nTelefon keres\u00e9se funkci\u00f3<br \/>\nZ\u00e1rol\u00e1si m\u00f3d<br \/>\nMTL Vaping<\/p>\n<p>&nbsp;<\/p>\n<h2><strong>Legjobb \u00edz a JNR MediaMax 40000 okostelefon eldobhat\u00f3 vapekhez<\/strong><\/h2>\n<p>1. K\u00e9k Razz j\u00e9g <span style=\"color: #ff0000\"><strong>&gt;&gt;&gt;&gt; Forr\u00f3!<\/strong><\/span><br \/>\n2. Eper j\u00e9g<br \/>\n3. G\u00f6r\u00f6gdinnye J\u00e9g<br \/>\n4.Miami menta<br \/>\n5. Savany\u00fa Alma J\u00e9g<br \/>\n6. \u00c1fonya G\u00f6r\u00f6gdinnye <span style=\"color: #ff0000\"><strong>&gt;&gt;&gt;&gt; Forr\u00f3!<\/strong><\/span><br \/>\n7. Kibaszottul Kir\u00e1ly<br \/>\n8. Cseresznye eper m\u00e1lna <span style=\"color: #ff0000\"><strong>&gt;&gt;&gt;&gt; A legjobb!<\/strong><\/span><br \/>\n9. \u0150szibarack Mang\u00f3 G\u00f6r\u00f6gdinnye<br \/>\n10. Eper Ban\u00e1n<\/p>\n<figure id=\"attachment_2689\" aria-describedby=\"caption-attachment-2689\" style=\"width: 800px\" class=\"wp-caption alignnone\"><img loading=\"lazy\" decoding=\"async\" class=\"wp-image-2689 size-full\" src=\"https:\/\/rmvapesale.com\/wp-content\/uploads\/2024\/11\/JNR-Mediamax-40000-Best-Vape-2024.jpg\" alt=\"JNR Mediamax 40000 A Legjobb Vape 2024\" width=\"800\" height=\"800\" srcset=\"https:\/\/rmvapesale.com\/wp-content\/uploads\/2024\/11\/JNR-Mediamax-40000-Best-Vape-2024.jpg 800w, https:\/\/rmvapesale.com\/wp-content\/uploads\/2024\/11\/JNR-Mediamax-40000-Best-Vape-2024-300x300.jpg 300w, https:\/\/rmvapesale.com\/wp-content\/uploads\/2024\/11\/JNR-Mediamax-40000-Best-Vape-2024-150x150.jpg 150w, https:\/\/rmvapesale.com\/wp-content\/uploads\/2024\/11\/JNR-Mediamax-40000-Best-Vape-2024-768x768.jpg 768w, https:\/\/rmvapesale.com\/wp-content\/uploads\/2024\/11\/JNR-Mediamax-40000-Best-Vape-2024-600x600.jpg 600w, https:\/\/rmvapesale.com\/wp-content\/uploads\/2024\/11\/JNR-Mediamax-40000-Best-Vape-2024-100x100.jpg 100w\" sizes=\"auto, (max-width: 800px) 100vw, 800px\" \/><figcaption id=\"caption-attachment-2689\" class=\"wp-caption-text\">JNR Mediamax 40000 A Legjobb Vape 2024<\/figcaption><\/figure>\n<h3><strong>Mi\u00e9rt v\u00e1laszd az Rmvapesale-t a JNR MediaMax 40000 Smart-hoz<\/strong><strong>\u00a0V<\/strong><strong>ape Nagykeresked\u00e9s<\/strong><strong>?<\/strong><\/h3>\n<div class=\"flex-shrink-0 flex flex-col relative items-end\">\n<div class=\"pt-0\">\n<div class=\"gizmo-bot-avatar flex h-8 w-8 items-center justify-center overflow-hidden rounded-full\">\n<div class=\"relative p-1 rounded-sm flex items-center justify-center bg-token-main-surface-primary text-token-text-primary h-8 w-8\">\n<p>\u00dcdv\u00f6z\u00f6lj\u00fck a Rmvapesale-ben, az \u00d6n megb\u00edzhat\u00f3 vape \u00fczlet\u00e9ben, ahol pr\u00e9mium eldobhat\u00f3 vape-eket tal\u00e1l. T\u00f6bb mint 5 \u00e9ves szak\u00e9rtelemmel olyan n\u00e9pszer\u0171 eldobhat\u00f3 vape m\u00e1rk\u00e1kat k\u00edn\u00e1lunk, mint az Al Fakher, <a href=\"https:\/\/rmvapesale.com\/hu\/product\/vapme-crystal-7000-puffs-rechargeable-disposable-vape-price\/\">Vapme<\/a>, <a href=\"https:\/\/rmvapesale.com\/hu\/product-category\/bang-vapes\/\">Bang Vape<\/a>, Waspe, <a href=\"https:\/\/rmvapesale.com\/hu\/product\/wga-crystal-pro-max-extra-15k-puffs-disposable-vape-wholesale\/\">WGA<\/a> Vape \u00e9s<a href=\"https:\/\/rmvapesale.com\/hu\/product-category\/randm-fumot-vape\/\"> RandM Vape<\/a>.<\/p>\n<p>K\u00edn\u00e1latunkban olyan n\u00e9pszer\u0171 vape-ek szerepelnek, mint a <a href=\"https:\/\/rmvapesale.com\/hu\/product\/fumot-digital-box-12000-disposable-vape-pink-lemonade-flavor\/\">RandM 12k<\/a> \u00e9s az \u00edzekben gazdag v\u00e1laszt\u00e9k, mint p\u00e9ld\u00e1ul az <a href=\"https:\/\/rmvapesale.com\/hu\/product\/elfbar-combo-25000-puffs-rechargeable-disposable-vape-wholesale\/\">ELFBAR Combo 25000 slukk<\/a>. Minden term\u00e9ket a min\u0151s\u00e9gre, \u00e9rt\u00e9kre \u00e9s v\u00e1ltozatoss\u00e1gra f\u00f3kusz\u00e1lva v\u00e1lasztunk ki, biztos\u00edtva, hogy megtal\u00e1lja az ig\u00e9nyeinek t\u00f6k\u00e9letesen megfelel\u0151t. Fedezze fel a kiv\u00e9teles szolg\u00e1ltat\u00e1st \u00e9s a sz\u00e9les v\u00e1laszt\u00e9kot a cs\u00facsmin\u0151s\u00e9g\u0171 term\u00e9kek ter\u00e9n az Rmvapesale-n\u00e9l.<\/p>\n<\/div>\n<h3><\/h3>\n<div class=\"relative p-1 rounded-sm flex items-center justify-center bg-token-main-surface-primary text-token-text-primary h-8 w-8\">\n<h3><b>JNR MediaMax 40000 Digit\u00e1lis Kijelz\u0151s \u00dajrat\u00f6lthet\u0151 Eldobhat\u00f3 Vape GYIK<\/b><\/h3>\n<p>&nbsp;<\/p>\n<\/div>\n<div class=\"flex max-w-full flex-col flex-grow\">\n<div class=\"min-h-8 text-message flex w-full flex-col items-end gap-2 whitespace-normal break-words [.text-message+&amp;]:mt-5\" dir=\"auto\" data-message-author-role=\"assistant\" data-message-id=\"97cb2f27-e2e6-4ecb-a3cc-49b64fba0d8b\" data-message-model-slug=\"gpt-4o\">\n<div class=\"flex w-full flex-col gap-1 empty:hidden first:pt-[3px]\">\n<div class=\"markdown prose w-full break-words dark:prose-invert light\">\n<ol>\n<li><strong>Honnan tudom, hogy a JNR MediaMax 40000 Smart Vape-em \u00fcres?<\/strong><br \/>\nA <strong>2,4 h\u00fcvelykes HD \u00e9rint\u0151k\u00e9perny\u0151<\/strong> a JNR MediaMax 40000 Smart Vape-eden megjelenik az e-liquid szintje, \u00edgy k\u00f6nnyen nyomon k\u00f6vetheted, mikor van kev\u00e9s vagy \u00fcres.<\/li>\n<li><strong>Mennyi ideig tart felt\u00f6lteni egy JNR MediaMax 40000 Smart \u00dajrat\u00f6lthet\u0151 Vape-et?<\/strong><br \/>\nA JNR MediaMax 40000 jellemz\u0151i <strong>gyors Type-C t\u00f6lt\u00e9st<\/strong> \u00e9s k\u00f6r\u00fclbel\u00fcl ennyi id\u0151 alatt \u00e9ri el a teljes t\u00f6lt\u00f6tts\u00e9get <strong>egy \u00f3ra<\/strong>.<\/li>\n<li><strong>Mennyi nikotin van egy JNR MediaMax 40000 Smart Eldobhat\u00f3 Vape-ben?<\/strong><br \/>\nEz az eszk\u00f6z a k\u00f6vetkez\u0151vel lett tervezve: <strong>5% (50mg) nikotinszint<\/strong> hogy kiel\u00e9g\u00edt\u0151 vaping \u00e9lm\u00e9nyt ny\u00fajtson.<\/li>\n<li><strong>Hol v\u00e1s\u00e1rolhatok JNR 40000 Puffs Vape-ket nagykereskedelmi \u00e1ron?<\/strong><br \/>\nA JNR MediaMax 40000 el\u00e9rhet\u0151 <strong>nagykereskedelmi \u00e9s t\u00f6meges rendel\u00e9sek<\/strong> enged\u00e9lyezett vape besz\u00e1ll\u00edt\u00f3kon \u00e9s online vape nagykeresked\u00e9seken kereszt\u00fcl.<\/li>\n<li><strong>Felvihetek egy \u00fajrat\u00f6lthet\u0151 eldobhat\u00f3 vape-et a rep\u00fcl\u0151re?<\/strong><br \/>\nIgen, felvihet egy \u00fajrat\u00f6lthet\u0151 eldobhat\u00f3 vape-et, mint p\u00e9ld\u00e1ul a JNR MediaMax 40000-et a k\u00e9zipoggy\u00e1sz\u00e1ban, de fontos, hogy ellen\u0151rizze a l\u00e9git\u00e1rsas\u00e1g \u00e9s a helyi szab\u00e1lyoz\u00e1sokat a konkr\u00e9t korl\u00e1toz\u00e1sok tekintet\u00e9ben. \u00dcgyeljen arra, hogy a rep\u00fcl\u00e9s sor\u00e1n kikapcsolva tartsa.<\/li>\n<li><strong>H\u00e1ny slukk\u00f6t biztos\u00edt a JNR MediaMax 40000 Smart Vape?<\/strong><br \/>\nA JNR MediaMax k\u00edn\u00e1l <strong>ak\u00e1r 40 000 slukkot<\/strong> Norm\u00e1l m\u00f3dban, \u00e9s <strong>20 000 slukkot Pulse m\u00f3dban<\/strong> a sokoldal\u00fa \u00e9s hosszan tart\u00f3 \u00e9lm\u00e9ny\u00e9rt.<\/li>\n<li><strong>Mennyi ideig tart a JNR MediaMax 40000 vape teljes felt\u00f6lt\u00e9se?<\/strong><br \/>\nA <strong>1000mAh \u00fajrat\u00f6lthet\u0151 akkumul\u00e1tor<\/strong> k\u00f6r\u00fclbel\u00fcl ennyi id\u0151 alatt \u00e9ri el a teljes t\u00f6lt\u00f6tts\u00e9get <strong>egy \u00f3ra<\/strong> hat\u00e9kony Type-C t\u00f6lt\u00e9si technol\u00f3gi\u00e1j\u00e1val.<\/li>\n<\/ol>\n<\/div>\n<\/div>\n<\/div>\n<\/div>\n<div class=\"mb-2 flex gap-3 empty:hidden -ml-2\"><\/div>\n<p>&nbsp;<\/p>\n<\/div>\n<\/div>\n<\/div>\n<h3>A Sz\u00e1ll\u00edt\u00e1sr\u00f3l<\/h3>\n<div class=\"flex-shrink-0 flex flex-col relative items-end\">\n<div>\n<div class=\"pt-0\">\n<div class=\"gizmo-bot-avatar flex h-8 w-8 items-center justify-center overflow-hidden rounded-full\">\n<div><\/div>\n<div class=\"relative p-1 rounded-sm flex items-center justify-center bg-token-main-surface-primary text-token-text-primary h-8 w-8\"><strong>1. Milyen sz\u00e1ll\u00edt\u00e1si m\u00f3dokat haszn\u00e1lnak?<\/strong><\/div>\n<\/div>\n<\/div>\n<\/div>\n<\/div>\n<div class=\"group\/conversation-turn relative flex w-full min-w-0 flex-col agent-turn\">\n<div class=\"flex-col gap-1 md:gap-3\">\n<div class=\"flex max-w-full flex-col flex-grow\">\n<div class=\"min-h-[20px] text-message flex w-full flex-col items-end gap-2 whitespace-normal break-words [.text-message+&amp;]:mt-5 overflow-x-auto\" dir=\"auto\" data-message-author-role=\"assistant\" data-message-id=\"22f8283b-3233-46ff-89a5-c7a41b33abda\">\n<div class=\"flex w-full flex-col gap-1 empty:hidden first:pt-[3px]\">\n<div class=\"markdown prose w-full break-words dark:prose-invert light\">\n<p>Partnerei vagyunk a UPS, DHL, FedEx, DPD \u00e9s m\u00e1s vezet\u0151 fuvaroz\u00f3knak. A legjobb sz\u00e1ll\u00edt\u00e1si m\u00f3dot fogjuk kiv\u00e1lasztani a sz\u00e1ll\u00edt\u00e1si helysz\u00edne alapj\u00e1n, hogy a lehet\u0151 leggyorsabban megkapja a term\u00e9keit.<\/p>\n<\/div>\n<p><strong>2. Mennyi id\u0151 alatt \u00e9rkezik meg?<\/strong><\/p>\n<p>A csomagok \u00e1ltal\u00e1ban 10 munkanapon bel\u00fcl meg\u00e9rkeznek Magyarorsz\u00e1gra. Az eur\u00f3pai orsz\u00e1gokba t\u00f6rt\u00e9n\u0151 sz\u00e1ll\u00edt\u00e1s \u00e1ltal\u00e1ban 12-15 munkanapot vesz ig\u00e9nybe. Folyamatosan t\u00e1j\u00e9koztatjuk a sz\u00e1ll\u00edt\u00e1si st\u00e1tuszr\u00f3l.<\/p>\n<\/div>\n<\/div>\n<\/div>\n<\/div>\n<\/div>\n<p>&nbsp;<\/p>\n<p>Tal\u00e1lja meg a tov\u00e1bbi vape term\u00e9keket, amelyek tetszhetnek \u00d6nnek:<strong><em><a href=\"https:\/\/rmvapesale.com\/hu\/shop-2\/\">V\u00e1s\u00e1roljon most &gt;&gt;&gt;<\/a><\/em><\/strong><\/p>","protected":false},"excerpt":{"rendered":"<p>JNR Mediamax 40000 A legjobb egyszer haszn\u00e1latos vape 2024<br \/>\nJNR 40000 \u00dajrat\u00f6lthet\u0151 Egyszer haszn\u00e1latos Vape Nagykereskedelmi \u00c1r<br \/>\nNagykeresked\u00e9s JNR Mediamax 40000 Pufok Telefonh\u00edv\u00e1s Okos Vape<\/p>\n<p><img loading=\"lazy\" decoding=\"async\" class=\"size-full wp-image-2375\" src=\"https:\/\/rmvapesale.com\/wp-content\/uploads\/2024\/10\/image.png\" alt=\"Legjobb Eldobhat\u00f3 Vape\" width=\"229\" height=\"300\" \/><\/p>\n<h3><a href=\"https:\/\/wa.me\/8617776015835\"><span style=\"color: #ff0000\"><strong>WhatsApp: +86 17776015835<\/strong><\/span><\/a><\/h3>\n<p>&nbsp;<\/p>","protected":false},"featured_media":2690,"comment_status":"open","ping_status":"closed","template":"","meta":{"_uag_custom_page_level_css":"","_lmt_disableupdate":"no","_lmt_disable":"","site-sidebar-layout":"default","site-content-layout":"content-boxed-container","ast-site-content-layout":"normal-width-container","site-content-style":"boxed","site-sidebar-style":"unboxed","ast-global-header-display":"","ast-banner-title-visibility":"","ast-main-header-display":"","ast-hfb-above-header-display":"","ast-hfb-below-header-display":"","ast-hfb-mobile-header-display":"","site-post-title":"","ast-breadcrumbs-content":"","ast-featured-img":"","footer-sml-layout":"","ast-disable-related-posts":"","theme-transparent-header-meta":"default","adv-header-id-meta":"","stick-header-meta":"","header-above-stick-meta":"","header-main-stick-meta":"","header-below-stick-meta":"","astra-migrate-meta-layouts":"set","ast-page-background-enabled":"default","ast-page-background-meta":{"desktop":{"background-color":"var(--ast-global-color-4)","background-image":"","background-repeat":"repeat","background-position":"center center","background-size":"auto","background-attachment":"scroll","background-type":"","background-media":"","overlay-type":"","overlay-color":"","overlay-opacity":"","overlay-gradient":""},"tablet":{"background-color":"","background-image":"","background-repeat":"repeat","background-position":"center center","background-size":"auto","background-attachment":"scroll","background-type":"","background-media":"","overlay-type":"","overlay-color":"","overlay-opacity":"","overlay-gradient":""},"mobile":{"background-color":"","background-image":"","background-repeat":"repeat","background-position":"center center","background-size":"auto","background-attachment":"scroll","background-type":"","background-media":"","overlay-type":"","overlay-color":"","overlay-opacity":"","overlay-gradient":""}},"ast-content-background-meta":{"desktop":{"background-color":"var(--ast-global-color-5)","background-image":"","background-repeat":"repeat","background-position":"center center","background-size":"auto","background-attachment":"scroll","background-type":"","background-media":"","overlay-type":"","overlay-color":"","overlay-opacity":"","overlay-gradient":""},"tablet":{"background-color":"var(--ast-global-color-5)","background-image":"","background-repeat":"repeat","background-position":"center center","background-size":"auto","background-attachment":"scroll","background-type":"","background-media":"","overlay-type":"","overlay-color":"","overlay-opacity":"","overlay-gradient":""},"mobile":{"background-color":"var(--ast-global-color-5)","background-image":"","background-repeat":"repeat","background-position":"center center","background-size":"auto","background-attachment":"scroll","background-type":"","background-media":"","overlay-type":"","overlay-color":"","overlay-opacity":"","overlay-gradient":""}},"_joinchat":[]},"product_brand":[],"product_cat":[15,27,25,123,30,26,28,137,136,135],"product_tag":[146,188,167,205,207,206,120],"class_list":{"0":"post-2695","1":"product","2":"type-product","3":"status-publish","4":"has-post-thumbnail","6":"product_cat-new-vape-this-week","7":"product_cat-fance-hot-sale-vape","8":"product_cat-germany-best-selling-vape","9":"product_cat-italy-wholesale-vape","10":"product_cat-minimum-order-quantity-50pcs","11":"product_cat-netherlands-hot-sale-vape","12":"product_cat-poland-hot-sale-vape","13":"product_cat-rechargeable-vapes","14":"product_cat-smart-screen-vapes","15":"product_cat-spain-best-hot-sale-vape","16":"product_tag-best-hot-sale-vape","17":"product_tag-buy-vapes-online","18":"product_tag-disposable-vape-with-screen","19":"product_tag-jnr-vape","20":"product_tag-puff-vape","21":"product_tag-smart-phone-vape","22":"product_tag-vape-wholesale","23":"desktop-align-left","24":"tablet-align-left","25":"mobile-align-left","27":"first","28":"instock","29":"sale","30":"shipping-taxable","31":"purchasable","32":"product-type-simple"},"uagb_featured_image_src":{"full":["https:\/\/rmvapesale.com\/wp-content\/uploads\/2024\/11\/JNR-MediaMax-40000-Disposable-Vape-Wholesale.jpg",800,800,false],"thumbnail":["https:\/\/rmvapesale.com\/wp-content\/uploads\/2024\/11\/JNR-MediaMax-40000-Disposable-Vape-Wholesale-150x150.jpg",150,150,true],"medium":["https:\/\/rmvapesale.com\/wp-content\/uploads\/2024\/11\/JNR-MediaMax-40000-Disposable-Vape-Wholesale-300x300.jpg",300,300,true],"medium_large":["https:\/\/rmvapesale.com\/wp-content\/uploads\/2024\/11\/JNR-MediaMax-40000-Disposable-Vape-Wholesale-768x768.jpg",768,768,true],"large":["https:\/\/rmvapesale.com\/wp-content\/uploads\/2024\/11\/JNR-MediaMax-40000-Disposable-Vape-Wholesale.jpg",800,800,false],"1536x1536":["https:\/\/rmvapesale.com\/wp-content\/uploads\/2024\/11\/JNR-MediaMax-40000-Disposable-Vape-Wholesale.jpg",800,800,false],"2048x2048":["https:\/\/rmvapesale.com\/wp-content\/uploads\/2024\/11\/JNR-MediaMax-40000-Disposable-Vape-Wholesale.jpg",800,800,false],"trp-custom-language-flag":["https:\/\/rmvapesale.com\/wp-content\/uploads\/2024\/11\/JNR-MediaMax-40000-Disposable-Vape-Wholesale.jpg",12,12,false],"woocommerce_thumbnail":["https:\/\/rmvapesale.com\/wp-content\/uploads\/2024\/11\/JNR-MediaMax-40000-Disposable-Vape-Wholesale-300x300.jpg",300,300,true],"woocommerce_single":["https:\/\/rmvapesale.com\/wp-content\/uploads\/2024\/11\/JNR-MediaMax-40000-Disposable-Vape-Wholesale-600x600.jpg",600,600,true],"woocommerce_gallery_thumbnail":["https:\/\/rmvapesale.com\/wp-content\/uploads\/2024\/11\/JNR-MediaMax-40000-Disposable-Vape-Wholesale-100x100.jpg",100,100,true],"wcpr-photo-reviews":["https:\/\/rmvapesale.com\/wp-content\/uploads\/2024\/11\/JNR-MediaMax-40000-Disposable-Vape-Wholesale.jpg",500,500,false]},"uagb_author_info":{"display_name":"AMY","author_link":"https:\/\/rmvapesale.com\/hu\/author\/"},"uagb_comment_info":0,"uagb_excerpt":"JNR Mediamax 40000 Best Disposable Vape 2024 JNR 40000 Rechargeable Disposable Vape Wholesale Price Wholesale JNR Mediamax 40000 Puffs Phone Call Smart Vape WhatsApp: +86 17776015835 &nbsp;","_links":{"self":[{"href":"https:\/\/rmvapesale.com\/hu\/wp-json\/wp\/v2\/product\/2695","targetHints":{"allow":["GET"]}}],"collection":[{"href":"https:\/\/rmvapesale.com\/hu\/wp-json\/wp\/v2\/product"}],"about":[{"href":"https:\/\/rmvapesale.com\/hu\/wp-json\/wp\/v2\/types\/product"}],"replies":[{"embeddable":true,"href":"https:\/\/rmvapesale.com\/hu\/wp-json\/wp\/v2\/comments?post=2695"}],"wp:featuredmedia":[{"embeddable":true,"href":"https:\/\/rmvapesale.com\/hu\/wp-json\/wp\/v2\/media\/2690"}],"wp:attachment":[{"href":"https:\/\/rmvapesale.com\/hu\/wp-json\/wp\/v2\/media?parent=2695"}],"wp:term":[{"taxonomy":"product_brand","embeddable":true,"href":"https:\/\/rmvapesale.com\/hu\/wp-json\/wp\/v2\/product_brand?post=2695"},{"taxonomy":"product_cat","embeddable":true,"href":"https:\/\/rmvapesale.com\/hu\/wp-json\/wp\/v2\/product_cat?post=2695"},{"taxonomy":"product_tag","embeddable":true,"href":"https:\/\/rmvapesale.com\/hu\/wp-json\/wp\/v2\/product_tag?post=2695"}],"curies":[{"name":"wp","href":"https:\/\/api.w.org\/{rel}","templated":true}]}}