{"id":2718,"date":"2024-11-12T08:49:23","date_gmt":"2024-11-12T08:49:23","guid":{"rendered":"https:\/\/rmvapesale.com\/?post_type=product&#038;p=2718"},"modified":"2024-11-12T09:20:43","modified_gmt":"2024-11-12T09:20:43","slug":"randm-tornado-9000-puff-blue-razz-ice-rechargeable-diposable-vape-wholesale-price","status":"publish","type":"product","link":"https:\/\/rmvapesale.com\/hu\/product\/randm-tornado-9000-puff-blue-razz-ice-rechargeable-diposable-vape-wholesale-price\/","title":{"rendered":"RandM Tornado 9000 puff Blue Razz Ice \u00dajrat\u00f6lthet\u0151 Eldobhat\u00f3 Vape Nagykereskedelmi \u00c1r"},"content":{"rendered":"<div class=\"B2VR9 CJHX3e\">\n<div class=\"wyccme\">\n<h1 class=\"LC20lb MBeuO DKV0Md\">RandM Tornado 9000 puff Blue Razz Ice \u00dajrat\u00f6lthet\u0151 Eldobhat\u00f3 Vape Nagykereskedelmi \u00c1r<\/h1>\n<div class=\"flex-shrink-0 flex flex-col relative items-end\">\n<div class=\"pt-0\">\n<div class=\"gizmo-bot-avatar flex h-8 w-8 items-center justify-center overflow-hidden rounded-full\">\n<div class=\"relative p-1 rounded-sm flex items-center justify-center bg-token-main-surface-primary text-token-text-primary h-8 w-8\">\n<p>Tapasztalja meg a kiv\u00e9teles er\u0151t \u00e9s \u00edzt a RandM Tornado 9000 K\u00e9k Razz Ice \u00dajrat\u00f6lthet\u0151 Egyszer haszn\u00e1latos Vape-ben, most nagykereskedelmi \u00e1rakon el\u00e9rhet\u0151. Ez a vape eszk\u00f6z hihetetlen\u00fcl t\u00f6bb mint 9000 sz\u00edv\u00e1st k\u00edn\u00e1l, ide\u00e1liss\u00e1 t\u00e9ve hossz\u00fa t\u00e1v\u00fa vape \u00e9lm\u00e9nyhez an\u00e9lk\u00fcl, hogy gyakori cser\u00e9kre lenne sz\u00fcks\u00e9g. Minden vape el\u0151re t\u00f6ltve van 18 ml pr\u00e9mium nikotins\u00f3 e-liquiddel, amely sima, kiel\u00e9g\u00edt\u0151 l\u00f6v\u00e9st biztos\u00edt minden sz\u00edv\u00e1sn\u00e1l. A K\u00e9k Razz Ice \u00edz egy l\u00e9d\u00fas, \u00e9des m\u00e1lna alapot \u00f6tv\u00f6z egy jeges befejez\u00e9ssel, \u00edgy friss\u00edt\u0151 vape \u00e9lm\u00e9nyt ny\u00fajt, amely t\u00f6k\u00e9letes eg\u00e9sz napos \u00e9lvezetre.<\/p>\n<p>K\u00e9nyelmes kialak\u00edt\u00e1s\u00fa, a RandM Tornado 9000 egy 850mAh \u00fajrat\u00f6lthet\u0151 akkumul\u00e1torral rendelkezik, \u00edgy k\u00f6nnyen \u00fajrat\u00f6ltheted Type-C porton kereszt\u00fcl, \u00e9s zavartalanul vape-zhatsz. A h\u00faz\u00e1sra aktiv\u00e1l\u00f3d\u00f3 m\u0171k\u00f6dtet\u0151 mechanizmusa egyszer\u0171 haszn\u00e1latot tesz lehet\u0151v\u00e9 \u2014 csak sz\u00edvj be a m\u0171k\u00f6dtet\u00e9shez. \u00c9l\u00e9nk diz\u00e1jnj\u00e1val \u00e9s RGB vil\u00e1g\u00edt\u00e1s\u00e1val ez a vape vizu\u00e1lisan kit\u0171nik, t\u00f6k\u00e9letes kieg\u00e9sz\u00edt\u0151je minden vape rajong\u00f3 gy\u0171jtem\u00e9ny\u00e9nek. A RandM 9K arra lett tervezve, hogy \u00e1lland\u00f3 \u00edzt \u00e9s min\u0151s\u00e9get ny\u00fajtson, ak\u00e1r tapasztalt vape felhaszn\u00e1l\u00f3 vagy, ak\u00e1r kezd\u0151 vagy.<\/p>\n<p>&nbsp;<\/p>\n<\/div>\n<\/div>\n<\/div>\n<\/div>\n<\/div>\n<\/div>\n<p><strong>L\u00e9pjen kapcsolatba Amyvel, hogy megkapja a helyes v\u00e1laszt \u00e9s a vape kupont!<\/strong><\/p>\n<p><img loading=\"lazy\" decoding=\"async\" class=\"size-full wp-image-1978\" src=\"https:\/\/rmvapesale.com\/wp-content\/uploads\/2024\/09\/Disposable-Vape-Wholesale.jpg\" alt=\"Eldobhat\u00f3 Vape Nagykereskedelem\" width=\"229\" height=\"300\" \/><\/p>\n<h3><a href=\"https:\/\/wa.me\/8617776015835\" target=\"_blank\" rel=\"noopener\"><span style=\"color: #ff0000\"><strong>WhatsApp: +86 17776015835<\/strong><\/span><\/a><\/h3>\n<p>&nbsp;<\/p>\n<h2><\/h2>\n<h2><strong>RandM Tornado 9000 <\/strong><strong>F\u0151bb jellemz\u0151k<\/strong><\/h2>\n<p>&nbsp;<\/p>\n<ul>\n<li>9000+ sz\u00edv\u00e1s a hosszabb vape \u00e9lm\u00e9ny\u00e9rt<\/li>\n<li>18 ml K\u00e9k Razz Ice nikotins\u00f3 e-liquid a sima l\u00f6v\u00e9sek\u00e9rt<\/li>\n<li>850 mAh-s \u00fajrat\u00f6lthet\u0151 akkumul\u00e1tor Type-C t\u00f6lt\u00e9ssel<\/li>\n<li>H\u00faz\u00e1sra aktiv\u00e1l\u00f3d\u00f3, k\u00f6nnyen haszn\u00e1lhat\u00f3 m\u0171k\u00f6dtet\u0151 mechanizmus<\/li>\n<li>Figyelemfelkelt\u0151 RGB vil\u00e1g\u00edt\u00e1s egyedi megjelen\u00e9s\u00e9rt<\/li>\n<\/ul>\n<p>&nbsp;<\/p>\n<h2><strong>Legjobb \u00edz\u0171 RandM Tornado 9000<\/strong><\/h2>\n<p>1 \u00c1fonya M\u00e1lna <span style=\"color: #ff0000\"><strong>&gt;&gt;&gt;&gt; Forr\u00f3!<\/strong><\/span><br \/>\n2 Mr Blue <span style=\"color: #ff0000\"><strong>&gt;&gt;&gt;&gt; Forr\u00f3!<\/strong><\/span><br \/>\n3 Eper G\u00f6r\u00f6gdinnye<br \/>\n4 Narancs Sz\u00f3da<br \/>\n5 G\u00f6r\u00f6gdinnye R\u00e1g\u00f3gumi<br \/>\n6 Sziv\u00e1rv\u00e1ny Cukorka<br \/>\n7 R\u00f3zsasz\u00edn Limon\u00e1d\u00e9 <span style=\"color: #ff0000\"><strong>&gt;&gt;&gt;&gt; Forr\u00f3!<\/strong><\/span><br \/>\n8 \u0150szibarack Mang\u00f3 Anan\u00e1sz<br \/>\n9 Eper Ban\u00e1n<br \/>\n10 Buja J\u00e9g<br \/>\n11 Fekete S\u00e1rk\u00e1ny J\u00e9g<br \/>\n12 Aloe Sz\u0151l\u0151<br \/>\n13 K\u00e9k M\u00e1lna J\u00e9g<br \/>\n14 Kivi Maracuja Guava<br \/>\n15 Gumimaci<br \/>\n16 Vegyes Bogy\u00f3s Gy\u00fcm\u00f6lcs\u00f6k <span style=\"color: #ff0000\"><strong>&gt;&gt;&gt;&gt; Forr\u00f3!<\/strong><\/span><br \/>\n17 H\u0171v\u00f6s Menta<br \/>\n18 M\u00e1lna G\u00f6r\u00f6gdinnye<br \/>\n19 Barackos Limon\u00e1d\u00e9<br \/>\n20 Guava J\u00e9g<br \/>\n21 Eper Limon\u00e1d\u00e9<br \/>\n22 G\u00f6r\u00f6gdinnye M\u00e1lna J\u00e9g<br \/>\n23 Ban\u00e1nkr\u00e9m<br \/>\n24 Barack Bogy\u00f3s Gy\u00fcm\u00f6lcs<br \/>\n25 Eperkr\u00e9m<br \/>\n26 Savany\u00fa Cukorka<br \/>\n27 Citrom<br \/>\n28 Cseresznye<br \/>\n29 Pezsg\u0151 cseresznye <span style=\"color: #ff0000\"><strong>&gt;&gt;&gt;&gt; Forr\u00f3!<\/strong><\/span><br \/>\n30 \u00c1fonya cseresznye t\u0151zeg\u00e1fonya<br \/>\n31 Vimto<br \/>\n32 Skittles<br \/>\n33 Fekete j\u00e9g <span style=\"color: #ff0000\"><strong>&gt;&gt;&gt;&gt; A legjobb!<\/strong><\/span><br \/>\n34 Sz\u0151l\u0151<br \/>\n35 Bluelicious j\u00e9g<br \/>\n36 Eper j\u00e9g<br \/>\n37 K\u00e9k m\u00e1lna Kush<br \/>\n38 J\u00e9gnyal\u00f3ka<br \/>\n39 \u00c1fonya M\u00e1lna<br \/>\n40 Anan\u00e1sz<br \/>\n41 Cseresznye \u0150szibarack Limon\u00e1d\u00e9<br \/>\n42 Eper M\u00e1lna Cseresznye J\u00e9g<br \/>\n43 Tripla Mang\u00f3<br \/>\n44 Eper M\u00e1lna J\u00e9g<br \/>\n45 Eper G\u00f6r\u00f6gdinnye R\u00e1g\u00f3gumi<br \/>\n46 Prime Eper G\u00f6r\u00f6gdinnye<br \/>\n47 G\u00f6r\u00f6gdinnye J\u00e9g<br \/>\n48 \u00c1fonya J\u00e9g <span style=\"color: #ff0000\"><strong>&gt;&gt;&gt;&gt; Forr\u00f3!<\/strong><\/span><br \/>\n49 G\u00f6r\u00f6gdinnye Skittle<br \/>\n50 Eper Mang\u00f3<br \/>\n51 Eper Gr\u00e1n\u00e1talma<br \/>\n52 Ny\u00e1ri \u0150szibarack J\u00e9g<br \/>\n53 Cseresznye Bogy\u00f3<br \/>\n54 Cseresznye K\u00f3la<br \/>\n55 Prime G\u00f6r\u00f6gdinnye<br \/>\n56 Eper Sz\u0151l\u0151<br \/>\n57 Tigrisv\u00e9r <span style=\"color: #ff0000\"><strong>&gt;&gt;&gt;&gt; Forr\u00f3!<\/strong><\/span><br \/>\n58 \u00c1sv\u00e1nyv\u00edz<\/p>\n<p>&nbsp;<\/p>\n<h3><\/h3>\n<h3><strong>Mi\u00e9rt v\u00e1lassza az Rmvapesale-t a RandM Tornado 9000-hez? <\/strong><strong>V<\/strong><strong>ape Nagykeresked\u00e9s<\/strong><strong>?<\/strong><\/h3>\n<div class=\"flex-shrink-0 flex flex-col relative items-end\">\n<div class=\"pt-0\">\n<div class=\"gizmo-bot-avatar flex h-8 w-8 items-center justify-center overflow-hidden rounded-full\">\n<div class=\"relative p-1 rounded-sm flex items-center justify-center bg-token-main-surface-primary text-token-text-primary h-8 w-8\">\n<p>\u00dcdv\u00f6z\u00f6lj\u00fck a Rmvapesale-ben, az \u00d6n megb\u00edzhat\u00f3 vape \u00fczlet\u00e9ben, ahol pr\u00e9mium eldobhat\u00f3 vape-eket tal\u00e1l. T\u00f6bb mint 5 \u00e9ves szak\u00e9rtelemmel olyan n\u00e9pszer\u0171 eldobhat\u00f3 vape m\u00e1rk\u00e1kat k\u00edn\u00e1lunk, mint az Al Fakher, <a href=\"https:\/\/rmvapesale.com\/hu\/product\/vapme-crystal-7000-puffs-rechargeable-disposable-vape-price\/\">Vapme<\/a>, <a href=\"https:\/\/rmvapesale.com\/hu\/product-category\/bang-vapes\/\">Bang Vape<\/a>, Waspe, <a href=\"https:\/\/rmvapesale.com\/hu\/product\/wga-crystal-pro-max-extra-15k-puffs-disposable-vape-wholesale\/\">WGA<\/a> Vape \u00e9s<a href=\"https:\/\/rmvapesale.com\/hu\/product-category\/randm-fumot-vape\/\"> RandM Vape<\/a>.<\/p>\n<p>K\u00edn\u00e1latunkban olyan n\u00e9pszer\u0171 vape-ek szerepelnek, mint a <a href=\"https:\/\/rmvapesale.com\/hu\/product\/fumot-digital-box-12000-disposable-vape-pink-lemonade-flavor\/\">RandM 12k<\/a> \u00e9s az \u00edzekben gazdag v\u00e1laszt\u00e9k, mint p\u00e9ld\u00e1ul az <a href=\"https:\/\/rmvapesale.com\/hu\/product\/elfbar-combo-25000-puffs-rechargeable-disposable-vape-wholesale\/\">ELFBAR Combo 25000 slukk<\/a>. Minden term\u00e9ket a min\u0151s\u00e9gre, \u00e9rt\u00e9kre \u00e9s v\u00e1ltozatoss\u00e1gra f\u00f3kusz\u00e1lva v\u00e1lasztunk ki, biztos\u00edtva, hogy megtal\u00e1lja az ig\u00e9nyeinek t\u00f6k\u00e9letesen megfelel\u0151t. Fedezze fel a kiv\u00e9teles szolg\u00e1ltat\u00e1st \u00e9s a sz\u00e9les v\u00e1laszt\u00e9kot a cs\u00facsmin\u0151s\u00e9g\u0171 term\u00e9kek ter\u00e9n az Rmvapesale-n\u00e9l.<\/p>\n<\/div>\n<h3><\/h3>\n<div class=\"relative p-1 rounded-sm flex items-center justify-center bg-token-main-surface-primary text-token-text-primary h-8 w-8\">\n<h3><b>RandM 9000 \u00fajrat\u00f6lthet\u0151 eldobhat\u00f3 vape GYIK<\/b><\/h3>\n<ol>\n<li><strong>Melyek a legn\u00e9pszer\u0171bb \u00edzek a RandM 9000 eldobhat\u00f3 vape tollhoz?<\/strong><br \/>\nA RandM 9000 eldobhat\u00f3 vape toll n\u00e9pszer\u0171 \u00edzei k\u00f6z\u00e9 tartozik a Blue Razz Ice, amely az \u00e9des m\u00e1lna \u00e9s a h\u0171v\u00f6s, jeges befejez\u00e9s kombin\u00e1ci\u00f3ja. Egy\u00e9b \u00edzek a k\u00e9szlett\u0151l \u00e9s a region\u00e1lis preferenci\u00e1kt\u00f3l f\u00fcgg\u0151en elt\u00e9r\u0151ek lehetnek.<\/li>\n<li><strong>Honnan tudom, hogy a RandM Tornado 9000-em \u00fcres?<\/strong><br \/>\nHa a RandM Tornado 9000-e \u00fcres, a g\u0151ztermel\u00e9s \u00e9s az \u00edz cs\u00f6kken\u00e9s\u00e9t fogja \u00e9szlelni. Ezenk\u00edv\u00fcl a sz\u00edv\u00e1s gyeng\u00e9bbnek t\u0171nhet vagy kev\u00e9s g\u0151zt termelhet, ami az e-liquid kimer\u00fcl\u00e9s\u00e9t jelzi.<\/li>\n<li><strong>Mennyi ideig tart a RandM 9000 slukkos vape felt\u00f6lt\u00e9se?<\/strong><br \/>\nA RandM Tornado 9000 t\u00f6lt\u00e9si ideje v\u00e1ltoz\u00f3 lehet, de \u00e1ltal\u00e1ban 1-2 \u00f3ra a 850 mAh-s akkumul\u00e1tor teljes felt\u00f6lt\u00e9se a Type-C porton kereszt\u00fcl.<\/li>\n<li><strong>Mennyi nikotin van a RandM Tornado 9k slukkos eldobhat\u00f3 vape-ban?<\/strong><br \/>\nA RandM Tornado 9000 nikotins\u00f3t tartalmaz, de a pontos nikotinkoncentr\u00e1ci\u00f3 a r\u00e9gi\u00f3t\u00f3l \u00e9s a term\u00e9kverzi\u00f3t\u00f3l f\u00fcgg\u0151en v\u00e1ltozhat. A legjobb, ha ellen\u0151rzi a csomagol\u00e1son vagy a term\u00e9kspecifik\u00e1ci\u00f3kon a pontos nikotinszintet.<\/li>\n<li><strong>Hol lehet Fumot Tornado 9000 slukkos vape-okat nagykereskedelmi \u00e1ron v\u00e1s\u00e1rolni?<\/strong><br \/>\nFumot Tornado 9000 slukkos vape-okat nagykereskedelmi \u00e1ron v\u00e1s\u00e1rolhat hivatalos vape forgalmaz\u00f3kt\u00f3l vagy online nagykereskedelmi vape boltokb\u00f3l. Sok weboldal k\u00edn\u00e1l nagykereskedelmi lehet\u0151s\u00e9geket kifejezetten a RandM \u00e9s Fumot m\u00e1rk\u00e1khoz.<\/li>\n<li><strong>Vihetek eldobhat\u00f3 vape-et rep\u00fcl\u0151g\u00e9pre?<\/strong><br \/>\nIgen, elvihet eldobhat\u00f3 vape-okat rep\u00fcl\u0151g\u00e9pen a k\u00e9zipoggy\u00e1sz\u00e1ban, de a csomagt\u00e9rbe nem adhatja fel az akkumul\u00e1torokra vonatkoz\u00f3 szab\u00e1lyoz\u00e1sok miatt. Mindig ellen\u0151rizze a l\u00e9git\u00e1rsas\u00e1g \u00e9s a l\u00e9gik\u00f6zleked\u00e9si hat\u00f3s\u00e1gok ir\u00e1nyelveit utaz\u00e1s el\u0151tt.<\/li>\n<li><strong>H\u00e1ny slukkot biztos\u00edt a RandM Vape 9000 slukk?<\/strong><br \/>\nA RandM Tornado 9000 eldobhat\u00f3 vape t\u00f6bb mint 9000 slukkot biztos\u00edt, \u00edgy a t\u00f6bbi eldobhat\u00f3 vape-hoz k\u00e9pest hossz\u00fa \u00e9lettartam\u00fa v\u00e1laszt\u00e1s.<\/li>\n<\/ol>\n<\/div>\n<div class=\"mb-2 flex gap-3 empty:hidden -ml-2\"><\/div>\n<p>&nbsp;<\/p>\n<\/div>\n<\/div>\n<\/div>\n<h3>A Sz\u00e1ll\u00edt\u00e1sr\u00f3l<\/h3>\n<div class=\"flex-shrink-0 flex flex-col relative items-end\">\n<div>\n<div class=\"pt-0\">\n<div class=\"gizmo-bot-avatar flex h-8 w-8 items-center justify-center overflow-hidden rounded-full\">\n<div><\/div>\n<div class=\"relative p-1 rounded-sm flex items-center justify-center bg-token-main-surface-primary text-token-text-primary h-8 w-8\"><strong>1. Milyen sz\u00e1ll\u00edt\u00e1si m\u00f3dokat haszn\u00e1lnak?<\/strong><\/div>\n<\/div>\n<\/div>\n<\/div>\n<\/div>\n<div class=\"group\/conversation-turn relative flex w-full min-w-0 flex-col agent-turn\">\n<div class=\"flex-col gap-1 md:gap-3\">\n<div class=\"flex max-w-full flex-col flex-grow\">\n<div class=\"min-h-[20px] text-message flex w-full flex-col items-end gap-2 whitespace-normal break-words [.text-message+&amp;]:mt-5 overflow-x-auto\" dir=\"auto\" data-message-author-role=\"assistant\" data-message-id=\"22f8283b-3233-46ff-89a5-c7a41b33abda\">\n<div class=\"flex w-full flex-col gap-1 empty:hidden first:pt-[3px]\">\n<div class=\"markdown prose w-full break-words dark:prose-invert light\">\n<p>Partnerei vagyunk a UPS, DHL, FedEx, DPD \u00e9s m\u00e1s vezet\u0151 fuvaroz\u00f3knak. A legjobb sz\u00e1ll\u00edt\u00e1si m\u00f3dot fogjuk kiv\u00e1lasztani a sz\u00e1ll\u00edt\u00e1si helysz\u00edne alapj\u00e1n, hogy a lehet\u0151 leggyorsabban megkapja a term\u00e9keit.<\/p>\n<\/div>\n<p><strong>2. Mennyi id\u0151 alatt \u00e9rkezik meg?<\/strong><\/p>\n<p>A csomagok \u00e1ltal\u00e1ban 10 munkanapon bel\u00fcl meg\u00e9rkeznek Magyarorsz\u00e1gra. Az eur\u00f3pai orsz\u00e1gokba t\u00f6rt\u00e9n\u0151 sz\u00e1ll\u00edt\u00e1s \u00e1ltal\u00e1ban 12-15 munkanapot vesz ig\u00e9nybe. Folyamatosan t\u00e1j\u00e9koztatjuk a sz\u00e1ll\u00edt\u00e1si st\u00e1tuszr\u00f3l.<\/p>\n<\/div>\n<\/div>\n<\/div>\n<\/div>\n<\/div>\n<p>&nbsp;<\/p>\n<p>Tal\u00e1lja meg a tov\u00e1bbi vape term\u00e9keket, amelyek tetszhetnek \u00d6nnek:<strong><em><a href=\"https:\/\/rmvapesale.com\/hu\/shop-2\/\">V\u00e1s\u00e1roljon most &gt;&gt;&gt;<\/a><\/em><\/strong><\/p>","protected":false},"excerpt":{"rendered":"<p>RandM Tornado 9000 Puffs Eldobhat\u00f3 Vape K\u00e9sz\u00fcl\u00e9k<br \/>\nRandM 9000 slukkos eldobhat\u00f3 vape, minden \u00edz rakt\u00e1ron<br \/>\nRandM Tornado 9000 slukkos 9K eldobhat\u00f3 r\u00fad<\/p>\n<p><img loading=\"lazy\" decoding=\"async\" class=\"size-full wp-image-2375\" src=\"https:\/\/rmvapesale.com\/wp-content\/uploads\/2024\/10\/image.png\" alt=\"Legjobb Eldobhat\u00f3 Vape\" width=\"229\" height=\"300\" \/><\/p>\n<h3><a href=\"https:\/\/wa.me\/8617776015835\"><span style=\"color: #ff0000\"><strong>WhatsApp: +86 17776015835<\/strong><\/span><\/a><\/h3>\n<p>&nbsp;<\/p>","protected":false},"featured_media":2719,"comment_status":"open","ping_status":"closed","template":"","meta":{"_uag_custom_page_level_css":"","_lmt_disableupdate":"no","_lmt_disable":"","site-sidebar-layout":"default","site-content-layout":"content-boxed-container","ast-site-content-layout":"normal-width-container","site-content-style":"boxed","site-sidebar-style":"unboxed","ast-global-header-display":"","ast-banner-title-visibility":"","ast-main-header-display":"","ast-hfb-above-header-display":"","ast-hfb-below-header-display":"","ast-hfb-mobile-header-display":"","site-post-title":"","ast-breadcrumbs-content":"","ast-featured-img":"","footer-sml-layout":"","theme-transparent-header-meta":"default","adv-header-id-meta":"","stick-header-meta":"","header-above-stick-meta":"","header-main-stick-meta":"","header-below-stick-meta":"","astra-migrate-meta-layouts":"set","ast-page-background-enabled":"default","ast-page-background-meta":{"desktop":{"background-color":"var(--ast-global-color-4)","background-image":"","background-repeat":"repeat","background-position":"center center","background-size":"auto","background-attachment":"scroll","background-type":"","background-media":"","overlay-type":"","overlay-color":"","overlay-opacity":"","overlay-gradient":""},"tablet":{"background-color":"","background-image":"","background-repeat":"repeat","background-position":"center center","background-size":"auto","background-attachment":"scroll","background-type":"","background-media":"","overlay-type":"","overlay-color":"","overlay-opacity":"","overlay-gradient":""},"mobile":{"background-color":"","background-image":"","background-repeat":"repeat","background-position":"center center","background-size":"auto","background-attachment":"scroll","background-type":"","background-media":"","overlay-type":"","overlay-color":"","overlay-opacity":"","overlay-gradient":""}},"ast-content-background-meta":{"desktop":{"background-color":"var(--ast-global-color-5)","background-image":"","background-repeat":"repeat","background-position":"center center","background-size":"auto","background-attachment":"scroll","background-type":"","background-media":"","overlay-type":"","overlay-color":"","overlay-opacity":"","overlay-gradient":""},"tablet":{"background-color":"var(--ast-global-color-5)","background-image":"","background-repeat":"repeat","background-position":"center center","background-size":"auto","background-attachment":"scroll","background-type":"","background-media":"","overlay-type":"","overlay-color":"","overlay-opacity":"","overlay-gradient":""},"mobile":{"background-color":"var(--ast-global-color-5)","background-image":"","background-repeat":"repeat","background-position":"center center","background-size":"auto","background-attachment":"scroll","background-type":"","background-media":"","overlay-type":"","overlay-color":"","overlay-opacity":"","overlay-gradient":""}},"_joinchat":[]},"product_brand":[],"product_cat":[15,25,123,26,28,135,27,137,136,30],"product_tag":[169,207,181,120],"class_list":{"0":"post-2718","1":"product","2":"type-product","3":"status-publish","4":"has-post-thumbnail","6":"product_cat-new-vape-this-week","7":"product_cat-germany-best-selling-vape","8":"product_cat-italy-wholesale-vape","9":"product_cat-netherlands-hot-sale-vape","10":"product_cat-poland-hot-sale-vape","11":"product_cat-spain-best-hot-sale-vape","12":"product_cat-fance-hot-sale-vape","13":"product_cat-rechargeable-vapes","14":"product_cat-smart-screen-vapes","15":"product_cat-minimum-order-quantity-50pcs","16":"product_tag-best-disposable-vape-2024","17":"product_tag-puff-vape","18":"product_tag-randm-tornado-9000","19":"product_tag-vape-wholesale","20":"desktop-align-left","21":"tablet-align-left","22":"mobile-align-left","24":"first","25":"instock","26":"sale","27":"shipping-taxable","28":"purchasable","29":"product-type-simple"},"uagb_featured_image_src":{"full":["https:\/\/rmvapesale.com\/wp-content\/uploads\/2024\/11\/RandM-Tornado-9000-BLUE-RAZZ-ICE.png",1000,1000,false],"thumbnail":["https:\/\/rmvapesale.com\/wp-content\/uploads\/2024\/11\/RandM-Tornado-9000-BLUE-RAZZ-ICE-150x150.png",150,150,true],"medium":["https:\/\/rmvapesale.com\/wp-content\/uploads\/2024\/11\/RandM-Tornado-9000-BLUE-RAZZ-ICE-300x300.png",300,300,true],"medium_large":["https:\/\/rmvapesale.com\/wp-content\/uploads\/2024\/11\/RandM-Tornado-9000-BLUE-RAZZ-ICE-768x768.png",768,768,true],"large":["https:\/\/rmvapesale.com\/wp-content\/uploads\/2024\/11\/RandM-Tornado-9000-BLUE-RAZZ-ICE.png",1000,1000,false],"1536x1536":["https:\/\/rmvapesale.com\/wp-content\/uploads\/2024\/11\/RandM-Tornado-9000-BLUE-RAZZ-ICE.png",1000,1000,false],"2048x2048":["https:\/\/rmvapesale.com\/wp-content\/uploads\/2024\/11\/RandM-Tornado-9000-BLUE-RAZZ-ICE.png",1000,1000,false],"trp-custom-language-flag":["https:\/\/rmvapesale.com\/wp-content\/uploads\/2024\/11\/RandM-Tornado-9000-BLUE-RAZZ-ICE.png",12,12,false],"woocommerce_thumbnail":["https:\/\/rmvapesale.com\/wp-content\/uploads\/2024\/11\/RandM-Tornado-9000-BLUE-RAZZ-ICE-300x300.png",300,300,true],"woocommerce_single":["https:\/\/rmvapesale.com\/wp-content\/uploads\/2024\/11\/RandM-Tornado-9000-BLUE-RAZZ-ICE-600x600.png",600,600,true],"woocommerce_gallery_thumbnail":["https:\/\/rmvapesale.com\/wp-content\/uploads\/2024\/11\/RandM-Tornado-9000-BLUE-RAZZ-ICE-100x100.png",100,100,true],"wcpr-photo-reviews":["https:\/\/rmvapesale.com\/wp-content\/uploads\/2024\/11\/RandM-Tornado-9000-BLUE-RAZZ-ICE.png",500,500,false]},"uagb_author_info":{"display_name":"AMY","author_link":"https:\/\/rmvapesale.com\/hu\/author\/"},"uagb_comment_info":0,"uagb_excerpt":"RandM Tornado 9000 Puffs Disposable Vape Device RandM 9000 puffs Disposable Vape All Flavor in Stock RandM Tornado 9000 Puff 9K Disposable Bar WhatsApp: +86 17776015835 &nbsp;","_links":{"self":[{"href":"https:\/\/rmvapesale.com\/hu\/wp-json\/wp\/v2\/product\/2718","targetHints":{"allow":["GET"]}}],"collection":[{"href":"https:\/\/rmvapesale.com\/hu\/wp-json\/wp\/v2\/product"}],"about":[{"href":"https:\/\/rmvapesale.com\/hu\/wp-json\/wp\/v2\/types\/product"}],"replies":[{"embeddable":true,"href":"https:\/\/rmvapesale.com\/hu\/wp-json\/wp\/v2\/comments?post=2718"}],"wp:featuredmedia":[{"embeddable":true,"href":"https:\/\/rmvapesale.com\/hu\/wp-json\/wp\/v2\/media\/2719"}],"wp:attachment":[{"href":"https:\/\/rmvapesale.com\/hu\/wp-json\/wp\/v2\/media?parent=2718"}],"wp:term":[{"taxonomy":"product_brand","embeddable":true,"href":"https:\/\/rmvapesale.com\/hu\/wp-json\/wp\/v2\/product_brand?post=2718"},{"taxonomy":"product_cat","embeddable":true,"href":"https:\/\/rmvapesale.com\/hu\/wp-json\/wp\/v2\/product_cat?post=2718"},{"taxonomy":"product_tag","embeddable":true,"href":"https:\/\/rmvapesale.com\/hu\/wp-json\/wp\/v2\/product_tag?post=2718"}],"curies":[{"name":"wp","href":"https:\/\/api.w.org\/{rel}","templated":true}]}}