{"id":2729,"date":"2024-11-14T06:19:37","date_gmt":"2024-11-14T06:19:37","guid":{"rendered":"https:\/\/rmvapesale.com\/?post_type=product&#038;p=2729"},"modified":"2024-11-14T06:57:21","modified_gmt":"2024-11-14T06:57:21","slug":"fumot-12000-puffs-randm-rechargeable-disposable-vape-watermelon-bubblegum-flavour-germany-wholesale-price","status":"publish","type":"product","link":"https:\/\/rmvapesale.com\/hu\/product\/fumot-12000-puffs-randm-rechargeable-disposable-vape-watermelon-bubblegum-flavour-germany-wholesale-price\/","title":{"rendered":"Fumot 12000 Puffs RandM \u00dajrat\u00f6lthet\u0151 Eldobhat\u00f3 Vape G\u00f6r\u00f6gdinnye R\u00e1g\u00f3gumi \u00cdz Magyarorsz\u00e1gi Nagyker \u00c1r"},"content":{"rendered":"<div class=\"B2VR9 CJHX3e\">\n<div class=\"wyccme\">\n<h1 class=\"LC20lb MBeuO DKV0Md\">Fumot 12000 Puffs RandM \u00dajrat\u00f6lthet\u0151 Eldobhat\u00f3 Vape G\u00f6r\u00f6gdinnye R\u00e1g\u00f3gumi \u00cdz Magyarorsz\u00e1gi Nagyker \u00c1r<\/h1>\n<p>&nbsp;<\/p>\n<div class=\"flex-shrink-0 flex flex-col relative items-end\">\n<div class=\"pt-0\">\n<div class=\"gizmo-bot-avatar flex h-8 w-8 items-center justify-center overflow-hidden rounded-full\">\n<div class=\"relative p-1 rounded-sm flex items-center justify-center bg-token-main-surface-primary text-token-text-primary h-8 w-8\">\n<p>A g\u00f6r\u00f6gdinnye r\u00e1g\u00f3gumi \u00edz\u0171 Fumot 12000 Puffs RandM t\u00f6lthet\u0151, eldobhat\u00f3 vape egyedi, \u00e9des \u00e9s gy\u00fcm\u00f6lcs\u00f6s g\u0151z\u00f6l\u00e9si \u00e9lm\u00e9nyt ny\u00fajt. A g\u00f6r\u00f6gdinnye l\u00e9d\u00fas \u00edz\u00e9t a r\u00e1g\u00f3gumi nosztalgikus \u00e9dess\u00e9g\u00e9vel \u00f6tv\u00f6zi, ez a RandM vape t\u00f6k\u00e9letes azok sz\u00e1m\u00e1ra, akik minden egyes f\u00faj\u00e1sn\u00e1l \u00edzletes csavart \u00e9lveznek. A 20 ml-es nagy e-liquid kapacit\u00e1ssal ez az eszk\u00f6z leny\u0171g\u00f6z\u0151 12 000 f\u00faj\u00e1st k\u00edn\u00e1l, hossz\u00fa t\u00e1v\u00fa \u00e9lvezetet biztos\u00edtva. A magyar nagykereskedelmi piacra szabott Fumot 12000 term\u00e9k ide\u00e1lis v\u00e1laszt\u00e1si lehet\u0151s\u00e9get k\u00edn\u00e1l a kiskeresked\u0151k sz\u00e1m\u00e1ra, akik nagy kereslet\u0171, pr\u00e9mium \u00edzt szeretn\u00e9nek rakt\u00e1rozni.<\/p>\n<p>Az 550mAh-s t\u00f6lthet\u0151 akkumul\u00e1torral \u00e9s USB Type-C t\u00f6lt\u0151porttal felszerelt Fumot 12000 megk\u00f6nny\u00edti a felhaszn\u00e1l\u00f3k sz\u00e1m\u00e1ra az \u00fajrat\u00f6lt\u00e9st \u00e9s a vape k\u00e9szenl\u00e9tben tart\u00e1s\u00e1t, amikor sz\u00fcks\u00e9g\u00fck van r\u00e1. Az integr\u00e1lt LED kijelz\u0151 k\u00e9nyelmesen mutatja az akkumul\u00e1tor \u00e9s az e-liquid szintj\u00e9t, \u00edgy a felhaszn\u00e1l\u00f3k mindig t\u00e1j\u00e9kozottak. A fejlett h\u00e1l\u00f3s tekercs technol\u00f3gia n\u00f6veli a g\u0151z konzisztenci\u00e1j\u00e1t, sima \u00e9s kiel\u00e9g\u00edt\u0151 slukkot biztos\u00edtva minden haszn\u00e1lat sor\u00e1n. T\u00f6bbf\u00e9le nikotinszinttel kaphat\u00f3, bele\u00e9rtve a 2%-ot \u00e9s az 5%-ot, ez az eszk\u00f6z a preferenci\u00e1k sz\u00e9les sk\u00e1l\u00e1j\u00e1t szolg\u00e1lja ki, \u00edgy sokoldal\u00fa v\u00e1laszt\u00e1s a kezd\u0151 \u00e9s a tapasztalt g\u0151z\u00f6l\u0151k sz\u00e1m\u00e1ra egyar\u00e1nt.<\/p>\n<p>&nbsp;<\/p>\n<\/div>\n<\/div>\n<\/div>\n<\/div>\n<\/div>\n<\/div>\n<p><strong>L\u00e9pjen kapcsolatba Amyvel, hogy megkapja a helyes v\u00e1laszt \u00e9s a vape kupont!<\/strong><\/p>\n<p><img loading=\"lazy\" decoding=\"async\" class=\"size-full wp-image-1978\" src=\"https:\/\/rmvapesale.com\/wp-content\/uploads\/2024\/09\/Disposable-Vape-Wholesale.jpg\" alt=\"Eldobhat\u00f3 Vape Nagykereskedelem\" width=\"229\" height=\"300\" \/><\/p>\n<h3><a href=\"https:\/\/wa.me\/8617776015835\" target=\"_blank\" rel=\"noopener\"><span style=\"color: #ff0000\"><strong>WhatsApp: +86 17776015835<\/strong><\/span><\/a><\/h3>\n<p>&nbsp;<\/p>\n<h2><\/h2>\n<h2><strong>Fumot 12000 Puffs F\u0151bb jellemz\u0151k<\/strong><\/h2>\n<ul>\n<li>T\u00f6bb mint 9000 slukk a hosszan tart\u00f3 haszn\u00e1lat\u00e9rt \u00e9s el\u00e9gedetts\u00e9g\u00e9rt<\/li>\n<li>18 ml-es \u00c1fonya M\u00e1lna nikotin s\u00f3 e-liquid a kiegyens\u00falyozott \u00edz\u00e9rt<\/li>\n<li>850 mAh-s \u00fajrat\u00f6lthet\u0151 akkumul\u00e1tor gyors Type-C t\u00f6lt\u00e9ssel<\/li>\n<li>H\u00faz\u00e1sra aktiv\u00e1l\u00f3dik a probl\u00e9mamentes haszn\u00e1lat \u00e9rdek\u00e9ben, gombok n\u00e9lk\u00fcl<\/li>\n<li>St\u00edlusos RGB vil\u00e1g\u00edt\u00e1s adja a sz\u00ednes vizu\u00e1lis vonzer\u0151t<\/li>\n<\/ul>\n<p>&nbsp;<\/p>\n<h2><strong>A legjobb \u00edz a Fumot 12000 Puffs sz\u00e1m\u00e1ra<\/strong><\/h2>\n<p>1 H\u0171s\u00edt\u0151 Menta <span style=\"color: #ff0000\"><strong>&gt;&gt;&gt;&gt; Forr\u00f3!<\/strong><\/span><br \/>\n2 Dinnye J\u00e9g<br \/>\n3 Sz\u0151l\u0151 J\u00e9g<br \/>\n4 \u00c1fonya M\u00e1lna <span style=\"color: #ff0000\"><strong>&gt;&gt;&gt;&gt; Forr\u00f3!<\/strong><\/span><br \/>\n5 Eper Dinnye<br \/>\n6 Eper Ban\u00e1n<br \/>\n7 Zamat J\u00e9g<br \/>\n8 Cseresznye<br \/>\n9 Eper J\u00e9g<br \/>\n10 Jeges nyal\u00f3ka<br \/>\n11 R\u00f3zsasz\u00edn limon\u00e1d\u00e9 <span style=\"color: #ff0000\"><strong>&gt;&gt;&gt;&gt; Forr\u00f3!<\/strong><\/span><br \/>\n12 Mang\u00f3 j\u00e9ggel<br \/>\n13 Vegyes bogy\u00f3s gy\u00fcm\u00f6lcs\u00f6k<br \/>\n14 Epres f\u00e1nk<br \/>\n15 Eper sz\u0151l\u0151<br \/>\n16 Meggyes k\u00f3la<br \/>\n17 Dr. k\u00e9k<br \/>\n18 \u00c1fonya j\u00e9ggel <span style=\"color: #ff0000\"><strong>&gt;&gt;&gt;&gt; Forr\u00f3!<\/strong><\/span><br \/>\n19 Kivi maracuja guava<br \/>\n20 Eper kivi<br \/>\n21 Barack mang\u00f3<br \/>\n22 Barack j\u00e9g<br \/>\n23 Piros alma j\u00e9g<br \/>\n24 \u00c1fony\u00e1s r\u00e1g\u00f3gumi <span style=\"color: #ff0000\"><strong>&gt;&gt;&gt;&gt; A legjobb!<\/strong><\/span><br \/>\n25 Bogy\u00f3s gy\u00fcm\u00f6lcs\u00f6s limon\u00e1d\u00e9<br \/>\n26 K\u00e9k m\u00e1ln\u00e1s limon\u00e1d\u00e9<br \/>\n27 K\u00e9k savany\u00fa m\u00e1lna<br \/>\n28 Epres Red bull<br \/>\n29 Alm\u00e1s bogy\u00f3s robban\u00e1s<br \/>\n30 Dinny\u00e9s r\u00e1g\u00f3gumi<br \/>\n31 M\u00e1lna dinnye<br \/>\n32 Fekete j\u00e9g<br \/>\n33 \u00c1fonya cseresznye t\u0151zeg\u00e1fonya<br \/>\n34 Eper gr\u00e1n\u00e1talma<br \/>\n35 Vimto<br \/>\n36 Cseresznye bogy\u00f3<br \/>\n37 Citrom<br \/>\n38 Bingo Crush<br \/>\n39 \u00c1fonya kivi<br \/>\n40 Alma fah\u00e9j<\/p>\n<h3><\/h3>\n<h3><strong>Mi\u00e9rt v\u00e1lassza az Rmvapesale-t a RandM Tornado 9000-hez? <\/strong><strong>V<\/strong><strong>ape Nagykeresked\u00e9s<\/strong><strong>?<\/strong><\/h3>\n<div class=\"flex-shrink-0 flex flex-col relative items-end\">\n<div class=\"pt-0\">\n<div class=\"gizmo-bot-avatar flex h-8 w-8 items-center justify-center overflow-hidden rounded-full\">\n<div class=\"relative p-1 rounded-sm flex items-center justify-center bg-token-main-surface-primary text-token-text-primary h-8 w-8\">\n<p>\u00dcdv\u00f6z\u00f6lj\u00fck a Rmvapesale-ben, az \u00d6n megb\u00edzhat\u00f3 vape \u00fczlet\u00e9ben, ahol pr\u00e9mium eldobhat\u00f3 vape-eket tal\u00e1l. T\u00f6bb mint 5 \u00e9ves szak\u00e9rtelemmel olyan n\u00e9pszer\u0171 eldobhat\u00f3 vape m\u00e1rk\u00e1kat k\u00edn\u00e1lunk, mint az Al Fakher, <a href=\"https:\/\/rmvapesale.com\/hu\/product\/vapme-crystal-7000-puffs-rechargeable-disposable-vape-price\/\">Vapme<\/a>, <a href=\"https:\/\/rmvapesale.com\/hu\/product-category\/bang-vapes\/\">Bang Vape<\/a>, Waspe, <a href=\"https:\/\/rmvapesale.com\/hu\/product\/wga-crystal-pro-max-extra-15k-puffs-disposable-vape-wholesale\/\">WGA<\/a> Vape \u00e9s<a href=\"https:\/\/rmvapesale.com\/hu\/product-category\/randm-fumot-vape\/\"> RandM Vape<\/a>.<\/p>\n<p>K\u00edn\u00e1latunkban olyan n\u00e9pszer\u0171 vape-ek szerepelnek, mint a <a href=\"https:\/\/rmvapesale.com\/hu\/product\/fumot-digital-box-12000-disposable-vape-pink-lemonade-flavor\/\">RandM 12000<\/a> \u00e9s az \u00edzekben gazdag v\u00e1laszt\u00e9k, mint p\u00e9ld\u00e1ul az <a href=\"https:\/\/rmvapesale.com\/hu\/product\/elfbar-combo-25000-puffs-rechargeable-disposable-vape-wholesale\/\">ELFBAR Combo 25000 slukk<\/a>. Minden term\u00e9ket a min\u0151s\u00e9gre, \u00e9rt\u00e9kre \u00e9s v\u00e1ltozatoss\u00e1gra f\u00f3kusz\u00e1lva v\u00e1lasztunk ki, biztos\u00edtva, hogy megtal\u00e1lja az ig\u00e9nyeinek t\u00f6k\u00e9letesen megfelel\u0151t. Fedezze fel a kiv\u00e9teles szolg\u00e1ltat\u00e1st \u00e9s a sz\u00e9les v\u00e1laszt\u00e9kot a cs\u00facsmin\u0151s\u00e9g\u0171 term\u00e9kek ter\u00e9n az Rmvapesale-n\u00e9l.<\/p>\n<\/div>\n<h3><\/h3>\n<div class=\"relative p-1 rounded-sm flex items-center justify-center bg-token-main-surface-primary text-token-text-primary h-8 w-8\">\n<h3><b>Fumot 12000 Puffs t\u00f6lthet\u0151, eldobhat\u00f3 vape GYIK<\/b><\/h3>\n<p><strong>Hol lehet Fumot 12000 digital box vape-et v\u00e1s\u00e1rolni?<\/strong><br \/>\nA legjobb aj\u00e1nlatok\u00e9rt a Fumot 12000 Puffs RandM eldobhat\u00f3 vape-re, bele\u00e9rtve a nagykereskedelmi \u00e1rakat is, l\u00e1togasson el az Rmvapesale online vape boltba.<\/p>\n<p><strong>Melyek a n\u00e9pszer\u0171 \u00edzek a Fumot 12000 eldobhat\u00f3 vape-hez?<\/strong><br \/>\nA n\u00e9pszer\u0171 \u00edzek k\u00f6z\u00e9 tartozik az \u00e1fonya r\u00e1g\u00f3gumi, az eper g\u00f6r\u00f6gdinnye, a buja j\u00e9g, a sz\u0151l\u0151 j\u00e9g \u00e9s a h\u0171s menta.<\/p>\n<p><strong>Honnan tudom, hogy a Fumot Vape 12000 Puffs okos vape-em \u00fcres?<\/strong><br \/>\nA LED kijelz\u0151 alacsony e-liquid \u00e9s akkumul\u00e1tor szintet mutat, jelezve, hogy mikor van itt az ideje az \u00fajrat\u00f6lt\u00e9snek vagy a vape cser\u00e9j\u00e9nek.<\/p>\n<p><strong>Mennyi ideig tart egy RandM 12000 t\u00f6lthet\u0151 vape felt\u00f6lt\u00e9se?<\/strong><br \/>\n\u00c1ltal\u00e1ban k\u00f6r\u00fclbel\u00fcl 1-2 \u00f3ra a teljes felt\u00f6lt\u00e9shez egy Type-C t\u00f6lt\u0151vel.<\/p>\n<p><strong>Mennyi nikotin van a Fumot RandM 12000 eldobhat\u00f3 vape-ben?<\/strong><br \/>\nAz eszk\u00f6z 2% (20 mg) \u00e9s 5% (50 mg) nikotin opci\u00f3kkal kaphat\u00f3.<\/p>\n<p><strong>Hol lehet RandM 12k puff Vapes-t v\u00e1s\u00e1rolni nagykereskedelmi \u00e1ron?<\/strong><br \/>\nAz Rmvapesale online vape bolt nagykereskedelmi \u00e1rakat k\u00edn\u00e1l a RandM 12000 Puffs vapes-re.<\/p>\n<p><strong>Vihetek eldobhat\u00f3 vape-et rep\u00fcl\u0151g\u00e9pre?<\/strong><br \/>\nIgen, az eldobhat\u00f3 vape-ok felvihet\u0151k a k\u00e9zipoggy\u00e1szba, de be kell tartaniuk a l\u00e9git\u00e1rsas\u00e1gok l\u00edtium akkumul\u00e1torokra vonatkoz\u00f3 szab\u00e1lyait.<\/p>\n<p><strong>H\u00e1ny slukkot biztos\u00edt a RandM Fumot 12k Vape?<\/strong><br \/>\nA RandM Fumot 12000 ak\u00e1r 12 000 slukkot is biztos\u00edt k\u00e9sz\u00fcl\u00e9kenk\u00e9nt.<\/p>\n<p><strong>Mennyi id\u0151 alatt t\u00f6lt\u0151dik fel teljesen a RandM Tornado 12000 vape?<\/strong><br \/>\nA RandM Tornado 12000 vape teljes felt\u00f6lt\u00e9se Type-C USB t\u00f6lt\u0151vel k\u00f6r\u00fclbel\u00fcl 1-2 \u00f3r\u00e1t vesz ig\u00e9nybe.<\/p>\n<\/div>\n<div class=\"mb-2 flex gap-3 empty:hidden -ml-2\"><\/div>\n<p>&nbsp;<\/p>\n<\/div>\n<\/div>\n<\/div>\n<h3>A Sz\u00e1ll\u00edt\u00e1sr\u00f3l<\/h3>\n<div class=\"flex-shrink-0 flex flex-col relative items-end\">\n<div>\n<div class=\"pt-0\">\n<div class=\"gizmo-bot-avatar flex h-8 w-8 items-center justify-center overflow-hidden rounded-full\">\n<div><\/div>\n<div class=\"relative p-1 rounded-sm flex items-center justify-center bg-token-main-surface-primary text-token-text-primary h-8 w-8\"><strong>1. Milyen sz\u00e1ll\u00edt\u00e1si m\u00f3dokat haszn\u00e1lnak?<\/strong><\/div>\n<\/div>\n<\/div>\n<\/div>\n<\/div>\n<div class=\"group\/conversation-turn relative flex w-full min-w-0 flex-col agent-turn\">\n<div class=\"flex-col gap-1 md:gap-3\">\n<div class=\"flex max-w-full flex-col flex-grow\">\n<div class=\"min-h-[20px] text-message flex w-full flex-col items-end gap-2 whitespace-normal break-words [.text-message+&amp;]:mt-5 overflow-x-auto\" dir=\"auto\" data-message-author-role=\"assistant\" data-message-id=\"22f8283b-3233-46ff-89a5-c7a41b33abda\">\n<div class=\"flex w-full flex-col gap-1 empty:hidden first:pt-[3px]\">\n<div class=\"markdown prose w-full break-words dark:prose-invert light\">\n<p>Partnerei vagyunk a UPS, DHL, FedEx, DPD \u00e9s m\u00e1s vezet\u0151 fuvaroz\u00f3knak. A legjobb sz\u00e1ll\u00edt\u00e1si m\u00f3dot fogjuk kiv\u00e1lasztani a sz\u00e1ll\u00edt\u00e1si helysz\u00edne alapj\u00e1n, hogy a lehet\u0151 leggyorsabban megkapja a term\u00e9keit.<\/p>\n<\/div>\n<p><strong>2. Mennyi id\u0151 alatt \u00e9rkezik meg?<\/strong><\/p>\n<p>A csomagok \u00e1ltal\u00e1ban 10 munkanapon bel\u00fcl meg\u00e9rkeznek Magyarorsz\u00e1gra. Az eur\u00f3pai orsz\u00e1gokba t\u00f6rt\u00e9n\u0151 sz\u00e1ll\u00edt\u00e1s \u00e1ltal\u00e1ban 12-15 munkanapot vesz ig\u00e9nybe. Folyamatosan t\u00e1j\u00e9koztatjuk a sz\u00e1ll\u00edt\u00e1si st\u00e1tuszr\u00f3l.<\/p>\n<\/div>\n<\/div>\n<\/div>\n<\/div>\n<\/div>\n<p>&nbsp;<\/p>\n<p>Tal\u00e1lja meg a tov\u00e1bbi vape term\u00e9keket, amelyek tetszhetnek \u00d6nnek:<strong><em><a href=\"https:\/\/rmvapesale.com\/hu\/shop-2\/\">V\u00e1s\u00e1roljon most &gt;&gt;&gt;<\/a><\/em><\/strong><\/p>","protected":false},"excerpt":{"rendered":"<p>Fumot RandM 12000 Puffs Digital Box eldobhat\u00f3 vape<br \/>\nFumot 12000 t\u00f6lthet\u0151, eldobhat\u00f3 vape nagykereskedelmi \u00e1r<br \/>\nRandM Vape Fumot 12000 alacsony nikotintartalm\u00fa eldobhat\u00f3 vape 2%<\/p>\n<p><img loading=\"lazy\" decoding=\"async\" class=\"size-full wp-image-2375\" src=\"https:\/\/rmvapesale.com\/wp-content\/uploads\/2024\/10\/image.png\" alt=\"Legjobb Eldobhat\u00f3 Vape\" width=\"229\" height=\"300\" \/><\/p>\n<h3><a href=\"https:\/\/wa.me\/8617776015835\"><span style=\"color: #ff0000\"><strong>WhatsApp: +86 17776015835<\/strong><\/span><\/a><\/h3>\n<p>&nbsp;<\/p>","protected":false},"featured_media":2733,"comment_status":"open","ping_status":"closed","template":"","meta":{"_uag_custom_page_level_css":"","_lmt_disableupdate":"no","_lmt_disable":"","site-sidebar-layout":"default","site-content-layout":"content-boxed-container","ast-site-content-layout":"normal-width-container","site-content-style":"boxed","site-sidebar-style":"unboxed","ast-global-header-display":"","ast-banner-title-visibility":"","ast-main-header-display":"","ast-hfb-above-header-display":"","ast-hfb-below-header-display":"","ast-hfb-mobile-header-display":"","site-post-title":"","ast-breadcrumbs-content":"","ast-featured-img":"","footer-sml-layout":"","theme-transparent-header-meta":"default","adv-header-id-meta":"","stick-header-meta":"","header-above-stick-meta":"","header-main-stick-meta":"","header-below-stick-meta":"","astra-migrate-meta-layouts":"set","ast-page-background-enabled":"default","ast-page-background-meta":{"desktop":{"background-color":"var(--ast-global-color-4)","background-image":"","background-repeat":"repeat","background-position":"center center","background-size":"auto","background-attachment":"scroll","background-type":"","background-media":"","overlay-type":"","overlay-color":"","overlay-opacity":"","overlay-gradient":""},"tablet":{"background-color":"","background-image":"","background-repeat":"repeat","background-position":"center center","background-size":"auto","background-attachment":"scroll","background-type":"","background-media":"","overlay-type":"","overlay-color":"","overlay-opacity":"","overlay-gradient":""},"mobile":{"background-color":"","background-image":"","background-repeat":"repeat","background-position":"center center","background-size":"auto","background-attachment":"scroll","background-type":"","background-media":"","overlay-type":"","overlay-color":"","overlay-opacity":"","overlay-gradient":""}},"ast-content-background-meta":{"desktop":{"background-color":"var(--ast-global-color-5)","background-image":"","background-repeat":"repeat","background-position":"center center","background-size":"auto","background-attachment":"scroll","background-type":"","background-media":"","overlay-type":"","overlay-color":"","overlay-opacity":"","overlay-gradient":""},"tablet":{"background-color":"var(--ast-global-color-5)","background-image":"","background-repeat":"repeat","background-position":"center center","background-size":"auto","background-attachment":"scroll","background-type":"","background-media":"","overlay-type":"","overlay-color":"","overlay-opacity":"","overlay-gradient":""},"mobile":{"background-color":"var(--ast-global-color-5)","background-image":"","background-repeat":"repeat","background-position":"center center","background-size":"auto","background-attachment":"scroll","background-type":"","background-media":"","overlay-type":"","overlay-color":"","overlay-opacity":"","overlay-gradient":""}},"_joinchat":[]},"product_brand":[],"product_cat":[15,51,25,123,26,28,135,27,31,137,136,30],"product_tag":[212,214,39,213,38],"class_list":{"0":"post-2729","1":"product","2":"type-product","3":"status-publish","4":"has-post-thumbnail","6":"product_cat-new-vape-this-week","7":"product_cat-fumot-vape","8":"product_cat-germany-best-selling-vape","9":"product_cat-italy-wholesale-vape","10":"product_cat-netherlands-hot-sale-vape","11":"product_cat-poland-hot-sale-vape","12":"product_cat-spain-best-hot-sale-vape","13":"product_cat-fance-hot-sale-vape","14":"product_cat-randm-fumot-vape","15":"product_cat-rechargeable-vapes","16":"product_cat-smart-screen-vapes","17":"product_cat-minimum-order-quantity-50pcs","18":"product_tag-fumot-12000","19":"product_tag-fumot-12k","20":"product_tag-fumot-vape","21":"product_tag-randm-12000","22":"product_tag-randm-vape","23":"desktop-align-left","24":"tablet-align-left","25":"mobile-align-left","27":"first","28":"instock","29":"sale","30":"shipping-taxable","31":"purchasable","32":"product-type-simple"},"uagb_featured_image_src":{"full":["https:\/\/rmvapesale.com\/wp-content\/uploads\/2024\/11\/RandM-Vape-12000-Puffs-Disposable-Vape-Cheap-Price.jpg",800,800,false],"thumbnail":["https:\/\/rmvapesale.com\/wp-content\/uploads\/2024\/11\/RandM-Vape-12000-Puffs-Disposable-Vape-Cheap-Price-150x150.jpg",150,150,true],"medium":["https:\/\/rmvapesale.com\/wp-content\/uploads\/2024\/11\/RandM-Vape-12000-Puffs-Disposable-Vape-Cheap-Price-300x300.jpg",300,300,true],"medium_large":["https:\/\/rmvapesale.com\/wp-content\/uploads\/2024\/11\/RandM-Vape-12000-Puffs-Disposable-Vape-Cheap-Price-768x768.jpg",768,768,true],"large":["https:\/\/rmvapesale.com\/wp-content\/uploads\/2024\/11\/RandM-Vape-12000-Puffs-Disposable-Vape-Cheap-Price.jpg",800,800,false],"1536x1536":["https:\/\/rmvapesale.com\/wp-content\/uploads\/2024\/11\/RandM-Vape-12000-Puffs-Disposable-Vape-Cheap-Price.jpg",800,800,false],"2048x2048":["https:\/\/rmvapesale.com\/wp-content\/uploads\/2024\/11\/RandM-Vape-12000-Puffs-Disposable-Vape-Cheap-Price.jpg",800,800,false],"trp-custom-language-flag":["https:\/\/rmvapesale.com\/wp-content\/uploads\/2024\/11\/RandM-Vape-12000-Puffs-Disposable-Vape-Cheap-Price.jpg",12,12,false],"woocommerce_thumbnail":["https:\/\/rmvapesale.com\/wp-content\/uploads\/2024\/11\/RandM-Vape-12000-Puffs-Disposable-Vape-Cheap-Price-300x300.jpg",300,300,true],"woocommerce_single":["https:\/\/rmvapesale.com\/wp-content\/uploads\/2024\/11\/RandM-Vape-12000-Puffs-Disposable-Vape-Cheap-Price-600x600.jpg",600,600,true],"woocommerce_gallery_thumbnail":["https:\/\/rmvapesale.com\/wp-content\/uploads\/2024\/11\/RandM-Vape-12000-Puffs-Disposable-Vape-Cheap-Price-100x100.jpg",100,100,true],"wcpr-photo-reviews":["https:\/\/rmvapesale.com\/wp-content\/uploads\/2024\/11\/RandM-Vape-12000-Puffs-Disposable-Vape-Cheap-Price.jpg",500,500,false]},"uagb_author_info":{"display_name":"AMY","author_link":"https:\/\/rmvapesale.com\/hu\/author\/"},"uagb_comment_info":0,"uagb_excerpt":"Fumot RandM 12000 Puffs Digital Box Disposable Vape Fumot 12000 Rechargeable Disposable Vape Wholesale Price RandM Vape Fumot 12000 Low Nicotine Disposable Vape 2% WhatsApp: +86 17776015835 &nbsp;","_links":{"self":[{"href":"https:\/\/rmvapesale.com\/hu\/wp-json\/wp\/v2\/product\/2729","targetHints":{"allow":["GET"]}}],"collection":[{"href":"https:\/\/rmvapesale.com\/hu\/wp-json\/wp\/v2\/product"}],"about":[{"href":"https:\/\/rmvapesale.com\/hu\/wp-json\/wp\/v2\/types\/product"}],"replies":[{"embeddable":true,"href":"https:\/\/rmvapesale.com\/hu\/wp-json\/wp\/v2\/comments?post=2729"}],"wp:featuredmedia":[{"embeddable":true,"href":"https:\/\/rmvapesale.com\/hu\/wp-json\/wp\/v2\/media\/2733"}],"wp:attachment":[{"href":"https:\/\/rmvapesale.com\/hu\/wp-json\/wp\/v2\/media?parent=2729"}],"wp:term":[{"taxonomy":"product_brand","embeddable":true,"href":"https:\/\/rmvapesale.com\/hu\/wp-json\/wp\/v2\/product_brand?post=2729"},{"taxonomy":"product_cat","embeddable":true,"href":"https:\/\/rmvapesale.com\/hu\/wp-json\/wp\/v2\/product_cat?post=2729"},{"taxonomy":"product_tag","embeddable":true,"href":"https:\/\/rmvapesale.com\/hu\/wp-json\/wp\/v2\/product_tag?post=2729"}],"curies":[{"name":"wp","href":"https:\/\/api.w.org\/{rel}","templated":true}]}}