{"id":2738,"date":"2024-11-15T08:19:48","date_gmt":"2024-11-15T08:19:48","guid":{"rendered":"https:\/\/rmvapesale.com\/?post_type=product&#038;p=2738"},"modified":"2024-11-15T08:43:47","modified_gmt":"2024-11-15T08:43:47","slug":"fumot-randm-12000-strawberry-kiwi-flavor-disposable-vape-wholesale-netherlands","status":"publish","type":"product","link":"https:\/\/rmvapesale.com\/hu\/product\/fumot-randm-12000-strawberry-kiwi-flavor-disposable-vape-wholesale-netherlands\/","title":{"rendered":"Fumot RandM 12000 Eper Kiwi \u00cdz Eldobhat\u00f3 Vape Nagykeresked\u00e9s Magyarorsz\u00e1g"},"content":{"rendered":"<div class=\"B2VR9 CJHX3e\">\n<div class=\"wyccme\">\n<h1 class=\"LC20lb MBeuO DKV0Md\">Fumot RandM 12000 Eper Kiwi \u00cdz Eldobhat\u00f3 Vape Nagykeresked\u00e9s Magyarorsz\u00e1g<\/h1>\n<div class=\"flex-shrink-0 flex flex-col relative items-end\">\n<div class=\"pt-0\">\n<div class=\"gizmo-bot-avatar flex h-8 w-8 items-center justify-center overflow-hidden rounded-full\">\n<div class=\"relative p-1 rounded-sm flex items-center justify-center bg-token-main-surface-primary text-token-text-primary h-8 w-8\">\n<p>&nbsp;<\/p>\n<p>Tapasztalja meg az eper \u00e9s a kivi vibr\u00e1l\u00f3 kever\u00e9k\u00e9t a Fumot RandM 12000 Eper kivi \u00edzes\u00edt\u00e9s\u0171 eldobhat\u00f3 vape-pel, amelyet \u00fagy terveztek, hogy ak\u00e1r 12 000 slukkot is biztos\u00edtson gazdag \u00e9s kiel\u00e9g\u00edt\u0151 \u00edzb\u0151l. Ez az eldobhat\u00f3 vape ide\u00e1lis a magyarorsz\u00e1gi nagykereskedelem sz\u00e1m\u00e1ra, hosszan tart\u00f3 g\u0151z\u00f6l\u00e9si megold\u00e1st k\u00edn\u00e1l, amely t\u00f6k\u00e9letes mind az \u00faj, mind a tapasztalt felhaszn\u00e1l\u00f3k sz\u00e1m\u00e1ra. 20 ml-es e-liquid kapacit\u00e1s\u00e1val \u00e9s 0%, 2%, 3% vagy 5% nikotinszil\u00e1rds\u00e1g\u00e1val ez az eszk\u00f6z a k\u00fcl\u00f6nf\u00e9le preferenci\u00e1kat is kiel\u00e9g\u00edti, \u00edgy a felhaszn\u00e1l\u00f3k kiv\u00e1laszthatj\u00e1k a sz\u00e1mukra legmegfelel\u0151bb intenzit\u00e1st. Az er\u0151teljes 850 mAh-s \u00fajrat\u00f6lthet\u0151 akkumul\u00e1tor, amelyhez k\u00e9nyelmes C t\u00edpus\u00fa t\u00f6lt\u0151port p\u00e1rosul, biztos\u00edtja, hogy a g\u0151z\u00f6l\u00e9st minim\u00e1lis \u00e1ll\u00e1sid\u0151vel \u00e9lvezhesse.<\/p>\n<p>A Fumot RandM 12000 Eper kivi \u00edzes\u00edt\u00e9s\u0171 eldobhat\u00f3 vape digit\u00e1lis kijelz\u0151vel is rendelkezik, amely val\u00f3s idej\u0171 friss\u00edt\u00e9seket biztos\u00edt az akkumul\u00e1tor \u00e9lettartam\u00e1r\u00f3l \u00e9s az e-liquid szintj\u00e9r\u0151l, \u00edgy mindig \u00d6n ir\u00e1ny\u00edt. A fejlett h\u00e1l\u00f3s tekercstechnol\u00f3gi\u00e1val tervezett vape sima \u00e9s \u00edzes g\u0151zt biztos\u00edt, fokozva az eper-kivi kever\u00e9k term\u00e9szetes \u00e9dess\u00e9g\u00e9t \u00e9s fanyars\u00e1g\u00e1t. A k\u00e9nyelem \u00e9rdek\u00e9ben minden egys\u00e9g el\u0151ret\u00f6ltve van, kompakt, ergonomikus kialak\u00edt\u00e1sa pedig megk\u00f6nny\u00edti a sz\u00e1ll\u00edt\u00e1st. Ak\u00e1r \u00fatk\u00f6zbeni megold\u00e1st, ak\u00e1r \u00edzletes, nagy teljes\u00edtm\u00e9ny\u0171 vape-ot keres, ez a RandM 12000 Eper kivi vape k\u00e9sz\u00fcl\u00e9k t\u00f6k\u00e9letes a nagykereskedelmi megrendel\u00e9sekhez, hogy megfeleljen az \u00fcgyfelek ig\u00e9nyeinek.<\/p>\n<\/div>\n<\/div>\n<\/div>\n<\/div>\n<\/div>\n<\/div>\n<p><strong>L\u00e9pjen kapcsolatba Amyvel, hogy megkapja a helyes v\u00e1laszt \u00e9s a vape kupont!<\/strong><\/p>\n<p><img loading=\"lazy\" decoding=\"async\" class=\"size-full wp-image-1978\" src=\"https:\/\/rmvapesale.com\/wp-content\/uploads\/2024\/09\/Disposable-Vape-Wholesale.jpg\" alt=\"Eldobhat\u00f3 Vape Nagykereskedelem\" width=\"229\" height=\"300\" \/><\/p>\n<h3><a href=\"https:\/\/wa.me\/8617776015835\" target=\"_blank\" rel=\"noopener\"><span style=\"color: #ff0000\"><strong>WhatsApp: +86 17776015835<\/strong><\/span><\/a><\/h3>\n<p>&nbsp;<\/p>\n<h2><\/h2>\n<h2><strong>Randm 12000 Puffs F\u0151bb jellemz\u0151k<\/strong><\/h2>\n<ul>\n<li>Ak\u00e1r 12 000 slukk k\u00e9sz\u00fcl\u00e9kenk\u00e9nt<\/li>\n<li>A digit\u00e1lis kijelz\u0151 mutatja az akkumul\u00e1tor \u00e9s az e-liquid szintj\u00e9t<\/li>\n<li>Eper kivi \u00edz 20 ml-es e-liquid kapacit\u00e1ssal<\/li>\n<li>\u00dajrat\u00f6lthet\u0151 850 mAh-s akkumul\u00e1tor C t\u00edpus\u00fa porttal<\/li>\n<li>Kaphat\u00f3 0%, 2%, 3% \u00e9s 5% nikotintartalommal<\/li>\n<\/ul>\n<figure id=\"attachment_2731\" aria-describedby=\"caption-attachment-2731\" style=\"width: 800px\" class=\"wp-caption alignnone\"><img loading=\"lazy\" decoding=\"async\" class=\"wp-image-2731 size-full\" src=\"https:\/\/rmvapesale.com\/wp-content\/uploads\/2024\/11\/RandM-12000-Disposable-Vape-Bulk-Buy.jpg\" alt=\"RandM 12000 Eldobhat\u00f3 Vape \u00d6mlesztett V\u00e1s\u00e1rl\u00e1s\" width=\"800\" height=\"800\" srcset=\"https:\/\/rmvapesale.com\/wp-content\/uploads\/2024\/11\/RandM-12000-Disposable-Vape-Bulk-Buy.jpg 800w, https:\/\/rmvapesale.com\/wp-content\/uploads\/2024\/11\/RandM-12000-Disposable-Vape-Bulk-Buy-300x300.jpg 300w, https:\/\/rmvapesale.com\/wp-content\/uploads\/2024\/11\/RandM-12000-Disposable-Vape-Bulk-Buy-150x150.jpg 150w, https:\/\/rmvapesale.com\/wp-content\/uploads\/2024\/11\/RandM-12000-Disposable-Vape-Bulk-Buy-768x768.jpg 768w, https:\/\/rmvapesale.com\/wp-content\/uploads\/2024\/11\/RandM-12000-Disposable-Vape-Bulk-Buy-600x600.jpg 600w, https:\/\/rmvapesale.com\/wp-content\/uploads\/2024\/11\/RandM-12000-Disposable-Vape-Bulk-Buy-100x100.jpg 100w\" sizes=\"auto, (max-width: 800px) 100vw, 800px\" \/><figcaption id=\"caption-attachment-2731\" class=\"wp-caption-text\">RandM 12000 Eldobhat\u00f3 Vape \u00d6mlesztett V\u00e1s\u00e1rl\u00e1s<\/figcaption><\/figure>\n<h2><strong>A legjobb \u00edz a Fumot 12000 Puffs sz\u00e1m\u00e1ra<\/strong><\/h2>\n<p>1 H\u0171s\u00edt\u0151 Menta <span style=\"color: #ff0000\"><strong>&gt;&gt;&gt;&gt; Forr\u00f3!<\/strong><\/span><br \/>\n2 Dinnye J\u00e9g<br \/>\n3 Sz\u0151l\u0151 J\u00e9g<br \/>\n4 \u00c1fonya M\u00e1lna <span style=\"color: #ff0000\"><strong>&gt;&gt;&gt;&gt; Forr\u00f3!<\/strong><\/span><br \/>\n5 Eper Dinnye<br \/>\n6 Eper Ban\u00e1n<br \/>\n7 Zamat J\u00e9g<br \/>\n8 Cseresznye<br \/>\n9 Eper J\u00e9g<br \/>\n10 Jeges nyal\u00f3ka<br \/>\n11 R\u00f3zsasz\u00edn limon\u00e1d\u00e9 <span style=\"color: #ff0000\"><strong>&gt;&gt;&gt;&gt; Forr\u00f3!<\/strong><\/span><br \/>\n12 Mang\u00f3 j\u00e9ggel<br \/>\n13 Vegyes bogy\u00f3s gy\u00fcm\u00f6lcs\u00f6k<br \/>\n14 Epres f\u00e1nk<br \/>\n15 Eper sz\u0151l\u0151<br \/>\n16 Meggyes k\u00f3la<br \/>\n17 Dr. k\u00e9k<br \/>\n18 \u00c1fonya j\u00e9ggel <span style=\"color: #ff0000\"><strong>&gt;&gt;&gt;&gt; Forr\u00f3!<\/strong><\/span><br \/>\n19 Kivi maracuja guava<br \/>\n20 Eper kivi<br \/>\n21 Barack mang\u00f3<br \/>\n22 Barack j\u00e9g<br \/>\n23 Piros alma j\u00e9g<br \/>\n24 \u00c1fony\u00e1s r\u00e1g\u00f3gumi <span style=\"color: #ff0000\"><strong>&gt;&gt;&gt;&gt; A legjobb!<\/strong><\/span><br \/>\n25 Bogy\u00f3s gy\u00fcm\u00f6lcs\u00f6s limon\u00e1d\u00e9<br \/>\n26 K\u00e9k m\u00e1ln\u00e1s limon\u00e1d\u00e9<br \/>\n27 K\u00e9k savany\u00fa m\u00e1lna<br \/>\n28 Epres Red bull<br \/>\n29 Alm\u00e1s bogy\u00f3s robban\u00e1s<br \/>\n30 Dinny\u00e9s r\u00e1g\u00f3gumi<br \/>\n31 M\u00e1lna dinnye<br \/>\n32 Fekete j\u00e9g<br \/>\n33 \u00c1fonya cseresznye t\u0151zeg\u00e1fonya<br \/>\n34 Eper gr\u00e1n\u00e1talma<br \/>\n35 Vimto<br \/>\n36 Cseresznye bogy\u00f3<br \/>\n37 Citrom<br \/>\n38 Bingo Crush<br \/>\n39 \u00c1fonya kivi<br \/>\n40 Alma fah\u00e9j<\/p>\n<h3><\/h3>\n<h3><strong>Mi\u00e9rt \u00e9rdemes az Rmvapesale-t v\u00e1lasztani a RandM Digital Box 12000-hez? <\/strong><strong>V<\/strong><strong>ape Nagykeresked\u00e9s<\/strong><strong>?<\/strong><\/h3>\n<div class=\"flex-shrink-0 flex flex-col relative items-end\">\n<div class=\"pt-0\">\n<div class=\"gizmo-bot-avatar flex h-8 w-8 items-center justify-center overflow-hidden rounded-full\">\n<div class=\"relative p-1 rounded-sm flex items-center justify-center bg-token-main-surface-primary text-token-text-primary h-8 w-8\">\n<p>\u00dcdv\u00f6z\u00f6lj\u00fck a Rmvapesale-ben, az \u00d6n megb\u00edzhat\u00f3 vape \u00fczlet\u00e9ben, ahol pr\u00e9mium eldobhat\u00f3 vape-eket tal\u00e1l. T\u00f6bb mint 5 \u00e9ves szak\u00e9rtelemmel olyan n\u00e9pszer\u0171 eldobhat\u00f3 vape m\u00e1rk\u00e1kat k\u00edn\u00e1lunk, mint az Al Fakher, <a href=\"https:\/\/rmvapesale.com\/hu\/product\/vapme-crystal-7000-puffs-rechargeable-disposable-vape-price\/\">Vapme<\/a>, <a href=\"https:\/\/rmvapesale.com\/hu\/product-category\/bang-vapes\/\">Bang Vape<\/a>, Waspe, <a href=\"https:\/\/rmvapesale.com\/hu\/product\/wga-crystal-pro-max-extra-15k-puffs-disposable-vape-wholesale\/\">WGA<\/a> Vape \u00e9s<a href=\"https:\/\/rmvapesale.com\/hu\/product-category\/randm-fumot-vape\/\"> RandM Vape<\/a>.<\/p>\n<p>K\u00edn\u00e1latunkban olyan n\u00e9pszer\u0171 vape-ek szerepelnek, mint a <a href=\"https:\/\/rmvapesale.com\/hu\/product\/fumot-digital-box-12000-disposable-vape-pink-lemonade-flavor\/\">RandM 12000 Puffs<\/a> \u00e9s az \u00edzekben gazdag v\u00e1laszt\u00e9k, mint p\u00e9ld\u00e1ul az <a href=\"https:\/\/rmvapesale.com\/hu\/product\/wga-crystal-pro-max-extra-15k-puffs-disposable-vape-wholesale\/\">WGA 15K<\/a>. Minden term\u00e9ket a min\u0151s\u00e9gre, \u00e9rt\u00e9kre \u00e9s v\u00e1ltozatoss\u00e1gra f\u00f3kusz\u00e1lva v\u00e1lasztunk ki, biztos\u00edtva, hogy megtal\u00e1lja az ig\u00e9nyeinek t\u00f6k\u00e9letesen megfelel\u0151t. Fedezze fel a kiv\u00e9teles szolg\u00e1ltat\u00e1st \u00e9s a sz\u00e9les v\u00e1laszt\u00e9kot a cs\u00facsmin\u0151s\u00e9g\u0171 term\u00e9kek ter\u00e9n az Rmvapesale-n\u00e9l.<\/p>\n<\/div>\n<h3><\/h3>\n<div class=\"relative p-1 rounded-sm flex items-center justify-center bg-token-main-surface-primary text-token-text-primary h-8 w-8\">\n<h3><b>RandM 12000 Puffs \u00fajrat\u00f6lthet\u0151 eldobhat\u00f3 vape GYIK<\/b><\/h3>\n<div class=\"group\/conversation-turn relative flex w-full min-w-0 flex-col agent-turn\">\n<div class=\"flex-col gap-1 md:gap-3\">\n<div class=\"flex max-w-full flex-col flex-grow\">\n<div class=\"min-h-8 text-message flex w-full flex-col items-end gap-2 whitespace-normal break-words [.text-message+&amp;]:mt-5\" dir=\"auto\" data-message-author-role=\"assistant\" data-message-id=\"00c9b302-bc9c-4550-94ba-5a295efa2be3\" data-message-model-slug=\"gpt-4o\">\n<div class=\"flex w-full flex-col gap-1 empty:hidden first:pt-[3px]\">\n<div class=\"markdown prose w-full break-words dark:prose-invert light\">\n<div class=\"flex-shrink-0 flex flex-col relative items-end\">\n<div>\n<div class=\"pt-0\">\n<div class=\"gizmo-bot-avatar flex h-8 w-8 items-center justify-center overflow-hidden rounded-full\">\n<div class=\"relative p-1 rounded-sm flex items-center justify-center bg-token-main-surface-primary text-token-text-primary h-8 w-8\"><\/div>\n<\/div>\n<\/div>\n<\/div>\n<\/div>\n<div class=\"group\/conversation-turn relative flex w-full min-w-0 flex-col agent-turn\">\n<div class=\"flex-col gap-1 md:gap-3\">\n<div class=\"flex max-w-full flex-col flex-grow\">\n<div class=\"min-h-8 text-message flex w-full flex-col items-end gap-2 whitespace-normal break-words [.text-message+&amp;]:mt-5\" dir=\"auto\" data-message-author-role=\"assistant\" data-message-id=\"a3dc01bd-23b0-4fd7-bb9a-7827522cefd8\" data-message-model-slug=\"gpt-4o\">\n<div class=\"flex w-full flex-col gap-1 empty:hidden first:pt-[3px]\">\n<div class=\"markdown prose w-full break-words dark:prose-invert light\">\n<ul>\n<li><strong>H\u00e1ny slukkot biztos\u00edt a Fumot 12000 \u00fajrat\u00f6lthet\u0151 vape?<\/strong><br \/>\nA Fumot 12000 \u00fajrat\u00f6lthet\u0151 vape ak\u00e1r <strong>12 000 puff<\/strong>-t biztos\u00edt, hosszan tart\u00f3 g\u0151z\u00f6l\u00e9si \u00e9lm\u00e9nyt ny\u00fajtva.<\/li>\n<li><strong>Melyek a n\u00e9pszer\u0171 \u00edzek a RandM 12000 Digital Box vape sz\u00e1m\u00e1ra?<\/strong><br \/>\nA RandM 12000 Digital Box Vape n\u00e9pszer\u0171 \u00edzei a k\u00f6vetkez\u0151k: <strong>Eper Kiwi<\/strong> \u00e9s <strong>Eper dinnye<\/strong>. Ezek az \u00edzek k\u00fcl\u00f6n\u00f6sen n\u00e9pszer\u0171ek kiegyens\u00falyozott \u00e9s friss\u00edt\u0151 \u00edzprofiljuk miatt.<\/li>\n<li><strong>Honnan tudhatom, hogy a Fumot Vape 12000 Digital Boxom \u00fcres?<\/strong><br \/>\nA Fumot 12000 Digital Box Vape rendelkezik egy <strong>digit\u00e1lis kijelz\u0151<\/strong> , amely mutatja az e-liquid szintet. Amikor az e-liquid szintje alacsony, vagy a g\u0151ztermel\u00e9s jelent\u0151sen cs\u00f6kken, az annak a jele, hogy az eszk\u00f6z hamarosan kifogy.<\/li>\n<li><strong>Mennyi nikotin van a Fumot 12000 Puffs Eldobhat\u00f3 Vape-ekben?<\/strong><br \/>\nA Fumot 12000 Eldobhat\u00f3 Vape nikotinszintet k\u00edn\u00e1l <strong>0%, 2%, 3% \u00e9s 5%<\/strong>, kiel\u00e9g\u00edtve a felhaszn\u00e1l\u00f3i preferenci\u00e1k sz\u00e9les sk\u00e1l\u00e1j\u00e1t.<\/li>\n<li><strong>Mennyi id\u0151be telik teljesen felt\u00f6lteni a Fumot 12000 eldobhat\u00f3 vape-et?<\/strong><br \/>\nA Fumot 12000 Eldobhat\u00f3 Vape t\u00f6lt\u00e9se \u00e1ltal\u00e1ban k\u00f6r\u00fclbel\u00fcl <strong>1\u20131,5 \u00f3ra<\/strong> a Type-C porton kereszt\u00fcl, a haszn\u00e1lt t\u00f6lt\u0151t\u0151l f\u00fcgg\u0151en.<\/li>\n<li><strong>Hol lehet megv\u00e1s\u00e1rolni a Fumot RandM Digital Box 12000 Vapes-et nagykereskedelmi \u00e1ron?<\/strong><br \/>\nA Fumot RandM Digital Box 12000 Vapes nagykereskedelmi \u00e1rai\u00e9rt l\u00e1togasson el a <strong>Rmvapesale online vape boltb\u00f3l<\/strong> a legjobb aj\u00e1nlatok\u00e9rt \u00e9s t\u00f6meges v\u00e1s\u00e1rl\u00e1si lehet\u0151s\u00e9gek\u00e9rt.<\/li>\n<li><strong>Vihetek eldobhat\u00f3 vape-et rep\u00fcl\u0151g\u00e9pre?<\/strong><br \/>\nIgen, vihetsz fel eldobhat\u00f3 vape-et a rep\u00fcl\u0151re. Azonban azt a <strong>k\u00e9zipoggy\u00e1szodban<\/strong>kell tartanod, mivel a legt\u00f6bb l\u00e9git\u00e1rsas\u00e1g tiltja a vape eszk\u00f6z\u00f6ket a feladott poggy\u00e1szban az akkumul\u00e1tor biztons\u00e1gi el\u0151\u00edr\u00e1sok miatt.<\/li>\n<\/ul>\n<\/div>\n<\/div>\n<\/div>\n<\/div>\n<\/div>\n<\/div>\n<\/div>\n<\/div>\n<\/div>\n<\/div>\n<\/div>\n<\/div>\n<\/div>\n<div class=\"mb-2 flex gap-3 empty:hidden -ml-2\"><\/div>\n<p>&nbsp;<\/p>\n<\/div>\n<\/div>\n<\/div>\n<h3>A Sz\u00e1ll\u00edt\u00e1sr\u00f3l<\/h3>\n<div class=\"flex-shrink-0 flex flex-col relative items-end\">\n<div>\n<div class=\"pt-0\">\n<div class=\"gizmo-bot-avatar flex h-8 w-8 items-center justify-center overflow-hidden rounded-full\">\n<div><\/div>\n<div class=\"relative p-1 rounded-sm flex items-center justify-center bg-token-main-surface-primary text-token-text-primary h-8 w-8\"><strong>1. Milyen sz\u00e1ll\u00edt\u00e1si m\u00f3dokat haszn\u00e1lnak?<\/strong><\/div>\n<\/div>\n<\/div>\n<\/div>\n<\/div>\n<div class=\"group\/conversation-turn relative flex w-full min-w-0 flex-col agent-turn\">\n<div class=\"flex-col gap-1 md:gap-3\">\n<div class=\"flex max-w-full flex-col flex-grow\">\n<div class=\"min-h-[20px] text-message flex w-full flex-col items-end gap-2 whitespace-normal break-words [.text-message+&amp;]:mt-5 overflow-x-auto\" dir=\"auto\" data-message-author-role=\"assistant\" data-message-id=\"22f8283b-3233-46ff-89a5-c7a41b33abda\">\n<div class=\"flex w-full flex-col gap-1 empty:hidden first:pt-[3px]\">\n<div class=\"markdown prose w-full break-words dark:prose-invert light\">\n<p>Partnerei vagyunk a UPS, DHL, FedEx, DPD \u00e9s m\u00e1s vezet\u0151 fuvaroz\u00f3knak. A legjobb sz\u00e1ll\u00edt\u00e1si m\u00f3dot fogjuk kiv\u00e1lasztani a sz\u00e1ll\u00edt\u00e1si helysz\u00edne alapj\u00e1n, hogy a lehet\u0151 leggyorsabban megkapja a term\u00e9keit.<\/p>\n<\/div>\n<p><strong>2. Mennyi id\u0151 alatt \u00e9rkezik meg?<\/strong><\/p>\n<p>A csomagok \u00e1ltal\u00e1ban 10 munkanapon bel\u00fcl meg\u00e9rkeznek Magyarorsz\u00e1gra. Az eur\u00f3pai orsz\u00e1gokba t\u00f6rt\u00e9n\u0151 sz\u00e1ll\u00edt\u00e1s \u00e1ltal\u00e1ban 12-15 munkanapot vesz ig\u00e9nybe. Folyamatosan t\u00e1j\u00e9koztatjuk a sz\u00e1ll\u00edt\u00e1si st\u00e1tuszr\u00f3l.<\/p>\n<\/div>\n<\/div>\n<\/div>\n<\/div>\n<\/div>\n<p>&nbsp;<\/p>\n<p>Tal\u00e1lja meg a tov\u00e1bbi vape term\u00e9keket, amelyek tetszhetnek \u00d6nnek:<strong><em><a href=\"https:\/\/rmvapesale.com\/hu\/shop-2\/\">V\u00e1s\u00e1roljon most &gt;&gt;&gt;<\/a><\/em><\/strong><\/p>","protected":false},"excerpt":{"rendered":"<p>Fumot Digital Box 12000 eldobhat\u00f3 vape<br \/>\nRandM Vape Fumot Digital Box 12000 Puff T\u00f6meges v\u00e1s\u00e1rl\u00e1s<br \/>\nFumot 12000 Eldobhat\u00f3 Vape \u00d6sszes \u00edz rakt\u00e1ron nagykereskedelem<\/p>\n<p><img loading=\"lazy\" decoding=\"async\" class=\"size-full wp-image-2375\" src=\"https:\/\/rmvapesale.com\/wp-content\/uploads\/2024\/10\/image.png\" alt=\"Legjobb Eldobhat\u00f3 Vape\" width=\"229\" height=\"300\" \/><\/p>\n<h3><a href=\"https:\/\/wa.me\/8617776015835\"><span style=\"color: #ff0000\"><strong>WhatsApp: +86 17776015835<\/strong><\/span><\/a><\/h3>\n<p>&nbsp;<\/p>","protected":false},"featured_media":2730,"comment_status":"open","ping_status":"closed","template":"","meta":{"_uag_custom_page_level_css":"","_lmt_disableupdate":"no","_lmt_disable":"","site-sidebar-layout":"default","site-content-layout":"content-boxed-container","ast-site-content-layout":"normal-width-container","site-content-style":"boxed","site-sidebar-style":"unboxed","ast-global-header-display":"","ast-banner-title-visibility":"","ast-main-header-display":"","ast-hfb-above-header-display":"","ast-hfb-below-header-display":"","ast-hfb-mobile-header-display":"","site-post-title":"","ast-breadcrumbs-content":"","ast-featured-img":"","footer-sml-layout":"","ast-disable-related-posts":"","theme-transparent-header-meta":"default","adv-header-id-meta":"","stick-header-meta":"","header-above-stick-meta":"","header-main-stick-meta":"","header-below-stick-meta":"","astra-migrate-meta-layouts":"set","ast-page-background-enabled":"default","ast-page-background-meta":{"desktop":{"background-color":"var(--ast-global-color-4)","background-image":"","background-repeat":"repeat","background-position":"center center","background-size":"auto","background-attachment":"scroll","background-type":"","background-media":"","overlay-type":"","overlay-color":"","overlay-opacity":"","overlay-gradient":""},"tablet":{"background-color":"","background-image":"","background-repeat":"repeat","background-position":"center center","background-size":"auto","background-attachment":"scroll","background-type":"","background-media":"","overlay-type":"","overlay-color":"","overlay-opacity":"","overlay-gradient":""},"mobile":{"background-color":"","background-image":"","background-repeat":"repeat","background-position":"center center","background-size":"auto","background-attachment":"scroll","background-type":"","background-media":"","overlay-type":"","overlay-color":"","overlay-opacity":"","overlay-gradient":""}},"ast-content-background-meta":{"desktop":{"background-color":"var(--ast-global-color-5)","background-image":"","background-repeat":"repeat","background-position":"center center","background-size":"auto","background-attachment":"scroll","background-type":"","background-media":"","overlay-type":"","overlay-color":"","overlay-opacity":"","overlay-gradient":""},"tablet":{"background-color":"var(--ast-global-color-5)","background-image":"","background-repeat":"repeat","background-position":"center center","background-size":"auto","background-attachment":"scroll","background-type":"","background-media":"","overlay-type":"","overlay-color":"","overlay-opacity":"","overlay-gradient":""},"mobile":{"background-color":"var(--ast-global-color-5)","background-image":"","background-repeat":"repeat","background-position":"center center","background-size":"auto","background-attachment":"scroll","background-type":"","background-media":"","overlay-type":"","overlay-color":"","overlay-opacity":"","overlay-gradient":""}},"_joinchat":[]},"product_brand":[],"product_cat":[15,27,51,25,123,30,26,28,31,137,136,135],"product_tag":[212,214,39,213,38],"class_list":{"0":"post-2738","1":"product","2":"type-product","3":"status-publish","4":"has-post-thumbnail","6":"product_cat-new-vape-this-week","7":"product_cat-fance-hot-sale-vape","8":"product_cat-fumot-vape","9":"product_cat-germany-best-selling-vape","10":"product_cat-italy-wholesale-vape","11":"product_cat-minimum-order-quantity-50pcs","12":"product_cat-netherlands-hot-sale-vape","13":"product_cat-poland-hot-sale-vape","14":"product_cat-randm-fumot-vape","15":"product_cat-rechargeable-vapes","16":"product_cat-smart-screen-vapes","17":"product_cat-spain-best-hot-sale-vape","18":"product_tag-fumot-12000","19":"product_tag-fumot-12k","20":"product_tag-fumot-vape","21":"product_tag-randm-12000","22":"product_tag-randm-vape","23":"desktop-align-left","24":"tablet-align-left","25":"mobile-align-left","27":"first","28":"instock","29":"sale","30":"shipping-taxable","31":"purchasable","32":"product-type-simple"},"uagb_featured_image_src":{"full":["https:\/\/rmvapesale.com\/wp-content\/uploads\/2024\/11\/Fumot-12000-Disposable-Vape-Wholesale.jpg",800,800,false],"thumbnail":["https:\/\/rmvapesale.com\/wp-content\/uploads\/2024\/11\/Fumot-12000-Disposable-Vape-Wholesale-150x150.jpg",150,150,true],"medium":["https:\/\/rmvapesale.com\/wp-content\/uploads\/2024\/11\/Fumot-12000-Disposable-Vape-Wholesale-300x300.jpg",300,300,true],"medium_large":["https:\/\/rmvapesale.com\/wp-content\/uploads\/2024\/11\/Fumot-12000-Disposable-Vape-Wholesale-768x768.jpg",768,768,true],"large":["https:\/\/rmvapesale.com\/wp-content\/uploads\/2024\/11\/Fumot-12000-Disposable-Vape-Wholesale.jpg",800,800,false],"1536x1536":["https:\/\/rmvapesale.com\/wp-content\/uploads\/2024\/11\/Fumot-12000-Disposable-Vape-Wholesale.jpg",800,800,false],"2048x2048":["https:\/\/rmvapesale.com\/wp-content\/uploads\/2024\/11\/Fumot-12000-Disposable-Vape-Wholesale.jpg",800,800,false],"trp-custom-language-flag":["https:\/\/rmvapesale.com\/wp-content\/uploads\/2024\/11\/Fumot-12000-Disposable-Vape-Wholesale.jpg",12,12,false],"woocommerce_thumbnail":["https:\/\/rmvapesale.com\/wp-content\/uploads\/2024\/11\/Fumot-12000-Disposable-Vape-Wholesale-300x300.jpg",300,300,true],"woocommerce_single":["https:\/\/rmvapesale.com\/wp-content\/uploads\/2024\/11\/Fumot-12000-Disposable-Vape-Wholesale-600x600.jpg",600,600,true],"woocommerce_gallery_thumbnail":["https:\/\/rmvapesale.com\/wp-content\/uploads\/2024\/11\/Fumot-12000-Disposable-Vape-Wholesale-100x100.jpg",100,100,true],"wcpr-photo-reviews":["https:\/\/rmvapesale.com\/wp-content\/uploads\/2024\/11\/Fumot-12000-Disposable-Vape-Wholesale.jpg",500,500,false]},"uagb_author_info":{"display_name":"AMY","author_link":"https:\/\/rmvapesale.com\/hu\/author\/"},"uagb_comment_info":0,"uagb_excerpt":"Fumot Digital Box 12000 Disposable Vape RandM Vape Fumot Digital Box 12000 Puff Bulk Buy Fumot 12000 Disposable Vape All Flavor in Stock Wholesale WhatsApp: +86 17776015835 &nbsp;","_links":{"self":[{"href":"https:\/\/rmvapesale.com\/hu\/wp-json\/wp\/v2\/product\/2738","targetHints":{"allow":["GET"]}}],"collection":[{"href":"https:\/\/rmvapesale.com\/hu\/wp-json\/wp\/v2\/product"}],"about":[{"href":"https:\/\/rmvapesale.com\/hu\/wp-json\/wp\/v2\/types\/product"}],"replies":[{"embeddable":true,"href":"https:\/\/rmvapesale.com\/hu\/wp-json\/wp\/v2\/comments?post=2738"}],"wp:featuredmedia":[{"embeddable":true,"href":"https:\/\/rmvapesale.com\/hu\/wp-json\/wp\/v2\/media\/2730"}],"wp:attachment":[{"href":"https:\/\/rmvapesale.com\/hu\/wp-json\/wp\/v2\/media?parent=2738"}],"wp:term":[{"taxonomy":"product_brand","embeddable":true,"href":"https:\/\/rmvapesale.com\/hu\/wp-json\/wp\/v2\/product_brand?post=2738"},{"taxonomy":"product_cat","embeddable":true,"href":"https:\/\/rmvapesale.com\/hu\/wp-json\/wp\/v2\/product_cat?post=2738"},{"taxonomy":"product_tag","embeddable":true,"href":"https:\/\/rmvapesale.com\/hu\/wp-json\/wp\/v2\/product_tag?post=2738"}],"curies":[{"name":"wp","href":"https:\/\/api.w.org\/{rel}","templated":true}]}}