{"id":2751,"date":"2024-11-18T03:50:24","date_gmt":"2024-11-18T03:50:24","guid":{"rendered":"https:\/\/rmvapesale.com\/?post_type=product&#038;p=2751"},"modified":"2024-11-18T07:14:21","modified_gmt":"2024-11-18T07:14:21","slug":"jnr-falcon-x-18000-puffs-rechargeable-disposable-vape-wholesale-cheap-price","status":"publish","type":"product","link":"https:\/\/rmvapesale.com\/hu\/product\/jnr-falcon-x-18000-puffs-rechargeable-disposable-vape-wholesale-cheap-price\/","title":{"rendered":"JNR Falcon X 18000 Puffs t\u00f6lthet\u0151 eldobhat\u00f3 vape nagykereskedelmi olcs\u00f3 \u00e1r"},"content":{"rendered":"<div class=\"B2VR9 CJHX3e\">\n<div class=\"wyccme\">\n<h1 class=\"LC20lb MBeuO DKV0Md\">JNR Falcon X 18000 Puffs t\u00f6lthet\u0151 eldobhat\u00f3 vape nagykereskedelmi olcs\u00f3 \u00e1r<\/h1>\n<div class=\"flex-shrink-0 flex flex-col relative items-end\">\n<div class=\"pt-0\">\n<div class=\"gizmo-bot-avatar flex h-8 w-8 items-center justify-center overflow-hidden rounded-full\">\n<div class=\"relative p-1 rounded-sm flex items-center justify-center bg-token-main-surface-primary text-token-text-primary h-8 w-8\">\n<p>A <strong>JNR Falcon X 18000 Puffs \u00fajrat\u00f6lthet\u0151 eldobhat\u00f3 vape <\/strong>egy \u00e9lvonalbeli eszk\u00f6z, amelyet arra terveztek, hogy hihetetlen\u00fcl nagy mennyis\u00e9g\u0171 <strong>18 000 slukkot<\/strong> satisfying, flavorful vaping. El\u0151ret\u00f6ltve <strong>24 ml pr\u00e9mium e-liquiddel<\/strong>, ez az eszk\u00f6z 2% <strong>alacsony nikotintartalm\u00fa opci\u00f3k<\/strong> amelyek minden ig\u00e9nyt kiel\u00e9g\u00edtenek. A karcs\u00fa, krist\u00e1lytiszta kialak\u00edt\u00e1s ugyanolyan st\u00edlusos, mint amennyire funkcion\u00e1lis, \u00edgy k\u00f6nnyed\u00e9n nyomon k\u00f6vetheti a marad\u00e9k e-liquidet. V\u00e1lasszon a <strong>28 pr\u00e9mium \u00edz<\/strong>v\u00e1laszt\u00e9k\u00e1b\u00f3l, bele\u00e9rtve az olyan vev\u0151i kedvenceket, mint a <strong>Eper Kiwi<\/strong>, <strong>K\u00e9k M\u00e1lna J\u00e9g<\/strong>, \u00e9s <strong>Cherry Cola<\/strong>, a felejthetetlen, \u00edzl\u00e9s\u00e9hez igaz\u00edtott vaping \u00e9lm\u00e9ny\u00e9rt.<\/p>\n<p>A <strong>JNR 18000 eldobhat\u00f3 vape<\/strong> egy hossz\u00fa \u00e9lettartam\u00fa <strong>950 mAh-s \u00fajrat\u00f6lthet\u0151 akkumul\u00e1tor<\/strong>ha\u0301ltozza, amely egyenletes teljes\u00edtm\u00e9nyt biztos\u00edt az els\u0151t\u0151l az utols\u00f3 slukkig. A be\u00e9p\u00edtett kijelz\u0151 t\u00e1j\u00e9koztatja az akkumul\u00e1tor \u00e9s az e-liquid szintj\u00e9r\u0151l, \u00edgy soha nem \u00e9ri meglepet\u00e9s. A nagykereskedelmi v\u00e1s\u00e1rl\u00f3k sz\u00e1m\u00e1ra t\u00f6k\u00e9letes JNR 18000 vape k\u00e9sz\u00fcl\u00e9k a megb\u00edzhat\u00f3, nagy kapacit\u00e1s\u00fa vape-ot keres\u0151 v\u00e1s\u00e1rl\u00f3k sz\u00e1m\u00e1ra ide\u00e1lis v\u00e1laszt\u00e1s, amely a k\u00e9nyelmet, a st\u00edlust \u00e9s a kiv\u00e9teles \u00e9rt\u00e9ket \u00f6tv\u00f6zi.<\/p>\n<\/div>\n<\/div>\n<\/div>\n<\/div>\n<\/div>\n<\/div>\n<p><strong>L\u00e9pjen kapcsolatba Amyvel, hogy megkapja a helyes v\u00e1laszt \u00e9s a vape kupont!<\/strong><\/p>\n<p><img loading=\"lazy\" decoding=\"async\" class=\"size-full wp-image-1978\" src=\"https:\/\/rmvapesale.com\/wp-content\/uploads\/2024\/09\/Disposable-Vape-Wholesale.jpg\" alt=\"Eldobhat\u00f3 Vape Nagykereskedelem\" width=\"229\" height=\"300\" \/><\/p>\n<h3><a href=\"https:\/\/wa.me\/8617776015835\" target=\"_blank\" rel=\"noopener\"><span style=\"color: #ff0000\"><strong>WhatsApp: +86 17776015835<\/strong><\/span><\/a><\/h3>\n<p>&nbsp;<\/p>\n<h2><\/h2>\n<h2><strong>JNR Falcon X 18000 Puffs f\u0151bb jellemz\u0151i<\/strong><\/h2>\n<ul>\n<li>Ak\u00e1r <strong>18 000 slukkot<\/strong> minden eszk\u00f6zzel<\/li>\n<li><strong>950 mAh-s \u00fajrat\u00f6lthet\u0151 akkumul\u00e1tor<\/strong> a tart\u00f3s teljes\u00edtm\u00e9ny\u00e9rt<\/li>\n<li>El\u0151re t\u00f6ltve <strong>24ml pr\u00e9mium e-liquid<\/strong><\/li>\n<li>Kijelz\u0151 a t\u00f6lt\u00f6tts\u00e9g \u00e9s e-liquid szintj\u00e9nek kijelz\u00e9s\u00e9re<\/li>\n<li>El\u00e9rhet\u0151 <strong>28 egyedi alacsony nikotintartalm\u00fa \u00edz<\/strong><\/li>\n<\/ul>\n<figure id=\"attachment_2745\" aria-describedby=\"caption-attachment-2745\" style=\"width: 800px\" class=\"wp-caption alignnone\"><img loading=\"lazy\" decoding=\"async\" class=\"wp-image-2745 size-full\" src=\"https:\/\/rmvapesale.com\/wp-content\/uploads\/2024\/11\/JNR-18000-Puff-Disposable-Vape.jpg\" alt=\"JNR 18000 slukkos eldobhat\u00f3 vape\" width=\"800\" height=\"800\" srcset=\"https:\/\/rmvapesale.com\/wp-content\/uploads\/2024\/11\/JNR-18000-Puff-Disposable-Vape.jpg 800w, https:\/\/rmvapesale.com\/wp-content\/uploads\/2024\/11\/JNR-18000-Puff-Disposable-Vape-300x300.jpg 300w, https:\/\/rmvapesale.com\/wp-content\/uploads\/2024\/11\/JNR-18000-Puff-Disposable-Vape-150x150.jpg 150w, https:\/\/rmvapesale.com\/wp-content\/uploads\/2024\/11\/JNR-18000-Puff-Disposable-Vape-768x768.jpg 768w, https:\/\/rmvapesale.com\/wp-content\/uploads\/2024\/11\/JNR-18000-Puff-Disposable-Vape-600x600.jpg 600w, https:\/\/rmvapesale.com\/wp-content\/uploads\/2024\/11\/JNR-18000-Puff-Disposable-Vape-100x100.jpg 100w\" sizes=\"auto, (max-width: 800px) 100vw, 800px\" \/><figcaption id=\"caption-attachment-2745\" class=\"wp-caption-text\">JNR 18000 slukkos eldobhat\u00f3 vape<\/figcaption><\/figure>\n<h2><strong>Legjobb \u00edz a JNR JNR Falcon X 18000 slukkoshoz<\/strong><\/h2>\n<p>1. K\u00e9k m\u00e1lna j\u00e9g <span style=\"color: #ff0000\"><strong>&gt;&gt;&gt;&gt; Forr\u00f3!<\/strong><\/span><br \/>\n2. \u00c1fonya M\u00e1lna <span style=\"color: #ff0000\"><strong>&gt;&gt;&gt;&gt; Forr\u00f3!<\/strong><\/span><br \/>\n3. H\u0171s\u00edt\u0151 menta<br \/>\n4. Kivi G\u00f6r\u00f6gdinnye J\u00e9g<br \/>\n5. Sz\u0151l\u0151 j\u00e9g<br \/>\n6. Eper Kivi<br \/>\n7. Eper G\u00f6r\u00f6gdinnye J\u00e9g<br \/>\n8. G\u00f6r\u00f6gdinnye J\u00e9g<br \/>\n9. Eper J\u00e9g<br \/>\n10. Vegyes bogy\u00f3s gy\u00fcm\u00f6lcs\u00f6k <span style=\"color: #ff0000\"><strong>&gt;&gt;&gt;&gt; A legjobb!<\/strong><\/span><br \/>\n11. G\u00f6r\u00f6gdinnye r\u00e1g\u00f3gumi <span style=\"color: #ff0000\"><strong>&gt;&gt;&gt;&gt; Forr\u00f3!<\/strong><\/span><br \/>\n12.Savany\u00fa alma j\u00e9g<br \/>\n13. Barack j\u00e9g<br \/>\n14. Bogy\u00f3s gy\u00fcm\u00f6lcs robban\u00e1s<br \/>\n15. \u00c1fonya M\u00e1lna Cseresznye<br \/>\n16. Cseresznye bogy\u00f3s gy\u00fcm\u00f6lcs<br \/>\n17. Eper Ban\u00e1n<br \/>\n18.\u00c1fonya Kiwi<br \/>\n19.Golgotavir\u00e1g Kiwi<br \/>\n20.Feh\u00e9r \u0150szibarack M\u00e1lna<br \/>\n21.K\u00e9k M\u00e1lna Cseresznye<br \/>\n22.Cseresznye Dinnye H\u0171s\u00edt\u0151<br \/>\n23.Cseresznye K\u00f3la<br \/>\n24.Ban\u00e1n J\u00e9g<br \/>\n25.Cukorka<br \/>\n26.Tripla Dinnye<br \/>\n27.K\u00e9k \u00dar <span style=\"color: #ff0000\"><strong>&gt;&gt;&gt;&gt; Forr\u00f3!<\/strong><\/span><br \/>\n28.Cseresznye J\u00e9g<br \/>\n29.G\u00f6r\u00f6gdinnye Licsi<\/p>\n<p>&nbsp;<\/p>\n<h3><strong>Mi\u00e9rt az Rmvapesale a legjobb v\u00e1laszt\u00e1s a JNR 18000 Puffs term\u00e9kekhez? <\/strong><strong>V<\/strong><strong>ape Nagykeresked\u00e9s<\/strong><strong>?<\/strong><\/h3>\n<div class=\"flex-shrink-0 flex flex-col relative items-end\">\n<div class=\"pt-0\">\n<div class=\"gizmo-bot-avatar flex h-8 w-8 items-center justify-center overflow-hidden rounded-full\">\n<div class=\"relative p-1 rounded-sm flex items-center justify-center bg-token-main-surface-primary text-token-text-primary h-8 w-8\">\n<p>\u00dcdv\u00f6z\u00f6lj\u00fck a Rmvapesale-ben, az \u00d6n megb\u00edzhat\u00f3 vape \u00fczlet\u00e9ben, ahol pr\u00e9mium eldobhat\u00f3 vape-eket tal\u00e1l. T\u00f6bb mint 5 \u00e9ves szak\u00e9rtelemmel olyan n\u00e9pszer\u0171 eldobhat\u00f3 vape m\u00e1rk\u00e1kat k\u00edn\u00e1lunk, mint az Al Fakher, <a href=\"https:\/\/rmvapesale.com\/hu\/product\/vapme-crystal-7000-puffs-rechargeable-disposable-vape-price\/\">Vapme<\/a>, <a href=\"https:\/\/rmvapesale.com\/hu\/product-category\/bang-vapes\/\">Bang Vape<\/a>, Waspe, <a href=\"https:\/\/rmvapesale.com\/hu\/product\/wga-crystal-pro-max-extra-15k-puffs-disposable-vape-wholesale\/\">WGA<\/a> Vape \u00e9s<a href=\"https:\/\/rmvapesale.com\/hu\/product-category\/randm-fumot-vape\/\"> RandM Vape<\/a>.<\/p>\n<p>K\u00edn\u00e1latunkban olyan n\u00e9pszer\u0171 vape-ek szerepelnek, mint a <a href=\"https:\/\/rmvapesale.com\/hu\/product\/fumot-randm-12000-strawberry-kiwi-flavor-disposable-vape-wholesale-netherlands\/\">RandM 12000 Puffs<\/a> \u00e9s az \u00edzekben gazdag v\u00e1laszt\u00e9k, mint p\u00e9ld\u00e1ul az <a href=\"https:\/\/rmvapesale.com\/hu\/product\/wga-crystal-pro-max-extra-15k-puffs-disposable-vape-wholesale\/\">WGA 15K<\/a>. Minden term\u00e9ket a min\u0151s\u00e9gre, \u00e9rt\u00e9kre \u00e9s v\u00e1ltozatoss\u00e1gra f\u00f3kusz\u00e1lva v\u00e1lasztunk ki, biztos\u00edtva, hogy megtal\u00e1lja az ig\u00e9nyeinek t\u00f6k\u00e9letesen megfelel\u0151t. Fedezze fel a kiv\u00e9teles szolg\u00e1ltat\u00e1st \u00e9s a sz\u00e9les v\u00e1laszt\u00e9kot a cs\u00facsmin\u0151s\u00e9g\u0171 term\u00e9kek ter\u00e9n az Rmvapesale-n\u00e9l.<\/p>\n<\/div>\n<h3><\/h3>\n<div class=\"relative p-1 rounded-sm flex items-center justify-center bg-token-main-surface-primary text-token-text-primary h-8 w-8\">\n<h3><b>JNR 18000 Puffs \u00dajrat\u00f6lthet\u0151 Eldobhat\u00f3 Vape GYIK<\/b><\/h3>\n<div class=\"group\/conversation-turn relative flex w-full min-w-0 flex-col agent-turn\">\n<div class=\"flex-col gap-1 md:gap-3\">\n<div class=\"flex max-w-full flex-col flex-grow\">\n<div class=\"min-h-8 text-message flex w-full flex-col items-end gap-2 whitespace-normal break-words [.text-message+&amp;]:mt-5\" dir=\"auto\" data-message-author-role=\"assistant\" data-message-id=\"00c9b302-bc9c-4550-94ba-5a295efa2be3\" data-message-model-slug=\"gpt-4o\">\n<div class=\"flex w-full flex-col gap-1 empty:hidden first:pt-[3px]\">\n<div class=\"markdown prose w-full break-words dark:prose-invert light\">\n<div class=\"flex-shrink-0 flex flex-col relative items-end\">\n<div>\n<div class=\"pt-0\">\n<div class=\"gizmo-bot-avatar flex h-8 w-8 items-center justify-center overflow-hidden rounded-full\">\n<div class=\"relative p-1 rounded-sm flex items-center justify-center bg-token-main-surface-primary text-token-text-primary h-8 w-8\">\n<div class=\"flex-shrink-0 flex flex-col relative items-end\">\n<div>\n<div class=\"pt-0\">\n<div class=\"gizmo-bot-avatar flex h-8 w-8 items-center justify-center overflow-hidden rounded-full\">\n<div class=\"relative p-1 rounded-sm flex items-center justify-center bg-token-main-surface-primary text-token-text-primary h-8 w-8\">\n<ul>\n<li><strong>H\u00e1ny slukkot biztos\u00edt a JNR Falcon X 18000 Puffs \u00dajrat\u00f6lthet\u0151 Vape?<\/strong><br \/>\nA JNR Falcon X ak\u00e1r <strong>18 000 slukkot<\/strong>, amivel az egyik legtov\u00e1bb tart\u00f3 eldobhat\u00f3 vape a piacon.<\/li>\n<li><strong>Melyek a legn\u00e9pszer\u0171bb \u00edzek a JNR Falcon X 18000 Digital Box vape-hez?<\/strong><br \/>\nN\u00e9pszer\u0171 \u00edzek: <strong>Eper G\u00f6r\u00f6gdinnye J\u00e9g<\/strong>, <strong>K\u00e9k M\u00e1lna J\u00e9g<\/strong>, <strong>Cherry Cola<\/strong>, <strong>Barack J\u00e9g<\/strong>, \u00e9s <strong>Vegyes bogy\u00f3s gy\u00fcm\u00f6lcs\u00f6k<\/strong>.<\/li>\n<li><strong>Honnan tudom, hogy a JNR Vape JNR18000 Puffs k\u00e9sz\u00fcl\u00e9kem \u00fcres?<\/strong><br \/>\nA JNR Falcon X rendelkezik egy <strong>digit\u00e1lis kijelz\u0151<\/strong> , amely mutatja a h\u00e1tral\u00e9v\u0151 e-liquid \u00e9s akkumul\u00e1tor szintet, \u00edgy k\u00f6nnyen nyomon k\u00f6vethet\u0151, mikor fogy ki vagy mer\u00fcl le.<\/li>\n<li><strong>Mennyi nikotint tartalmaz a JNR 18000 Puffs Eldobhat\u00f3 Vape?<\/strong><br \/>\nA JNR 18000 Puffs Eldobhat\u00f3 Vape kaphat\u00f3 <strong>2% (20mg)<\/strong> or <strong>5% (50mg)<\/strong> nikotin s\u00f3val, a k\u00fcl\u00f6nb\u00f6z\u0151 preferenci\u00e1knak megfelel\u0151en.<\/li>\n<li><strong>Mennyi id\u0151be telik a JNR 18000 eldobhat\u00f3 vape teljes felt\u00f6lt\u00e9se?<\/strong><br \/>\nA <strong>Type-C gyorst\u00f6lt\u0151 portj\u00e1val<\/strong>a JNR 18000 \u00e1ltal\u00e1ban <strong>1\u20131,5 \u00f3ra<\/strong>.<\/li>\n<li><strong>alatt t\u00f6lt\u0151dik fel teljesen.<\/strong><br \/>\nHol v\u00e1s\u00e1rolhat\u00f3 meg a JNR Falcon X 18000 eldobhat\u00f3 vape nagykereskedelmi \u00e1ron? <strong>Rmvapesale<\/strong>A legjobb nagykereskedelmi \u00e1rak\u00e9rt a v\u00e1s\u00e1rl\u00f3knak aj\u00e1nlott felkeresni a<\/li>\n<\/ul>\n<\/div>\n<\/div>\n<\/div>\n<\/div>\n<\/div>\n<\/div>\n<\/div>\n<\/div>\n<\/div>\n<\/div>\n<div class=\"group\/conversation-turn relative flex w-full min-w-0 flex-col agent-turn\">\n<div class=\"flex-col gap-1 md:gap-3\">\n<div class=\"flex max-w-full flex-col flex-grow\">\n<div class=\"min-h-8 text-message flex w-full flex-col items-end gap-2 whitespace-normal break-words [.text-message+&amp;]:mt-5\" dir=\"auto\" data-message-author-role=\"assistant\" data-message-id=\"a3dc01bd-23b0-4fd7-bb9a-7827522cefd8\" data-message-model-slug=\"gpt-4o\">\n<div class=\"flex w-full flex-col gap-1 empty:hidden first:pt-[3px]\">\n<div class=\"markdown prose w-full break-words dark:prose-invert light\">\n<p>&nbsp;<\/p>\n<\/div>\n<\/div>\n<\/div>\n<\/div>\n<\/div>\n<\/div>\n<\/div>\n<\/div>\n<\/div>\n<\/div>\n<\/div>\n<\/div>\n<\/div>\n<div class=\"mb-2 flex gap-3 empty:hidden -ml-2\"><\/div>\n<p>&nbsp;<\/p>\n<\/div>\n<\/div>\n<\/div>\n<h3>A Sz\u00e1ll\u00edt\u00e1sr\u00f3l<\/h3>\n<div class=\"flex-shrink-0 flex flex-col relative items-end\">\n<div>\n<div class=\"pt-0\">\n<div class=\"gizmo-bot-avatar flex h-8 w-8 items-center justify-center overflow-hidden rounded-full\">\n<div><\/div>\n<div class=\"relative p-1 rounded-sm flex items-center justify-center bg-token-main-surface-primary text-token-text-primary h-8 w-8\"><strong>1. Milyen sz\u00e1ll\u00edt\u00e1si m\u00f3dokat haszn\u00e1lnak?<\/strong><\/div>\n<\/div>\n<\/div>\n<\/div>\n<\/div>\n<div class=\"group\/conversation-turn relative flex w-full min-w-0 flex-col agent-turn\">\n<div class=\"flex-col gap-1 md:gap-3\">\n<div class=\"flex max-w-full flex-col flex-grow\">\n<div class=\"min-h-[20px] text-message flex w-full flex-col items-end gap-2 whitespace-normal break-words [.text-message+&amp;]:mt-5 overflow-x-auto\" dir=\"auto\" data-message-author-role=\"assistant\" data-message-id=\"22f8283b-3233-46ff-89a5-c7a41b33abda\">\n<div class=\"flex w-full flex-col gap-1 empty:hidden first:pt-[3px]\">\n<div class=\"markdown prose w-full break-words dark:prose-invert light\">\n<p>Partnerei vagyunk a UPS, DHL, FedEx, DPD \u00e9s m\u00e1s vezet\u0151 fuvaroz\u00f3knak. A legjobb sz\u00e1ll\u00edt\u00e1si m\u00f3dot fogjuk kiv\u00e1lasztani a sz\u00e1ll\u00edt\u00e1si helysz\u00edne alapj\u00e1n, hogy a lehet\u0151 leggyorsabban megkapja a term\u00e9keit.<\/p>\n<\/div>\n<p><strong>2. Mennyi id\u0151 alatt \u00e9rkezik meg?<\/strong><\/p>\n<p>A csomagok \u00e1ltal\u00e1ban 10 munkanapon bel\u00fcl meg\u00e9rkeznek Magyarorsz\u00e1gra. Az eur\u00f3pai orsz\u00e1gokba t\u00f6rt\u00e9n\u0151 sz\u00e1ll\u00edt\u00e1s \u00e1ltal\u00e1ban 12-15 munkanapot vesz ig\u00e9nybe. Folyamatosan t\u00e1j\u00e9koztatjuk a sz\u00e1ll\u00edt\u00e1si st\u00e1tuszr\u00f3l.<\/p>\n<\/div>\n<\/div>\n<\/div>\n<\/div>\n<\/div>\n<p>&nbsp;<\/p>\n<p>Tal\u00e1lja meg a tov\u00e1bbi vape term\u00e9keket, amelyek tetszhetnek \u00d6nnek:<strong><em><a href=\"https:\/\/rmvapesale.com\/hu\/shop-2\/\">V\u00e1s\u00e1roljon most &gt;&gt;&gt;<\/a><\/em><\/strong><\/p>","protected":false},"excerpt":{"rendered":"<p>A <strong>JNR Falcon X 18000 Puffs \u00fajrat\u00f6lthet\u0151 eldobhat\u00f3 vape <\/strong>egy \u00e9lvonalbeli eszk\u00f6z, amelyet arra terveztek, hogy hihetetlen\u00fcl nagy mennyis\u00e9g\u0171 <strong>18 000 slukkot<\/strong> satisfying, flavorful vaping. El\u0151ret\u00f6ltve <strong>24 ml pr\u00e9mium e-liquiddel<\/strong>, ez az eszk\u00f6z 2% <strong>alacsony nikotintartalm\u00fa opci\u00f3k<\/strong> sz\u00e9les v\u00e1laszt\u00e9k\u00e1ban kaphat\u00f3, amelyek minden ig\u00e9nyt kiel\u00e9g\u00edtenek.<\/p>\n<p><img loading=\"lazy\" decoding=\"async\" class=\"size-full wp-image-2375\" src=\"https:\/\/rmvapesale.com\/wp-content\/uploads\/2024\/10\/image.png\" alt=\"Legjobb Eldobhat\u00f3 Vape\" width=\"229\" height=\"300\" \/><\/p>\n<h3><a href=\"https:\/\/wa.me\/8617776015835\"><span style=\"color: #ff0000\"><strong>WhatsApp: +86 17776015835<\/strong><\/span><\/a><\/h3>\n<p>&nbsp;<\/p>","protected":false},"featured_media":2748,"comment_status":"open","ping_status":"closed","template":"","meta":{"_uag_custom_page_level_css":"","_lmt_disableupdate":"no","_lmt_disable":"","site-sidebar-layout":"default","site-content-layout":"content-boxed-container","ast-site-content-layout":"normal-width-container","site-content-style":"boxed","site-sidebar-style":"unboxed","ast-global-header-display":"","ast-banner-title-visibility":"","ast-main-header-display":"","ast-hfb-above-header-display":"","ast-hfb-below-header-display":"","ast-hfb-mobile-header-display":"","site-post-title":"","ast-breadcrumbs-content":"","ast-featured-img":"","footer-sml-layout":"","theme-transparent-header-meta":"default","adv-header-id-meta":"","stick-header-meta":"","header-above-stick-meta":"","header-main-stick-meta":"","header-below-stick-meta":"","astra-migrate-meta-layouts":"set","ast-page-background-enabled":"default","ast-page-background-meta":{"desktop":{"background-color":"var(--ast-global-color-4)","background-image":"","background-repeat":"repeat","background-position":"center center","background-size":"auto","background-attachment":"scroll","background-type":"","background-media":"","overlay-type":"","overlay-color":"","overlay-opacity":"","overlay-gradient":""},"tablet":{"background-color":"","background-image":"","background-repeat":"repeat","background-position":"center center","background-size":"auto","background-attachment":"scroll","background-type":"","background-media":"","overlay-type":"","overlay-color":"","overlay-opacity":"","overlay-gradient":""},"mobile":{"background-color":"","background-image":"","background-repeat":"repeat","background-position":"center center","background-size":"auto","background-attachment":"scroll","background-type":"","background-media":"","overlay-type":"","overlay-color":"","overlay-opacity":"","overlay-gradient":""}},"ast-content-background-meta":{"desktop":{"background-color":"var(--ast-global-color-5)","background-image":"","background-repeat":"repeat","background-position":"center center","background-size":"auto","background-attachment":"scroll","background-type":"","background-media":"","overlay-type":"","overlay-color":"","overlay-opacity":"","overlay-gradient":""},"tablet":{"background-color":"var(--ast-global-color-5)","background-image":"","background-repeat":"repeat","background-position":"center center","background-size":"auto","background-attachment":"scroll","background-type":"","background-media":"","overlay-type":"","overlay-color":"","overlay-opacity":"","overlay-gradient":""},"mobile":{"background-color":"var(--ast-global-color-5)","background-image":"","background-repeat":"repeat","background-position":"center center","background-size":"auto","background-attachment":"scroll","background-type":"","background-media":"","overlay-type":"","overlay-color":"","overlay-opacity":"","overlay-gradient":""}},"_joinchat":[]},"product_brand":[],"product_cat":[15,25,123,26,28,135,27,137,30],"product_tag":[218,217,205],"class_list":{"0":"post-2751","1":"product","2":"type-product","3":"status-publish","4":"has-post-thumbnail","6":"product_cat-new-vape-this-week","7":"product_cat-germany-best-selling-vape","8":"product_cat-italy-wholesale-vape","9":"product_cat-netherlands-hot-sale-vape","10":"product_cat-poland-hot-sale-vape","11":"product_cat-spain-best-hot-sale-vape","12":"product_cat-fance-hot-sale-vape","13":"product_cat-rechargeable-vapes","14":"product_cat-minimum-order-quantity-50pcs","15":"product_tag-jnr-18000-puffs","16":"product_tag-jnr-falcon-x-18000","17":"product_tag-jnr-vape","18":"desktop-align-left","19":"tablet-align-left","20":"mobile-align-left","22":"first","23":"instock","24":"sale","25":"shipping-taxable","26":"purchasable","27":"product-type-simple"},"uagb_featured_image_src":{"full":["https:\/\/rmvapesale.com\/wp-content\/uploads\/2024\/11\/JNR-Falcon-X-18000-Disposable-Vape-Box.jpg",800,800,false],"thumbnail":["https:\/\/rmvapesale.com\/wp-content\/uploads\/2024\/11\/JNR-Falcon-X-18000-Disposable-Vape-Box-150x150.jpg",150,150,true],"medium":["https:\/\/rmvapesale.com\/wp-content\/uploads\/2024\/11\/JNR-Falcon-X-18000-Disposable-Vape-Box-300x300.jpg",300,300,true],"medium_large":["https:\/\/rmvapesale.com\/wp-content\/uploads\/2024\/11\/JNR-Falcon-X-18000-Disposable-Vape-Box-768x768.jpg",768,768,true],"large":["https:\/\/rmvapesale.com\/wp-content\/uploads\/2024\/11\/JNR-Falcon-X-18000-Disposable-Vape-Box.jpg",800,800,false],"1536x1536":["https:\/\/rmvapesale.com\/wp-content\/uploads\/2024\/11\/JNR-Falcon-X-18000-Disposable-Vape-Box.jpg",800,800,false],"2048x2048":["https:\/\/rmvapesale.com\/wp-content\/uploads\/2024\/11\/JNR-Falcon-X-18000-Disposable-Vape-Box.jpg",800,800,false],"trp-custom-language-flag":["https:\/\/rmvapesale.com\/wp-content\/uploads\/2024\/11\/JNR-Falcon-X-18000-Disposable-Vape-Box.jpg",12,12,false],"woocommerce_thumbnail":["https:\/\/rmvapesale.com\/wp-content\/uploads\/2024\/11\/JNR-Falcon-X-18000-Disposable-Vape-Box-300x300.jpg",300,300,true],"woocommerce_single":["https:\/\/rmvapesale.com\/wp-content\/uploads\/2024\/11\/JNR-Falcon-X-18000-Disposable-Vape-Box-600x600.jpg",600,600,true],"woocommerce_gallery_thumbnail":["https:\/\/rmvapesale.com\/wp-content\/uploads\/2024\/11\/JNR-Falcon-X-18000-Disposable-Vape-Box-100x100.jpg",100,100,true],"wcpr-photo-reviews":["https:\/\/rmvapesale.com\/wp-content\/uploads\/2024\/11\/JNR-Falcon-X-18000-Disposable-Vape-Box.jpg",500,500,false]},"uagb_author_info":{"display_name":"AMY","author_link":"https:\/\/rmvapesale.com\/hu\/author\/"},"uagb_comment_info":0,"uagb_excerpt":"The JNR Falcon X 18000 Puffs Rechargeable Disposable Vape is a cutting-edge device designed to deliver up to an incredible 18,000 puffs of satisfying, flavorful vaping. Pre-filled with 24ml of premium e-liquid, this device is available in an array of 2% low nicotine options that cater to every preference. WhatsApp: +86 17776015835 &nbsp;","_links":{"self":[{"href":"https:\/\/rmvapesale.com\/hu\/wp-json\/wp\/v2\/product\/2751","targetHints":{"allow":["GET"]}}],"collection":[{"href":"https:\/\/rmvapesale.com\/hu\/wp-json\/wp\/v2\/product"}],"about":[{"href":"https:\/\/rmvapesale.com\/hu\/wp-json\/wp\/v2\/types\/product"}],"replies":[{"embeddable":true,"href":"https:\/\/rmvapesale.com\/hu\/wp-json\/wp\/v2\/comments?post=2751"}],"wp:featuredmedia":[{"embeddable":true,"href":"https:\/\/rmvapesale.com\/hu\/wp-json\/wp\/v2\/media\/2748"}],"wp:attachment":[{"href":"https:\/\/rmvapesale.com\/hu\/wp-json\/wp\/v2\/media?parent=2751"}],"wp:term":[{"taxonomy":"product_brand","embeddable":true,"href":"https:\/\/rmvapesale.com\/hu\/wp-json\/wp\/v2\/product_brand?post=2751"},{"taxonomy":"product_cat","embeddable":true,"href":"https:\/\/rmvapesale.com\/hu\/wp-json\/wp\/v2\/product_cat?post=2751"},{"taxonomy":"product_tag","embeddable":true,"href":"https:\/\/rmvapesale.com\/hu\/wp-json\/wp\/v2\/product_tag?post=2751"}],"curies":[{"name":"wp","href":"https:\/\/api.w.org\/{rel}","templated":true}]}}