{"id":2761,"date":"2024-11-20T07:54:06","date_gmt":"2024-11-20T07:54:06","guid":{"rendered":"https:\/\/rmvapesale.com\/?post_type=product&#038;p=2761"},"modified":"2024-11-20T08:51:16","modified_gmt":"2024-11-20T08:51:16","slug":"waspe-vape-40000-puffs-double-flavor-led-screen-disposable-vape-wholesale-price","status":"publish","type":"product","link":"https:\/\/rmvapesale.com\/hu\/product\/waspe-vape-40000-puffs-double-flavor-led-screen-disposable-vape-wholesale-price\/","title":{"rendered":"WASPE Vape 40000 Puffs Dupla \u00edz\u0171 LED k\u00e9perny\u0151s eldobhat\u00f3 vape nagykereskedelmi \u00e1r"},"content":{"rendered":"<div class=\"B2VR9 CJHX3e\">\n<div class=\"wyccme\">\n<h1 class=\"LC20lb MBeuO DKV0Md\">WASPE Vape 40000 Puffs Dupla \u00edz\u0171 LED k\u00e9perny\u0151s eldobhat\u00f3 vape nagykereskedelmi \u00e1r<\/h1>\n<div class=\"flex-shrink-0 flex flex-col relative items-end\">\n<div class=\"pt-0\">\n<div class=\"gizmo-bot-avatar flex h-8 w-8 items-center justify-center overflow-hidden rounded-full\">\n<div class=\"relative p-1 rounded-sm flex items-center justify-center bg-token-main-surface-primary text-token-text-primary h-8 w-8\">\n<p>A <strong>WASPE Vape 40000 Puffs Dupla \u00cdz\u0171 Eldobhat\u00f3 Vape<\/strong>, egy \u00e9lvonalbeli eszk\u00f6z, amelyet a hossz\u00fa \u00e9lettartam\u00fa teljes\u00edtm\u00e9nyt, k\u00e9nyelmet \u00e9s \u00e9l\u00e9nk \u00edz\u00e9lm\u00e9nyeket keres\u0151 vaperek sz\u00e1m\u00e1ra terveztek. Ez az innovat\u00edv vape kombin\u00e1lja a <strong>kett\u0151s \u00edz technol\u00f3gi\u00e1t<\/strong> egy er\u0151teljes \u00fajrat\u00f6lthet\u0151 akkumul\u00e1torral, biztos\u00edtva, hogy minden slukk kiel\u00e9g\u00edt\u0151 \u00e9s z\u00f6kken\u0151mentes legyen. Ez az eszk\u00f6z kiemelkedik a <strong>kett\u0151s \u00edz technol\u00f3gi\u00e1t<\/strong> \u00e9s <strong>40,000 slukk kapacit\u00e1s\u00e1val<\/strong>, ami a legjobb v\u00e1laszt\u00e1ss\u00e1 teszi b\u00e1rki sz\u00e1m\u00e1ra, aki a k\u00e9nyelmet egy kiv\u00e9teles vaping \u00e9lm\u00e9nnyel szeretn\u00e9 \u00f6tv\u00f6zni. Hordozhat\u00f3 \u00e9s karbantart\u00e1smentes kialak\u00edt\u00e1sa t\u00f6k\u00e9letes a mindennapi haszn\u00e1latra, m\u00edg az intelligens LED k\u00e9perny\u0151 biztos\u00edtja, hogy mindig k\u00e9zben tartsa az ir\u00e1ny\u00edt\u00e1st az eszk\u00f6z felett. <strong>Hordozhat\u00f3 \u00e9s karbantart\u00e1smentes kialak\u00edt\u00e1sa<\/strong> t\u00f6k\u00e9letes a mindennapi haszn\u00e1latra, m\u00edg az intelligens LED k\u00e9perny\u0151 biztos\u00edtja, hogy mindig k\u00e9zben tartsa az ir\u00e1ny\u00edt\u00e1st az eszk\u00f6z felett.<\/p>\n<\/div>\n<p>A <strong>WASPE Vape Eldobhat\u00f3 Vape<\/strong> ide\u00e1lis azok sz\u00e1m\u00e1ra, akik a <strong>vape nagykereskedelmi piacon<\/strong>vannak. Az <strong>innovat\u00edv funkci\u00f3ival<\/strong>, tart\u00f3s kialak\u00edt\u00e1s\u00e1val \u00e9s magas slukk kapacit\u00e1s\u00e1val ez a term\u00e9k k\u00f6telez\u0151 darab a k\u00e9szlet\u00e9ben. A <strong>nagykereskedelmi \u00e1ron<\/strong> \u00e9s n\u00e9pszer\u0171s\u00e9ge a <strong>eldobhat\u00f3 vape m\u00e1rk\u00e1k<\/strong> kateg\u00f3ri\u00e1ban kiemelked\u0151 lehet\u0151s\u00e9gg\u00e9 teszi. Emelje magasabb szintre a vaping \u00e9lm\u00e9ny\u00e9t a <strong>WASPE 40K Dupla \u00cdz\u0171 Vape<\/strong>\u2014ahol a fejlett technol\u00f3gia mer\u00e9sz, \u00e9lvezetes \u00edzekkel p\u00e1rosul. T\u00f6k\u00e9letes szem\u00e9lyes haszn\u00e1latra vagy nagykereskedelmi v\u00e1s\u00e1rl\u00e1sra!<\/p>\n<\/div>\n<\/div>\n<\/div>\n<\/div>\n<\/div>\n<p><strong>L\u00e9pjen kapcsolatba Amyvel, hogy megkapja a helyes v\u00e1laszt \u00e9s a vape kupont!<\/strong><\/p>\n<p><img loading=\"lazy\" decoding=\"async\" class=\"size-full wp-image-1978\" src=\"https:\/\/rmvapesale.com\/wp-content\/uploads\/2024\/09\/Disposable-Vape-Wholesale.jpg\" alt=\"Eldobhat\u00f3 Vape Nagykereskedelem\" width=\"229\" height=\"300\" \/><\/p>\n<h3><a href=\"https:\/\/wa.me\/8617776015835\" target=\"_blank\" rel=\"noopener\"><span style=\"color: #ff0000\"><strong>WhatsApp: +86 17776015835<\/strong><\/span><\/a><\/h3>\n<p>&nbsp;<\/p>\n<h2><\/h2>\n<h2><strong>WASPE Vape 40000 Puffs F\u0151bb jellemz\u0151k<\/strong><\/h2>\n<ul>\n<li><strong>P\u00e1ratlan sz\u00edv\u00f3kapacit\u00e1s<\/strong>: Hihetetlen mennyis\u00e9g\u0171 <strong>40 000 slukk<\/strong>, ez az eszk\u00f6z p\u00e1ratlan \u00e9lettartamot biztos\u00edt, kik\u00fcsz\u00f6b\u00f6lve a gyakori cser\u00e9kkel j\u00e1r\u00f3 kellemetlens\u00e9geket.<\/li>\n<li><strong>B\u0151s\u00e9ges E-liquid mennyis\u00e9g<\/strong>: El\u0151re megt\u00f6ltve <strong>36 ml pr\u00e9mium e-liquiddel<\/strong>, amely hosszabb g\u0151z\u00f6l\u00e9si \u00e9lm\u00e9nyt biztos\u00edt kevesebb megszak\u00edt\u00e1ssal.<\/li>\n<li><strong>\u00dajrat\u00f6lthet\u0151 850 mAh-s akkumul\u00e1tor<\/strong>: Felszerelve egy <strong>Type-C gyorst\u00f6lt\u0151 porttal<\/strong>, az akkumul\u00e1tor gyors felt\u00f6lt\u00e9st \u00e9s \u00e1lland\u00f3 teljes\u00edtm\u00e9nyt biztos\u00edt, \u00edgy ide\u00e1lis v\u00e1laszt\u00e1s <strong>\u00fajrat\u00f6lthet\u0151 vape<\/strong> az \u00faton l\u00e9v\u0151 g\u0151z\u00f6l\u0151k sz\u00e1m\u00e1ra.<\/li>\n<li><strong>Kett\u0151s h\u00e1l\u00f3s tekercsek<\/strong>: A fejlett tekercstechnol\u00f3gia fokozza az \u00edz \u00e9lm\u00e9ny\u00e9t, \u00e9s sima, s\u0171r\u0171 felh\u0151ket hoz l\u00e9tre, amelyek t\u00f6k\u00e9letesek az \u00edz szerelmeseinek.<\/li>\n<li><strong>Nikotin opci\u00f3k<\/strong>: El\u00e9rhet\u0151 <strong>0%, 2%, vagy 5% nikotintartalom<\/strong>, amely a v\u00e1ltozatos preferenci\u00e1knak megfelel\u0151en testre szabhat\u00f3 \u00e9lm\u00e9nyt ny\u00fajt.<\/li>\n<li><strong>Kett\u0151s \u00edz innov\u00e1ci\u00f3<\/strong>: \u00c9lvezzen <strong>k\u00e9t k\u00fcl\u00f6nb\u00f6z\u0151 \u00edzt<\/strong> egy eszk\u00f6zben, mint p\u00e9ld\u00e1ul <em>Epres ban\u00e1n<\/em> p\u00e1ros\u00edtva <em>Anan\u00e1sz K\u00f3kusz J\u00e9g<\/em>, a friss\u00edt\u0151 \u00e9s egyedi g\u0151z\u00f6l\u00e9si \u00e9lm\u00e9ny\u00e9rt.<\/li>\n<li><strong>LED kijelz\u0151<\/strong>: Legyen t\u00e1j\u00e9kozott a <strong>intelligens LED k\u00e9perny\u0151<\/strong>, amely val\u00f3s idej\u0171 adatokat szolg\u00e1ltat a slukkok sz\u00e1m\u00e1r\u00f3l, az akkumul\u00e1tor \u00e9lettartam\u00e1r\u00f3l \u00e9s az akt\u00edv \u00edzr\u0151l.<\/li>\n<li>&nbsp;\n<p><figure id=\"attachment_2757\" aria-describedby=\"caption-attachment-2757\" style=\"width: 800px\" class=\"wp-caption alignnone\"><img loading=\"lazy\" decoding=\"async\" class=\"wp-image-2757 size-full\" src=\"https:\/\/rmvapesale.com\/wp-content\/uploads\/2024\/11\/Waspe-40000-Puffs-Dispsoable-Vape-Wholesale.jpg\" alt=\"Waspe 40000 Puffs Eldobhat\u00f3 Vape Nagykereskedelem\" width=\"800\" height=\"800\" srcset=\"https:\/\/rmvapesale.com\/wp-content\/uploads\/2024\/11\/Waspe-40000-Puffs-Dispsoable-Vape-Wholesale.jpg 800w, https:\/\/rmvapesale.com\/wp-content\/uploads\/2024\/11\/Waspe-40000-Puffs-Dispsoable-Vape-Wholesale-300x300.jpg 300w, https:\/\/rmvapesale.com\/wp-content\/uploads\/2024\/11\/Waspe-40000-Puffs-Dispsoable-Vape-Wholesale-150x150.jpg 150w, https:\/\/rmvapesale.com\/wp-content\/uploads\/2024\/11\/Waspe-40000-Puffs-Dispsoable-Vape-Wholesale-768x768.jpg 768w, https:\/\/rmvapesale.com\/wp-content\/uploads\/2024\/11\/Waspe-40000-Puffs-Dispsoable-Vape-Wholesale-600x600.jpg 600w, https:\/\/rmvapesale.com\/wp-content\/uploads\/2024\/11\/Waspe-40000-Puffs-Dispsoable-Vape-Wholesale-100x100.jpg 100w\" sizes=\"auto, (max-width: 800px) 100vw, 800px\" \/><figcaption id=\"caption-attachment-2757\" class=\"wp-caption-text\">Waspe 40000 Puffs Eldobhat\u00f3 Vape Nagykereskedelem<\/figcaption><\/figure><\/li>\n<\/ul>\n<h2><strong>Legjobb \u00edz a WASPE 40k Puffs Vape-hez<\/strong><\/h2>\n<p>1 g\u00f6r\u00f6gdinnye j\u00e9g \/ Citrom lime <span style=\"color: #ff0000\"><strong>&gt;&gt;&gt;&gt; Forr\u00f3!<\/strong><\/span><br \/>\n2 sz\u00e9nsavas cseresznye j\u00e9g \/ \u00e1fonya vattacukor<br \/>\n3 eper g\u00f6r\u00f6gdinnye \/ \u00e1fonya m\u00e1lna <span style=\"color: #ff0000\"><strong>&gt;&gt;&gt;&gt; Forr\u00f3!<\/strong><\/span><br \/>\n4 red bull j\u00e9g \/ eper mang\u00f3<br \/>\n5 \u0151szibarack j\u00e9g \/ anan\u00e1sz mang\u00f3 \u0151szibarack<br \/>\n6 sz\u0151l\u0151 j\u00e9g \/ eper kivi<br \/>\n7 vegyes bogy\u00f3s gy\u00fcm\u00f6lcs\u00f6k \/ dupla alma j\u00e9g<br \/>\n8 k\u00e9k m\u00e1lna limon\u00e1d\u00e9 \/ g\u00f6r\u00f6gdinnye r\u00e1g\u00f3gumi<br \/>\n9 eper m\u00e1lna cseresznye \/ szerelem 666<br \/>\n10 eper ban\u00e1n \/ anan\u00e1sz k\u00f3kusz j\u00e9g<br \/>\n11 eper g\u00f6r\u00f6gdinnye r\u00e1g\u00f3gumi \/ vegyes gy\u00fcm\u00f6lcs<br \/>\n12 cseresznye k\u00f3la j\u00e9g \/ eper m\u00e1lna cukorka <span style=\"color: #ff0000\"><strong>&gt;&gt;&gt;&gt; A legjobb!<\/strong><\/span><br \/>\n13 savany\u00fa alma m\u00e1lna \/ eper nagy bumm<br \/>\n14 \u0151szibarack bogy\u00f3s \/ g\u00f6r\u00f6gdinnye mang\u00f3 \u0151szibarack<br \/>\n15 \u00e1fonya j\u00e9g \/ fekete s\u00e1rk\u00e1ny j\u00e9g<br \/>\n16 eper cseresznye \/ kivi maracuja guava<\/p>\n<p>&nbsp;<\/p>\n<h3><strong>Mi\u00e9rt v\u00e1lassza az Rmvapesale-t a Waspe 40000 Puffs-hoz <\/strong><strong>V<\/strong><strong>ape Nagykeresked\u00e9s<\/strong><strong>?<\/strong><\/h3>\n<div class=\"flex-shrink-0 flex flex-col relative items-end\">\n<div class=\"pt-0\">\n<div class=\"gizmo-bot-avatar flex h-8 w-8 items-center justify-center overflow-hidden rounded-full\">\n<div class=\"relative p-1 rounded-sm flex items-center justify-center bg-token-main-surface-primary text-token-text-primary h-8 w-8\">\n<p>\u00dcdv\u00f6z\u00f6lj\u00fck a Rmvapesale-ben, az \u00d6n megb\u00edzhat\u00f3 vape \u00fczlet\u00e9ben, ahol pr\u00e9mium eldobhat\u00f3 vape-eket tal\u00e1l. T\u00f6bb mint 5 \u00e9ves szak\u00e9rtelemmel olyan n\u00e9pszer\u0171 eldobhat\u00f3 vape m\u00e1rk\u00e1kat k\u00edn\u00e1lunk, mint az Al Fakher, <a href=\"https:\/\/rmvapesale.com\/hu\/product\/vapme-crystal-7000-puffs-rechargeable-disposable-vape-price\/\">Vapme<\/a>, <a href=\"https:\/\/rmvapesale.com\/hu\/product-category\/bang-vapes\/\">Bang Vape<\/a>, Waspe, <a href=\"https:\/\/rmvapesale.com\/hu\/product\/wga-crystal-pro-max-extra-15k-puffs-disposable-vape-wholesale\/\">WGA<\/a> Vape \u00e9s<a href=\"https:\/\/rmvapesale.com\/hu\/product-category\/randm-fumot-vape\/\"> RandM Vape<\/a>.<\/p>\n<p>K\u00edn\u00e1latunkban olyan n\u00e9pszer\u0171 vape-ek szerepelnek, mint a <a href=\"https:\/\/rmvapesale.com\/hu\/product\/fumot-randm-12000-strawberry-kiwi-flavor-disposable-vape-wholesale-netherlands\/\">RandM 12000 Puffs<\/a> \u00e9s az \u00edzekben gazdag v\u00e1laszt\u00e9k, mint p\u00e9ld\u00e1ul az <a href=\"https:\/\/rmvapesale.com\/hu\/product\/wga-crystal-pro-max-extra-15k-puffs-disposable-vape-wholesale\/\">WGA 15K<\/a>. Minden term\u00e9ket a min\u0151s\u00e9gre, \u00e9rt\u00e9kre \u00e9s v\u00e1ltozatoss\u00e1gra f\u00f3kusz\u00e1lva v\u00e1lasztunk ki, biztos\u00edtva, hogy megtal\u00e1lja az ig\u00e9nyeinek t\u00f6k\u00e9letesen megfelel\u0151t. Fedezze fel a kiv\u00e9teles szolg\u00e1ltat\u00e1st \u00e9s a sz\u00e9les v\u00e1laszt\u00e9kot a cs\u00facsmin\u0151s\u00e9g\u0171 term\u00e9kek ter\u00e9n az Rmvapesale-n\u00e9l.<\/p>\n<\/div>\n<h3><\/h3>\n<div class=\"relative p-1 rounded-sm flex items-center justify-center bg-token-main-surface-primary text-token-text-primary h-8 w-8\">\n<h3><b>Waspe 40000 Puffs \u00fajrat\u00f6lthet\u0151 eldobhat\u00f3 vape GYIK<\/b><\/h3>\n<div class=\"group\/conversation-turn relative flex w-full min-w-0 flex-col agent-turn\">\n<div class=\"flex-col gap-1 md:gap-3\">\n<div class=\"flex max-w-full flex-col flex-grow\">\n<div class=\"min-h-8 text-message flex w-full flex-col items-end gap-2 whitespace-normal break-words [.text-message+&amp;]:mt-5\" dir=\"auto\" data-message-author-role=\"assistant\" data-message-id=\"00c9b302-bc9c-4550-94ba-5a295efa2be3\" data-message-model-slug=\"gpt-4o\">\n<div class=\"flex w-full flex-col gap-1 empty:hidden first:pt-[3px]\">\n<div class=\"markdown prose w-full break-words dark:prose-invert light\">\n<div class=\"flex-shrink-0 flex flex-col relative items-end\">\n<div>\n<div class=\"pt-0\">\n<div class=\"gizmo-bot-avatar flex h-8 w-8 items-center justify-center overflow-hidden rounded-full\">\n<div class=\"relative p-1 rounded-sm flex items-center justify-center bg-token-main-surface-primary text-token-text-primary h-8 w-8\">\n<div class=\"flex-shrink-0 flex flex-col relative items-end\">\n<div>\n<div class=\"pt-0\">\n<div class=\"gizmo-bot-avatar flex h-8 w-8 items-center justify-center overflow-hidden rounded-full\">\n<div class=\"relative p-1 rounded-sm flex items-center justify-center bg-token-main-surface-primary text-token-text-primary h-8 w-8\">\n<p><strong>K: Melyek a Waspe 40000 Puffs eldobhat\u00f3 vape n\u00e9pszer\u0171 \u00edzei?<\/strong><br \/>\nV: A <strong>Waspe Vape 40000 Puffs<\/strong> kett\u0151s \u00edzkombin\u00e1ci\u00f3kat k\u00edn\u00e1l, mint p\u00e9ld\u00e1ul <em>Epres ban\u00e1n<\/em> \u00e9s <em>Anan\u00e1sz K\u00f3kusz J\u00e9g<\/em>\u00edgy kiv\u00e1l\u00f3 v\u00e1laszt\u00e1s a friss\u00edt\u0151 \u00e9s egyedi \u00edz\u00e9lm\u00e9nyt keres\u0151k sz\u00e1m\u00e1ra.<\/p>\n<p><strong>K: Honnan tudom, hogy a Waspe 40000 Smart Vape-m \u00fcres?<\/strong><br \/>\nV: A <strong>LED kijelz\u0151<\/strong> a Waspe 40000 Smart Vape-n mutatja az e-liquid szintet. Amikor azt jelzi, hogy az e-liquid ki\u00fcr\u00fclt, ideje kicser\u00e9lni a k\u00e9sz\u00fcl\u00e9ket.<\/p>\n<p><strong>K: Mennyi ideig tart felt\u00f6lteni egy Waspe 40000 \u00fajrat\u00f6lthet\u0151 vape-et?<\/strong><br \/>\nV: A Waspe 40000 <strong>Type-C gyorst\u00f6lt\u0151 porttal<\/strong>seg\u00edts\u00e9g\u00e9vel k\u00f6r\u00fclbel\u00fcl <strong>45-60 perc alatt<\/strong>.<\/p>\n<p><strong>t\u00f6lt\u0151dik fel teljesen.<\/strong><br \/>\nK: Mennyi nikotin van egy Waspe 40000 eldobhat\u00f3 vape-ben? <strong>0%, 2%, vagy 5% nikotintartalom<\/strong> V: A Waspe 40000<\/p>\n<p><strong>er\u0151ss\u00e9ggel kaphat\u00f3 (ami az 5%-os opci\u00f3 eset\u00e9ben 50 mg-nak felel meg), kiel\u00e9g\u00edtve a k\u00fcl\u00f6nb\u00f6z\u0151 preferenci\u00e1kat.<\/strong><br \/>\nV: A <strong>K: Hol v\u00e1s\u00e1rolhatok Waspe 40000 Puff Vape-eket nagykereskedelmi \u00e1ron?<\/strong> A Waspe 40000 Puffs Eldobhat\u00f3 Vape <strong>vape nagykereskedelmi<\/strong> forgalmaz\u00f3kon \u00e9s online kiskeresked\u0151k\u00f6n kereszt\u00fcl \u00e9rhet\u0151 el, akik a <strong>t\u00f6meges v\u00e1s\u00e1rl\u00e1sra<\/strong> \u00e9s <strong>n\u00e9pszer\u0171 eldobhat\u00f3 vape m\u00e1rk\u00e1k k\u00f6z\u00f6tt<\/strong>.<\/p>\n<p><strong>szakosodtak.<\/strong><br \/>\nK: H\u00e1ny slukkot biztos\u00edt a Waspe Vape 40000 Puffs? <strong>40 000 slukk<\/strong>V: A Waspe Vape leny\u0171g\u00f6z\u0151<\/p>\n<p><strong>slukksz\u00e1mot k\u00edn\u00e1l, hosszan tart\u00f3 el\u00e9gedetts\u00e9get \u00e9s k\u00e9nyelmet biztos\u00edtva.<\/strong><br \/>\nA: A Waspe 40000 teljes felt\u00f6lt\u00e9se k\u00f6r\u00fclbel\u00fcl <strong>45-60 perc alatt<\/strong>, k\u00f6sz\u00f6nhet\u0151en hat\u00e9kony <strong>Type-C t\u00f6lt\u0151rendszer\u00e9nek<\/strong>.<\/p>\n<\/div>\n<\/div>\n<\/div>\n<\/div>\n<\/div>\n<\/div>\n<\/div>\n<\/div>\n<\/div>\n<\/div>\n<div class=\"group\/conversation-turn relative flex w-full min-w-0 flex-col agent-turn\">\n<div class=\"flex-col gap-1 md:gap-3\">\n<div class=\"flex max-w-full flex-col flex-grow\">\n<div class=\"min-h-8 text-message flex w-full flex-col items-end gap-2 whitespace-normal break-words [.text-message+&amp;]:mt-5\" dir=\"auto\" data-message-author-role=\"assistant\" data-message-id=\"a3dc01bd-23b0-4fd7-bb9a-7827522cefd8\" data-message-model-slug=\"gpt-4o\">\n<div class=\"flex w-full flex-col gap-1 empty:hidden first:pt-[3px]\"><\/div>\n<\/div>\n<\/div>\n<\/div>\n<\/div>\n<\/div>\n<\/div>\n<\/div>\n<\/div>\n<\/div>\n<\/div>\n<\/div>\n<\/div>\n<\/div>\n<\/div>\n<h3>A Sz\u00e1ll\u00edt\u00e1sr\u00f3l<\/h3>\n<div class=\"flex-shrink-0 flex flex-col relative items-end\">\n<div>\n<div class=\"pt-0\">\n<div class=\"gizmo-bot-avatar flex h-8 w-8 items-center justify-center overflow-hidden rounded-full\">\n<div><\/div>\n<div class=\"relative p-1 rounded-sm flex items-center justify-center bg-token-main-surface-primary text-token-text-primary h-8 w-8\"><strong>1. Milyen sz\u00e1ll\u00edt\u00e1si m\u00f3dokat haszn\u00e1lnak?<\/strong><\/div>\n<\/div>\n<\/div>\n<\/div>\n<\/div>\n<div class=\"group\/conversation-turn relative flex w-full min-w-0 flex-col agent-turn\">\n<div class=\"flex-col gap-1 md:gap-3\">\n<div class=\"flex max-w-full flex-col flex-grow\">\n<div class=\"min-h-[20px] text-message flex w-full flex-col items-end gap-2 whitespace-normal break-words [.text-message+&amp;]:mt-5 overflow-x-auto\" dir=\"auto\" data-message-author-role=\"assistant\" data-message-id=\"22f8283b-3233-46ff-89a5-c7a41b33abda\">\n<div class=\"flex w-full flex-col gap-1 empty:hidden first:pt-[3px]\">\n<div class=\"markdown prose w-full break-words dark:prose-invert light\">\n<p>Partnerei vagyunk a UPS, DHL, FedEx, DPD \u00e9s m\u00e1s vezet\u0151 fuvaroz\u00f3knak. A legjobb sz\u00e1ll\u00edt\u00e1si m\u00f3dot fogjuk kiv\u00e1lasztani a sz\u00e1ll\u00edt\u00e1si helysz\u00edne alapj\u00e1n, hogy a lehet\u0151 leggyorsabban megkapja a term\u00e9keit.<\/p>\n<\/div>\n<p><strong>2. Mennyi id\u0151 alatt \u00e9rkezik meg?<\/strong><\/p>\n<p>A csomagok \u00e1ltal\u00e1ban 10 munkanapon bel\u00fcl meg\u00e9rkeznek Magyarorsz\u00e1gra. Az eur\u00f3pai orsz\u00e1gokba t\u00f6rt\u00e9n\u0151 sz\u00e1ll\u00edt\u00e1s \u00e1ltal\u00e1ban 12-15 munkanapot vesz ig\u00e9nybe. Folyamatosan t\u00e1j\u00e9koztatjuk a sz\u00e1ll\u00edt\u00e1si st\u00e1tuszr\u00f3l.<\/p>\n<\/div>\n<\/div>\n<\/div>\n<\/div>\n<\/div>\n<p>&nbsp;<\/p>\n<p>Tal\u00e1lja meg a tov\u00e1bbi vape term\u00e9keket, amelyek tetszhetnek \u00d6nnek:<strong><em><a href=\"https:\/\/rmvapesale.com\/hu\/shop-2\/\">V\u00e1s\u00e1roljon most &gt;&gt;&gt;<\/a><\/em><\/strong><\/p>","protected":false},"excerpt":{"rendered":"<p>A WASPE Vape 40000 Puffs k\u00e9sz\u00fcl\u00e9k kiemelkedik a kett\u0151s \u00edztechnol\u00f3gi\u00e1j\u00e1val \u00e9s a 40 000 slukkot meghalad\u00f3 kapacit\u00e1s\u00e1val, \u00edgy kiv\u00e1l\u00f3 v\u00e1laszt\u00e1s mindazok sz\u00e1m\u00e1ra, akik a k\u00e9nyelmet egy kiv\u00e9teles g\u0151z\u00f6l\u00e9si \u00e9lm\u00e9nnyel szeretn\u00e9k \u00f6tv\u00f6zni.<\/p>\n<p><img loading=\"lazy\" decoding=\"async\" class=\"size-full wp-image-2375\" src=\"https:\/\/rmvapesale.com\/wp-content\/uploads\/2024\/10\/image.png\" alt=\"Legjobb Eldobhat\u00f3 Vape\" width=\"229\" height=\"300\" \/><\/p>\n<h3><a href=\"https:\/\/wa.me\/8617776015835\"><span style=\"color: #ff0000\"><strong>WhatsApp: +86 17776015835<\/strong><\/span><\/a><\/h3>\n<p>&nbsp;<\/p>","protected":false},"featured_media":2759,"comment_status":"open","ping_status":"closed","template":"","meta":{"_uag_custom_page_level_css":"","_lmt_disableupdate":"no","_lmt_disable":"","site-sidebar-layout":"default","site-content-layout":"content-boxed-container","ast-site-content-layout":"normal-width-container","site-content-style":"boxed","site-sidebar-style":"unboxed","ast-global-header-display":"","ast-banner-title-visibility":"","ast-main-header-display":"","ast-hfb-above-header-display":"","ast-hfb-below-header-display":"","ast-hfb-mobile-header-display":"","site-post-title":"","ast-breadcrumbs-content":"","ast-featured-img":"","footer-sml-layout":"","theme-transparent-header-meta":"default","adv-header-id-meta":"","stick-header-meta":"","header-above-stick-meta":"","header-main-stick-meta":"","header-below-stick-meta":"","astra-migrate-meta-layouts":"set","ast-page-background-enabled":"default","ast-page-background-meta":{"desktop":{"background-color":"var(--ast-global-color-4)","background-image":"","background-repeat":"repeat","background-position":"center center","background-size":"auto","background-attachment":"scroll","background-type":"","background-media":"","overlay-type":"","overlay-color":"","overlay-opacity":"","overlay-gradient":""},"tablet":{"background-color":"","background-image":"","background-repeat":"repeat","background-position":"center center","background-size":"auto","background-attachment":"scroll","background-type":"","background-media":"","overlay-type":"","overlay-color":"","overlay-opacity":"","overlay-gradient":""},"mobile":{"background-color":"","background-image":"","background-repeat":"repeat","background-position":"center center","background-size":"auto","background-attachment":"scroll","background-type":"","background-media":"","overlay-type":"","overlay-color":"","overlay-opacity":"","overlay-gradient":""}},"ast-content-background-meta":{"desktop":{"background-color":"var(--ast-global-color-5)","background-image":"","background-repeat":"repeat","background-position":"center center","background-size":"auto","background-attachment":"scroll","background-type":"","background-media":"","overlay-type":"","overlay-color":"","overlay-opacity":"","overlay-gradient":""},"tablet":{"background-color":"var(--ast-global-color-5)","background-image":"","background-repeat":"repeat","background-position":"center center","background-size":"auto","background-attachment":"scroll","background-type":"","background-media":"","overlay-type":"","overlay-color":"","overlay-opacity":"","overlay-gradient":""},"mobile":{"background-color":"var(--ast-global-color-5)","background-image":"","background-repeat":"repeat","background-position":"center center","background-size":"auto","background-attachment":"scroll","background-type":"","background-media":"","overlay-type":"","overlay-color":"","overlay-opacity":"","overlay-gradient":""}},"_joinchat":[]},"product_brand":[],"product_cat":[15,25,123,26,28,135,27,137,136,30],"product_tag":[222,220,221],"class_list":{"0":"post-2761","1":"product","2":"type-product","3":"status-publish","4":"has-post-thumbnail","6":"product_cat-new-vape-this-week","7":"product_cat-germany-best-selling-vape","8":"product_cat-italy-wholesale-vape","9":"product_cat-netherlands-hot-sale-vape","10":"product_cat-poland-hot-sale-vape","11":"product_cat-spain-best-hot-sale-vape","12":"product_cat-fance-hot-sale-vape","13":"product_cat-rechargeable-vapes","14":"product_cat-smart-screen-vapes","15":"product_cat-minimum-order-quantity-50pcs","16":"product_tag-double-flavor-vape","17":"product_tag-waspe-40000","18":"product_tag-waspe-vape","19":"desktop-align-left","20":"tablet-align-left","21":"mobile-align-left","23":"first","24":"instock","25":"sale","26":"shipping-taxable","27":"purchasable","28":"product-type-simple"},"uagb_featured_image_src":{"full":["https:\/\/rmvapesale.com\/wp-content\/uploads\/2024\/11\/WASPE-40000-Rechargeable-Disposable-Vape.jpg",1000,1000,false],"thumbnail":["https:\/\/rmvapesale.com\/wp-content\/uploads\/2024\/11\/WASPE-40000-Rechargeable-Disposable-Vape-150x150.jpg",150,150,true],"medium":["https:\/\/rmvapesale.com\/wp-content\/uploads\/2024\/11\/WASPE-40000-Rechargeable-Disposable-Vape-300x300.jpg",300,300,true],"medium_large":["https:\/\/rmvapesale.com\/wp-content\/uploads\/2024\/11\/WASPE-40000-Rechargeable-Disposable-Vape-768x768.jpg",768,768,true],"large":["https:\/\/rmvapesale.com\/wp-content\/uploads\/2024\/11\/WASPE-40000-Rechargeable-Disposable-Vape.jpg",1000,1000,false],"1536x1536":["https:\/\/rmvapesale.com\/wp-content\/uploads\/2024\/11\/WASPE-40000-Rechargeable-Disposable-Vape.jpg",1000,1000,false],"2048x2048":["https:\/\/rmvapesale.com\/wp-content\/uploads\/2024\/11\/WASPE-40000-Rechargeable-Disposable-Vape.jpg",1000,1000,false],"trp-custom-language-flag":["https:\/\/rmvapesale.com\/wp-content\/uploads\/2024\/11\/WASPE-40000-Rechargeable-Disposable-Vape.jpg",12,12,false],"woocommerce_thumbnail":["https:\/\/rmvapesale.com\/wp-content\/uploads\/2024\/11\/WASPE-40000-Rechargeable-Disposable-Vape-300x300.jpg",300,300,true],"woocommerce_single":["https:\/\/rmvapesale.com\/wp-content\/uploads\/2024\/11\/WASPE-40000-Rechargeable-Disposable-Vape-600x600.jpg",600,600,true],"woocommerce_gallery_thumbnail":["https:\/\/rmvapesale.com\/wp-content\/uploads\/2024\/11\/WASPE-40000-Rechargeable-Disposable-Vape-100x100.jpg",100,100,true],"wcpr-photo-reviews":["https:\/\/rmvapesale.com\/wp-content\/uploads\/2024\/11\/WASPE-40000-Rechargeable-Disposable-Vape.jpg",500,500,false]},"uagb_author_info":{"display_name":"AMY","author_link":"https:\/\/rmvapesale.com\/hu\/author\/"},"uagb_comment_info":0,"uagb_excerpt":"WASPE Vape 40000 Puffs device stands out with its dual-flavor technology and 40,000-puff capacity, making it a top choice for anyone looking to combine convenience with an exceptional vaping experience. WhatsApp: +86 17776015835 &nbsp;","_links":{"self":[{"href":"https:\/\/rmvapesale.com\/hu\/wp-json\/wp\/v2\/product\/2761","targetHints":{"allow":["GET"]}}],"collection":[{"href":"https:\/\/rmvapesale.com\/hu\/wp-json\/wp\/v2\/product"}],"about":[{"href":"https:\/\/rmvapesale.com\/hu\/wp-json\/wp\/v2\/types\/product"}],"replies":[{"embeddable":true,"href":"https:\/\/rmvapesale.com\/hu\/wp-json\/wp\/v2\/comments?post=2761"}],"wp:featuredmedia":[{"embeddable":true,"href":"https:\/\/rmvapesale.com\/hu\/wp-json\/wp\/v2\/media\/2759"}],"wp:attachment":[{"href":"https:\/\/rmvapesale.com\/hu\/wp-json\/wp\/v2\/media?parent=2761"}],"wp:term":[{"taxonomy":"product_brand","embeddable":true,"href":"https:\/\/rmvapesale.com\/hu\/wp-json\/wp\/v2\/product_brand?post=2761"},{"taxonomy":"product_cat","embeddable":true,"href":"https:\/\/rmvapesale.com\/hu\/wp-json\/wp\/v2\/product_cat?post=2761"},{"taxonomy":"product_tag","embeddable":true,"href":"https:\/\/rmvapesale.com\/hu\/wp-json\/wp\/v2\/product_tag?post=2761"}],"curies":[{"name":"wp","href":"https:\/\/api.w.org\/{rel}","templated":true}]}}