{"id":2767,"date":"2024-11-21T08:44:14","date_gmt":"2024-11-21T08:44:14","guid":{"rendered":"https:\/\/rmvapesale.com\/?post_type=product&#038;p=2767"},"modified":"2024-11-21T09:11:37","modified_gmt":"2024-11-21T09:11:37","slug":"jnr-alien-10000-puffs-rechargeable-disposable-vape-bulk-price","status":"publish","type":"product","link":"https:\/\/rmvapesale.com\/hu\/product\/jnr-alien-10000-puffs-rechargeable-disposable-vape-bulk-price\/","title":{"rendered":"JNR Alien 10000 Puffs \u00dajrat\u00f6lthet\u0151 Eldobhat\u00f3 Vape Nagyker \u00c1r"},"content":{"rendered":"<div class=\"B2VR9 CJHX3e\">\n<div class=\"wyccme\">\n<h1 class=\"LC20lb MBeuO DKV0Md\">JNR Alien 10000 Puffs \u00dajrat\u00f6lthet\u0151 Eldobhat\u00f3 Vape Nagyker \u00c1r<\/h1>\n<div class=\"flex-shrink-0 flex flex-col relative items-end\">\n<div class=\"pt-0\">\n<div class=\"gizmo-bot-avatar flex h-8 w-8 items-center justify-center overflow-hidden rounded-full\">\n<div class=\"relative p-1 rounded-sm flex items-center justify-center bg-token-main-surface-primary text-token-text-primary h-8 w-8\">\n<p>A <strong>JNR Alien 10000 Puffs t\u00f6lthet\u0151 eldobhat\u00f3 vape<\/strong> azok sz\u00e1m\u00e1ra k\u00e9sz\u00fclt, akik a k\u00e9nyelmet \u00e9s a teljes\u00edtm\u00e9nyt egyar\u00e1nt fontosnak tartj\u00e1k. Az el\u0151re felt\u00f6lt\u00f6tt <strong>20 ml-es e-liquid kapacit\u00e1ssal<\/strong>, ez a k\u00e9sz\u00fcl\u00e9k ak\u00e1r <strong>10 000 slukkot<\/strong>, biztos\u00edtva a hosszan tart\u00f3 g\u0151z\u00f6l\u00e9si \u00e9lm\u00e9nyt a gyakori cser\u00e9k n\u00e9lk\u00fcl. Egy megb\u00edzhat\u00f3 <strong>850mAh \u00fajrat\u00f6lthet\u0151 akkumul\u00e1tor<\/strong>, egyenletes g\u0151ztermel\u00e9st biztos\u00edt, \u00e9s a fejlett <strong>h\u00e1l\u00f3s tekercs technol\u00f3gi\u00e1ja<\/strong> fokozza az \u00edzt \u00e9s a g\u0151zmennyis\u00e9get a magasabb szint\u0171 \u00e9lm\u00e9ny \u00e9rdek\u00e9ben. Az Alien JNR 10000-et a <strong>MTL (sz\u00e1jb\u00f3l-t\u00fcd\u0151re) g\u0151z\u00f6l\u00e9shez<\/strong>tervezt\u00e9k, ez az eszk\u00f6z egy probl\u00e9mamentes <strong>sz\u00edv\u00e1sra aktiv\u00e1l\u00f3d\u00f3 mechanizmussal<\/strong>rendelkezik, ami t\u00f6k\u00e9letess\u00e9 teszi azok sz\u00e1m\u00e1ra, akik az egyszer\u0171s\u00e9get kedvelik a teljes\u00edtm\u00e9ny fel\u00e1ldoz\u00e1sa n\u00e9lk\u00fcl.<\/p>\n<p>Kompakt \u00e9s hordozhat\u00f3, a <strong>JNR Alien 10000 t\u00f6lthet\u0151 Vape<\/strong> ide\u00e1lis az \u00fatk\u00f6zbeni g\u0151z\u00f6l\u00e9shez. A t\u00f6lthet\u0151 akkumul\u00e1tor t\u00e1mogatja a hosszan tart\u00f3 haszn\u00e1latot, \u00e9s a k\u00f6nny\u0171 kialak\u00edt\u00e1s megk\u00f6nny\u00edti a hordoz\u00e1s\u00e1t. Egy <strong>5%-os nikotiner\u0151ss\u00e9g<\/strong>, kiel\u00e9g\u00edt\u0151 \u00e9lm\u00e9nyt ny\u00fajt, amely megfelel azoknak a felhaszn\u00e1l\u00f3knak, akik er\u0151s, m\u00e9gis sima g\u0151z\u00f6l\u00e9si \u00e9lm\u00e9nyt keresnek. Ak\u00e1r kiskeresked\u0151, ak\u00e1r nagykereskedelmi v\u00e1s\u00e1rl\u00f3, a <strong>JNR Alien 10000 Puffs<\/strong> kiv\u00e9teles \u00e9rt\u00e9ket k\u00edn\u00e1l <strong>nagykereskedelmi \u00e1ron<\/strong>, \u00edgy kiemelked\u0151 term\u00e9k a vape nagykereskedelmi ig\u00e9nyekhez.<\/p>\n<\/div>\n<\/div>\n<\/div>\n<\/div>\n<\/div>\n<\/div>\n<p><strong>L\u00e9pjen kapcsolatba Amyvel, hogy megkapja a helyes v\u00e1laszt \u00e9s a vape kupont!<\/strong><\/p>\n<p><img loading=\"lazy\" decoding=\"async\" class=\"size-full wp-image-1978\" src=\"https:\/\/rmvapesale.com\/wp-content\/uploads\/2024\/09\/Disposable-Vape-Wholesale.jpg\" alt=\"Eldobhat\u00f3 Vape Nagykereskedelem\" width=\"229\" height=\"300\" \/><\/p>\n<h3><a href=\"https:\/\/wa.me\/8617776015835\" target=\"_blank\" rel=\"noopener\"><span style=\"color: #ff0000\"><strong>WhatsApp: +86 17776015835<\/strong><\/span><\/a><\/h3>\n<p>&nbsp;<\/p>\n<h2><\/h2>\n<h2><strong>JNR Alien 10000 Puffs F\u0151bb jellemz\u0151i<\/strong><\/h2>\n<ul>\n<li><strong>Ak\u00e1r 10 000 slukkot biztos\u00edt k\u00e9sz\u00fcl\u00e9kenk\u00e9nt<\/strong><\/li>\n<li><strong>20 ml-es el\u0151re t\u00f6lt\u00f6tt e-liquid a kevesebb csere \u00e9rdek\u00e9ben<\/strong><\/li>\n<li><strong>850mAh-s t\u00f6lthet\u0151 akkumul\u00e1tor a hosszabb haszn\u00e1lat\u00e9rt<\/strong><\/li>\n<li><strong>H\u00e1l\u00f3s tekercs technol\u00f3gia a fokozott \u00edz \u00e9s g\u0151z \u00e9rdek\u00e9ben<\/strong><\/li>\n<li><strong>Kompakt, szippant\u00e1sra aktiv\u00e1l\u00f3d\u00f3 kialak\u00edt\u00e1s a k\u00f6nnyed g\u0151z\u00f6l\u00e9shez<\/strong><\/li>\n<\/ul>\n<h2><\/h2>\n<h2><strong>A legjobb \u00edz a JNR Alien 10kPuffs-hoz<\/strong><\/h2>\n<p>1. Fekete s\u00e1rk\u00e1ny j\u00e9g<br \/>\n2.K\u00e9k m\u00e1lna cseresznye <span style=\"color: #ff0000\"><strong>&gt;&gt;&gt;&gt; Forr\u00f3!<\/strong><\/span><br \/>\n3. K\u00e9k m\u00e1lna j\u00e9g <span style=\"color: #ff0000\"><strong>&gt;&gt;&gt;&gt; Forr\u00f3!<\/strong><\/span><br \/>\n4. \u00c1fonya r\u00e1g\u00f3gumi<br \/>\n5. \u00c1fonya, cseresznye, v\u00f6r\u00f6s\u00e1fonya<br \/>\n6. Jeges \u00e1fonya<br \/>\n7. Savany\u00fa m\u00e1lna \u00e1fonya<br \/>\n8. Sz\u00e9nsavas cseresznye k\u00f3la<br \/>\n9. Sz\u0151l\u0151 j\u00e9g<br \/>\n10. Guava j\u00e9g<br \/>\n11. Kivi, maracuja, guava<br \/>\n12. Eper kivi<br \/>\n13. Vegyes bogy\u00f3sgy\u00fcm\u00f6lcs<br \/>\n14. Mr. K\u00e9k<br \/>\n15. Maracuja<br \/>\n16. \u0150szibarack, bogy\u00f3sgy\u00fcm\u00f6lcs<br \/>\n17. \u0150szibarack, \u00e1fonya cukorka<br \/>\n18. Jeges \u0151szibarack<br \/>\n19. \u0150szibarack, mang\u00f3, anan\u00e1sz <span style=\"color: #ff0000\"><strong>&gt;&gt;&gt;&gt; Forr\u00f3!<\/strong><\/span><br \/>\n20.Savany\u00fa alma<br \/>\n21.Eper Ban\u00e1n<br \/>\n22.Eperj\u00e9g<br \/>\n23.Eper M\u00e1lna Cseresznye j\u00e9g <span style=\"color: #ff0000\"><strong>&gt;&gt;&gt;&gt; A legjobb!<\/strong><\/span><br \/>\n24.Eper Dinnye j\u00e9g<br \/>\n25.Eper Dinnye Limon\u00e1d\u00e9<br \/>\n26.Dinnye r\u00e1g\u00f3gumi<br \/>\n27.Dinnye j\u00e9g<br \/>\n28.Ban\u00e1n j\u00e9g<br \/>\n29.\u00c1fonya Kiwi<br \/>\n30.Cseresznye bogy\u00f3<br \/>\n31.K\u00f3la J\u00e9g<br \/>\n32.H\u0171s Menta<br \/>\n33.Dupla Alma<br \/>\n34.Gumicukor<br \/>\n35.L\u00e9d\u00fas J\u00e9g<br \/>\n36.M\u00e1lna G\u00f6r\u00f6gdinnye<br \/>\n37.Eper Cukorka J\u00e9g<br \/>\n38.Eper Pinacolada<br \/>\n39.Eper Gr\u00e1n\u00e1talma<br \/>\n40.Eper M\u00e1lna J\u00e9g<br \/>\n41.Tr\u00f3pusi Puncs<br \/>\n42.G\u00f6r\u00f6gdinnye Brazz J\u00e9g<br \/>\n43.G\u00f6r\u00f6gdinnye Licsi<\/p>\n<p>&nbsp;<\/p>\n<h3><strong>Mi\u00e9rt v\u00e1lassza az Rmvapesale-t az Alien JNR 10000 Puffs-hoz? <\/strong><strong>V<\/strong><strong>ape Nagykeresked\u00e9s<\/strong><strong>?<\/strong><\/h3>\n<div class=\"flex-shrink-0 flex flex-col relative items-end\">\n<div class=\"pt-0\">\n<div class=\"gizmo-bot-avatar flex h-8 w-8 items-center justify-center overflow-hidden rounded-full\">\n<div class=\"relative p-1 rounded-sm flex items-center justify-center bg-token-main-surface-primary text-token-text-primary h-8 w-8\">\n<p>\u00dcdv\u00f6z\u00f6lj\u00fck a Rmvapesale-ben, az \u00d6n megb\u00edzhat\u00f3 vape \u00fczlet\u00e9ben, ahol pr\u00e9mium eldobhat\u00f3 vape-eket tal\u00e1l. T\u00f6bb mint 5 \u00e9ves szak\u00e9rtelemmel olyan n\u00e9pszer\u0171 eldobhat\u00f3 vape m\u00e1rk\u00e1kat k\u00edn\u00e1lunk, mint az Al Fakher, <a href=\"https:\/\/rmvapesale.com\/hu\/product-category\/bang-vapes\/\">Bang Vape<\/a>, Waspe, WGA Vape \u00e9s<a href=\"https:\/\/rmvapesale.com\/hu\/product-category\/randm-fumot-vape\/\"> RandM Vape<\/a>.<\/p>\n<p>K\u00edn\u00e1latunkban olyan n\u00e9pszer\u0171 vape-ek szerepelnek, mint a <a href=\"https:\/\/rmvapesale.com\/hu\/product\/randm-tornado-15000-puffs-vape-wholesale\/\">RandM Tornado 15000<\/a> \u00e9s \u00edzekben gazdag lehet\u0151s\u00e9gek, mint a Vapme 70000. Minden term\u00e9k a min\u0151s\u00e9gre, az \u00e9rt\u00e9kre \u00e9s a soksz\u00edn\u0171s\u00e9gre f\u00f3kusz\u00e1lva van kiv\u00e1lasztva, biztos\u00edtva, hogy megtal\u00e1lja a t\u00f6k\u00e9leteset az ig\u00e9nyeihez. Fedezze fel a kiv\u00e9teles szolg\u00e1ltat\u00e1st \u00e9s a top term\u00e9kek sz\u00e9les v\u00e1laszt\u00e9k\u00e1t az Rmvapesale-n\u00e1l.<\/p>\n<\/div>\n<h3><\/h3>\n<div class=\"relative p-1 rounded-sm flex items-center justify-center bg-token-main-surface-primary text-token-text-primary h-8 w-8\">\n<h3><b> GYIK a <\/b><b>Alien JNR 10000 \u00dajrat\u00f6lthet\u0151 Eldobhat\u00f3 Vape<\/b><\/h3>\n<div class=\"group\/conversation-turn relative flex w-full min-w-0 flex-col agent-turn\">\n<div class=\"flex-col gap-1 md:gap-3\">\n<div class=\"flex max-w-full flex-col flex-grow\">\n<div class=\"min-h-8 text-message flex w-full flex-col items-end gap-2 whitespace-normal break-words [.text-message+&amp;]:mt-5\" dir=\"auto\" data-message-author-role=\"assistant\" data-message-id=\"00c9b302-bc9c-4550-94ba-5a295efa2be3\" data-message-model-slug=\"gpt-4o\">\n<div class=\"flex w-full flex-col gap-1 empty:hidden first:pt-[3px]\">\n<div class=\"markdown prose w-full break-words dark:prose-invert light\">\n<div class=\"flex-shrink-0 flex flex-col relative items-end\">\n<div>\n<div class=\"pt-0\">\n<div class=\"gizmo-bot-avatar flex h-8 w-8 items-center justify-center overflow-hidden rounded-full\">\n<div class=\"relative p-1 rounded-sm flex items-center justify-center bg-token-main-surface-primary text-token-text-primary h-8 w-8\">\n<div class=\"flex-shrink-0 flex flex-col relative items-end\">\n<div>\n<div class=\"pt-0\">\n<div class=\"gizmo-bot-avatar flex h-8 w-8 items-center justify-center overflow-hidden rounded-full\">\n<div class=\"relative p-1 rounded-sm flex items-center justify-center bg-token-main-surface-primary text-token-text-primary h-8 w-8\">\n<p><strong>1. Mennyi nikotin van a JNR 10000 Eldobhat\u00f3 Vape-ben?<\/strong><br \/>\nA <strong>JNR Alien 10k Eldobhat\u00f3 Vape<\/strong> tartalmaz <strong>5% nikotinszintet (50mg)<\/strong>, amely er\u0151teljes, m\u00e9gis sima nikotin\u00e9lm\u00e9nyt k\u00edn\u00e1l.<\/p>\n<p><strong>2. Hol v\u00e1s\u00e1rolhatok JNR Alien 10k Puffs term\u00e9ket nagykereskedelmi \u00e1ron?<\/strong><br \/>\nMegv\u00e1s\u00e1rolhatja a <strong>JNR Alien 10k Puffs<\/strong> at <strong>nagykereskedelmi \u00e1rakat<\/strong> megb\u00edzhat\u00f3 vape nagykeresked\u0151kn\u00e9l, forgalmaz\u00f3kn\u00e1l, vagy olyan online platformokon, amelyek a vape term\u00e9kek t\u00f6meges \u00e9rt\u00e9kes\u00edt\u00e9s\u00e9re szakosodtak.<\/p>\n<p><strong>3. Honnan tudom, hogy a JNR 10000 Puffs Smart Vape-em \u00fcres?<\/strong><br \/>\nA <strong>JNR 10000 Vape<\/strong> akkor lehet \u00fcres, ha \u00e9gett vagy kellemetlen \u00edzt, cs\u00f6kkent g\u0151ztermel\u00e9st tapasztal, vagy a k\u00e9sz\u00fcl\u00e9k haszn\u00e1latkor m\u00e1r nem kapcsol be.<\/p>\n<p><strong>4. Meddig tart az \u00edz a JNR 10000 eldobhat\u00f3 vape tollban?<\/strong><br \/>\nA <strong>JNR Alien 10000<\/strong> \u00edzei <strong>10 000 slukkot<\/strong>v\u00e9gig konzisztensek \u00e9s kiel\u00e9g\u00edt\u0151ek maradnak, \u00edgy nem kell kompromisszumot k\u00f6tni az \u00edz ter\u00e9n.<\/p>\n<p><strong>5. Melyek a JNR Alien 10k Puffs eldobhat\u00f3 vape toll n\u00e9pszer\u0171 \u00edzei?<\/strong><br \/>\nA legn\u00e9pszer\u0171bb \u00edzek a <strong>JNR Alien 10k Puffs<\/strong> Mango Ice, Strawberry Watermelon, Blueberry Raspberry \u00e9s Cool Mint, amelyek a preferenci\u00e1k sz\u00e9les sk\u00e1l\u00e1j\u00e1t fedik le.<\/p>\n<p><strong>6. H\u00e1ny slukkot biztos\u00edt a JNR 10000 Vape?<\/strong><br \/>\nA <strong>A JNR Alien 10k Vape<\/strong> ak\u00e1r <strong>10 000 slukkot<\/strong>slukkot biztos\u00edt, \u00edgy hossz\u00fa \u00e9lettartam\u00fa \u00e9s k\u00e9nyelmes opci\u00f3 a gyakori \u00e9s az alkalmi g\u0151z\u00f6l\u0151k sz\u00e1m\u00e1ra egyar\u00e1nt.<\/p>\n<p><strong>Mennyi ideig tart egy JNR 30000 Puffs \u00fajrat\u00f6lthet\u0151 vape felt\u00f6lt\u00e9se?<\/strong><br \/>\nA <strong>A JNR 10000 Puffs Vape<\/strong> k\u00f6r\u00fclbel\u00fcl ennyi id\u0151 alatt t\u00f6lt fel <strong>1\u20131,5 \u00f3ra<\/strong>, k\u00f6sz\u00f6nhet\u0151en hat\u00e9kony <strong>Type-C t\u00f6lt\u0151port<\/strong>.<\/p>\n<\/div>\n<\/div>\n<\/div>\n<\/div>\n<\/div>\n<\/div>\n<\/div>\n<\/div>\n<\/div>\n<\/div>\n<div class=\"group\/conversation-turn relative flex w-full min-w-0 flex-col agent-turn\">\n<div class=\"flex-col gap-1 md:gap-3\">\n<div class=\"flex max-w-full flex-col flex-grow\">\n<div class=\"min-h-8 text-message flex w-full flex-col items-end gap-2 whitespace-normal break-words [.text-message+&amp;]:mt-5\" dir=\"auto\" data-message-author-role=\"assistant\" data-message-id=\"a3dc01bd-23b0-4fd7-bb9a-7827522cefd8\" data-message-model-slug=\"gpt-4o\">\n<div class=\"flex w-full flex-col gap-1 empty:hidden first:pt-[3px]\"><\/div>\n<\/div>\n<\/div>\n<\/div>\n<\/div>\n<\/div>\n<\/div>\n<\/div>\n<\/div>\n<\/div>\n<\/div>\n<\/div>\n<\/div>\n<\/div>\n<\/div>\n<h3>A Sz\u00e1ll\u00edt\u00e1sr\u00f3l<\/h3>\n<div class=\"flex-shrink-0 flex flex-col relative items-end\">\n<div>\n<div class=\"pt-0\">\n<div class=\"gizmo-bot-avatar flex h-8 w-8 items-center justify-center overflow-hidden rounded-full\">\n<div><\/div>\n<div class=\"relative p-1 rounded-sm flex items-center justify-center bg-token-main-surface-primary text-token-text-primary h-8 w-8\"><strong>1. Milyen sz\u00e1ll\u00edt\u00e1si m\u00f3dokat haszn\u00e1lnak?<\/strong><\/div>\n<\/div>\n<\/div>\n<\/div>\n<\/div>\n<div class=\"group\/conversation-turn relative flex w-full min-w-0 flex-col agent-turn\">\n<div class=\"flex-col gap-1 md:gap-3\">\n<div class=\"flex max-w-full flex-col flex-grow\">\n<div class=\"min-h-[20px] text-message flex w-full flex-col items-end gap-2 whitespace-normal break-words [.text-message+&amp;]:mt-5 overflow-x-auto\" dir=\"auto\" data-message-author-role=\"assistant\" data-message-id=\"22f8283b-3233-46ff-89a5-c7a41b33abda\">\n<div class=\"flex w-full flex-col gap-1 empty:hidden first:pt-[3px]\">\n<div class=\"markdown prose w-full break-words dark:prose-invert light\">\n<p>Partnerei vagyunk a UPS, DHL, FedEx, DPD \u00e9s m\u00e1s vezet\u0151 fuvaroz\u00f3knak. A legjobb sz\u00e1ll\u00edt\u00e1si m\u00f3dot fogjuk kiv\u00e1lasztani a sz\u00e1ll\u00edt\u00e1si helysz\u00edne alapj\u00e1n, hogy a lehet\u0151 leggyorsabban megkapja a term\u00e9keit.<\/p>\n<\/div>\n<p><strong>2. Mennyi id\u0151 alatt \u00e9rkezik meg?<\/strong><\/p>\n<p>A csomagok \u00e1ltal\u00e1ban 10 munkanapon bel\u00fcl meg\u00e9rkeznek Magyarorsz\u00e1gra. Az eur\u00f3pai orsz\u00e1gokba t\u00f6rt\u00e9n\u0151 sz\u00e1ll\u00edt\u00e1s \u00e1ltal\u00e1ban 12-15 munkanapot vesz ig\u00e9nybe. Folyamatosan t\u00e1j\u00e9koztatjuk a sz\u00e1ll\u00edt\u00e1si st\u00e1tuszr\u00f3l.<\/p>\n<\/div>\n<\/div>\n<\/div>\n<\/div>\n<\/div>\n<p>&nbsp;<\/p>\n<p>Tal\u00e1lja meg a tov\u00e1bbi vape term\u00e9keket, amelyek tetszhetnek \u00d6nnek:<strong><em><a href=\"https:\/\/rmvapesale.com\/hu\/shop-2\/\">V\u00e1s\u00e1roljon most &gt;&gt;&gt;<\/a><\/em><\/strong><\/p>","protected":false},"excerpt":{"rendered":"<p>A <strong>JNR Alien 10000 Puffs t\u00f6lthet\u0151 eldobhat\u00f3 vape<\/strong> azok sz\u00e1m\u00e1ra k\u00e9sz\u00fclt, akik a k\u00e9nyelmet \u00e9s a teljes\u00edtm\u00e9nyt egyar\u00e1nt fontosnak tartj\u00e1k. Az el\u0151re felt\u00f6lt\u00f6tt <strong>20 ml-es e-liquid kapacit\u00e1ssal<\/strong>, ez a k\u00e9sz\u00fcl\u00e9k ak\u00e1r <strong>10 000 slukkot<\/strong>is k\u00edn\u00e1l, ami hosszan tart\u00f3 vapingot biztos\u00edt a gyakori cser\u00e9k n\u00e9lk\u00fcl.<\/p>\n<p><img loading=\"lazy\" decoding=\"async\" class=\"size-full wp-image-2375\" src=\"https:\/\/rmvapesale.com\/wp-content\/uploads\/2024\/10\/image.png\" alt=\"Legjobb Eldobhat\u00f3 Vape\" width=\"229\" height=\"300\" \/><\/p>\n<h3><a href=\"https:\/\/wa.me\/8617776015835\"><span style=\"color: #ff0000\"><strong>WhatsApp: +86 17776015835<\/strong><\/span><\/a><\/h3>\n<p>&nbsp;<\/p>","protected":false},"featured_media":2762,"comment_status":"open","ping_status":"closed","template":"","meta":{"_uag_custom_page_level_css":"","_lmt_disableupdate":"no","_lmt_disable":"","site-sidebar-layout":"default","site-content-layout":"content-boxed-container","ast-site-content-layout":"normal-width-container","site-content-style":"boxed","site-sidebar-style":"unboxed","ast-global-header-display":"","ast-banner-title-visibility":"","ast-main-header-display":"","ast-hfb-above-header-display":"","ast-hfb-below-header-display":"","ast-hfb-mobile-header-display":"","site-post-title":"","ast-breadcrumbs-content":"","ast-featured-img":"","footer-sml-layout":"","ast-disable-related-posts":"","theme-transparent-header-meta":"default","adv-header-id-meta":"","stick-header-meta":"","header-above-stick-meta":"","header-main-stick-meta":"","header-below-stick-meta":"","astra-migrate-meta-layouts":"set","ast-page-background-enabled":"default","ast-page-background-meta":{"desktop":{"background-color":"var(--ast-global-color-4)","background-image":"","background-repeat":"repeat","background-position":"center center","background-size":"auto","background-attachment":"scroll","background-type":"","background-media":"","overlay-type":"","overlay-color":"","overlay-opacity":"","overlay-gradient":""},"tablet":{"background-color":"","background-image":"","background-repeat":"repeat","background-position":"center center","background-size":"auto","background-attachment":"scroll","background-type":"","background-media":"","overlay-type":"","overlay-color":"","overlay-opacity":"","overlay-gradient":""},"mobile":{"background-color":"","background-image":"","background-repeat":"repeat","background-position":"center center","background-size":"auto","background-attachment":"scroll","background-type":"","background-media":"","overlay-type":"","overlay-color":"","overlay-opacity":"","overlay-gradient":""}},"ast-content-background-meta":{"desktop":{"background-color":"var(--ast-global-color-5)","background-image":"","background-repeat":"repeat","background-position":"center center","background-size":"auto","background-attachment":"scroll","background-type":"","background-media":"","overlay-type":"","overlay-color":"","overlay-opacity":"","overlay-gradient":""},"tablet":{"background-color":"var(--ast-global-color-5)","background-image":"","background-repeat":"repeat","background-position":"center center","background-size":"auto","background-attachment":"scroll","background-type":"","background-media":"","overlay-type":"","overlay-color":"","overlay-opacity":"","overlay-gradient":""},"mobile":{"background-color":"var(--ast-global-color-5)","background-image":"","background-repeat":"repeat","background-position":"center center","background-size":"auto","background-attachment":"scroll","background-type":"","background-media":"","overlay-type":"","overlay-color":"","overlay-opacity":"","overlay-gradient":""}},"_joinchat":[]},"product_brand":[],"product_cat":[15,27,25,123,30,26,28,137,136,135],"product_tag":[223,224,205],"class_list":{"0":"post-2767","1":"product","2":"type-product","3":"status-publish","4":"has-post-thumbnail","6":"product_cat-new-vape-this-week","7":"product_cat-fance-hot-sale-vape","8":"product_cat-germany-best-selling-vape","9":"product_cat-italy-wholesale-vape","10":"product_cat-minimum-order-quantity-50pcs","11":"product_cat-netherlands-hot-sale-vape","12":"product_cat-poland-hot-sale-vape","13":"product_cat-rechargeable-vapes","14":"product_cat-smart-screen-vapes","15":"product_cat-spain-best-hot-sale-vape","16":"product_tag-jnr","17":"product_tag-jnr-10000","18":"product_tag-jnr-vape","19":"desktop-align-left","20":"tablet-align-left","21":"mobile-align-left","23":"first","24":"instock","25":"sale","26":"shipping-taxable","27":"purchasable","28":"product-type-simple"},"uagb_featured_image_src":{"full":["https:\/\/rmvapesale.com\/wp-content\/uploads\/2024\/11\/JNR-Alien-10000-Puffs-Bulk-Price.png",800,800,false],"thumbnail":["https:\/\/rmvapesale.com\/wp-content\/uploads\/2024\/11\/JNR-Alien-10000-Puffs-Bulk-Price-150x150.png",150,150,true],"medium":["https:\/\/rmvapesale.com\/wp-content\/uploads\/2024\/11\/JNR-Alien-10000-Puffs-Bulk-Price-300x300.png",300,300,true],"medium_large":["https:\/\/rmvapesale.com\/wp-content\/uploads\/2024\/11\/JNR-Alien-10000-Puffs-Bulk-Price-768x768.png",768,768,true],"large":["https:\/\/rmvapesale.com\/wp-content\/uploads\/2024\/11\/JNR-Alien-10000-Puffs-Bulk-Price.png",800,800,false],"1536x1536":["https:\/\/rmvapesale.com\/wp-content\/uploads\/2024\/11\/JNR-Alien-10000-Puffs-Bulk-Price.png",800,800,false],"2048x2048":["https:\/\/rmvapesale.com\/wp-content\/uploads\/2024\/11\/JNR-Alien-10000-Puffs-Bulk-Price.png",800,800,false],"trp-custom-language-flag":["https:\/\/rmvapesale.com\/wp-content\/uploads\/2024\/11\/JNR-Alien-10000-Puffs-Bulk-Price.png",12,12,false],"woocommerce_thumbnail":["https:\/\/rmvapesale.com\/wp-content\/uploads\/2024\/11\/JNR-Alien-10000-Puffs-Bulk-Price-300x300.png",300,300,true],"woocommerce_single":["https:\/\/rmvapesale.com\/wp-content\/uploads\/2024\/11\/JNR-Alien-10000-Puffs-Bulk-Price-600x600.png",600,600,true],"woocommerce_gallery_thumbnail":["https:\/\/rmvapesale.com\/wp-content\/uploads\/2024\/11\/JNR-Alien-10000-Puffs-Bulk-Price-100x100.png",100,100,true],"wcpr-photo-reviews":["https:\/\/rmvapesale.com\/wp-content\/uploads\/2024\/11\/JNR-Alien-10000-Puffs-Bulk-Price.png",500,500,false]},"uagb_author_info":{"display_name":"AMY","author_link":"https:\/\/rmvapesale.com\/hu\/author\/"},"uagb_comment_info":0,"uagb_excerpt":"The JNR Alien 10000 Puffs Rechargeable Disposable Vape is engineered for those who prioritize both convenience and performance. With a pre-filled 20ml e-liquid capacity, this device offers up to 10,000 puffs, ensuring extended vaping sessions without frequent replacements. WhatsApp: +86 17776015835 &nbsp;","_links":{"self":[{"href":"https:\/\/rmvapesale.com\/hu\/wp-json\/wp\/v2\/product\/2767","targetHints":{"allow":["GET"]}}],"collection":[{"href":"https:\/\/rmvapesale.com\/hu\/wp-json\/wp\/v2\/product"}],"about":[{"href":"https:\/\/rmvapesale.com\/hu\/wp-json\/wp\/v2\/types\/product"}],"replies":[{"embeddable":true,"href":"https:\/\/rmvapesale.com\/hu\/wp-json\/wp\/v2\/comments?post=2767"}],"wp:featuredmedia":[{"embeddable":true,"href":"https:\/\/rmvapesale.com\/hu\/wp-json\/wp\/v2\/media\/2762"}],"wp:attachment":[{"href":"https:\/\/rmvapesale.com\/hu\/wp-json\/wp\/v2\/media?parent=2767"}],"wp:term":[{"taxonomy":"product_brand","embeddable":true,"href":"https:\/\/rmvapesale.com\/hu\/wp-json\/wp\/v2\/product_brand?post=2767"},{"taxonomy":"product_cat","embeddable":true,"href":"https:\/\/rmvapesale.com\/hu\/wp-json\/wp\/v2\/product_cat?post=2767"},{"taxonomy":"product_tag","embeddable":true,"href":"https:\/\/rmvapesale.com\/hu\/wp-json\/wp\/v2\/product_tag?post=2767"}],"curies":[{"name":"wp","href":"https:\/\/api.w.org\/{rel}","templated":true}]}}