{"id":2776,"date":"2024-11-22T08:14:08","date_gmt":"2024-11-22T08:14:08","guid":{"rendered":"https:\/\/rmvapesale.com\/?post_type=product&#038;p=2776"},"modified":"2024-11-27T02:39:49","modified_gmt":"2024-11-27T02:39:49","slug":"jnr-vapewatch-30000-smart-phone-vapes-wholesale-cheap-price","status":"publish","type":"product","link":"https:\/\/rmvapesale.com\/hu\/product\/jnr-vapewatch-30000-smart-phone-vapes-wholesale-cheap-price\/","title":{"rendered":"JNR Vapewatch 30000 Okos Telefon Vape Nagykereskedelem Olcs\u00f3 \u00c1r"},"content":{"rendered":"<div class=\"B2VR9 CJHX3e\">\n<div class=\"wyccme\">\n<h1 class=\"LC20lb MBeuO DKV0Md\">JNR Vapewatch 30000 Okos Telefon Vape Nagykereskedelem Olcs\u00f3 \u00c1r<\/h1>\n<div class=\"flex-shrink-0 flex flex-col relative items-end\">\n<div class=\"pt-0\">\n<div class=\"gizmo-bot-avatar flex h-8 w-8 items-center justify-center overflow-hidden rounded-full\">\n<div class=\"relative p-1 rounded-sm flex items-center justify-center bg-token-main-surface-primary text-token-text-primary h-8 w-8\">\n<p>Emelje magasabb szintre a g\u0151z\u00f6l\u00e9si \u00e9lm\u00e9ny\u00e9t a <strong>JNR VapeWatch 30000 Okostelefon Vape<\/strong>, a legmodernebb design \u00e9s a fejlett funkcionalit\u00e1s t\u00f6k\u00e9letes kever\u00e9ke. A <strong>levehet\u0151 digit\u00e1lis \u00e9rint\u0151k\u00e9perny\u0151vel<\/strong>ez a vape okos\u00f3rak\u00e9nt is funkcion\u00e1l, \u00e9s <strong>h\u00edv\u00e1s- \u00e9s sz\u00f6veges \u00e9rtes\u00edt\u00e9seket<\/strong>, <strong>lez\u00e1r\u00e1si m\u00f3dot<\/strong>\u00e9s egy <strong>Keresd meg a Vape-et funkci\u00f3t<\/strong>. A <strong>Norm\u00e1l m\u00f3d<\/strong> hihetetlen <strong>30 000 sz\u00edv\u00e1s<\/strong>, mik\u00f6zben a <strong>Pulz\u00e1l\u00f3 \u00fczemm\u00f3d<\/strong> ak\u00e1r <strong>18 000 slukkot<\/strong>is biztos\u00edt, \u00edgy ide\u00e1lis a hosszan tart\u00f3 haszn\u00e1latra. Az <strong>5% nikotinos e-liquiddel<\/strong>k\u00e9sz\u00fclt k\u00e9sz\u00fcl\u00e9k minden egyes slukkban kiel\u00e9g\u00edt\u0151 \u00e9s \u00edzletes \u00e9lm\u00e9nyt ny\u00fajt. Ak\u00e1r kezd\u0151, ak\u00e1r tapasztalt g\u0151z\u00f6l\u0151, ez az innovat\u00edv eszk\u00f6z a sima \u00e9s \u00e9lvezetes <strong>MTL g\u0151z\u00f6l\u00e9shez<\/strong>.<\/p>\n<p>van szabva. A nagykereskedelmi v\u00e1s\u00e1rl\u00f3k im\u00e1dni fogj\u00e1k a <strong>JNR VapeWatch 30000<\/strong>sokoldal\u00fas\u00e1g\u00e1t \u00e9s pr\u00e9mium funkci\u00f3it. Az intelligens alkalmaz\u00e1svez\u00e9rl\u00e9ssel nyomon k\u00f6vetheti a haszn\u00e1latot, testreszabhatja a be\u00e1ll\u00edt\u00e1sokat, \u00e9s val\u00f3ban szem\u00e9lyre szabott g\u0151z\u00f6l\u00e9si \u00e9lm\u00e9nyt szabad\u00edthat fel. A <strong>t\u00e1voli kamera vez\u00e9rl\u00e9se<\/strong> sz\u00f3rakoztat\u00f3, egyedi funkci\u00f3t ad a k\u00e9sz\u00fcl\u00e9khez, m\u00edg a karcs\u00fa kialak\u00edt\u00e1sa a besz\u00e9lget\u00e9s ind\u00edt\u00f3j\u00e1v\u00e1 teszi. Nagy t\u00e9telben kaphat\u00f3, ez a vape kiv\u00e1l\u00f3 v\u00e1laszt\u00e1s a leg\u00fajabb eldobhat\u00f3 vape technol\u00f3gi\u00e1t keres\u0151 kiskeresked\u0151k \u00e9s forgalmaz\u00f3k sz\u00e1m\u00e1ra. Maradjon a piac el\u0151tt ezzel az \u00fatt\u00f6r\u0151 eszk\u00f6zzel.<\/p>\n<\/div>\n<\/div>\n<\/div>\n<\/div>\n<\/div>\n<\/div>\n<p><strong>L\u00e9pjen kapcsolatba Amyvel, hogy megkapja a helyes v\u00e1laszt \u00e9s a vape kupont!<\/strong><\/p>\n<p><img loading=\"lazy\" decoding=\"async\" class=\"size-full wp-image-1978\" src=\"https:\/\/rmvapesale.com\/wp-content\/uploads\/2024\/09\/Disposable-Vape-Wholesale.jpg\" alt=\"Eldobhat\u00f3 Vape Nagykereskedelem\" width=\"229\" height=\"300\" \/><\/p>\n<h3><a href=\"https:\/\/wa.me\/8617776015835\" target=\"_blank\" rel=\"noopener\"><span style=\"color: #ff0000\"><strong>WhatsApp: +86 17776015835<\/strong><\/span><\/a><\/h3>\n<p>&nbsp;<\/p>\n<h2><\/h2>\n<h2><strong>JNR Vapewatch 30000 slukk legfontosabb jellemz\u0151i<\/strong><\/h2>\n<ul>\n<li><strong>30 000 slukk Norm\u00e1l \u00fczemm\u00f3dban<\/strong>, 18 000 Pulz\u00e1l\u00f3 \u00fczemm\u00f3dban.<\/li>\n<li><strong>Okos\u00f3ra funkci\u00f3k<\/strong>, bele\u00e9rtve a h\u00edv\u00e1s- \u00e9s \u00fczenet\u00e9rtes\u00edt\u00e9seket.<\/li>\n<li><strong>5% nikotinos e-liquiddel<\/strong>, t\u00f6k\u00e9letes a sima MTL g\u0151z\u00f6l\u00e9shez.<\/li>\n<li><strong>Keresd meg a Vape-et funkci\u00f3t<\/strong> a m\u00e9g nagyobb k\u00e9nyelem \u00e9rdek\u00e9ben.<\/li>\n<li><strong>Alkalmaz\u00e1ssal vez\u00e9relhet\u0151 be\u00e1ll\u00edt\u00e1sok<\/strong> a szem\u00e9lyre szabott \u00e9lm\u00e9ny\u00e9rt.<\/li>\n<\/ul>\n<h2><strong>Legjobb \u00edz a JNR Vapewatch 30000-hez<\/strong><\/h2>\n<p>1. K\u00e9k m\u00e1lna j\u00e9g <span style=\"color: #ff0000\"><strong>&gt;&gt;&gt;&gt; Forr\u00f3!<\/strong><\/span><br \/>\n2. Eper j\u00e9g<br \/>\n3. G\u00f6r\u00f6gdinnye J\u00e9g<br \/>\n4.Miami menta <span style=\"color: #ff0000\"><strong>&gt;&gt;&gt;&gt; Forr\u00f3!<\/strong><\/span><br \/>\n5.Eper Ban\u00e1n<br \/>\n6.H\u00e1rom bogy\u00f3s gy\u00fcm\u00f6lcs <span style=\"color: #ff0000\"><strong>&gt;&gt;&gt;&gt; A legjobb!<\/strong><\/span><br \/>\n7.Savany\u00fa alma j\u00e9g<br \/>\n8.\u00c1fonya g\u00f6r\u00f6gdinnye<br \/>\n9.Georgia barack<br \/>\n10.Narancs mang\u00f3<\/p>\n<h3><strong>Mi\u00e9rt v\u00e1lassza az Rmvapesale-t a JNR Vapewatch 30000 Puffs-hoz? <\/strong><strong>V<\/strong><strong>ape Nagykeresked\u00e9s<\/strong><strong>?<\/strong><\/h3>\n<div class=\"flex-shrink-0 flex flex-col relative items-end\">\n<div class=\"pt-0\">\n<div class=\"gizmo-bot-avatar flex h-8 w-8 items-center justify-center overflow-hidden rounded-full\">\n<div class=\"relative p-1 rounded-sm flex items-center justify-center bg-token-main-surface-primary text-token-text-primary h-8 w-8\">\n<p>\u00dcdv\u00f6z\u00f6lj\u00fck a Rmvapesale-ben, az \u00d6n megb\u00edzhat\u00f3 vape \u00fczlet\u00e9ben, ahol pr\u00e9mium eldobhat\u00f3 vape-eket tal\u00e1l. T\u00f6bb mint 5 \u00e9ves szak\u00e9rtelemmel olyan n\u00e9pszer\u0171 eldobhat\u00f3 vape m\u00e1rk\u00e1kat k\u00edn\u00e1lunk, mint az Al Fakher, <a href=\"https:\/\/rmvapesale.com\/hu\/product-category\/bang-vapes\/\">Bang Vape<\/a>, Waspe, WGA Vape \u00e9s<a href=\"https:\/\/rmvapesale.com\/hu\/product-category\/randm-fumot-vape\/\"> RandM Vape<\/a>.<\/p>\n<p>K\u00edn\u00e1latunkban olyan n\u00e9pszer\u0171 vape-ek szerepelnek, mint a <a href=\"https:\/\/rmvapesale.com\/hu\/product\/randm-tornado-15000-puffs-vape-wholesale\/\">RandM Tornado 15000<\/a> \u00e9s \u00edzekben gazdag lehet\u0151s\u00e9gek, mint a Vapme 70000. Minden term\u00e9k a min\u0151s\u00e9gre, az \u00e9rt\u00e9kre \u00e9s a soksz\u00edn\u0171s\u00e9gre f\u00f3kusz\u00e1lva van kiv\u00e1lasztva, biztos\u00edtva, hogy megtal\u00e1lja a t\u00f6k\u00e9leteset az ig\u00e9nyeihez. Fedezze fel a kiv\u00e9teles szolg\u00e1ltat\u00e1st \u00e9s a top term\u00e9kek sz\u00e9les v\u00e1laszt\u00e9k\u00e1t az Rmvapesale-n\u00e1l.<\/p>\n<\/div>\n<h3><\/h3>\n<div class=\"relative p-1 rounded-sm flex items-center justify-center bg-token-main-surface-primary text-token-text-primary h-8 w-8\">\n<h3><b> GYIK a <\/b><b>Alien JNR Vapewatch 30000 \u00dajrat\u00f6lthet\u0151 Eldobhat\u00f3 Vape-hez<\/b><\/h3>\n<div class=\"group\/conversation-turn relative flex w-full min-w-0 flex-col agent-turn\">\n<div class=\"flex-col gap-1 md:gap-3\">\n<div class=\"flex max-w-full flex-col flex-grow\">\n<div class=\"min-h-8 text-message flex w-full flex-col items-end gap-2 whitespace-normal break-words [.text-message+&amp;]:mt-5\" dir=\"auto\" data-message-author-role=\"assistant\" data-message-id=\"00c9b302-bc9c-4550-94ba-5a295efa2be3\" data-message-model-slug=\"gpt-4o\">\n<div class=\"flex w-full flex-col gap-1 empty:hidden first:pt-[3px]\">\n<div class=\"markdown prose w-full break-words dark:prose-invert light\">\n<div class=\"flex-shrink-0 flex flex-col relative items-end\">\n<div>\n<div class=\"pt-0\">\n<div class=\"gizmo-bot-avatar flex h-8 w-8 items-center justify-center overflow-hidden rounded-full\">\n<div class=\"relative p-1 rounded-sm flex items-center justify-center bg-token-main-surface-primary text-token-text-primary h-8 w-8\">\n<div class=\"flex-shrink-0 flex flex-col relative items-end\">\n<div>\n<div class=\"pt-0\">\n<div class=\"gizmo-bot-avatar flex h-8 w-8 items-center justify-center overflow-hidden rounded-full\">\n<div class=\"relative p-1 rounded-sm flex items-center justify-center bg-token-main-surface-primary text-token-text-primary h-8 w-8\">\n<ul>\n<li><strong>Hol v\u00e1s\u00e1rolhatok online JNR VapeWatch 30000 Smart Phone Vape-t Magyarorsz\u00e1gon?<\/strong><br \/>\nMegv\u00e1s\u00e1rolhatja a <strong>JNR VapeWatch 30000<\/strong> Smart Phone Vape-t k\u00fcl\u00f6nb\u00f6z\u0151 online kiskeresked\u0151kn\u00e9l, amelyek <strong>vape nagykereskedelmi<\/strong> vagy eldobhat\u00f3 vape term\u00e9kekre specializ\u00e1l\u00f3dtak. K\u00e9rj\u00fck, ellen\u0151rizze a helyi online vape boltokat vagy a magyar piacot kiszolg\u00e1l\u00f3 platformokat az el\u00e9rhet\u0151s\u00e9g\u00e9rt.<\/li>\n<li><strong>Mekkora a legnagyobb JNR VapeWatch 33K eldobhat\u00f3 vape-ok puffsz\u00e1ma?<\/strong><br \/>\nA JNR VapeWatch ak\u00e1r <strong>30 000 sz\u00edv\u00e1s<\/strong> in <strong>Norm\u00e1l m\u00f3d<\/strong>-t is biztos\u00edt, ami a legmagasabb puffsz\u00e1m enn\u00e9l az eszk\u00f6zn\u00e9l. (Megjegyz\u00e9s: a 33K lehet el\u00edr\u00e1s vagy hib\u00e1s inform\u00e1ci\u00f3, mivel az eszk\u00f6z max. 30K puffot tud.)<\/li>\n<li><strong>Melyik a legn\u00e9pszer\u0171bb \u00edz a JNR VapeWatch 30000 Puffs eldobhat\u00f3 vape tollhoz?<\/strong><br \/>\nA JNR VapeWatch 30000 n\u00e9pszer\u0171 \u00edzei k\u00f6z\u00e9 tartozik a <strong>K\u00e9k M\u00e1lna J\u00e9g<\/strong>, <strong>Strawberry Ice<\/strong>, \u00e9s <strong>Sz\u0151l\u0151 J\u00e9g<\/strong>, amelyek mer\u00e9sz, friss\u00edt\u0151 \u00edz\u00fckr\u0151l \u00e9s sima nikotinlead\u00e1sukr\u00f3l ismertek.<\/li>\n<li><strong>Mennyi ideig tart egy JNR 30000 Puffs \u00fajrat\u00f6lthet\u0151 vape felt\u00f6lt\u00e9se?<\/strong><br \/>\nA <strong>JNR VapeWatch 30000<\/strong> t\u00f6lt\u00e9si ideje jellemz\u0151en a <strong>type-C \u00fajrat\u00f6lthet\u0151 akkumul\u00e1tor\u00e1t\u00f3l<\/strong> \u00e9s a t\u00f6lt\u0151 kapacit\u00e1s\u00e1t\u00f3l f\u00fcgg. \u00c1ltal\u00e1ban k\u00f6r\u00fclbel\u00fcl <strong>1.5-t\u0151l 2 \u00f3r\u00e1ig<\/strong> tart egy teljes felt\u00f6lt\u00e9s.<\/li>\n<li><strong>Mennyi nikotin van egy JNR 30K eldobhat\u00f3 vape-ben?<\/strong><br \/>\nA JNR 30K eldobhat\u00f3 vape <strong>5% nikotiner\u0151ss\u00e9get (50mg\/ml) tartalmaz<\/strong>, amely er\u0151s, kiel\u00e9g\u00edt\u0151 slukkot biztos\u00edt a felhaszn\u00e1l\u00f3k sz\u00e1m\u00e1ra.<\/li>\n<\/ul>\n<\/div>\n<\/div>\n<\/div>\n<\/div>\n<\/div>\n<\/div>\n<\/div>\n<\/div>\n<\/div>\n<\/div>\n<div class=\"group\/conversation-turn relative flex w-full min-w-0 flex-col agent-turn\">\n<div class=\"flex-col gap-1 md:gap-3\">\n<div class=\"flex max-w-full flex-col flex-grow\">\n<div class=\"min-h-8 text-message flex w-full flex-col items-end gap-2 whitespace-normal break-words [.text-message+&amp;]:mt-5\" dir=\"auto\" data-message-author-role=\"assistant\" data-message-id=\"a3dc01bd-23b0-4fd7-bb9a-7827522cefd8\" data-message-model-slug=\"gpt-4o\">\n<div class=\"flex w-full flex-col gap-1 empty:hidden first:pt-[3px]\"><\/div>\n<\/div>\n<\/div>\n<\/div>\n<\/div>\n<\/div>\n<\/div>\n<\/div>\n<\/div>\n<\/div>\n<\/div>\n<\/div>\n<\/div>\n<\/div>\n<\/div>\n<h3>A Sz\u00e1ll\u00edt\u00e1sr\u00f3l<\/h3>\n<div class=\"flex-shrink-0 flex flex-col relative items-end\">\n<div>\n<div class=\"pt-0\">\n<div class=\"gizmo-bot-avatar flex h-8 w-8 items-center justify-center overflow-hidden rounded-full\">\n<div><\/div>\n<div class=\"relative p-1 rounded-sm flex items-center justify-center bg-token-main-surface-primary text-token-text-primary h-8 w-8\"><strong>1. Milyen sz\u00e1ll\u00edt\u00e1si m\u00f3dokat haszn\u00e1lnak?<\/strong><\/div>\n<\/div>\n<\/div>\n<\/div>\n<\/div>\n<div class=\"group\/conversation-turn relative flex w-full min-w-0 flex-col agent-turn\">\n<div class=\"flex-col gap-1 md:gap-3\">\n<div class=\"flex max-w-full flex-col flex-grow\">\n<div class=\"min-h-[20px] text-message flex w-full flex-col items-end gap-2 whitespace-normal break-words [.text-message+&amp;]:mt-5 overflow-x-auto\" dir=\"auto\" data-message-author-role=\"assistant\" data-message-id=\"22f8283b-3233-46ff-89a5-c7a41b33abda\">\n<div class=\"flex w-full flex-col gap-1 empty:hidden first:pt-[3px]\">\n<div class=\"markdown prose w-full break-words dark:prose-invert light\">\n<p>Partnerei vagyunk a UPS, DHL, FedEx, DPD \u00e9s m\u00e1s vezet\u0151 fuvaroz\u00f3knak. A legjobb sz\u00e1ll\u00edt\u00e1si m\u00f3dot fogjuk kiv\u00e1lasztani a sz\u00e1ll\u00edt\u00e1si helysz\u00edne alapj\u00e1n, hogy a lehet\u0151 leggyorsabban megkapja a term\u00e9keit.<\/p>\n<\/div>\n<p><strong>2. Mennyi id\u0151 alatt \u00e9rkezik meg?<\/strong><\/p>\n<p>A csomagok \u00e1ltal\u00e1ban 10 munkanapon bel\u00fcl meg\u00e9rkeznek Magyarorsz\u00e1gra. Az eur\u00f3pai orsz\u00e1gokba t\u00f6rt\u00e9n\u0151 sz\u00e1ll\u00edt\u00e1s \u00e1ltal\u00e1ban 12-15 munkanapot vesz ig\u00e9nybe. Folyamatosan t\u00e1j\u00e9koztatjuk a sz\u00e1ll\u00edt\u00e1si st\u00e1tuszr\u00f3l.<\/p>\n<\/div>\n<\/div>\n<\/div>\n<\/div>\n<\/div>\n<p>&nbsp;<\/p>\n<p>Tal\u00e1lja meg a tov\u00e1bbi vape term\u00e9keket, amelyek tetszhetnek \u00d6nnek:<strong><em><a href=\"https:\/\/rmvapesale.com\/hu\/shop-2\/\">V\u00e1s\u00e1roljon most &gt;&gt;&gt;<\/a><\/em><\/strong><\/p>","protected":false},"excerpt":{"rendered":"<p>A <strong>JNR Alien 10000 Puffs t\u00f6lthet\u0151 eldobhat\u00f3 vape<\/strong> azok sz\u00e1m\u00e1ra k\u00e9sz\u00fclt, akik a k\u00e9nyelmet \u00e9s a teljes\u00edtm\u00e9nyt egyar\u00e1nt fontosnak tartj\u00e1k. Az el\u0151re felt\u00f6lt\u00f6tt <strong>20 ml-es e-liquid kapacit\u00e1ssal<\/strong>, ez a k\u00e9sz\u00fcl\u00e9k ak\u00e1r <strong>10 000 slukkot<\/strong>is k\u00edn\u00e1l, ami hosszan tart\u00f3 vapingot biztos\u00edt a gyakori cser\u00e9k n\u00e9lk\u00fcl.<\/p>\n<p><img loading=\"lazy\" decoding=\"async\" class=\"size-full wp-image-2375\" src=\"https:\/\/rmvapesale.com\/wp-content\/uploads\/2024\/10\/image.png\" alt=\"Legjobb Eldobhat\u00f3 Vape\" width=\"229\" height=\"300\" \/><\/p>\n<h3><a href=\"https:\/\/wa.me\/8617776015835\"><span style=\"color: #ff0000\"><strong>WhatsApp: +86 17776015835<\/strong><\/span><\/a><\/h3>\n<p>&nbsp;<\/p>","protected":false},"featured_media":2793,"comment_status":"open","ping_status":"closed","template":"","meta":{"_uag_custom_page_level_css":"","_lmt_disableupdate":"no","_lmt_disable":"","site-sidebar-layout":"default","site-content-layout":"content-boxed-container","ast-site-content-layout":"normal-width-container","site-content-style":"boxed","site-sidebar-style":"unboxed","ast-global-header-display":"","ast-banner-title-visibility":"","ast-main-header-display":"","ast-hfb-above-header-display":"","ast-hfb-below-header-display":"","ast-hfb-mobile-header-display":"","site-post-title":"","ast-breadcrumbs-content":"","ast-featured-img":"","footer-sml-layout":"","ast-disable-related-posts":"","theme-transparent-header-meta":"default","adv-header-id-meta":"","stick-header-meta":"","header-above-stick-meta":"","header-main-stick-meta":"","header-below-stick-meta":"","astra-migrate-meta-layouts":"set","ast-page-background-enabled":"default","ast-page-background-meta":{"desktop":{"background-color":"var(--ast-global-color-4)","background-image":"","background-repeat":"repeat","background-position":"center center","background-size":"auto","background-attachment":"scroll","background-type":"","background-media":"","overlay-type":"","overlay-color":"","overlay-opacity":"","overlay-gradient":""},"tablet":{"background-color":"","background-image":"","background-repeat":"repeat","background-position":"center center","background-size":"auto","background-attachment":"scroll","background-type":"","background-media":"","overlay-type":"","overlay-color":"","overlay-opacity":"","overlay-gradient":""},"mobile":{"background-color":"","background-image":"","background-repeat":"repeat","background-position":"center center","background-size":"auto","background-attachment":"scroll","background-type":"","background-media":"","overlay-type":"","overlay-color":"","overlay-opacity":"","overlay-gradient":""}},"ast-content-background-meta":{"desktop":{"background-color":"var(--ast-global-color-5)","background-image":"","background-repeat":"repeat","background-position":"center center","background-size":"auto","background-attachment":"scroll","background-type":"","background-media":"","overlay-type":"","overlay-color":"","overlay-opacity":"","overlay-gradient":""},"tablet":{"background-color":"var(--ast-global-color-5)","background-image":"","background-repeat":"repeat","background-position":"center center","background-size":"auto","background-attachment":"scroll","background-type":"","background-media":"","overlay-type":"","overlay-color":"","overlay-opacity":"","overlay-gradient":""},"mobile":{"background-color":"var(--ast-global-color-5)","background-image":"","background-repeat":"repeat","background-position":"center center","background-size":"auto","background-attachment":"scroll","background-type":"","background-media":"","overlay-type":"","overlay-color":"","overlay-opacity":"","overlay-gradient":""}},"_joinchat":[]},"product_brand":[],"product_cat":[15,27,25,123,30,26,28,137,136,135],"product_tag":[223,227,205,229,228],"class_list":{"0":"post-2776","1":"product","2":"type-product","3":"status-publish","4":"has-post-thumbnail","6":"product_cat-new-vape-this-week","7":"product_cat-fance-hot-sale-vape","8":"product_cat-germany-best-selling-vape","9":"product_cat-italy-wholesale-vape","10":"product_cat-minimum-order-quantity-50pcs","11":"product_cat-netherlands-hot-sale-vape","12":"product_cat-poland-hot-sale-vape","13":"product_cat-rechargeable-vapes","14":"product_cat-smart-screen-vapes","15":"product_cat-spain-best-hot-sale-vape","16":"product_tag-jnr","17":"product_tag-jnr-30000","18":"product_tag-jnr-vape","19":"product_tag-smart-disposable-vapes","20":"product_tag-touch-screen-vape","21":"desktop-align-left","22":"tablet-align-left","23":"mobile-align-left","25":"first","26":"instock","27":"sale","28":"shipping-taxable","29":"purchasable","30":"product-type-simple"},"uagb_featured_image_src":{"full":["https:\/\/rmvapesale.com\/wp-content\/uploads\/2024\/11\/JNR-VapeWatch-Removable-Screen-30K-Disposable-Vape.png",1126,1126,false],"thumbnail":["https:\/\/rmvapesale.com\/wp-content\/uploads\/2024\/11\/JNR-VapeWatch-Removable-Screen-30K-Disposable-Vape-150x150.png",150,150,true],"medium":["https:\/\/rmvapesale.com\/wp-content\/uploads\/2024\/11\/JNR-VapeWatch-Removable-Screen-30K-Disposable-Vape-300x300.png",300,300,true],"medium_large":["https:\/\/rmvapesale.com\/wp-content\/uploads\/2024\/11\/JNR-VapeWatch-Removable-Screen-30K-Disposable-Vape-768x768.png",768,768,true],"large":["https:\/\/rmvapesale.com\/wp-content\/uploads\/2024\/11\/JNR-VapeWatch-Removable-Screen-30K-Disposable-Vape-1024x1024.png",1024,1024,true],"1536x1536":["https:\/\/rmvapesale.com\/wp-content\/uploads\/2024\/11\/JNR-VapeWatch-Removable-Screen-30K-Disposable-Vape.png",1126,1126,false],"2048x2048":["https:\/\/rmvapesale.com\/wp-content\/uploads\/2024\/11\/JNR-VapeWatch-Removable-Screen-30K-Disposable-Vape.png",1126,1126,false],"trp-custom-language-flag":["https:\/\/rmvapesale.com\/wp-content\/uploads\/2024\/11\/JNR-VapeWatch-Removable-Screen-30K-Disposable-Vape.png",12,12,false],"woocommerce_thumbnail":["https:\/\/rmvapesale.com\/wp-content\/uploads\/2024\/11\/JNR-VapeWatch-Removable-Screen-30K-Disposable-Vape-300x300.png",300,300,true],"woocommerce_single":["https:\/\/rmvapesale.com\/wp-content\/uploads\/2024\/11\/JNR-VapeWatch-Removable-Screen-30K-Disposable-Vape-600x600.png",600,600,true],"woocommerce_gallery_thumbnail":["https:\/\/rmvapesale.com\/wp-content\/uploads\/2024\/11\/JNR-VapeWatch-Removable-Screen-30K-Disposable-Vape-100x100.png",100,100,true],"wcpr-photo-reviews":["https:\/\/rmvapesale.com\/wp-content\/uploads\/2024\/11\/JNR-VapeWatch-Removable-Screen-30K-Disposable-Vape.png",500,500,false]},"uagb_author_info":{"display_name":"AMY","author_link":"https:\/\/rmvapesale.com\/hu\/author\/"},"uagb_comment_info":0,"uagb_excerpt":"The JNR Alien 10000 Puffs Rechargeable Disposable Vape is engineered for those who prioritize both convenience and performance. With a pre-filled 20ml e-liquid capacity, this device offers up to 10,000 puffs, ensuring extended vaping sessions without frequent replacements. WhatsApp: +86 17776015835 &nbsp;","_links":{"self":[{"href":"https:\/\/rmvapesale.com\/hu\/wp-json\/wp\/v2\/product\/2776","targetHints":{"allow":["GET"]}}],"collection":[{"href":"https:\/\/rmvapesale.com\/hu\/wp-json\/wp\/v2\/product"}],"about":[{"href":"https:\/\/rmvapesale.com\/hu\/wp-json\/wp\/v2\/types\/product"}],"replies":[{"embeddable":true,"href":"https:\/\/rmvapesale.com\/hu\/wp-json\/wp\/v2\/comments?post=2776"}],"wp:featuredmedia":[{"embeddable":true,"href":"https:\/\/rmvapesale.com\/hu\/wp-json\/wp\/v2\/media\/2793"}],"wp:attachment":[{"href":"https:\/\/rmvapesale.com\/hu\/wp-json\/wp\/v2\/media?parent=2776"}],"wp:term":[{"taxonomy":"product_brand","embeddable":true,"href":"https:\/\/rmvapesale.com\/hu\/wp-json\/wp\/v2\/product_brand?post=2776"},{"taxonomy":"product_cat","embeddable":true,"href":"https:\/\/rmvapesale.com\/hu\/wp-json\/wp\/v2\/product_cat?post=2776"},{"taxonomy":"product_tag","embeddable":true,"href":"https:\/\/rmvapesale.com\/hu\/wp-json\/wp\/v2\/product_tag?post=2776"}],"curies":[{"name":"wp","href":"https:\/\/api.w.org\/{rel}","templated":true}]}}