{"id":2782,"date":"2024-11-26T06:22:12","date_gmt":"2024-11-26T06:22:12","guid":{"rendered":"https:\/\/rmvapesale.com\/?post_type=product&#038;p=2782"},"modified":"2024-11-26T06:36:14","modified_gmt":"2024-11-26T06:36:14","slug":"jnr-phonevape-30000-30k-smart-disposable-vape-wholesale","status":"publish","type":"product","link":"https:\/\/rmvapesale.com\/hu\/product\/jnr-phonevape-30000-30k-smart-disposable-vape-wholesale\/","title":{"rendered":"JNR PhoneVape 30000 30K Okos Eldobhat\u00f3 Vape Nagykereskedelem"},"content":{"rendered":"<div class=\"B2VR9 CJHX3e\">\n<div class=\"wyccme\">\n<h1 class=\"LC20lb MBeuO DKV0Md\">JNR PhoneVape 30000 30K Okos Eldobhat\u00f3 Vape Nagykereskedelem<\/h1>\n<div class=\"flex-shrink-0 flex flex-col relative items-end\">\n<div class=\"pt-0\">\n<div class=\"gizmo-bot-avatar flex h-8 w-8 items-center justify-center overflow-hidden rounded-full\">\n<div class=\"relative p-1 rounded-sm flex items-center justify-center bg-token-main-surface-primary text-token-text-primary h-8 w-8\">\n<p>A <strong>JNR PhoneVape 30000 Okos Egyszer haszn\u00e1latos Vape<\/strong>, egy forradalmi eszk\u00f6z, amely a legkorszer\u0171bb technol\u00f3gi\u00e1t \u00f6tv\u00f6zi kiv\u00e9teles teljes\u00edtm\u00e9nnyel. A modern vaperek sz\u00e1m\u00e1ra tervezve, ez az okos egyszer haszn\u00e1latos vape k\u00edn\u00e1l egy hatalmas <strong>30 000 sz\u00edv\u00e1s<\/strong> in <strong>Norm\u00e1l m\u00f3d<\/strong> \u00e9s <strong>18 000 slukkot<\/strong> in <strong>Pulz\u00e1l\u00f3 \u00fczemm\u00f3d<\/strong>, \u00edgy t\u00f6k\u00e9letes hossz\u00fa t\u00e1v\u00fa haszn\u00e1latra. Az <strong>teljes kijelz\u0151k\u00e9perny\u0151<\/strong> val\u00f3s idej\u0171 adatokat biztos\u00edt, bele\u00e9rtve az akkumul\u00e1tor \u00e9lettartam\u00e1t, az e-juice szinteket, az id\u0151t, \u00e9s ak\u00e1r napt\u00e1r funkci\u00f3kat is, mindig t\u00e1j\u00e9koztatva t\u00e9ged. Az <strong>\u00e1ll\u00edthat\u00f3 l\u00e9g\u00e1raml\u00e1si rendszer<\/strong>, seg\u00edts\u00e9g\u00e9vel testre szabhatod a sz\u00edv\u00e1s intenzit\u00e1s\u00e1t, hogy megfeleljen az \u00edzl\u00e9sednek. Ide\u00e1lis mind alkalmi, mind tapasztalt felhaszn\u00e1l\u00f3k sz\u00e1m\u00e1ra, a <strong>JNR PhoneVape<\/strong> a vapel\u00e9s k\u00e9nyelm\u00e9t a k\u00f6vetkez\u0151 szintre emeli.<\/p>\n<p>Ami megk\u00fcl\u00f6nb\u00f6zteti a <strong>JNR PhoneVape 30K<\/strong> k\u00e9sz\u00fcl\u00e9ket, az a <strong>okos funkci\u00f3k<\/strong>. Ez az eszk\u00f6z t\u00e1mogatja <strong>h\u00edv\u00e1s- \u00e9s sz\u00f6veges \u00e9rtes\u00edt\u00e9seket<\/strong>, egy <strong>t\u00e1voli kamera vez\u00e9rl\u00e9se<\/strong> funkci\u00f3t, \u00e9s a k\u00fcl\u00f6nleges <strong>Tal\u00e1ld meg a Vape-ed<\/strong> funkci\u00f3t a <strong>WearinOS alkalmaz\u00e1s integr\u00e1ci\u00f3j\u00e1val<\/strong>. Az <strong>lez\u00e1r\u00e1si m\u00f3dot<\/strong> biztos\u00edtja a biztons\u00e1got, amikor nem haszn\u00e1lod, m\u00edg a <strong>Type-C \u00fajrat\u00f6lthet\u0151 akkumul\u00e1tor<\/strong> csak annyira t\u00f6lt\u0151dik fel, mint <strong>1.5-t\u0151l 2 \u00f3r\u00e1ig<\/strong>, folyamatos \u00e1ramell\u00e1t\u00e1st biztos\u00edtva hosszabb vaping \u00fcl\u00e9sekhez. K\u00fcl\u00f6nb\u00f6z\u0151 \u00edzekben el\u00e9rhet\u0151, bele\u00e9rtve <strong>K\u00e9k M\u00e1lna J\u00e9g<\/strong> \u00e9s <strong>Strawberry Ice<\/strong>, ez az \u00fajrat\u00f6lthet\u0151 eldobhat\u00f3 vape garant\u00e1lja mind az el\u00e9gedetts\u00e9get, mind a st\u00edlust. Nagykereskedelmi v\u00e1s\u00e1rl\u00f3k kihaszn\u00e1lhatj\u00e1k a versenyk\u00e9pes \u00e1rakat, \u00edgy a <strong>JNR PhoneVape 30000<\/strong> kiv\u00e1l\u00f3 v\u00e1laszt\u00e1s nagy t\u00e9telben t\u00f6rt\u00e9n\u0151 v\u00e1s\u00e1rl\u00e1shoz.<\/p>\n<\/div>\n<\/div>\n<\/div>\n<\/div>\n<\/div>\n<\/div>\n<p><strong>L\u00e9pjen kapcsolatba Amyvel, hogy megkapja a helyes v\u00e1laszt \u00e9s a vape kupont!<\/strong><\/p>\n<p><img loading=\"lazy\" decoding=\"async\" class=\"size-full wp-image-1978\" src=\"https:\/\/rmvapesale.com\/wp-content\/uploads\/2024\/09\/Disposable-Vape-Wholesale.jpg\" alt=\"Eldobhat\u00f3 Vape Nagykereskedelem\" width=\"229\" height=\"300\" \/><\/p>\n<h3><a href=\"https:\/\/wa.me\/8617776015835\" target=\"_blank\" rel=\"noopener\"><span style=\"color: #ff0000\"><strong>WhatsApp: +86 17776015835<\/strong><\/span><\/a><\/h3>\n<p>&nbsp;<\/p>\n<h2><\/h2>\n<h2><strong>JNR PhoneVape 30000 Puffs F\u0151bb Jellemz\u0151k<\/strong><\/h2>\n<ul>\n<li><strong>\u00d3ri\u00e1si Puffsz\u00e1m<\/strong>: Ak\u00e1r 30 000 puff norm\u00e1l m\u00f3dban, 18 000 pulz\u00e1l\u00f3 m\u00f3dban.<\/li>\n<li><strong>Intelligens Kijelz\u0151<\/strong>: Val\u00f3s idej\u0171 adatok az id\u0151r\u0151l, az akkumul\u00e1torr\u00f3l \u00e9s az e-juice szintekr\u0151l.<\/li>\n<li><strong>Fejlett Funkci\u00f3k<\/strong>: H\u00edv\u00e1s \u00e9s sz\u00f6veges \u00e9rtes\u00edt\u00e9sek, t\u00e1voli kamera, \u00e9s Tal\u00e1ld meg a Vape-ed.<\/li>\n<li><strong>\u00dajrat\u00f6lthet\u0151 Akkumul\u00e1tor<\/strong>: Type-C gyors t\u00f6lt\u00e9s 1,5-2 \u00f3r\u00e1n \u00e1t.<\/li>\n<li><strong>Testreszabhat\u00f3 \u00c1raml\u00e1s<\/strong>: \u00c1ll\u00edthat\u00f3 l\u00e9g\u00e1raml\u00e1s a szem\u00e9lyre szabott vaping \u00e9lm\u00e9ny\u00e9rt.<\/li>\n<\/ul>\n<h2><strong>Legjobb \u00cdz a JNR Phone Vape 30000-hez<\/strong><\/h2>\n<p>1. K\u00e9k m\u00e1lna j\u00e9g <span style=\"color: #ff0000\"><strong>&gt;&gt;&gt;&gt; Forr\u00f3!<\/strong><\/span><br \/>\n2. Eper j\u00e9g<br \/>\n3. G\u00f6r\u00f6gdinnye J\u00e9g<br \/>\n4.Miami menta <span style=\"color: #ff0000\"><strong>&gt;&gt;&gt;&gt; Forr\u00f3!<\/strong><\/span><br \/>\n5.Ban\u00e1nfagylalt<br \/>\n6.Cseresznye eper m\u00e1lna <span style=\"color: #ff0000\"><strong>&gt;&gt;&gt;&gt; A legjobb!<\/strong><\/span><br \/>\n7.Savany\u00fa alma j\u00e9g<br \/>\n8.\u00c1fonya g\u00f6r\u00f6gdinnye<br \/>\n9.Pesga mang\u00f3 g\u00f6r\u00f6gdinnye<br \/>\n10.Fcuking Fab<\/p>\n<p>&nbsp;<\/p>\n<h3><strong>Mi\u00e9rt v\u00e1lassza az Rmvapesale-t a JNR PhoneVape 30K Puffs-hoz <\/strong><strong>V<\/strong><strong>ape Nagykeresked\u00e9s<\/strong><strong>?<\/strong><\/h3>\n<div class=\"flex-shrink-0 flex flex-col relative items-end\">\n<div class=\"pt-0\">\n<div class=\"gizmo-bot-avatar flex h-8 w-8 items-center justify-center overflow-hidden rounded-full\">\n<div class=\"relative p-1 rounded-sm flex items-center justify-center bg-token-main-surface-primary text-token-text-primary h-8 w-8\">\n<p>\u00dcdv\u00f6z\u00f6lj\u00fck a Rmvapesale-ben, az \u00d6n megb\u00edzhat\u00f3 vape \u00fczlet\u00e9ben, ahol pr\u00e9mium eldobhat\u00f3 vape-eket tal\u00e1l. T\u00f6bb mint 5 \u00e9ves szak\u00e9rtelemmel olyan n\u00e9pszer\u0171 eldobhat\u00f3 vape m\u00e1rk\u00e1kat k\u00edn\u00e1lunk, mint az Al Fakher, <a href=\"https:\/\/rmvapesale.com\/hu\/product-category\/bang-vapes\/\">Bang Vape<\/a>, Waspe, WGA Vape \u00e9s<a href=\"https:\/\/rmvapesale.com\/hu\/product-category\/randm-fumot-vape\/\"> RandM Vape<\/a>.<\/p>\n<p>K\u00edn\u00e1latunkban olyan n\u00e9pszer\u0171 vape-ek szerepelnek, mint a <a href=\"https:\/\/rmvapesale.com\/hu\/product\/randm-tornado-15000-puffs-vape-wholesale\/\">RandM Tornado 15000<\/a> \u00e9s \u00edzekben gazdag lehet\u0151s\u00e9gek, mint a Vapme 70000. Minden term\u00e9k a min\u0151s\u00e9gre, az \u00e9rt\u00e9kre \u00e9s a soksz\u00edn\u0171s\u00e9gre f\u00f3kusz\u00e1lva van kiv\u00e1lasztva, biztos\u00edtva, hogy megtal\u00e1lja a t\u00f6k\u00e9leteset az ig\u00e9nyeihez. Fedezze fel a kiv\u00e9teles szolg\u00e1ltat\u00e1st \u00e9s a top term\u00e9kek sz\u00e9les v\u00e1laszt\u00e9k\u00e1t az Rmvapesale-n\u00e1l.<\/p>\n<\/div>\n<h3><\/h3>\n<div class=\"relative p-1 rounded-sm flex items-center justify-center bg-token-main-surface-primary text-token-text-primary h-8 w-8\">\n<h3><b> GYIK a JNR Phone Vape 30K-hoz<\/b><b>\u00a0\u00dajrat\u00f6lthet\u0151 eldobhat\u00f3 vape<\/b><\/h3>\n<div class=\"group\/conversation-turn relative flex w-full min-w-0 flex-col agent-turn\">\n<div class=\"flex-col gap-1 md:gap-3\">\n<div class=\"flex max-w-full flex-col flex-grow\">\n<div class=\"min-h-8 text-message flex w-full flex-col items-end gap-2 whitespace-normal break-words [.text-message+&amp;]:mt-5\" dir=\"auto\" data-message-author-role=\"assistant\" data-message-id=\"00c9b302-bc9c-4550-94ba-5a295efa2be3\" data-message-model-slug=\"gpt-4o\">\n<div class=\"flex w-full flex-col gap-1 empty:hidden first:pt-[3px]\">\n<div class=\"markdown prose w-full break-words dark:prose-invert light\">\n<div class=\"flex-shrink-0 flex flex-col relative items-end\">\n<div>\n<div class=\"pt-0\">\n<div class=\"gizmo-bot-avatar flex h-8 w-8 items-center justify-center overflow-hidden rounded-full\">\n<div class=\"relative p-1 rounded-sm flex items-center justify-center bg-token-main-surface-primary text-token-text-primary h-8 w-8\">\n<div class=\"flex-shrink-0 flex flex-col relative items-end\">\n<div>\n<div class=\"pt-0\">\n<div class=\"gizmo-bot-avatar flex h-8 w-8 items-center justify-center overflow-hidden rounded-full\">\n<div class=\"relative p-1 rounded-sm flex items-center justify-center bg-token-main-surface-primary text-token-text-primary h-8 w-8\">\n<ul>\n<li><strong>Hol v\u00e1s\u00e1rolhat JNR PhoneVape 30000 Puffs-t nagykereskedelmi \u00e1ron Magyarorsz\u00e1gon<\/strong><br \/>\nMegv\u00e1s\u00e1rolhatja a <strong>JNR PhoneVape 30000 Puffs<\/strong> online nagykereskedelmi platformokon vagy forgalmaz\u00f3kon kereszt\u00fcl, amelyek nemzetk\u00f6zi sz\u00e1ll\u00edt\u00e1st k\u00edn\u00e1lnak Magyarorsz\u00e1gra. Gy\u0151z\u0151dj\u00f6n meg r\u00f3la, hogy t\u00f6meges kedvezm\u00e9nyeket vagy jogosult elad\u00f3kat keres a versenyk\u00e9pes \u00e1rak\u00e9rt.<\/li>\n<li><strong>H\u00e1ny sz\u00edv\u00e1st biztos\u00edt a JNR PhoneVape 30000 Vape?<\/strong><br \/>\nA <strong>JNR PhoneVape 30000 Vape<\/strong> maximum <strong>30 000 slukk Norm\u00e1l \u00fczemm\u00f3dban<\/strong> \u00e9s <strong>18 000 sz\u00edv\u00e1st Pulse m\u00f3dban<\/strong>, ami ide\u00e1liss\u00e1 teszi hosszabb haszn\u00e1latra.<\/li>\n<li><strong>Meddig tart a n\u00e9pszer\u0171 Flavors for JNR Phone Vape 30000 egyszer haszn\u00e1latos vape toll?<\/strong><br \/>\nA n\u00e9pszer\u0171 \u00edzek, mint p\u00e9ld\u00e1ul <strong>K\u00e9k M\u00e1lna J\u00e9g<\/strong> or <strong>Barack J\u00e9g<\/strong> az haszn\u00e1lati szok\u00e1sokt\u00f3l f\u00fcggnek. \u00c1ltal\u00e1ban, ak\u00e1r <strong>30 000 sz\u00edv\u00e1s<\/strong>, h\u00e9tig vagy ak\u00e1r h\u00f3napokig is eltarthatnak \u00e1tlagos felhaszn\u00e1l\u00f3kn\u00e1l.<\/li>\n<li><strong>Milyen n\u00e9pszer\u0171 \u00edzek vannak a JNR PhoneVape 30k Puffs egyszer haszn\u00e1latos vape tollhoz?<\/strong><br \/>\nA n\u00e9pszer\u0171 \u00edzek a <strong>JNR PhoneVape 30k Puffs<\/strong> tartalmazza <strong>K\u00e9k M\u00e1lna J\u00e9g<\/strong>, <strong>Barack J\u00e9g<\/strong>, \u00e9s m\u00e1s gy\u00fcm\u00f6lcs\u00f6s, jeges kever\u00e9kek, amelyek friss\u00edt\u0151 \u00e9s k\u00f6vetkezetes \u00edzt ny\u00fajtanak.<\/li>\n<li><strong>Meddig tart felt\u00f6lteni egy JNR PhoneVape 30k Puffs \u00fajrat\u00f6lthet\u0151 vape-t?<\/strong><br \/>\nA <strong>JNR PhoneVape 30k Puffs \u00dajrat\u00f6lthet\u0151 Vape<\/strong> k\u00f6r\u00fclbel\u00fcl <strong>1.5-t\u0151l 2 \u00f3r\u00e1ig<\/strong> teljes felt\u00f6lt\u00e9s\u00e9hez az <strong>Type-C t\u00f6lt\u0151port<\/strong>.<\/li>\n<li><strong>Mennyit tartalmaz nikotin egy JNR Phone Vape 30000 egyszer haszn\u00e1latos vape-ben?<\/strong><br \/>\nA <strong>JNR Phone Vape 30000 egyszer haszn\u00e1latos vape<\/strong> tartalmaz <strong>2% (20mg\/ml) nikotinszinttel<\/strong>, amely sim\u00e1bb \u00e9s enyh\u00e9bb vaping \u00e9lm\u00e9nyt ny\u00fajt, ide\u00e1lis alacsony nikotintartalm\u00fa felhaszn\u00e1l\u00f3k sz\u00e1m\u00e1ra.<\/li>\n<\/ul>\n<\/div>\n<\/div>\n<\/div>\n<\/div>\n<\/div>\n<\/div>\n<\/div>\n<\/div>\n<\/div>\n<\/div>\n<div class=\"group\/conversation-turn relative flex w-full min-w-0 flex-col agent-turn\">\n<div class=\"flex-col gap-1 md:gap-3\">\n<div class=\"flex max-w-full flex-col flex-grow\">\n<div class=\"min-h-8 text-message flex w-full flex-col items-end gap-2 whitespace-normal break-words [.text-message+&amp;]:mt-5\" dir=\"auto\" data-message-author-role=\"assistant\" data-message-id=\"a3dc01bd-23b0-4fd7-bb9a-7827522cefd8\" data-message-model-slug=\"gpt-4o\">\n<div class=\"flex w-full flex-col gap-1 empty:hidden first:pt-[3px]\"><\/div>\n<\/div>\n<\/div>\n<\/div>\n<\/div>\n<\/div>\n<\/div>\n<\/div>\n<\/div>\n<\/div>\n<\/div>\n<\/div>\n<\/div>\n<\/div>\n<\/div>\n<h3>A Sz\u00e1ll\u00edt\u00e1sr\u00f3l<\/h3>\n<div class=\"flex-shrink-0 flex flex-col relative items-end\">\n<div>\n<div class=\"pt-0\">\n<div class=\"gizmo-bot-avatar flex h-8 w-8 items-center justify-center overflow-hidden rounded-full\">\n<div><\/div>\n<div class=\"relative p-1 rounded-sm flex items-center justify-center bg-token-main-surface-primary text-token-text-primary h-8 w-8\"><strong>1. Milyen sz\u00e1ll\u00edt\u00e1si m\u00f3dokat haszn\u00e1lnak?<\/strong><\/div>\n<\/div>\n<\/div>\n<\/div>\n<\/div>\n<div class=\"group\/conversation-turn relative flex w-full min-w-0 flex-col agent-turn\">\n<div class=\"flex-col gap-1 md:gap-3\">\n<div class=\"flex max-w-full flex-col flex-grow\">\n<div class=\"min-h-[20px] text-message flex w-full flex-col items-end gap-2 whitespace-normal break-words [.text-message+&amp;]:mt-5 overflow-x-auto\" dir=\"auto\" data-message-author-role=\"assistant\" data-message-id=\"22f8283b-3233-46ff-89a5-c7a41b33abda\">\n<div class=\"flex w-full flex-col gap-1 empty:hidden first:pt-[3px]\">\n<div class=\"markdown prose w-full break-words dark:prose-invert light\">\n<p>Partnerei vagyunk a UPS, DHL, FedEx, DPD \u00e9s m\u00e1s vezet\u0151 fuvaroz\u00f3knak. A legjobb sz\u00e1ll\u00edt\u00e1si m\u00f3dot fogjuk kiv\u00e1lasztani a sz\u00e1ll\u00edt\u00e1si helysz\u00edne alapj\u00e1n, hogy a lehet\u0151 leggyorsabban megkapja a term\u00e9keit.<\/p>\n<\/div>\n<p><strong>2. Mennyi id\u0151 alatt \u00e9rkezik meg?<\/strong><\/p>\n<p>A csomagok \u00e1ltal\u00e1ban 10 munkanapon bel\u00fcl meg\u00e9rkeznek Magyarorsz\u00e1gra. Az eur\u00f3pai orsz\u00e1gokba t\u00f6rt\u00e9n\u0151 sz\u00e1ll\u00edt\u00e1s \u00e1ltal\u00e1ban 12-15 munkanapot vesz ig\u00e9nybe. Folyamatosan t\u00e1j\u00e9koztatjuk a sz\u00e1ll\u00edt\u00e1si st\u00e1tuszr\u00f3l.<\/p>\n<\/div>\n<\/div>\n<\/div>\n<\/div>\n<\/div>\n<p>&nbsp;<\/p>\n<p>Tal\u00e1lja meg a tov\u00e1bbi vape term\u00e9keket, amelyek tetszhetnek \u00d6nnek:<strong><em><a href=\"https:\/\/rmvapesale.com\/hu\/shop-2\/\">V\u00e1s\u00e1roljon most &gt;&gt;&gt;<\/a><\/em><\/strong><\/p>","protected":false},"excerpt":{"rendered":"<p>A <strong>JNR PhoneVape 30000 Okos Egyszer haszn\u00e1latos Vape <\/strong>a modern vaperek sz\u00e1m\u00e1ra tervezve, hatalmas <strong>30 000 sz\u00edv\u00e1s<\/strong> in <strong>Norm\u00e1l m\u00f3d<\/strong> \u00e9s <strong>18 000 slukkot<\/strong> in <strong>Pulz\u00e1l\u00f3 \u00fczemm\u00f3d<\/strong>, \u00edgy t\u00f6k\u00e9letes hossz\u00fa t\u00e1v\u00fa haszn\u00e1latra.<\/p>\n<p><img loading=\"lazy\" decoding=\"async\" class=\"size-full wp-image-2375\" src=\"https:\/\/rmvapesale.com\/wp-content\/uploads\/2024\/10\/image.png\" alt=\"Legjobb Eldobhat\u00f3 Vape\" width=\"229\" height=\"300\" \/><\/p>\n<h3><a href=\"https:\/\/wa.me\/8617776015835\"><span style=\"color: #ff0000\"><strong>WhatsApp: +86 17776015835<\/strong><\/span><\/a><\/h3>\n<p>&nbsp;<\/p>","protected":false},"featured_media":2778,"comment_status":"open","ping_status":"closed","template":"","meta":{"_uag_custom_page_level_css":"","_lmt_disableupdate":"no","_lmt_disable":"","site-sidebar-layout":"default","site-content-layout":"content-boxed-container","ast-site-content-layout":"normal-width-container","site-content-style":"boxed","site-sidebar-style":"unboxed","ast-global-header-display":"","ast-banner-title-visibility":"","ast-main-header-display":"","ast-hfb-above-header-display":"","ast-hfb-below-header-display":"","ast-hfb-mobile-header-display":"","site-post-title":"","ast-breadcrumbs-content":"","ast-featured-img":"","footer-sml-layout":"","ast-disable-related-posts":"","theme-transparent-header-meta":"default","adv-header-id-meta":"","stick-header-meta":"","header-above-stick-meta":"","header-main-stick-meta":"","header-below-stick-meta":"","astra-migrate-meta-layouts":"set","ast-page-background-enabled":"default","ast-page-background-meta":{"desktop":{"background-color":"var(--ast-global-color-4)","background-image":"","background-repeat":"repeat","background-position":"center center","background-size":"auto","background-attachment":"scroll","background-type":"","background-media":"","overlay-type":"","overlay-color":"","overlay-opacity":"","overlay-gradient":""},"tablet":{"background-color":"","background-image":"","background-repeat":"repeat","background-position":"center center","background-size":"auto","background-attachment":"scroll","background-type":"","background-media":"","overlay-type":"","overlay-color":"","overlay-opacity":"","overlay-gradient":""},"mobile":{"background-color":"","background-image":"","background-repeat":"repeat","background-position":"center center","background-size":"auto","background-attachment":"scroll","background-type":"","background-media":"","overlay-type":"","overlay-color":"","overlay-opacity":"","overlay-gradient":""}},"ast-content-background-meta":{"desktop":{"background-color":"var(--ast-global-color-5)","background-image":"","background-repeat":"repeat","background-position":"center center","background-size":"auto","background-attachment":"scroll","background-type":"","background-media":"","overlay-type":"","overlay-color":"","overlay-opacity":"","overlay-gradient":""},"tablet":{"background-color":"var(--ast-global-color-5)","background-image":"","background-repeat":"repeat","background-position":"center center","background-size":"auto","background-attachment":"scroll","background-type":"","background-media":"","overlay-type":"","overlay-color":"","overlay-opacity":"","overlay-gradient":""},"mobile":{"background-color":"var(--ast-global-color-5)","background-image":"","background-repeat":"repeat","background-position":"center center","background-size":"auto","background-attachment":"scroll","background-type":"","background-media":"","overlay-type":"","overlay-color":"","overlay-opacity":"","overlay-gradient":""}},"_joinchat":[]},"product_brand":[],"product_cat":[15,27,25,123,30,26,28,137,136,135],"product_tag":[223,230,231,205,229,228],"class_list":{"0":"post-2782","1":"product","2":"type-product","3":"status-publish","4":"has-post-thumbnail","6":"product_cat-new-vape-this-week","7":"product_cat-fance-hot-sale-vape","8":"product_cat-germany-best-selling-vape","9":"product_cat-italy-wholesale-vape","10":"product_cat-minimum-order-quantity-50pcs","11":"product_cat-netherlands-hot-sale-vape","12":"product_cat-poland-hot-sale-vape","13":"product_cat-rechargeable-vapes","14":"product_cat-smart-screen-vapes","15":"product_cat-spain-best-hot-sale-vape","16":"product_tag-jnr","17":"product_tag-jnr-phonevape-30000","18":"product_tag-jnr-phonevape-30k","19":"product_tag-jnr-vape","20":"product_tag-smart-disposable-vapes","21":"product_tag-touch-screen-vape","22":"desktop-align-left","23":"tablet-align-left","24":"mobile-align-left","26":"first","27":"instock","28":"sale","29":"shipping-taxable","30":"purchasable","31":"product-type-simple"},"uagb_featured_image_src":{"full":["https:\/\/rmvapesale.com\/wp-content\/uploads\/2024\/11\/JNR-Phone-Vape-30000-Disposable-Vape-Wholeale.png",1126,1126,false],"thumbnail":["https:\/\/rmvapesale.com\/wp-content\/uploads\/2024\/11\/JNR-Phone-Vape-30000-Disposable-Vape-Wholeale-150x150.png",150,150,true],"medium":["https:\/\/rmvapesale.com\/wp-content\/uploads\/2024\/11\/JNR-Phone-Vape-30000-Disposable-Vape-Wholeale-300x300.png",300,300,true],"medium_large":["https:\/\/rmvapesale.com\/wp-content\/uploads\/2024\/11\/JNR-Phone-Vape-30000-Disposable-Vape-Wholeale-768x768.png",768,768,true],"large":["https:\/\/rmvapesale.com\/wp-content\/uploads\/2024\/11\/JNR-Phone-Vape-30000-Disposable-Vape-Wholeale-1024x1024.png",1024,1024,true],"1536x1536":["https:\/\/rmvapesale.com\/wp-content\/uploads\/2024\/11\/JNR-Phone-Vape-30000-Disposable-Vape-Wholeale.png",1126,1126,false],"2048x2048":["https:\/\/rmvapesale.com\/wp-content\/uploads\/2024\/11\/JNR-Phone-Vape-30000-Disposable-Vape-Wholeale.png",1126,1126,false],"trp-custom-language-flag":["https:\/\/rmvapesale.com\/wp-content\/uploads\/2024\/11\/JNR-Phone-Vape-30000-Disposable-Vape-Wholeale.png",12,12,false],"woocommerce_thumbnail":["https:\/\/rmvapesale.com\/wp-content\/uploads\/2024\/11\/JNR-Phone-Vape-30000-Disposable-Vape-Wholeale-300x300.png",300,300,true],"woocommerce_single":["https:\/\/rmvapesale.com\/wp-content\/uploads\/2024\/11\/JNR-Phone-Vape-30000-Disposable-Vape-Wholeale-600x600.png",600,600,true],"woocommerce_gallery_thumbnail":["https:\/\/rmvapesale.com\/wp-content\/uploads\/2024\/11\/JNR-Phone-Vape-30000-Disposable-Vape-Wholeale-100x100.png",100,100,true],"wcpr-photo-reviews":["https:\/\/rmvapesale.com\/wp-content\/uploads\/2024\/11\/JNR-Phone-Vape-30000-Disposable-Vape-Wholeale.png",500,500,false]},"uagb_author_info":{"display_name":"AMY","author_link":"https:\/\/rmvapesale.com\/hu\/author\/"},"uagb_comment_info":0,"uagb_excerpt":"The JNR PhoneVape 30000 Smart Disposable Vape designed for modern vapers, offers a massive 30,000 puffs in Regular Mode and 18,000 puffs in Pulse Mode, making it perfect for long-lasting use. WhatsApp: +86 17776015835 &nbsp;","_links":{"self":[{"href":"https:\/\/rmvapesale.com\/hu\/wp-json\/wp\/v2\/product\/2782","targetHints":{"allow":["GET"]}}],"collection":[{"href":"https:\/\/rmvapesale.com\/hu\/wp-json\/wp\/v2\/product"}],"about":[{"href":"https:\/\/rmvapesale.com\/hu\/wp-json\/wp\/v2\/types\/product"}],"replies":[{"embeddable":true,"href":"https:\/\/rmvapesale.com\/hu\/wp-json\/wp\/v2\/comments?post=2782"}],"wp:featuredmedia":[{"embeddable":true,"href":"https:\/\/rmvapesale.com\/hu\/wp-json\/wp\/v2\/media\/2778"}],"wp:attachment":[{"href":"https:\/\/rmvapesale.com\/hu\/wp-json\/wp\/v2\/media?parent=2782"}],"wp:term":[{"taxonomy":"product_brand","embeddable":true,"href":"https:\/\/rmvapesale.com\/hu\/wp-json\/wp\/v2\/product_brand?post=2782"},{"taxonomy":"product_cat","embeddable":true,"href":"https:\/\/rmvapesale.com\/hu\/wp-json\/wp\/v2\/product_cat?post=2782"},{"taxonomy":"product_tag","embeddable":true,"href":"https:\/\/rmvapesale.com\/hu\/wp-json\/wp\/v2\/product_tag?post=2782"}],"curies":[{"name":"wp","href":"https:\/\/api.w.org\/{rel}","templated":true}]}}