{"id":2799,"date":"2024-11-28T03:16:57","date_gmt":"2024-11-28T03:16:57","guid":{"rendered":"https:\/\/rmvapesale.com\/?post_type=product&#038;p=2799"},"modified":"2024-11-28T03:38:01","modified_gmt":"2024-11-28T03:38:01","slug":"wga-30000-puffs-double-flavors-refillable-disposable-vape-bulk-price","status":"publish","type":"product","link":"https:\/\/rmvapesale.com\/hu\/product\/wga-30000-puffs-double-flavors-refillable-disposable-vape-bulk-price\/","title":{"rendered":"WGA 30000 P\u00faffos Dupla \u00cdzes\u00edt\u00e9s\u0171 \u00dajrat\u00f6lthet\u0151 Eldobhat\u00f3 Vape Nagykereskedelmi \u00c1r"},"content":{"rendered":"<div class=\"B2VR9 CJHX3e\">\n<div class=\"wyccme\">\n<h1 class=\"LC20lb MBeuO DKV0Md\">WGA 30000 Puff K\u00e9tsz\u00edn\u0171 \u00cdzek \u00dajrat\u00f6lthet\u0151 Egyszer haszn\u00e1latos Vape Nagybani \u00c1r<\/h1>\n<div class=\"flex-shrink-0 flex flex-col relative items-end\">\n<div class=\"pt-0\">\n<div class=\"gizmo-bot-avatar flex h-8 w-8 items-center justify-center overflow-hidden rounded-full\">\n<div class=\"relative p-1 rounded-sm flex items-center justify-center bg-token-main-surface-primary text-token-text-primary h-8 w-8\">\n<p>A <strong>WGA 30000 Puff K\u00e9tsz\u00edn\u0171 \u00cdzek \u00dajrat\u00f6lthet\u0151 Egyszer haszn\u00e1latos Vape<\/strong>, egy forradalmi eszk\u00f6z, amelyet azoknak a vapereknek terveztek, akik p\u00e1ratlan sokoldal\u00fas\u00e1got \u00e9s teljes\u00edtm\u00e9nyt keresnek. Kapacit\u00e1sa <strong>30 000 sz\u00edv\u00e1s<\/strong>, ez a vape hihetetlen\u00fcl hossz\u00fa \u00e9lettartamot k\u00edn\u00e1l, ide\u00e1lis hosszabb haszn\u00e1latra vagy nagyobb mennyis\u00e9g\u0171 v\u00e1s\u00e1rl\u00e1s eset\u00e9n. A <strong>k\u00e9t \u00edz\u0171 rendszer<\/strong> lehet\u0151v\u00e9 teszi a felhaszn\u00e1l\u00f3k sz\u00e1m\u00e1ra, hogy z\u00f6kken\u0151mentesen v\u00e1ltogassanak k\u00e9t \u00edz k\u00f6z\u00f6tt, dinamikus vape \u00e9lm\u00e9nyt ny\u00fajtva, amely soha nem v\u00e1lik unalmass\u00e1. Minden eszk\u00f6z <strong>2 ml el\u0151re t\u00f6lt\u00f6tt e-liquid<\/strong> kapacit\u00e1ssal rendelkezik, valamint egy tov\u00e1bbi <strong>20 ml \u00fajrat\u00f6lthet\u0151 rekesz<\/strong>, amely rugalmass\u00e1got \u00e9s fokozott \u00edzvez\u00e9rl\u00e9st biztos\u00edt. Egy <strong>650mAh t\u00edpus-C \u00fajrat\u00f6lthet\u0151 akkumul\u00e1torral<\/strong> m\u0171k\u00f6dtetve, \u00e9s egy <strong>h\u00e1l\u00f3s tekercs<\/strong>, ez az eszk\u00f6z k\u00f6vetkezetes, sima g\u0151zt \u00e9s optim\u00e1lis \u00edzt ny\u00fajt.<\/p>\n<p>A <strong>WGA 30k vape<\/strong> k\u00e9nyelmet \u00e9s funkcionalit\u00e1st szolg\u00e1l, egy <strong>A LED digit\u00e1lis kijelz\u0151<\/strong> amely t\u00e1j\u00e9koztat a akkumul\u00e1tor \u00e9s az e-liquid szintekr\u0151l. Egy <strong>2%-os nikotiner\u0151ss\u00e9ge<\/strong>, azoknak sz\u00f3l, akik alacsony nikotintartalm\u00fa, kiel\u00e9g\u00edt\u0151 vape lehet\u0151s\u00e9get keresnek. V\u00e1lasszon a <strong>15+ pr\u00e9mium \u00edz<\/strong>, mindegyik kiv\u00e9teles \u00edz\u00e9lm\u00e9nyt ny\u00fajtva. T\u00f6k\u00e9letes nagykereskedelmi v\u00e1s\u00e1rl\u00f3knak vagy egy\u00e9ni felhaszn\u00e1l\u00f3knak, ez a wga 30k <strong>okos eldobhat\u00f3 vape<\/strong> st\u00edlust, innov\u00e1ci\u00f3t \u00e9s teljes\u00edtm\u00e9nyt \u00f6tv\u00f6z egy magasabb szint\u0171 vaping \u00e9lm\u00e9ny\u00e9rt.<\/p>\n<\/div>\n<\/div>\n<\/div>\n<\/div>\n<\/div>\n<\/div>\n<p><strong>L\u00e9pjen kapcsolatba Amyvel, hogy megkapja a helyes v\u00e1laszt \u00e9s a vape kupont!<\/strong><\/p>\n<p><img loading=\"lazy\" decoding=\"async\" class=\"size-full wp-image-1978\" src=\"https:\/\/rmvapesale.com\/wp-content\/uploads\/2024\/09\/Disposable-Vape-Wholesale.jpg\" alt=\"Eldobhat\u00f3 Vape Nagykereskedelem\" width=\"229\" height=\"300\" \/><\/p>\n<h3><a href=\"https:\/\/wa.me\/8617776015835\" target=\"_blank\" rel=\"noopener\"><span style=\"color: #ff0000\"><strong>WhatsApp: +86 17776015835<\/strong><\/span><\/a><\/h3>\n<p>&nbsp;<\/p>\n<h2><\/h2>\n<h2><strong>WGA 30000 Sz\u00edv\u00e1s F\u0151bb Jellemz\u0151k<\/strong><\/h2>\n<ul>\n<li>Ak\u00e1r <strong>30 000 sz\u00edv\u00e1s<\/strong> hosszabb haszn\u00e1latra<\/li>\n<li><strong>K\u00e9t \u00edz rendszer<\/strong> dinamikus \u00e9s testreszabhat\u00f3 \u00e9lm\u00e9ny\u00e9rt<\/li>\n<li><strong>650mAh t\u00edpus-C \u00fajrat\u00f6lthet\u0151 akkumul\u00e1torral<\/strong> gyors \u00fajrat\u00f6lt\u00e9st biztos\u00edt<\/li>\n<li><strong>LED kijelz\u0151<\/strong> mutatja az akkumul\u00e1tor \u00e9s az e-liquid szinteket<\/li>\n<li>Tartalmazza <strong>2ml+20ml \u00fajrat\u00f6lthet\u0151 e-liquid kapacit\u00e1s<\/strong> tov\u00e1bbi rugalmass\u00e1g\u00e9rt<\/li>\n<\/ul>\n<h2><strong>WGA 30K legjobb \u00edz<\/strong><\/h2>\n<p>1. J\u00e9gmentes Menta + H\u00e1rom Mentol<br \/>\n2. Citrom Lime + Citromos J\u00e9gk\u00e1sa<br \/>\n3. Fizzys Cseresznye + Cseresznye M\u00e1lna <span style=\"color: #ff0000\"><strong>&gt;&gt;&gt;&gt; Forr\u00f3!<\/strong><\/span><br \/>\n4. Dinnye J\u00e9g + Dupla Alma<br \/>\n5. Feny\u0151 Alma J\u00e9g + Juicy Mang\u00f3<br \/>\n6. Gummy Medve + Skittles<br \/>\n7.K\u00e9k Razz Cseresznye + Skittles<br \/>\n8.Uram K\u00e9k + K\u00e9k Savany\u00fa M\u00e1lna <span style=\"color: #ff0000\"><strong>&gt;&gt;&gt;&gt; Forr\u00f3!<\/strong><\/span><br \/>\n9.Szakura Sz\u0151l\u0151 + Sz\u0151l\u0151 Gumi Medve<br \/>\n10.M\u00e1lna \u00c1fonya Cseresznye + M\u00e1lna Eper \u00c1fonya<br \/>\n11.L\u00e9d\u00fas S\u00e1rgabarack + Mang\u00f3 S\u00e1rgabarack Dinnye<br \/>\n12.Eper M\u00e1lna J\u00e9g + Eper Skittles <span style=\"color: #ff0000\"><strong>&gt;&gt;&gt;&gt; A legjobb!<\/strong><\/span><br \/>\n13.M\u00e1lna J\u00e9g + Eper J\u00e9g<br \/>\n14.S\u00e1rgabarack Guava Eper + L\u00e9d\u00fas S\u00e1rgabarack<br \/>\n15.K\u00e9k J\u00e9g + R\u00f3zsasz\u00edn J\u00e9g<\/p>\n<p>&nbsp;<\/p>\n<h3><strong>Mi\u00e9rt v\u00e1lassza az Rmvapesale-t a WGA 30000 Puffs-hoz <\/strong><strong>V<\/strong><strong>ape Nagykeresked\u00e9s<\/strong><strong>?<\/strong><\/h3>\n<div class=\"flex-shrink-0 flex flex-col relative items-end\">\n<div class=\"pt-0\">\n<div class=\"gizmo-bot-avatar flex h-8 w-8 items-center justify-center overflow-hidden rounded-full\">\n<div class=\"relative p-1 rounded-sm flex items-center justify-center bg-token-main-surface-primary text-token-text-primary h-8 w-8\">\n<p>\u00dcdv\u00f6z\u00f6lj\u00fck a Rmvapesale-ben, az \u00d6n megb\u00edzhat\u00f3 vape \u00fczlet\u00e9ben, ahol pr\u00e9mium eldobhat\u00f3 vape-eket tal\u00e1l. T\u00f6bb mint 5 \u00e9ves szak\u00e9rtelemmel olyan n\u00e9pszer\u0171 eldobhat\u00f3 vape m\u00e1rk\u00e1kat k\u00edn\u00e1lunk, mint az Al Fakher, <a href=\"https:\/\/rmvapesale.com\/hu\/product-category\/bang-vapes\/\">Bang Vape<\/a>, Waspe, WGA Vape \u00e9s<a href=\"https:\/\/rmvapesale.com\/hu\/product-category\/randm-fumot-vape\/\"> RandM Vape<\/a>.<\/p>\n<p>K\u00edn\u00e1latunkban olyan n\u00e9pszer\u0171 vape-ek szerepelnek, mint a <a href=\"https:\/\/rmvapesale.com\/hu\/product\/randm-tornado-15000-puffs-vape-wholesale\/\">RandM Tornado 15000<\/a> \u00e9s \u00edzekben gazdag lehet\u0151s\u00e9gek, mint a Vapme 70000. Minden term\u00e9k a min\u0151s\u00e9gre, az \u00e9rt\u00e9kre \u00e9s a soksz\u00edn\u0171s\u00e9gre f\u00f3kusz\u00e1lva van kiv\u00e1lasztva, biztos\u00edtva, hogy megtal\u00e1lja a t\u00f6k\u00e9leteset az ig\u00e9nyeihez. Fedezze fel a kiv\u00e9teles szolg\u00e1ltat\u00e1st \u00e9s a top term\u00e9kek sz\u00e9les v\u00e1laszt\u00e9k\u00e1t az Rmvapesale-n\u00e1l.<\/p>\n<\/div>\n<h3><\/h3>\n<div class=\"relative p-1 rounded-sm flex items-center justify-center bg-token-main-surface-primary text-token-text-primary h-8 w-8\">\n<h3><b> GYIK a <\/b><b>WGA 30K \u00fajrat\u00f6lthet\u0151 egyszer haszn\u00e1latos vape<\/b><\/h3>\n<div class=\"group\/conversation-turn relative flex w-full min-w-0 flex-col agent-turn\">\n<div class=\"flex-col gap-1 md:gap-3\">\n<div class=\"flex max-w-full flex-col flex-grow\">\n<div class=\"min-h-8 text-message flex w-full flex-col items-end gap-2 whitespace-normal break-words [.text-message+&amp;]:mt-5\" dir=\"auto\" data-message-author-role=\"assistant\" data-message-id=\"00c9b302-bc9c-4550-94ba-5a295efa2be3\" data-message-model-slug=\"gpt-4o\">\n<div class=\"flex w-full flex-col gap-1 empty:hidden first:pt-[3px]\">\n<div class=\"markdown prose w-full break-words dark:prose-invert light\">\n<div class=\"flex-shrink-0 flex flex-col relative items-end\">\n<div>\n<div class=\"pt-0\">\n<div class=\"gizmo-bot-avatar flex h-8 w-8 items-center justify-center overflow-hidden rounded-full\">\n<div class=\"relative p-1 rounded-sm flex items-center justify-center bg-token-main-surface-primary text-token-text-primary h-8 w-8\">\n<div class=\"flex-shrink-0 flex flex-col relative items-end\">\n<div>\n<div class=\"pt-0\">\n<div class=\"gizmo-bot-avatar flex h-8 w-8 items-center justify-center overflow-hidden rounded-full\">\n<div class=\"relative p-1 rounded-sm flex items-center justify-center bg-token-main-surface-primary text-token-text-primary h-8 w-8\">\n<ul>\n<li><strong>Hol v\u00e1s\u00e1rolhatok WGA 30k vape-t nagykereskedelmi \u00e1ron Magyarorsz\u00e1gon<\/strong><br \/>\nMegv\u00e1s\u00e1rolhatja a <strong>WGA 30k vape<\/strong> megb\u00edzhat\u00f3 online kiskeresked\u0151kn\u00e9l \u00e9s vape forgalmaz\u00f3kn\u00e1l, akik sz\u00e1ll\u00edtanak Magyarorsz\u00e1gra. Gy\u0151z\u0151dj\u00f6n meg arr\u00f3l, hogy megb\u00edzhat\u00f3 besz\u00e1ll\u00edt\u00f3kat v\u00e1laszt, akik szakosodnak <strong>vape nagykereskedelmi<\/strong> az eredeti term\u00e9kekre.<\/li>\n<li><strong>H\u00e1ny sz\u00edv\u00e1st biztos\u00edt a WGA 30k puff vape?<\/strong><br \/>\nA <strong>WGA 30k vape<\/strong> leny\u0171g\u00f6z\u0151 <strong>30 000 sz\u00edv\u00e1s<\/strong>, ide\u00e1liss\u00e1 t\u00e9ve hosszabb haszn\u00e1latra \u00e9s nagykereskedelmi v\u00e1s\u00e1rl\u00f3k sz\u00e1m\u00e1ra.<\/li>\n<li><strong>Meddig tart a n\u00e9pszer\u0171 WGA 30000 egyszer haszn\u00e1latos vape toll?<\/strong><br \/>\nA <strong>WGA 30000 vape toll<\/strong> \u00e9lettartama <strong>egy\u00e9ni haszn\u00e1lati szok\u00e1sokt\u00f3l f\u00fcgg. \u00c1tlagosan a rendszeres felhaszn\u00e1l\u00f3k sz\u00e1m\u00e1ra<\/strong>.<\/li>\n<li><strong>2-t\u0151l 4 h\u00e9tig<\/strong><br \/>\nA n\u00e9pszer\u0171 \u00edzek a <strong>WGA 30k vape<\/strong> tartalmazza <strong>K\u00e9k M\u00e1lna J\u00e9g<\/strong>, <strong>Epres ban\u00e1n<\/strong>, <strong>Milyen n\u00e9pszer\u0171 \u00edzek vannak a WGA 30k Puff egyszer haszn\u00e1latos vape dobozban?<\/strong>H\u0171s Mentol <strong>15+ pr\u00e9mium \u00edz<\/strong> , \u00e9s m\u00e1s v\u00e1laszt\u00e9kok a<\/li>\n<li><strong>el\u00e9rhet\u0151ek.<\/strong><br \/>\nA <strong>Meddig tart felt\u00f6lteni egy WGA LEGEND ULTRA 30K Puffs \u00fajrat\u00f6lthet\u0151 vape-t?<\/strong> WGA LEGEND ULTRA 30k <strong>650mAh t\u00edpus-C \u00fajrat\u00f6lthet\u0151 akkumul\u00e1torral<\/strong>vape rendelkezik egy <strong>, amely \u00e1ltal\u00e1ban k\u00f6r\u00fclbel\u00fcl<\/strong> teljesen felt\u00f6ltve.<\/li>\n<li><strong>Mennyi nikotin van egy WGA LEGEND ULTRA 30000 eldobhat\u00f3 vape-ben?<\/strong><br \/>\nA <strong>WGA LEGEND ULTRA 30000 vape<\/strong> tartalmaz <strong>2%-os nikotiner\u0151ss\u00e9ge<\/strong>, amely kiel\u00e9g\u00edt\u0151, m\u00e9gis alacsony nikotintartalm\u00fa \u00e9lm\u00e9nyt ny\u00fajt.<\/li>\n<\/ul>\n<\/div>\n<\/div>\n<\/div>\n<\/div>\n<\/div>\n<\/div>\n<\/div>\n<\/div>\n<\/div>\n<\/div>\n<div class=\"group\/conversation-turn relative flex w-full min-w-0 flex-col agent-turn\">\n<div class=\"flex-col gap-1 md:gap-3\">\n<div class=\"flex max-w-full flex-col flex-grow\">\n<div class=\"min-h-8 text-message flex w-full flex-col items-end gap-2 whitespace-normal break-words [.text-message+&amp;]:mt-5\" dir=\"auto\" data-message-author-role=\"assistant\" data-message-id=\"a3dc01bd-23b0-4fd7-bb9a-7827522cefd8\" data-message-model-slug=\"gpt-4o\">\n<div class=\"flex w-full flex-col gap-1 empty:hidden first:pt-[3px]\"><\/div>\n<\/div>\n<\/div>\n<\/div>\n<\/div>\n<\/div>\n<\/div>\n<\/div>\n<\/div>\n<\/div>\n<\/div>\n<\/div>\n<\/div>\n<\/div>\n<\/div>\n<h3>A Sz\u00e1ll\u00edt\u00e1sr\u00f3l<\/h3>\n<div class=\"flex-shrink-0 flex flex-col relative items-end\">\n<div>\n<div class=\"pt-0\">\n<div class=\"gizmo-bot-avatar flex h-8 w-8 items-center justify-center overflow-hidden rounded-full\">\n<div><\/div>\n<div class=\"relative p-1 rounded-sm flex items-center justify-center bg-token-main-surface-primary text-token-text-primary h-8 w-8\"><strong>1. Milyen sz\u00e1ll\u00edt\u00e1si m\u00f3dokat haszn\u00e1lnak?<\/strong><\/div>\n<\/div>\n<\/div>\n<\/div>\n<\/div>\n<div class=\"group\/conversation-turn relative flex w-full min-w-0 flex-col agent-turn\">\n<div class=\"flex-col gap-1 md:gap-3\">\n<div class=\"flex max-w-full flex-col flex-grow\">\n<div class=\"min-h-[20px] text-message flex w-full flex-col items-end gap-2 whitespace-normal break-words [.text-message+&amp;]:mt-5 overflow-x-auto\" dir=\"auto\" data-message-author-role=\"assistant\" data-message-id=\"22f8283b-3233-46ff-89a5-c7a41b33abda\">\n<div class=\"flex w-full flex-col gap-1 empty:hidden first:pt-[3px]\">\n<div class=\"markdown prose w-full break-words dark:prose-invert light\">\n<p>Partnerei vagyunk a UPS, DHL, FedEx, DPD \u00e9s m\u00e1s vezet\u0151 fuvaroz\u00f3knak. A legjobb sz\u00e1ll\u00edt\u00e1si m\u00f3dot fogjuk kiv\u00e1lasztani a sz\u00e1ll\u00edt\u00e1si helysz\u00edne alapj\u00e1n, hogy a lehet\u0151 leggyorsabban megkapja a term\u00e9keit.<\/p>\n<\/div>\n<p><strong>2. Mennyi id\u0151 alatt \u00e9rkezik meg?<\/strong><\/p>\n<p>A csomagok \u00e1ltal\u00e1ban 10 munkanapon bel\u00fcl meg\u00e9rkeznek Magyarorsz\u00e1gra. Az eur\u00f3pai orsz\u00e1gokba t\u00f6rt\u00e9n\u0151 sz\u00e1ll\u00edt\u00e1s \u00e1ltal\u00e1ban 12-15 munkanapot vesz ig\u00e9nybe. Folyamatosan t\u00e1j\u00e9koztatjuk a sz\u00e1ll\u00edt\u00e1si st\u00e1tuszr\u00f3l.<\/p>\n<\/div>\n<\/div>\n<\/div>\n<\/div>\n<\/div>\n<p>&nbsp;<\/p>\n<p>Tal\u00e1lja meg a tov\u00e1bbi vape term\u00e9keket, amelyek tetszhetnek \u00d6nnek:<strong><em><a href=\"https:\/\/rmvapesale.com\/hu\/shop-2\/\">V\u00e1s\u00e1roljon most &gt;&gt;&gt;<\/a><\/em><\/strong><\/p>","protected":false},"excerpt":{"rendered":"<p>A <strong>WGA 30000 Puff K\u00e9tsz\u00edn\u0171 \u00cdzek \u00dajrat\u00f6lthet\u0151 Egyszer haszn\u00e1latos Vape<\/strong>, egy forradalmi eszk\u00f6z, amelyet azoknak a vapereknek terveztek, akik p\u00e1ratlan sokoldal\u00fas\u00e1got \u00e9s teljes\u00edtm\u00e9nyt keresnek. Kapacit\u00e1sa <strong>30 000 puff.<\/strong><\/p>\n<p><img loading=\"lazy\" decoding=\"async\" class=\"size-full wp-image-2375\" src=\"https:\/\/rmvapesale.com\/wp-content\/uploads\/2024\/10\/image.png\" alt=\"Legjobb Eldobhat\u00f3 Vape\" width=\"229\" height=\"300\" \/><\/p>\n<h3><a href=\"https:\/\/wa.me\/8617776015835\"><span style=\"color: #ff0000\"><strong>WhatsApp: +86 17776015835<\/strong><\/span><\/a><\/h3>\n<p>&nbsp;<\/p>","protected":false},"featured_media":2796,"comment_status":"open","ping_status":"closed","template":"","meta":{"_uag_custom_page_level_css":"","_lmt_disableupdate":"no","_lmt_disable":"","site-sidebar-layout":"default","site-content-layout":"content-boxed-container","ast-site-content-layout":"normal-width-container","site-content-style":"boxed","site-sidebar-style":"unboxed","ast-global-header-display":"","ast-banner-title-visibility":"","ast-main-header-display":"","ast-hfb-above-header-display":"","ast-hfb-below-header-display":"","ast-hfb-mobile-header-display":"","site-post-title":"","ast-breadcrumbs-content":"","ast-featured-img":"","footer-sml-layout":"","theme-transparent-header-meta":"default","adv-header-id-meta":"","stick-header-meta":"","header-above-stick-meta":"","header-main-stick-meta":"","header-below-stick-meta":"","astra-migrate-meta-layouts":"set","ast-page-background-enabled":"default","ast-page-background-meta":{"desktop":{"background-color":"var(--ast-global-color-4)","background-image":"","background-repeat":"repeat","background-position":"center center","background-size":"auto","background-attachment":"scroll","background-type":"","background-media":"","overlay-type":"","overlay-color":"","overlay-opacity":"","overlay-gradient":""},"tablet":{"background-color":"","background-image":"","background-repeat":"repeat","background-position":"center center","background-size":"auto","background-attachment":"scroll","background-type":"","background-media":"","overlay-type":"","overlay-color":"","overlay-opacity":"","overlay-gradient":""},"mobile":{"background-color":"","background-image":"","background-repeat":"repeat","background-position":"center center","background-size":"auto","background-attachment":"scroll","background-type":"","background-media":"","overlay-type":"","overlay-color":"","overlay-opacity":"","overlay-gradient":""}},"ast-content-background-meta":{"desktop":{"background-color":"var(--ast-global-color-5)","background-image":"","background-repeat":"repeat","background-position":"center center","background-size":"auto","background-attachment":"scroll","background-type":"","background-media":"","overlay-type":"","overlay-color":"","overlay-opacity":"","overlay-gradient":""},"tablet":{"background-color":"var(--ast-global-color-5)","background-image":"","background-repeat":"repeat","background-position":"center center","background-size":"auto","background-attachment":"scroll","background-type":"","background-media":"","overlay-type":"","overlay-color":"","overlay-opacity":"","overlay-gradient":""},"mobile":{"background-color":"var(--ast-global-color-5)","background-image":"","background-repeat":"repeat","background-position":"center center","background-size":"auto","background-attachment":"scroll","background-type":"","background-media":"","overlay-type":"","overlay-color":"","overlay-opacity":"","overlay-gradient":""}},"_joinchat":[]},"product_brand":[],"product_cat":[15,25,123,26,28,135,27,137,136,30],"product_tag":[229,232,69],"class_list":{"0":"post-2799","1":"product","2":"type-product","3":"status-publish","4":"has-post-thumbnail","6":"product_cat-new-vape-this-week","7":"product_cat-germany-best-selling-vape","8":"product_cat-italy-wholesale-vape","9":"product_cat-netherlands-hot-sale-vape","10":"product_cat-poland-hot-sale-vape","11":"product_cat-spain-best-hot-sale-vape","12":"product_cat-fance-hot-sale-vape","13":"product_cat-rechargeable-vapes","14":"product_cat-smart-screen-vapes","15":"product_cat-minimum-order-quantity-50pcs","16":"product_tag-smart-disposable-vapes","17":"product_tag-wga-30k","18":"product_tag-wga-vape","19":"desktop-align-left","20":"tablet-align-left","21":"mobile-align-left","23":"first","24":"instock","25":"sale","26":"shipping-taxable","27":"purchasable","28":"product-type-simple"},"uagb_featured_image_src":{"full":["https:\/\/rmvapesale.com\/wp-content\/uploads\/2024\/11\/WGA-Legend-Ultra-30000-Disposable-Vape.jpg",1126,1126,false],"thumbnail":["https:\/\/rmvapesale.com\/wp-content\/uploads\/2024\/11\/WGA-Legend-Ultra-30000-Disposable-Vape-150x150.jpg",150,150,true],"medium":["https:\/\/rmvapesale.com\/wp-content\/uploads\/2024\/11\/WGA-Legend-Ultra-30000-Disposable-Vape-300x300.jpg",300,300,true],"medium_large":["https:\/\/rmvapesale.com\/wp-content\/uploads\/2024\/11\/WGA-Legend-Ultra-30000-Disposable-Vape-768x768.jpg",768,768,true],"large":["https:\/\/rmvapesale.com\/wp-content\/uploads\/2024\/11\/WGA-Legend-Ultra-30000-Disposable-Vape-1024x1024.jpg",1024,1024,true],"1536x1536":["https:\/\/rmvapesale.com\/wp-content\/uploads\/2024\/11\/WGA-Legend-Ultra-30000-Disposable-Vape.jpg",1126,1126,false],"2048x2048":["https:\/\/rmvapesale.com\/wp-content\/uploads\/2024\/11\/WGA-Legend-Ultra-30000-Disposable-Vape.jpg",1126,1126,false],"trp-custom-language-flag":["https:\/\/rmvapesale.com\/wp-content\/uploads\/2024\/11\/WGA-Legend-Ultra-30000-Disposable-Vape.jpg",12,12,false],"woocommerce_thumbnail":["https:\/\/rmvapesale.com\/wp-content\/uploads\/2024\/11\/WGA-Legend-Ultra-30000-Disposable-Vape-300x300.jpg",300,300,true],"woocommerce_single":["https:\/\/rmvapesale.com\/wp-content\/uploads\/2024\/11\/WGA-Legend-Ultra-30000-Disposable-Vape-600x600.jpg",600,600,true],"woocommerce_gallery_thumbnail":["https:\/\/rmvapesale.com\/wp-content\/uploads\/2024\/11\/WGA-Legend-Ultra-30000-Disposable-Vape-100x100.jpg",100,100,true],"wcpr-photo-reviews":["https:\/\/rmvapesale.com\/wp-content\/uploads\/2024\/11\/WGA-Legend-Ultra-30000-Disposable-Vape.jpg",500,500,false]},"uagb_author_info":{"display_name":"AMY","author_link":"https:\/\/rmvapesale.com\/hu\/author\/"},"uagb_comment_info":0,"uagb_excerpt":"The WGA 30000 Puffs Double Flavors Refillable Disposable Vape, a revolutionary device designed for vapers seeking unmatched versatility and performance. With a capacity of 30,000 puffs. WhatsApp: +86 17776015835 &nbsp;","_links":{"self":[{"href":"https:\/\/rmvapesale.com\/hu\/wp-json\/wp\/v2\/product\/2799","targetHints":{"allow":["GET"]}}],"collection":[{"href":"https:\/\/rmvapesale.com\/hu\/wp-json\/wp\/v2\/product"}],"about":[{"href":"https:\/\/rmvapesale.com\/hu\/wp-json\/wp\/v2\/types\/product"}],"replies":[{"embeddable":true,"href":"https:\/\/rmvapesale.com\/hu\/wp-json\/wp\/v2\/comments?post=2799"}],"wp:featuredmedia":[{"embeddable":true,"href":"https:\/\/rmvapesale.com\/hu\/wp-json\/wp\/v2\/media\/2796"}],"wp:attachment":[{"href":"https:\/\/rmvapesale.com\/hu\/wp-json\/wp\/v2\/media?parent=2799"}],"wp:term":[{"taxonomy":"product_brand","embeddable":true,"href":"https:\/\/rmvapesale.com\/hu\/wp-json\/wp\/v2\/product_brand?post=2799"},{"taxonomy":"product_cat","embeddable":true,"href":"https:\/\/rmvapesale.com\/hu\/wp-json\/wp\/v2\/product_cat?post=2799"},{"taxonomy":"product_tag","embeddable":true,"href":"https:\/\/rmvapesale.com\/hu\/wp-json\/wp\/v2\/product_tag?post=2799"}],"curies":[{"name":"wp","href":"https:\/\/api.w.org\/{rel}","templated":true}]}}