{"id":2820,"date":"2024-11-30T03:54:20","date_gmt":"2024-11-30T03:54:20","guid":{"rendered":"https:\/\/rmvapesale.com\/?post_type=product&#038;p=2820"},"modified":"2024-11-30T07:30:19","modified_gmt":"2024-11-30T07:30:19","slug":"bang-32000-puffs-rechargeable-disposable-box-vape-wholesale-double-flavor-switching","status":"publish","type":"product","link":"https:\/\/rmvapesale.com\/hu\/product\/bang-32000-puffs-rechargeable-disposable-box-vape-wholesale-double-flavor-switching\/","title":{"rendered":"Bang 32000 Puffs t\u00f6lthet\u0151 eldobhat\u00f3 dobozos vape nagykereskedelmi dupla \u00edzv\u00e1lt\u00e1ssal"},"content":{"rendered":"<div class=\"B2VR9 CJHX3e\">\n<div class=\"wyccme\">\n<h1 class=\"LC20lb MBeuO DKV0Md\">Bang 32000 Puffs t\u00f6lthet\u0151 eldobhat\u00f3 dobozos vape nagykereskedelmi dupla \u00edzv\u00e1lt\u00e1ssal<\/h1>\n<div class=\"flex-shrink-0 flex flex-col relative items-end\">\n<div class=\"pt-0\">\n<div class=\"gizmo-bot-avatar flex h-8 w-8 items-center justify-center overflow-hidden rounded-full\">\n<div class=\"relative p-1 rounded-sm flex items-center justify-center bg-token-main-surface-primary text-token-text-primary h-8 w-8\">\n<p>A <strong>Bang 32000 Puffs \u00dajrat\u00f6lthet\u0151 Eldobhat\u00f3 Dobozos Vape<\/strong>, amelyet a k\u00e9nyelem, a sokoldal\u00fas\u00e1g \u00e9s a hosszan tart\u00f3 el\u00e9gedetts\u00e9g \u00e9rdek\u00e9ben terveztek. Ez az innovat\u00edv eszk\u00f6z \u00fajradefini\u00e1lja az eldobhat\u00f3 vape-eket, figyelemre m\u00e9lt\u00f3 32 000 puff kapacit\u00e1st k\u00edn\u00e1l a kett\u0151s 26 ml-es e-liquid tart\u00e1lyain kereszt\u00fcl, \u00edgy \u00e9lvezheti a meghosszabb\u00edtott g\u0151z\u00f6l\u00e9si utaz\u00e1st an\u00e9lk\u00fcl, hogy gyakran kellene cser\u00e9lnie.<\/p>\n<p>Egyik kiemelked\u0151 jellemz\u0151je a <strong>kett\u0151s \u00edzv\u00e1lt\u00f3 technol\u00f3gia<\/strong>, amely lehet\u0151v\u00e9 teszi a felhaszn\u00e1l\u00f3k sz\u00e1m\u00e1ra, hogy z\u00f6kken\u0151mentesen v\u00e1ltsanak k\u00e9t \u00edz k\u00f6z\u00f6tt ugyanazon az eszk\u00f6z\u00f6n bel\u00fcl. Ez az egyed\u00fcl\u00e1ll\u00f3 funkci\u00f3 v\u00e1ltozatoss\u00e1got biztos\u00edt minden egyes puffal, \u00edgy t\u00f6k\u00e9letes azok sz\u00e1m\u00e1ra, akik \u00fatk\u00f6zben is szeretn\u00e9k v\u00e1ltoztatni a g\u0151z\u00f6l\u00e9si \u00e9lm\u00e9ny\u00fcket. Ezt a sokoldal\u00fas\u00e1got kieg\u00e9sz\u00edti a nikotiner\u0151ss\u00e9g testreszab\u00e1s\u00e1nak lehet\u0151s\u00e9ge, 0%-t\u00f3l 5%-ig terjed\u0151 opci\u00f3kkal, amelyek kiel\u00e9g\u00edtik a nikotinmentes felhaszn\u00e1l\u00f3kat \u00e9s azokat is, akik er\u0151sebb adagokat keresnek.<\/p>\n<p>A <strong>12 cs\u00e1b\u00edt\u00f3 \u00edz k\u00f6z\u00fcl lehet v\u00e1lasztani<\/strong>, \u00edgy mindenki megtal\u00e1lja a neki val\u00f3t. Ak\u00e1r a gy\u00fcm\u00f6lcs\u00f6s, a mentolos, ak\u00e1r a desszert ihlet\u00e9s\u0171 profilokat kedveli, ez az eszk\u00f6z szem\u00e9lyre szabott g\u0151z\u00f6l\u00e9si \u00e9lm\u00e9nyt biztos\u00edt, amely soha nem v\u00e1lik monotonn\u00e1. Karcs\u00fa \u00e9s hordozhat\u00f3 kialak\u00edt\u00e1sa, megb\u00edzhat\u00f3 teljes\u00edtm\u00e9nnyel kombin\u00e1lva, kiv\u00e1l\u00f3 v\u00e1laszt\u00e1ss\u00e1 teszi mind szem\u00e9lyes haszn\u00e1latra, mind a nagykereskedelmi piacra. A kiskeresked\u0151k is \u00e9rt\u00e9kelni fogj\u00e1k a szemet gy\u00f6ny\u00f6rk\u00f6dtet\u0151 csomagol\u00e1s\u00e1t, amely t\u00f6k\u00e9letes kieg\u00e9sz\u00edt\u0151je b\u00e1rmely <strong>bemutat\u00f3 vape<\/strong> k\u00edn\u00e1latnak.<\/p>\n<p>Ak\u00e1r egy \u00fajrat\u00f6lthet\u0151t keres<strong>\u00a0eldobhat\u00f3 vape<\/strong> amely egyens\u00falyt teremt a st\u00edlus \u00e9s a tartalom k\u00f6z\u00f6tt, vagy egy <strong>alacsony nikotintartalm\u00fa eldobhat\u00f3 vape<\/strong> hogy megfeleljen a specifikus preferenci\u00e1knak, a <strong>Bang 32000 Puffs \u00dajrat\u00f6lthet\u0151 Eldobhat\u00f3 Dobozos Vape<\/strong> az \u00d6n megb\u00edzhat\u00f3 megold\u00e1sa. Ide\u00e1lis a <strong>vape nagykereskedelmi<\/strong> magyar forgalmaz\u00f3k \u00e9s az egy\u00e9ni felhaszn\u00e1l\u00f3k sz\u00e1m\u00e1ra egyar\u00e1nt, ez az eszk\u00f6z az innov\u00e1ci\u00f3t, a k\u00e9nyelmet \u00e9s a kiv\u00e1l\u00f3 teljes\u00edtm\u00e9nyt egyes\u00edti egy sokoldal\u00fa csomagban.<\/p>\n<\/div>\n<\/div>\n<\/div>\n<\/div>\n<\/div>\n<\/div>\n<p><strong>L\u00e9pjen kapcsolatba Amyvel, hogy megkapja a helyes v\u00e1laszt \u00e9s a vape kupont!<\/strong><\/p>\n<p><img loading=\"lazy\" decoding=\"async\" class=\"size-full wp-image-1978\" src=\"https:\/\/rmvapesale.com\/wp-content\/uploads\/2024\/09\/Disposable-Vape-Wholesale.jpg\" alt=\"Eldobhat\u00f3 Vape Nagykereskedelem\" width=\"229\" height=\"300\" \/><\/p>\n<h3><a href=\"https:\/\/wa.me\/8617776015835\" target=\"_blank\" rel=\"noopener\"><span style=\"color: #ff0000\"><strong>WhatsApp: +86 17776015835<\/strong><\/span><\/a><\/h3>\n<p>&nbsp;<\/p>\n<h2><\/h2>\n<h2><strong>Bang 32000 Puffs F\u0151bb Jellemz\u0151k<\/strong><\/h2>\n<ul>\n<li>Ak\u00e1r 32 000 slukk dupla 26 ml-es poddal.<\/li>\n<li>Dupla \u00edzv\u00e1lt\u00e1s a v\u00e1ltozatoss\u00e1g\u00e9rt.<\/li>\n<li>Testreszabhat\u00f3 nikotinszint (0%-5%).<\/li>\n<li>\u00dajrat\u00f6lthet\u0151 650 mAh-s akkumul\u00e1tor, C t\u00edpus\u00fa porttal.<\/li>\n<li>Fokozott \u00edz 1,0 ohmos h\u00e1l\u00f3s tekercsen kereszt\u00fcl.<\/li>\n<\/ul>\n<h2><strong>Legjobb \u00cdz a Bang 32k-hoz<\/strong><\/h2>\n<p>&nbsp;<\/p>\n<p>1. G\u00f6r\u00f6gdinnye j\u00e9g + \u00c1fonya Ment\u00e1val <span style=\"color: #ff0000\"><strong>&gt;&gt;&gt;&gt; Forr\u00f3!<\/strong><\/span><br \/>\n2. G\u00f6r\u00f6gdinnye j\u00e9g + Eper \u00e9s Mang\u00f3<br \/>\n3. Eper \u00e9s G\u00f6r\u00f6gdinnye + Kivi Passi\u00f3gy\u00fcm\u00f6lcs Guava<br \/>\n4. Eper \u00e9s G\u00f6r\u00f6gdinnye + Sz\u0151l\u0151 J\u00e9g<br \/>\n5. \u00c1fonya M\u00e1lna + S\u00e1rgabarack Mang\u00f3 G\u00f6r\u00f6gdinnye<br \/>\n6. \u00c1fonya G\u00f6r\u00f6gdinnye + Eper Mang\u00f3<br \/>\n7. \u00c1fonya J\u00e9g + Fekete S\u00e1rk\u00e1ny J\u00e9g<br \/>\n8. \u00c1fonya J\u00e9g + Eper \u00e9s Ban\u00e1n<br \/>\n9. Red Bull + \u00c1fonya G\u00f6r\u00f6gdinnye <span style=\"color: #ff0000\"><strong>&gt;&gt;&gt;&gt; A legjobb!<\/strong><\/span><br \/>\n10. Red Bull + G\u00f6r\u00f6gdinnye Bubor\u00e9kcukor<br \/>\n11. Eper Kwi + S\u00e1rgabarack J\u00e9g<br \/>\n12. Eper Kwi + Savany\u00fa Alma M\u00e1lna<\/p>\n<p>&nbsp;<\/p>\n<h3><strong>Mi\u00e9rt v\u00e1lassza az Rmvapesale-t a Bang 32000 Puffs-hoz? <\/strong><strong>V<\/strong><strong>ape Nagykeresked\u00e9s<\/strong><strong>?<\/strong><\/h3>\n<div class=\"flex-shrink-0 flex flex-col relative items-end\">\n<div class=\"pt-0\">\n<div class=\"gizmo-bot-avatar flex h-8 w-8 items-center justify-center overflow-hidden rounded-full\">\n<div class=\"relative p-1 rounded-sm flex items-center justify-center bg-token-main-surface-primary text-token-text-primary h-8 w-8\">\n<p>\u00dcdv\u00f6z\u00f6lj\u00fck a Rmvapesale-ben, az \u00d6n megb\u00edzhat\u00f3 vape \u00fczlet\u00e9ben, ahol pr\u00e9mium eldobhat\u00f3 vape-eket tal\u00e1l. T\u00f6bb mint 5 \u00e9ves szak\u00e9rtelemmel olyan n\u00e9pszer\u0171 eldobhat\u00f3 vape m\u00e1rk\u00e1kat k\u00edn\u00e1lunk, mint az Al Fakher, <a href=\"https:\/\/rmvapesale.com\/hu\/product-category\/bang-vapes\/\">Bang Vape<\/a>, Waspe, WGA Vape \u00e9s<a href=\"https:\/\/rmvapesale.com\/hu\/product-category\/randm-fumot-vape\/\"> RandM Vape<\/a>.<\/p>\n<p>K\u00edn\u00e1latunkban olyan n\u00e9pszer\u0171 vape-ek szerepelnek, mint a <a href=\"https:\/\/rmvapesale.com\/hu\/product\/randm-tornado-15000-puffs-vape-wholesale\/\">RandM Tornado 15000<\/a> \u00e9s \u00edzekben gazdag lehet\u0151s\u00e9gek, mint a Vapme 70000. Minden term\u00e9k a min\u0151s\u00e9gre, az \u00e9rt\u00e9kre \u00e9s a soksz\u00edn\u0171s\u00e9gre f\u00f3kusz\u00e1lva van kiv\u00e1lasztva, biztos\u00edtva, hogy megtal\u00e1lja a t\u00f6k\u00e9leteset az ig\u00e9nyeihez. Fedezze fel a kiv\u00e9teles szolg\u00e1ltat\u00e1st \u00e9s a top term\u00e9kek sz\u00e9les v\u00e1laszt\u00e9k\u00e1t az Rmvapesale-n\u00e1l.<\/p>\n<\/div>\n<h3><\/h3>\n<div class=\"relative p-1 rounded-sm flex items-center justify-center bg-token-main-surface-primary text-token-text-primary h-8 w-8\">\n<h3><b> GYIK a Bang 32-hez<\/b><b>K \u00fajrat\u00f6lthet\u0151 eldobhat\u00f3 Vape<\/b><\/h3>\n<div class=\"group\/conversation-turn relative flex w-full min-w-0 flex-col agent-turn\">\n<div class=\"flex-col gap-1 md:gap-3\">\n<div class=\"flex max-w-full flex-col flex-grow\">\n<div class=\"min-h-8 text-message flex w-full flex-col items-end gap-2 whitespace-normal break-words [.text-message+&amp;]:mt-5\" dir=\"auto\" data-message-author-role=\"assistant\" data-message-id=\"00c9b302-bc9c-4550-94ba-5a295efa2be3\" data-message-model-slug=\"gpt-4o\">\n<div class=\"flex w-full flex-col gap-1 empty:hidden first:pt-[3px]\">\n<div class=\"markdown prose w-full break-words dark:prose-invert light\">\n<div class=\"flex-shrink-0 flex flex-col relative items-end\">\n<div>\n<div class=\"pt-0\">\n<div class=\"gizmo-bot-avatar flex h-8 w-8 items-center justify-center overflow-hidden rounded-full\">\n<div class=\"relative p-1 rounded-sm flex items-center justify-center bg-token-main-surface-primary text-token-text-primary h-8 w-8\">\n<div class=\"flex-shrink-0 flex flex-col relative items-end\">\n<div>\n<div class=\"pt-0\">\n<div class=\"gizmo-bot-avatar flex h-8 w-8 items-center justify-center overflow-hidden rounded-full\">\n<div class=\"relative p-1 rounded-sm flex items-center justify-center bg-token-main-surface-primary text-token-text-primary h-8 w-8\">\n<p>&nbsp;<\/p>\n<p><strong>H\u00e1ny szippant\u00e1st biztos\u00edt a Bang Box 32000?<\/strong><br \/>\nA Bang Box 32000 leny\u0171g\u00f6z\u0151 32 000 szippant\u00e1st k\u00edn\u00e1l, k\u00f6sz\u00f6nhet\u0151en k\u00e9t 26 ml-es e-liquid tart\u00e1ly\u00e1nak, amelyek hossz\u00fa t\u00e1v\u00fa el\u00e9gedetts\u00e9get ny\u00fajtanak a felhaszn\u00e1l\u00f3knak.<\/p>\n<p><strong>Meddig tart a n\u00e9pszer\u0171 Bang Box 32K eldobhat\u00f3 Vape toll?<\/strong><br \/>\nA Bang Box 32K \u00e9lettartama a haszn\u00e1lati szok\u00e1sokt\u00f3l f\u00fcgg. M\u00e9rs\u00e9kelt felhaszn\u00e1l\u00f3kn\u00e1l t\u00f6bb h\u00e9tig is eltarthat, \u00edgy kiv\u00e1l\u00f3 v\u00e1laszt\u00e1s hosszabb t\u00e1v\u00fa haszn\u00e1latra, gyakori csere n\u00e9lk\u00fcl.<\/p>\n<p><strong>Milyen n\u00e9pszer\u0171 \u00edzek vannak a Bang Vape 32000 Puffs eldobhat\u00f3 dobozban?<\/strong><br \/>\nN\u00e9h\u00e1ny n\u00e9pszer\u0171 \u00edz k\u00f6z\u00e9 tartoznak a gy\u00fcm\u00f6lcs\u00f6s kever\u00e9kek, mint p\u00e9ld\u00e1ul a Mang\u00f3 J\u00e9g, Lush Ice \u00e9s \u00c1fonya M\u00e1lna, valamint desszert ihlet\u00e9s\u0171 opci\u00f3k \u00e9s friss\u00edt\u0151 mentolos v\u00e1laszt\u00e9k. A v\u00e1ltozatos \u00edzv\u00e1laszt\u00e9k k\u00fcl\u00f6nf\u00e9le \u00edzl\u00e9seknek felel meg.<\/p>\n<p><strong>Meddig tart felt\u00f6lteni egy Bang Box 32K \u00fajrat\u00f6lthet\u0151 vape-et?<\/strong><br \/>\nA Bang Box 32K t\u00f6lt\u00e9se k\u00f6r\u00fclbel\u00fcl 1-2 \u00f3r\u00e1t vesz ig\u00e9nybe a Type-C t\u00f6lt\u0151port seg\u00edts\u00e9g\u00e9vel, megb\u00edzhat\u00f3 energi\u00e1t biztos\u00edtva megszak\u00edt\u00e1s n\u00e9lk\u00fcli vaping \u00e9lm\u00e9nyekhez.<\/p>\n<p><strong>Mennyi nikotin van egy Bang 32000 sz\u00edv\u00e1sos eldobhat\u00f3 vape-ben?<\/strong><br \/>\nA Bang 32000 lehet\u0151v\u00e9 teszi a nikotin szintek testreszab\u00e1s\u00e1t, opci\u00f3k k\u00f6z\u00f6tt szerepelnek az 0%, 2%, 3% \u00e9s 5%, \u00edgy k\u00fcl\u00f6nb\u00f6z\u0151 felhaszn\u00e1l\u00f3i preferenci\u00e1khoz is alkalmas.<\/p>\n<\/div>\n<\/div>\n<\/div>\n<\/div>\n<\/div>\n<\/div>\n<\/div>\n<\/div>\n<\/div>\n<\/div>\n<div class=\"group\/conversation-turn relative flex w-full min-w-0 flex-col agent-turn\">\n<div class=\"flex-col gap-1 md:gap-3\">\n<div class=\"flex max-w-full flex-col flex-grow\">\n<div class=\"min-h-8 text-message flex w-full flex-col items-end gap-2 whitespace-normal break-words [.text-message+&amp;]:mt-5\" dir=\"auto\" data-message-author-role=\"assistant\" data-message-id=\"a3dc01bd-23b0-4fd7-bb9a-7827522cefd8\" data-message-model-slug=\"gpt-4o\">\n<div class=\"flex w-full flex-col gap-1 empty:hidden first:pt-[3px]\"><\/div>\n<\/div>\n<\/div>\n<\/div>\n<\/div>\n<\/div>\n<\/div>\n<\/div>\n<\/div>\n<\/div>\n<\/div>\n<\/div>\n<\/div>\n<\/div>\n<\/div>\n<h3>A Sz\u00e1ll\u00edt\u00e1sr\u00f3l<\/h3>\n<div class=\"flex-shrink-0 flex flex-col relative items-end\">\n<div>\n<div class=\"pt-0\">\n<div class=\"gizmo-bot-avatar flex h-8 w-8 items-center justify-center overflow-hidden rounded-full\">\n<div><\/div>\n<div class=\"relative p-1 rounded-sm flex items-center justify-center bg-token-main-surface-primary text-token-text-primary h-8 w-8\"><strong>1. Milyen sz\u00e1ll\u00edt\u00e1si m\u00f3dokat haszn\u00e1lnak?<\/strong><\/div>\n<\/div>\n<\/div>\n<\/div>\n<\/div>\n<div class=\"group\/conversation-turn relative flex w-full min-w-0 flex-col agent-turn\">\n<div class=\"flex-col gap-1 md:gap-3\">\n<div class=\"flex max-w-full flex-col flex-grow\">\n<div class=\"min-h-[20px] text-message flex w-full flex-col items-end gap-2 whitespace-normal break-words [.text-message+&amp;]:mt-5 overflow-x-auto\" dir=\"auto\" data-message-author-role=\"assistant\" data-message-id=\"22f8283b-3233-46ff-89a5-c7a41b33abda\">\n<div class=\"flex w-full flex-col gap-1 empty:hidden first:pt-[3px]\">\n<div class=\"markdown prose w-full break-words dark:prose-invert light\">\n<p>Partnerei vagyunk a UPS, DHL, FedEx, DPD \u00e9s m\u00e1s vezet\u0151 fuvaroz\u00f3knak. A legjobb sz\u00e1ll\u00edt\u00e1si m\u00f3dot fogjuk kiv\u00e1lasztani a sz\u00e1ll\u00edt\u00e1si helysz\u00edne alapj\u00e1n, hogy a lehet\u0151 leggyorsabban megkapja a term\u00e9keit.<\/p>\n<\/div>\n<p><strong>2. Mennyi id\u0151 alatt \u00e9rkezik meg?<\/strong><\/p>\n<p>A csomagok \u00e1ltal\u00e1ban 10 munkanapon bel\u00fcl meg\u00e9rkeznek Magyarorsz\u00e1gra. Az eur\u00f3pai orsz\u00e1gokba t\u00f6rt\u00e9n\u0151 sz\u00e1ll\u00edt\u00e1s \u00e1ltal\u00e1ban 12-15 munkanapot vesz ig\u00e9nybe. Folyamatosan t\u00e1j\u00e9koztatjuk a sz\u00e1ll\u00edt\u00e1si st\u00e1tuszr\u00f3l.<\/p>\n<\/div>\n<\/div>\n<\/div>\n<\/div>\n<\/div>\n<p>&nbsp;<\/p>\n<p>Tal\u00e1lja meg a tov\u00e1bbi vape term\u00e9keket, amelyek tetszhetnek \u00d6nnek:<strong><em><a href=\"https:\/\/rmvapesale.com\/hu\/shop-2\/\">V\u00e1s\u00e1roljon most &gt;&gt;&gt;<\/a><\/em><\/strong><\/p>","protected":false},"excerpt":{"rendered":"<p>Bang kingdoms 32k Puffs kett\u0151s \u00edz\u0171 eldobhat\u00f3<br \/>\nBang Vape 32000 Puffs Nagykereskedelmi eldobhat\u00f3 vape<br \/>\nGy\u00e1ri nagykereskedelmi Bang 32000 Puff eldobhat\u00f3 vape<\/p>\n<p><img loading=\"lazy\" decoding=\"async\" class=\"size-full wp-image-2375\" src=\"https:\/\/rmvapesale.com\/wp-content\/uploads\/2024\/10\/image.png\" alt=\"Legjobb Eldobhat\u00f3 Vape\" width=\"229\" height=\"300\" \/><\/p>\n<h3><a href=\"https:\/\/wa.me\/8617776015835\"><span style=\"color: #ff0000\"><strong>WhatsApp: +86 17776015835<\/strong><\/span><\/a><\/h3>\n<p>&nbsp;<\/p>","protected":false},"featured_media":2821,"comment_status":"open","ping_status":"closed","template":"","meta":{"_uag_custom_page_level_css":"","_lmt_disableupdate":"no","_lmt_disable":"","site-sidebar-layout":"default","site-content-layout":"content-boxed-container","ast-site-content-layout":"normal-width-container","site-content-style":"boxed","site-sidebar-style":"unboxed","ast-global-header-display":"","ast-banner-title-visibility":"","ast-main-header-display":"","ast-hfb-above-header-display":"","ast-hfb-below-header-display":"","ast-hfb-mobile-header-display":"","site-post-title":"","ast-breadcrumbs-content":"","ast-featured-img":"","footer-sml-layout":"","theme-transparent-header-meta":"default","adv-header-id-meta":"","stick-header-meta":"","header-above-stick-meta":"","header-main-stick-meta":"","header-below-stick-meta":"","astra-migrate-meta-layouts":"set","ast-page-background-enabled":"default","ast-page-background-meta":{"desktop":{"background-color":"var(--ast-global-color-4)","background-image":"","background-repeat":"repeat","background-position":"center center","background-size":"auto","background-attachment":"scroll","background-type":"","background-media":"","overlay-type":"","overlay-color":"","overlay-opacity":"","overlay-gradient":""},"tablet":{"background-color":"","background-image":"","background-repeat":"repeat","background-position":"center center","background-size":"auto","background-attachment":"scroll","background-type":"","background-media":"","overlay-type":"","overlay-color":"","overlay-opacity":"","overlay-gradient":""},"mobile":{"background-color":"","background-image":"","background-repeat":"repeat","background-position":"center center","background-size":"auto","background-attachment":"scroll","background-type":"","background-media":"","overlay-type":"","overlay-color":"","overlay-opacity":"","overlay-gradient":""}},"ast-content-background-meta":{"desktop":{"background-color":"var(--ast-global-color-5)","background-image":"","background-repeat":"repeat","background-position":"center center","background-size":"auto","background-attachment":"scroll","background-type":"","background-media":"","overlay-type":"","overlay-color":"","overlay-opacity":"","overlay-gradient":""},"tablet":{"background-color":"var(--ast-global-color-5)","background-image":"","background-repeat":"repeat","background-position":"center center","background-size":"auto","background-attachment":"scroll","background-type":"","background-media":"","overlay-type":"","overlay-color":"","overlay-opacity":"","overlay-gradient":""},"mobile":{"background-color":"var(--ast-global-color-5)","background-image":"","background-repeat":"repeat","background-position":"center center","background-size":"auto","background-attachment":"scroll","background-type":"","background-media":"","overlay-type":"","overlay-color":"","overlay-opacity":"","overlay-gradient":""}},"_joinchat":[]},"product_brand":[],"product_cat":[15,25,123,26,28,135,27,137,30],"product_tag":[233,187,199],"class_list":{"0":"post-2820","1":"product","2":"type-product","3":"status-publish","4":"has-post-thumbnail","6":"product_cat-new-vape-this-week","7":"product_cat-germany-best-selling-vape","8":"product_cat-italy-wholesale-vape","9":"product_cat-netherlands-hot-sale-vape","10":"product_cat-poland-hot-sale-vape","11":"product_cat-spain-best-hot-sale-vape","12":"product_cat-fance-hot-sale-vape","13":"product_cat-rechargeable-vapes","14":"product_cat-minimum-order-quantity-50pcs","15":"product_tag-bang-32000","16":"product_tag-bang-box-vape","17":"product_tag-bang-vape","18":"desktop-align-left","19":"tablet-align-left","20":"mobile-align-left","22":"first","23":"instock","24":"sale","25":"shipping-taxable","26":"purchasable","27":"product-type-simple"},"uagb_featured_image_src":{"full":["https:\/\/rmvapesale.com\/wp-content\/uploads\/2024\/11\/Bang-32000-Puffs-Wholesale-Disposable-Vape.png",1126,1126,false],"thumbnail":["https:\/\/rmvapesale.com\/wp-content\/uploads\/2024\/11\/Bang-32000-Puffs-Wholesale-Disposable-Vape-150x150.png",150,150,true],"medium":["https:\/\/rmvapesale.com\/wp-content\/uploads\/2024\/11\/Bang-32000-Puffs-Wholesale-Disposable-Vape-300x300.png",300,300,true],"medium_large":["https:\/\/rmvapesale.com\/wp-content\/uploads\/2024\/11\/Bang-32000-Puffs-Wholesale-Disposable-Vape-768x768.png",768,768,true],"large":["https:\/\/rmvapesale.com\/wp-content\/uploads\/2024\/11\/Bang-32000-Puffs-Wholesale-Disposable-Vape-1024x1024.png",1024,1024,true],"1536x1536":["https:\/\/rmvapesale.com\/wp-content\/uploads\/2024\/11\/Bang-32000-Puffs-Wholesale-Disposable-Vape.png",1126,1126,false],"2048x2048":["https:\/\/rmvapesale.com\/wp-content\/uploads\/2024\/11\/Bang-32000-Puffs-Wholesale-Disposable-Vape.png",1126,1126,false],"trp-custom-language-flag":["https:\/\/rmvapesale.com\/wp-content\/uploads\/2024\/11\/Bang-32000-Puffs-Wholesale-Disposable-Vape.png",12,12,false],"woocommerce_thumbnail":["https:\/\/rmvapesale.com\/wp-content\/uploads\/2024\/11\/Bang-32000-Puffs-Wholesale-Disposable-Vape-300x300.png",300,300,true],"woocommerce_single":["https:\/\/rmvapesale.com\/wp-content\/uploads\/2024\/11\/Bang-32000-Puffs-Wholesale-Disposable-Vape-600x600.png",600,600,true],"woocommerce_gallery_thumbnail":["https:\/\/rmvapesale.com\/wp-content\/uploads\/2024\/11\/Bang-32000-Puffs-Wholesale-Disposable-Vape-100x100.png",100,100,true],"wcpr-photo-reviews":["https:\/\/rmvapesale.com\/wp-content\/uploads\/2024\/11\/Bang-32000-Puffs-Wholesale-Disposable-Vape.png",500,500,false]},"uagb_author_info":{"display_name":"AMY","author_link":"https:\/\/rmvapesale.com\/hu\/author\/"},"uagb_comment_info":0,"uagb_excerpt":"Bang kingdoms 32k Puffs dual flavors Disposable Bang Vape 32000 Puffs Wholesale Disposable Vape Factory Wholesale Bang 32000 Puff Vape Disposable WhatsApp: +86 17776015835 &nbsp;","_links":{"self":[{"href":"https:\/\/rmvapesale.com\/hu\/wp-json\/wp\/v2\/product\/2820","targetHints":{"allow":["GET"]}}],"collection":[{"href":"https:\/\/rmvapesale.com\/hu\/wp-json\/wp\/v2\/product"}],"about":[{"href":"https:\/\/rmvapesale.com\/hu\/wp-json\/wp\/v2\/types\/product"}],"replies":[{"embeddable":true,"href":"https:\/\/rmvapesale.com\/hu\/wp-json\/wp\/v2\/comments?post=2820"}],"wp:featuredmedia":[{"embeddable":true,"href":"https:\/\/rmvapesale.com\/hu\/wp-json\/wp\/v2\/media\/2821"}],"wp:attachment":[{"href":"https:\/\/rmvapesale.com\/hu\/wp-json\/wp\/v2\/media?parent=2820"}],"wp:term":[{"taxonomy":"product_brand","embeddable":true,"href":"https:\/\/rmvapesale.com\/hu\/wp-json\/wp\/v2\/product_brand?post=2820"},{"taxonomy":"product_cat","embeddable":true,"href":"https:\/\/rmvapesale.com\/hu\/wp-json\/wp\/v2\/product_cat?post=2820"},{"taxonomy":"product_tag","embeddable":true,"href":"https:\/\/rmvapesale.com\/hu\/wp-json\/wp\/v2\/product_tag?post=2820"}],"curies":[{"name":"wp","href":"https:\/\/api.w.org\/{rel}","templated":true}]}}