{"id":2884,"date":"2024-12-26T08:14:24","date_gmt":"2024-12-26T08:14:24","guid":{"rendered":"https:\/\/rmvapesale.com\/?post_type=product&#038;p=2884"},"modified":"2024-12-26T08:29:44","modified_gmt":"2024-12-26T08:29:44","slug":"vookbar-cyber-pro-30000-puffs-bluetooth-vape-2-low-nicotine-rechargeable-bulk-buy-wholesale-price","status":"publish","type":"product","link":"https:\/\/rmvapesale.com\/hu\/product\/vookbar-cyber-pro-30000-puffs-bluetooth-vape-2-low-nicotine-rechargeable-bulk-buy-wholesale-price\/","title":{"rendered":"Vookbar Cyber Pro 30000 Puffs Bluetooth Vape 2% Alacsony nikotintartalm\u00fa, \u00fajrat\u00f6lthet\u0151, \u00f6mlesztett v\u00e1s\u00e1rl\u00e1s, nagykereskedelmi \u00e1r"},"content":{"rendered":"<div class=\"B2VR9 CJHX3e\">\n<div class=\"wyccme\">\n<div class=\"flex-shrink-0 flex flex-col relative items-end\">\n<div class=\"pt-0\">\n<div class=\"gizmo-bot-avatar flex h-8 w-8 items-center justify-center overflow-hidden rounded-full\">\n<div class=\"relative p-1 rounded-sm flex items-center justify-center bg-token-main-surface-primary text-token-text-primary h-8 w-8\">\n<div class=\"flex-shrink-0 flex flex-col relative items-end\">\n<div class=\"pt-0\">\n<div class=\"gizmo-bot-avatar flex h-8 w-8 items-center justify-center overflow-hidden rounded-full\">\n<h1 class=\"relative p-1 rounded-sm flex items-center justify-center bg-token-main-surface-primary text-token-text-primary h-8 w-8\">Vookbar Cyber Pro 30000 Puffs Bluetooth Vape 2% Alacsony nikotintartalm\u00fa, \u00fajrat\u00f6lthet\u0151, \u00f6mlesztett v\u00e1s\u00e1rl\u00e1s, nagykereskedelmi \u00e1r<\/h1>\n<\/div>\n<\/div>\n<\/div>\n<\/div>\n<\/div>\n<\/div>\n<\/div>\n<div class=\"group\/conversation-turn relative flex w-full min-w-0 flex-col agent-turn\">\n<div class=\"flex-col gap-1 md:gap-3\">\n<div class=\"flex max-w-full flex-col flex-grow\">\n<div class=\"min-h-8 text-message flex w-full flex-col items-end gap-2 whitespace-normal break-words text-start [.text-message+&amp;]:mt-5\" dir=\"auto\" data-message-author-role=\"assistant\" data-message-id=\"80ece0c4-ead1-4ed9-a9f0-ddc22582b4f4\" data-message-model-slug=\"gpt-4o\">\n<div class=\"flex w-full flex-col gap-1 empty:hidden first:pt-[3px]\">\n<div class=\"markdown prose w-full break-words dark:prose-invert light\">\n<h3><\/h3>\n<\/div>\n<\/div>\n<\/div>\n<\/div>\n<\/div>\n<\/div>\n<div class=\"flex-shrink-0 flex flex-col relative items-end\">\n<div class=\"pt-0\">\n<div class=\"gizmo-bot-avatar flex h-8 w-8 items-center justify-center overflow-hidden rounded-full\">\n<div class=\"relative p-1 rounded-sm flex items-center justify-center bg-token-main-surface-primary text-token-text-primary h-8 w-8\">\n<p>A <strong>Vookbar Cyber Pro 30000 Puffs<\/strong> egy forradalmi egyszer haszn\u00e1latos vape, amely \u00f6tv\u00f6zi a fejlett technol\u00f3gi\u00e1t a eleg\u00e1ns kialak\u00edt\u00e1ssal, azok sz\u00e1m\u00e1ra tervezve, akik \u00e9rt\u00e9kelik a st\u00edlust \u00e9s a teljes\u00edtm\u00e9nyt. Legyen \u00d6n kezd\u0151 vagy tapasztalt rajong\u00f3, ez az eszk\u00f6z kiv\u00e9teles \u00e9lm\u00e9nyt ny\u00fajt.<\/p>\n<h4><strong>P\u00e1ratlan Pufi Kapacit\u00e1s<\/strong><\/h4>\n<p>Leny\u0171g\u00f6z\u0151 k\u00edn\u00e1latot ny\u00fajtva <strong>30 000 sz\u00edv\u00e1s<\/strong>, a Vookbar Cyber Pro hosszabb haszn\u00e1latot biztos\u00edt, megsz\u00fcntetve a gyakori cser\u00e9k kellemetlens\u00e9g\u00e9t. Egy <strong>22ml e-liquid kapacit\u00e1ssal<\/strong>, hossz\u00fa t\u00e1von \u00e9lvezheti az \u00edzeket an\u00e9lk\u00fcl, hogy folyamatosan t\u00f6ltenie kellene.<\/p>\n<h4><strong>Er\u0151teljes Akkumul\u00e1tor \u00e9s K\u00e9nyelmes T\u00f6lt\u00e9s<\/strong><\/h4>\n<p>Egy tart\u00f3s <strong>650mAh \u00fajrat\u00f6lthet\u0151 akkumul\u00e1torral<\/strong>-al felszerelve, ez a vape l\u00e9p\u00e9st tart az \u00e9letst\u00edlus\u00e1val. A <strong>Type-C gyorst\u00f6lt\u00e9ssel<\/strong> funkci\u00f3 lehet\u0151v\u00e9 teszi, hogy gyorsan felt\u00f6ltse az eszk\u00f6zt, \u00e9s gyorsan visszat\u00e9rjen a vapinghez.<\/p>\n<h4><strong>Gazdag \u00cdz \u00e9s Sima G\u0151z<\/strong><\/h4>\n<p>A <strong>k\u00e9t h\u00e1l\u00f3s tekercs rendszer<\/strong> fokozza mind az \u00edzt, mind a g\u0151zk\u00e9pz\u00e9st, s\u0171r\u0171, kiel\u00e9g\u00edt\u0151 felh\u0151ket eredm\u00e9nyez minden alkalommal. Az \u00e1ll\u00edthat\u00f3 l\u00e9g\u00e1raml\u00e1s lehet\u0151v\u00e9 teszi, hogy szem\u00e9lyre szabja a sz\u00edv\u00e1s er\u0151ss\u00e9g\u00e9t, biztos\u00edtva egy egyedi vaping \u00e9lm\u00e9nyt.<\/p>\n<h4><strong>Intuit\u00edv \u00c9rint\u0151k\u00e9perny\u0151s Technol\u00f3gia<\/strong><\/h4>\n<p>A <strong>2,1 h\u00fcvelykes \u00e9rint\u0151k\u00e9perny\u0151<\/strong> k\u00e9zbe adja az ir\u00e1ny\u00edt\u00e1st. K\u00f6nnyen nyomon k\u00f6vetheti az eszk\u00f6z be\u00e1ll\u00edt\u00e1sait, \u00e9s <strong>Bluetooth-kompatibilit\u00e1s<\/strong>, p\u00e1ros\u00edtsa a Wearinos alkalmaz\u00e1ssal a teljes testreszab\u00e1shoz\u2014\u00e1ll\u00edtsa be a be\u00e1ll\u00edt\u00e1sokat, szem\u00e9lyre szabott h\u00e1tt\u00e9rk\u00e9peket, \u00e9s ak\u00e1r t\u00e1voli szelfiket is k\u00e9sz\u00edthet.<\/p>\n<h4><strong>Multi-funkci\u00f3s \u00e9s biztons\u00e1gos<\/strong><\/h4>\n<p>A vapel\u00e9sen t\u00fal a Vookbar Cyber Pro tov\u00e1bbi funkci\u00f3kat k\u00edn\u00e1l, mint mini-j\u00e1t\u00e9kok \u00e9s k\u00f6z\u00f6ss\u00e9gi m\u00e9dia \u00e9rtes\u00edt\u00e9sek, z\u00f6kken\u0151mentesen be\u00e9p\u00fclve a mindennapokba. Olyan kialak\u00edt\u00e1ssal k\u00e9sz\u00fclt, mint <strong>gyermekz\u00e1r<\/strong> a tov\u00e1bbi biztons\u00e1g \u00e9rdek\u00e9ben, \u00edgy megb\u00edzhat\u00f3 v\u00e1laszt\u00e1s csal\u00e1dok sz\u00e1m\u00e1ra.<\/p>\n<h4><strong>Nikotin opci\u00f3k minden preferenci\u00e1hoz<\/strong><\/h4>\n<p>El\u00e9rhet\u0151 <strong>0%, 2%, 3% \u00e9s 5% nikotin er\u0151ss\u00e9g k\u00f6z\u00f6tt<\/strong>, a Vookbar Cyber Pro sz\u00e9les felhaszn\u00e1l\u00f3i k\u00f6rt c\u00e9loz meg, azokt\u00f3l, akik nikotinmentes lehet\u0151s\u00e9geket keresnek, eg\u00e9szen azokig, akik er\u0151sebb hat\u00e1st prefer\u00e1lnak.<\/p>\n<h3><strong>Emelje magasabb szintre vapel\u00e9si \u00e9lm\u00e9ny\u00e9t<\/strong><\/h3>\n<p>A <strong>Vookbar Cyber Pro 30000 Puffs<\/strong> nem csup\u00e1n egy eldobhat\u00f3 vape\u2014egy innovat\u00edv eszk\u00f6z, amelyet a modern vaperek sz\u00e1m\u00e1ra terveztek. A k\u00e9nyelem, technol\u00f3gia \u00e9s kiv\u00e1l\u00f3 teljes\u00edtm\u00e9ny \u00f6tv\u00f6z\u00e9s\u00e9vel a v\u00e9gs\u0151 v\u00e1laszt\u00e1s mind nagykereskedelmi v\u00e1s\u00e1rl\u00f3k, mind egy\u00e9ni felhaszn\u00e1l\u00f3k sz\u00e1m\u00e1ra.<\/p>\n<\/div>\n<\/div>\n<\/div>\n<\/div>\n<\/div>\n<\/div>\n<p><strong>L\u00e9pjen kapcsolatba Amyvel, hogy megkapja a helyes v\u00e1laszt \u00e9s a vape kupont!<\/strong><\/p>\n<p><img loading=\"lazy\" decoding=\"async\" class=\"size-full wp-image-1978\" src=\"https:\/\/rmvapesale.com\/wp-content\/uploads\/2024\/09\/Disposable-Vape-Wholesale.jpg\" alt=\"Eldobhat\u00f3 Vape Nagykereskedelem\" width=\"229\" height=\"300\" \/><\/p>\n<h3><a href=\"https:\/\/wa.me\/8617776015835\" target=\"_blank\" rel=\"noopener\"><span style=\"color: #ff0000\"><strong>WhatsApp: +86 17776015835<\/strong><\/span><\/a><\/h3>\n<p>&nbsp;<\/p>\n<p><strong style=\"font-size: 1.7em\">Vookbar Cyber Pro 30000 F\u0151bb jellemz\u0151k<\/strong><\/p>\n<p>Puff: 30 000 puff<br \/>\nE-liquid t\u00e9rfogat: 22ml<br \/>\nAkkumul\u00e1tor: 650mAh \u00fajrat\u00f6lthet\u0151 akkumul\u00e1tor<br \/>\nDupla H\u00e1l\u00f3s Tekercs<br \/>\nOkos \u00e9rint\u0151k\u00e9perny\u0151s vez\u00e9rl\u00e9s<br \/>\n\u00e9rtes\u00edt\u00e9sek, \u00e9s m\u00e9g sok m\u00e1s.<br \/>\nNikotin: 0%, 2%, 3%, \u00e9s 5%<\/p>\n<p><strong style=\"font-size: 1.7em\">Legn\u00e9pszer\u0171bb \u00edz a Vookbar Cyber Pro 30000-hez <\/strong><\/p>\n<p>Ez a Vookbar Cyber Pro 30000 \u00e9l\u00e9nk \u00edzv\u00e1laszt\u00e9kot k\u00edn\u00e1l, amely a gy\u00fcm\u00f6lcs\u00f6s klasszikusokt\u00f3l, mint <strong>\u0150szibarack Mang\u00f3<\/strong> \u00e9s <strong>Eper dinnye<\/strong> friss\u00edt\u0151 jeges kever\u00e9kekhez, mint p\u00e9ld\u00e1ul <strong>K\u00e9k M\u00e1lna J\u00e9g<\/strong> \u00e9s <strong>Dinnye j\u00e9g<\/strong>.<\/p>\n<p>1.K\u00e9k m\u00e1lna j\u00e9g\u00a0 <span style=\"color: #ff0000\"><strong>&gt;&gt;&gt;&gt; Felkapott!<\/strong><\/span><br \/>\n2.Barack j\u00e9g<br \/>\n3.Sz\u0151l\u0151 j\u00e9g<br \/>\n4.Eper g\u00f6r\u00f6gdinnye<br \/>\n5.Eper ban\u00e1n <span style=\"color: #ff0000\"><strong>&gt;&gt;&gt;&gt; Felkapott!<\/strong><\/span><br \/>\n6.Cseresznye g\u00f6r\u00f6gdinnye<br \/>\n7.G\u00f6r\u00f6gdinnye j\u00e9g<br \/>\n8.Barack mang\u00f3<br \/>\n9.Eper kivi<br \/>\n10.Feh\u00e9r eper j\u00e9g<br \/>\n11. Feh\u00e9r gumis j\u00e9g <span style=\"color: #ff0000\"><strong>&gt;&gt;&gt;&gt; Felkapott!<\/strong><\/span><br \/>\n12. Fagyasztott pinacolada<br \/>\n13. Agyonmen\u0151 fab <span style=\"color: #ff0000\"><strong>&gt;&gt;&gt;&gt; A legjobb !<\/strong><\/span><br \/>\n14. Mojito vegyes bogy\u00f3k<\/p>\n<h3><strong>Mi\u00e9rt v\u00e1lassza az Rmvapesale-t a Vookbar Cyber Pro 30000-hez? <\/strong><strong>V<\/strong><strong>ape Nagykeresked\u00e9s<\/strong><strong>?<\/strong><\/h3>\n<div class=\"flex-shrink-0 flex flex-col relative items-end\">\n<div class=\"pt-0\">\n<div class=\"gizmo-bot-avatar flex h-8 w-8 items-center justify-center overflow-hidden rounded-full\">\n<div class=\"relative p-1 rounded-sm flex items-center justify-center bg-token-main-surface-primary text-token-text-primary h-8 w-8\">\n<p>\u00dcdv\u00f6z\u00f6lj\u00fck a Rmvapesale-ben, az \u00d6n megb\u00edzhat\u00f3 vape \u00fczlet\u00e9ben, ahol pr\u00e9mium eldobhat\u00f3 vape-eket tal\u00e1l. T\u00f6bb mint 5 \u00e9ves szak\u00e9rtelemmel olyan n\u00e9pszer\u0171 eldobhat\u00f3 vape m\u00e1rk\u00e1kat k\u00edn\u00e1lunk, mint az Al Fakher, <a href=\"https:\/\/rmvapesale.com\/hu\/product-category\/bang-vapes\/\">Bang Vape<\/a>, Waspe, WGA Vape \u00e9s<a href=\"https:\/\/rmvapesale.com\/hu\/product-category\/randm-fumot-vape\/\"> RandM Vape<\/a>.<\/p>\n<p>K\u00edn\u00e1latunkban olyan n\u00e9pszer\u0171 vape-ek szerepelnek, mint a <a href=\"https:\/\/rmvapesale.com\/hu\/product\/randm-tornado-15000-puffs-vape-wholesale\/\">RandM Tornado 15000<\/a> \u00e9s \u00edzekben gazdag lehet\u0151s\u00e9gek, mint a Vapme 70000. Minden term\u00e9k a min\u0151s\u00e9gre, az \u00e9rt\u00e9kre \u00e9s a soksz\u00edn\u0171s\u00e9gre f\u00f3kusz\u00e1lva van kiv\u00e1lasztva, biztos\u00edtva, hogy megtal\u00e1lja a t\u00f6k\u00e9leteset az ig\u00e9nyeihez. Fedezze fel a kiv\u00e9teles szolg\u00e1ltat\u00e1st \u00e9s a top term\u00e9kek sz\u00e9les v\u00e1laszt\u00e9k\u00e1t az Rmvapesale-n\u00e1l.<\/p>\n<\/div>\n<figure id=\"attachment_2878\" aria-describedby=\"caption-attachment-2878\" style=\"width: 1000px\" class=\"wp-caption alignnone\"><img loading=\"lazy\" decoding=\"async\" class=\"wp-image-2878 size-full\" src=\"https:\/\/rmvapesale.com\/wp-content\/uploads\/2024\/12\/Bluetooth-Vape-Wholesale.jpg\" alt=\"Bluetooth Vape Nagykereskedelem\" width=\"1000\" height=\"1000\" srcset=\"https:\/\/rmvapesale.com\/wp-content\/uploads\/2024\/12\/Bluetooth-Vape-Wholesale.jpg 1000w, https:\/\/rmvapesale.com\/wp-content\/uploads\/2024\/12\/Bluetooth-Vape-Wholesale-300x300.jpg 300w, https:\/\/rmvapesale.com\/wp-content\/uploads\/2024\/12\/Bluetooth-Vape-Wholesale-150x150.jpg 150w, https:\/\/rmvapesale.com\/wp-content\/uploads\/2024\/12\/Bluetooth-Vape-Wholesale-768x768.jpg 768w, https:\/\/rmvapesale.com\/wp-content\/uploads\/2024\/12\/Bluetooth-Vape-Wholesale-600x600.jpg 600w, https:\/\/rmvapesale.com\/wp-content\/uploads\/2024\/12\/Bluetooth-Vape-Wholesale-100x100.jpg 100w\" sizes=\"auto, (max-width: 1000px) 100vw, 1000px\" \/><figcaption id=\"caption-attachment-2878\" class=\"wp-caption-text\">Bluetooth Vape Nagykereskedelem<\/figcaption><\/figure>\n<div class=\"relative p-1 rounded-sm flex items-center justify-center bg-token-main-surface-primary text-token-text-primary h-8 w-8\">\n<h3><b> GYIK a Vookbar Cyber Pro 30k-hoz <\/b><b>\u00dajrat\u00f6lthet\u0151 eldobhat\u00f3 vape<\/b><\/h3>\n<div class=\"group\/conversation-turn relative flex w-full min-w-0 flex-col agent-turn\">\n<div class=\"flex-col gap-1 md:gap-3\">\n<div class=\"flex max-w-full flex-col flex-grow\">\n<div class=\"min-h-8 text-message flex w-full flex-col items-end gap-2 whitespace-normal break-words [.text-message+&amp;]:mt-5\" dir=\"auto\" data-message-author-role=\"assistant\" data-message-id=\"00c9b302-bc9c-4550-94ba-5a295efa2be3\" data-message-model-slug=\"gpt-4o\">\n<div class=\"flex w-full flex-col gap-1 empty:hidden first:pt-[3px]\">\n<div class=\"markdown prose w-full break-words dark:prose-invert light\">\n<div class=\"group\/conversation-turn relative flex w-full min-w-0 flex-col agent-turn\">\n<div class=\"flex-col gap-1 md:gap-3\">\n<div class=\"flex max-w-full flex-col flex-grow\">\n<div class=\"min-h-8 text-message flex w-full flex-col items-end gap-2 whitespace-normal break-words [.text-message+&amp;]:mt-5\" dir=\"auto\" data-message-author-role=\"assistant\" data-message-id=\"a3dc01bd-23b0-4fd7-bb9a-7827522cefd8\" data-message-model-slug=\"gpt-4o\">\n<div class=\"flex w-full flex-col gap-1 empty:hidden first:pt-[3px]\">\n<div class=\"flex max-w-full flex-col flex-grow\">\n<div class=\"min-h-8 text-message flex w-full flex-col items-end gap-2 whitespace-normal break-words text-start [.text-message+&amp;]:mt-5\" dir=\"auto\" data-message-author-role=\"assistant\" data-message-id=\"c0465b59-d7ac-4705-be53-31711ce42a0f\" data-message-model-slug=\"gpt-4o\">\n<div class=\"flex w-full flex-col gap-1 empty:hidden first:pt-[3px]\">\n<div class=\"markdown prose w-full break-words dark:prose-invert light\">\n<ol>\n<li><strong>Mi teszi egyediv\u00e9 a Vookbar Cyber Pro 30000 puff-ot?<\/strong><br \/>\nA Vookbar Cyber Pro leny\u0171g\u00f6z\u0151 tulajdons\u00e1gokat k\u00edn\u00e1l <strong>30 000 puff kapacit\u00e1s<\/strong>, egy <strong>2,1 h\u00fcvelykes \u00e9rint\u0151k\u00e9perny\u0151<\/strong>, \u00e9s fejlett Bluetooth kapcsolatot, \u00edgy t\u00f6bbfunkci\u00f3s vaporiz\u00e1l\u00f3 eszk\u00f6zz\u00e9 t\u00e9ve.<\/li>\n<li><strong>Hogyan n\u00f6veli a \u00e9rint\u0151k\u00e9perny\u0151 a vaporiz\u00e1l\u00e1si \u00e9lm\u00e9nyt?<\/strong><br \/>\nA <strong>\u00e9rint\u0151k\u00e9perny\u0151<\/strong> lehet\u0151v\u00e9 teszi az intuit\u00edv navig\u00e1ci\u00f3t olyan funkci\u00f3k k\u00f6z\u00f6tt, mint az akkumul\u00e1tor \u00e1llapota, az e-liquid szintek \u00e9s a testreszabhat\u00f3 be\u00e1ll\u00edt\u00e1sok a Wearinos alkalmaz\u00e1son kereszt\u00fcl, bele\u00e9rtve a h\u00e1tt\u00e9rk\u00e9p szem\u00e9lyre szab\u00e1s\u00e1t \u00e9s a t\u00e1voli szelfi m\u00f3dot.<\/li>\n<li><strong>Milyen nikotinszintek \u00e9rhet\u0151k el a Vookbar 30000-hez?<\/strong><br \/>\nEz az eszk\u00f6z k\u00fcl\u00f6nb\u00f6z\u0151 preferenci\u00e1khoz igazodik <strong>0%, 2%, 3% \u00e9s 5% nikotin opci\u00f3kkal<\/strong>, \u00edgy alkalmas mind alkalmi felhaszn\u00e1l\u00f3k, mind tapasztalt vaperek sz\u00e1m\u00e1ra.<\/li>\n<li><strong>Hogyan t\u00f6lthetem \u00fajra a Vookbar Cyber Pro 30000-et?<\/strong><br \/>\nA Vookbar Cyber Pro egy <strong>650mAh \u00fajrat\u00f6lthet\u0151 akkumul\u00e1torral<\/strong> \u00e9s tartalmaz egyet <strong>Type-C t\u00f6lt\u0151port<\/strong> gyors \u00e9s hat\u00e9kony t\u00f6lt\u00e9shez.<\/li>\n<li><strong>Tartalmazza-e a Vookbar Cyber Pro 30k biztons\u00e1gi funkci\u00f3kat?<\/strong><br \/>\nIgen, tartalmaz egy <strong>gyermekz\u00e1r<\/strong> funkci\u00f3 a biztons\u00e1g \u00e9s nyugalom \u00e9rdek\u00e9ben, k\u00fcl\u00f6n\u00f6sen gyermekes h\u00e1ztart\u00e1sokban.<\/li>\n<\/ol>\n<\/div>\n<\/div>\n<\/div>\n<\/div>\n<div class=\"mb-2 flex gap-3 empty:hidden -ml-2\"><\/div>\n<\/div>\n<\/div>\n<\/div>\n<\/div>\n<\/div>\n<\/div>\n<\/div>\n<\/div>\n<\/div>\n<\/div>\n<\/div>\n<\/div>\n<\/div>\n<\/div>\n<\/div>\n<h3>A Sz\u00e1ll\u00edt\u00e1sr\u00f3l<\/h3>\n<div class=\"flex-shrink-0 flex flex-col relative items-end\">\n<div>\n<div class=\"pt-0\">\n<div class=\"gizmo-bot-avatar flex h-8 w-8 items-center justify-center overflow-hidden rounded-full\">\n<div><\/div>\n<div class=\"relative p-1 rounded-sm flex items-center justify-center bg-token-main-surface-primary text-token-text-primary h-8 w-8\"><strong>1. Milyen sz\u00e1ll\u00edt\u00e1si m\u00f3dokat haszn\u00e1lnak?<\/strong><\/div>\n<\/div>\n<\/div>\n<\/div>\n<\/div>\n<div class=\"group\/conversation-turn relative flex w-full min-w-0 flex-col agent-turn\">\n<div class=\"flex-col gap-1 md:gap-3\">\n<div class=\"flex max-w-full flex-col flex-grow\">\n<div class=\"min-h-[20px] text-message flex w-full flex-col items-end gap-2 whitespace-normal break-words [.text-message+&amp;]:mt-5 overflow-x-auto\" dir=\"auto\" data-message-author-role=\"assistant\" data-message-id=\"22f8283b-3233-46ff-89a5-c7a41b33abda\">\n<div class=\"flex w-full flex-col gap-1 empty:hidden first:pt-[3px]\">\n<div class=\"markdown prose w-full break-words dark:prose-invert light\">\n<p>Partnerei vagyunk a UPS, DHL, FedEx, DPD \u00e9s m\u00e1s vezet\u0151 fuvaroz\u00f3knak. A legjobb sz\u00e1ll\u00edt\u00e1si m\u00f3dot fogjuk kiv\u00e1lasztani a sz\u00e1ll\u00edt\u00e1si helysz\u00edne alapj\u00e1n, hogy a lehet\u0151 leggyorsabban megkapja a term\u00e9keit.<\/p>\n<\/div>\n<p><strong>2. Mennyi id\u0151 alatt \u00e9rkezik meg?<\/strong><\/p>\n<p>A csomagok \u00e1ltal\u00e1ban 10 munkanapon bel\u00fcl meg\u00e9rkeznek Magyarorsz\u00e1gra. Az eur\u00f3pai orsz\u00e1gokba t\u00f6rt\u00e9n\u0151 sz\u00e1ll\u00edt\u00e1s \u00e1ltal\u00e1ban 12-15 munkanapot vesz ig\u00e9nybe. Folyamatosan t\u00e1j\u00e9koztatjuk a sz\u00e1ll\u00edt\u00e1si st\u00e1tuszr\u00f3l.<\/p>\n<\/div>\n<\/div>\n<\/div>\n<\/div>\n<\/div>\n<p>&nbsp;<\/p>\n<p>Tal\u00e1lja meg a tov\u00e1bbi vape term\u00e9keket, amelyek tetszhetnek \u00d6nnek:<strong><em><a href=\"https:\/\/rmvapesale.com\/hu\/shop-2\/\">V\u00e1s\u00e1roljon most &gt;&gt;&gt;<\/a><\/em><\/strong><\/p>","protected":false},"excerpt":{"rendered":"<p>Vookbar Cyber Pro 30000 Puffs Egyszer haszn\u00e1latos Vape Nagykeresked\u00e9s<br \/>\nVookbar Cyber Pro 30k \u00dajrat\u00f6lthet\u0151 Egyszer haszn\u00e1latos Vape Nagykereskedelmi \u00c1r<br \/>\nNagykereskedelmi Elad\u00e1s Egyszer haszn\u00e1latos Vape Toll Vookbar Cyber Pro 30000 Olcs\u00f3 \u00c1r<\/p>\n<p><strong>L\u00e9pjen kapcsolatba Amyvel, hogy megkapja a helyes v\u00e1laszt \u00e9s a vape kupont!<\/strong><\/p>\n<p><img loading=\"lazy\" decoding=\"async\" class=\"size-full wp-image-2375\" src=\"https:\/\/rmvapesale.com\/wp-content\/uploads\/2024\/10\/image.png\" alt=\"Legjobb Eldobhat\u00f3 Vape\" width=\"229\" height=\"300\" \/><\/p>\n<h3><a href=\"https:\/\/wa.me\/8617776015835\"><span style=\"color: #ff0000\"><strong>WhatsApp: +86 17776015835<\/strong><\/span><\/a><\/h3>\n<p>&nbsp;<\/p>","protected":false},"featured_media":2880,"comment_status":"open","ping_status":"closed","template":"","meta":{"_uag_custom_page_level_css":"","_lmt_disableupdate":"no","_lmt_disable":"","site-sidebar-layout":"default","site-content-layout":"content-boxed-container","ast-site-content-layout":"normal-width-container","site-content-style":"boxed","site-sidebar-style":"unboxed","ast-global-header-display":"","ast-banner-title-visibility":"","ast-main-header-display":"","ast-hfb-above-header-display":"","ast-hfb-below-header-display":"","ast-hfb-mobile-header-display":"","site-post-title":"","ast-breadcrumbs-content":"","ast-featured-img":"","footer-sml-layout":"","ast-disable-related-posts":"","theme-transparent-header-meta":"default","adv-header-id-meta":"","stick-header-meta":"","header-above-stick-meta":"","header-main-stick-meta":"","header-below-stick-meta":"","astra-migrate-meta-layouts":"set","ast-page-background-enabled":"default","ast-page-background-meta":{"desktop":{"background-color":"var(--ast-global-color-4)","background-image":"","background-repeat":"repeat","background-position":"center center","background-size":"auto","background-attachment":"scroll","background-type":"","background-media":"","overlay-type":"","overlay-color":"","overlay-opacity":"","overlay-gradient":""},"tablet":{"background-color":"","background-image":"","background-repeat":"repeat","background-position":"center center","background-size":"auto","background-attachment":"scroll","background-type":"","background-media":"","overlay-type":"","overlay-color":"","overlay-opacity":"","overlay-gradient":""},"mobile":{"background-color":"","background-image":"","background-repeat":"repeat","background-position":"center center","background-size":"auto","background-attachment":"scroll","background-type":"","background-media":"","overlay-type":"","overlay-color":"","overlay-opacity":"","overlay-gradient":""}},"ast-content-background-meta":{"desktop":{"background-color":"var(--ast-global-color-5)","background-image":"","background-repeat":"repeat","background-position":"center center","background-size":"auto","background-attachment":"scroll","background-type":"","background-media":"","overlay-type":"","overlay-color":"","overlay-opacity":"","overlay-gradient":""},"tablet":{"background-color":"var(--ast-global-color-5)","background-image":"","background-repeat":"repeat","background-position":"center center","background-size":"auto","background-attachment":"scroll","background-type":"","background-media":"","overlay-type":"","overlay-color":"","overlay-opacity":"","overlay-gradient":""},"mobile":{"background-color":"var(--ast-global-color-5)","background-image":"","background-repeat":"repeat","background-position":"center center","background-size":"auto","background-attachment":"scroll","background-type":"","background-media":"","overlay-type":"","overlay-color":"","overlay-opacity":"","overlay-gradient":""}},"_joinchat":[]},"product_brand":[],"product_cat":[15,27,25,123,30,26,28,137,136,135],"product_tag":[146,131,40,111,250,249],"class_list":{"0":"post-2884","1":"product","2":"type-product","3":"status-publish","4":"has-post-thumbnail","6":"product_cat-new-vape-this-week","7":"product_cat-fance-hot-sale-vape","8":"product_cat-germany-best-selling-vape","9":"product_cat-italy-wholesale-vape","10":"product_cat-minimum-order-quantity-50pcs","11":"product_cat-netherlands-hot-sale-vape","12":"product_cat-poland-hot-sale-vape","13":"product_cat-rechargeable-vapes","14":"product_cat-smart-screen-vapes","15":"product_cat-spain-best-hot-sale-vape","16":"product_tag-best-hot-sale-vape","17":"product_tag-big-puff-vape","18":"product_tag-hot-sale-vape","19":"product_tag-low-nicotine-disposable-vape","20":"product_tag-vookbar-30000","21":"product_tag-vookbar-cyber-pro-30000","22":"desktop-align-left","23":"tablet-align-left","24":"mobile-align-left","26":"first","27":"instock","28":"sale","29":"shipping-taxable","30":"purchasable","31":"product-type-simple"},"uagb_featured_image_src":{"full":["https:\/\/rmvapesale.com\/wp-content\/uploads\/2024\/12\/Vookbar-Cyber-\u200b\u200bPro-30000-Bluetooth-Vape-Bulk-Buy.jpg",1000,1000,false],"thumbnail":["https:\/\/rmvapesale.com\/wp-content\/uploads\/2024\/12\/Vookbar-Cyber-\u200b\u200bPro-30000-Bluetooth-Vape-Bulk-Buy-150x150.jpg",150,150,true],"medium":["https:\/\/rmvapesale.com\/wp-content\/uploads\/2024\/12\/Vookbar-Cyber-\u200b\u200bPro-30000-Bluetooth-Vape-Bulk-Buy-300x300.jpg",300,300,true],"medium_large":["https:\/\/rmvapesale.com\/wp-content\/uploads\/2024\/12\/Vookbar-Cyber-\u200b\u200bPro-30000-Bluetooth-Vape-Bulk-Buy-768x768.jpg",768,768,true],"large":["https:\/\/rmvapesale.com\/wp-content\/uploads\/2024\/12\/Vookbar-Cyber-\u200b\u200bPro-30000-Bluetooth-Vape-Bulk-Buy.jpg",1000,1000,false],"1536x1536":["https:\/\/rmvapesale.com\/wp-content\/uploads\/2024\/12\/Vookbar-Cyber-\u200b\u200bPro-30000-Bluetooth-Vape-Bulk-Buy.jpg",1000,1000,false],"2048x2048":["https:\/\/rmvapesale.com\/wp-content\/uploads\/2024\/12\/Vookbar-Cyber-\u200b\u200bPro-30000-Bluetooth-Vape-Bulk-Buy.jpg",1000,1000,false],"trp-custom-language-flag":["https:\/\/rmvapesale.com\/wp-content\/uploads\/2024\/12\/Vookbar-Cyber-\u200b\u200bPro-30000-Bluetooth-Vape-Bulk-Buy.jpg",12,12,false],"woocommerce_thumbnail":["https:\/\/rmvapesale.com\/wp-content\/uploads\/2024\/12\/Vookbar-Cyber-\u200b\u200bPro-30000-Bluetooth-Vape-Bulk-Buy-300x300.jpg",300,300,true],"woocommerce_single":["https:\/\/rmvapesale.com\/wp-content\/uploads\/2024\/12\/Vookbar-Cyber-\u200b\u200bPro-30000-Bluetooth-Vape-Bulk-Buy-600x600.jpg",600,600,true],"woocommerce_gallery_thumbnail":["https:\/\/rmvapesale.com\/wp-content\/uploads\/2024\/12\/Vookbar-Cyber-\u200b\u200bPro-30000-Bluetooth-Vape-Bulk-Buy-100x100.jpg",100,100,true],"wcpr-photo-reviews":["https:\/\/rmvapesale.com\/wp-content\/uploads\/2024\/12\/Vookbar-Cyber-\u200b\u200bPro-30000-Bluetooth-Vape-Bulk-Buy.jpg",500,500,false]},"uagb_author_info":{"display_name":"AMY","author_link":"https:\/\/rmvapesale.com\/hu\/author\/"},"uagb_comment_info":0,"uagb_excerpt":"Vookbar Cyber Pro 30000 Puffs Disposable Vape Wholesale Vookbar Cyber Pro 30k Rechargeable Disposable Vape Wholesale Price Hot Sell Disposable Vape Pen Vookbar Cyber Pro 30000 Bulk Buy Cheap Price Contact Amy to get right reply and vape coupon! WhatsApp: +86 17776015835 &nbsp;","_links":{"self":[{"href":"https:\/\/rmvapesale.com\/hu\/wp-json\/wp\/v2\/product\/2884","targetHints":{"allow":["GET"]}}],"collection":[{"href":"https:\/\/rmvapesale.com\/hu\/wp-json\/wp\/v2\/product"}],"about":[{"href":"https:\/\/rmvapesale.com\/hu\/wp-json\/wp\/v2\/types\/product"}],"replies":[{"embeddable":true,"href":"https:\/\/rmvapesale.com\/hu\/wp-json\/wp\/v2\/comments?post=2884"}],"wp:featuredmedia":[{"embeddable":true,"href":"https:\/\/rmvapesale.com\/hu\/wp-json\/wp\/v2\/media\/2880"}],"wp:attachment":[{"href":"https:\/\/rmvapesale.com\/hu\/wp-json\/wp\/v2\/media?parent=2884"}],"wp:term":[{"taxonomy":"product_brand","embeddable":true,"href":"https:\/\/rmvapesale.com\/hu\/wp-json\/wp\/v2\/product_brand?post=2884"},{"taxonomy":"product_cat","embeddable":true,"href":"https:\/\/rmvapesale.com\/hu\/wp-json\/wp\/v2\/product_cat?post=2884"},{"taxonomy":"product_tag","embeddable":true,"href":"https:\/\/rmvapesale.com\/hu\/wp-json\/wp\/v2\/product_tag?post=2884"}],"curies":[{"name":"wp","href":"https:\/\/api.w.org\/{rel}","templated":true}]}}