{"id":2892,"date":"2024-12-28T07:33:48","date_gmt":"2024-12-28T07:33:48","guid":{"rendered":"https:\/\/rmvapesale.com\/?post_type=product&#038;p=2892"},"modified":"2024-12-28T08:06:28","modified_gmt":"2024-12-28T08:06:28","slug":"puff-40k-bang-refillable-disposable-vape-with-digital-display-bulk-buy-price","status":"publish","type":"product","link":"https:\/\/rmvapesale.com\/hu\/product\/puff-40k-bang-refillable-disposable-vape-with-digital-display-bulk-buy-price\/","title":{"rendered":"PUFF 40K Bang \u00dajrat\u00f6lthet\u0151 Eldobhat\u00f3 Vape Digit\u00e1lis Kijelz\u0151vel Nagyker \u00c1r"},"content":{"rendered":"<div class=\"B2VR9 CJHX3e\">\n<div class=\"wyccme\">\n<div class=\"flex-shrink-0 flex flex-col relative items-end\">\n<div class=\"pt-0\">\n<div class=\"gizmo-bot-avatar flex h-8 w-8 items-center justify-center overflow-hidden rounded-full\">\n<div class=\"relative p-1 rounded-sm flex items-center justify-center bg-token-main-surface-primary text-token-text-primary h-8 w-8\">\n<div class=\"flex-shrink-0 flex flex-col relative items-end\">\n<div class=\"pt-0\">\n<div class=\"gizmo-bot-avatar flex h-8 w-8 items-center justify-center overflow-hidden rounded-full\">\n<h1 class=\"relative p-1 rounded-sm flex items-center justify-center bg-token-main-surface-primary text-token-text-primary h-8 w-8\">PUFF 40K Bang \u00dajrat\u00f6lthet\u0151 Eldobhat\u00f3 Vape Digit\u00e1lis Kijelz\u0151vel Nagyker \u00c1r<\/h1>\n<\/div>\n<\/div>\n<\/div>\n<\/div>\n<\/div>\n<\/div>\n<\/div>\n<div class=\"group\/conversation-turn relative flex w-full min-w-0 flex-col agent-turn\">\n<div class=\"flex-col gap-1 md:gap-3\">\n<div class=\"flex max-w-full flex-col flex-grow\">\n<div class=\"min-h-8 text-message flex w-full flex-col items-end gap-2 whitespace-normal break-words text-start [.text-message+&amp;]:mt-5\" dir=\"auto\" data-message-author-role=\"assistant\" data-message-id=\"80ece0c4-ead1-4ed9-a9f0-ddc22582b4f4\" data-message-model-slug=\"gpt-4o\">\n<div class=\"flex w-full flex-col gap-1 empty:hidden first:pt-[3px]\">\n<div class=\"markdown prose w-full break-words dark:prose-invert light\">\n<h3><\/h3>\n<\/div>\n<\/div>\n<\/div>\n<\/div>\n<\/div>\n<\/div>\n<div class=\"flex-shrink-0 flex flex-col relative items-end\">\n<div class=\"pt-0\">\n<div class=\"gizmo-bot-avatar flex h-8 w-8 items-center justify-center overflow-hidden rounded-full\">\n<div class=\"relative p-1 rounded-sm flex items-center justify-center bg-token-main-surface-primary text-token-text-primary h-8 w-8\">\n<p>A <strong>Bang 40K Puff \u00dajrat\u00f6lthet\u0151 Egyszer haszn\u00e1latos Vape<\/strong> k\u00e9nyelmet, testreszabhat\u00f3s\u00e1got \u00e9s k\u00f6lts\u00e9ghat\u00e9konys\u00e1got \u00faj szintre emel! Olyan felhaszn\u00e1l\u00f3knak tervezt\u00e9k, akik magas kapacit\u00e1st \u00e9s rugalmass\u00e1got ig\u00e9nyelnek, ez <strong>nyitott \u00fajrat\u00f6lthet\u0151 vape<\/strong> t\u00f6k\u00e9letes \u00ednyenceknek \u00e9s k\u00f6rnyezettudatos vapereknek egyar\u00e1nt.<\/p>\n<h3>Mi\u00e9rt v\u00e1lassza a Bang 40K-t?<\/h3>\n<h4><strong>\u00d3ri\u00e1si Puffsz\u00e1m<\/strong><\/h4>\n<p>Tapasztalja meg ak\u00e1r <strong>40 000 slukk<\/strong>, amely verhetetlen hossz\u00fas\u00e1got biztos\u00edt azoknak a vapereknek, akik azt akarj\u00e1k, hogy k\u00e9sz\u00fcl\u00e9k\u00fck hossz\u00fa t\u00e1von m\u0171k\u00f6dj\u00f6n folyamatos cser\u00e9k n\u00e9lk\u00fcl.<\/p>\n<h4><strong>Nyitott \u00fajrat\u00f6lthet\u0151 kialak\u00edt\u00e1s<\/strong><\/h4>\n<p>Mondjon b\u00facs\u00fat az el\u0151re t\u00f6lt\u00f6tt korl\u00e1toknak! A <strong>Bang 40K<\/strong> lehet\u0151v\u00e9 teszi, hogy kedvenc e-liquideit haszn\u00e1lja, v\u00e9gtelen \u00edzk\u00edn\u00e1latot k\u00edn\u00e1lva.<\/p>\n<h4><strong>Dupla H\u00e1l\u00f3s Tekercs Technol\u00f3gia<\/strong><\/h4>\n<p>\u00c9lvezze sim\u00e1bb, gazdagabb \u00e9s egys\u00e9gesebb \u00edzt a <strong>1.0 ohm h\u00e1l\u00f3s spir\u00e1l<\/strong>, amely a fokozott g\u0151zk\u00e9pz\u00e9st szolg\u00e1lja.<\/p>\n<h4><strong>Digit\u00e1lis kijelz\u0151<\/strong><\/h4>\n<p>K\u00f6vesd vape \u00e1llapot\u00e1t a <strong>okos digit\u00e1lis kijelz\u0151vel<\/strong>, amely alapvet\u0151 r\u00e9szleteket mutat, mint az akkumul\u00e1tor \u00e9lettartama, az e-liquid szintje \u00e9s a sz\u00edv\u00e1sok sz\u00e1ma.<\/p>\n<h4><strong>\u00c1ll\u00edthat\u00f3 l\u00e9g\u00e1raml\u00e1s \u00e9s teljes\u00edtm\u00e9ny m\u00f3dok<\/strong><\/h4>\n<p>Testreszabhatod vaping \u00e9lm\u00e9nyedet \u00e1ll\u00edthat\u00f3 l\u00e9g\u00e1raml\u00e1ssal \u00e9s <strong>k\u00e9t teljes\u00edtm\u00e9ny m\u00f3ddal<\/strong> (12W a norm\u00e1l haszn\u00e1lathoz vagy 24W a turbo boosthoz).<\/p>\n<h4><strong>K\u00f6rnyezetbar\u00e1t \u00e9s k\u00f6lts\u00e9ghat\u00e9kony<\/strong><\/h4>\n<p>Sp\u00f3rolj p\u00e9nzt \u00e9s cs\u00f6kkentsd a hullad\u00e9kot a <strong>ut\u00e1nt\u00f6lthet\u0151 kialak\u00edt\u00e1ssal<\/strong>\u2014egy okos v\u00e1laszt\u00e1s a k\u00f6rnyezet \u00e9s a p\u00e9nzt\u00e1rc\u00e1d sz\u00e1m\u00e1ra.<\/p>\n<\/div>\n<\/div>\n<\/div>\n<\/div>\n<\/div>\n<\/div>\n<p><strong>L\u00e9pjen kapcsolatba Amyvel, hogy megkapja a helyes v\u00e1laszt \u00e9s a vape kupont!<\/strong><\/p>\n<p><img loading=\"lazy\" decoding=\"async\" class=\"size-full wp-image-1978\" src=\"https:\/\/rmvapesale.com\/wp-content\/uploads\/2024\/09\/Disposable-Vape-Wholesale.jpg\" alt=\"Eldobhat\u00f3 Vape Nagykereskedelem\" width=\"229\" height=\"300\" \/><\/p>\n<h3><a href=\"https:\/\/wa.me\/8617776015835\" target=\"_blank\" rel=\"noopener\"><span style=\"color: #ff0000\"><strong>WhatsApp: +86 17776015835<\/strong><\/span><\/a><\/h3>\n<p>&nbsp;<\/p>\n<p><strong style=\"font-size: 1.7em\">Bang Vape 40000 Kulcsfontoss\u00e1g\u00fa Jellemz\u0151k<\/strong><\/p>\n<ul>\n<li><strong>40 000 Sz\u00edv\u00e1s<\/strong>: Hossz\u00fa \u00e9lettartam a hosszabb haszn\u00e1lathoz.<\/li>\n<li><strong>Ut\u00e1nt\u00f6lthet\u0151 kialak\u00edt\u00e1s<\/strong>: Haszn\u00e1ld kedvenc e-liquidedet a v\u00e9gtelen testreszab\u00e1shoz.<\/li>\n<li><strong>Dupla H\u00e1l\u00f3s Tekercs<\/strong>: Kiv\u00e1l\u00f3 \u00edz \u00e9s sima g\u0151zk\u00e9pz\u00e9s.<\/li>\n<li><strong>Digit\u00e1lis kijelz\u0151<\/strong>: K\u00f6vesd az akkumul\u00e1tor, sz\u00edv\u00e1sok \u00e9s e-liquid szinteket.<\/li>\n<li><strong>\u00c1ll\u00edthat\u00f3 teljes\u00edtm\u00e9ny m\u00f3dok<\/strong>: V\u00e1lts a norm\u00e1l (12W) \u00e9s a turbo (24W) k\u00f6z\u00f6tt.<\/li>\n<li><strong>Type-C T\u00f6lt\u00e9s<\/strong>: Gyors \u00fajrat\u00f6lt\u00e9s megszak\u00edt\u00e1s n\u00e9lk\u00fcli vapinghez.<\/li>\n<li><strong>Gyermekz\u00e1r funkci\u00f3<\/strong>: Tov\u00e1bbi biztons\u00e1g a nyugalom\u00e9rt.<\/li>\n<\/ul>\n<figure id=\"attachment_2887\" aria-describedby=\"caption-attachment-2887\" style=\"width: 1000px\" class=\"wp-caption alignnone\"><img loading=\"lazy\" decoding=\"async\" class=\"wp-image-2887 size-full\" src=\"https:\/\/rmvapesale.com\/wp-content\/uploads\/2024\/12\/Bang-40000-LED-Display-Disposable-Vape-Bulk-Buy.jpg\" alt=\"Bang 40000 LED kijelz\u0151s eldobhat\u00f3 vape nagykeresked\u00e9s\" width=\"1000\" height=\"1000\" srcset=\"https:\/\/rmvapesale.com\/wp-content\/uploads\/2024\/12\/Bang-40000-LED-Display-Disposable-Vape-Bulk-Buy.jpg 1000w, https:\/\/rmvapesale.com\/wp-content\/uploads\/2024\/12\/Bang-40000-LED-Display-Disposable-Vape-Bulk-Buy-300x300.jpg 300w, https:\/\/rmvapesale.com\/wp-content\/uploads\/2024\/12\/Bang-40000-LED-Display-Disposable-Vape-Bulk-Buy-150x150.jpg 150w, https:\/\/rmvapesale.com\/wp-content\/uploads\/2024\/12\/Bang-40000-LED-Display-Disposable-Vape-Bulk-Buy-768x768.jpg 768w, https:\/\/rmvapesale.com\/wp-content\/uploads\/2024\/12\/Bang-40000-LED-Display-Disposable-Vape-Bulk-Buy-600x600.jpg 600w, https:\/\/rmvapesale.com\/wp-content\/uploads\/2024\/12\/Bang-40000-LED-Display-Disposable-Vape-Bulk-Buy-100x100.jpg 100w\" sizes=\"auto, (max-width: 1000px) 100vw, 1000px\" \/><figcaption id=\"caption-attachment-2887\" class=\"wp-caption-text\">Bang 40000 LED kijelz\u0151s eldobhat\u00f3 vape nagykeresked\u00e9s<\/figcaption><\/figure>\n<p><strong style=\"font-size: 1.7em\">Legn\u00e9pszer\u0171bb \u00edz a PUFF 40K Bang \u00fajrat\u00f6lthet\u0151 eldobhat\u00f3 vape-hez<\/strong><\/p>\n<p>Ez a PUFF 40K Bang \u00fajrat\u00f6lthet\u0151 eldobhat\u00f3 vape \u00e9l\u00e9nk \u00edzkever\u00e9ket k\u00edn\u00e1l, amely a gy\u00fcm\u00f6lcs\u00f6s klasszikusokt\u00f3l, mint az Eper Mang\u00f3 \u00e9s Sz\u0151l\u0151 J\u00e9g, a friss\u00edt\u0151 jeges kever\u00e9kekig terjed, mint <strong>K\u00e9k M\u00e1lna J\u00e9g<\/strong> \u00e9s \u00c1fonya J\u00e9g. K\u00e9rj\u00fck, tal\u00e1lja meg a legn\u00e9pszer\u0171bb \u00edzt ehhez az \u00fajrat\u00f6lthet\u0151 eldobhat\u00f3 vape-hez \u00e9rt\u00e9kes\u00edt\u00e9si adataink \u00e9s v\u00e1s\u00e1rl\u00f3i visszajelz\u00e9seink szerint.<\/p>\n<p>1. G\u00f6r\u00f6gdinnye j\u00e9g <span style=\"color: #ff0000\"><strong>&gt;&gt;&gt;&gt; Felkapott!<\/strong><\/span><\/p>\n<p>2. Eper Mang\u00f3<\/p>\n<p>3. Eper g\u00f6r\u00f6gdinnye<\/p>\n<p>4.Sz\u0151l\u0151 j\u00e9g<\/p>\n<p>5. Barack Mang\u00f3 G\u00f6r\u00f6gdinnye<\/p>\n<p>6.\u00c1fonya m\u00e1lna <span style=\"color: #ff0000\"><strong>&gt;&gt;&gt;&gt; Felkapott!<\/strong><\/span><\/p>\n<p>7. \u00c1fonya J\u00e9g <span style=\"color: #ff0000\"><strong>&gt;&gt;&gt;&gt; A legjobb !<\/strong><\/span><\/p>\n<p>8. Eper Ban\u00e1n<\/p>\n<p>9.\u00c1fonya-Mel\u00f3n<\/p>\n<p>10.Piros Bika<\/p>\n<p>11.Eper Kiwi<\/p>\n<p>&nbsp;<\/p>\n<h3><strong>Mi\u00e9rt v\u00e1lassza az Rmvapesale-t a Bang 40K Puffhoz?\u00a0 <\/strong><strong>V<\/strong><strong>ape Nagykeresked\u00e9s<\/strong><strong>?<\/strong><\/h3>\n<div class=\"flex-shrink-0 flex flex-col relative items-end\">\n<div class=\"pt-0\">\n<div class=\"gizmo-bot-avatar flex h-8 w-8 items-center justify-center overflow-hidden rounded-full\">\n<div class=\"relative p-1 rounded-sm flex items-center justify-center bg-token-main-surface-primary text-token-text-primary h-8 w-8\">\n<p>\u00dcdv\u00f6z\u00f6lj\u00fck a Rmvapesale-ben, az \u00d6n megb\u00edzhat\u00f3 vape \u00fczlet\u00e9ben, ahol pr\u00e9mium eldobhat\u00f3 vape-eket tal\u00e1l. T\u00f6bb mint 5 \u00e9ves szak\u00e9rtelemmel olyan n\u00e9pszer\u0171 eldobhat\u00f3 vape m\u00e1rk\u00e1kat k\u00edn\u00e1lunk, mint az Al Fakher, <a href=\"https:\/\/rmvapesale.com\/hu\/product-category\/bang-vapes\/\">Bang Vape<\/a>, Waspe, WGA Vape \u00e9s<a href=\"https:\/\/rmvapesale.com\/hu\/product-category\/randm-fumot-vape\/\"> RandM Vape<\/a>.<\/p>\n<p>K\u00edn\u00e1latunkban olyan n\u00e9pszer\u0171 vape-ek szerepelnek, mint a <a href=\"https:\/\/rmvapesale.com\/hu\/product\/randm-tornado-15000-puffs-vape-wholesale\/\">RandM Tornado 15000<\/a> \u00e9s \u00edzekben gazdag lehet\u0151s\u00e9gek, mint a Vapme 70000. Minden term\u00e9k a min\u0151s\u00e9gre, az \u00e9rt\u00e9kre \u00e9s a soksz\u00edn\u0171s\u00e9gre f\u00f3kusz\u00e1lva van kiv\u00e1lasztva, biztos\u00edtva, hogy megtal\u00e1lja a t\u00f6k\u00e9leteset az ig\u00e9nyeihez. Fedezze fel a kiv\u00e9teles szolg\u00e1ltat\u00e1st \u00e9s a top term\u00e9kek sz\u00e9les v\u00e1laszt\u00e9k\u00e1t az Rmvapesale-n\u00e1l.<\/p>\n<p>&nbsp;<\/p>\n<p><b style=\"font-size: 1.5em;font-style: inherit\">GYIK a PUFF 40K Bang-hez <\/b><b style=\"font-size: 1.5em;font-style: inherit\">\u00dajrat\u00f6lthet\u0151 eldobhat\u00f3 vape<\/b><\/p>\n<\/div>\n<h3><\/h3>\n<ol>\n<li><strong>Hogyan t\u00f6lthetem \u00fajra a Bang 40K vape-et?<\/strong><br \/>\nEgyszer\u0171en nyissa ki a t\u00f6lcs\u00e9rny\u00edl\u00e1st, t\u00f6ltse meg kedvenc e-liquiddel, \u00e9s z\u00e1rja biztons\u00e1gosan\u2014nincs rendetlens\u00e9g, nincs baj!<\/li>\n<li><strong>Mi teszi a Bang 40K-t k\u00f6rnyezetbar\u00e1tt\u00e1?<\/strong><br \/>\nA <strong>ut\u00e1nt\u00f6lthet\u0151 kialak\u00edt\u00e1ssal<\/strong> cs\u00f6kkenti a hullad\u00e9kot, \u00edgy fenntarthat\u00f3bb v\u00e1laszt\u00e1s, mint a hagyom\u00e1nyos eldobhat\u00f3 vape-ek.<\/li>\n<li><strong>Be\u00e1ll\u00edthatom az er\u0151 kimenet\u00e9t?<\/strong><br \/>\nIgen! A k\u00e9sz\u00fcl\u00e9k rendelkezik <strong>k\u00e9t teljes\u00edtm\u00e9ny m\u00f3ddal<\/strong>\u201412W mindennapi haszn\u00e1latra \u00e9s 24W turbo vaping \u00e9lm\u00e9nyhez.<\/li>\n<li><strong>T\u00e1mogatja a nikotinmentes vapinget a Bang 40K?<\/strong><br \/>\nAbszol\u00fat! V\u00e1lassza ki e-liquidej\u00e9t <strong>0%, 2%, 3% vagy 5% nikotin<\/strong> egy szem\u00e9lyre szabott vaping \u00e9lm\u00e9ny\u00e9rt.<\/li>\n<li><strong>Hol v\u00e1s\u00e1rolhatom meg a Bang 40K-t nagykereskedelmi \u00e1ron?<\/strong><br \/>\nL\u00e1togasson el az Rmvaoesale oldalra<strong>\u00a0online vape bolt<\/strong> a legjobb <strong>nagykereskedelmi aj\u00e1nlatok\u00e9rt<\/strong> a <strong>Bang 40K \u00fajrat\u00f6lthet\u0151 eldobhat\u00f3 vape<\/strong>.<\/li>\n<\/ol>\n<\/div>\n<\/div>\n<\/div>\n<h3>A Sz\u00e1ll\u00edt\u00e1sr\u00f3l<\/h3>\n<div class=\"flex-shrink-0 flex flex-col relative items-end\">\n<div>\n<div class=\"pt-0\">\n<div class=\"gizmo-bot-avatar flex h-8 w-8 items-center justify-center overflow-hidden rounded-full\">\n<div><\/div>\n<div class=\"relative p-1 rounded-sm flex items-center justify-center bg-token-main-surface-primary text-token-text-primary h-8 w-8\"><strong>1. Milyen sz\u00e1ll\u00edt\u00e1si m\u00f3dokat haszn\u00e1lnak?<\/strong><\/div>\n<\/div>\n<\/div>\n<\/div>\n<\/div>\n<div class=\"group\/conversation-turn relative flex w-full min-w-0 flex-col agent-turn\">\n<div class=\"flex-col gap-1 md:gap-3\">\n<div class=\"flex max-w-full flex-col flex-grow\">\n<div class=\"min-h-[20px] text-message flex w-full flex-col items-end gap-2 whitespace-normal break-words [.text-message+&amp;]:mt-5 overflow-x-auto\" dir=\"auto\" data-message-author-role=\"assistant\" data-message-id=\"22f8283b-3233-46ff-89a5-c7a41b33abda\">\n<div class=\"flex w-full flex-col gap-1 empty:hidden first:pt-[3px]\">\n<div class=\"markdown prose w-full break-words dark:prose-invert light\">\n<p>Partnerei vagyunk a UPS, DHL, FedEx, DPD \u00e9s m\u00e1s vezet\u0151 fuvaroz\u00f3knak. A legjobb sz\u00e1ll\u00edt\u00e1si m\u00f3dot fogjuk kiv\u00e1lasztani a sz\u00e1ll\u00edt\u00e1si helysz\u00edne alapj\u00e1n, hogy a lehet\u0151 leggyorsabban megkapja a term\u00e9keit.<\/p>\n<\/div>\n<p><strong>2. Mennyi id\u0151 alatt \u00e9rkezik meg?<\/strong><\/p>\n<p>A csomagok \u00e1ltal\u00e1ban 10 munkanapon bel\u00fcl meg\u00e9rkeznek Magyarorsz\u00e1gra. Az eur\u00f3pai orsz\u00e1gokba t\u00f6rt\u00e9n\u0151 sz\u00e1ll\u00edt\u00e1s \u00e1ltal\u00e1ban 12-15 munkanapot vesz ig\u00e9nybe. Folyamatosan t\u00e1j\u00e9koztatjuk a sz\u00e1ll\u00edt\u00e1si st\u00e1tuszr\u00f3l.<\/p>\n<\/div>\n<\/div>\n<\/div>\n<\/div>\n<\/div>\n<p>&nbsp;<\/p>\n<p>Tal\u00e1lja meg a tov\u00e1bbi vape term\u00e9keket, amelyek tetszhetnek \u00d6nnek:<strong><em><a href=\"https:\/\/rmvapesale.com\/hu\/shop-2\/\">V\u00e1s\u00e1roljon most &gt;&gt;&gt;<\/a><\/em><\/strong><\/p>","protected":false},"excerpt":{"rendered":"<p>PUFF 40K Bang \u00dajrat\u00f6lthet\u0151 Egyszer haszn\u00e1latos Vape Nagybani<br \/>\n\u00dajrat\u00f6lthet\u0151 Egyszer haszn\u00e1latos Vape Bang 40000 Puff Nagybani \u00e1r<br \/>\nNagykereskedelmi elad\u00e1s\u00fa Egyszer haszn\u00e1latos Vape Toll PUFF 40K Bang Egyszer haszn\u00e1latos Vape Olcs\u00f3 \u00e1r<\/p>\n<p><strong>L\u00e9pjen kapcsolatba Amyvel, hogy megkapja a helyes v\u00e1laszt \u00e9s a vape kupont!<\/strong><\/p>\n<p><img loading=\"lazy\" decoding=\"async\" class=\"size-full wp-image-2375\" src=\"https:\/\/rmvapesale.com\/wp-content\/uploads\/2024\/10\/image.png\" alt=\"Legjobb Eldobhat\u00f3 Vape\" width=\"229\" height=\"300\" \/><\/p>\n<h3><a href=\"https:\/\/wa.me\/8617776015835\"><span style=\"color: #ff0000\"><strong>WhatsApp: +86 17776015835<\/strong><\/span><\/a><\/h3>\n<p>&nbsp;<\/p>","protected":false},"featured_media":2886,"comment_status":"open","ping_status":"closed","template":"","meta":{"_uag_custom_page_level_css":"","_lmt_disableupdate":"no","_lmt_disable":"","site-sidebar-layout":"default","site-content-layout":"content-boxed-container","ast-site-content-layout":"normal-width-container","site-content-style":"boxed","site-sidebar-style":"unboxed","ast-global-header-display":"","ast-banner-title-visibility":"","ast-main-header-display":"","ast-hfb-above-header-display":"","ast-hfb-below-header-display":"","ast-hfb-mobile-header-display":"","site-post-title":"","ast-breadcrumbs-content":"","ast-featured-img":"","footer-sml-layout":"","theme-transparent-header-meta":"default","adv-header-id-meta":"","stick-header-meta":"","header-above-stick-meta":"","header-main-stick-meta":"","header-below-stick-meta":"","astra-migrate-meta-layouts":"set","ast-page-background-enabled":"default","ast-page-background-meta":{"desktop":{"background-color":"var(--ast-global-color-4)","background-image":"","background-repeat":"repeat","background-position":"center center","background-size":"auto","background-attachment":"scroll","background-type":"","background-media":"","overlay-type":"","overlay-color":"","overlay-opacity":"","overlay-gradient":""},"tablet":{"background-color":"","background-image":"","background-repeat":"repeat","background-position":"center center","background-size":"auto","background-attachment":"scroll","background-type":"","background-media":"","overlay-type":"","overlay-color":"","overlay-opacity":"","overlay-gradient":""},"mobile":{"background-color":"","background-image":"","background-repeat":"repeat","background-position":"center center","background-size":"auto","background-attachment":"scroll","background-type":"","background-media":"","overlay-type":"","overlay-color":"","overlay-opacity":"","overlay-gradient":""}},"ast-content-background-meta":{"desktop":{"background-color":"var(--ast-global-color-5)","background-image":"","background-repeat":"repeat","background-position":"center center","background-size":"auto","background-attachment":"scroll","background-type":"","background-media":"","overlay-type":"","overlay-color":"","overlay-opacity":"","overlay-gradient":""},"tablet":{"background-color":"var(--ast-global-color-5)","background-image":"","background-repeat":"repeat","background-position":"center center","background-size":"auto","background-attachment":"scroll","background-type":"","background-media":"","overlay-type":"","overlay-color":"","overlay-opacity":"","overlay-gradient":""},"mobile":{"background-color":"var(--ast-global-color-5)","background-image":"","background-repeat":"repeat","background-position":"center center","background-size":"auto","background-attachment":"scroll","background-type":"","background-media":"","overlay-type":"","overlay-color":"","overlay-opacity":"","overlay-gradient":""}},"_joinchat":[]},"product_brand":[],"product_cat":[15,25,123,26,28,135,27,60,137,136,30],"product_tag":[199,146,131,40,111,251,252],"class_list":{"0":"post-2892","1":"product","2":"type-product","3":"status-publish","4":"has-post-thumbnail","6":"product_cat-new-vape-this-week","7":"product_cat-germany-best-selling-vape","8":"product_cat-italy-wholesale-vape","9":"product_cat-netherlands-hot-sale-vape","10":"product_cat-poland-hot-sale-vape","11":"product_cat-spain-best-hot-sale-vape","12":"product_cat-fance-hot-sale-vape","13":"product_cat-bang-vapes","14":"product_cat-rechargeable-vapes","15":"product_cat-smart-screen-vapes","16":"product_cat-minimum-order-quantity-50pcs","17":"product_tag-bang-vape","18":"product_tag-best-hot-sale-vape","19":"product_tag-big-puff-vape","20":"product_tag-hot-sale-vape","21":"product_tag-low-nicotine-disposable-vape","22":"product_tag-puff-40k","23":"product_tag-refillable-disposable-vape","24":"desktop-align-left","25":"tablet-align-left","26":"mobile-align-left","28":"first","29":"instock","30":"sale","31":"shipping-taxable","32":"purchasable","33":"product-type-simple"},"uagb_featured_image_src":{"full":["https:\/\/rmvapesale.com\/wp-content\/uploads\/2024\/12\/Bang-40k-Puffs-LED-Display-Disposable-Vape-Wholesale.jpg",1000,1000,false],"thumbnail":["https:\/\/rmvapesale.com\/wp-content\/uploads\/2024\/12\/Bang-40k-Puffs-LED-Display-Disposable-Vape-Wholesale-150x150.jpg",150,150,true],"medium":["https:\/\/rmvapesale.com\/wp-content\/uploads\/2024\/12\/Bang-40k-Puffs-LED-Display-Disposable-Vape-Wholesale-300x300.jpg",300,300,true],"medium_large":["https:\/\/rmvapesale.com\/wp-content\/uploads\/2024\/12\/Bang-40k-Puffs-LED-Display-Disposable-Vape-Wholesale-768x768.jpg",768,768,true],"large":["https:\/\/rmvapesale.com\/wp-content\/uploads\/2024\/12\/Bang-40k-Puffs-LED-Display-Disposable-Vape-Wholesale.jpg",1000,1000,false],"1536x1536":["https:\/\/rmvapesale.com\/wp-content\/uploads\/2024\/12\/Bang-40k-Puffs-LED-Display-Disposable-Vape-Wholesale.jpg",1000,1000,false],"2048x2048":["https:\/\/rmvapesale.com\/wp-content\/uploads\/2024\/12\/Bang-40k-Puffs-LED-Display-Disposable-Vape-Wholesale.jpg",1000,1000,false],"trp-custom-language-flag":["https:\/\/rmvapesale.com\/wp-content\/uploads\/2024\/12\/Bang-40k-Puffs-LED-Display-Disposable-Vape-Wholesale.jpg",12,12,false],"woocommerce_thumbnail":["https:\/\/rmvapesale.com\/wp-content\/uploads\/2024\/12\/Bang-40k-Puffs-LED-Display-Disposable-Vape-Wholesale-300x300.jpg",300,300,true],"woocommerce_single":["https:\/\/rmvapesale.com\/wp-content\/uploads\/2024\/12\/Bang-40k-Puffs-LED-Display-Disposable-Vape-Wholesale-600x600.jpg",600,600,true],"woocommerce_gallery_thumbnail":["https:\/\/rmvapesale.com\/wp-content\/uploads\/2024\/12\/Bang-40k-Puffs-LED-Display-Disposable-Vape-Wholesale-100x100.jpg",100,100,true],"wcpr-photo-reviews":["https:\/\/rmvapesale.com\/wp-content\/uploads\/2024\/12\/Bang-40k-Puffs-LED-Display-Disposable-Vape-Wholesale.jpg",500,500,false]},"uagb_author_info":{"display_name":"AMY","author_link":"https:\/\/rmvapesale.com\/hu\/author\/"},"uagb_comment_info":0,"uagb_excerpt":"PUFF 40K Bang Refillable Disposable Vape Wholesale Refillable Disposable Vape Bang 40000 Puffs \u00a0Wholesale Price Hot Sell Disposable Vape Pen PUFF 40K Bang Disposable Vape Bulk Buy Cheap Price Contact Amy to get right reply and vape coupon! WhatsApp: +86 17776015835 &nbsp;","_links":{"self":[{"href":"https:\/\/rmvapesale.com\/hu\/wp-json\/wp\/v2\/product\/2892","targetHints":{"allow":["GET"]}}],"collection":[{"href":"https:\/\/rmvapesale.com\/hu\/wp-json\/wp\/v2\/product"}],"about":[{"href":"https:\/\/rmvapesale.com\/hu\/wp-json\/wp\/v2\/types\/product"}],"replies":[{"embeddable":true,"href":"https:\/\/rmvapesale.com\/hu\/wp-json\/wp\/v2\/comments?post=2892"}],"wp:featuredmedia":[{"embeddable":true,"href":"https:\/\/rmvapesale.com\/hu\/wp-json\/wp\/v2\/media\/2886"}],"wp:attachment":[{"href":"https:\/\/rmvapesale.com\/hu\/wp-json\/wp\/v2\/media?parent=2892"}],"wp:term":[{"taxonomy":"product_brand","embeddable":true,"href":"https:\/\/rmvapesale.com\/hu\/wp-json\/wp\/v2\/product_brand?post=2892"},{"taxonomy":"product_cat","embeddable":true,"href":"https:\/\/rmvapesale.com\/hu\/wp-json\/wp\/v2\/product_cat?post=2892"},{"taxonomy":"product_tag","embeddable":true,"href":"https:\/\/rmvapesale.com\/hu\/wp-json\/wp\/v2\/product_tag?post=2892"}],"curies":[{"name":"wp","href":"https:\/\/api.w.org\/{rel}","templated":true}]}}