{"id":2912,"date":"2025-01-08T08:59:33","date_gmt":"2025-01-08T08:59:33","guid":{"rendered":"https:\/\/rmvapesale.com\/?post_type=product&#038;p=2912"},"modified":"2025-01-08T09:59:15","modified_gmt":"2025-01-08T09:59:15","slug":"bood-twins-46000-puff-digital-disposable-vape-bulk-buy-wholesale-price","status":"publish","type":"product","link":"https:\/\/rmvapesale.com\/hu\/product\/bood-twins-46000-puff-digital-disposable-vape-bulk-buy-wholesale-price\/","title":{"rendered":"Bood Twins 46000 Puff digit\u00e1lis eldobhat\u00f3 vape \u00f6mlesztett v\u00e1s\u00e1rl\u00e1s nagykereskedelmi \u00e1ron"},"content":{"rendered":"<div class=\"B2VR9 CJHX3e\">\n<div class=\"wyccme\">\n<div class=\"flex-shrink-0 flex flex-col relative items-end\">\n<div class=\"pt-0\">\n<div class=\"gizmo-bot-avatar flex h-8 w-8 items-center justify-center overflow-hidden rounded-full\">\n<div class=\"relative p-1 rounded-sm flex items-center justify-center bg-token-main-surface-primary text-token-text-primary h-8 w-8\">\n<div class=\"flex-shrink-0 flex flex-col relative items-end\">\n<div class=\"pt-0\">\n<div class=\"gizmo-bot-avatar flex h-8 w-8 items-center justify-center overflow-hidden rounded-full\">\n<h1 class=\"relative p-1 rounded-sm flex items-center justify-center bg-token-main-surface-primary text-token-text-primary h-8 w-8\">Bood Twins 46000 Puff digit\u00e1lis eldobhat\u00f3 vape \u00f6mlesztett v\u00e1s\u00e1rl\u00e1s nagykereskedelmi \u00e1ron<\/h1>\n<\/div>\n<\/div>\n<\/div>\n<\/div>\n<\/div>\n<\/div>\n<\/div>\n<div class=\"group\/conversation-turn relative flex w-full min-w-0 flex-col agent-turn\">\n<div class=\"flex-col gap-1 md:gap-3\">\n<div class=\"flex max-w-full flex-col flex-grow\">\n<div class=\"min-h-8 text-message flex w-full flex-col items-end gap-2 whitespace-normal break-words text-start [.text-message+&amp;]:mt-5\" dir=\"auto\" data-message-author-role=\"assistant\" data-message-id=\"80ece0c4-ead1-4ed9-a9f0-ddc22582b4f4\" data-message-model-slug=\"gpt-4o\">\n<div class=\"flex w-full flex-col gap-1 empty:hidden first:pt-[3px]\">\n<div class=\"markdown prose w-full break-words dark:prose-invert light\"><strong>Bood Twins 46000 Puff digit\u00e1lis eldobhat\u00f3 vape<\/strong>, a t\u00f6k\u00e9letes t\u00e1rs a hosszan tart\u00f3, \u00edzletes \u00e9s k\u00e9nyelmes g\u0151z\u00f6l\u00e9shez. Tele van olyan fejlett funkci\u00f3kkal, mint a <strong>digit\u00e1lis kijelz\u0151<\/strong>, ezt az eszk\u00f6zt \u00fagy tervezt\u00e9k, hogy minden g\u0151z\u00f6l\u00e9si ig\u00e9nyt kiel\u00e9g\u00edtsen, mik\u00f6zben kiv\u00e9teles \u00e9rt\u00e9ket k\u00edn\u00e1l nagykereskedelmi \u00e1ron.<\/div>\n<div><\/div>\n<div>\n<p>Mondjon b\u00facs\u00fat a gyakori cser\u00e9knek! A <strong>Bood Twins 46000<\/strong> leny\u0171g\u00f6z\u0151 46 000 slukkot biztos\u00edt, \u00edgy a sokat \u00e9s keveset g\u0151z\u00f6l\u0151k sz\u00e1m\u00e1ra egyar\u00e1nt hosszan tart\u00f3 el\u00e9gedetts\u00e9get garant\u00e1l. Legyen mindig t\u00e1j\u00e9kozott az <strong>intelligens digit\u00e1lis kijelz\u0151vel<\/strong>, amely val\u00f3s idej\u0171 inform\u00e1ci\u00f3kat ad az akkumul\u00e1tor \u00e9lettartam\u00e1r\u00f3l \u00e9s az e-liquid szintj\u00e9r\u0151l. Nincs t\u00f6bb tal\u00e1lgat\u00e1s \u2013 mindig tartsa k\u00e9zben az ir\u00e1ny\u00edt\u00e1st! A nagy teljes\u00edtm\u00e9ny\u0171 \u00e9s <strong>\u00fajrat\u00f6lthet\u0151 650 mAh-s be\u00e9p\u00edtett akkumul\u00e1torral<\/strong>felszerelt Bood Twins egyenletes teljes\u00edtm\u00e9nyt biztos\u00edt a g\u0151z\u00f6l\u00e9s sor\u00e1n. R\u00e1ad\u00e1sul a <strong>Type-C gyorst\u00f6lt\u0151 porttal<\/strong> gyorss\u00e1 \u00e9s probl\u00e9mamentess\u00e9 teszi a t\u00f6lt\u00e9st.<\/p>\n<p>\u00c9lvezze a hosszabb g\u0151z\u00f6l\u00e9si id\u0151t a <strong>30 ml-es el\u0151ret\u00f6lt\u00f6tt e-juice<\/strong> patronnal. A <strong>nikotinszint opci\u00f3kkal<\/strong> , 0%, 2% \u00e9s 5%, minden preferenci\u00e1t kiel\u00e9g\u00edt. A <strong>k\u00e9t \u00edz egy k\u00e9sz\u00fcl\u00e9kben<\/strong>funkci\u00f3val fedezze fel a k\u00fcl\u00f6nf\u00e9le <strong>10 \u00ednycsikland\u00f3 kombin\u00e1ci\u00f3<\/strong>. A <strong>Bood Twins 46000<\/strong> \u00f6tv\u00f6zi <strong>a hat\u00e9kony energiaell\u00e1t\u00e1st<\/strong> az \u00e1lland\u00f3 teljes\u00edtm\u00e9nnyel, k\u00f6sz\u00f6nhet\u0151en a fejlett tervez\u00e9snek \u00e9s a min\u0151s\u00e9gi m\u00e9rn\u00f6ki munk\u00e1nak.<\/p>\n<\/div>\n<\/div>\n<div>Keresi a <strong>legjobb nagykereskedelmi \u00e1rakat<\/strong> egy kiv\u00e1l\u00f3 min\u0151s\u00e9g\u0171, tart\u00f3s eldobhat\u00f3 vape-hez? A <strong>Bood Twins 46000<\/strong> p\u00e1ratlan \u00e9rt\u00e9ket, \u00edzv\u00e1laszt\u00e9kot \u00e9s megb\u00edzhat\u00f3s\u00e1got k\u00edn\u00e1l. T\u00f6k\u00e9letes kezd\u0151knek \u00e9s tapasztalt g\u0151z\u00f6l\u0151knek egyar\u00e1nt, ez az eszk\u00f6z egy igazi \u00fajdons\u00e1g!<\/div>\n<\/div>\n<\/div>\n<\/div>\n<\/div>\n<div class=\"flex-shrink-0 flex flex-col relative items-end\">\n<div class=\"pt-0\">\n<div class=\"gizmo-bot-avatar flex h-8 w-8 items-center justify-center overflow-hidden rounded-full\">\n<p>&nbsp;<\/p>\n<\/div>\n<\/div>\n<\/div>\n<\/div>\n<\/div>\n<p><strong>L\u00e9pjen kapcsolatba Amyvel, hogy megkapja a helyes v\u00e1laszt \u00e9s a vape kupont!<\/strong><\/p>\n<p><img loading=\"lazy\" decoding=\"async\" class=\"size-full wp-image-1978\" src=\"https:\/\/rmvapesale.com\/wp-content\/uploads\/2024\/09\/Disposable-Vape-Wholesale.jpg\" alt=\"Eldobhat\u00f3 Vape Nagykereskedelem\" width=\"229\" height=\"300\" \/><\/p>\n<h3><a href=\"https:\/\/wa.me\/8617776015835\" target=\"_blank\" rel=\"noopener\"><span style=\"color: #ff0000\"><strong>WhatsApp: +86 17776015835<\/strong><\/span><\/a><\/h3>\n<p>&nbsp;<\/p>\n<h2><strong style=\"font-size: 1.7em\">Bood Twins 46000 Vape F\u0151bb Jellemz\u0151i<\/strong><\/h2>\n<ul>\n<li><strong>Sz\u00edv\u00e1s<\/strong>: Ak\u00e1r 46 000<\/li>\n<li><strong>Akkumul\u00e1tor<\/strong>: 650mAh-s \u00fajrat\u00f6lthet\u0151, Type-C t\u00f6lt\u00e9ssel<\/li>\n<li><strong>E-folyad\u00e9k<\/strong>: 30ml el\u0151re t\u00f6lt\u00f6tt, 0%, 2%, 5% nikotinszintben kaphat\u00f3<\/li>\n<li><strong>Digit\u00e1lis kijelz\u0151<\/strong>: Az akkumul\u00e1tor \u00e9s az e-folyad\u00e9k val\u00f3s idej\u0171 monitoroz\u00e1sa<\/li>\n<li><strong>\u00cdzek<\/strong>: 10 egyedi kett\u0151s \u00edzkombin\u00e1ci\u00f3<\/li>\n<li><strong>Teljes\u00edtm\u00e9ny<\/strong>: Z\u00f6kken\u0151mentes sz\u00edv\u00e1s \u00e9s egyenletes adagol\u00e1s<\/li>\n<\/ul>\n<h2><strong style=\"font-size: 1.7em\">Legkelend\u0151bb \u00edzek Bood 46000 Eldobhat\u00f3 Vape-hez<\/strong><\/h2>\n<p>Ez a Bood Twins 46000 Puffs digit\u00e1lis eldobhat\u00f3 vape <strong>12 izgalmas \u00edzben<\/strong>kaphat\u00f3, sokf\u00e9le opci\u00f3t k\u00edn\u00e1lva a k\u00fcl\u00f6nb\u00f6z\u0151 \u00edzl\u00e9sekhez. A gy\u00fcm\u00f6lcs\u00f6st\u0151l a ment\u00e1son \u00e1t az egzotikus kever\u00e9kekig mindenki megtal\u00e1lja a neki val\u00f3t. A sz\u00e9les v\u00e1laszt\u00e9k biztos\u00edtja, hogy mindig tal\u00e1ljon az aktu\u00e1lis hangulat\u00e1hoz ill\u0151 \u00edzt, \u00edgy sokoldal\u00fa v\u00e1laszt\u00e1s minden vapel\u0151 sz\u00e1m\u00e1ra. K\u00e9rj\u00fck, tekintse meg a legkelend\u0151bb \u00edzeket ehhez az \u00fajrat\u00f6lthet\u0151 eldobhat\u00f3 vape-hez, \u00e9rt\u00e9kes\u00edt\u00e9si adataink \u00e9s v\u00e1s\u00e1rl\u00f3i visszajelz\u00e9seink alapj\u00e1n.<\/p>\n<div>1.G\u00f6r\u00f6gdinnye <span style=\"color: #ff0000\"><strong>&gt;&gt;&gt;&gt; Felkapott!<\/strong><\/span><\/div>\n<div>2.Alma<\/div>\n<div>3.Lime<\/div>\n<div>4.Z\u00f6ld alma <span style=\"color: #ff0000\"><strong>&gt;&gt;&gt;&gt; Felkapott!<\/strong><\/span><\/div>\n<div>5. \u00c1fonya Savany\u00fa M\u00e1lna<\/div>\n<div>6. Feketeribizli M\u00e1lna <span style=\"color: #ff0000\"><strong>&gt;&gt;&gt;&gt; A legjobb !<\/strong><\/span><\/div>\n<div>7. Barack Mang\u00f3<\/div>\n<div>8. Sz\u0151l\u0151<\/div>\n<div>9. R\u00f3zsasz\u00edn Limon\u00e1d\u00e9<\/div>\n<div>10. Z\u00f6ld Sz\u0151l\u0151<\/div>\n<div><\/div>\n<figure id=\"attachment_2895\" aria-describedby=\"caption-attachment-2895\" style=\"width: 1000px\" class=\"wp-caption alignnone\"><img loading=\"lazy\" decoding=\"async\" class=\"wp-image-2895 size-full\" src=\"https:\/\/rmvapesale.com\/wp-content\/uploads\/2025\/01\/Bood-Twins-46000-Digital-Disposable-Vape.jpg\" alt=\"Bood Twins 46000 Digit\u00e1lis Eldobhat\u00f3 Vape\" width=\"1000\" height=\"1000\" srcset=\"https:\/\/rmvapesale.com\/wp-content\/uploads\/2025\/01\/Bood-Twins-46000-Digital-Disposable-Vape.jpg 1000w, https:\/\/rmvapesale.com\/wp-content\/uploads\/2025\/01\/Bood-Twins-46000-Digital-Disposable-Vape-300x300.jpg 300w, https:\/\/rmvapesale.com\/wp-content\/uploads\/2025\/01\/Bood-Twins-46000-Digital-Disposable-Vape-150x150.jpg 150w, https:\/\/rmvapesale.com\/wp-content\/uploads\/2025\/01\/Bood-Twins-46000-Digital-Disposable-Vape-768x768.jpg 768w, https:\/\/rmvapesale.com\/wp-content\/uploads\/2025\/01\/Bood-Twins-46000-Digital-Disposable-Vape-600x600.jpg 600w, https:\/\/rmvapesale.com\/wp-content\/uploads\/2025\/01\/Bood-Twins-46000-Digital-Disposable-Vape-100x100.jpg 100w\" sizes=\"auto, (max-width: 1000px) 100vw, 1000px\" \/><figcaption id=\"caption-attachment-2895\" class=\"wp-caption-text\">Bood Twins 46000 Digit\u00e1lis Eldobhat\u00f3 Vape<\/figcaption><\/figure>\n<h3><\/h3>\n<h3><strong>Mi\u00e9rt v\u00e1lassza az Rmvapesale-t a JNR Mega Shisha Hookah 100k Puff-hoz?\u00a0 <\/strong><strong>V<\/strong><strong>ape Nagykeresked\u00e9s<\/strong><strong>?<\/strong><\/h3>\n<div class=\"flex-shrink-0 flex flex-col relative items-end\">\n<div class=\"pt-0\">\n<div class=\"gizmo-bot-avatar flex h-8 w-8 items-center justify-center overflow-hidden rounded-full\">\n<div class=\"relative p-1 rounded-sm flex items-center justify-center bg-token-main-surface-primary text-token-text-primary h-8 w-8\">\n<p>\u00dcdv\u00f6z\u00f6lj\u00fck a Rmvapesale-ben, az \u00d6n megb\u00edzhat\u00f3 vape \u00fczlet\u00e9ben, ahol pr\u00e9mium eldobhat\u00f3 vape-eket tal\u00e1l. T\u00f6bb mint 5 \u00e9ves szak\u00e9rtelemmel olyan n\u00e9pszer\u0171 eldobhat\u00f3 vape m\u00e1rk\u00e1kat k\u00edn\u00e1lunk, mint az Al Fakher, <a href=\"https:\/\/rmvapesale.com\/hu\/product\/puff-40k-bang-refillable-disposable-vape-with-digital-display-bulk-buy-price\/\">Bang Vape<\/a>, <a href=\"https:\/\/rmvapesale.com\/hu\/product\/jnr-mega-shisha-hookah-100000-100k-puffs-disposable-vape-a-premium-vaping-experience\/\">JNR Vape<\/a>, Waspe, WGA Vape \u00e9s RandM Vape.<\/p>\n<p>K\u00edn\u00e1latunkban olyan n\u00e9pszer\u0171 vape-ek szerepelnek, mint a <a href=\"https:\/\/rmvapesale.com\/hu\/product\/vookbar-cyber-pro-30000-puffs-bluetooth-vape-2-low-nicotine-rechargeable-bulk-buy-wholesale-price\/\">Vookbar Cyber Pro 30000<\/a> \u00e9s \u00edzekben gazdag lehet\u0151s\u00e9gek, mint a Vapme 70000. Minden term\u00e9k a min\u0151s\u00e9gre, az \u00e9rt\u00e9kre \u00e9s a soksz\u00edn\u0171s\u00e9gre f\u00f3kusz\u00e1lva van kiv\u00e1lasztva, biztos\u00edtva, hogy megtal\u00e1lja a t\u00f6k\u00e9leteset az ig\u00e9nyeihez. Fedezze fel a kiv\u00e9teles szolg\u00e1ltat\u00e1st \u00e9s a top term\u00e9kek sz\u00e9les v\u00e1laszt\u00e9k\u00e1t az Rmvapesale-n\u00e1l.<\/p>\n<p>&nbsp;<\/p>\n<h3><b style=\"font-size: 1.5em;font-style: inherit\">Gyakran Ism\u00e9telt K\u00e9rd\u00e9sek a Bood Twins 46000-hez <\/b><b style=\"font-size: 1.5em;font-style: inherit\">\u00dajrat\u00f6lthet\u0151 eldobhat\u00f3 vape<\/b><\/h3>\n<\/div>\n<h3><\/h3>\n<p><strong>1. H\u00e1ny slukkot biztos\u00edt a Bood Twins 46000?<\/strong><\/p>\n<p>A <strong>A Bood Twins 46000 Puff<\/strong> ak\u00e1r 46 000 slukkot is biztos\u00edt, ezzel az egyik legtart\u00f3sabb eldobhat\u00f3 vape a piacon.<\/p>\n<p><strong>2. \u00dajrat\u00f6lthetem a Bood Twins 46000 Puff-ot?<\/strong><\/p>\n<p>Igen! Ez az eszk\u00f6z rendelkezik egy <strong>650mAh \u00fajrat\u00f6lthet\u0151 akkumul\u00e1torral<\/strong> \u00e9s egy <strong>Type-C gyorst\u00f6lt\u0151 porttal<\/strong> k\u00e9nyelem \u00e9rdek\u00e9ben.<\/p>\n<p><strong>3. Milyen \u00edzekben kaphat\u00f3 a Bood Twins 46000?<\/strong><\/p>\n<p>J\u00f6n vele <strong>10 egyedi kett\u0151s \u00edzkombin\u00e1ci\u00f3<\/strong>, mint p\u00e9ld\u00e1ul <strong>G\u00f6r\u00f6gdinnye<\/strong>, <strong>Lime<\/strong>, \u00e9s <strong>Sz\u0151l\u0151<\/strong>.<\/p>\n<p><strong>4. Vannak nikotin opci\u00f3i a Bood Twins 46000-nek?<\/strong><\/p>\n<p>Igen, a k\u00e9sz\u00fcl\u00e9k t\u00e1mogatja a <strong>0%, 2% \u00e9s 5% nikotinszintet<\/strong>, lehet\u0151s\u00e9get biztos\u00edtva minden preferenci\u00e1hoz.<\/p>\n<p><strong>5. Hol v\u00e1s\u00e1rolhatok Bood Twins 46000-et nagykereskedelmi \u00e1ron?<\/strong><\/p>\n<p>Megv\u00e1s\u00e1rolhatja a <strong>A Bood Twins 46000 Puff<\/strong> at <strong>nagykereskedelmi \u00e1rakat<\/strong> a <a href=\"https:\/\/rmvapesale.com\/hu\/\" target=\"_new\" rel=\"noopener\">Rmvapesale online vape boltb\u00f3l<\/a>. \u00c9lvezze a versenyk\u00e9pes \u00e1rakat, a gyors sz\u00e1ll\u00edt\u00e1st \u00e9s a kiv\u00e1l\u00f3 \u00fcgyf\u00e9lszolg\u00e1latot!<\/p>\n<p>&nbsp;<\/p>\n<\/div>\n<\/div>\n<\/div>\n<h3>A Sz\u00e1ll\u00edt\u00e1sr\u00f3l<\/h3>\n<div class=\"flex-shrink-0 flex flex-col relative items-end\">\n<div>\n<div class=\"pt-0\">\n<div class=\"gizmo-bot-avatar flex h-8 w-8 items-center justify-center overflow-hidden rounded-full\">\n<div><\/div>\n<div class=\"relative p-1 rounded-sm flex items-center justify-center bg-token-main-surface-primary text-token-text-primary h-8 w-8\"><strong>1. Milyen sz\u00e1ll\u00edt\u00e1si m\u00f3dokat haszn\u00e1lnak?<\/strong><\/div>\n<\/div>\n<\/div>\n<\/div>\n<\/div>\n<div class=\"group\/conversation-turn relative flex w-full min-w-0 flex-col agent-turn\">\n<div class=\"flex-col gap-1 md:gap-3\">\n<div class=\"flex max-w-full flex-col flex-grow\">\n<div class=\"min-h-[20px] text-message flex w-full flex-col items-end gap-2 whitespace-normal break-words [.text-message+&amp;]:mt-5 overflow-x-auto\" dir=\"auto\" data-message-author-role=\"assistant\" data-message-id=\"22f8283b-3233-46ff-89a5-c7a41b33abda\">\n<div class=\"flex w-full flex-col gap-1 empty:hidden first:pt-[3px]\">\n<div class=\"markdown prose w-full break-words dark:prose-invert light\">\n<p>Partnerei vagyunk a UPS, DHL, FedEx, DPD \u00e9s m\u00e1s vezet\u0151 fuvaroz\u00f3knak. A legjobb sz\u00e1ll\u00edt\u00e1si m\u00f3dot fogjuk kiv\u00e1lasztani a sz\u00e1ll\u00edt\u00e1si helysz\u00edne alapj\u00e1n, hogy a lehet\u0151 leggyorsabban megkapja a term\u00e9keit.<\/p>\n<\/div>\n<p><strong>2. Mennyi id\u0151 alatt \u00e9rkezik meg?<\/strong><\/p>\n<p>A csomagok \u00e1ltal\u00e1ban 10 munkanapon bel\u00fcl meg\u00e9rkeznek Magyarorsz\u00e1gra. Az eur\u00f3pai orsz\u00e1gokba t\u00f6rt\u00e9n\u0151 sz\u00e1ll\u00edt\u00e1s \u00e1ltal\u00e1ban 12-15 munkanapot vesz ig\u00e9nybe. Folyamatosan t\u00e1j\u00e9koztatjuk a sz\u00e1ll\u00edt\u00e1si st\u00e1tuszr\u00f3l.<\/p>\n<\/div>\n<\/div>\n<\/div>\n<\/div>\n<\/div>\n<p>&nbsp;<\/p>\n<p>Tal\u00e1lja meg a tov\u00e1bbi vape term\u00e9keket, amelyek tetszhetnek \u00d6nnek:<strong><em><a href=\"https:\/\/rmvapesale.com\/hu\/shop-2\/\">V\u00e1s\u00e1roljon most &gt;&gt;&gt;<\/a><\/em><\/strong><\/p>","protected":false},"excerpt":{"rendered":"<p>Bood Twins 46000 Puffs digit\u00e1lis eldobhat\u00f3 vape nagykereskedelmi \u00e1r<br \/>\nBood Twins 46000 Puffs digit\u00e1lis \u00fajrat\u00f6lthet\u0151 eldobhat\u00f3 vape \u00f6mlesztett v\u00e1s\u00e1rl\u00e1s olcs\u00f3 \u00e1r<br \/>\nBood 46000 alacsony nikotintartalm\u00fa puff eldobhat\u00f3 vape<\/p>\n<p><strong>L\u00e9pjen kapcsolatba Amyvel, hogy megkapja a helyes v\u00e1laszt \u00e9s a vape kupont!<\/strong><\/p>\n<p><img loading=\"lazy\" decoding=\"async\" class=\"size-full wp-image-2375\" src=\"https:\/\/rmvapesale.com\/wp-content\/uploads\/2024\/10\/image.png\" alt=\"Legjobb Eldobhat\u00f3 Vape\" width=\"229\" height=\"300\" \/><\/p>\n<h3><a href=\"https:\/\/wa.me\/8617776015835\"><span style=\"color: #ff0000\"><strong>WhatsApp: +86 17776015835<\/strong><\/span><\/a><\/h3>\n<p>&nbsp;<\/p>","protected":false},"featured_media":2896,"comment_status":"open","ping_status":"closed","template":"","meta":{"_uag_custom_page_level_css":"","_lmt_disableupdate":"no","_lmt_disable":"","site-sidebar-layout":"default","site-content-layout":"content-boxed-container","ast-site-content-layout":"normal-width-container","site-content-style":"boxed","site-sidebar-style":"unboxed","ast-global-header-display":"","ast-banner-title-visibility":"","ast-main-header-display":"","ast-hfb-above-header-display":"","ast-hfb-below-header-display":"","ast-hfb-mobile-header-display":"","site-post-title":"","ast-breadcrumbs-content":"","ast-featured-img":"","footer-sml-layout":"","theme-transparent-header-meta":"default","adv-header-id-meta":"","stick-header-meta":"","header-above-stick-meta":"","header-main-stick-meta":"","header-below-stick-meta":"","astra-migrate-meta-layouts":"set","ast-page-background-enabled":"default","ast-page-background-meta":{"desktop":{"background-color":"var(--ast-global-color-4)","background-image":"","background-repeat":"repeat","background-position":"center center","background-size":"auto","background-attachment":"scroll","background-type":"","background-media":"","overlay-type":"","overlay-color":"","overlay-opacity":"","overlay-gradient":""},"tablet":{"background-color":"","background-image":"","background-repeat":"repeat","background-position":"center center","background-size":"auto","background-attachment":"scroll","background-type":"","background-media":"","overlay-type":"","overlay-color":"","overlay-opacity":"","overlay-gradient":""},"mobile":{"background-color":"","background-image":"","background-repeat":"repeat","background-position":"center center","background-size":"auto","background-attachment":"scroll","background-type":"","background-media":"","overlay-type":"","overlay-color":"","overlay-opacity":"","overlay-gradient":""}},"ast-content-background-meta":{"desktop":{"background-color":"var(--ast-global-color-5)","background-image":"","background-repeat":"repeat","background-position":"center center","background-size":"auto","background-attachment":"scroll","background-type":"","background-media":"","overlay-type":"","overlay-color":"","overlay-opacity":"","overlay-gradient":""},"tablet":{"background-color":"var(--ast-global-color-5)","background-image":"","background-repeat":"repeat","background-position":"center center","background-size":"auto","background-attachment":"scroll","background-type":"","background-media":"","overlay-type":"","overlay-color":"","overlay-opacity":"","overlay-gradient":""},"mobile":{"background-color":"var(--ast-global-color-5)","background-image":"","background-repeat":"repeat","background-position":"center center","background-size":"auto","background-attachment":"scroll","background-type":"","background-media":"","overlay-type":"","overlay-color":"","overlay-opacity":"","overlay-gradient":""}},"_joinchat":[]},"product_brand":[],"product_cat":[15,265,259,260,25,123,26,28,135,27,137,136,30],"product_tag":[146,131,264,248,40,111,207],"class_list":{"0":"post-2912","1":"product","2":"type-product","3":"status-publish","4":"has-post-thumbnail","6":"product_cat-new-vape-this-week","7":"product_cat-bood-disposable-vape","8":"product_cat-46000-puff-disposable-vape","9":"product_cat-100k-puff-disposable-vape","10":"product_cat-germany-best-selling-vape","11":"product_cat-italy-wholesale-vape","12":"product_cat-netherlands-hot-sale-vape","13":"product_cat-poland-hot-sale-vape","14":"product_cat-spain-best-hot-sale-vape","15":"product_cat-fance-hot-sale-vape","16":"product_cat-rechargeable-vapes","17":"product_cat-smart-screen-vapes","18":"product_cat-minimum-order-quantity-50pcs","19":"product_tag-best-hot-sale-vape","20":"product_tag-big-puff-vape","21":"product_tag-bood-46000-disposable-vape","22":"product_tag-bood-vape","23":"product_tag-hot-sale-vape","24":"product_tag-low-nicotine-disposable-vape","25":"product_tag-puff-vape","26":"desktop-align-left","27":"tablet-align-left","28":"mobile-align-left","30":"first","31":"instock","32":"sale","33":"shipping-taxable","34":"purchasable","35":"product-type-simple"},"uagb_featured_image_src":{"full":["https:\/\/rmvapesale.com\/wp-content\/uploads\/2025\/01\/Bood-Twins-46000-Puff-2-in-1-Disposable-Vape.webp",1000,1000,false],"thumbnail":["https:\/\/rmvapesale.com\/wp-content\/uploads\/2025\/01\/Bood-Twins-46000-Puff-2-in-1-Disposable-Vape-150x150.webp",150,150,true],"medium":["https:\/\/rmvapesale.com\/wp-content\/uploads\/2025\/01\/Bood-Twins-46000-Puff-2-in-1-Disposable-Vape-300x300.webp",300,300,true],"medium_large":["https:\/\/rmvapesale.com\/wp-content\/uploads\/2025\/01\/Bood-Twins-46000-Puff-2-in-1-Disposable-Vape-768x768.webp",768,768,true],"large":["https:\/\/rmvapesale.com\/wp-content\/uploads\/2025\/01\/Bood-Twins-46000-Puff-2-in-1-Disposable-Vape.webp",1000,1000,false],"1536x1536":["https:\/\/rmvapesale.com\/wp-content\/uploads\/2025\/01\/Bood-Twins-46000-Puff-2-in-1-Disposable-Vape.webp",1000,1000,false],"2048x2048":["https:\/\/rmvapesale.com\/wp-content\/uploads\/2025\/01\/Bood-Twins-46000-Puff-2-in-1-Disposable-Vape.webp",1000,1000,false],"trp-custom-language-flag":["https:\/\/rmvapesale.com\/wp-content\/uploads\/2025\/01\/Bood-Twins-46000-Puff-2-in-1-Disposable-Vape.webp",12,12,false],"woocommerce_thumbnail":["https:\/\/rmvapesale.com\/wp-content\/uploads\/2025\/01\/Bood-Twins-46000-Puff-2-in-1-Disposable-Vape-300x300.webp",300,300,true],"woocommerce_single":["https:\/\/rmvapesale.com\/wp-content\/uploads\/2025\/01\/Bood-Twins-46000-Puff-2-in-1-Disposable-Vape-600x600.webp",600,600,true],"woocommerce_gallery_thumbnail":["https:\/\/rmvapesale.com\/wp-content\/uploads\/2025\/01\/Bood-Twins-46000-Puff-2-in-1-Disposable-Vape-100x100.webp",100,100,true],"wcpr-photo-reviews":["https:\/\/rmvapesale.com\/wp-content\/uploads\/2025\/01\/Bood-Twins-46000-Puff-2-in-1-Disposable-Vape.webp",500,500,false]},"uagb_author_info":{"display_name":"AMY","author_link":"https:\/\/rmvapesale.com\/hu\/author\/"},"uagb_comment_info":0,"uagb_excerpt":"Bood Twins 46000 Puff Digital Disposable Vape Wholesale Price Bood Twins 46000 Puff Digital Rechargeable Disposable Vape Bulk Buy Cheap Price Bood 46000 2% Low Nicotine Puff\u00a0 Disposable Vape Disposable Vape Contact Amy to get right reply and vape coupon! WhatsApp: +86 17776015835 &nbsp;","_links":{"self":[{"href":"https:\/\/rmvapesale.com\/hu\/wp-json\/wp\/v2\/product\/2912","targetHints":{"allow":["GET"]}}],"collection":[{"href":"https:\/\/rmvapesale.com\/hu\/wp-json\/wp\/v2\/product"}],"about":[{"href":"https:\/\/rmvapesale.com\/hu\/wp-json\/wp\/v2\/types\/product"}],"replies":[{"embeddable":true,"href":"https:\/\/rmvapesale.com\/hu\/wp-json\/wp\/v2\/comments?post=2912"}],"wp:featuredmedia":[{"embeddable":true,"href":"https:\/\/rmvapesale.com\/hu\/wp-json\/wp\/v2\/media\/2896"}],"wp:attachment":[{"href":"https:\/\/rmvapesale.com\/hu\/wp-json\/wp\/v2\/media?parent=2912"}],"wp:term":[{"taxonomy":"product_brand","embeddable":true,"href":"https:\/\/rmvapesale.com\/hu\/wp-json\/wp\/v2\/product_brand?post=2912"},{"taxonomy":"product_cat","embeddable":true,"href":"https:\/\/rmvapesale.com\/hu\/wp-json\/wp\/v2\/product_cat?post=2912"},{"taxonomy":"product_tag","embeddable":true,"href":"https:\/\/rmvapesale.com\/hu\/wp-json\/wp\/v2\/product_tag?post=2912"}],"curies":[{"name":"wp","href":"https:\/\/api.w.org\/{rel}","templated":true}]}}