{"id":2913,"date":"2025-01-08T09:44:46","date_gmt":"2025-01-08T09:44:46","guid":{"rendered":"https:\/\/rmvapesale.com\/?post_type=product&#038;p=2913"},"modified":"2025-01-09T09:05:59","modified_gmt":"2025-01-09T09:05:59","slug":"bang-box-35000-puffs-touch-screen-bulk-buy-price-rechargeable-disposable-vapes","status":"publish","type":"product","link":"https:\/\/rmvapesale.com\/hu\/product\/bang-box-35000-puffs-touch-screen-bulk-buy-price-rechargeable-disposable-vapes\/","title":{"rendered":"Bang Box 35000 Sz\u00edv\u00e1sos \u00c9rint\u0151k\u00e9perny\u0151s, T\u00f6meges V\u00e1s\u00e1rl\u00e1si \u00c1r\u00fa, \u00dajrat\u00f6lthet\u0151 Eldobhat\u00f3 Vape"},"content":{"rendered":"<div class=\"B2VR9 CJHX3e\">\n<div class=\"wyccme\">\n<div class=\"flex-shrink-0 flex flex-col relative items-end\">\n<div class=\"pt-0\">\n<div class=\"gizmo-bot-avatar flex h-8 w-8 items-center justify-center overflow-hidden rounded-full\">\n<div class=\"relative p-1 rounded-sm flex items-center justify-center bg-token-main-surface-primary text-token-text-primary h-8 w-8\">\n<div class=\"flex-shrink-0 flex flex-col relative items-end\">\n<div class=\"pt-0\">\n<div class=\"gizmo-bot-avatar flex h-8 w-8 items-center justify-center overflow-hidden rounded-full\">\n<h1 class=\"relative p-1 rounded-sm flex items-center justify-center bg-token-main-surface-primary text-token-text-primary h-8 w-8\">Bang Box 35000 Sz\u00edv\u00e1sos \u00c9rint\u0151k\u00e9perny\u0151s, T\u00f6meges V\u00e1s\u00e1rl\u00e1si \u00c1r\u00fa, \u00dajrat\u00f6lthet\u0151 Eldobhat\u00f3 Vape<\/h1>\n<\/div>\n<\/div>\n<\/div>\n<\/div>\n<\/div>\n<\/div>\n<\/div>\n<div class=\"group\/conversation-turn relative flex w-full min-w-0 flex-col agent-turn\">\n<div class=\"flex-col gap-1 md:gap-3\">\n<div class=\"flex max-w-full flex-col flex-grow\">\n<div class=\"min-h-8 text-message flex w-full flex-col items-end gap-2 whitespace-normal break-words text-start [.text-message+&amp;]:mt-5\" dir=\"auto\" data-message-author-role=\"assistant\" data-message-id=\"80ece0c4-ead1-4ed9-a9f0-ddc22582b4f4\" data-message-model-slug=\"gpt-4o\">\n<div class=\"flex w-full flex-col gap-1 empty:hidden first:pt-[3px]\">\n<div class=\"markdown prose w-full break-words dark:prose-invert light\">\n<p>&nbsp;<\/p>\n<p>A <strong>Bang Box 35000 Puffs<\/strong>, egy pr\u00e9mium \u00fajrat\u00f6lthet\u0151 eldobhat\u00f3 vape, amelyet azok sz\u00e1m\u00e1ra terveztek, akik \u00edzt, rugalmass\u00e1got \u00e9s k\u00e9nyelmet k\u00f6vetelnek. A <strong>digit\u00e1lis kijelz\u0151<\/strong>, magas puffsz\u00e1m\u00e1val \u00e9s testreszabhat\u00f3 funkci\u00f3ival ez az eszk\u00f6z a legjobb v\u00e1laszt\u00e1s azoknak a vapereknek, akik min\u0151s\u00e9get keresnek megfizethet\u0151 \u00e1ron <strong>nagykereskedelmi \u00e1ron<\/strong>.<\/p>\n<p>Tapasztaljon meg egy <strong>\u00f3ri\u00e1si 35 000 puffot<\/strong> eszk\u00f6z\u00f6nk\u00e9nt, \u00edgy a BangBox 35k az egyik leghosszabb \u00e9lettartam\u00fa eldobhat\u00f3 vape a piacon. Mondjon b\u00facs\u00fat a folyamatos cser\u00e9knek, \u00e9s k\u00f6sz\u00f6ntse a hosszan tart\u00f3 vaping el\u00e9gedetts\u00e9get! A <strong>LED \u00e9rint\u0151k\u00e9perny\u0151s fel\u00fclet<\/strong> \u00d6nre b\u00edzza az ir\u00e1ny\u00edt\u00e1st. Figyelje <strong>akkumul\u00e1tor \u00e9lettartam\u00e1t<\/strong>, <strong>, mind az<\/strong>, \u00e9s \u00e1ll\u00edtsa be a <strong>l\u00e9g\u00e1raml\u00e1st<\/strong> \u00e9s <strong>teljes\u00edtm\u00e9ny m\u00f3dokat<\/strong> k\u00f6nnyed\u00e9n. \u00c9lvezze a z\u00f6kken\u0151mentes vapinget a technol\u00f3gi\u00e1val a keze \u00fcgy\u00e9ben.<\/p>\n<p>K\u00f6sz\u00f6nhet\u0151en a <strong>kett\u0151s h\u00e1l\u00f3s tekercs technol\u00f3gi\u00e1ja<\/strong>, minden puff kiv\u00e9teles \u00edzt \u00e9s s\u0171r\u0171 g\u0151zt biztos\u00edt. A BangBox 35000 a 35 ml-es e-liquid tart\u00e1llyal p\u00e1ros\u00edtva egyenletes \u00e9s \u00edzletes teljes\u00edtm\u00e9nyt ny\u00fajt gyakori ut\u00e1nt\u00f6lt\u00e9s n\u00e9lk\u00fcl. Felszerelve egy <strong>700mAh \u00fajrat\u00f6lthet\u0151 akkumul\u00e1tor<\/strong> \u00e9s egy <strong>Type-C t\u00f6lt\u0151port<\/strong>a Bang Vape 35k gyors \u00e9s hat\u00e9kony \u00fajrat\u00f6lt\u00e9st biztos\u00edt. Maradjon felt\u00f6ltve eg\u00e9sz nap, ak\u00e1r otthon, ak\u00e1r \u00fatk\u00f6zben.<\/p>\n<p>A Bang Box 35000 slukk k\u00edn\u00e1l <strong>h\u00e1rom \u00e1ll\u00edthat\u00f3 l\u00e9g\u00e1raml\u00e1si m\u00f3dot<\/strong>amely lehet\u0151v\u00e9 teszi, hogy szab\u00e1lyozza a sz\u00edv\u00e1st. Ak\u00e1r szorosabb, ak\u00e1r nyitottabb slukkot szeretne, ez az eszk\u00f6z egyetlen \u00e9rint\u00e9ssel alkalmazkodik az \u00d6n st\u00edlus\u00e1hoz az \u00e9rint\u0151k\u00e9perny\u0151n. <span style=\"font-size: 16px\">Mind\u00f6ssze <\/span><strong style=\"font-size: 16px\">105,5 g<\/strong><span style=\"font-size: 16px\">a Bang Box k\u00f6nny\u0171 \u00e9s k\u00f6nnyen hordozhat\u00f3. T\u00f6k\u00e9letes nagykeresked\u0151k sz\u00e1m\u00e1ra, a <\/span><strong style=\"font-size: 16px\">t\u00f6meges csomagol\u00e1si lehet\u0151s\u00e9gek<\/strong><span style=\"font-size: 16px\"> teszik ezt kiv\u00e1l\u00f3 v\u00e1laszt\u00e1ss\u00e1 <\/span><strong style=\"font-size: 16px\">t\u00f6meges v\u00e1s\u00e1rl\u00e1si rendel\u00e9sekhez<\/strong><span style=\"font-size: 16px\"> verhetetlen \u00e1rakon.<\/span><\/p>\n<\/div>\n<\/div>\n<\/div>\n<\/div>\n<\/div>\n<\/div>\n<div class=\"flex-shrink-0 flex flex-col relative items-end\">\n<div class=\"pt-0\">\n<div class=\"gizmo-bot-avatar flex h-8 w-8 items-center justify-center overflow-hidden rounded-full\">\n<p>&nbsp;<\/p>\n<\/div>\n<\/div>\n<\/div>\n<\/div>\n<\/div>\n<p><strong>L\u00e9pjen kapcsolatba Amyvel, hogy megkapja a helyes v\u00e1laszt \u00e9s a vape kupont!<\/strong><\/p>\n<p><img loading=\"lazy\" decoding=\"async\" class=\"size-full wp-image-1978\" src=\"https:\/\/rmvapesale.com\/wp-content\/uploads\/2024\/09\/Disposable-Vape-Wholesale.jpg\" alt=\"Eldobhat\u00f3 Vape Nagykereskedelem\" width=\"229\" height=\"300\" \/><\/p>\n<h3><a href=\"https:\/\/wa.me\/8617776015835\" target=\"_blank\" rel=\"noopener\"><span style=\"color: #ff0000\"><strong>WhatsApp: +86 17776015835<\/strong><\/span><\/a><\/h3>\n<p>&nbsp;<\/p>\n<h2><strong style=\"font-size: 1.7em\">Bang Box 35000 F\u0151bb Jellemz\u0151k<\/strong><\/h2>\n<h3><\/h3>\n<ul>\n<li><strong>Slukkok Sz\u00e1ma<\/strong>: Ak\u00e1r 35 000 a hosszabb haszn\u00e1lat \u00e9rdek\u00e9ben<\/li>\n<li><strong>Digit\u00e1lis kijelz\u0151<\/strong>: Az akkumul\u00e1tor \u00e9s az e-liquid val\u00f3s idej\u0171 figyel\u00e9se<\/li>\n<li><strong>E-Liquid Kapacit\u00e1s<\/strong>: Nagy, 35 ml-es el\u0151ret\u00f6lt\u00f6tt tart\u00e1ly<\/li>\n<li><strong>Tekercsrendszer<\/strong>: Dupla h\u00e1l\u00f3s tekercs a fokozott \u00edz \u00e9s g\u0151z \u00e9rdek\u00e9ben<\/li>\n<li><strong>Akkumul\u00e1tor<\/strong>: 700mAh \u00fajrat\u00f6lthet\u0151 Type-C t\u00f6lt\u00e9ssel<\/li>\n<li><strong>L\u00e9g\u00e1raml\u00e1s<\/strong>: H\u00e1rom testreszabhat\u00f3 m\u00f3d a szem\u00e9lyre szabott \u00e9lm\u00e9ny\u00e9rt<\/li>\n<li><strong>\u00c9rint\u0151k\u00e9perny\u0151<\/strong>: Intuit\u00edv vez\u00e9rl\u00e9s a l\u00e9g\u00e1raml\u00e1s \u00e9s a teljes\u00edtm\u00e9ny m\u00f3dokhoz<\/li>\n<li><strong>Hordozhat\u00f3s\u00e1g<\/strong>: K\u00f6nny\u0171 kialak\u00edt\u00e1s a menet k\u00f6zbeni g\u0151z\u00f6l\u00e9shez<\/li>\n<li><strong>Nagykereskedelmi forgalomra k\u00e9sz<\/strong>: T\u00f6meges v\u00e1s\u00e1rl\u00e1si lehet\u0151s\u00e9gek a k\u00f6lts\u00e9ghat\u00e9kony ut\u00e1np\u00f3tl\u00e1shoz&nbsp;\n<p><img loading=\"lazy\" decoding=\"async\" class=\"wp-image-2940 size-full\" src=\"https:\/\/rmvapesale.com\/wp-content\/uploads\/2025\/01\/Bang-Vape-Disposable-Vapes-35000-Bulk-Buy.webp\" alt=\"Bang Vape Eldobhat\u00f3 Vape 35000 T\u00f6meges V\u00e1s\u00e1rl\u00e1s\" width=\"800\" height=\"496\" srcset=\"https:\/\/rmvapesale.com\/wp-content\/uploads\/2025\/01\/Bang-Vape-Disposable-Vapes-35000-Bulk-Buy.webp 800w, https:\/\/rmvapesale.com\/wp-content\/uploads\/2025\/01\/Bang-Vape-Disposable-Vapes-35000-Bulk-Buy-300x186.webp 300w, https:\/\/rmvapesale.com\/wp-content\/uploads\/2025\/01\/Bang-Vape-Disposable-Vapes-35000-Bulk-Buy-768x476.webp 768w, https:\/\/rmvapesale.com\/wp-content\/uploads\/2025\/01\/Bang-Vape-Disposable-Vapes-35000-Bulk-Buy-600x372.webp 600w\" sizes=\"auto, (max-width: 800px) 100vw, 800px\" \/><\/li>\n<\/ul>\n<h2><strong style=\"font-size: 1.7em\">Legjobb \u00edz a Bang Box 35k-hoz<\/strong><\/h2>\n<p>Ez a Bang Box 35000 Puffs \u00e9rint\u0151k\u00e9perny\u0151s, \u00fajrat\u00f6lthet\u0151 eldobhat\u00f3 vape el\u00e9rhet\u0151 <strong>12 izgalmas \u00edzben<\/strong>, k\u00fcl\u00f6nf\u00e9le lehet\u0151s\u00e9geket k\u00edn\u00e1l a k\u00fcl\u00f6nb\u00f6z\u0151 \u00edzl\u00e9sek kiel\u00e9g\u00edt\u00e9s\u00e9re. Melyik a legjobb \u00edz a BangBOX 35K-hoz? K\u00e9rj\u00fck, tekintse meg a legn\u00e9pszer\u0171bb \u00edzeket ehhez az \u00fajrat\u00f6lthet\u0151 eldobhat\u00f3 vape-hez az \u00e9rt\u00e9kes\u00edt\u00e9si adataink \u00e9s a v\u00e1s\u00e1rl\u00f3i visszajelz\u00e9sek alapj\u00e1n.<\/p>\n<p>1. EPER KIWI<br \/>\n2. K\u00c9K M\u00c1LNA JEGES <span style=\"color: #ff0000\"><strong>&gt;&gt;&gt;&gt; Felkapott!<\/strong><\/span><br \/>\n3. EPER G\u00d6R\u00d6GDINNYE<span style=\"color: #ff0000\"><strong>&gt;&gt;&gt;&gt; Felkapott!<\/strong><\/span><br \/>\n4. MARACUJA<br \/>\n5. CITROM K\u00d3LA SZ\u00d3DA<br \/>\n6. G\u00d6R\u00d6GDINNYE JEGES<br \/>\n7. G\u00d6R\u00d6GDINNYE R\u00c1G\u00d3GUMI<br \/>\n8. KIWI MARACUJA GUAVA<br \/>\n9. \u00c1FONYA JEGES <strong> <span style=\"color: #ff0000\">&gt;&gt;&gt;&gt; A legjobb !<\/span><\/strong><br \/>\n10. G\u00d6R\u00d6GDINNYE CSERESZNYE<br \/>\n11. RED BULL <span style=\"color: #ff0000\"><strong>&gt;&gt;&gt;&gt; Felkapott!<\/strong><\/span><br \/>\n12. MENTA GRAPEFRUIT <span style=\"color: #ff0000\"><strong>&gt;&gt;&gt;&gt; Felkapott!<\/strong><\/span><\/p>\n<h3><\/h3>\n<h4><strong>Mi\u00e9rt v\u00e1lassza az Rmvapesale-t a Bang Box 35000 Puffs-hoz\u00a0 <\/strong><strong>V<\/strong><strong>ape Nagykeresked\u00e9s<\/strong><strong>?<\/strong><\/h4>\n<div class=\"flex-shrink-0 flex flex-col relative items-end\">\n<div class=\"pt-0\">\n<div class=\"gizmo-bot-avatar flex h-8 w-8 items-center justify-center overflow-hidden rounded-full\">\n<div class=\"relative p-1 rounded-sm flex items-center justify-center bg-token-main-surface-primary text-token-text-primary h-8 w-8\">\n<p>\u00dcdv\u00f6z\u00f6lj\u00fck a Rmvapesale-ben, az \u00d6n megb\u00edzhat\u00f3 vape \u00fczlet\u00e9ben, ahol pr\u00e9mium eldobhat\u00f3 vape-eket tal\u00e1l. T\u00f6bb mint 5 \u00e9ves szak\u00e9rtelemmel olyan n\u00e9pszer\u0171 eldobhat\u00f3 vape m\u00e1rk\u00e1kat k\u00edn\u00e1lunk, mint az Al Fakher, <a href=\"https:\/\/rmvapesale.com\/hu\/product-category\/bang-vapes\/\">Bang Vape<\/a>, Waspe, WGA Vape \u00e9s<a href=\"https:\/\/rmvapesale.com\/hu\/product-category\/randm-fumot-vape\/\"> RandM Vape<\/a>.<\/p>\n<p>K\u00edn\u00e1latunkban megtal\u00e1lhat\u00f3k a legn\u00e9pszer\u0171bb eldobhat\u00f3 vape-ek, mint p\u00e9ld\u00e1ul a <a href=\"https:\/\/rmvapesale.com\/hu\/product\/randm-tornado-15000-puffs-vape-wholesale\/\">RandM Tornado 15000<\/a> \u00e9s az \u00edzekben gazdag v\u00e1laszt\u00e9k, mint p\u00e9ld\u00e1ul az <a href=\"https:\/\/rmvapesale.com\/hu\/product\/bood-twins-46000-puff-digital-disposable-vape-bulk-buy-wholesale-price\/\">Bood Twins 46000<\/a>. Minden term\u00e9ket a min\u0151s\u00e9gre, \u00e9rt\u00e9kre \u00e9s v\u00e1ltozatoss\u00e1gra f\u00f3kusz\u00e1lva v\u00e1lasztunk ki, biztos\u00edtva, hogy megtal\u00e1lja az ig\u00e9nyeinek t\u00f6k\u00e9letesen megfelel\u0151t. Fedezze fel a kiv\u00e9teles szolg\u00e1ltat\u00e1st \u00e9s a sz\u00e9les v\u00e1laszt\u00e9kot a cs\u00facsmin\u0151s\u00e9g\u0171 term\u00e9kek ter\u00e9n az Rmvapesale-n\u00e9l.<\/p>\n<p>&nbsp;<\/p>\n<h3><b style=\"font-size: 1.5em;font-style: inherit\">GYIK a Bang Box 35000-hez <\/b><b style=\"font-size: 1.5em;font-style: inherit\">\u00dajrat\u00f6lthet\u0151 eldobhat\u00f3 vape<\/b><\/h3>\n<\/div>\n<h3><\/h3>\n<p><strong>1. H\u00e1ny slukk\u00f6t biztos\u00edt a Bang Box 35000?<\/strong><\/p>\n<p>A Bang Box ak\u00e1r <strong>35 000 slukk<\/strong>slukk\u00f6t is k\u00edn\u00e1l, \u00edgy ide\u00e1lis a hosszan tart\u00f3 haszn\u00e1latra gyakori csere n\u00e9lk\u00fcl.<\/p>\n<p><strong>2. \u00dajrat\u00f6lthetem a Bang Box 35000-et?<\/strong><\/p>\n<p>Igen, rendelkezik egy <strong>700mAh \u00fajrat\u00f6lthet\u0151 akkumul\u00e1tor<\/strong> \u00e9s egy <strong>Type-C porttal<\/strong> a gyors \u00e9s k\u00e9nyelmes t\u00f6lt\u00e9s \u00e9rdek\u00e9ben.<\/p>\n<p><strong>3. Mi a digit\u00e1lis kijelz\u0151 el\u0151nye?<\/strong><\/p>\n<p>A <strong>A LED \u00e9rint\u0151k\u00e9perny\u0151s kijelz\u0151<\/strong> lehet\u0151v\u00e9 teszi az akkumul\u00e1tor \u00e9lettartam\u00e1nak, az e-liquid szintj\u00e9nek figyelemmel k\u00eds\u00e9r\u00e9s\u00e9t, valamint a l\u00e9g\u00e1raml\u00e1s \u00e9s a teljes\u00edtm\u00e9ny m\u00f3dok egyszer\u0171 be\u00e1ll\u00edt\u00e1s\u00e1t.<\/p>\n<p><strong>4. Testreszabhatom a l\u00e9g\u00e1raml\u00e1st?<\/strong><\/p>\n<p>Term\u00e9szetesen! A Bang Box a k\u00f6vetkez\u0151vel \u00e9rkezik: <strong>h\u00e1rom \u00e1ll\u00edthat\u00f3 l\u00e9g\u00e1raml\u00e1si m\u00f3dot<\/strong>, amely lehet\u0151v\u00e9 teszi a vaping \u00e9lm\u00e9ny ir\u00e1ny\u00edt\u00e1s\u00e1t.<\/p>\n<p><strong>5. Hol v\u00e1s\u00e1rolhatok Bang Box 35000-et nagykereskedelmi \u00e1ron?<\/strong><\/p>\n<p>Megtal\u00e1lhatja a <strong>Bang Box 35000 Puffs<\/strong> versenyk\u00e9pes <strong>nagykereskedelmi \u00e1rakat<\/strong> on <a href=\"https:\/\/rmvapesale.com\/hu\/\" target=\"_new\" rel=\"noopener\">Rmvapesale online vape boltb\u00f3l<\/a>\u00e1rakon. V\u00e1s\u00e1roljon most a legjobb aj\u00e1nlatok\u00e9rt!<\/p>\n<p><img loading=\"lazy\" decoding=\"async\" class=\"wp-image-2941 size-full\" src=\"https:\/\/rmvapesale.com\/wp-content\/uploads\/2025\/01\/Bang-Vape-Screen-Disposable-Vape-35000-Puffs.webp\" alt=\"Bang Vape K\u00e9perny\u0151s Eldobhat\u00f3 Vape 35000 Puffs\" width=\"800\" height=\"558\" srcset=\"https:\/\/rmvapesale.com\/wp-content\/uploads\/2025\/01\/Bang-Vape-Screen-Disposable-Vape-35000-Puffs.webp 800w, https:\/\/rmvapesale.com\/wp-content\/uploads\/2025\/01\/Bang-Vape-Screen-Disposable-Vape-35000-Puffs-300x209.webp 300w, https:\/\/rmvapesale.com\/wp-content\/uploads\/2025\/01\/Bang-Vape-Screen-Disposable-Vape-35000-Puffs-768x536.webp 768w, https:\/\/rmvapesale.com\/wp-content\/uploads\/2025\/01\/Bang-Vape-Screen-Disposable-Vape-35000-Puffs-600x419.webp 600w\" sizes=\"auto, (max-width: 800px) 100vw, 800px\" \/><\/p>\n<\/div>\n<\/div>\n<\/div>\n<h3>A Sz\u00e1ll\u00edt\u00e1sr\u00f3l<\/h3>\n<div class=\"flex-shrink-0 flex flex-col relative items-end\">\n<div>\n<div class=\"pt-0\">\n<div class=\"gizmo-bot-avatar flex h-8 w-8 items-center justify-center overflow-hidden rounded-full\">\n<div><\/div>\n<div class=\"relative p-1 rounded-sm flex items-center justify-center bg-token-main-surface-primary text-token-text-primary h-8 w-8\"><strong>1. Milyen sz\u00e1ll\u00edt\u00e1si m\u00f3dokat haszn\u00e1lnak?<\/strong><\/div>\n<\/div>\n<\/div>\n<\/div>\n<\/div>\n<div class=\"group\/conversation-turn relative flex w-full min-w-0 flex-col agent-turn\">\n<div class=\"flex-col gap-1 md:gap-3\">\n<div class=\"flex max-w-full flex-col flex-grow\">\n<div class=\"min-h-[20px] text-message flex w-full flex-col items-end gap-2 whitespace-normal break-words [.text-message+&amp;]:mt-5 overflow-x-auto\" dir=\"auto\" data-message-author-role=\"assistant\" data-message-id=\"22f8283b-3233-46ff-89a5-c7a41b33abda\">\n<div class=\"flex w-full flex-col gap-1 empty:hidden first:pt-[3px]\">\n<div class=\"markdown prose w-full break-words dark:prose-invert light\">\n<p>Partnerei vagyunk a UPS, DHL, FedEx, DPD \u00e9s m\u00e1s vezet\u0151 fuvaroz\u00f3knak. A legjobb sz\u00e1ll\u00edt\u00e1si m\u00f3dot fogjuk kiv\u00e1lasztani a sz\u00e1ll\u00edt\u00e1si helysz\u00edne alapj\u00e1n, hogy a lehet\u0151 leggyorsabban megkapja a term\u00e9keit.<\/p>\n<\/div>\n<p><strong>2. Mennyi id\u0151 alatt \u00e9rkezik meg?<\/strong><\/p>\n<p>A csomagok \u00e1ltal\u00e1ban 10 munkanapon bel\u00fcl meg\u00e9rkeznek Magyarorsz\u00e1gra. Az eur\u00f3pai orsz\u00e1gokba t\u00f6rt\u00e9n\u0151 sz\u00e1ll\u00edt\u00e1s \u00e1ltal\u00e1ban 12-15 munkanapot vesz ig\u00e9nybe. Folyamatosan t\u00e1j\u00e9koztatjuk a sz\u00e1ll\u00edt\u00e1si st\u00e1tuszr\u00f3l.<\/p>\n<\/div>\n<\/div>\n<\/div>\n<\/div>\n<\/div>\n<p><strong><span style=\"color: #ff0000\">Egy\u00e9b n\u00e9pszer\u0171 okos eldobhat\u00f3 vape: <a href=\"https:\/\/rmvapesale.com\/hu\/product\/vopk-ultra-40000-puffs-double-taste-digital-screen-spaceman-disposable-vape-wholesale\/\">VOPK 40000 40K Puff<\/a>, <a href=\"https:\/\/rmvapesale.com\/hu\/product\/bang-vape-36000-puffs-rechargeable-disposable-vape-wholesale-price\/\">Bang Vape 36k,\u00a0<\/a><\/span><\/strong><\/p>\n<p>&nbsp;<\/p>\n<p>Tal\u00e1lja meg a tov\u00e1bbi vape term\u00e9keket, amelyek tetszhetnek \u00d6nnek:<strong><em><a href=\"https:\/\/rmvapesale.com\/hu\/shop-2\/\">V\u00e1s\u00e1roljon most &gt;&gt;&gt;<\/a><\/em><\/strong><\/p>","protected":false},"excerpt":{"rendered":"<p>\u00daj Bang Box 35k 35000 Puffs \u00c9rint\u00e9svez\u00e9rl\u00e9s K\u00e9t Teljes\u00edtm\u00e9ny M\u00f3d<br \/>\nBang Box 35000 Puffs \u00c9rint\u00e9svez\u00e9rl\u00e9s\u0171 Eldobhat\u00f3 Vape Nagykeresked\u00e9s<br \/>\nBang Box 35k Puffs \u00c9rint\u00e9svez\u00e9rl\u00e9s\u0171 Vape Nagykereskedelmi Olcs\u00f3 \u00c1ron<\/p>\n<p><strong>L\u00e9pjen kapcsolatba Amyvel, hogy megkapja a helyes v\u00e1laszt \u00e9s a vape kupont!<\/strong><\/p>\n<p><img loading=\"lazy\" decoding=\"async\" class=\"size-full wp-image-2375\" src=\"https:\/\/rmvapesale.com\/wp-content\/uploads\/2024\/10\/image.png\" alt=\"Legjobb Eldobhat\u00f3 Vape\" width=\"229\" height=\"300\" \/><\/p>\n<h3><a href=\"https:\/\/wa.me\/8617776015835\"><span style=\"color: #ff0000\"><strong>WhatsApp: +86 17776015835<\/strong><\/span><\/a><\/h3>\n<p>&nbsp;<\/p>","protected":false},"featured_media":2934,"comment_status":"open","ping_status":"closed","template":"","meta":{"_uag_custom_page_level_css":"","_lmt_disableupdate":"no","_lmt_disable":"","site-sidebar-layout":"default","site-content-layout":"content-boxed-container","ast-site-content-layout":"normal-width-container","site-content-style":"boxed","site-sidebar-style":"unboxed","ast-global-header-display":"","ast-banner-title-visibility":"","ast-main-header-display":"","ast-hfb-above-header-display":"","ast-hfb-below-header-display":"","ast-hfb-mobile-header-display":"","site-post-title":"","ast-breadcrumbs-content":"","ast-featured-img":"","footer-sml-layout":"","theme-transparent-header-meta":"default","adv-header-id-meta":"","stick-header-meta":"","header-above-stick-meta":"","header-main-stick-meta":"","header-below-stick-meta":"","astra-migrate-meta-layouts":"set","ast-page-background-enabled":"default","ast-page-background-meta":{"desktop":{"background-color":"var(--ast-global-color-4)","background-image":"","background-repeat":"repeat","background-position":"center center","background-size":"auto","background-attachment":"scroll","background-type":"","background-media":"","overlay-type":"","overlay-color":"","overlay-opacity":"","overlay-gradient":""},"tablet":{"background-color":"","background-image":"","background-repeat":"repeat","background-position":"center center","background-size":"auto","background-attachment":"scroll","background-type":"","background-media":"","overlay-type":"","overlay-color":"","overlay-opacity":"","overlay-gradient":""},"mobile":{"background-color":"","background-image":"","background-repeat":"repeat","background-position":"center center","background-size":"auto","background-attachment":"scroll","background-type":"","background-media":"","overlay-type":"","overlay-color":"","overlay-opacity":"","overlay-gradient":""}},"ast-content-background-meta":{"desktop":{"background-color":"var(--ast-global-color-5)","background-image":"","background-repeat":"repeat","background-position":"center center","background-size":"auto","background-attachment":"scroll","background-type":"","background-media":"","overlay-type":"","overlay-color":"","overlay-opacity":"","overlay-gradient":""},"tablet":{"background-color":"var(--ast-global-color-5)","background-image":"","background-repeat":"repeat","background-position":"center center","background-size":"auto","background-attachment":"scroll","background-type":"","background-media":"","overlay-type":"","overlay-color":"","overlay-opacity":"","overlay-gradient":""},"mobile":{"background-color":"var(--ast-global-color-5)","background-image":"","background-repeat":"repeat","background-position":"center center","background-size":"auto","background-attachment":"scroll","background-type":"","background-media":"","overlay-type":"","overlay-color":"","overlay-opacity":"","overlay-gradient":""}},"_joinchat":[]},"product_brand":[],"product_cat":[15,246,25,123,26,28,135,27,60,137,136,30],"product_tag":[267,199,146,131,40,111,266],"class_list":{"0":"post-2913","1":"product","2":"type-product","3":"status-publish","4":"has-post-thumbnail","6":"product_cat-new-vape-this-week","7":"product_cat-35000-puffs-disposable-vape","8":"product_cat-germany-best-selling-vape","9":"product_cat-italy-wholesale-vape","10":"product_cat-netherlands-hot-sale-vape","11":"product_cat-poland-hot-sale-vape","12":"product_cat-spain-best-hot-sale-vape","13":"product_cat-fance-hot-sale-vape","14":"product_cat-bang-vapes","15":"product_cat-rechargeable-vapes","16":"product_cat-smart-screen-vapes","17":"product_cat-minimum-order-quantity-50pcs","18":"product_tag-bang-box-35k","19":"product_tag-bang-vape","20":"product_tag-best-hot-sale-vape","21":"product_tag-big-puff-vape","22":"product_tag-hot-sale-vape","23":"product_tag-low-nicotine-disposable-vape","24":"product_tag-touch-screen-rechargeable-disposable-vape","25":"desktop-align-left","26":"tablet-align-left","27":"mobile-align-left","29":"first","30":"instock","31":"sale","32":"shipping-taxable","33":"purchasable","34":"product-type-simple"},"uagb_featured_image_src":{"full":["https:\/\/rmvapesale.com\/wp-content\/uploads\/2025\/01\/Bang-Box-Vape-35000-Puffs-Disposable-Vape-Bulk-Buy.webp",800,800,false],"thumbnail":["https:\/\/rmvapesale.com\/wp-content\/uploads\/2025\/01\/Bang-Box-Vape-35000-Puffs-Disposable-Vape-Bulk-Buy-150x150.webp",150,150,true],"medium":["https:\/\/rmvapesale.com\/wp-content\/uploads\/2025\/01\/Bang-Box-Vape-35000-Puffs-Disposable-Vape-Bulk-Buy-300x300.webp",300,300,true],"medium_large":["https:\/\/rmvapesale.com\/wp-content\/uploads\/2025\/01\/Bang-Box-Vape-35000-Puffs-Disposable-Vape-Bulk-Buy-768x768.webp",768,768,true],"large":["https:\/\/rmvapesale.com\/wp-content\/uploads\/2025\/01\/Bang-Box-Vape-35000-Puffs-Disposable-Vape-Bulk-Buy.webp",800,800,false],"1536x1536":["https:\/\/rmvapesale.com\/wp-content\/uploads\/2025\/01\/Bang-Box-Vape-35000-Puffs-Disposable-Vape-Bulk-Buy.webp",800,800,false],"2048x2048":["https:\/\/rmvapesale.com\/wp-content\/uploads\/2025\/01\/Bang-Box-Vape-35000-Puffs-Disposable-Vape-Bulk-Buy.webp",800,800,false],"trp-custom-language-flag":["https:\/\/rmvapesale.com\/wp-content\/uploads\/2025\/01\/Bang-Box-Vape-35000-Puffs-Disposable-Vape-Bulk-Buy.webp",12,12,false],"woocommerce_thumbnail":["https:\/\/rmvapesale.com\/wp-content\/uploads\/2025\/01\/Bang-Box-Vape-35000-Puffs-Disposable-Vape-Bulk-Buy-300x300.webp",300,300,true],"woocommerce_single":["https:\/\/rmvapesale.com\/wp-content\/uploads\/2025\/01\/Bang-Box-Vape-35000-Puffs-Disposable-Vape-Bulk-Buy-600x600.webp",600,600,true],"woocommerce_gallery_thumbnail":["https:\/\/rmvapesale.com\/wp-content\/uploads\/2025\/01\/Bang-Box-Vape-35000-Puffs-Disposable-Vape-Bulk-Buy-100x100.webp",100,100,true],"wcpr-photo-reviews":["https:\/\/rmvapesale.com\/wp-content\/uploads\/2025\/01\/Bang-Box-Vape-35000-Puffs-Disposable-Vape-Bulk-Buy.webp",500,500,false]},"uagb_author_info":{"display_name":"AMY","author_link":"https:\/\/rmvapesale.com\/hu\/author\/"},"uagb_comment_info":0,"uagb_excerpt":"New Bang box 35k 35000 Puffs Touch Control Two Power Mode Bang Box 35000 Puffs Touch Control Disposable Vape Wholesale Bang box 35k Puffs Touch Control Vape Bulk Buy Cheap Price Contact Amy to get right reply and vape coupon! WhatsApp: +86 17776015835 &nbsp;","_links":{"self":[{"href":"https:\/\/rmvapesale.com\/hu\/wp-json\/wp\/v2\/product\/2913","targetHints":{"allow":["GET"]}}],"collection":[{"href":"https:\/\/rmvapesale.com\/hu\/wp-json\/wp\/v2\/product"}],"about":[{"href":"https:\/\/rmvapesale.com\/hu\/wp-json\/wp\/v2\/types\/product"}],"replies":[{"embeddable":true,"href":"https:\/\/rmvapesale.com\/hu\/wp-json\/wp\/v2\/comments?post=2913"}],"wp:featuredmedia":[{"embeddable":true,"href":"https:\/\/rmvapesale.com\/hu\/wp-json\/wp\/v2\/media\/2934"}],"wp:attachment":[{"href":"https:\/\/rmvapesale.com\/hu\/wp-json\/wp\/v2\/media?parent=2913"}],"wp:term":[{"taxonomy":"product_brand","embeddable":true,"href":"https:\/\/rmvapesale.com\/hu\/wp-json\/wp\/v2\/product_brand?post=2913"},{"taxonomy":"product_cat","embeddable":true,"href":"https:\/\/rmvapesale.com\/hu\/wp-json\/wp\/v2\/product_cat?post=2913"},{"taxonomy":"product_tag","embeddable":true,"href":"https:\/\/rmvapesale.com\/hu\/wp-json\/wp\/v2\/product_tag?post=2913"}],"curies":[{"name":"wp","href":"https:\/\/api.w.org\/{rel}","templated":true}]}}