{"id":2948,"date":"2025-01-10T08:39:18","date_gmt":"2025-01-10T08:39:18","guid":{"rendered":"https:\/\/rmvapesale.com\/?post_type=product&#038;p=2948"},"modified":"2025-01-10T09:15:27","modified_gmt":"2025-01-10T09:15:27","slug":"crystal-vape-uwin-shisha-hookah-20k-20000-puffs-wholesale-best-price","status":"publish","type":"product","link":"https:\/\/rmvapesale.com\/hu\/product\/crystal-vape-uwin-shisha-hookah-20k-20000-puffs-wholesale-best-price\/","title":{"rendered":"Crystal Vape Uwin Shisha Hookah 20K 20000 Puffs Nagykereskedelmi Legjobb \u00c1r"},"content":{"rendered":"<div class=\"B2VR9 CJHX3e\">\n<div class=\"wyccme\">\n<div class=\"flex-shrink-0 flex flex-col relative items-end\">\n<div class=\"pt-0\">\n<div class=\"gizmo-bot-avatar flex h-8 w-8 items-center justify-center overflow-hidden rounded-full\">\n<div class=\"relative p-1 rounded-sm flex items-center justify-center bg-token-main-surface-primary text-token-text-primary h-8 w-8\">\n<div class=\"flex-shrink-0 flex flex-col relative items-end\">\n<div class=\"pt-0\">\n<div class=\"gizmo-bot-avatar flex h-8 w-8 items-center justify-center overflow-hidden rounded-full\">\n<h1 class=\"relative p-1 rounded-sm flex items-center justify-center bg-token-main-surface-primary text-token-text-primary h-8 w-8\">Crystal Vape Uwin Shisha Hookah 20K 20000 Puffs Nagykereskedelmi Legjobb \u00c1r<\/h1>\n<\/div>\n<\/div>\n<\/div>\n<\/div>\n<\/div>\n<\/div>\n<\/div>\n<div class=\"group\/conversation-turn relative flex w-full min-w-0 flex-col agent-turn\">\n<div class=\"flex-col gap-1 md:gap-3\">\n<div class=\"flex max-w-full flex-col flex-grow\">\n<div class=\"min-h-8 text-message flex w-full flex-col items-end gap-2 whitespace-normal break-words text-start [.text-message+&amp;]:mt-5\" dir=\"auto\" data-message-author-role=\"assistant\" data-message-id=\"80ece0c4-ead1-4ed9-a9f0-ddc22582b4f4\" data-message-model-slug=\"gpt-4o\">\n<div class=\"flex w-full flex-col gap-1 empty:hidden first:pt-[3px]\">\n<div class=\"markdown prose w-full break-words dark:prose-invert light\">\n<p>&nbsp;<\/p>\n<p>A <strong>Krist\u00e1ly Vape Uwin Shisha Hookah 20K 20000 slukk<\/strong>, egy kiv\u00e1l\u00f3 g\u0151z\u00f6l\u0151 eszk\u00f6z, amely a legmodernebb technol\u00f3gi\u00e1t, st\u00edlust \u00e9s teljes\u00edtm\u00e9nyt \u00f6tv\u00f6zi. Leny\u0171g\u00f6z\u0151 <strong>digit\u00e1lis kijelz\u0151<\/strong>, testreszabhat\u00f3 funkci\u00f3ival \u00e9s magas slukksz\u00e1mmal, mind az alkalmi, mind a tapasztalt g\u0151z\u00f6l\u0151k ig\u00e9nyeinek megfelel\u0151en tervezt\u00e9k.<\/p>\n<\/div>\n<p>Az Uwin Crystal 20000 vape-vel \u00e9lvezheti a hosszan tart\u00f3 g\u0151z\u00f6l\u00e9si \u00e9lm\u00e9nyt, ak\u00e1r <strong>20 000 slukk<\/strong> eszk\u00f6z\u00f6nk\u00e9nt. Mondjon b\u00facs\u00fat a gyakori cser\u00e9knek \u00e9s \u00fcdv\u00f6z\u00f6lje a zavartalan \u00e9lm\u00e9nyt! Az <strong>innovat\u00edv digit\u00e1lis kijelz\u0151<\/strong> t\u00e1j\u00e9koztatja az akkumul\u00e1tor \u00e9lettartam\u00e1r\u00f3l \u00e9s haszn\u00e1lat\u00e1r\u00f3l, \u00edgy biztos\u00edtva a probl\u00e9mamentes \u00e9lm\u00e9nyt. Ismerje meg k\u00e9sz\u00fcl\u00e9ke \u00e1llapot\u00e1t egy pillant\u00e1sra. A testreszabhat\u00f3 l\u00e9g\u00e1raml\u00e1si be\u00e1ll\u00edt\u00e1sokkal a Crystal Vape Uwin 20K alkalmazkodik az \u00d6n preferenci\u00e1ihoz. Ak\u00e1r sz\u0171kebb sz\u00edv\u00e1st, ak\u00e1r nyitottabb slukkot szeretne, ez az eszk\u00f6z biztos\u00edtja.<\/p>\n<p>Felszerelve egy <strong>0.8\u03a9 mesh tekercs<\/strong>, ez az \u00fajrat\u00f6lthet\u0151 eldobhat\u00f3 vape fokozott g\u0151ztermel\u00e9st \u00e9s p\u00e1ratlan \u00edzt biztos\u00edt. Minden slukk sima, gazdag \u00e9s kiel\u00e9g\u00edt\u0151. Egy <strong>650mAh kobalt \u00fajrat\u00f6lthet\u0151 akkumul\u00e1torral<\/strong> \u00e9s egy <strong>Type-C t\u00f6lt\u0151port<\/strong>t\u00f6ltve az Uwin Shisha Hookah mindig k\u00e9szen \u00e1ll a haszn\u00e1latra. A gyors \u00e9s hat\u00e9kony t\u00f6lt\u00e9s kevesebb \u00e1ll\u00e1sid\u0151t jelent. Az ergonomikus \u00e9s kompakt Crystal Vape Uwin eleg\u00e1ns kialak\u00edt\u00e1ssal rendelkezik, amely st\u00edlusos \u00e9s k\u00e9nyelmesen haszn\u00e1lhat\u00f3. Ez egyar\u00e1nt egy st\u00edlusos kieg\u00e9sz\u00edt\u0151 \u00e9s egy g\u0151z\u00f6l\u0151 eszk\u00f6z. El\u00e9rhet\u0151 <strong>0%, 2%, 3% \u00e9s 5% nikotin er\u0151ss\u00e9g k\u00f6z\u00f6tt<\/strong>, ez a vape minden preferenci\u00e1nak megfelel. Ak\u00e1r er\u0151s slukkot, ak\u00e1r enyh\u00e9bb \u00e9lm\u00e9nyt szeretne, megtal\u00e1lja a megfelel\u0151t.<\/p>\n<\/div>\n<p>Friss\u00edtse g\u0151z\u00f6l\u00e9si \u00e9lm\u00e9ny\u00e9t a <strong>Crystal Vape Uwin Shisha Hookah 20000<\/strong>St\u00edlus, teljes\u00edtm\u00e9ny \u00e9s k\u00e9nyelem kombin\u00e1ci\u00f3j\u00e1val t\u00f6k\u00e9letes v\u00e1laszt\u00e1s a vaperek sz\u00e1m\u00e1ra. Ne v\u00e1rjon \u2013 rendelje meg m\u00e9g ma!<\/p>\n<\/div>\n<\/div>\n<\/div>\n<\/div>\n<div class=\"flex-shrink-0 flex flex-col relative items-end\">\n<div class=\"pt-0\">\n<div class=\"gizmo-bot-avatar flex h-8 w-8 items-center justify-center overflow-hidden rounded-full\">\n<p>&nbsp;<\/p>\n<\/div>\n<\/div>\n<\/div>\n<\/div>\n<\/div>\n<p><strong>L\u00e9pjen kapcsolatba Amyvel, hogy megkapja a helyes v\u00e1laszt \u00e9s a vape kupont!<\/strong><\/p>\n<p><img loading=\"lazy\" decoding=\"async\" class=\"size-full wp-image-1978\" src=\"https:\/\/rmvapesale.com\/wp-content\/uploads\/2024\/09\/Disposable-Vape-Wholesale.jpg\" alt=\"Eldobhat\u00f3 Vape Nagykereskedelem\" width=\"229\" height=\"300\" \/><\/p>\n<h3><a href=\"https:\/\/wa.me\/8617776015835\" target=\"_blank\" rel=\"noopener\"><span style=\"color: #ff0000\"><strong>WhatsApp: +86 17776015835<\/strong><\/span><\/a><\/h3>\n<p>&nbsp;<\/p>\n<h2><strong style=\"font-size: 1.7em\">Crystal Vape Uwin 20000 F\u0151bb Jellemz\u0151k<\/strong><\/h2>\n<h3><\/h3>\n<ul>\n<li><strong>Slukkok Sz\u00e1ma<\/strong>: Ak\u00e1r 20 000 a hosszan tart\u00f3 haszn\u00e1lat\u00e9rt<\/li>\n<li><strong>Digit\u00e1lis kijelz\u0151<\/strong>: Akkumul\u00e1tor \u00e9lettartam\u00e1nak \u00e9s haszn\u00e1lat\u00e1nak val\u00f3s idej\u0171 monitoroz\u00e1sa<\/li>\n<li><strong>E-Liquid Kapacit\u00e1s<\/strong>: 22 ml-es el\u0151re t\u00f6lt\u00f6tt tart\u00e1ly a ritk\u00e1bb ut\u00e1nt\u00f6lt\u00e9s\u00e9rt<\/li>\n<li><strong>H\u00e1l\u00f3s Tekercs<\/strong>: 0,8\u03a9-os tekercs a gazdag \u00edz\u00e9rt \u00e9s s\u0171r\u0171 g\u0151z\u00e9rt<\/li>\n<li><strong>\u00dajrat\u00f6lthet\u0151 Akkumul\u00e1tor<\/strong>: 650 mAh kobalt akkumul\u00e1tor C t\u00edpus\u00fa t\u00f6lt\u00e9ssel<\/li>\n<li><strong>Nikotinszintek<\/strong>: El\u00e9rhet\u0151 0%-os, 2%-os, 3%-os \u00e9s 5%-os v\u00e1ltozatban<\/li>\n<li><strong>\u00cdzek<\/strong>: 12 finom \u00edz k\u00f6z\u00fcl lehet v\u00e1lasztani<\/li>\n<li><strong>\u00c1ll\u00edthat\u00f3 l\u00e9g\u00e1raml\u00e1s<\/strong>: Testreszabhat\u00f3 be\u00e1ll\u00edt\u00e1sok a szem\u00e9lyre szabott \u00e9lm\u00e9ny\u00e9rt<\/li>\n<li><strong>Kompakt Kialak\u00edt\u00e1s<\/strong>: Eleg\u00e1ns \u00e9s ergonomikus a hordozhat\u00f3s\u00e1g \u00e9s a st\u00edlus \u00e9rdek\u00e9ben<\/li>\n<\/ul>\n<h2><strong style=\"font-size: 1.7em\">Legkelend\u0151bb \u00cdzek az Uwin 20000-hez <\/strong><strong style=\"font-size: 1.7em\">Krist\u00e1ly Vape<\/strong><\/h2>\n<p>Ez az eldobhat\u00f3 vape el\u00e9rhet\u0151 <strong>12 \u00edzletes \u00edzben<\/strong>, gazdag v\u00e1laszt\u00e9kot k\u00edn\u00e1lva a k\u00fcl\u00f6nb\u00f6z\u0151 felhaszn\u00e1l\u00f3k ig\u00e9nyeinek kiel\u00e9g\u00edt\u00e9s\u00e9re. Melyik a legjobb \u00edz a Uwin Crystal 20000-hez? K\u00e9rj\u00fck, tekintse meg a legkelend\u0151bb \u00edzeket, melyek \u00e9rt\u00e9kes\u00edt\u00e9si adataink \u00e9s vev\u0151i v\u00e9lem\u00e9nyeink alapj\u00e1n ker\u00fcltek \u00f6ssze\u00e1ll\u00edt\u00e1sra.<\/p>\n<ol>\n<li>G\u00f6r\u00f6gdinnye <span style=\"color: #ff0000\"><strong>&gt;&gt;&gt;&gt; Felkapott!<\/strong><\/span><\/li>\n<li>Mang\u00f3 j\u00e9g<\/li>\n<li>\u00c1fonya M\u00e1lna <span style=\"color: #ff0000\"><strong>&gt;&gt;&gt;&gt; Felkapott!<\/strong><\/span><\/li>\n<li>Sz\u0151l\u0151 Menta<\/li>\n<li>Maracuja<\/li>\n<li>Eper Kiwi<\/li>\n<li>Dupla Alma<\/li>\n<li>Barack J\u00e9g<\/li>\n<li>Anan\u00e1sz K\u00f3kusz<\/li>\n<li>Vegyes bogy\u00f3s gy\u00fcm\u00f6lcs\u00f6k <strong><span style=\"color: #ff0000\">&gt;&gt;&gt;&gt; A legjobb !<\/span><\/strong><\/li>\n<li>Citrom Menta <span style=\"color: #ff0000\"><strong>&gt;&gt;&gt;&gt; Felkapott!<\/strong><\/span><\/li>\n<li>Narancs z\u00fazal\u00e9k<\/li>\n<\/ol>\n<figure id=\"attachment_2944\" aria-describedby=\"caption-attachment-2944\" style=\"width: 800px\" class=\"wp-caption alignnone\"><img loading=\"lazy\" decoding=\"async\" class=\"wp-image-2944 size-full\" src=\"https:\/\/rmvapesale.com\/wp-content\/uploads\/2025\/01\/Hookah-Shisha-Uwin-Crystal-20000-Puffs-Disposable-Vape.webp\" alt=\"Hookah Shisha Uwin Crystal 20000 Puffs Eldobhat\u00f3 Vape\" width=\"800\" height=\"800\" srcset=\"https:\/\/rmvapesale.com\/wp-content\/uploads\/2025\/01\/Hookah-Shisha-Uwin-Crystal-20000-Puffs-Disposable-Vape.webp 800w, https:\/\/rmvapesale.com\/wp-content\/uploads\/2025\/01\/Hookah-Shisha-Uwin-Crystal-20000-Puffs-Disposable-Vape-300x300.webp 300w, https:\/\/rmvapesale.com\/wp-content\/uploads\/2025\/01\/Hookah-Shisha-Uwin-Crystal-20000-Puffs-Disposable-Vape-150x150.webp 150w, https:\/\/rmvapesale.com\/wp-content\/uploads\/2025\/01\/Hookah-Shisha-Uwin-Crystal-20000-Puffs-Disposable-Vape-768x768.webp 768w, https:\/\/rmvapesale.com\/wp-content\/uploads\/2025\/01\/Hookah-Shisha-Uwin-Crystal-20000-Puffs-Disposable-Vape-600x600.webp 600w, https:\/\/rmvapesale.com\/wp-content\/uploads\/2025\/01\/Hookah-Shisha-Uwin-Crystal-20000-Puffs-Disposable-Vape-100x100.webp 100w\" sizes=\"auto, (max-width: 800px) 100vw, 800px\" \/><figcaption id=\"caption-attachment-2944\" class=\"wp-caption-text\">Hookah Shisha Uwin Crystal 20000 Puffs Eldobhat\u00f3 Vape<\/figcaption><\/figure>\n<h3><strong>Mi\u00e9rt v\u00e1lassza az Rmvapesale-t a Crystal Vape Uwin 20000 Puffs-hoz?\u00a0 <\/strong><strong>V<\/strong><strong>ape Nagykeresked\u00e9s<\/strong><strong>?<\/strong><\/h3>\n<div class=\"flex-shrink-0 flex flex-col relative items-end\">\n<div class=\"pt-0\">\n<div class=\"gizmo-bot-avatar flex h-8 w-8 items-center justify-center overflow-hidden rounded-full\">\n<p class=\"relative p-1 rounded-sm flex items-center justify-center bg-token-main-surface-primary text-token-text-primary h-8 w-8\">\u00dcdv\u00f6z\u00f6lj\u00fck a Rmvapesale-ben, az \u00d6n megb\u00edzhat\u00f3 vape \u00fczlet\u00e9ben, ahol pr\u00e9mium eldobhat\u00f3 vape-eket tal\u00e1l. T\u00f6bb mint 5 \u00e9ves szak\u00e9rtelemmel olyan n\u00e9pszer\u0171 eldobhat\u00f3 vape m\u00e1rk\u00e1kat k\u00edn\u00e1lunk, mint az Al Fakher, <a href=\"https:\/\/rmvapesale.com\/hu\/product-category\/bang-vapes\/\">Bang Vape<\/a>, Waspe, WGA Vape \u00e9s<a href=\"https:\/\/rmvapesale.com\/hu\/product-category\/randm-fumot-vape\/\"> RandM Vape<\/a>. K\u00edn\u00e1latunkban olyan forr\u00f3 elad\u00e1s\u00fa eldobhat\u00f3 vape-ok szerepelnek, mint az <a href=\"https:\/\/rmvapesale.com\/hu\/product\/bang-box-35000-puffs-touch-screen-bulk-buy-price-rechargeable-disposable-vapes\/\">Bang Box 35000 Puffs<\/a> \u00e9s az \u00edzekben gazdag v\u00e1laszt\u00e9k, mint p\u00e9ld\u00e1ul az<a href=\"https:\/\/rmvapesale.com\/hu\/product\/bood-pulse-pro-50000-puff-50k-low-nicotine-disposable-vape-wholesale-bulk-buy-price\/\">\u00a0Bood Pulse PRO 50000<\/a>. Minden term\u00e9ket a min\u0151s\u00e9gre, \u00e9rt\u00e9kre \u00e9s v\u00e1ltozatoss\u00e1gra f\u00f3kusz\u00e1lva v\u00e1lasztunk ki, biztos\u00edtva, hogy megtal\u00e1lja az ig\u00e9nyeinek t\u00f6k\u00e9letesen megfelel\u0151t. Fedezze fel a kiv\u00e9teles szolg\u00e1ltat\u00e1st \u00e9s a sz\u00e9les v\u00e1laszt\u00e9kot a cs\u00facsmin\u0151s\u00e9g\u0171 term\u00e9kek ter\u00e9n az Rmvapesale-n\u00e9l.<\/p>\n<p>&nbsp;<\/p>\n<p class=\"relative p-1 rounded-sm flex items-center justify-center bg-token-main-surface-primary text-token-text-primary h-8 w-8\"><b style=\"font-size: 1.5em;font-style: inherit\">GYIK a Crystal Vape Uwin 20000-hez <\/b><b style=\"font-size: 1.5em;font-style: inherit\">\u00dajrat\u00f6lthet\u0151 eldobhat\u00f3 vape<\/b><\/p>\n<h3><\/h3>\n<h4><strong>1. H\u00e1ny slukkot k\u00edn\u00e1l a Crystal Vape Uwin Shisha Hookah 20K?<\/strong><\/h4>\n<p>A k\u00e9sz\u00fcl\u00e9k ak\u00e1r <strong>20 000 slukk<\/strong>slukkot is biztos\u00edt, \u00edgy hossz\u00fa t\u00e1v\u00fa haszn\u00e1latra is alkalmas.<\/p>\n<h4><strong>2. Van digit\u00e1lis kijelz\u0151je ennek a vapenek?<\/strong><\/h4>\n<p>Igen, rendelkezik <strong>k\u00f6nnyen leolvashat\u00f3 digit\u00e1lis kijelz\u0151 <\/strong>a k\u00f6nny\u0171 akkumul\u00e1tor \u00e9lettartam \u00e9s haszn\u00e1lat figyelemmel k\u00eds\u00e9r\u00e9s\u00e9hez.<\/p>\n<h4><strong>3. \u00dajrat\u00f6lthet\u0151 az akkumul\u00e1tor?<\/strong><\/h4>\n<p>Term\u00e9szetesen! J\u00e1r hozz\u00e1 egy <strong>650mAh \u00fajrat\u00f6lthet\u0151 akkumul\u00e1torral<\/strong> \u00e9s egy <strong>Type-C porttal<\/strong> a gyors \u00e9s k\u00e9nyelmes t\u00f6lt\u00e9s \u00e9rdek\u00e9ben.<\/p>\n<h4><strong>4. \u00c1ll\u00edthat\u00f3 a l\u00e9g\u00e1raml\u00e1s?<\/strong><\/h4>\n<p>Igen, az Uwin Shisha Hookah 20K k\u00edn\u00e1l <strong>szem\u00e9lyre szabhat\u00f3 l\u00e9g\u00e1raml\u00e1si be\u00e1ll\u00edt\u00e1sokat<\/strong> az \u00d6n g\u0151z\u00f6l\u00e9si preferenci\u00e1inak megfelel\u0151en.<\/p>\n<h4><strong>5. Hol v\u00e1s\u00e1rolhatom meg a Crystal Vape Uwin Shisha Hookah 20K-t nagykereskedelmi \u00e1ron?<\/strong><\/h4>\n<p>Ezt a term\u00e9ket a legjobb <strong>nagykereskedelmi \u00e1rakat<\/strong> on <a href=\"https:\/\/rmvapesale.com\/hu\/\" target=\"_new\" rel=\"noopener\">Rmvapesale online vape boltb\u00f3l<\/a>. V\u00e1s\u00e1roljon most verhetetlen aj\u00e1nlatok\u00e9rt!<\/p>\n<p>&nbsp;<\/p>\n<\/div>\n<\/div>\n<\/div>\n<h3>A Sz\u00e1ll\u00edt\u00e1sr\u00f3l<\/h3>\n<div class=\"flex-shrink-0 flex flex-col relative items-end\">\n<div>\n<div class=\"pt-0\">\n<div class=\"gizmo-bot-avatar flex h-8 w-8 items-center justify-center overflow-hidden rounded-full\">\n<div><\/div>\n<div class=\"relative p-1 rounded-sm flex items-center justify-center bg-token-main-surface-primary text-token-text-primary h-8 w-8\"><strong>1. Milyen sz\u00e1ll\u00edt\u00e1si m\u00f3dokat haszn\u00e1lnak?<\/strong><\/div>\n<\/div>\n<\/div>\n<\/div>\n<\/div>\n<div class=\"group\/conversation-turn relative flex w-full min-w-0 flex-col agent-turn\">\n<div class=\"flex-col gap-1 md:gap-3\">\n<div class=\"flex max-w-full flex-col flex-grow\">\n<div class=\"min-h-[20px] text-message flex w-full flex-col items-end gap-2 whitespace-normal break-words [.text-message+&amp;]:mt-5 overflow-x-auto\" dir=\"auto\" data-message-author-role=\"assistant\" data-message-id=\"22f8283b-3233-46ff-89a5-c7a41b33abda\">\n<div class=\"flex w-full flex-col gap-1 empty:hidden first:pt-[3px]\">\n<div class=\"markdown prose w-full break-words dark:prose-invert light\">\n<p>Partnerei vagyunk a UPS, DHL, FedEx, DPD \u00e9s m\u00e1s vezet\u0151 fuvaroz\u00f3knak. A legjobb sz\u00e1ll\u00edt\u00e1si m\u00f3dot fogjuk kiv\u00e1lasztani a sz\u00e1ll\u00edt\u00e1si helysz\u00edne alapj\u00e1n, hogy a lehet\u0151 leggyorsabban megkapja a term\u00e9keit.<\/p>\n<\/div>\n<p><strong>2. Mennyi id\u0151 alatt \u00e9rkezik meg?<\/strong><\/p>\n<p>A csomagok \u00e1ltal\u00e1ban 10 munkanapon bel\u00fcl meg\u00e9rkeznek Magyarorsz\u00e1gra. Az eur\u00f3pai orsz\u00e1gokba t\u00f6rt\u00e9n\u0151 sz\u00e1ll\u00edt\u00e1s \u00e1ltal\u00e1ban 12-15 munkanapot vesz ig\u00e9nybe. Folyamatosan t\u00e1j\u00e9koztatjuk a sz\u00e1ll\u00edt\u00e1si st\u00e1tuszr\u00f3l.<\/p>\n<\/div>\n<\/div>\n<\/div>\n<\/div>\n<\/div>\n<p>&nbsp;<\/p>\n<p>Tal\u00e1lja meg a tov\u00e1bbi vape term\u00e9keket, amelyek tetszhetnek \u00d6nnek:<strong><em><a href=\"https:\/\/rmvapesale.com\/hu\/shop-2\/\">V\u00e1s\u00e1roljon most &gt;&gt;&gt;<\/a><\/em><\/strong><\/p>","protected":false},"excerpt":{"rendered":"<p>Uwin Shisha Hookah Crystal 20000 slukk \u00f6mlesztett<br \/>\nUwin Crystal 20000 slukkos eldobhat\u00f3 Vape E Shisha Hookah<br \/>\nLegjobb nagykereskedelmi \u00e1r Uwin Shisha Hookah Crystal 20K 20000 slukk<\/p>\n<p><strong>L\u00e9pjen kapcsolatba Amyvel, hogy megkapja a helyes v\u00e1laszt \u00e9s a vape kupont!<\/strong><\/p>\n<p><img loading=\"lazy\" decoding=\"async\" class=\"size-full wp-image-2375\" src=\"https:\/\/rmvapesale.com\/wp-content\/uploads\/2024\/10\/image.png\" alt=\"Legjobb Eldobhat\u00f3 Vape\" width=\"229\" height=\"300\" \/><\/p>\n<h3><a href=\"https:\/\/wa.me\/8617776015835\"><span style=\"color: #ff0000\"><strong>WhatsApp: +86 17776015835<\/strong><\/span><\/a><\/h3>\n<p>&nbsp;<\/p>","protected":false},"featured_media":2943,"comment_status":"open","ping_status":"closed","template":"","meta":{"_uag_custom_page_level_css":"","_lmt_disableupdate":"no","_lmt_disable":"","site-sidebar-layout":"default","site-content-layout":"content-boxed-container","ast-site-content-layout":"normal-width-container","site-content-style":"boxed","site-sidebar-style":"unboxed","ast-global-header-display":"","ast-banner-title-visibility":"","ast-main-header-display":"","ast-hfb-above-header-display":"","ast-hfb-below-header-display":"","ast-hfb-mobile-header-display":"","site-post-title":"","ast-breadcrumbs-content":"","ast-featured-img":"","footer-sml-layout":"","theme-transparent-header-meta":"default","adv-header-id-meta":"","stick-header-meta":"","header-above-stick-meta":"","header-main-stick-meta":"","header-below-stick-meta":"","astra-migrate-meta-layouts":"set","ast-page-background-enabled":"default","ast-page-background-meta":{"desktop":{"background-color":"var(--ast-global-color-4)","background-image":"","background-repeat":"repeat","background-position":"center center","background-size":"auto","background-attachment":"scroll","background-type":"","background-media":"","overlay-type":"","overlay-color":"","overlay-opacity":"","overlay-gradient":""},"tablet":{"background-color":"","background-image":"","background-repeat":"repeat","background-position":"center center","background-size":"auto","background-attachment":"scroll","background-type":"","background-media":"","overlay-type":"","overlay-color":"","overlay-opacity":"","overlay-gradient":""},"mobile":{"background-color":"","background-image":"","background-repeat":"repeat","background-position":"center center","background-size":"auto","background-attachment":"scroll","background-type":"","background-media":"","overlay-type":"","overlay-color":"","overlay-opacity":"","overlay-gradient":""}},"ast-content-background-meta":{"desktop":{"background-color":"var(--ast-global-color-5)","background-image":"","background-repeat":"repeat","background-position":"center center","background-size":"auto","background-attachment":"scroll","background-type":"","background-media":"","overlay-type":"","overlay-color":"","overlay-opacity":"","overlay-gradient":""},"tablet":{"background-color":"var(--ast-global-color-5)","background-image":"","background-repeat":"repeat","background-position":"center center","background-size":"auto","background-attachment":"scroll","background-type":"","background-media":"","overlay-type":"","overlay-color":"","overlay-opacity":"","overlay-gradient":""},"mobile":{"background-color":"var(--ast-global-color-5)","background-image":"","background-repeat":"repeat","background-position":"center center","background-size":"auto","background-attachment":"scroll","background-type":"","background-media":"","overlay-type":"","overlay-color":"","overlay-opacity":"","overlay-gradient":""}},"_joinchat":[]},"product_brand":[],"product_cat":[15,255,25,123,26,28,135,27,60,137,136,30],"product_tag":[146,40,111,103,269,268],"class_list":{"0":"post-2948","1":"product","2":"type-product","3":"status-publish","4":"has-post-thumbnail","6":"product_cat-new-vape-this-week","7":"product_cat-20000-puff-disposable-vape","8":"product_cat-germany-best-selling-vape","9":"product_cat-italy-wholesale-vape","10":"product_cat-netherlands-hot-sale-vape","11":"product_cat-poland-hot-sale-vape","12":"product_cat-spain-best-hot-sale-vape","13":"product_cat-fance-hot-sale-vape","14":"product_cat-bang-vapes","15":"product_cat-rechargeable-vapes","16":"product_cat-smart-screen-vapes","17":"product_cat-minimum-order-quantity-50pcs","18":"product_tag-best-hot-sale-vape","19":"product_tag-hot-sale-vape","20":"product_tag-low-nicotine-disposable-vape","21":"product_tag-shisha-hookah","22":"product_tag-uwin-crystal-20000","23":"product_tag-uwin-shisha-hookah-20k","24":"desktop-align-left","25":"tablet-align-left","26":"mobile-align-left","28":"first","29":"instock","30":"sale","31":"shipping-taxable","32":"purchasable","33":"product-type-simple"},"uagb_featured_image_src":{"full":["https:\/\/rmvapesale.com\/wp-content\/uploads\/2025\/01\/Hookah-Shisha-Uwin-Crystal-20000-Puffs-Disposable-Vape-Bulk-Buy.webp",800,800,false],"thumbnail":["https:\/\/rmvapesale.com\/wp-content\/uploads\/2025\/01\/Hookah-Shisha-Uwin-Crystal-20000-Puffs-Disposable-Vape-Bulk-Buy-150x150.webp",150,150,true],"medium":["https:\/\/rmvapesale.com\/wp-content\/uploads\/2025\/01\/Hookah-Shisha-Uwin-Crystal-20000-Puffs-Disposable-Vape-Bulk-Buy-300x300.webp",300,300,true],"medium_large":["https:\/\/rmvapesale.com\/wp-content\/uploads\/2025\/01\/Hookah-Shisha-Uwin-Crystal-20000-Puffs-Disposable-Vape-Bulk-Buy-768x768.webp",768,768,true],"large":["https:\/\/rmvapesale.com\/wp-content\/uploads\/2025\/01\/Hookah-Shisha-Uwin-Crystal-20000-Puffs-Disposable-Vape-Bulk-Buy.webp",800,800,false],"1536x1536":["https:\/\/rmvapesale.com\/wp-content\/uploads\/2025\/01\/Hookah-Shisha-Uwin-Crystal-20000-Puffs-Disposable-Vape-Bulk-Buy.webp",800,800,false],"2048x2048":["https:\/\/rmvapesale.com\/wp-content\/uploads\/2025\/01\/Hookah-Shisha-Uwin-Crystal-20000-Puffs-Disposable-Vape-Bulk-Buy.webp",800,800,false],"trp-custom-language-flag":["https:\/\/rmvapesale.com\/wp-content\/uploads\/2025\/01\/Hookah-Shisha-Uwin-Crystal-20000-Puffs-Disposable-Vape-Bulk-Buy.webp",12,12,false],"woocommerce_thumbnail":["https:\/\/rmvapesale.com\/wp-content\/uploads\/2025\/01\/Hookah-Shisha-Uwin-Crystal-20000-Puffs-Disposable-Vape-Bulk-Buy-300x300.webp",300,300,true],"woocommerce_single":["https:\/\/rmvapesale.com\/wp-content\/uploads\/2025\/01\/Hookah-Shisha-Uwin-Crystal-20000-Puffs-Disposable-Vape-Bulk-Buy-600x600.webp",600,600,true],"woocommerce_gallery_thumbnail":["https:\/\/rmvapesale.com\/wp-content\/uploads\/2025\/01\/Hookah-Shisha-Uwin-Crystal-20000-Puffs-Disposable-Vape-Bulk-Buy-100x100.webp",100,100,true],"wcpr-photo-reviews":["https:\/\/rmvapesale.com\/wp-content\/uploads\/2025\/01\/Hookah-Shisha-Uwin-Crystal-20000-Puffs-Disposable-Vape-Bulk-Buy.webp",500,500,false]},"uagb_author_info":{"display_name":"AMY","author_link":"https:\/\/rmvapesale.com\/hu\/author\/"},"uagb_comment_info":0,"uagb_excerpt":"Uwin Shisha Hookah Crystal 20000 Puff Bulk Uwin Crystal 20000 Puffs Disposable Vape E Shisha Hookah Best Wholesale Price Uwin Shisha Hookah Crystal 20K 20000 Puffs Contact Amy to get right reply and vape coupon! WhatsApp: +86 17776015835 &nbsp;","_links":{"self":[{"href":"https:\/\/rmvapesale.com\/hu\/wp-json\/wp\/v2\/product\/2948","targetHints":{"allow":["GET"]}}],"collection":[{"href":"https:\/\/rmvapesale.com\/hu\/wp-json\/wp\/v2\/product"}],"about":[{"href":"https:\/\/rmvapesale.com\/hu\/wp-json\/wp\/v2\/types\/product"}],"replies":[{"embeddable":true,"href":"https:\/\/rmvapesale.com\/hu\/wp-json\/wp\/v2\/comments?post=2948"}],"wp:featuredmedia":[{"embeddable":true,"href":"https:\/\/rmvapesale.com\/hu\/wp-json\/wp\/v2\/media\/2943"}],"wp:attachment":[{"href":"https:\/\/rmvapesale.com\/hu\/wp-json\/wp\/v2\/media?parent=2948"}],"wp:term":[{"taxonomy":"product_brand","embeddable":true,"href":"https:\/\/rmvapesale.com\/hu\/wp-json\/wp\/v2\/product_brand?post=2948"},{"taxonomy":"product_cat","embeddable":true,"href":"https:\/\/rmvapesale.com\/hu\/wp-json\/wp\/v2\/product_cat?post=2948"},{"taxonomy":"product_tag","embeddable":true,"href":"https:\/\/rmvapesale.com\/hu\/wp-json\/wp\/v2\/product_tag?post=2948"}],"curies":[{"name":"wp","href":"https:\/\/api.w.org\/{rel}","templated":true}]}}