{"id":2955,"date":"2025-01-13T06:29:57","date_gmt":"2025-01-13T06:29:57","guid":{"rendered":"https:\/\/rmvapesale.com\/?post_type=product&#038;p=2955"},"modified":"2025-01-13T07:21:49","modified_gmt":"2025-01-13T07:21:49","slug":"bangking-35000-puffs-double-flavour-disposable-vape-wholesale-cheap-price","status":"publish","type":"product","link":"https:\/\/rmvapesale.com\/hu\/product\/bangking-35000-puffs-double-flavour-disposable-vape-wholesale-cheap-price\/","title":{"rendered":"Bangking 35000 slukkol\u00e1sos k\u00e9t \u00edz\u0171 eldobhat\u00f3 vape nagykereskedelmi olcs\u00f3 \u00e1r"},"content":{"rendered":"<div class=\"B2VR9 CJHX3e\">\n<div class=\"wyccme\">\n<div class=\"flex-shrink-0 flex flex-col relative items-end\">\n<div class=\"pt-0\">\n<div class=\"gizmo-bot-avatar flex h-8 w-8 items-center justify-center overflow-hidden rounded-full\">\n<div class=\"relative p-1 rounded-sm flex items-center justify-center bg-token-main-surface-primary text-token-text-primary h-8 w-8\">\n<div class=\"flex-shrink-0 flex flex-col relative items-end\">\n<div class=\"pt-0\">\n<div class=\"gizmo-bot-avatar flex h-8 w-8 items-center justify-center overflow-hidden rounded-full\">\n<h1 class=\"relative p-1 rounded-sm flex items-center justify-center bg-token-main-surface-primary text-token-text-primary h-8 w-8\">Bangking 35000 slukkol\u00e1sos k\u00e9t \u00edz\u0171 eldobhat\u00f3 vape nagykereskedelmi olcs\u00f3 \u00e1r<\/h1>\n<\/div>\n<\/div>\n<\/div>\n<\/div>\n<\/div>\n<\/div>\n<\/div>\n<div class=\"group\/conversation-turn relative flex w-full min-w-0 flex-col agent-turn\">\n<div class=\"flex-col gap-1 md:gap-3\">\n<div class=\"flex max-w-full flex-col flex-grow\">\n<div class=\"min-h-8 text-message flex w-full flex-col items-end gap-2 whitespace-normal break-words text-start [.text-message+&amp;]:mt-5\" dir=\"auto\" data-message-author-role=\"assistant\" data-message-id=\"80ece0c4-ead1-4ed9-a9f0-ddc22582b4f4\" data-message-model-slug=\"gpt-4o\">\n<p>Olyan vape-et keresel, ami l\u00e9p\u00e9st tart az \u00e9letst\u00edlusoddal? K\u00f6sz\u00f6ntsd a <strong>Bangking 35000 Puffs dupla \u00edzes\u00edt\u00e9s\u0171 eldobhat\u00f3 vape-et<\/strong>\u2014egy igazi \u00e1tt\u00f6r\u00e9s az eldobhat\u00f3 vape-ek vil\u00e1g\u00e1ban! Ez az eszk\u00f6z az\u00e9rt van itt, hogy <strong>massz\u00edv slukkokat<\/strong>, <strong>k\u00e9t hihetetlen \u00edzt egyben<\/strong>, \u00e9s <strong>testre szabhat\u00f3 nikotinszinteket<\/strong>ny\u00fajtson. Mindezt olyan \u00e1ron, ami nem fogja cs\u0151dbe vinni a p\u00e9nzt\u00e1rc\u00e1dat!<\/p>\n<h2><strong>Mi\u00e9rt v\u00e1laszd a Bangking 35000 Puffs-ot?<\/strong><\/h2>\n<ul>\n<li><strong>Dupla \u00edz, dupla sz\u00f3rakoz\u00e1s<\/strong><br \/>\nEleged van abb\u00f3l, hogy csak egy \u00edzhez ragaszkodj? A <strong>2 az 1-ben \u00edztechnol\u00f3gi\u00e1val<\/strong>, k\u00e9t \u00ednycsikland\u00f3 lehet\u0151s\u00e9g k\u00f6z\u00f6tt v\u00e1lthatsz egyetlen eszk\u00f6zzel. Olyan, mintha k\u00e9t vapet hordan\u00e1l a zsebedben!<\/li>\n<li><strong>P\u00e1ratlan slukksz\u00e1m<\/strong><br \/>\nA <strong>35 000 slukk<\/strong>slukkal ez a vape tart\u00f3s haszn\u00e1latra k\u00e9sz\u00fclt. Ez nem csak sok slukk, hanem rengeteg \u00e9rt\u00e9k is egyben!<\/li>\n<li><strong>\u00dajrat\u00f6lthet\u0151 k\u00e9nyelem<\/strong><br \/>\nA be\u00e9p\u00edtett <strong>650 mAh akkumul\u00e1tor<\/strong> \u00e9s <strong>Type-C t\u00f6lt\u0151port<\/strong> azt jelenti, hogy soha nem maradsz lemer\u00fclt akkuval. T\u00f6ltsd fel gyorsan \u00e9s folytasd a g\u0151z\u00f6l\u00e9st!<\/li>\n<li><strong>Nikotin, ahogy neked tetszik<\/strong><br \/>\nAk\u00e1r az er\u0151set szereted, ak\u00e1r a k\u00f6nnyedebbet r\u00e9szes\u00edted el\u0151nyben, a Bangking <strong>0%, 2% \u00e9s 5% nikotin lehet\u0151s\u00e9geket<\/strong>k\u00edn\u00e1l. Minden a te v\u00e1laszt\u00e1sodr\u00f3l sz\u00f3l.<\/li>\n<li><strong>Felejthetetlen \u00edzek<\/strong><br \/>\nA gy\u00fcm\u00f6lcs\u00f6s f\u00fazi\u00f3kt\u00f3l a friss\u00edt\u0151 ment\u00e1s robban\u00e1sokig <strong>12 csod\u00e1latos \u00edz<\/strong> fedezhet\u0151 fel. Itt nincsenek unalmas lehet\u0151s\u00e9gek!<\/li>\n<\/ul>\n<\/div>\n<\/div>\n<\/div>\n<\/div>\n<div class=\"flex-shrink-0 flex flex-col relative items-end\">\n<div class=\"pt-0\">\n<div class=\"gizmo-bot-avatar flex h-8 w-8 items-center justify-center overflow-hidden rounded-full\">\n<p>&nbsp;<\/p>\n<\/div>\n<\/div>\n<\/div>\n<\/div>\n<\/div>\n<p><strong>L\u00e9pjen kapcsolatba Amyvel, hogy megkapja a helyes v\u00e1laszt \u00e9s a vape kupont!<\/strong><\/p>\n<p><img loading=\"lazy\" decoding=\"async\" class=\"size-full wp-image-1978\" src=\"https:\/\/rmvapesale.com\/wp-content\/uploads\/2024\/09\/Disposable-Vape-Wholesale.jpg\" alt=\"Eldobhat\u00f3 Vape Nagykereskedelem\" width=\"229\" height=\"300\" \/><\/p>\n<h3><a href=\"https:\/\/wa.me\/8617776015835\" target=\"_blank\" rel=\"noopener\"><span style=\"color: #ff0000\"><strong>WhatsApp: +86 17776015835<\/strong><\/span><\/a><\/h3>\n<p>&nbsp;<\/p>\n<h3><strong style=\"font-size: 1.7em\">Bangking 35000 Puffs f\u0151 term\u00e9kjellemz\u0151k<\/strong><\/h3>\n<ul>\n<li><strong>2 az 1-ben \u00edzterv:<\/strong> \u00c9lvezze a dupla \u00edzeket egyetlen eszk\u00f6zben.<\/li>\n<li><strong>35 000 slukk:<\/strong> V\u00e9gtelen\u00fcl tart\u00f3s vapok!<\/li>\n<li><strong>Egyedi nikotinszintek:<\/strong> V\u00e1lasszon 0%, 2% vagy 5% k\u00f6z\u00fcl.<\/li>\n<li><strong>\u00dajrat\u00f6lthet\u0151 akkumul\u00e1tor:<\/strong> Type-C t\u00f6lt\u00e9s a maxim\u00e1lis k\u00e9nyelem\u00e9rt.<\/li>\n<li><strong>Megfizethet\u0151 nagykereskedelmi \u00e1r:<\/strong> Kiv\u00e1l\u00f3 szem\u00e9lyes haszn\u00e1latra vagy t\u00f6meges v\u00e1s\u00e1rl\u00e1sra.<\/li>\n<\/ul>\n<h3><strong style=\"font-size: 1.7em\">Legn\u00e9pszer\u0171bb \u00edz a Bangking 35000 slukkhoz<\/strong><strong style=\"font-size: 1.7em\">\u00a0Vape<\/strong><\/h3>\n<p>A <strong>Bangking 35000 Puffs Dupla \u00cdzes\u00edt\u00e9s\u0171 Eldobhat\u00f3 Vape<\/strong> mer\u00e9sz \u00e9s izgalmas \u00edzkombin\u00e1ci\u00f3kat k\u00edn\u00e1l, lehet\u0151v\u00e9 t\u00e9ve, hogy k\u00e9t hihetetlen \u00edzt \u00e9lvezz egyetlen eszk\u00f6zben. A gy\u00fcm\u00f6lcs\u00f6s kedvencekt\u0151l a j\u00e9ghideg kever\u00e9kekig mindenki tal\u00e1l mag\u00e1nak val\u00f3t! <strong>Mi teszi k\u00fcl\u00f6nlegess\u00e9 ezeket az \u00edzeket? <\/strong><strong>Dupla \u00e9lvezet<\/strong>: \u00c9lvezz k\u00e9t k\u00fcl\u00f6nb\u00f6z\u0151 \u00edzt egyetlen eszk\u00f6zben. <strong>Felkapott \u00e9s bestseller \u00edzek<\/strong>: Olyan kombin\u00e1ci\u00f3k, mint a <strong>Cseresznye Robban\u00e1s + Sz\u0151l\u0151 J\u00e9g<\/strong> \u00e9s <strong>Red Bull + \u0150szibarack Bogy\u00f3<\/strong> okkal rajong\u00f3i kedvencek!<\/p>\n<p>1. K\u00e9k M\u00e1lna J\u00e9g + L\u00e9d\u00fas \u0150szibarack J\u00e9g<br \/>\n2. Eper G\u00f6r\u00f6gdinnye + G\u00f6r\u00f6gdinnye J\u00e9g <span style=\"color: #ff0000\"><strong>&gt;&gt;&gt;&gt; Felkapott!<\/strong><\/span><br \/>\n3. Eper Ban\u00e1n + Dupla Alma<br \/>\n4. Tripla Bogy\u00f3 J\u00e9g + Tr\u00f3pusi Gy\u00fcm\u00f6lcs<br \/>\n5. Cseresznye Robban\u00e1s + Sz\u0151l\u0151 J\u00e9g<span style=\"color: #ff0000\"><strong>&gt;&gt;&gt;&gt; Felkapott!<\/strong><\/span><br \/>\n6. \u0150szibarack Mang\u00f3 + Eper Mang\u00f3<br \/>\n7. Mang\u00f3 Lime + H\u0171s\u00edt\u0151 Menta<br \/>\n8. Cseresznye Pop + Mr Blue<br \/>\n9. Fekete S\u00e1rk\u00e1ny J\u00e9g + Eper Kivi<br \/>\n10.Red Bull + Peach Berry <span style=\"color: #ff0000\"><strong>&gt;&gt;&gt;&gt; A legjobb !<\/strong><\/span><br \/>\n11.Pink Lemon + Mr Blue<br \/>\n12.Kiwi Passion Fruit Guava + Blue Cherry Lemon<\/p>\n<p>&nbsp;<\/p>\n<h3><strong>Mi\u00e9rt v\u00e1lassza az Rmvapesale-t a Bangking 35000 Puffs e-cigarett\u00e1hoz\u00a0 <\/strong><strong>V<\/strong><strong>ape Nagykeresked\u00e9s<\/strong><strong>?<\/strong><\/h3>\n<div class=\"flex-shrink-0 flex flex-col relative items-end\">\n<div class=\"pt-0\">\n<div class=\"gizmo-bot-avatar flex h-8 w-8 items-center justify-center overflow-hidden rounded-full\">\n<p>Ahogy az eldobhat\u00f3 e-cigaretta piac\u00e1n a verseny fokoz\u00f3dik, az Rmvapesale, az eldobhat\u00f3 vape megold\u00e1sok glob\u00e1lis nagykereskedelmi vezet\u0151je, piacra dobta a Bangking 35000 Puffs Double Flavour eldobhat\u00f3 e-cigarett\u00e1t. Ez az \u00fatt\u00f6r\u0151 term\u00e9k egyedi eszt\u00e9tikus \u00e9s divatos megjelen\u00e9s\u00e9vel h\u00edvja fel mag\u00e1ra a figyelmet. A gy\u00fcm\u00f6lcs\u00f6s \u00edzek sz\u00e9les v\u00e1laszt\u00e9k\u00e1val a fogyaszt\u00f3i \u00edzl\u00e9sek sz\u00e9les sk\u00e1l\u00e1j\u00e1t el\u00e9g\u00edti ki, mik\u00f6zben hangs\u00falyt fektet az innov\u00e1ci\u00f3ra \u00e9s a sokoldal\u00fas\u00e1gra.<\/p>\n<p class=\"relative p-1 rounded-sm flex items-center justify-center bg-token-main-surface-primary text-token-text-primary h-8 w-8\">Az Rmvapesale az \u00d6n megb\u00edzhat\u00f3 vape \u00fczlete a pr\u00e9mium eldobhat\u00f3 e-cigarett\u00e1k ter\u00e9n. T\u00f6bb mint 5 \u00e9ves tapasztalattal rendelkez\u00fcnk, \u00e9s olyan n\u00e9pszer\u0171 eldobhat\u00f3 vape m\u00e1rk\u00e1kat k\u00edn\u00e1lunk, mint az Al Fakher, JNR Vape, Vapsolo Vape, Vapme Vape, <a href=\"https:\/\/rmvapesale.com\/hu\/product-category\/bang-vapes\/\">Bang Vape<\/a>, Waspe Vape, WGA Vape \u00e9s<a href=\"https:\/\/rmvapesale.com\/hu\/product-category\/randm-fumot-vape\/\"> RandM Vape<\/a>. K\u00edn\u00e1latunkban olyan forr\u00f3 elad\u00e1s\u00fa eldobhat\u00f3 vape-ok szerepelnek, mint az <a href=\"https:\/\/rmvapesale.com\/hu\/product\/aivono-aim-flash-35000-puffs-curved-smart-screen-disposable-vape-wholesale\/\">AIVONO Flash 35000 Puffs<\/a> \u00e9s az \u00edzekben gazdag v\u00e1laszt\u00e9k, mint p\u00e9ld\u00e1ul az<a href=\"https:\/\/rmvapesale.com\/hu\/product\/crystal-vape-uwin-shisha-hookah-20k-20000-puffs-wholesale-best-price\/\"> UWIN Shisha Hoohak 20000<\/a>. Minden term\u00e9ket a min\u0151s\u00e9gre, \u00e9rt\u00e9kre \u00e9s v\u00e1ltozatoss\u00e1gra f\u00f3kusz\u00e1lva v\u00e1lasztunk ki, biztos\u00edtva, hogy megtal\u00e1lja az ig\u00e9nyeinek t\u00f6k\u00e9letesen megfelel\u0151t. Fedezze fel a kiv\u00e9teles szolg\u00e1ltat\u00e1st \u00e9s a sz\u00e9les v\u00e1laszt\u00e9kot a cs\u00facsmin\u0151s\u00e9g\u0171 term\u00e9kek ter\u00e9n az Rmvapesale-n\u00e9l.<\/p>\n<p>&nbsp;<\/p>\n<p class=\"relative p-1 rounded-sm flex items-center justify-center bg-token-main-surface-primary text-token-text-primary h-8 w-8\"><b style=\"font-size: 1.5em;font-style: inherit\">GYIK a Bangking 35000 Puffs-r\u00f3l <\/b><b style=\"font-size: 1.5em;font-style: inherit\">\u00dajrat\u00f6lthet\u0151 eldobhat\u00f3 vape<\/b><\/p>\n<ol>\n<li><strong>Vihet-e fel az ember eldobhat\u00f3 vape-ot rep\u00fcl\u0151g\u00e9pre?<\/strong><br \/>\nIgen! Csomagolja a vape-ot a k\u00e9zipoggy\u00e1sz\u00e1ba. Csak gy\u0151z\u0151dj\u00f6n meg r\u00f3la, hogy ellen\u0151rizte a l\u00e9git\u00e1rsas\u00e1g szab\u00e1lyait.<\/li>\n<li><strong>Hogyan v\u00e1lthatok az \u00edzek k\u00f6z\u00f6tt?<\/strong><br \/>\nA k\u00e9sz\u00fcl\u00e9ken van egy egyszer\u0171 kapcsol\u00f3 \u2013 csak ford\u00edtsd \u00e1t, \u00e9s bumm, \u00faj \u00edz!<\/li>\n<li><strong>Hogyan tudod meg\u00e1llap\u00edtani, hogy a Bang King 35000 vape kifogyott?<\/strong><br \/>\nKevesebb g\u0151zt vagy \u00edzt fogsz \u00e9szrevenni. Ha az egyik patron kifogy, v\u00e1lts a m\u00e1sodik \u00edzre!<\/li>\n<li><strong>Hogyan kell t\u00f6lteni a Bang King 35K-t?<\/strong><br \/>\nHaszn\u00e1ld a mell\u00e9kelt <strong>Type-C k\u00e1belt<\/strong> a 650mAh-s akkumul\u00e1tor felt\u00f6lt\u00e9s\u00e9hez. Gyors \u00e9s egyszer\u0171!<\/li>\n<li><strong>Hol lehet eldobhat\u00f3 vape-eket v\u00e1s\u00e1rolni nagykereskedelmi, olcs\u00f3 \u00e1ron?<\/strong><br \/>\nSzerezd be a helyi \u00fczletedb\u0151l, vagy l\u00e1togass el a Rmvapesale oldalra<strong>\u00a0online vape bolt<\/strong> a legjobb nagykereskedelmi \u00e1rak\u00e9rt.<\/li>\n<li><strong>Milyen nikotinszintek \u00e1llnak rendelkez\u00e9sre a Bang King 35000 Puff-hoz?<\/strong><br \/>\nV\u00e1lassza ki a k\u00edv\u00e1nt er\u0151ss\u00e9get -<strong>0%, 2%, vagy 5%<\/strong>- amikor megv\u00e1s\u00e1rolja k\u00e9sz\u00fcl\u00e9k\u00e9t.<\/li>\n<\/ol>\n<\/div>\n<\/div>\n<\/div>\n<h3>A Sz\u00e1ll\u00edt\u00e1sr\u00f3l<\/h3>\n<div class=\"flex-shrink-0 flex flex-col relative items-end\">\n<div>\n<div class=\"pt-0\">\n<div class=\"gizmo-bot-avatar flex h-8 w-8 items-center justify-center overflow-hidden rounded-full\">\n<div><\/div>\n<div class=\"relative p-1 rounded-sm flex items-center justify-center bg-token-main-surface-primary text-token-text-primary h-8 w-8\"><strong>1. Milyen sz\u00e1ll\u00edt\u00e1si m\u00f3dokat haszn\u00e1lnak?<\/strong><\/div>\n<\/div>\n<\/div>\n<\/div>\n<\/div>\n<div class=\"group\/conversation-turn relative flex w-full min-w-0 flex-col agent-turn\">\n<div class=\"flex-col gap-1 md:gap-3\">\n<div class=\"flex max-w-full flex-col flex-grow\">\n<div class=\"min-h-[20px] text-message flex w-full flex-col items-end gap-2 whitespace-normal break-words [.text-message+&amp;]:mt-5 overflow-x-auto\" dir=\"auto\" data-message-author-role=\"assistant\" data-message-id=\"22f8283b-3233-46ff-89a5-c7a41b33abda\">\n<div class=\"flex w-full flex-col gap-1 empty:hidden first:pt-[3px]\">\n<div class=\"markdown prose w-full break-words dark:prose-invert light\">\n<p>Partnerei vagyunk a UPS, DHL, FedEx, DPD \u00e9s m\u00e1s vezet\u0151 fuvaroz\u00f3knak. A legjobb sz\u00e1ll\u00edt\u00e1si m\u00f3dot fogjuk kiv\u00e1lasztani a sz\u00e1ll\u00edt\u00e1si helysz\u00edne alapj\u00e1n, hogy a lehet\u0151 leggyorsabban megkapja a term\u00e9keit.<\/p>\n<\/div>\n<p><strong>2. Mennyi id\u0151 alatt \u00e9rkezik meg?<\/strong><\/p>\n<p>A csomagok \u00e1ltal\u00e1ban 10 munkanapon bel\u00fcl meg\u00e9rkeznek Magyarorsz\u00e1gra. Az eur\u00f3pai orsz\u00e1gokba t\u00f6rt\u00e9n\u0151 sz\u00e1ll\u00edt\u00e1s \u00e1ltal\u00e1ban 12-15 munkanapot vesz ig\u00e9nybe. Folyamatosan t\u00e1j\u00e9koztatjuk a sz\u00e1ll\u00edt\u00e1si st\u00e1tuszr\u00f3l.<\/p>\n<\/div>\n<\/div>\n<\/div>\n<\/div>\n<\/div>\n<p>&nbsp;<\/p>\n<p>Tal\u00e1lja meg a tov\u00e1bbi vape term\u00e9keket, amelyek tetszhetnek \u00d6nnek:<strong><em><a href=\"https:\/\/rmvapesale.com\/hu\/shop-2\/\">V\u00e1s\u00e1roljon most &gt;&gt;&gt;<\/a><\/em><\/strong><\/p>","protected":false},"excerpt":{"rendered":"<p>A leg\u00fajabb Bang King 35K Puff \u00fajrat\u00f6lthet\u0151 eldobhat\u00f3 vape<br \/>\nBang King 35000 dupla \u00edzes\u00edt\u00e9s\u0171 eldobhat\u00f3 vape t\u00f6meges v\u00e1s\u00e1rl\u00e1s<br \/>\nBang King 35000 Puffs okos k\u00e9perny\u0151s nagykereskedelmi eldobhat\u00f3<\/p>\n<p><strong>L\u00e9pjen kapcsolatba Amyvel, hogy megkapja a helyes v\u00e1laszt \u00e9s a vape kupont!<\/strong><\/p>\n<p><img loading=\"lazy\" decoding=\"async\" class=\"size-full wp-image-2375\" src=\"https:\/\/rmvapesale.com\/wp-content\/uploads\/2024\/10\/image.png\" alt=\"Legjobb Eldobhat\u00f3 Vape\" width=\"229\" height=\"300\" \/><\/p>\n<h3><a href=\"https:\/\/wa.me\/8617776015835\"><span style=\"color: #ff0000\"><strong>WhatsApp: +86 17776015835<\/strong><\/span><\/a><\/h3>\n<p>&nbsp;<\/p>","protected":false},"featured_media":2952,"comment_status":"open","ping_status":"closed","template":"","meta":{"_uag_custom_page_level_css":"","_lmt_disableupdate":"no","_lmt_disable":"","site-sidebar-layout":"default","site-content-layout":"content-boxed-container","ast-site-content-layout":"normal-width-container","site-content-style":"boxed","site-sidebar-style":"unboxed","ast-global-header-display":"","ast-banner-title-visibility":"","ast-main-header-display":"","ast-hfb-above-header-display":"","ast-hfb-below-header-display":"","ast-hfb-mobile-header-display":"","site-post-title":"","ast-breadcrumbs-content":"","ast-featured-img":"","footer-sml-layout":"","theme-transparent-header-meta":"default","adv-header-id-meta":"","stick-header-meta":"","header-above-stick-meta":"","header-main-stick-meta":"","header-below-stick-meta":"","astra-migrate-meta-layouts":"set","ast-page-background-enabled":"default","ast-page-background-meta":{"desktop":{"background-color":"var(--ast-global-color-4)","background-image":"","background-repeat":"repeat","background-position":"center center","background-size":"auto","background-attachment":"scroll","background-type":"","background-media":"","overlay-type":"","overlay-color":"","overlay-opacity":"","overlay-gradient":""},"tablet":{"background-color":"","background-image":"","background-repeat":"repeat","background-position":"center center","background-size":"auto","background-attachment":"scroll","background-type":"","background-media":"","overlay-type":"","overlay-color":"","overlay-opacity":"","overlay-gradient":""},"mobile":{"background-color":"","background-image":"","background-repeat":"repeat","background-position":"center center","background-size":"auto","background-attachment":"scroll","background-type":"","background-media":"","overlay-type":"","overlay-color":"","overlay-opacity":"","overlay-gradient":""}},"ast-content-background-meta":{"desktop":{"background-color":"var(--ast-global-color-5)","background-image":"","background-repeat":"repeat","background-position":"center center","background-size":"auto","background-attachment":"scroll","background-type":"","background-media":"","overlay-type":"","overlay-color":"","overlay-opacity":"","overlay-gradient":""},"tablet":{"background-color":"var(--ast-global-color-5)","background-image":"","background-repeat":"repeat","background-position":"center center","background-size":"auto","background-attachment":"scroll","background-type":"","background-media":"","overlay-type":"","overlay-color":"","overlay-opacity":"","overlay-gradient":""},"mobile":{"background-color":"var(--ast-global-color-5)","background-image":"","background-repeat":"repeat","background-position":"center center","background-size":"auto","background-attachment":"scroll","background-type":"","background-media":"","overlay-type":"","overlay-color":"","overlay-opacity":"","overlay-gradient":""}},"_joinchat":[]},"product_brand":[],"product_cat":[15,246,25,123,26,28,135,27,60,137,136,30],"product_tag":[199,270,146,222,64,40,111],"class_list":{"0":"post-2955","1":"product","2":"type-product","3":"status-publish","4":"has-post-thumbnail","6":"product_cat-new-vape-this-week","7":"product_cat-35000-puffs-disposable-vape","8":"product_cat-germany-best-selling-vape","9":"product_cat-italy-wholesale-vape","10":"product_cat-netherlands-hot-sale-vape","11":"product_cat-poland-hot-sale-vape","12":"product_cat-spain-best-hot-sale-vape","13":"product_cat-fance-hot-sale-vape","14":"product_cat-bang-vapes","15":"product_cat-rechargeable-vapes","16":"product_cat-smart-screen-vapes","17":"product_cat-minimum-order-quantity-50pcs","18":"product_tag-bang-vape","19":"product_tag-bangking-35000-puffs","20":"product_tag-best-hot-sale-vape","21":"product_tag-double-flavor-vape","22":"product_tag-dual-flavour-vape","23":"product_tag-hot-sale-vape","24":"product_tag-low-nicotine-disposable-vape","25":"desktop-align-left","26":"tablet-align-left","27":"mobile-align-left","29":"first","30":"instock","31":"sale","32":"shipping-taxable","33":"purchasable","34":"product-type-simple"},"uagb_featured_image_src":{"full":["https:\/\/rmvapesale.com\/wp-content\/uploads\/2025\/01\/Bang-Swich-Duo-Disposable-Vape-36000.webp",800,800,false],"thumbnail":["https:\/\/rmvapesale.com\/wp-content\/uploads\/2025\/01\/Bang-Swich-Duo-Disposable-Vape-36000-150x150.webp",150,150,true],"medium":["https:\/\/rmvapesale.com\/wp-content\/uploads\/2025\/01\/Bang-Swich-Duo-Disposable-Vape-36000-300x300.webp",300,300,true],"medium_large":["https:\/\/rmvapesale.com\/wp-content\/uploads\/2025\/01\/Bang-Swich-Duo-Disposable-Vape-36000-768x768.webp",768,768,true],"large":["https:\/\/rmvapesale.com\/wp-content\/uploads\/2025\/01\/Bang-Swich-Duo-Disposable-Vape-36000.webp",800,800,false],"1536x1536":["https:\/\/rmvapesale.com\/wp-content\/uploads\/2025\/01\/Bang-Swich-Duo-Disposable-Vape-36000.webp",800,800,false],"2048x2048":["https:\/\/rmvapesale.com\/wp-content\/uploads\/2025\/01\/Bang-Swich-Duo-Disposable-Vape-36000.webp",800,800,false],"trp-custom-language-flag":["https:\/\/rmvapesale.com\/wp-content\/uploads\/2025\/01\/Bang-Swich-Duo-Disposable-Vape-36000.webp",12,12,false],"woocommerce_thumbnail":["https:\/\/rmvapesale.com\/wp-content\/uploads\/2025\/01\/Bang-Swich-Duo-Disposable-Vape-36000-300x300.webp",300,300,true],"woocommerce_single":["https:\/\/rmvapesale.com\/wp-content\/uploads\/2025\/01\/Bang-Swich-Duo-Disposable-Vape-36000-600x600.webp",600,600,true],"woocommerce_gallery_thumbnail":["https:\/\/rmvapesale.com\/wp-content\/uploads\/2025\/01\/Bang-Swich-Duo-Disposable-Vape-36000-100x100.webp",100,100,true],"wcpr-photo-reviews":["https:\/\/rmvapesale.com\/wp-content\/uploads\/2025\/01\/Bang-Swich-Duo-Disposable-Vape-36000.webp",500,500,false]},"uagb_author_info":{"display_name":"AMY","author_link":"https:\/\/rmvapesale.com\/hu\/author\/"},"uagb_comment_info":0,"uagb_excerpt":"Latest Bang King 35K Puff Rechargeable Disposable Vape Bang King 35000 Dual Flavors Disposable Vape Bulk Buy Bang King 35000 Puffs Smart Screen Wholesale Disposable Contact Amy to get right reply and vape coupon! WhatsApp: +86 17776015835 &nbsp;","_links":{"self":[{"href":"https:\/\/rmvapesale.com\/hu\/wp-json\/wp\/v2\/product\/2955","targetHints":{"allow":["GET"]}}],"collection":[{"href":"https:\/\/rmvapesale.com\/hu\/wp-json\/wp\/v2\/product"}],"about":[{"href":"https:\/\/rmvapesale.com\/hu\/wp-json\/wp\/v2\/types\/product"}],"replies":[{"embeddable":true,"href":"https:\/\/rmvapesale.com\/hu\/wp-json\/wp\/v2\/comments?post=2955"}],"wp:featuredmedia":[{"embeddable":true,"href":"https:\/\/rmvapesale.com\/hu\/wp-json\/wp\/v2\/media\/2952"}],"wp:attachment":[{"href":"https:\/\/rmvapesale.com\/hu\/wp-json\/wp\/v2\/media?parent=2955"}],"wp:term":[{"taxonomy":"product_brand","embeddable":true,"href":"https:\/\/rmvapesale.com\/hu\/wp-json\/wp\/v2\/product_brand?post=2955"},{"taxonomy":"product_cat","embeddable":true,"href":"https:\/\/rmvapesale.com\/hu\/wp-json\/wp\/v2\/product_cat?post=2955"},{"taxonomy":"product_tag","embeddable":true,"href":"https:\/\/rmvapesale.com\/hu\/wp-json\/wp\/v2\/product_tag?post=2955"}],"curies":[{"name":"wp","href":"https:\/\/api.w.org\/{rel}","templated":true}]}}