{"id":2976,"date":"2025-01-22T07:46:21","date_gmt":"2025-01-22T07:46:21","guid":{"rendered":"https:\/\/rmvapesale.com\/?post_type=product&#038;p=2976"},"modified":"2025-01-22T08:11:09","modified_gmt":"2025-01-22T08:11:09","slug":"waspe-crystal-40000-puffs-double-flavor-led-display-disposable-vape-bulk-buy","status":"publish","type":"product","link":"https:\/\/rmvapesale.com\/hu\/product\/waspe-crystal-40000-puffs-double-flavor-led-display-disposable-vape-bulk-buy\/","title":{"rendered":"WASPE Crystal 40000 Puffs Dupla \u00cdz LED kijelz\u0151vel Eldobhat\u00f3 Vape \u00d6mlesztett V\u00e1s\u00e1rl\u00e1s"},"content":{"rendered":"<div class=\"B2VR9 CJHX3e\">\n<div class=\"wyccme\">\n<div class=\"flex-shrink-0 flex flex-col relative items-end\">\n<div class=\"pt-0\">\n<div class=\"gizmo-bot-avatar flex h-8 w-8 items-center justify-center overflow-hidden rounded-full\">\n<div class=\"relative p-1 rounded-sm flex items-center justify-center bg-token-main-surface-primary text-token-text-primary h-8 w-8\">\n<div class=\"flex-shrink-0 flex flex-col relative items-end\">\n<div class=\"pt-0\">\n<div class=\"gizmo-bot-avatar flex h-8 w-8 items-center justify-center overflow-hidden rounded-full\">\n<h1 class=\"relative p-1 rounded-sm flex items-center justify-center bg-token-main-surface-primary text-token-text-primary h-8 w-8\">WASPE Crystal 40000 Puffs Dupla \u00cdz LED kijelz\u0151vel Eldobhat\u00f3 Vape \u00d6mlesztett V\u00e1s\u00e1rl\u00e1s<\/h1>\n<\/div>\n<\/div>\n<\/div>\n<\/div>\n<\/div>\n<\/div>\n<\/div>\n<div class=\"group\/conversation-turn relative flex w-full min-w-0 flex-col agent-turn\">\n<div class=\"flex-col gap-1 md:gap-3\">\n<div class=\"flex max-w-full flex-col flex-grow\">\n<div class=\"min-h-8 text-message flex w-full flex-col items-end gap-2 whitespace-normal break-words text-start [.text-message+&amp;]:mt-5\" dir=\"auto\" data-message-author-role=\"assistant\" data-message-id=\"80ece0c4-ead1-4ed9-a9f0-ddc22582b4f4\" data-message-model-slug=\"gpt-4o\">\n<p>A <strong>WASPE Crystal 40000 Puffs Dupla \u00cdz\u0171 Eldobhat\u00f3 Vape<\/strong> azoknak a g\u0151z\u00f6l\u0151knek k\u00e9sz\u00fclt, akik tart\u00f3s teljes\u00edtm\u00e9nyre v\u00e1gynak, a k\u00f6vetkez\u0151 hozz\u00e1adott el\u0151ny\u00e9vel: <strong>LED kijelz\u0151<\/strong> \u00e9s <strong>t\u00f6meges v\u00e1s\u00e1rl\u00e1si megfizethet\u0151s\u00e9g<\/strong>. Ak\u00e1r alkalmi felhaszn\u00e1l\u00f3, ak\u00e1r nagykereskedelmi lehet\u0151s\u00e9geket keres\u0151 v\u00e1llalkoz\u00e1s vagy, ez a <strong>legjobb eldobhat\u00f3 vape m\u00e1rka<\/strong> min\u0151s\u00e9get, k\u00e9nyelmet \u00e9s k\u00f6lts\u00e9ghat\u00e9konys\u00e1got biztos\u00edt.<\/p>\n<p>Egy hatalmas <strong>40 000 slukk<\/strong>eset\u00e9n ez az eszk\u00f6z kik\u00fcsz\u00f6b\u00f6li a gyakori cser\u00e9k sz\u00fcks\u00e9gess\u00e9g\u00e9t. Az egyedi <strong>dupla \u00edz<\/strong> funkci\u00f3 lehet\u0151v\u00e9 teszi a felhaszn\u00e1l\u00f3k sz\u00e1m\u00e1ra, hogy k\u00f6nnyed\u00e9n v\u00e1ltsanak k\u00e9t izgalmas \u00edz k\u00f6z\u00f6tt, v\u00e1ltozatoss\u00e1got \u00e9s el\u00e9gedetts\u00e9get ny\u00fajtva minden slukkn\u00e1l.<\/p>\n<p>A <strong>\u00e1tl\u00e1tsz\u00f3 LED k\u00e9perny\u0151<\/strong> megjelen\u00edti az akkumul\u00e1tor \u00e9lettartam\u00e1t \u00e9s az e-liquid szintj\u00e9t is, \u00edgy teljes m\u00e9rt\u00e9kben ir\u00e1ny\u00edthatja a g\u0151z\u00f6l\u00e9si \u00e9lm\u00e9nyt. A <strong>\u00e1ll\u00edthat\u00f3 l\u00e9g\u00e1raml\u00e1sa<\/strong> funkci\u00f3 lehet\u0151v\u00e9 teszi, hogy testre szabja a sz\u00edv\u00e1st, ak\u00e1r sima, leveg\u0151s bel\u00e9legz\u00e9st, ak\u00e1r szorosabb \u00fct\u00e9st szeretne.<\/p>\n<p>Tartalmaz <strong>32 ml pr\u00e9mium e-liquid<\/strong>ez a vape hosszan tart\u00f3 \u00e9lm\u00e9nyt ny\u00fajt az \u00fajrat\u00f6lt\u00e9s gondja n\u00e9lk\u00fcl. El\u00e9rhet\u0151 <strong>0%, 2% \u00e9s 5% nikotiner\u0151ss\u00e9gben<\/strong>sz\u00e9les k\u00f6r\u0171 g\u0151z\u00f6l\u0151kh\u00f6z illeszkedik, azokt\u00f3l, akik a nikotinmentes opci\u00f3kat r\u00e9szes\u00edtik el\u0151nyben, azokig, akik er\u0151sebb \u00fct\u00e9st \u00e9lveznek.<\/p>\n<p>A be\u00e9p\u00edtett <strong>850mAh \u00fajrat\u00f6lthet\u0151 akkumul\u00e1tor<\/strong> t\u00e1mogatja a gyors Type-C t\u00f6lt\u00e9st, \u00edgy k\u00f6nnyen felt\u00f6ltheti k\u00e9sz\u00fcl\u00e9k\u00e9t. K\u00f6nny\u0171 \u00e9s hordozhat\u00f3 kialak\u00edt\u00e1s\u00e1nak k\u00f6sz\u00f6nhet\u0151en t\u00f6k\u00e9letes t\u00e1rs a menet k\u00f6zbeni g\u0151z\u00f6l\u00e9shez. R\u00e1ad\u00e1sul a <strong>t\u00f6meges v\u00e1s\u00e1rl\u00e1si lehet\u0151s\u00e9gek<\/strong> kiv\u00e1l\u00f3 v\u00e1laszt\u00e1ss\u00e1 teszik a kiskeresked\u0151k \u00e9s nagykeresked\u0151k sz\u00e1m\u00e1ra, akik megfizethet\u0151 eldobhat\u00f3 vape-eket keresnek.<\/p>\n<\/div>\n<\/div>\n<\/div>\n<\/div>\n<div class=\"flex-shrink-0 flex flex-col relative items-end\">\n<div class=\"pt-0\">\n<div class=\"gizmo-bot-avatar flex h-8 w-8 items-center justify-center overflow-hidden rounded-full\">\n<p>&nbsp;<\/p>\n<\/div>\n<\/div>\n<\/div>\n<\/div>\n<\/div>\n<p><strong>L\u00e9pjen kapcsolatba Amyvel, hogy megkapja a helyes v\u00e1laszt \u00e9s a vape kupont!<\/strong><\/p>\n<p><img loading=\"lazy\" decoding=\"async\" class=\"size-full wp-image-1978\" src=\"https:\/\/rmvapesale.com\/wp-content\/uploads\/2024\/09\/Disposable-Vape-Wholesale.jpg\" alt=\"Eldobhat\u00f3 Vape Nagykereskedelem\" width=\"229\" height=\"300\" \/><\/p>\n<h3><a href=\"https:\/\/wa.me\/8617776015835\" target=\"_blank\" rel=\"noopener\"><span style=\"color: #ff0000\"><strong>WhatsApp: +86 17776015835<\/strong><\/span><\/a><\/h3>\n<p>&nbsp;<\/p>\n<h3><strong style=\"font-size: 1.7em\">WASPE Crystal 40000 Puffs F\u0151bb term\u00e9kjellemz\u0151k<\/strong><\/h3>\n<ol>\n<li><strong>Sz\u00edv\u00e1s<\/strong>: 40000<\/li>\n<li><strong>Dupla \u00edzek<\/strong>: 20000 Puffs + 20000 Puffs = 40000 Puffs<\/li>\n<li><strong>Nikotin er\u0151ss\u00e9ge<\/strong>: 0% \/ 2% \/ 3% \/ 5%<\/li>\n<li><strong>El\u0151t\u00f6lt\u00f6tt kapacit\u00e1s<\/strong>: 32mL<\/li>\n<li><strong>Akkumul\u00e1tor kapacit\u00e1sa<\/strong>: 850mAh<\/li>\n<li><strong>T\u00f6lt\u0151 port<\/strong>: USB Type-C<\/li>\n<li><strong>M\u0171k\u00f6d\u00e9s<\/strong>: H\u00faz\u00e1ssal aktiv\u00e1lhat\u00f3<\/li>\n<li><strong>0,9 ohmos dupla h\u00e1l\u00f3s tekercs<\/strong><\/li>\n<li><strong>LED kijelz\u0151<\/strong><\/li>\n<li><strong>Akkumul\u00e1tor t\u00f6lt\u00f6tts\u00e9gi szint jelz\u0151<\/strong><\/li>\n<li><strong>E-Liquid szintjelz\u0151<\/strong><\/li>\n<\/ol>\n<p><img loading=\"lazy\" decoding=\"async\" class=\"wp-image-2965 size-full\" src=\"https:\/\/rmvapesale.com\/wp-content\/uploads\/2025\/01\/WASPE-40000-Puffs-Crystal-Disposable-Vape.webp\" alt=\"WASPE 40000 Puffs Crystal Eldobhat\u00f3 Vape\" width=\"1000\" height=\"1000\" srcset=\"https:\/\/rmvapesale.com\/wp-content\/uploads\/2025\/01\/WASPE-40000-Puffs-Crystal-Disposable-Vape.webp 1000w, https:\/\/rmvapesale.com\/wp-content\/uploads\/2025\/01\/WASPE-40000-Puffs-Crystal-Disposable-Vape-300x300.webp 300w, https:\/\/rmvapesale.com\/wp-content\/uploads\/2025\/01\/WASPE-40000-Puffs-Crystal-Disposable-Vape-150x150.webp 150w, https:\/\/rmvapesale.com\/wp-content\/uploads\/2025\/01\/WASPE-40000-Puffs-Crystal-Disposable-Vape-768x768.webp 768w, https:\/\/rmvapesale.com\/wp-content\/uploads\/2025\/01\/WASPE-40000-Puffs-Crystal-Disposable-Vape-600x600.webp 600w, https:\/\/rmvapesale.com\/wp-content\/uploads\/2025\/01\/WASPE-40000-Puffs-Crystal-Disposable-Vape-100x100.webp 100w\" sizes=\"auto, (max-width: 1000px) 100vw, 1000px\" \/><\/p>\n<h3><strong style=\"font-size: 1.7em\">Legn\u00e9pszer\u0171bb \u00edz a WASPE Crystal 40000 Puffs-hoz<\/strong><strong style=\"font-size: 1.7em\">\u00a0Vape<\/strong><\/h3>\n<p>A <strong>leny\u0171g\u00f6z\u0151 puffsz\u00e1m, fejlett funkci\u00f3k \u00e9s megfizethet\u0151 nagykereskedelmi \u00e1rak<\/strong>a WASPE Crystal 40000 Puffs vape elengedhetetlen a vaperek \u00e9s a kiskeresked\u0151k sz\u00e1m\u00e1ra egyar\u00e1nt. Rendeljen m\u00e9g ma, \u00e9s tapasztalja meg a vaping cs\u00facs\u00e1t!<\/p>\n<p>1. G\u00f6r\u00f6gdinnye j\u00e9g<br \/>\n2. \u00c1fonya j\u00e9g<br \/>\n3. Vegyes bogy\u00f3k <span style=\"color: #ff0000\"><strong>&gt;&gt;&gt;&gt; Felkapott!<\/strong><\/span><br \/>\n4. Sz\u0151l\u0151 j\u00e9g<br \/>\n5. Eper ban\u00e1n<br \/>\n6. \u0150szibarack j\u00e9g<br \/>\n7. Eper m\u00e1lna cseresznye <span style=\"color: #ff0000\"><strong>&gt;&gt;&gt;&gt; A legjobb !<\/strong><\/span><br \/>\n8. \u00c1fonya m\u00e1lna<br \/>\n9. Eper Kiwi<br \/>\n10. \u00c1fonya Cukorka<br \/>\n11. Eper Red Bull <span style=\"color: #ff0000\"><strong>&gt;&gt;&gt;&gt; Felkapott!<\/strong><\/span><br \/>\n12. Red Bull J\u00e9g<\/p>\n<p>&nbsp;<\/p>\n<h3><strong>Mi\u00e9rt v\u00e1lassza az Rmvapesale-t a WASPE Crystal 40000 Puffs-hoz <\/strong><strong>V<\/strong><strong>ape Nagykeresked\u00e9s<\/strong><strong>?<\/strong><\/h3>\n<div class=\"flex-shrink-0 flex flex-col relative items-end\">\n<div class=\"pt-0\">\n<div class=\"gizmo-bot-avatar flex h-8 w-8 items-center justify-center overflow-hidden rounded-full\">\n<p>Ahogy az eldobhat\u00f3 e-cigaretta piac\u00e1n a verseny fokoz\u00f3dik, az Rmvapesale, az eldobhat\u00f3 vape megold\u00e1sok glob\u00e1lis nagykereskedelmi vezet\u0151je, piacra dobta a Bangking 35000 Puffs Double Flavour eldobhat\u00f3 e-cigarett\u00e1t. Ez az \u00fatt\u00f6r\u0151 term\u00e9k egyedi eszt\u00e9tikus \u00e9s divatos megjelen\u00e9s\u00e9vel h\u00edvja fel mag\u00e1ra a figyelmet. A gy\u00fcm\u00f6lcs\u00f6s \u00edzek sz\u00e9les v\u00e1laszt\u00e9k\u00e1val a fogyaszt\u00f3i \u00edzl\u00e9sek sz\u00e9les sk\u00e1l\u00e1j\u00e1t el\u00e9g\u00edti ki, mik\u00f6zben hangs\u00falyt fektet az innov\u00e1ci\u00f3ra \u00e9s a sokoldal\u00fas\u00e1gra.<\/p>\n<p class=\"relative p-1 rounded-sm flex items-center justify-center bg-token-main-surface-primary text-token-text-primary h-8 w-8\">Az Rmvapesale az \u00d6n megb\u00edzhat\u00f3 vape \u00fczlete a pr\u00e9mium eldobhat\u00f3 e-cigarett\u00e1k ter\u00e9n. T\u00f6bb mint 5 \u00e9ves tapasztalattal rendelkez\u00fcnk, \u00e9s olyan n\u00e9pszer\u0171 eldobhat\u00f3 vape m\u00e1rk\u00e1kat k\u00edn\u00e1lunk, mint az Al Fakher, JNR Vape, Vapsolo Vape, Vapme Vape, <a href=\"https:\/\/rmvapesale.com\/hu\/product-category\/bang-vapes\/\">Bang Vape<\/a>, Waspe Vape, WGA Vape \u00e9s<a href=\"https:\/\/rmvapesale.com\/hu\/product-category\/randm-fumot-vape\/\"> RandM Vape<\/a>. K\u00edn\u00e1latunkban olyan forr\u00f3 elad\u00e1s\u00fa eldobhat\u00f3 vape-ok szerepelnek, mint az <a href=\"https:\/\/rmvapesale.com\/hu\/product\/aivono-aim-flash-35000-puffs-curved-smart-screen-disposable-vape-wholesale\/\">AIVONO Flash 35000 Puffs<\/a> \u00e9s az \u00edzekben gazdag v\u00e1laszt\u00e9k, mint p\u00e9ld\u00e1ul az<a href=\"https:\/\/rmvapesale.com\/hu\/product\/crystal-vape-uwin-shisha-hookah-20k-20000-puffs-wholesale-best-price\/\"> UWIN Shisha Hoohak 20000<\/a>. Minden term\u00e9ket a min\u0151s\u00e9gre, \u00e9rt\u00e9kre \u00e9s v\u00e1ltozatoss\u00e1gra f\u00f3kusz\u00e1lva v\u00e1lasztunk ki, biztos\u00edtva, hogy megtal\u00e1lja az ig\u00e9nyeinek t\u00f6k\u00e9letesen megfelel\u0151t. Fedezze fel a kiv\u00e9teles szolg\u00e1ltat\u00e1st \u00e9s a sz\u00e9les v\u00e1laszt\u00e9kot a cs\u00facsmin\u0151s\u00e9g\u0171 term\u00e9kek ter\u00e9n az Rmvapesale-n\u00e9l.<\/p>\n<p>&nbsp;<\/p>\n<p class=\"relative p-1 rounded-sm flex items-center justify-center bg-token-main-surface-primary text-token-text-primary h-8 w-8\"><b style=\"font-size: 1.5em;font-style: inherit\">GYIK a WASPE Crystal 40000 Puffs-hoz <\/b><b style=\"font-size: 1.5em;font-style: inherit\">\u00dajrat\u00f6lthet\u0151 eldobhat\u00f3 vape<\/b><\/p>\n<ol>\n<li><strong>Hol v\u00e1s\u00e1rolhatok WASPE Crystal 40000 Puffs-ot nagy t\u00e9telben?<\/strong>\n<ul>\n<li>Nagyobb mennyis\u00e9gben megv\u00e1s\u00e1rolhatja innen: <a href=\"https:\/\/rmvapesale.com\/hu\/\" target=\"_new\" rel=\"noopener\">Rmvapesale<\/a> versenyk\u00e9pes nagykereskedelmi \u00e1rakon.<\/li>\n<\/ul>\n<\/li>\n<li><strong>Mit mutat a LED kijelz\u0151?<\/strong>\n<ul>\n<li>A kijelz\u0151 val\u00f3s idej\u0171 friss\u00edt\u00e9seket ny\u00fajt az akkumul\u00e1tor sz\u00e1zal\u00e9kos ar\u00e1ny\u00e1r\u00f3l \u00e9s az e-liquid szintj\u00e9r\u0151l.<\/li>\n<\/ul>\n<\/li>\n<li><strong>Be\u00e1ll\u00edthatom a l\u00e9g\u00e1raml\u00e1st ezen a vape-en?<\/strong>\n<ul>\n<li>Igen, az \u00e1ll\u00edthat\u00f3 l\u00e9g\u00e1raml\u00e1s funkci\u00f3 lehet\u0151v\u00e9 teszi a vaping \u00e9lm\u00e9ny testreszab\u00e1s\u00e1t.<\/li>\n<\/ul>\n<\/li>\n<li><strong>Mennyi ideig b\u00edrja a 850mAh-s akkumul\u00e1tor?<\/strong>\n<ul>\n<li>Hosszabb haszn\u00e1latot k\u00edn\u00e1l, \u00e9s t\u00f6bbsz\u00f6r is \u00fajrat\u00f6lthet\u0151 a folyamatos \u00e9lvezet \u00e9rdek\u00e9ben.<\/li>\n<\/ul>\n<\/li>\n<li><strong>Alkalmas a WASPE Crystal nikotinmentes vaping-hez?<\/strong>\n<ul>\n<li>Igen, a 0% nikotin opci\u00f3 t\u00f6k\u00e9letes a nikotinmentes \u00e9lm\u00e9nyt keres\u0151 felhaszn\u00e1l\u00f3k sz\u00e1m\u00e1ra.<\/li>\n<\/ul>\n<\/li>\n<\/ol>\n<\/div>\n<\/div>\n<\/div>\n<h2>Hogyan kell rendelni?<\/h2>\n<div class=\"flex-shrink-0 flex flex-col relative items-end\">\n<div class=\"pt-0\">\n<div class=\"gizmo-bot-avatar flex h-8 w-8 items-center justify-center overflow-hidden rounded-full\">\n<div>\n<p><strong>1. Milyen fizet\u00e9si m\u00f3dokat fogadnak el?<\/strong><br \/>\n<span class=\"selectable-text copyable-text false\">Fizet\u00e9sre banki \u00e1tutal\u00e1st \u00e9s Western Uniont k\u00edn\u00e1lunk. Magyarorsz\u00e1gi \u00fcgyfeleink t\u00f6bbs\u00e9ge a banki \u00e1tutal\u00e1st v\u00e1lasztja, van helyi banksz\u00e1ml\u00e1nk, amelyre kezel\u00e9si k\u00f6lts\u00e9g n\u00e9lk\u00fcl fizethet a sz\u00e1ml\u00e1nkra. <\/span>.<\/p>\n<p><strong>2. Hogyan k\u00f6vethetem nyomon a rendel\u00e9sem?<\/strong><br \/>\nA csomag kisz\u00e1ll\u00edt\u00e1sa ut\u00e1n <span class=\"selectable-text copyable-text false\">hivatkoz\u00e1sk\u00e9nt megadjuk a nyomon k\u00f6vet\u00e9si sz\u00e1mot, \u00e9s folyamatosan friss\u00edtj\u00fck a st\u00e1tuszt, am\u00edg meg nem kapja az \u00e1rut<\/span>.<\/p>\n<p><strong>3. Mennyi id\u0151 alatt \u00e9rkezik meg?<\/strong><\/p>\n<ul>\n<li>Sz\u00e1ll\u00edt\u00e1s <strong>k\u00ednai rakt\u00e1rakb\u00f3l<\/strong> k\u00f6r\u00fclbel\u00fcl <strong>7-14 munkanapot vesz ig\u00e9nybe<\/strong>.<\/li>\n<li>Sz\u00e1ll\u00edt\u00e1s <strong>magyarorsz\u00e1gi rakt\u00e1rakb\u00f3l<\/strong> \u00e1ltal\u00e1ban <strong>3-6 munkanapot vesz ig\u00e9nybe<\/strong>.<\/li>\n<\/ul>\n<p><strong>4. Hogyan kaphatok gyorsabb kisz\u00e1ll\u00edt\u00e1st?<\/strong><br \/>\nA gyorsabb kisz\u00e1ll\u00edt\u00e1s \u00e9rdek\u00e9ben javasoljuk, hogy a <strong>magyarorsz\u00e1gi rakt\u00e1runkb\u00f3l<\/strong>rendeljen, ami r\u00f6videbb sz\u00e1ll\u00edt\u00e1si id\u0151t biztos\u00edt.<\/p>\n<p><strong>5. Mi van, ha s\u00e9r\u00fclt vagy hib\u00e1s term\u00e9ket kapok?<\/strong><br \/>\nHa a term\u00e9k s\u00e9r\u00fclt vagy hib\u00e1s, vegye fel a kapcsolatot az \u00fcgyf\u00e9lszolg\u00e1lattal a <strong>cser\u00e9\u00e9rt vagy visszat\u00e9r\u00edt\u00e9s\u00e9rt<\/strong>.<\/p>\n<p><strong>6. Hogyan l\u00e9phetek kapcsolatba az \u00fcgyf\u00e9lszolg\u00e1lattal?<\/strong><br \/>\nEl\u00e9rhet minket<strong>\u00a0WhatsAppon vagy \u00e9l\u0151 chaten<\/strong> weboldalunkon b\u00e1rmilyen seg\u00edts\u00e9g\u00e9rt.<\/p>\n<\/div>\n<div class=\"relative p-1 rounded-sm flex items-center justify-center bg-token-main-surface-primary text-token-text-primary h-8 w-8\"><strong>7. Milyen sz\u00e1ll\u00edt\u00e1si m\u00f3dokat haszn\u00e1lnak?<\/strong><\/div>\n<\/div>\n<\/div>\n<\/div>\n<div class=\"group\/conversation-turn relative flex w-full min-w-0 flex-col agent-turn\">\n<div class=\"flex-col gap-1 md:gap-3\">\n<div class=\"flex max-w-full flex-col flex-grow\">\n<div class=\"min-h-[20px] text-message flex w-full flex-col items-end gap-2 whitespace-normal break-words [.text-message+&amp;]:mt-5 overflow-x-auto\" dir=\"auto\" data-message-author-role=\"assistant\" data-message-id=\"22f8283b-3233-46ff-89a5-c7a41b33abda\">\n<div class=\"flex w-full flex-col gap-1 empty:hidden first:pt-[3px]\">\n<div class=\"markdown prose w-full break-words dark:prose-invert light\">\n<p>Partnerei vagyunk a UPS, DHL, FedEx, DPD \u00e9s m\u00e1s vezet\u0151 fuvaroz\u00f3knak. A legjobb sz\u00e1ll\u00edt\u00e1si m\u00f3dot fogjuk kiv\u00e1lasztani a sz\u00e1ll\u00edt\u00e1si helysz\u00edne alapj\u00e1n, hogy a lehet\u0151 leggyorsabban megkapja a term\u00e9keit.<\/p>\n<\/div>\n<\/div>\n<\/div>\n<\/div>\n<\/div>\n<\/div>\n<p>Tal\u00e1lja meg a tov\u00e1bbi vape term\u00e9keket, amelyek tetszhetnek \u00d6nnek:<strong><em><a href=\"https:\/\/rmvapesale.com\/hu\/shop-2\/\">V\u00e1s\u00e1roljon most &gt;&gt;&gt;<\/a><\/em><\/strong><\/p>","protected":false},"excerpt":{"rendered":"<p>WASPE Crystal 40k Puff iker \u00edz\u0171 \u00fajrat\u00f6lthet\u0151 eldobhat\u00f3 vape<br \/>\nWASPE Crystal 40000 slukk k\u00e9t \u00edzes\u00edt\u00e9s\u0171 eldobhat\u00f3 vape \u00f6mlesztett v\u00e1s\u00e1rl\u00e1s<br \/>\nWASPE Crystal 40000 slukk 2 az 1-ben \u00edzes\u00edt\u00e9s\u0171 okosk\u00e9perny\u0151s nagykereskedelmi eldobhat\u00f3 vape<\/p>\n<p><strong>L\u00e9pjen kapcsolatba Amyvel, hogy megkapja a helyes v\u00e1laszt \u00e9s a vape kupont!<\/strong><\/p>\n<p><img loading=\"lazy\" decoding=\"async\" class=\"size-full wp-image-2375\" src=\"https:\/\/rmvapesale.com\/wp-content\/uploads\/2024\/10\/image.png\" alt=\"Legjobb Eldobhat\u00f3 Vape\" width=\"229\" height=\"300\" \/><\/p>\n<h3><a href=\"https:\/\/wa.me\/8617776015835\"><span style=\"color: #ff0000\"><strong>WhatsApp: +86 17776015835<\/strong><\/span><\/a><\/h3>\n<p>&nbsp;<\/p>","protected":false},"featured_media":2975,"comment_status":"open","ping_status":"closed","template":"","meta":{"_uag_custom_page_level_css":"","_lmt_disableupdate":"no","_lmt_disable":"","site-sidebar-layout":"default","site-content-layout":"content-boxed-container","ast-site-content-layout":"normal-width-container","site-content-style":"boxed","site-sidebar-style":"unboxed","ast-global-header-display":"","ast-banner-title-visibility":"","ast-main-header-display":"","ast-hfb-above-header-display":"","ast-hfb-below-header-display":"","ast-hfb-mobile-header-display":"","site-post-title":"","ast-breadcrumbs-content":"","ast-featured-img":"","footer-sml-layout":"","theme-transparent-header-meta":"default","adv-header-id-meta":"","stick-header-meta":"","header-above-stick-meta":"","header-main-stick-meta":"","header-below-stick-meta":"","astra-migrate-meta-layouts":"set","ast-page-background-enabled":"default","ast-page-background-meta":{"desktop":{"background-color":"var(--ast-global-color-4)","background-image":"","background-repeat":"repeat","background-position":"center center","background-size":"auto","background-attachment":"scroll","background-type":"","background-media":"","overlay-type":"","overlay-color":"","overlay-opacity":"","overlay-gradient":""},"tablet":{"background-color":"","background-image":"","background-repeat":"repeat","background-position":"center center","background-size":"auto","background-attachment":"scroll","background-type":"","background-media":"","overlay-type":"","overlay-color":"","overlay-opacity":"","overlay-gradient":""},"mobile":{"background-color":"","background-image":"","background-repeat":"repeat","background-position":"center center","background-size":"auto","background-attachment":"scroll","background-type":"","background-media":"","overlay-type":"","overlay-color":"","overlay-opacity":"","overlay-gradient":""}},"ast-content-background-meta":{"desktop":{"background-color":"var(--ast-global-color-5)","background-image":"","background-repeat":"repeat","background-position":"center center","background-size":"auto","background-attachment":"scroll","background-type":"","background-media":"","overlay-type":"","overlay-color":"","overlay-opacity":"","overlay-gradient":""},"tablet":{"background-color":"var(--ast-global-color-5)","background-image":"","background-repeat":"repeat","background-position":"center center","background-size":"auto","background-attachment":"scroll","background-type":"","background-media":"","overlay-type":"","overlay-color":"","overlay-opacity":"","overlay-gradient":""},"mobile":{"background-color":"var(--ast-global-color-5)","background-image":"","background-repeat":"repeat","background-position":"center center","background-size":"auto","background-attachment":"scroll","background-type":"","background-media":"","overlay-type":"","overlay-color":"","overlay-opacity":"","overlay-gradient":""}},"_joinchat":[]},"product_brand":[],"product_cat":[15,289,290,291,292,298,293,295,299,274,258,25,123,26,28,135,27,137,136,30],"product_tag":[146,124,222,64,40,111,300,221],"class_list":{"0":"post-2976","1":"product","2":"type-product","3":"status-publish","4":"has-post-thumbnail","6":"product_cat-new-vape-this-week","7":"product_cat-big-puffs-disposable-vapes","8":"product_cat-crystal-disposable-vapes","9":"product_cat-dual-mesh-disposable-vapes","10":"product_cat-digital-disposable-vapes","11":"product_cat-double-flavor-disposable-vapes","12":"product_cat-low-nicotine-disposable-vapes","13":"product_cat-rechargeable-disposable-vapes","14":"product_cat-smart-screen-disposable-vapes","15":"product_cat-waspe-fihp-vape","16":"product_cat-40000-puff-disposable-vape","17":"product_cat-germany-best-selling-vape","18":"product_cat-italy-wholesale-vape","19":"product_cat-netherlands-hot-sale-vape","20":"product_cat-poland-hot-sale-vape","21":"product_cat-spain-best-hot-sale-vape","22":"product_cat-fance-hot-sale-vape","23":"product_cat-rechargeable-vapes","24":"product_cat-smart-screen-vapes","25":"product_cat-minimum-order-quantity-50pcs","26":"product_tag-best-hot-sale-vape","27":"product_tag-crystal-vape","28":"product_tag-double-flavor-vape","29":"product_tag-dual-flavour-vape","30":"product_tag-hot-sale-vape","31":"product_tag-low-nicotine-disposable-vape","32":"product_tag-waspe-crystal-40000","33":"product_tag-waspe-vape","34":"desktop-align-left","35":"tablet-align-left","36":"mobile-align-left","38":"first","39":"instock","40":"sale","41":"shipping-taxable","42":"purchasable","43":"product-type-simple"},"uagb_featured_image_src":{"full":["https:\/\/rmvapesale.com\/wp-content\/uploads\/2025\/01\/WASPE-40000-Puffs-Crystal-Disposable-Vape-Wholesale.webp",1000,1000,false],"thumbnail":["https:\/\/rmvapesale.com\/wp-content\/uploads\/2025\/01\/WASPE-40000-Puffs-Crystal-Disposable-Vape-Wholesale-150x150.webp",150,150,true],"medium":["https:\/\/rmvapesale.com\/wp-content\/uploads\/2025\/01\/WASPE-40000-Puffs-Crystal-Disposable-Vape-Wholesale-300x300.webp",300,300,true],"medium_large":["https:\/\/rmvapesale.com\/wp-content\/uploads\/2025\/01\/WASPE-40000-Puffs-Crystal-Disposable-Vape-Wholesale-768x768.webp",768,768,true],"large":["https:\/\/rmvapesale.com\/wp-content\/uploads\/2025\/01\/WASPE-40000-Puffs-Crystal-Disposable-Vape-Wholesale.webp",1000,1000,false],"1536x1536":["https:\/\/rmvapesale.com\/wp-content\/uploads\/2025\/01\/WASPE-40000-Puffs-Crystal-Disposable-Vape-Wholesale.webp",1000,1000,false],"2048x2048":["https:\/\/rmvapesale.com\/wp-content\/uploads\/2025\/01\/WASPE-40000-Puffs-Crystal-Disposable-Vape-Wholesale.webp",1000,1000,false],"trp-custom-language-flag":["https:\/\/rmvapesale.com\/wp-content\/uploads\/2025\/01\/WASPE-40000-Puffs-Crystal-Disposable-Vape-Wholesale.webp",12,12,false],"woocommerce_thumbnail":["https:\/\/rmvapesale.com\/wp-content\/uploads\/2025\/01\/WASPE-40000-Puffs-Crystal-Disposable-Vape-Wholesale-300x300.webp",300,300,true],"woocommerce_single":["https:\/\/rmvapesale.com\/wp-content\/uploads\/2025\/01\/WASPE-40000-Puffs-Crystal-Disposable-Vape-Wholesale-600x600.webp",600,600,true],"woocommerce_gallery_thumbnail":["https:\/\/rmvapesale.com\/wp-content\/uploads\/2025\/01\/WASPE-40000-Puffs-Crystal-Disposable-Vape-Wholesale-100x100.webp",100,100,true],"wcpr-photo-reviews":["https:\/\/rmvapesale.com\/wp-content\/uploads\/2025\/01\/WASPE-40000-Puffs-Crystal-Disposable-Vape-Wholesale.webp",500,500,false]},"uagb_author_info":{"display_name":"AMY","author_link":"https:\/\/rmvapesale.com\/hu\/author\/"},"uagb_comment_info":0,"uagb_excerpt":"WASPE Crystal 40k Puff Twins Flavor Rechargeable Disposable Vape WASPE Crystal 40000 Puffs Dual Flavors Disposable Vape Bulk Buy WASPE Crystal 40000 Puffs 2 in 1 Flavor Smart Screen Wholesale Disposable Contact Amy to get right reply and vape coupon! WhatsApp: +86 17776015835 &nbsp;","_links":{"self":[{"href":"https:\/\/rmvapesale.com\/hu\/wp-json\/wp\/v2\/product\/2976","targetHints":{"allow":["GET"]}}],"collection":[{"href":"https:\/\/rmvapesale.com\/hu\/wp-json\/wp\/v2\/product"}],"about":[{"href":"https:\/\/rmvapesale.com\/hu\/wp-json\/wp\/v2\/types\/product"}],"replies":[{"embeddable":true,"href":"https:\/\/rmvapesale.com\/hu\/wp-json\/wp\/v2\/comments?post=2976"}],"wp:featuredmedia":[{"embeddable":true,"href":"https:\/\/rmvapesale.com\/hu\/wp-json\/wp\/v2\/media\/2975"}],"wp:attachment":[{"href":"https:\/\/rmvapesale.com\/hu\/wp-json\/wp\/v2\/media?parent=2976"}],"wp:term":[{"taxonomy":"product_brand","embeddable":true,"href":"https:\/\/rmvapesale.com\/hu\/wp-json\/wp\/v2\/product_brand?post=2976"},{"taxonomy":"product_cat","embeddable":true,"href":"https:\/\/rmvapesale.com\/hu\/wp-json\/wp\/v2\/product_cat?post=2976"},{"taxonomy":"product_tag","embeddable":true,"href":"https:\/\/rmvapesale.com\/hu\/wp-json\/wp\/v2\/product_tag?post=2976"}],"curies":[{"name":"wp","href":"https:\/\/api.w.org\/{rel}","templated":true}]}}