{"id":3011,"date":"2025-01-26T03:15:11","date_gmt":"2025-01-26T03:15:11","guid":{"rendered":"https:\/\/rmvapesale.com\/?post_type=product&#038;p=3011"},"modified":"2025-01-23T03:29:52","modified_gmt":"2025-01-23T03:29:52","slug":"vapsolo-dg-18000-puffs-smart-screen-puff-18k-disposable-vape-wholesale-electronic-cigarette-discount-price","status":"publish","type":"product","link":"https:\/\/rmvapesale.com\/hu\/product\/vapsolo-dg-18000-puffs-smart-screen-puff-18k-disposable-vape-wholesale-electronic-cigarette-discount-price\/","title":{"rendered":"Vapsolo DG 18000 Puffs Smart Screen Puff 18k Eldobhat\u00f3 Vape Nagykereskedelmi Elektronikus Cigaretta Kedvezm\u00e9nyes \u00c1ron"},"content":{"rendered":"<div class=\"B2VR9 CJHX3e\">\n<div class=\"wyccme\">\n<div class=\"flex-shrink-0 flex flex-col relative items-end\">\n<div class=\"pt-0\">\n<div class=\"gizmo-bot-avatar flex h-8 w-8 items-center justify-center overflow-hidden rounded-full\">\n<div class=\"relative p-1 rounded-sm flex items-center justify-center bg-token-main-surface-primary text-token-text-primary h-8 w-8\">\n<div class=\"flex-shrink-0 flex flex-col relative items-end\">\n<div class=\"pt-0\">\n<div class=\"gizmo-bot-avatar flex h-8 w-8 items-center justify-center overflow-hidden rounded-full\">\n<h1 class=\"relative p-1 rounded-sm flex items-center justify-center bg-token-main-surface-primary text-token-text-primary h-8 w-8\">Vapsolo DG 18000 Puffs Smart Screen Puff 18k Eldobhat\u00f3 Vape Nagykereskedelmi Elektronikus Cigaretta Kedvezm\u00e9nyes \u00c1ron<\/h1>\n<\/div>\n<\/div>\n<\/div>\n<\/div>\n<\/div>\n<\/div>\n<\/div>\n<div class=\"group\/conversation-turn relative flex w-full min-w-0 flex-col agent-turn\">\n<div class=\"flex-col gap-1 md:gap-3\">\n<div class=\"flex max-w-full flex-col flex-grow\">\n<div class=\"min-h-8 text-message flex w-full flex-col items-end gap-2 whitespace-normal break-words text-start [.text-message+&amp;]:mt-5\" dir=\"auto\" data-message-author-role=\"assistant\" data-message-id=\"80ece0c4-ead1-4ed9-a9f0-ddc22582b4f4\" data-message-model-slug=\"gpt-4o\">\n<p>Nagy teljes\u00edtm\u00e9ny\u0171t keres? <strong>eldobhat\u00f3 vape<\/strong> leny\u0171g\u00f6z\u0151 puffsz\u00e1mmal \u00e9s a leg\u00fajabb funkci\u00f3kkal? A <strong>Vapsolo DG 18000 Puffs Smart Screen eldobhat\u00f3 vape<\/strong> t\u00f6k\u00e9letes v\u00e1laszt\u00e1s! A hosszan tart\u00f3 el\u00e9gedetts\u00e9gre v\u00e1gy\u00f3 vaperek sz\u00e1m\u00e1ra tervezett eszk\u00f6z <strong>elk\u00e9peszt\u0151 18 000 puffot<\/strong>, <strong>\u00e1ll\u00edthat\u00f3 l\u00e9g\u00e1raml\u00e1sa<\/strong>\u00e9s egy \u00e9lvonalbeli <strong>intelligens kijelz\u0151<\/strong>, mindezt megfizethet\u0151 <strong>nagykereskedelmi \u00e1ron<\/strong>.<\/p>\n<p>k\u00edn\u00e1l. Ez a vape egy <strong>Smart Mode<\/strong> funkci\u00f3val rendelkezik, amely automatikusan be\u00e1ll\u00edtja a teljes\u00edtm\u00e9nyt \u00e9s a be\u00e1ll\u00edt\u00e1sokat a vaping szok\u00e1sai alapj\u00e1n, \u00edgy minden alkalommal optim\u00e1lis \u00e9lm\u00e9nyt biztos\u00edt. Er\u0151sebb \u00fct\u00e9sre van sz\u00fcks\u00e9ge? Aktiv\u00e1lja a <strong>Boost Mode<\/strong> funkci\u00f3t az extra intenzit\u00e1s \u00e9s el\u00e9gedetts\u00e9g \u00e9rdek\u00e9ben.<\/p>\n<p>A <strong>Az \u00e1ll\u00edthat\u00f3 l\u00e9g\u00e1raml\u00e1s-szab\u00e1lyoz\u00e1s<\/strong> lehet\u0151v\u00e9 teszi a vaping \u00e9lm\u00e9ny finomhangol\u00e1s\u00e1t, ak\u00e1r szoros, intenz\u00edv \u00fct\u00e9st, ak\u00e1r sima, leveg\u0151s h\u00faz\u00e1st szeretne. R\u00e1ad\u00e1sul a <strong>, \u00edgy t\u00f6k\u00e9letes minden preferenci\u00e1hoz.<\/strong> val\u00f3s idej\u0171 betekint\u00e9st ny\u00fajt az akkumul\u00e1tor \u00e9lettartam\u00e1ba \u00e9s a puffsz\u00e1mba, \u00edgy mindig tudni fogja, mikor van itt az ideje a felt\u00f6lt\u00e9snek.<\/p>\n<p>Felszerelve egy <strong>\u00fajrat\u00f6lthet\u0151, 650 mAh-s akkumul\u00e1torral<\/strong> \u00e9s a Type-C gyorst\u00f6lt\u00e9snek k\u00f6sz\u00f6nhet\u0151en megszak\u00edt\u00e1s n\u00e9lk\u00fcli vapinget \u00e9lvezhet gyors \u00e9s hat\u00e9kony felt\u00f6lt\u00e9ssel. V\u00e1lasszon a <strong>2%-os vagy 5%-os nikotiner\u0151ss\u00e9g k\u00f6z\u00fcl<\/strong>, amely a h\u00e9tk\u00f6znapi vapereknek \u00e9s az er\u0151sebb nikotinra v\u00e1gy\u00f3knak is megfelel.<\/p>\n<p>A nagy t\u00e9telben v\u00e1s\u00e1rl\u00f3k sz\u00e1m\u00e1ra a Vapsolo DG 18000 verhetetlen \u00e9rt\u00e9ket k\u00edn\u00e1l <strong>nagykereskedelmi \u00e1ron<\/strong>, \u00edgy ide\u00e1lis v\u00e1laszt\u00e1s kiskeresked\u0151k \u00e9s forgalmaz\u00f3k sz\u00e1m\u00e1ra.<\/p>\n<\/div>\n<\/div>\n<\/div>\n<\/div>\n<div class=\"flex-shrink-0 flex flex-col relative items-end\">\n<div class=\"pt-0\">\n<div class=\"gizmo-bot-avatar flex h-8 w-8 items-center justify-center overflow-hidden rounded-full\">\n<p>&nbsp;<\/p>\n<\/div>\n<\/div>\n<\/div>\n<\/div>\n<\/div>\n<p><strong>L\u00e9pjen kapcsolatba Amyvel, hogy megkapja a helyes v\u00e1laszt \u00e9s a vape kupont!<\/strong><\/p>\n<p><img loading=\"lazy\" decoding=\"async\" class=\"size-full wp-image-1978\" src=\"https:\/\/rmvapesale.com\/wp-content\/uploads\/2024\/09\/Disposable-Vape-Wholesale.jpg\" alt=\"Eldobhat\u00f3 Vape Nagykereskedelem\" width=\"229\" height=\"300\" \/><\/p>\n<h3><a href=\"https:\/\/wa.me\/8617776015835\" target=\"_blank\" rel=\"noopener\"><span style=\"color: #ff0000\"><strong>WhatsApp: +86 17776015835<\/strong><\/span><\/a><\/h3>\n<p>&nbsp;<\/p>\n<h3><strong style=\"font-size: 1.7em\">Vapsolo DG 18000 Puffs F\u0151bb term\u00e9kjellemz\u0151k<\/strong><\/h3>\n<p>\u2611 Nikotin: 2%\/5%<br \/>\n\u2611 Okos m\u00f3d: 18000 Puffs<br \/>\nBoost m\u00f3d: 9000 slukk<br \/>\n\u2611 Kapacit\u00e1s: 28ml<br \/>\n\u2611 650mah \u00dajrat\u00f6lthet\u0151<br \/>\n\u2611 0.90\u03a9 Mesh Tekercs<br \/>\n\u2611 L\u00e9g\u00e1raml\u00e1s \u00c1ll\u00edthat\u00f3<br \/>\nOkos k\u00e9perny\u0151 kijelz\u0151: akkumul\u00e1tor kapacit\u00e1sa\/e-liquid kapacit\u00e1sa<br \/>\n\u2611 10 \u00edzben el\u00e9rhet\u0151<\/p>\n<p>&nbsp;<\/p>\n<figure id=\"attachment_3007\" aria-describedby=\"caption-attachment-3007\" style=\"width: 300px\" class=\"wp-caption alignnone\"><img loading=\"lazy\" decoding=\"async\" class=\"size-medium wp-image-3007\" src=\"https:\/\/rmvapesale.com\/wp-content\/uploads\/2025\/01\/Vapsolo-DG-18000-Puffs-Disposable-Vape-Bulk-Buy-300x300.webp\" alt=\"Vapsolo DG 18000 Puffs Eldobhat\u00f3 Vape Nagy t\u00e9telben\" width=\"300\" height=\"300\" srcset=\"https:\/\/rmvapesale.com\/wp-content\/uploads\/2025\/01\/Vapsolo-DG-18000-Puffs-Disposable-Vape-Bulk-Buy-300x300.webp 300w, https:\/\/rmvapesale.com\/wp-content\/uploads\/2025\/01\/Vapsolo-DG-18000-Puffs-Disposable-Vape-Bulk-Buy-150x150.webp 150w, https:\/\/rmvapesale.com\/wp-content\/uploads\/2025\/01\/Vapsolo-DG-18000-Puffs-Disposable-Vape-Bulk-Buy-768x768.webp 768w, https:\/\/rmvapesale.com\/wp-content\/uploads\/2025\/01\/Vapsolo-DG-18000-Puffs-Disposable-Vape-Bulk-Buy-600x600.webp 600w, https:\/\/rmvapesale.com\/wp-content\/uploads\/2025\/01\/Vapsolo-DG-18000-Puffs-Disposable-Vape-Bulk-Buy-100x100.webp 100w, https:\/\/rmvapesale.com\/wp-content\/uploads\/2025\/01\/Vapsolo-DG-18000-Puffs-Disposable-Vape-Bulk-Buy.webp 1000w\" sizes=\"auto, (max-width: 300px) 100vw, 300px\" \/><figcaption id=\"caption-attachment-3007\" class=\"wp-caption-text\">Vapsolo DG 18000 Puffs Eldobhat\u00f3 Vape Nagy t\u00e9telben<\/figcaption><\/figure>\n<h3><strong style=\"font-size: 1.7em\">Legn\u00e9pszer\u0171bb \u00edzek a Vapsolo DG 18000 Puffs-hoz<\/strong><strong style=\"font-size: 1.7em\">\u00a0Vape<\/strong><\/h3>\n<p>1. \u0150szibarack Mang\u00f3 Anan\u00e1sz <span style=\"color: #ff0000\"><strong>&gt;&gt;&gt; Felkapott!<\/strong><\/span><br \/>\n2. Maracuja Kiwi J\u00e9g<br \/>\n3. \u00c1fonya Cseresznye T\u0151zeg\u00e1fonya <span style=\"color: #ff0000\"><strong>&gt;&gt;&gt; Felkapott!<\/strong><\/span><br \/>\n4. G\u00f6r\u00f6gdinnye J\u00e9g<br \/>\n5. Eper Kiwi<br \/>\n6. Citrom Lime<br \/>\n7. Eper Ban\u00e1n<br \/>\n8. Red Bull<br \/>\n9. Vegyes bogy\u00f3k <span style=\"color: #ff0000\"><strong>&gt;&gt;&gt; Legjobb!<\/strong><\/span><br \/>\n10. Pr\u00e9mium eper g\u00f6r\u00f6gdinnye<\/p>\n<p>&nbsp;<\/p>\n<h3><strong>Mi\u00e9rt v\u00e1lassza az Rmvapesale-t a Vapsolo DG 18000 Puffs-hoz? <\/strong><strong>V<\/strong><strong>ape Nagykeresked\u00e9s<\/strong><strong>?<\/strong><\/h3>\n<div class=\"flex-shrink-0 flex flex-col relative items-end\">\n<div class=\"pt-0\">\n<div class=\"gizmo-bot-avatar flex h-8 w-8 items-center justify-center overflow-hidden rounded-full\">\n<p>Ahogy az eldobhat\u00f3 e-cigaretta piac\u00e1n a verseny fokoz\u00f3dik, az Rmvapesale, az eldobhat\u00f3 vape megold\u00e1sok glob\u00e1lis nagykereskedelmi vezet\u0151je, piacra dobta a Bangking 35000 Puffs Double Flavour eldobhat\u00f3 e-cigarett\u00e1t. Ez az \u00fatt\u00f6r\u0151 term\u00e9k egyedi eszt\u00e9tikus \u00e9s divatos megjelen\u00e9s\u00e9vel h\u00edvja fel mag\u00e1ra a figyelmet. A gy\u00fcm\u00f6lcs\u00f6s \u00edzek sz\u00e9les v\u00e1laszt\u00e9k\u00e1val a fogyaszt\u00f3i \u00edzl\u00e9sek sz\u00e9les sk\u00e1l\u00e1j\u00e1t el\u00e9g\u00edti ki, mik\u00f6zben hangs\u00falyt fektet az innov\u00e1ci\u00f3ra \u00e9s a sokoldal\u00fas\u00e1gra.<\/p>\n<p class=\"relative p-1 rounded-sm flex items-center justify-center bg-token-main-surface-primary text-token-text-primary h-8 w-8\">Az Rmvapesale az \u00d6n megb\u00edzhat\u00f3 vape \u00fczlete a pr\u00e9mium eldobhat\u00f3 e-cigarett\u00e1k ter\u00e9n. T\u00f6bb mint 5 \u00e9ves tapasztalattal rendelkez\u00fcnk, \u00e9s olyan n\u00e9pszer\u0171 eldobhat\u00f3 vape m\u00e1rk\u00e1kat k\u00edn\u00e1lunk, mint az Al Fakher, JNR Vape, Vapsolo Vape, Vapme Vape, <a href=\"https:\/\/rmvapesale.com\/hu\/product-category\/bang-vapes\/\">Bang Vape<\/a>, Waspe Vape, WGA Vape \u00e9s<a href=\"https:\/\/rmvapesale.com\/hu\/product-category\/randm-fumot-vape\/\"> RandM Vape<\/a>. K\u00edn\u00e1latunkban olyan forr\u00f3 elad\u00e1s\u00fa eldobhat\u00f3 vape-ok szerepelnek, mint az <a href=\"https:\/\/rmvapesale.com\/hu\/product\/waspe-crystal-40000-puffs-double-flavor-led-display-disposable-vape-bulk-buy\/\">WASPE Crystal 40000 slukk<\/a> \u00e9s az \u00edzekben gazdag v\u00e1laszt\u00e9k, mint p\u00e9ld\u00e1ul az<a href=\"https:\/\/rmvapesale.com\/hu\/product\/aivono-fatman-15000-puffs-vape-disposable-e-cigarettes-mtl\/\"> AIVONO Shisha Hoohak 15000<\/a>. Minden term\u00e9ket a min\u0151s\u00e9gre, \u00e9rt\u00e9kre \u00e9s v\u00e1ltozatoss\u00e1gra f\u00f3kusz\u00e1lva v\u00e1lasztunk ki, biztos\u00edtva, hogy megtal\u00e1lja az ig\u00e9nyeinek t\u00f6k\u00e9letesen megfelel\u0151t. Fedezze fel a kiv\u00e9teles szolg\u00e1ltat\u00e1st \u00e9s a sz\u00e9les v\u00e1laszt\u00e9kot a cs\u00facsmin\u0151s\u00e9g\u0171 term\u00e9kek ter\u00e9n az Rmvapesale-n\u00e9l.<\/p>\n<p>&nbsp;<\/p>\n<p class=\"relative p-1 rounded-sm flex items-center justify-center bg-token-main-surface-primary text-token-text-primary h-8 w-8\"><b style=\"font-size: 1.5em;font-style: inherit\">GYIK a Vapsolo DG 18k Puffs-hoz <\/b><b style=\"font-size: 1.5em;font-style: inherit\">\u00dajrat\u00f6lthet\u0151 eldobhat\u00f3 vape<\/b><\/p>\n<ol>\n<li><strong>Hol v\u00e1s\u00e1rolhatom meg a Vapsolo DG 18000 Puffs eldobhat\u00f3 vape-et nagykereskedelmi \u00e1ron?<\/strong>\n<ul>\n<li>Megv\u00e1s\u00e1rolhatja nagykereskedelmi \u00e1ron a <a href=\"https:\/\/rmvapesale.com\/hu\/\" target=\"_new\" rel=\"noopener\">Rmvapesale<\/a>oldalon, amely t\u00f6meges kedvezm\u00e9nyeket \u00e9s vil\u00e1gszerte sz\u00e1ll\u00edt\u00e1st k\u00edn\u00e1l.<\/li>\n<\/ul>\n<\/li>\n<li><strong>Hogyan seg\u00edt az okos k\u00e9perny\u0151?<\/strong>\n<ul>\n<li>A kijelz\u0151 val\u00f3s id\u0151ben mutatja az akkumul\u00e1tor sz\u00e1zal\u00e9kos ar\u00e1ny\u00e1t \u00e9s a slukkok sz\u00e1m\u00e1t, \u00edgy mindig t\u00e1j\u00e9kozott lehet.<\/li>\n<\/ul>\n<\/li>\n<li><strong>Be\u00e1ll\u00edthatom a l\u00e9g\u00e1raml\u00e1st a Vapsolo 18000 Puffs-on?<\/strong>\n<ul>\n<li>Igen, az \u00e1ll\u00edthat\u00f3 l\u00e9g\u00e1raml\u00e1s lehet\u0151v\u00e9 teszi, hogy testre szabd a g\u0151z\u00f6l\u00e9si \u00e9lm\u00e9nyt a sz\u0171k sz\u00edv\u00e1sokt\u00f3l a sima sz\u00edv\u00e1sokig.<\/li>\n<\/ul>\n<\/li>\n<li><strong>Milyen nikotinszintek \u00e9rhet\u0151k el?<\/strong>\n<ul>\n<li>Ez az eszk\u00f6z 2%-os \u00e9s 5%-os nikotiner\u0151ss\u00e9gben kaphat\u00f3, hogy megfeleljen a k\u00fcl\u00f6nb\u00f6z\u0151 preferenci\u00e1knak.<\/li>\n<\/ul>\n<\/li>\n<li><strong>Mennyi ideig b\u00edrja a 650 mAh-s akkumul\u00e1tor?<\/strong>\n<ul>\n<li>Az \u00fajrat\u00f6lthet\u0151 akkumul\u00e1tor hossz\u00fa haszn\u00e1lati id\u0151t biztos\u00edt, \u00e9s Type-C-n kereszt\u00fcl gyorsan \u00fajrat\u00f6lthet\u0151 a hosszabb g\u0151z\u00f6l\u00e9si munkamenetekhez.<\/li>\n<\/ul>\n<\/li>\n<\/ol>\n<\/div>\n<\/div>\n<\/div>\n<h2>Hogyan kell rendelni?<\/h2>\n<div class=\"flex-shrink-0 flex flex-col relative items-end\">\n<div class=\"pt-0\">\n<div class=\"gizmo-bot-avatar flex h-8 w-8 items-center justify-center overflow-hidden rounded-full\">\n<div>\n<p><strong>1. Milyen fizet\u00e9si m\u00f3dokat fogadnak el?<\/strong><br \/>\n<span class=\"selectable-text copyable-text false\">Fizet\u00e9sre banki \u00e1tutal\u00e1st \u00e9s Western Uniont k\u00edn\u00e1lunk. Magyarorsz\u00e1gi \u00fcgyfeleink t\u00f6bbs\u00e9ge a banki \u00e1tutal\u00e1st v\u00e1lasztja, van helyi banksz\u00e1ml\u00e1nk, amelyre kezel\u00e9si k\u00f6lts\u00e9g n\u00e9lk\u00fcl fizethet a sz\u00e1ml\u00e1nkra. <\/span>.<\/p>\n<p><strong>2. Hogyan k\u00f6vethetem nyomon a rendel\u00e9sem?<\/strong><br \/>\nA csomag kisz\u00e1ll\u00edt\u00e1sa ut\u00e1n <span class=\"selectable-text copyable-text false\">hivatkoz\u00e1sk\u00e9nt megadjuk a nyomon k\u00f6vet\u00e9si sz\u00e1mot, \u00e9s folyamatosan friss\u00edtj\u00fck a st\u00e1tuszt, am\u00edg meg nem kapja az \u00e1rut<\/span>.<\/p>\n<p><strong>3. Mennyi id\u0151 alatt \u00e9rkezik meg?<\/strong><\/p>\n<ul>\n<li>Sz\u00e1ll\u00edt\u00e1s <strong>k\u00ednai rakt\u00e1rakb\u00f3l<\/strong> k\u00f6r\u00fclbel\u00fcl <strong>7-14 munkanapot vesz ig\u00e9nybe<\/strong>.<\/li>\n<li>Sz\u00e1ll\u00edt\u00e1s <strong>magyarorsz\u00e1gi rakt\u00e1rakb\u00f3l<\/strong> \u00e1ltal\u00e1ban <strong>3-6 munkanapot vesz ig\u00e9nybe<\/strong>.<\/li>\n<\/ul>\n<p><strong>4. Hogyan kaphatok gyorsabb kisz\u00e1ll\u00edt\u00e1st?<\/strong><br \/>\nA gyorsabb kisz\u00e1ll\u00edt\u00e1s \u00e9rdek\u00e9ben javasoljuk, hogy a <strong>magyarorsz\u00e1gi rakt\u00e1runkb\u00f3l<\/strong>rendeljen, ami r\u00f6videbb sz\u00e1ll\u00edt\u00e1si id\u0151t biztos\u00edt.<\/p>\n<p><strong>5. Mi van, ha s\u00e9r\u00fclt vagy hib\u00e1s term\u00e9ket kapok?<\/strong><br \/>\nHa a term\u00e9k s\u00e9r\u00fclt vagy hib\u00e1s, vegye fel a kapcsolatot az \u00fcgyf\u00e9lszolg\u00e1lattal a <strong>cser\u00e9\u00e9rt vagy visszat\u00e9r\u00edt\u00e9s\u00e9rt<\/strong>.<\/p>\n<p><strong>6. Hogyan l\u00e9phetek kapcsolatba az \u00fcgyf\u00e9lszolg\u00e1lattal?<\/strong><br \/>\nEl\u00e9rhet minket<strong>\u00a0WhatsAppon vagy \u00e9l\u0151 chaten<\/strong> weboldalunkon b\u00e1rmilyen seg\u00edts\u00e9g\u00e9rt.<\/p>\n<\/div>\n<div class=\"relative p-1 rounded-sm flex items-center justify-center bg-token-main-surface-primary text-token-text-primary h-8 w-8\"><strong>7. Milyen sz\u00e1ll\u00edt\u00e1si m\u00f3dokat haszn\u00e1lnak?<\/strong><\/div>\n<\/div>\n<\/div>\n<\/div>\n<div class=\"group\/conversation-turn relative flex w-full min-w-0 flex-col agent-turn\">\n<div class=\"flex-col gap-1 md:gap-3\">\n<div class=\"flex max-w-full flex-col flex-grow\">\n<div class=\"min-h-[20px] text-message flex w-full flex-col items-end gap-2 whitespace-normal break-words [.text-message+&amp;]:mt-5 overflow-x-auto\" dir=\"auto\" data-message-author-role=\"assistant\" data-message-id=\"22f8283b-3233-46ff-89a5-c7a41b33abda\">\n<div class=\"flex w-full flex-col gap-1 empty:hidden first:pt-[3px]\">\n<div class=\"markdown prose w-full break-words dark:prose-invert light\">\n<p>Partnerei vagyunk a UPS, DHL, FedEx, DPD \u00e9s m\u00e1s vezet\u0151 fuvaroz\u00f3knak. A legjobb sz\u00e1ll\u00edt\u00e1si m\u00f3dot fogjuk kiv\u00e1lasztani a sz\u00e1ll\u00edt\u00e1si helysz\u00edne alapj\u00e1n, hogy a lehet\u0151 leggyorsabban megkapja a term\u00e9keit.<\/p>\n<\/div>\n<\/div>\n<\/div>\n<\/div>\n<\/div>\n<\/div>\n<p>Tal\u00e1lja meg a tov\u00e1bbi vape term\u00e9keket, amelyek tetszhetnek \u00d6nnek:<strong><em><a href=\"https:\/\/rmvapesale.com\/hu\/shop-2\/\">V\u00e1s\u00e1roljon most &gt;&gt;&gt;<\/a><\/em><\/strong><\/p>","protected":false},"excerpt":{"rendered":"<p>Vapsolo DG 18000 Puffs Twins \u00cdz\u0171 \u00dajrat\u00f6lthet\u0151 Eldobhat\u00f3 Vape<br \/>\nVapsolo DG 18k Puff N\u00e9pszer\u0171 Eldobhat\u00f3 Vape Nagy t\u00e9telben<br \/>\nVapsolo DG 18000 Puffs LED Kijelz\u0151 Okos K\u00e9perny\u0151s Nagyker Eldobhat\u00f3<\/p>\n<p><strong>L\u00e9pjen kapcsolatba Amyvel, hogy megkapja a helyes v\u00e1laszt \u00e9s a vape kupont!<\/strong><\/p>\n<p><img loading=\"lazy\" decoding=\"async\" class=\"size-full wp-image-2375\" src=\"https:\/\/rmvapesale.com\/wp-content\/uploads\/2024\/10\/image.png\" alt=\"Legjobb Eldobhat\u00f3 Vape\" width=\"229\" height=\"300\" \/><\/p>\n<h3><a href=\"https:\/\/wa.me\/8617776015835\"><span style=\"color: #ff0000\"><strong>WhatsApp: +86 17776015835<\/strong><\/span><\/a><\/h3>\n<p>&nbsp;<\/p>","protected":false},"featured_media":3006,"comment_status":"open","ping_status":"closed","template":"","meta":{"_uag_custom_page_level_css":"","_lmt_disableupdate":"no","_lmt_disable":"","site-sidebar-layout":"default","site-content-layout":"content-boxed-container","ast-site-content-layout":"normal-width-container","site-content-style":"boxed","site-sidebar-style":"unboxed","ast-global-header-display":"","ast-banner-title-visibility":"","ast-main-header-display":"","ast-hfb-above-header-display":"","ast-hfb-below-header-display":"","ast-hfb-mobile-header-display":"","site-post-title":"","ast-breadcrumbs-content":"","ast-featured-img":"","footer-sml-layout":"","theme-transparent-header-meta":"default","adv-header-id-meta":"","stick-header-meta":"","header-above-stick-meta":"","header-main-stick-meta":"","header-below-stick-meta":"","astra-migrate-meta-layouts":"set","ast-page-background-enabled":"default","ast-page-background-meta":{"desktop":{"background-color":"var(--ast-global-color-4)","background-image":"","background-repeat":"repeat","background-position":"center center","background-size":"auto","background-attachment":"scroll","background-type":"","background-media":"","overlay-type":"","overlay-color":"","overlay-opacity":"","overlay-gradient":""},"tablet":{"background-color":"","background-image":"","background-repeat":"repeat","background-position":"center center","background-size":"auto","background-attachment":"scroll","background-type":"","background-media":"","overlay-type":"","overlay-color":"","overlay-opacity":"","overlay-gradient":""},"mobile":{"background-color":"","background-image":"","background-repeat":"repeat","background-position":"center center","background-size":"auto","background-attachment":"scroll","background-type":"","background-media":"","overlay-type":"","overlay-color":"","overlay-opacity":"","overlay-gradient":""}},"ast-content-background-meta":{"desktop":{"background-color":"var(--ast-global-color-5)","background-image":"","background-repeat":"repeat","background-position":"center center","background-size":"auto","background-attachment":"scroll","background-type":"","background-media":"","overlay-type":"","overlay-color":"","overlay-opacity":"","overlay-gradient":""},"tablet":{"background-color":"var(--ast-global-color-5)","background-image":"","background-repeat":"repeat","background-position":"center center","background-size":"auto","background-attachment":"scroll","background-type":"","background-media":"","overlay-type":"","overlay-color":"","overlay-opacity":"","overlay-gradient":""},"mobile":{"background-color":"var(--ast-global-color-5)","background-image":"","background-repeat":"repeat","background-position":"center center","background-size":"auto","background-attachment":"scroll","background-type":"","background-media":"","overlay-type":"","overlay-color":"","overlay-opacity":"","overlay-gradient":""}},"_joinchat":[]},"product_brand":[],"product_cat":[15,289,290,291,292,298,293,295,299,275,25,123,26,28,135,27,137,136,30],"product_tag":[146,222,64,40,111,302,301],"class_list":{"0":"post-3011","1":"product","2":"type-product","3":"status-publish","4":"has-post-thumbnail","6":"product_cat-new-vape-this-week","7":"product_cat-big-puffs-disposable-vapes","8":"product_cat-crystal-disposable-vapes","9":"product_cat-dual-mesh-disposable-vapes","10":"product_cat-digital-disposable-vapes","11":"product_cat-double-flavor-disposable-vapes","12":"product_cat-low-nicotine-disposable-vapes","13":"product_cat-rechargeable-disposable-vapes","14":"product_cat-smart-screen-disposable-vapes","15":"product_cat-vapsolo-vape","16":"product_cat-germany-best-selling-vape","17":"product_cat-italy-wholesale-vape","18":"product_cat-netherlands-hot-sale-vape","19":"product_cat-poland-hot-sale-vape","20":"product_cat-spain-best-hot-sale-vape","21":"product_cat-fance-hot-sale-vape","22":"product_cat-rechargeable-vapes","23":"product_cat-smart-screen-vapes","24":"product_cat-minimum-order-quantity-50pcs","25":"product_tag-best-hot-sale-vape","26":"product_tag-double-flavor-vape","27":"product_tag-dual-flavour-vape","28":"product_tag-hot-sale-vape","29":"product_tag-low-nicotine-disposable-vape","30":"product_tag-vapsolo-dg-18000","31":"product_tag-vapsolo-vape","32":"desktop-align-left","33":"tablet-align-left","34":"mobile-align-left","36":"first","37":"instock","38":"sale","39":"shipping-taxable","40":"purchasable","41":"product-type-simple"},"uagb_featured_image_src":{"full":["https:\/\/rmvapesale.com\/wp-content\/uploads\/2025\/01\/Vapsolo-DG-18000-Puff-Disposable-Vape-Cheap-Price.webp",1000,1000,false],"thumbnail":["https:\/\/rmvapesale.com\/wp-content\/uploads\/2025\/01\/Vapsolo-DG-18000-Puff-Disposable-Vape-Cheap-Price-150x150.webp",150,150,true],"medium":["https:\/\/rmvapesale.com\/wp-content\/uploads\/2025\/01\/Vapsolo-DG-18000-Puff-Disposable-Vape-Cheap-Price-300x300.webp",300,300,true],"medium_large":["https:\/\/rmvapesale.com\/wp-content\/uploads\/2025\/01\/Vapsolo-DG-18000-Puff-Disposable-Vape-Cheap-Price-768x768.webp",768,768,true],"large":["https:\/\/rmvapesale.com\/wp-content\/uploads\/2025\/01\/Vapsolo-DG-18000-Puff-Disposable-Vape-Cheap-Price.webp",1000,1000,false],"1536x1536":["https:\/\/rmvapesale.com\/wp-content\/uploads\/2025\/01\/Vapsolo-DG-18000-Puff-Disposable-Vape-Cheap-Price.webp",1000,1000,false],"2048x2048":["https:\/\/rmvapesale.com\/wp-content\/uploads\/2025\/01\/Vapsolo-DG-18000-Puff-Disposable-Vape-Cheap-Price.webp",1000,1000,false],"trp-custom-language-flag":["https:\/\/rmvapesale.com\/wp-content\/uploads\/2025\/01\/Vapsolo-DG-18000-Puff-Disposable-Vape-Cheap-Price.webp",12,12,false],"woocommerce_thumbnail":["https:\/\/rmvapesale.com\/wp-content\/uploads\/2025\/01\/Vapsolo-DG-18000-Puff-Disposable-Vape-Cheap-Price-300x300.webp",300,300,true],"woocommerce_single":["https:\/\/rmvapesale.com\/wp-content\/uploads\/2025\/01\/Vapsolo-DG-18000-Puff-Disposable-Vape-Cheap-Price-600x600.webp",600,600,true],"woocommerce_gallery_thumbnail":["https:\/\/rmvapesale.com\/wp-content\/uploads\/2025\/01\/Vapsolo-DG-18000-Puff-Disposable-Vape-Cheap-Price-100x100.webp",100,100,true],"wcpr-photo-reviews":["https:\/\/rmvapesale.com\/wp-content\/uploads\/2025\/01\/Vapsolo-DG-18000-Puff-Disposable-Vape-Cheap-Price.webp",500,500,false]},"uagb_author_info":{"display_name":"AMY","author_link":"https:\/\/rmvapesale.com\/hu\/author\/"},"uagb_comment_info":0,"uagb_excerpt":"Vapsolo DG 18000 Puffs Twins Flavor Rechargeable Disposable Vape Vapsolo DG 18k Puff Hot Sale\u00a0Disposable Vape Bulk Buy Vapsolo DG 18000 Puffs LED Display\u00a0Smart Screen Wholesale Disposable Contact Amy to get right reply and vape coupon! WhatsApp: +86 17776015835 &nbsp;","_links":{"self":[{"href":"https:\/\/rmvapesale.com\/hu\/wp-json\/wp\/v2\/product\/3011","targetHints":{"allow":["GET"]}}],"collection":[{"href":"https:\/\/rmvapesale.com\/hu\/wp-json\/wp\/v2\/product"}],"about":[{"href":"https:\/\/rmvapesale.com\/hu\/wp-json\/wp\/v2\/types\/product"}],"replies":[{"embeddable":true,"href":"https:\/\/rmvapesale.com\/hu\/wp-json\/wp\/v2\/comments?post=3011"}],"wp:featuredmedia":[{"embeddable":true,"href":"https:\/\/rmvapesale.com\/hu\/wp-json\/wp\/v2\/media\/3006"}],"wp:attachment":[{"href":"https:\/\/rmvapesale.com\/hu\/wp-json\/wp\/v2\/media?parent=3011"}],"wp:term":[{"taxonomy":"product_brand","embeddable":true,"href":"https:\/\/rmvapesale.com\/hu\/wp-json\/wp\/v2\/product_brand?post=3011"},{"taxonomy":"product_cat","embeddable":true,"href":"https:\/\/rmvapesale.com\/hu\/wp-json\/wp\/v2\/product_cat?post=3011"},{"taxonomy":"product_tag","embeddable":true,"href":"https:\/\/rmvapesale.com\/hu\/wp-json\/wp\/v2\/product_tag?post=3011"}],"curies":[{"name":"wp","href":"https:\/\/api.w.org\/{rel}","templated":true}]}}