{"id":3013,"date":"2025-01-29T07:27:53","date_gmt":"2025-01-29T07:27:53","guid":{"rendered":"https:\/\/rmvapesale.com\/?post_type=product&#038;p=3013"},"modified":"2025-01-23T07:39:23","modified_gmt":"2025-01-23T07:39:23","slug":"bood-vape-30000-puff-bar-disposable-vape-wholesale-vape-pen-at-a-cheap-price","status":"publish","type":"product","link":"https:\/\/rmvapesale.com\/hu\/product\/bood-vape-30000-puff-bar-disposable-vape-wholesale-vape-pen-at-a-cheap-price\/","title":{"rendered":"Bood Vape 30000 Puff Bar eldobhat\u00f3 Vape nagykereskedelmi Vape Pen olcs\u00f3 \u00e1ron"},"content":{"rendered":"<div class=\"B2VR9 CJHX3e\">\n<div class=\"wyccme\">\n<div class=\"flex-shrink-0 flex flex-col relative items-end\">\n<div class=\"pt-0\">\n<div class=\"gizmo-bot-avatar flex h-8 w-8 items-center justify-center overflow-hidden rounded-full\">\n<div class=\"relative p-1 rounded-sm flex items-center justify-center bg-token-main-surface-primary text-token-text-primary h-8 w-8\">\n<div class=\"flex-shrink-0 flex flex-col relative items-end\">\n<div class=\"pt-0\">\n<div class=\"gizmo-bot-avatar flex h-8 w-8 items-center justify-center overflow-hidden rounded-full\">\n<div class=\"flex-shrink-0 flex flex-col relative items-end\">\n<div class=\"pt-0\">\n<div class=\"gizmo-bot-avatar flex h-8 w-8 items-center justify-center overflow-hidden rounded-full\">\n<h1 class=\"relative p-1 rounded-sm flex items-center justify-center bg-token-main-surface-primary text-token-text-primary h-8 w-8\">Bood Vape 30000 Puff Bar eldobhat\u00f3 Vape nagykereskedelmi Vape Pen olcs\u00f3 \u00e1ron<\/h1>\n<\/div>\n<\/div>\n<\/div>\n<\/div>\n<\/div>\n<\/div>\n<\/div>\n<\/div>\n<\/div>\n<\/div>\n<div class=\"group\/conversation-turn relative flex w-full min-w-0 flex-col agent-turn\">\n<div class=\"flex-col gap-1 md:gap-3\">\n<div class=\"flex max-w-full flex-col flex-grow\">\n<div class=\"min-h-8 text-message flex w-full flex-col items-end gap-2 whitespace-normal break-words text-start [.text-message+&amp;]:mt-5\" dir=\"auto\" data-message-author-role=\"assistant\" data-message-id=\"80ece0c4-ead1-4ed9-a9f0-ddc22582b4f4\" data-message-model-slug=\"gpt-4o\">\n<p>A <strong>Bood Vape 30000 Puff Bar eldobhat\u00f3 Vape<\/strong> azoknak a vapereknek k\u00e9sz\u00fclt, akik ig\u00e9nylik a <strong>hosszan tart\u00f3 teljes\u00edtm\u00e9nyt, az \u00e1ll\u00edthat\u00f3 l\u00e9g\u00e1raml\u00e1st \u00e9s az intelligens kijelz\u0151 technol\u00f3gi\u00e1t<\/strong>mindezt <strong>megfizethet\u0151 nagykereskedelmi \u00e1ron<\/strong>. A leny\u0171g\u00f6z\u0151 <strong>30 000 slukkkapacit\u00e1s\u00e1val<\/strong>ez az \u00fajrat\u00f6lthet\u0151 vape toll t\u00f6k\u00e9letes azok sz\u00e1m\u00e1ra, akik k\u00e9nyelmet keresnek a min\u0151s\u00e9g fel\u00e1ldoz\u00e1sa n\u00e9lk\u00fcl.<\/p>\n<p>A <strong>20 ml-es el\u0151re megt\u00f6lt\u00f6tt e-liquiddel<\/strong>csomagolt Bood Vape kiterjesztett vaping-\u00fcl\u00e9seket biztos\u00edt az \u00e1lland\u00f3 ut\u00e1nt\u00f6lt\u00e9s sz\u00fcks\u00e9gess\u00e9ge n\u00e9lk\u00fcl. A <strong>kett\u0151s h\u00e1l\u00f3s tekercs technol\u00f3gi\u00e1ja<\/strong> sima, \u00edzletes g\u0151zt biztos\u00edt minden slukkban, m\u00edg az <strong>1,0\u03a9-os tekercsellen\u00e1ll\u00e1s<\/strong> optimaliz\u00e1lja a g\u0151ztermel\u00e9st \u00e9s az \u00edzt is.<\/p>\n<p>A <strong>Az \u00e1ll\u00edthat\u00f3 l\u00e9g\u00e1raml\u00e1s-szab\u00e1lyoz\u00e1s<\/strong> lehet\u0151v\u00e9 teszi, hogy szem\u00e9lyre szabja az \u00e9lm\u00e9nyt \u2013 f\u00fcggetlen\u00fcl att\u00f3l, hogy szoros, intenz\u00edv sz\u00edv\u00e1st vagy laz\u00e1bb, leveg\u0151sebb slukkot szeretne. R\u00e1ad\u00e1sul az <strong>intelligens kijelz\u0151<\/strong> val\u00f3s idej\u0171 friss\u00edt\u00e9seket biztos\u00edt a slukkok sz\u00e1m\u00e1r\u00f3l \u00e9s az akkumul\u00e1tor \u00e9lettartam\u00e1r\u00f3l, \u00edgy t\u00e1j\u00e9koz\u00f3dhat a vaping \u00fatja sor\u00e1n.<\/p>\n<p>Egy <strong>\u00fajrat\u00f6lthet\u0151, 650 mAh-s akkumul\u00e1torral<\/strong>m\u0171k\u00f6dve a k\u00e9sz\u00fcl\u00e9k egy <strong>Type-C gyorst\u00f6lt\u0151 porttal<\/strong>rendelkezik, amely gyors \u00e9s hat\u00e9kony t\u00f6lt\u00e9st biztos\u00edt, amikor csak sz\u00fcks\u00e9g van r\u00e1. H\u00e1rom nikotiner\u0151ss\u00e9g opci\u00f3val <strong>(0%, 2% \u00e9s 5%)<\/strong>ez <strong>alacsony nikotintartalm\u00fa eldobhat\u00f3 vape<\/strong> minden ig\u00e9nyt kiel\u00e9g\u00edt, a nikotinmentest\u0151l a leger\u0151sebb, legink\u00e1bb kiel\u00e9g\u00edt\u0151 slukkig.<\/p>\n<p>Ide\u00e1lis kiskeresked\u0151k \u00e9s forgalmaz\u00f3k sz\u00e1m\u00e1ra, a <strong>Bood Vape 30000 Puffs Bar<\/strong> el\u00e9rhet\u0151 verhetetlen <strong>nagykereskedelmi eldobhat\u00f3 vape \u00e1ron<\/strong>, ami kiv\u00e1l\u00f3 t\u00f6meges v\u00e1s\u00e1rl\u00e1si lehet\u0151s\u00e9get k\u00edn\u00e1l. V\u00e1lasszon <strong>10 izgalmas \u00edz<\/strong>k\u00f6z\u00fcl, hogy mindenki megtal\u00e1lja a sz\u00e1m\u00e1ra megfelel\u0151t.<\/p>\n<\/div>\n<\/div>\n<\/div>\n<\/div>\n<div class=\"flex-shrink-0 flex flex-col relative items-end\">\n<div class=\"pt-0\">\n<div class=\"gizmo-bot-avatar flex h-8 w-8 items-center justify-center overflow-hidden rounded-full\">\n<p>&nbsp;<\/p>\n<\/div>\n<\/div>\n<\/div>\n<\/div>\n<\/div>\n<p><strong>L\u00e9pjen kapcsolatba Amyvel, hogy megkapja a helyes v\u00e1laszt \u00e9s a vape kupont!<\/strong><\/p>\n<p><img loading=\"lazy\" decoding=\"async\" class=\"size-full wp-image-1978\" src=\"https:\/\/rmvapesale.com\/wp-content\/uploads\/2024\/09\/Disposable-Vape-Wholesale.jpg\" alt=\"Eldobhat\u00f3 Vape Nagykereskedelem\" width=\"229\" height=\"300\" \/><\/p>\n<h3><a href=\"https:\/\/wa.me\/8617776015835\" target=\"_blank\" rel=\"noopener\"><span style=\"color: #ff0000\"><strong>WhatsApp: +86 17776015835<\/strong><\/span><\/a><\/h3>\n<h3><\/h3>\n<h3><strong style=\"font-size: 1.7em\">Bood Vape 30000 Puffs F\u0151bb term\u00e9kjellemz\u0151k<\/strong><\/h3>\n<ul>\n<li><strong>Hatalmas slukksz\u00e1m:<\/strong> \u00c9lvezze ak\u00e1r 30 000 slukkig a hosszan tart\u00f3 el\u00e9gedetts\u00e9get.<\/li>\n<li><strong>20 ml-es el\u0151re t\u00f6lt\u00f6tt E-Liquid:<\/strong> Hosszabb g\u0151z\u00f6l\u00e9si \u00e9lm\u00e9nyt biztos\u00edt ut\u00e1nt\u00f6lt\u00e9s n\u00e9lk\u00fcl.<\/li>\n<li><strong>\u00dajrat\u00f6lthet\u0151 650mAh Akkumul\u00e1tor:<\/strong> Egyenletes teljes\u00edtm\u00e9ny Type-C gyorst\u00f6lt\u00e9ssel.<\/li>\n<li><strong>\u00c1ll\u00edthat\u00f3 l\u00e9g\u00e1raml\u00e1s:<\/strong> Szabja testre a g\u0151z\u00f6l\u00e9si \u00e9lm\u00e9nyt a pontos l\u00e9g\u00e1raml\u00e1s-szab\u00e1lyoz\u00e1ssal.<\/li>\n<li><strong>Intelligens kijelz\u0151:<\/strong> Val\u00f3s id\u0151ben ellen\u0151rizheti a slukkok sz\u00e1m\u00e1t \u00e9s az akkumul\u00e1tor \u00e9lettartam\u00e1t.<\/li>\n<\/ul>\n<figure id=\"attachment_2978\" aria-describedby=\"caption-attachment-2978\" style=\"width: 1000px\" class=\"wp-caption alignnone\"><img loading=\"lazy\" decoding=\"async\" class=\"wp-image-2978 size-full\" src=\"https:\/\/rmvapesale.com\/wp-content\/uploads\/2025\/01\/BOOD-Infinity-30k-Vape-Price.webp\" alt=\"BOOD Infinity 30k Vape \u00c1r\" width=\"1000\" height=\"1000\" srcset=\"https:\/\/rmvapesale.com\/wp-content\/uploads\/2025\/01\/BOOD-Infinity-30k-Vape-Price.webp 1000w, https:\/\/rmvapesale.com\/wp-content\/uploads\/2025\/01\/BOOD-Infinity-30k-Vape-Price-300x300.webp 300w, https:\/\/rmvapesale.com\/wp-content\/uploads\/2025\/01\/BOOD-Infinity-30k-Vape-Price-150x150.webp 150w, https:\/\/rmvapesale.com\/wp-content\/uploads\/2025\/01\/BOOD-Infinity-30k-Vape-Price-768x768.webp 768w, https:\/\/rmvapesale.com\/wp-content\/uploads\/2025\/01\/BOOD-Infinity-30k-Vape-Price-600x600.webp 600w, https:\/\/rmvapesale.com\/wp-content\/uploads\/2025\/01\/BOOD-Infinity-30k-Vape-Price-100x100.webp 100w\" sizes=\"auto, (max-width: 1000px) 100vw, 1000px\" \/><figcaption id=\"caption-attachment-2978\" class=\"wp-caption-text\">BOOD Infinity 30k Vape \u00c1r<\/figcaption><\/figure>\n<h3><strong style=\"font-size: 1.7em\">Legkelend\u0151bb \u00edz a Bood Vape 30000 Puffs-hoz<\/strong><strong style=\"font-size: 1.7em\"> Vape<\/strong><\/h3>\n<p>A <strong>Bood Vape 30000 Puff Bar eldobhat\u00f3 Vape<\/strong> \u00f6tv\u00f6zi a leny\u0171g\u00f6z\u0151 teljes\u00edtm\u00e9nyt, az intelligens funkci\u00f3kat \u00e9s a megfizethet\u0151s\u00e9get, ezzel az egyik <strong>legn\u00e9pszer\u0171bb eldobhat\u00f3 vape<\/strong> a piacon. Rendeljen m\u00e9g ma, \u00e9s tapasztalja meg a g\u0151z\u00f6l\u00e9s cs\u00facs\u00e1t!<\/p>\n<p>1 EPER DINNYE <span style=\"color: #ff0000\"><strong>&gt;&gt;&gt;&gt; Felkapott!<\/strong><\/span><br \/>\n2 \u0150SZIBARACKOS MANG\u00d3S ANAN\u00c1SZ<br \/>\n3 LUSH ICE<br \/>\n4 BOGY\u00d3S ROBOBAN\u00c1S <span style=\"color: #ff0000\"><strong>&gt;&gt;&gt;&gt; Felkapott!<\/strong><\/span><br \/>\n5 EPER KIVI<br \/>\n6 HAWAII<br \/>\n7 K\u00c9K M\u00c1LNA J\u00c9G <span style=\"color: #ff0000\"><strong>&gt;&gt;&gt;&gt; A legjobb !<\/strong><\/span><br \/>\n8 \u00c1FONY\u00c1S LIMON\u00c1D\u00c9<br \/>\n9 FEKETE J\u00c9G<br \/>\n10 TIFFANY<\/p>\n<h3><strong>Mi\u00e9rt v\u00e1lassza az Rmvapesale-t a Bood Vape 30000 Puffhoz\u00a0 <\/strong><strong>V<\/strong><strong>ape Nagykeresked\u00e9s<\/strong><strong>?<\/strong><\/h3>\n<div class=\"flex-shrink-0 flex flex-col relative items-end\">\n<div class=\"pt-0\">\n<div class=\"gizmo-bot-avatar flex h-8 w-8 items-center justify-center overflow-hidden rounded-full\">\n<p>Ahogy az eldobhat\u00f3 e-cigaretta piac\u00e1n er\u0151s\u00f6dik a verseny, az Rmvapesale, az eldobhat\u00f3 vape megold\u00e1sok glob\u00e1lis nagykereskedelmi vezet\u0151je, piacra dobta a Bood Vape 30000 Puff Bar-t. Ez az \u00fatt\u00f6r\u0151 term\u00e9k egyedi eszt\u00e9tikai \u00e9s divatos kialak\u00edt\u00e1s\u00e1val h\u00edvja fel mag\u00e1ra a figyelmet. A gy\u00fcm\u00f6lcs\u00f6s \u00edzv\u00e1laszt\u00e9k sz\u00e9les sk\u00e1l\u00e1j\u00e1t felvonultatva, a fogyaszt\u00f3i \u00edzl\u00e9sek sz\u00e9les spektrum\u00e1t kiel\u00e9g\u00edti, mik\u00f6zben hangs\u00falyt fektet az innov\u00e1ci\u00f3ra \u00e9s a sokoldal\u00fas\u00e1gra.<\/p>\n<p class=\"relative p-1 rounded-sm flex items-center justify-center bg-token-main-surface-primary text-token-text-primary h-8 w-8\">Az Rmvapesale az \u00d6n megb\u00edzhat\u00f3 vape \u00fczlete a pr\u00e9mium eldobhat\u00f3 e-cigarett\u00e1k ter\u00e9n. T\u00f6bb mint 5 \u00e9ves tapasztalattal rendelkez\u00fcnk, \u00e9s olyan n\u00e9pszer\u0171 eldobhat\u00f3 vape m\u00e1rk\u00e1kat k\u00edn\u00e1lunk, mint az Al Fakher, JNR Vape, Vapsolo Vape, Vapme Vape, <a href=\"https:\/\/rmvapesale.com\/hu\/product-category\/bang-vapes\/\">Bang Vape<\/a>, Waspe Vape, WGA Vape \u00e9s<a href=\"https:\/\/rmvapesale.com\/hu\/product-category\/randm-fumot-vape\/\"> RandM Vape<\/a>. K\u00edn\u00e1latunkban olyan forr\u00f3 elad\u00e1s\u00fa eldobhat\u00f3 vape-ok szerepelnek, mint az <a href=\"https:\/\/rmvapesale.com\/hu\/product\/waspe-crystal-40000-puffs-double-flavor-led-display-disposable-vape-bulk-buy\/\">WASPE Crystal 40000 slukk<\/a> \u00e9s az \u00edzekben gazdag v\u00e1laszt\u00e9k, mint p\u00e9ld\u00e1ul az<a href=\"https:\/\/rmvapesale.com\/hu\/product\/aivono-fatman-15000-puffs-vape-disposable-e-cigarettes-mtl\/\"> AIVONO Shisha Hoohak 15000<\/a>. Minden term\u00e9ket a min\u0151s\u00e9gre, \u00e9rt\u00e9kre \u00e9s v\u00e1ltozatoss\u00e1gra f\u00f3kusz\u00e1lva v\u00e1lasztunk ki, biztos\u00edtva, hogy megtal\u00e1lja az ig\u00e9nyeinek t\u00f6k\u00e9letesen megfelel\u0151t. Fedezze fel a kiv\u00e9teles szolg\u00e1ltat\u00e1st \u00e9s a sz\u00e9les v\u00e1laszt\u00e9kot a cs\u00facsmin\u0151s\u00e9g\u0171 term\u00e9kek ter\u00e9n az Rmvapesale-n\u00e9l.<\/p>\n<p class=\"relative p-1 rounded-sm flex items-center justify-center bg-token-main-surface-primary text-token-text-primary h-8 w-8\"><b style=\"font-size: 1.5em;font-style: inherit\">GYIK a Bood Vape 30000-r\u0151l <\/b><b style=\"font-size: 1.5em;font-style: inherit\">\u00dajrat\u00f6lthet\u0151 eldobhat\u00f3 vape<\/b><\/p>\n<ol>\n<li><strong>Hol v\u00e1s\u00e1rolhatok Bood Vape 30000 Puff Bar-t nagykereskedelmi \u00e1ron?<\/strong>\n<ul>\n<li>A legjobb nagykereskedelmi \u00e1ron v\u00e1s\u00e1rolhatja meg a <a href=\"https:\/\/rmvapesale.com\/hu\/\" target=\"_new\" rel=\"noopener\">Rmvapesale<\/a>-t\u00f3l, amely nagyszer\u0171 t\u00f6meges kedvezm\u00e9nyeket k\u00edn\u00e1l.<\/li>\n<\/ul>\n<\/li>\n<li><strong>Milyen nikotinszintek \u00e1llnak rendelkez\u00e9sre a Bood Vape 30000-ben?<\/strong>\n<ul>\n<li>0%, 2% \u00e9s 5% nikotinszinttel kaphat\u00f3, kiel\u00e9g\u00edtve a k\u00fcl\u00f6nf\u00e9le vaping ig\u00e9nyeket.<\/li>\n<\/ul>\n<\/li>\n<li><strong>Hogyan m\u0171k\u00f6dik az \u00e1ll\u00edthat\u00f3 l\u00e9g\u00e1raml\u00e1s?<\/strong>\n<ul>\n<li>A l\u00e9g\u00e1raml\u00e1s-szab\u00e1lyoz\u00e1s lehet\u0151v\u00e9 teszi, hogy a sz\u00edv\u00e1st a sz\u0171kt\u0151l a leveg\u0151sig testre szabja a szem\u00e9lyre szabott \u00e9lm\u00e9ny \u00e9rdek\u00e9ben.<\/li>\n<\/ul>\n<\/li>\n<li><strong>Mennyi ideig b\u00edrja az \u00fajrat\u00f6lthet\u0151 akkumul\u00e1tor?<\/strong>\n<ul>\n<li>A 650mAh-s akkumul\u00e1tor hosszan tart\u00f3 teljes\u00edtm\u00e9nyt ny\u00fajt, \u00e9s a Type-C porttal gyorsan felt\u00f6lthet\u0151.<\/li>\n<\/ul>\n<\/li>\n<li><strong>Milyen \u00edzek kaphat\u00f3k a Bood Vape 30000 Puffs-ban?<\/strong>\n<ul>\n<li>10 \u00edzletes \u00edz k\u00f6z\u00fcl v\u00e1laszthat, amelyek k\u00fcl\u00f6nf\u00e9le lehet\u0151s\u00e9geket k\u00edn\u00e1lnak a k\u00fcl\u00f6nb\u00f6z\u0151 \u00edzl\u00e9si preferenci\u00e1knak megfelel\u0151en.<\/li>\n<\/ul>\n<\/li>\n<\/ol>\n<\/div>\n<\/div>\n<\/div>\n<h2>Hogyan kell rendelni?<\/h2>\n<div class=\"flex-shrink-0 flex flex-col relative items-end\">\n<div class=\"pt-0\">\n<div class=\"gizmo-bot-avatar flex h-8 w-8 items-center justify-center overflow-hidden rounded-full\">\n<div>\n<p><strong>1. Milyen fizet\u00e9si m\u00f3dokat fogadnak el?<\/strong><br \/>\n<span class=\"selectable-text copyable-text false\">Fizet\u00e9sre banki \u00e1tutal\u00e1st \u00e9s Western Uniont k\u00edn\u00e1lunk. Magyarorsz\u00e1gi \u00fcgyfeleink t\u00f6bbs\u00e9ge a banki \u00e1tutal\u00e1st v\u00e1lasztja, van helyi banksz\u00e1ml\u00e1nk, amelyre kezel\u00e9si k\u00f6lts\u00e9g n\u00e9lk\u00fcl fizethet a sz\u00e1ml\u00e1nkra. <\/span>.<\/p>\n<p><strong>2. Hogyan k\u00f6vethetem nyomon a rendel\u00e9sem?<\/strong><br \/>\nA csomag kisz\u00e1ll\u00edt\u00e1sa ut\u00e1n <span class=\"selectable-text copyable-text false\">hivatkoz\u00e1sk\u00e9nt megadjuk a nyomon k\u00f6vet\u00e9si sz\u00e1mot, \u00e9s folyamatosan friss\u00edtj\u00fck a st\u00e1tuszt, am\u00edg meg nem kapja az \u00e1rut<\/span>.<\/p>\n<p><strong>3. Mennyi id\u0151 alatt \u00e9rkezik meg?<\/strong><\/p>\n<ul>\n<li>Sz\u00e1ll\u00edt\u00e1s <strong>k\u00ednai rakt\u00e1rakb\u00f3l<\/strong> k\u00f6r\u00fclbel\u00fcl <strong>7-14 munkanapot vesz ig\u00e9nybe<\/strong>.<\/li>\n<li>Sz\u00e1ll\u00edt\u00e1s <strong>magyarorsz\u00e1gi rakt\u00e1rakb\u00f3l<\/strong> \u00e1ltal\u00e1ban <strong>3-6 munkanapot vesz ig\u00e9nybe<\/strong>.<\/li>\n<\/ul>\n<p><strong>4. Hogyan kaphatok gyorsabb kisz\u00e1ll\u00edt\u00e1st?<\/strong><br \/>\nA gyorsabb kisz\u00e1ll\u00edt\u00e1s \u00e9rdek\u00e9ben javasoljuk, hogy a <strong>magyarorsz\u00e1gi rakt\u00e1runkb\u00f3l<\/strong>rendeljen, ami r\u00f6videbb sz\u00e1ll\u00edt\u00e1si id\u0151t biztos\u00edt.<\/p>\n<p><strong>5. Mi van, ha s\u00e9r\u00fclt vagy hib\u00e1s term\u00e9ket kapok?<\/strong><br \/>\nHa a term\u00e9k s\u00e9r\u00fclt vagy hib\u00e1s, vegye fel a kapcsolatot az \u00fcgyf\u00e9lszolg\u00e1lattal a <strong>cser\u00e9\u00e9rt vagy visszat\u00e9r\u00edt\u00e9s\u00e9rt<\/strong>.<\/p>\n<p><strong>6. Hogyan l\u00e9phetek kapcsolatba az \u00fcgyf\u00e9lszolg\u00e1lattal?<\/strong><br \/>\nEl\u00e9rhet minket<strong>\u00a0WhatsAppon vagy \u00e9l\u0151 chaten<\/strong> weboldalunkon b\u00e1rmilyen seg\u00edts\u00e9g\u00e9rt.<\/p>\n<\/div>\n<div class=\"relative p-1 rounded-sm flex items-center justify-center bg-token-main-surface-primary text-token-text-primary h-8 w-8\"><strong>7. Milyen sz\u00e1ll\u00edt\u00e1si m\u00f3dokat haszn\u00e1lnak?<\/strong><\/div>\n<\/div>\n<\/div>\n<\/div>\n<div class=\"group\/conversation-turn relative flex w-full min-w-0 flex-col agent-turn\">\n<div class=\"flex-col gap-1 md:gap-3\">\n<div class=\"flex max-w-full flex-col flex-grow\">\n<div class=\"min-h-[20px] text-message flex w-full flex-col items-end gap-2 whitespace-normal break-words [.text-message+&amp;]:mt-5 overflow-x-auto\" dir=\"auto\" data-message-author-role=\"assistant\" data-message-id=\"22f8283b-3233-46ff-89a5-c7a41b33abda\">\n<div class=\"flex w-full flex-col gap-1 empty:hidden first:pt-[3px]\">\n<div class=\"markdown prose w-full break-words dark:prose-invert light\">\n<p>Partnerei vagyunk a UPS, DHL, FedEx, DPD \u00e9s m\u00e1s vezet\u0151 fuvaroz\u00f3knak. A legjobb sz\u00e1ll\u00edt\u00e1si m\u00f3dot fogjuk kiv\u00e1lasztani a sz\u00e1ll\u00edt\u00e1si helysz\u00edne alapj\u00e1n, hogy a lehet\u0151 leggyorsabban megkapja a term\u00e9keit.<\/p>\n<\/div>\n<\/div>\n<\/div>\n<\/div>\n<\/div>\n<\/div>\n<p>Tal\u00e1lja meg a tov\u00e1bbi vape term\u00e9keket, amelyek tetszhetnek \u00d6nnek:<strong><em><a href=\"https:\/\/rmvapesale.com\/hu\/shop-2\/\">V\u00e1s\u00e1roljon most &gt;&gt;&gt;<\/a><\/em><\/strong><\/p>","protected":false},"excerpt":{"rendered":"<p>Bood Vape 30000 30k Puffs \u00dajrat\u00f6lthet\u0151 Eldobhat\u00f3 Vape Olcs\u00f3 \u00c1ron<br \/>\nBood Vape 30000 Forr\u00f3 Elad\u00e1s Eldobhat\u00f3 Vape K\u00e9szlet Nagy t\u00e9telben<br \/>\nBood Vape 30000 LED Kijelz\u0151 Okos K\u00e9perny\u0151s Eldobhat\u00f3 Vape Nagyker<\/p>\n<p><strong>L\u00e9pjen kapcsolatba Amyvel, hogy megkapja a helyes v\u00e1laszt \u00e9s a vape kupont!<\/strong><\/p>\n<p><img loading=\"lazy\" decoding=\"async\" class=\"size-full wp-image-2375\" src=\"https:\/\/rmvapesale.com\/wp-content\/uploads\/2024\/10\/image.png\" alt=\"Legjobb Eldobhat\u00f3 Vape\" width=\"229\" height=\"300\" \/><\/p>\n<h3><a href=\"https:\/\/wa.me\/8617776015835\"><span style=\"color: #ff0000\"><strong>WhatsApp: +86 17776015835<\/strong><\/span><\/a><\/h3>\n<p>&nbsp;<\/p>","protected":false},"featured_media":2977,"comment_status":"open","ping_status":"closed","template":"","meta":{"_uag_custom_page_level_css":"","_lmt_disableupdate":"no","_lmt_disable":"","site-sidebar-layout":"default","site-content-layout":"content-boxed-container","ast-site-content-layout":"normal-width-container","site-content-style":"boxed","site-sidebar-style":"unboxed","ast-global-header-display":"","ast-banner-title-visibility":"","ast-main-header-display":"","ast-hfb-above-header-display":"","ast-hfb-below-header-display":"","ast-hfb-mobile-header-display":"","site-post-title":"","ast-breadcrumbs-content":"","ast-featured-img":"","footer-sml-layout":"","theme-transparent-header-meta":"default","adv-header-id-meta":"","stick-header-meta":"","header-above-stick-meta":"","header-main-stick-meta":"","header-below-stick-meta":"","astra-migrate-meta-layouts":"set","ast-page-background-enabled":"default","ast-page-background-meta":{"desktop":{"background-color":"var(--ast-global-color-4)","background-image":"","background-repeat":"repeat","background-position":"center center","background-size":"auto","background-attachment":"scroll","background-type":"","background-media":"","overlay-type":"","overlay-color":"","overlay-opacity":"","overlay-gradient":""},"tablet":{"background-color":"","background-image":"","background-repeat":"repeat","background-position":"center center","background-size":"auto","background-attachment":"scroll","background-type":"","background-media":"","overlay-type":"","overlay-color":"","overlay-opacity":"","overlay-gradient":""},"mobile":{"background-color":"","background-image":"","background-repeat":"repeat","background-position":"center center","background-size":"auto","background-attachment":"scroll","background-type":"","background-media":"","overlay-type":"","overlay-color":"","overlay-opacity":"","overlay-gradient":""}},"ast-content-background-meta":{"desktop":{"background-color":"var(--ast-global-color-5)","background-image":"","background-repeat":"repeat","background-position":"center center","background-size":"auto","background-attachment":"scroll","background-type":"","background-media":"","overlay-type":"","overlay-color":"","overlay-opacity":"","overlay-gradient":""},"tablet":{"background-color":"var(--ast-global-color-5)","background-image":"","background-repeat":"repeat","background-position":"center center","background-size":"auto","background-attachment":"scroll","background-type":"","background-media":"","overlay-type":"","overlay-color":"","overlay-opacity":"","overlay-gradient":""},"mobile":{"background-color":"var(--ast-global-color-5)","background-image":"","background-repeat":"repeat","background-position":"center center","background-size":"auto","background-attachment":"scroll","background-type":"","background-media":"","overlay-type":"","overlay-color":"","overlay-opacity":"","overlay-gradient":""}},"_joinchat":[]},"product_brand":[],"product_cat":[15,289,290,291,292,293,295,299,265,253,25,123,26,28,135,27,137,136,30],"product_tag":[146,305,222,64,40,111,306],"class_list":{"0":"post-3013","1":"product","2":"type-product","3":"status-publish","4":"has-post-thumbnail","6":"product_cat-new-vape-this-week","7":"product_cat-big-puffs-disposable-vapes","8":"product_cat-crystal-disposable-vapes","9":"product_cat-dual-mesh-disposable-vapes","10":"product_cat-digital-disposable-vapes","11":"product_cat-low-nicotine-disposable-vapes","12":"product_cat-rechargeable-disposable-vapes","13":"product_cat-smart-screen-disposable-vapes","14":"product_cat-bood-disposable-vape","15":"product_cat-15000-puff-disposable-vape","16":"product_cat-germany-best-selling-vape","17":"product_cat-italy-wholesale-vape","18":"product_cat-netherlands-hot-sale-vape","19":"product_cat-poland-hot-sale-vape","20":"product_cat-spain-best-hot-sale-vape","21":"product_cat-fance-hot-sale-vape","22":"product_cat-rechargeable-vapes","23":"product_cat-smart-screen-vapes","24":"product_cat-minimum-order-quantity-50pcs","25":"product_tag-best-hot-sale-vape","26":"product_tag-bood-vape-30000","27":"product_tag-double-flavor-vape","28":"product_tag-dual-flavour-vape","29":"product_tag-hot-sale-vape","30":"product_tag-low-nicotine-disposable-vape","31":"product_tag-puff-bar","32":"desktop-align-left","33":"tablet-align-left","34":"mobile-align-left","36":"first","37":"instock","38":"sale","39":"shipping-taxable","40":"purchasable","41":"product-type-simple"},"uagb_featured_image_src":{"full":["https:\/\/rmvapesale.com\/wp-content\/uploads\/2025\/01\/Best-Bood-Infinity-30000-Puff-Rechargeable-Disposable-Vape.webp",1000,1000,false],"thumbnail":["https:\/\/rmvapesale.com\/wp-content\/uploads\/2025\/01\/Best-Bood-Infinity-30000-Puff-Rechargeable-Disposable-Vape-150x150.webp",150,150,true],"medium":["https:\/\/rmvapesale.com\/wp-content\/uploads\/2025\/01\/Best-Bood-Infinity-30000-Puff-Rechargeable-Disposable-Vape-300x300.webp",300,300,true],"medium_large":["https:\/\/rmvapesale.com\/wp-content\/uploads\/2025\/01\/Best-Bood-Infinity-30000-Puff-Rechargeable-Disposable-Vape-768x768.webp",768,768,true],"large":["https:\/\/rmvapesale.com\/wp-content\/uploads\/2025\/01\/Best-Bood-Infinity-30000-Puff-Rechargeable-Disposable-Vape.webp",1000,1000,false],"1536x1536":["https:\/\/rmvapesale.com\/wp-content\/uploads\/2025\/01\/Best-Bood-Infinity-30000-Puff-Rechargeable-Disposable-Vape.webp",1000,1000,false],"2048x2048":["https:\/\/rmvapesale.com\/wp-content\/uploads\/2025\/01\/Best-Bood-Infinity-30000-Puff-Rechargeable-Disposable-Vape.webp",1000,1000,false],"trp-custom-language-flag":["https:\/\/rmvapesale.com\/wp-content\/uploads\/2025\/01\/Best-Bood-Infinity-30000-Puff-Rechargeable-Disposable-Vape.webp",12,12,false],"woocommerce_thumbnail":["https:\/\/rmvapesale.com\/wp-content\/uploads\/2025\/01\/Best-Bood-Infinity-30000-Puff-Rechargeable-Disposable-Vape-300x300.webp",300,300,true],"woocommerce_single":["https:\/\/rmvapesale.com\/wp-content\/uploads\/2025\/01\/Best-Bood-Infinity-30000-Puff-Rechargeable-Disposable-Vape-600x600.webp",600,600,true],"woocommerce_gallery_thumbnail":["https:\/\/rmvapesale.com\/wp-content\/uploads\/2025\/01\/Best-Bood-Infinity-30000-Puff-Rechargeable-Disposable-Vape-100x100.webp",100,100,true],"wcpr-photo-reviews":["https:\/\/rmvapesale.com\/wp-content\/uploads\/2025\/01\/Best-Bood-Infinity-30000-Puff-Rechargeable-Disposable-Vape.webp",500,500,false]},"uagb_author_info":{"display_name":"AMY","author_link":"https:\/\/rmvapesale.com\/hu\/author\/"},"uagb_comment_info":0,"uagb_excerpt":"Bood Vape 30000 30k Puff Bar Rechargeable Disposable Vape Cheap Price Bood Vape 30000 Hot Sale Disposable Vape Pen Bulk Buy Bood Vape 30000 LED Display Smart Screen Disposable Vape Wholesale Contact Amy to get right reply and vape coupon! WhatsApp: +86 17776015835 &nbsp;","_links":{"self":[{"href":"https:\/\/rmvapesale.com\/hu\/wp-json\/wp\/v2\/product\/3013","targetHints":{"allow":["GET"]}}],"collection":[{"href":"https:\/\/rmvapesale.com\/hu\/wp-json\/wp\/v2\/product"}],"about":[{"href":"https:\/\/rmvapesale.com\/hu\/wp-json\/wp\/v2\/types\/product"}],"replies":[{"embeddable":true,"href":"https:\/\/rmvapesale.com\/hu\/wp-json\/wp\/v2\/comments?post=3013"}],"wp:featuredmedia":[{"embeddable":true,"href":"https:\/\/rmvapesale.com\/hu\/wp-json\/wp\/v2\/media\/2977"}],"wp:attachment":[{"href":"https:\/\/rmvapesale.com\/hu\/wp-json\/wp\/v2\/media?parent=3013"}],"wp:term":[{"taxonomy":"product_brand","embeddable":true,"href":"https:\/\/rmvapesale.com\/hu\/wp-json\/wp\/v2\/product_brand?post=3013"},{"taxonomy":"product_cat","embeddable":true,"href":"https:\/\/rmvapesale.com\/hu\/wp-json\/wp\/v2\/product_cat?post=3013"},{"taxonomy":"product_tag","embeddable":true,"href":"https:\/\/rmvapesale.com\/hu\/wp-json\/wp\/v2\/product_tag?post=3013"}],"curies":[{"name":"wp","href":"https:\/\/api.w.org\/{rel}","templated":true}]}}