{"id":3015,"date":"2025-02-02T08:01:52","date_gmt":"2025-02-02T08:01:52","guid":{"rendered":"https:\/\/rmvapesale.com\/?post_type=product&#038;p=3015"},"modified":"2025-01-23T08:19:44","modified_gmt":"2025-01-23T08:19:44","slug":"smart-screen-disposable-vape-bang-king-35000-puff-35k-rechargeable-disposable-vape-0-2-5-nicotine-factory-price","status":"publish","type":"product","link":"https:\/\/rmvapesale.com\/hu\/product\/smart-screen-disposable-vape-bang-king-35000-puff-35k-rechargeable-disposable-vape-0-2-5-nicotine-factory-price\/","title":{"rendered":"Smart Screen eldobhat\u00f3 vape Bang King 35000 Puff 35k \u00dajrat\u00f6lthet\u0151 eldobhat\u00f3 vape 0% 2% 5% Nikotin gy\u00e1ri \u00e1r"},"content":{"rendered":"<div class=\"B2VR9 CJHX3e\">\n<div class=\"wyccme\">\n<div class=\"flex-shrink-0 flex flex-col relative items-end\">\n<div class=\"pt-0\">\n<div class=\"gizmo-bot-avatar flex h-8 w-8 items-center justify-center overflow-hidden rounded-full\">\n<div class=\"relative p-1 rounded-sm flex items-center justify-center bg-token-main-surface-primary text-token-text-primary h-8 w-8\">\n<div class=\"flex-shrink-0 flex flex-col relative items-end\">\n<div class=\"pt-0\">\n<div class=\"gizmo-bot-avatar flex h-8 w-8 items-center justify-center overflow-hidden rounded-full\">\n<div class=\"flex-shrink-0 flex flex-col relative items-end\">\n<div class=\"pt-0\">\n<div class=\"gizmo-bot-avatar flex h-8 w-8 items-center justify-center overflow-hidden rounded-full\">\n<h1 class=\"relative p-1 rounded-sm flex items-center justify-center bg-token-main-surface-primary text-token-text-primary h-8 w-8\">Smart Screen eldobhat\u00f3 vape Bang King 35000 Puff 35k \u00dajrat\u00f6lthet\u0151 eldobhat\u00f3 vape 0% 2% 5% Nikotin gy\u00e1ri \u00e1r<\/h1>\n<\/div>\n<\/div>\n<\/div>\n<\/div>\n<\/div>\n<\/div>\n<\/div>\n<\/div>\n<\/div>\n<\/div>\n<div class=\"group\/conversation-turn relative flex w-full min-w-0 flex-col agent-turn\">\n<div class=\"flex-col gap-1 md:gap-3\">\n<div class=\"flex max-w-full flex-col flex-grow\">\n<div class=\"min-h-8 text-message flex w-full flex-col items-end gap-2 whitespace-normal break-words text-start [.text-message+&amp;]:mt-5\" dir=\"auto\" data-message-author-role=\"assistant\" data-message-id=\"80ece0c4-ead1-4ed9-a9f0-ddc22582b4f4\" data-message-model-slug=\"gpt-4o\">\n<p>Keres egy <strong>nagy slukk sz\u00e1m\u00fa, \u00fajrat\u00f6lthet\u0151 eldobhat\u00f3 vape-et<\/strong> okos funkci\u00f3kkal? A <strong>Bang King 35000 Puffs Smart Screen eldobhat\u00f3 vape<\/strong> t\u00f6k\u00e9letes v\u00e1laszt\u00e1s azoknak a vapereknek, akik <strong>nagy slukk kapacit\u00e1st, \u00e1ll\u00edthat\u00f3 l\u00e9g\u00e1raml\u00e1st \u00e9s t\u00f6bbf\u00e9le nikotinszintet ig\u00e9nyelnek<\/strong>, mindezt egy <strong>alacsony nagykereskedelmi \u00e1ron<\/strong>vil\u00e1g\u00e1ban. Egy hihetetlen <strong>35 000 slukk kapacit\u00e1ssal<\/strong>ez a vape hosszan tart\u00f3 \u00e9lvezetet ny\u00fajt, \u00edgy az egyik <strong>legn\u00e9pszer\u0171bb eldobhat\u00f3 vape<\/strong> a piacon.<\/p>\n<p>El\u0151re t\u00f6ltve <strong>23 ml e-liquiddel<\/strong>a Bang King \u00edzletes, probl\u00e9mamentes vaping \u00e9lm\u00e9nyt biztos\u00edt gyakori \u00fajrat\u00f6lt\u00e9s n\u00e9lk\u00fcl. A fejlett <strong>0,6\u03a9 ellen\u00e1ll\u00e1s\u00fa tekercs<\/strong> sim\u00e1bb, kiel\u00e9g\u00edt\u0151 g\u0151ztermel\u00e9st biztos\u00edt, m\u00edg az innovat\u00edv <strong>, \u00edgy t\u00f6k\u00e9letes minden preferenci\u00e1hoz.<\/strong> val\u00f3s idej\u0171 friss\u00edt\u00e9sekkel t\u00e1j\u00e9koztat az e-liquid \u00e9s az akkumul\u00e1tor t\u00f6lt\u00f6tts\u00e9gi szintj\u00e9r\u0151l.<\/p>\n<p>A k\u00e9nyelemre tervezve a <strong>850mAh \u00fajrat\u00f6lthet\u0151 akkumul\u00e1tor<\/strong> t\u00e1mogatja <strong>Type-C gyorst\u00f6lt\u00e9ssel<\/strong>, lehet\u0151v\u00e9 t\u00e9ve, hogy gyorsan visszat\u00e9rjen a g\u0151z\u00f6l\u00e9shez. Ak\u00e1r a <strong>alacsony nikotintartalm\u00fa vape<\/strong> ak\u00e1r az er\u0151sebb \u00fct\u00e9st r\u00e9szes\u00edti el\u0151nyben, a Bang King t\u00f6bbf\u00e9le nikotiner\u0151ss\u00e9get k\u00edn\u00e1l, bele\u00e9rtve a <strong>0%, 2%, 3% \u00e9s 5%<\/strong>is, minden ig\u00e9nyt kiel\u00e9g\u00edtve.<\/p>\n<p>Jellemz\u0151k <strong>\u00e1ll\u00edthat\u00f3 l\u00e9g\u00e1raml\u00e1sa<\/strong>lehet\u0151v\u00e9 teszi a g\u0151z\u00f6l\u00e9si \u00e9lm\u00e9ny finomhangol\u00e1s\u00e1t a szorosabb vagy a sim\u00e1bb, leveg\u0151sebb sz\u00edv\u00e1s \u00e9rdek\u00e9ben. R\u00e1ad\u00e1sul a <strong>12 \u00edzletes \u00edzt<\/strong> k\u00f6z\u00fcl v\u00e1laszthat, \u00edgy minden \u00edzl\u00e9snek megfelel valami.<\/p>\n<p>Ide\u00e1lis a <strong>nagy t\u00e9telben v\u00e1s\u00e1rl\u00f3k \u00e9s a g\u0151z\u00f6l\u00e9s forgalmaz\u00f3k sz\u00e1m\u00e1ra<\/strong>, ez az eszk\u00f6z egy <strong>gy\u00e1ri k\u00f6zvetlen \u00e1ron<\/strong>kaphat\u00f3, \u00edgy kiv\u00e1l\u00f3 v\u00e1laszt\u00e1s azok sz\u00e1m\u00e1ra, akik <strong>nagy t\u00e9telben szeretn\u00e9nek eldobhat\u00f3 vape-eket v\u00e1s\u00e1rolni<\/strong>.<\/p>\n<\/div>\n<\/div>\n<\/div>\n<\/div>\n<div class=\"flex-shrink-0 flex flex-col relative items-end\">\n<div class=\"pt-0\">\n<div class=\"gizmo-bot-avatar flex h-8 w-8 items-center justify-center overflow-hidden rounded-full\">\n<p>&nbsp;<\/p>\n<\/div>\n<\/div>\n<\/div>\n<\/div>\n<\/div>\n<p><strong>L\u00e9pjen kapcsolatba Amyvel, hogy megkapja a helyes v\u00e1laszt \u00e9s a vape kupont!<\/strong><\/p>\n<p><img loading=\"lazy\" decoding=\"async\" class=\"size-full wp-image-1978\" src=\"https:\/\/rmvapesale.com\/wp-content\/uploads\/2024\/09\/Disposable-Vape-Wholesale.jpg\" alt=\"Eldobhat\u00f3 Vape Nagykereskedelem\" width=\"229\" height=\"300\" \/><\/p>\n<h3><a href=\"https:\/\/wa.me\/8617776015835\" target=\"_blank\" rel=\"noopener\"><span style=\"color: #ff0000\"><strong>WhatsApp: +86 17776015835<\/strong><\/span><\/a><\/h3>\n<h3><\/h3>\n<h3><strong style=\"font-size: 1.7em\">Bang King 35000 Puff F\u0151bb Term\u00e9kjellemz\u0151k<\/strong><\/h3>\n<ul>\n<li><strong>Massz\u00edv 35 000 Puff:<\/strong> \u00c9lvezze a hosszan tart\u00f3 g\u0151z\u00f6l\u00e9st gyakori csere n\u00e9lk\u00fcl.<\/li>\n<li><strong>23 ml E-Liquid Kapacit\u00e1s:<\/strong> Hosszan tart\u00f3 \u00e9lvezetet ny\u00fajt, nincs sz\u00fcks\u00e9g ut\u00e1nt\u00f6lt\u00e9sre.<\/li>\n<li><strong>Okos k\u00e9perny\u0151 kijelz\u0151:<\/strong> Val\u00f3s id\u0151ben k\u00f6veti a puffsz\u00e1mot \u00e9s az akkumul\u00e1tor t\u00f6lt\u00f6tts\u00e9gi szintj\u00e9t.<\/li>\n<li><strong>Nikotin Opci\u00f3k:<\/strong> 0%, 2%, 3% \u00e9s 5% nikotintartalommal kaphat\u00f3, hogy minden felhaszn\u00e1l\u00f3 sz\u00e1m\u00e1ra megfeleljen.<\/li>\n<li><strong>\u00dajrat\u00f6lthet\u0151 850mAh akkumul\u00e1tor:<\/strong> Hosszan tart\u00f3 teljes\u00edtm\u00e9ny gyors Type-C t\u00f6lt\u00e9ssel.<\/li>\n<li><strong>\u00c1ll\u00edthat\u00f3 L\u00e9g\u00e1raml\u00e1s Szab\u00e1lyoz\u00e1s:<\/strong> Szabja testre a sz\u00edv\u00e1st a t\u00f6k\u00e9letes tal\u00e1lathoz.<\/li>\n<li><strong>Sz\u00e1raz\u00e9g\u00e9s elleni v\u00e9delem:<\/strong> Z\u00f6kken\u0151mentes, egyenletes g\u0151z\u00f6l\u00e9si \u00e9lm\u00e9nyt biztos\u00edt.<\/li>\n<li><strong>12 \u00edzv\u00e1laszt\u00e9k:<\/strong> \u00cdzek sz\u00e9les v\u00e1laszt\u00e9ka minden \u00edzl\u00e9s kiel\u00e9g\u00edt\u00e9s\u00e9re.<\/li>\n<\/ul>\n<figure id=\"attachment_2996\" aria-describedby=\"caption-attachment-2996\" style=\"width: 800px\" class=\"wp-caption alignnone\"><img loading=\"lazy\" decoding=\"async\" class=\"wp-image-2996 size-full\" src=\"https:\/\/rmvapesale.com\/wp-content\/uploads\/2025\/01\/Bang-King-Vape-35000-Puffs-Disposable-Vapes-Bulk-Buy.webp\" alt=\"Bang King Vape 35000 Puffs Eldobhat\u00f3 Vape Nagy t\u00e9telben\" width=\"800\" height=\"800\" srcset=\"https:\/\/rmvapesale.com\/wp-content\/uploads\/2025\/01\/Bang-King-Vape-35000-Puffs-Disposable-Vapes-Bulk-Buy.webp 800w, https:\/\/rmvapesale.com\/wp-content\/uploads\/2025\/01\/Bang-King-Vape-35000-Puffs-Disposable-Vapes-Bulk-Buy-300x300.webp 300w, https:\/\/rmvapesale.com\/wp-content\/uploads\/2025\/01\/Bang-King-Vape-35000-Puffs-Disposable-Vapes-Bulk-Buy-150x150.webp 150w, https:\/\/rmvapesale.com\/wp-content\/uploads\/2025\/01\/Bang-King-Vape-35000-Puffs-Disposable-Vapes-Bulk-Buy-768x768.webp 768w, https:\/\/rmvapesale.com\/wp-content\/uploads\/2025\/01\/Bang-King-Vape-35000-Puffs-Disposable-Vapes-Bulk-Buy-600x600.webp 600w, https:\/\/rmvapesale.com\/wp-content\/uploads\/2025\/01\/Bang-King-Vape-35000-Puffs-Disposable-Vapes-Bulk-Buy-100x100.webp 100w\" sizes=\"auto, (max-width: 800px) 100vw, 800px\" \/><figcaption id=\"caption-attachment-2996\" class=\"wp-caption-text\">Bang King Vape 35000 Puffs Eldobhat\u00f3 Vape Nagy t\u00e9telben<\/figcaption><\/figure>\n<h3><strong style=\"font-size: 1.7em\">Legjobb elad\u00e1si \u00edz a Bang King 35000 Puffhoz<\/strong><strong style=\"font-size: 1.7em\">\u00a0Vape<\/strong><\/h3>\n<p>A <strong>Bang King 35000 Puffs \u00dajrat\u00f6lthet\u0151 Eldobhat\u00f3 Vape<\/strong> k\u00edn\u00e1l egy <strong>pr\u00e9mium vaping \u00e9lm\u00e9nyt<\/strong> val vel <strong>okos technol\u00f3gia<\/strong>, \u00edgy ez egy kiv\u00e1l\u00f3 v\u00e1laszt\u00e1s mind szem\u00e9lyes haszn\u00e1latra, mind nagykereskedelmi forgalmaz\u00e1sra. Rendeljen most, \u00e9s \u00e9lvezze a v\u00e9gs\u0151 eldobhat\u00f3 vaping \u00e9lm\u00e9nyt!<\/p>\n<ol>\n<li>Eper Mang\u00f3<\/li>\n<li>Love66<\/li>\n<li>K\u00e9k M\u00e1lna J\u00e9g<\/li>\n<li>Eper dinnye<\/li>\n<li>Citrom Menta<\/li>\n<li>Dupla Alma<\/li>\n<li>Energiaital<\/li>\n<li>Barack J\u00e9g<\/li>\n<li>Eper Kiwi<\/li>\n<li>Sz\u0151l\u0151 J\u00e9g<\/li>\n<li>\u00c1fonya J\u00e9g<\/li>\n<li>G\u00f6r\u00f6gdinnye<\/li>\n<\/ol>\n<h3><strong>Mi\u00e9rt v\u00e1lassza az Rmvapesale-t a Bang King 35000 Puffhoz\u00a0 <\/strong><strong>V<\/strong><strong>ape Nagykeresked\u00e9s<\/strong><strong>?<\/strong><\/h3>\n<div class=\"flex-shrink-0 flex flex-col relative items-end\">\n<div class=\"pt-0\">\n<div class=\"gizmo-bot-avatar flex h-8 w-8 items-center justify-center overflow-hidden rounded-full\">\n<p>Ahogy az eldobhat\u00f3 e-cigaretta piacon \u00e9lesedik a verseny, az Rmvapesale, a nagykereskedelmi eldobhat\u00f3 vape megold\u00e1sok glob\u00e1lis vezet\u0151je, piacra dobta az Uwin 35000 Smart Screen Disposable Vape-et. Ez az \u00fatt\u00f6r\u0151 term\u00e9k egyedi eszt\u00e9tik\u00e1j\u00e1val \u00e9s divattervez\u00e9s\u00e9vel vonzza a figyelmet. A gy\u00fcm\u00f6lcs\u00f6s \u00edzek sz\u00e9les v\u00e1laszt\u00e9k\u00e1val a fogyaszt\u00f3i \u00edzl\u00e9sek sz\u00e9les sk\u00e1l\u00e1j\u00e1t el\u00e9g\u00edti ki, mik\u00f6zben hangs\u00falyozza az innov\u00e1ci\u00f3t \u00e9s a sokoldal\u00fas\u00e1got.<\/p>\n<p class=\"relative p-1 rounded-sm flex items-center justify-center bg-token-main-surface-primary text-token-text-primary h-8 w-8\">Az Rmvapesale az \u00d6n megb\u00edzhat\u00f3 vape \u00fczlete a pr\u00e9mium eldobhat\u00f3 e-cigarett\u00e1k ter\u00e9n. T\u00f6bb mint 5 \u00e9ves tapasztalattal rendelkez\u00fcnk, \u00e9s olyan n\u00e9pszer\u0171 eldobhat\u00f3 vape m\u00e1rk\u00e1kat k\u00edn\u00e1lunk, mint az Al Fakher, JNR Vape, Vapsolo Vape, Vapme Vape, <a href=\"https:\/\/rmvapesale.com\/hu\/product-category\/bang-vapes\/\">Bang Vape<\/a>, Waspe Vape, WGA Vape \u00e9s<a href=\"https:\/\/rmvapesale.com\/hu\/product-category\/randm-fumot-vape\/\"> RandM Vape<\/a>. K\u00edn\u00e1latunkban olyan forr\u00f3 elad\u00e1s\u00fa eldobhat\u00f3 vape-ok szerepelnek, mint az <a href=\"https:\/\/rmvapesale.com\/hu\/product\/vopk-tornado-15000-puffs-disposable-vape-led-display\/\">VOPK Tornado 15000 Puffs<\/a> \u00e9s az \u00edzekben gazdag v\u00e1laszt\u00e9k, mint p\u00e9ld\u00e1ul az<a href=\"https:\/\/rmvapesale.com\/hu\/product\/elf-box-ls15000-puffs-shisha-hookah-disposable-vape\/\"> ELF BOX shisha Hooka 15000 PUFFS<\/a>. Minden term\u00e9ket a min\u0151s\u00e9gre, \u00e9rt\u00e9kre \u00e9s v\u00e1ltozatoss\u00e1gra f\u00f3kusz\u00e1lva v\u00e1lasztunk ki, biztos\u00edtva, hogy megtal\u00e1lja az ig\u00e9nyeinek t\u00f6k\u00e9letesen megfelel\u0151t. Fedezze fel a kiv\u00e9teles szolg\u00e1ltat\u00e1st \u00e9s a sz\u00e9les v\u00e1laszt\u00e9kot a cs\u00facsmin\u0151s\u00e9g\u0171 term\u00e9kek ter\u00e9n az Rmvapesale-n\u00e9l.<\/p>\n<p class=\"relative p-1 rounded-sm flex items-center justify-center bg-token-main-surface-primary text-token-text-primary h-8 w-8\"><b style=\"font-size: 1.5em;font-style: inherit\">GYIK a Bang King 35000 Puffs-hoz <\/b><b style=\"font-size: 1.5em;font-style: inherit\">\u00dajrat\u00f6lthet\u0151 eldobhat\u00f3 vape<\/b><\/p>\n<ol>\n<li><strong>Hol v\u00e1s\u00e1rolhatok Bang King 35000 Puffs eldobhat\u00f3 vape-et nagykereskedelmi \u00e1ron?<\/strong>\n<ul>\n<li>A legjobb gy\u00e1ri k\u00f6zvetlen \u00e1rakat itt kaphatja meg: <a href=\"https:\/\/rmvapesale.com\/hu\/\" target=\"_new\" rel=\"noopener\">Rmvapesale<\/a>oldalon, a nagykereskedelmi eldobhat\u00f3 vape-ek megb\u00edzhat\u00f3 forr\u00e1s\u00e1n\u00e1l.<\/li>\n<\/ul>\n<\/li>\n<li><strong>A Bang King 35000 vape \u00fajrat\u00f6lthet\u0151?<\/strong>\n<ul>\n<li>Igen, 850mAh-s \u00fajrat\u00f6lthet\u0151 akkumul\u00e1torral rendelkezik, \u00e9s t\u00e1mogatja a Type-C gyorst\u00f6lt\u00e9st.<\/li>\n<\/ul>\n<\/li>\n<li><strong>Milyen nikotiner\u0151ss\u00e9gek \u00e9rhet\u0151k el?<\/strong>\n<ul>\n<li>Ez a vape 0%, 2%, 3% \u00e9s 5% nikotinszintben kaphat\u00f3, hogy megfeleljen a k\u00fcl\u00f6nb\u00f6z\u0151 preferenci\u00e1knak.<\/li>\n<\/ul>\n<\/li>\n<li><strong>Hogyan m\u0171k\u00f6dik az okos k\u00e9perny\u0151?<\/strong>\n<ul>\n<li>A kijelz\u0151 val\u00f3s idej\u0171 inform\u00e1ci\u00f3kat ny\u00fajt az akkumul\u00e1tor \u00e9lettartam\u00e1r\u00f3l \u00e9s az e-liquid szintj\u00e9r\u0151l, \u00edgy mindig t\u00e1j\u00e9kozott lehet.<\/li>\n<\/ul>\n<\/li>\n<li><strong>A Bang King 35K \u00e1ll\u00edthat\u00f3 l\u00e9g\u00e1raml\u00e1st k\u00edn\u00e1l?<\/strong>\n<ul>\n<li>Igen, az \u00e1ll\u00edthat\u00f3 l\u00e9g\u00e1raml\u00e1s funkci\u00f3 lehet\u0151v\u00e9 teszi, hogy testre szabja a vaping st\u00edlus\u00e1t a szorosabb vagy laz\u00e1bb h\u00faz\u00e1s \u00e9rdek\u00e9ben.<\/li>\n<\/ul>\n<\/li>\n<\/ol>\n<\/div>\n<\/div>\n<\/div>\n<h2>Hogyan kell rendelni?<\/h2>\n<div class=\"flex-shrink-0 flex flex-col relative items-end\">\n<div class=\"pt-0\">\n<div class=\"gizmo-bot-avatar flex h-8 w-8 items-center justify-center overflow-hidden rounded-full\">\n<div>\n<p><strong>1. Milyen fizet\u00e9si m\u00f3dokat fogadnak el?<\/strong><br \/>\n<span class=\"selectable-text copyable-text false\">Fizet\u00e9sre banki \u00e1tutal\u00e1st \u00e9s Western Uniont k\u00edn\u00e1lunk. Magyarorsz\u00e1gi \u00fcgyfeleink t\u00f6bbs\u00e9ge a banki \u00e1tutal\u00e1st v\u00e1lasztja, van helyi banksz\u00e1ml\u00e1nk, amelyre kezel\u00e9si k\u00f6lts\u00e9g n\u00e9lk\u00fcl fizethet a sz\u00e1ml\u00e1nkra. <\/span>.<\/p>\n<p><strong>2. Hogyan k\u00f6vethetem nyomon a rendel\u00e9sem?<\/strong><br \/>\nA csomag kisz\u00e1ll\u00edt\u00e1sa ut\u00e1n <span class=\"selectable-text copyable-text false\">hivatkoz\u00e1sk\u00e9nt megadjuk a nyomon k\u00f6vet\u00e9si sz\u00e1mot, \u00e9s folyamatosan friss\u00edtj\u00fck a st\u00e1tuszt, am\u00edg meg nem kapja az \u00e1rut<\/span>.<\/p>\n<p><strong>3. Mennyi id\u0151 alatt \u00e9rkezik meg?<\/strong><\/p>\n<ul>\n<li>Sz\u00e1ll\u00edt\u00e1s <strong>k\u00ednai rakt\u00e1rakb\u00f3l<\/strong> k\u00f6r\u00fclbel\u00fcl <strong>7-14 munkanapot vesz ig\u00e9nybe<\/strong>.<\/li>\n<li>Sz\u00e1ll\u00edt\u00e1s <strong>magyarorsz\u00e1gi rakt\u00e1rakb\u00f3l<\/strong> \u00e1ltal\u00e1ban <strong>3-6 munkanapot vesz ig\u00e9nybe<\/strong>.<\/li>\n<\/ul>\n<p><strong>4. Hogyan kaphatok gyorsabb kisz\u00e1ll\u00edt\u00e1st?<\/strong><br \/>\nA gyorsabb kisz\u00e1ll\u00edt\u00e1s \u00e9rdek\u00e9ben javasoljuk, hogy a <strong>magyarorsz\u00e1gi rakt\u00e1runkb\u00f3l<\/strong>rendeljen, ami r\u00f6videbb sz\u00e1ll\u00edt\u00e1si id\u0151t biztos\u00edt.<\/p>\n<p><strong>5. Mi van, ha s\u00e9r\u00fclt vagy hib\u00e1s term\u00e9ket kapok?<\/strong><br \/>\nHa a term\u00e9k s\u00e9r\u00fclt vagy hib\u00e1s, vegye fel a kapcsolatot az \u00fcgyf\u00e9lszolg\u00e1lattal a <strong>cser\u00e9\u00e9rt vagy visszat\u00e9r\u00edt\u00e9s\u00e9rt<\/strong>.<\/p>\n<p><strong>6. Hogyan l\u00e9phetek kapcsolatba az \u00fcgyf\u00e9lszolg\u00e1lattal?<\/strong><br \/>\nEl\u00e9rhet minket<strong>\u00a0WhatsAppon vagy \u00e9l\u0151 chaten<\/strong> weboldalunkon b\u00e1rmilyen seg\u00edts\u00e9g\u00e9rt.<\/p>\n<\/div>\n<div class=\"relative p-1 rounded-sm flex items-center justify-center bg-token-main-surface-primary text-token-text-primary h-8 w-8\"><strong>7. Milyen sz\u00e1ll\u00edt\u00e1si m\u00f3dokat haszn\u00e1lnak?<\/strong><\/div>\n<\/div>\n<\/div>\n<\/div>\n<div class=\"group\/conversation-turn relative flex w-full min-w-0 flex-col agent-turn\">\n<div class=\"flex-col gap-1 md:gap-3\">\n<div class=\"flex max-w-full flex-col flex-grow\">\n<div class=\"min-h-[20px] text-message flex w-full flex-col items-end gap-2 whitespace-normal break-words [.text-message+&amp;]:mt-5 overflow-x-auto\" dir=\"auto\" data-message-author-role=\"assistant\" data-message-id=\"22f8283b-3233-46ff-89a5-c7a41b33abda\">\n<div class=\"flex w-full flex-col gap-1 empty:hidden first:pt-[3px]\">\n<div class=\"markdown prose w-full break-words dark:prose-invert light\">\n<p>Partnerei vagyunk a UPS, DHL, FedEx, DPD \u00e9s m\u00e1s vezet\u0151 fuvaroz\u00f3knak. A legjobb sz\u00e1ll\u00edt\u00e1si m\u00f3dot fogjuk kiv\u00e1lasztani a sz\u00e1ll\u00edt\u00e1si helysz\u00edne alapj\u00e1n, hogy a lehet\u0151 leggyorsabban megkapja a term\u00e9keit.<\/p>\n<\/div>\n<\/div>\n<\/div>\n<\/div>\n<\/div>\n<\/div>\n<p>Tal\u00e1lja meg a tov\u00e1bbi vape term\u00e9keket, amelyek tetszhetnek \u00d6nnek:<strong><em><a href=\"https:\/\/rmvapesale.com\/hu\/shop-2\/\">V\u00e1s\u00e1roljon most &gt;&gt;&gt;<\/a><\/em><\/strong><\/p>","protected":false},"excerpt":{"rendered":"<p>Bang King 35000 sz\u00edv\u00e1sos r\u00fad \u00fajrat\u00f6lthet\u0151 eldobhat\u00f3 vape olcs\u00f3 \u00e1r<br \/>\nBang King 35k sz\u00edv\u00e1sos n\u00e9pszer\u0171 eldobhat\u00f3 vape toll \u00f6mlesztett v\u00e1s\u00e1rl\u00e1s<br \/>\nBangKing 35000 sz\u00edv\u00e1sos LED kijelz\u0151s okos k\u00e9perny\u0151s eldobhat\u00f3 vape nagykereskedelem<\/p>\n<p><strong>L\u00e9pjen kapcsolatba Amyvel, hogy megkapja a helyes v\u00e1laszt \u00e9s a vape kupont!<\/strong><\/p>\n<p><img loading=\"lazy\" decoding=\"async\" class=\"size-full wp-image-2375\" src=\"https:\/\/rmvapesale.com\/wp-content\/uploads\/2024\/10\/image.png\" alt=\"Legjobb Eldobhat\u00f3 Vape\" width=\"229\" height=\"300\" \/><\/p>\n<h3><a href=\"https:\/\/wa.me\/8617776015835\"><span style=\"color: #ff0000\"><strong>WhatsApp: +86 17776015835<\/strong><\/span><\/a><\/h3>\n<p>&nbsp;<\/p>","protected":false},"featured_media":2995,"comment_status":"open","ping_status":"closed","template":"","meta":{"_uag_custom_page_level_css":"","_lmt_disableupdate":"no","_lmt_disable":"","site-sidebar-layout":"default","site-content-layout":"content-boxed-container","ast-site-content-layout":"normal-width-container","site-content-style":"boxed","site-sidebar-style":"unboxed","ast-global-header-display":"","ast-banner-title-visibility":"","ast-main-header-display":"","ast-hfb-above-header-display":"","ast-hfb-below-header-display":"","ast-hfb-mobile-header-display":"","site-post-title":"","ast-breadcrumbs-content":"","ast-featured-img":"","footer-sml-layout":"","theme-transparent-header-meta":"default","adv-header-id-meta":"","stick-header-meta":"","header-above-stick-meta":"","header-main-stick-meta":"","header-below-stick-meta":"","astra-migrate-meta-layouts":"set","ast-page-background-enabled":"default","ast-page-background-meta":{"desktop":{"background-color":"var(--ast-global-color-4)","background-image":"","background-repeat":"repeat","background-position":"center center","background-size":"auto","background-attachment":"scroll","background-type":"","background-media":"","overlay-type":"","overlay-color":"","overlay-opacity":"","overlay-gradient":""},"tablet":{"background-color":"","background-image":"","background-repeat":"repeat","background-position":"center center","background-size":"auto","background-attachment":"scroll","background-type":"","background-media":"","overlay-type":"","overlay-color":"","overlay-opacity":"","overlay-gradient":""},"mobile":{"background-color":"","background-image":"","background-repeat":"repeat","background-position":"center center","background-size":"auto","background-attachment":"scroll","background-type":"","background-media":"","overlay-type":"","overlay-color":"","overlay-opacity":"","overlay-gradient":""}},"ast-content-background-meta":{"desktop":{"background-color":"var(--ast-global-color-5)","background-image":"","background-repeat":"repeat","background-position":"center center","background-size":"auto","background-attachment":"scroll","background-type":"","background-media":"","overlay-type":"","overlay-color":"","overlay-opacity":"","overlay-gradient":""},"tablet":{"background-color":"var(--ast-global-color-5)","background-image":"","background-repeat":"repeat","background-position":"center center","background-size":"auto","background-attachment":"scroll","background-type":"","background-media":"","overlay-type":"","overlay-color":"","overlay-opacity":"","overlay-gradient":""},"mobile":{"background-color":"var(--ast-global-color-5)","background-image":"","background-repeat":"repeat","background-position":"center center","background-size":"auto","background-attachment":"scroll","background-type":"","background-media":"","overlay-type":"","overlay-color":"","overlay-opacity":"","overlay-gradient":""}},"_joinchat":[]},"product_brand":[],"product_cat":[15,289,291,292,293,295,299,279,246,25,123,26,28,135,27,60,137,136,30],"product_tag":[308,76,199,146,64,40,111,306],"class_list":{"0":"post-3015","1":"product","2":"type-product","3":"status-publish","4":"has-post-thumbnail","6":"product_cat-new-vape-this-week","7":"product_cat-big-puffs-disposable-vapes","8":"product_cat-dual-mesh-disposable-vapes","9":"product_cat-digital-disposable-vapes","10":"product_cat-low-nicotine-disposable-vapes","11":"product_cat-rechargeable-disposable-vapes","12":"product_cat-smart-screen-disposable-vapes","13":"product_cat-bang-king-vape","14":"product_cat-35000-puffs-disposable-vape","15":"product_cat-germany-best-selling-vape","16":"product_cat-italy-wholesale-vape","17":"product_cat-netherlands-hot-sale-vape","18":"product_cat-poland-hot-sale-vape","19":"product_cat-spain-best-hot-sale-vape","20":"product_cat-fance-hot-sale-vape","21":"product_cat-bang-vapes","22":"product_cat-rechargeable-vapes","23":"product_cat-smart-screen-vapes","24":"product_cat-minimum-order-quantity-50pcs","25":"product_tag-bang-king-35000","26":"product_tag-bang-king-vape","27":"product_tag-bang-vape","28":"product_tag-best-hot-sale-vape","29":"product_tag-dual-flavour-vape","30":"product_tag-hot-sale-vape","31":"product_tag-low-nicotine-disposable-vape","32":"product_tag-puff-bar","33":"desktop-align-left","34":"tablet-align-left","35":"mobile-align-left","37":"first","38":"instock","39":"sale","40":"shipping-taxable","41":"purchasable","42":"product-type-simple"},"uagb_featured_image_src":{"full":["https:\/\/rmvapesale.com\/wp-content\/uploads\/2025\/01\/Bang-King-35k-Puffs-Disposable-Vapes-Wholesale.webp",800,800,false],"thumbnail":["https:\/\/rmvapesale.com\/wp-content\/uploads\/2025\/01\/Bang-King-35k-Puffs-Disposable-Vapes-Wholesale-150x150.webp",150,150,true],"medium":["https:\/\/rmvapesale.com\/wp-content\/uploads\/2025\/01\/Bang-King-35k-Puffs-Disposable-Vapes-Wholesale-300x300.webp",300,300,true],"medium_large":["https:\/\/rmvapesale.com\/wp-content\/uploads\/2025\/01\/Bang-King-35k-Puffs-Disposable-Vapes-Wholesale-768x768.webp",768,768,true],"large":["https:\/\/rmvapesale.com\/wp-content\/uploads\/2025\/01\/Bang-King-35k-Puffs-Disposable-Vapes-Wholesale.webp",800,800,false],"1536x1536":["https:\/\/rmvapesale.com\/wp-content\/uploads\/2025\/01\/Bang-King-35k-Puffs-Disposable-Vapes-Wholesale.webp",800,800,false],"2048x2048":["https:\/\/rmvapesale.com\/wp-content\/uploads\/2025\/01\/Bang-King-35k-Puffs-Disposable-Vapes-Wholesale.webp",800,800,false],"trp-custom-language-flag":["https:\/\/rmvapesale.com\/wp-content\/uploads\/2025\/01\/Bang-King-35k-Puffs-Disposable-Vapes-Wholesale.webp",12,12,false],"woocommerce_thumbnail":["https:\/\/rmvapesale.com\/wp-content\/uploads\/2025\/01\/Bang-King-35k-Puffs-Disposable-Vapes-Wholesale-300x300.webp",300,300,true],"woocommerce_single":["https:\/\/rmvapesale.com\/wp-content\/uploads\/2025\/01\/Bang-King-35k-Puffs-Disposable-Vapes-Wholesale-600x600.webp",600,600,true],"woocommerce_gallery_thumbnail":["https:\/\/rmvapesale.com\/wp-content\/uploads\/2025\/01\/Bang-King-35k-Puffs-Disposable-Vapes-Wholesale-100x100.webp",100,100,true],"wcpr-photo-reviews":["https:\/\/rmvapesale.com\/wp-content\/uploads\/2025\/01\/Bang-King-35k-Puffs-Disposable-Vapes-Wholesale.webp",500,500,false]},"uagb_author_info":{"display_name":"AMY","author_link":"https:\/\/rmvapesale.com\/hu\/author\/"},"uagb_comment_info":0,"uagb_excerpt":"Bang King 35000 Puff\u00a0 Bar Rechargeable Disposable Vape Cheap Price Bang King 35k Puff Popular Disposable Vape Pen Bulk Buy BangKing 35000 Puff LED Display Smart Screen Disposable Vape Wholesale Contact Amy to get right reply and vape coupon! WhatsApp: +86 17776015835 &nbsp;","_links":{"self":[{"href":"https:\/\/rmvapesale.com\/hu\/wp-json\/wp\/v2\/product\/3015","targetHints":{"allow":["GET"]}}],"collection":[{"href":"https:\/\/rmvapesale.com\/hu\/wp-json\/wp\/v2\/product"}],"about":[{"href":"https:\/\/rmvapesale.com\/hu\/wp-json\/wp\/v2\/types\/product"}],"replies":[{"embeddable":true,"href":"https:\/\/rmvapesale.com\/hu\/wp-json\/wp\/v2\/comments?post=3015"}],"wp:featuredmedia":[{"embeddable":true,"href":"https:\/\/rmvapesale.com\/hu\/wp-json\/wp\/v2\/media\/2995"}],"wp:attachment":[{"href":"https:\/\/rmvapesale.com\/hu\/wp-json\/wp\/v2\/media?parent=3015"}],"wp:term":[{"taxonomy":"product_brand","embeddable":true,"href":"https:\/\/rmvapesale.com\/hu\/wp-json\/wp\/v2\/product_brand?post=3015"},{"taxonomy":"product_cat","embeddable":true,"href":"https:\/\/rmvapesale.com\/hu\/wp-json\/wp\/v2\/product_cat?post=3015"},{"taxonomy":"product_tag","embeddable":true,"href":"https:\/\/rmvapesale.com\/hu\/wp-json\/wp\/v2\/product_tag?post=3015"}],"curies":[{"name":"wp","href":"https:\/\/api.w.org\/{rel}","templated":true}]}}