{"id":370,"date":"2021-08-20T11:50:58","date_gmt":"2021-08-20T11:50:58","guid":{"rendered":"https:\/\/rmvapesale.com\/product\/hybrid-cleansing-balm\/"},"modified":"2025-01-20T03:10:16","modified_gmt":"2025-01-20T03:10:16","slug":"randm-vape-al-fakher-10000-puffs-vape-wholesale","status":"publish","type":"product","link":"https:\/\/rmvapesale.com\/hu\/product\/randm-vape-al-fakher-10000-puffs-vape-wholesale\/","title":{"rendered":"Randm Vape Al Fakher 10000 SZ\u00cdV\u00c1S VAPE Nagykereskedelmi \u00c1r Fumot SHISHA 10K"},"content":{"rendered":"<h1><strong>Randm Vape Al Fakher 10000 SZ\u00cdV\u00c1S VAPE Nagykereskedelmi \u00c1r Fumot SHISHA 10K<\/strong><\/h1>\n<p>A Randm Vape Al Fakher 10000 egy forradalmi \u00fajrat\u00f6lthet\u0151 DTL (Direct To Lung) Vape, amely \u00fajradefini\u00e1lja a vaping kiv\u00e1l\u00f3s\u00e1g\u00e1t. A LED-es kijelz\u0151 val\u00f3s idej\u0171 friss\u00edt\u00e9seket biztos\u00edt az e-liquid szintekr\u0151l \u00e9s a teljes\u00edtm\u00e9nyr\u0151l, biztos\u00edtva, hogy mindig k\u00e9zben tartsa az ir\u00e1ny\u00edt\u00e1st. Az alj\u00e1n tal\u00e1lhat\u00f3 k\u00e9nyelmes Type-C porttal ennek a vape-nek a t\u00f6lt\u00e9se k\u00f6nnyed \u00e9s gyors.<\/p>\n<p>A 18 ml e-liquiddel el\u0151ret\u00f6lt\u00f6tt Shisha bar 10000 0,5% nikotiner\u0151ss\u00e9get biztos\u00edt, \u00e9s egy tesztk\u00f6rnyezetben ak\u00e1r elk\u00e9peszt\u0151 10 000 sz\u00edv\u00e1st k\u00edn\u00e1l. De nem csak a mennyis\u00e9gr\u0151l van sz\u00f3 \u2013 ez a vape Mesh Coil technol\u00f3gi\u00e1val b\u00fcszk\u00e9lkedhet, amely egy alacsony ellen\u00e1ll\u00e1s\u00fa 0,6 ohmos tekercset integr\u00e1l a maxim\u00e1lis f\u0171t\u0151fel\u00fclet \u00e9rdek\u00e9ben. Mondjon b\u00facs\u00fat a sz\u00e1raz slukk\u00e1soknak \u00e9s az egyenetlen \u00edzeloszl\u00e1snak; a Mesh Coil kialak\u00edt\u00e1s egyenletes f\u0171t\u00e9st biztos\u00edt, ami sim\u00e1bb h\u00faz\u00e1sokat \u00e9s gazdagabb g\u0151ztermel\u00e9st eredm\u00e9nyez.<\/p>\n<p>Most ez a Randm Vape Al Fakher vape forr\u00f3 elad\u00e1s a legt\u00f6bb eur\u00f3pai orsz\u00e1gban, mint p\u00e9ld\u00e1ul N\u00e9metorsz\u00e1g, Hollandia, Franciaorsz\u00e1g, Olaszorsz\u00e1g, Sv\u00e1jc, Sv\u00e9dorsz\u00e1g, Spanyolorsz\u00e1g, Lengyelorsz\u00e1g, Belgium, Ausztria, Norv\u00e9gia, D\u00e1nia stb., ami j\u00f3 v\u00e1laszt\u00e1s a kiskeresked\u0151k sz\u00e1m\u00e1ra, akik k\u00f6lts\u00e9ghat\u00e9kony eldobhat\u00f3 vape-t keresnek nagy t\u00e9telben, nagykereskedelmi \u00e1ron.<\/p>\n<p><strong>Adja hozz\u00e1 AMY \u00e9rt\u00e9kes\u00edt\u00e9si vezet\u0151t a WhatsApp-on <a href=\"https:\/\/wa.me\/8617776015835\" target=\"_blank\" rel=\"noopener\">+86-17776015835<\/a> \u00e9s m\u00e9g t\u00f6bb kedvezm\u00e9nyt kaphat!<\/strong><\/p>\n<p><img loading=\"lazy\" decoding=\"async\" class=\"size-medium wp-image-1814\" src=\"https:\/\/rmvapesale.com\/wp-content\/uploads\/2024\/04\/whatsapp-amy-229x300.jpg\" alt=\"whatsapp amy\" width=\"229\" height=\"300\" srcset=\"https:\/\/rmvapesale.com\/wp-content\/uploads\/2024\/04\/whatsapp-amy-229x300.jpg 229w, https:\/\/rmvapesale.com\/wp-content\/uploads\/2024\/04\/whatsapp-amy-783x1024.jpg 783w, https:\/\/rmvapesale.com\/wp-content\/uploads\/2024\/04\/whatsapp-amy-768x1005.jpg 768w, https:\/\/rmvapesale.com\/wp-content\/uploads\/2024\/04\/whatsapp-amy-600x785.jpg 600w, https:\/\/rmvapesale.com\/wp-content\/uploads\/2024\/04\/whatsapp-amy.jpg 990w\" sizes=\"auto, (max-width: 229px) 100vw, 229px\" \/><\/p>\n<h2>Randm Vape Al Fakher 10000 sz\u00edv\u00e1s GYIK<\/h2>\n<p><strong>1. Mit tartalmaz a Randm Vape Al Fakher 10000 SZ\u00cdV\u00c1S VAPE &amp; Fumot SHISHA 10K csomag?<\/strong><\/p>\n<ul>\n<li>Minden csomag tartalmaz egy \u00fajrat\u00f6lthet\u0151 DTL (Direct To Lung) Vape eszk\u00f6zt, amely 18 ml e-liquiddel van el\u0151ret\u00f6ltve, \u00e9s LED-es kijelz\u0151vel rendelkezik. Ezenk\u00edv\u00fcl a csomag tartalmaz egy Type-C t\u00f6lt\u0151k\u00e1belt a k\u00e9nyelmes t\u00f6lt\u00e9shez.<\/li>\n<\/ul>\n<p><strong>2. H\u00e1ny sz\u00edv\u00e1sra sz\u00e1m\u00edthatok a Fumot Vape Shisha 10000 Sz\u00edv\u00e1sb\u00f3l?<\/strong><\/p>\n<ul>\n<li>A Shisha 10000 leny\u0171g\u00f6z\u0151 10 000 sz\u00edv\u00e1ssal b\u00fcszk\u00e9lkedhet (tesztk\u00f6rnyezetben), amely hosszan tart\u00f3 haszn\u00e1latot \u00e9s tart\u00f3s el\u00e9gedetts\u00e9get biztos\u00edt.<\/li>\n<\/ul>\n<p><strong>3. Milyen nikotiner\u0151ss\u00e9get k\u00edn\u00e1l a Randm Shisha 10000 sz\u00edv\u00e1s?<\/strong><\/p>\n<ul>\n<li>A Shisha 10000 0,5% nikotiner\u0151ss\u00e9g\u0171 e-liquiddel van el\u0151ret\u00f6ltve, kiegyens\u00falyozott vaping \u00e9lm\u00e9nyt k\u00edn\u00e1lva.<\/li>\n<\/ul>\n<p><strong>4. V\u00e1laszthatok a Shisha 10k vape Fumot-tal a kedvenc \u00edzem k\u00f6z\u00fcl?<\/strong><\/p>\n<ul>\n<li>Igen, term\u00e9szetesen! A Shisha 10000 34 \u00edz k\u00f6z\u00fcl v\u00e1laszthat, hogy megfeleljen a k\u00fcl\u00f6nb\u00f6z\u0151 preferenci\u00e1knak, biztos\u00edtva, hogy mindenki tal\u00e1ljon valamit.<\/li>\n<\/ul>\n<p><strong>3. Hogyan fokozza a Mesh Coil technol\u00f3gia a vaping \u00e9lm\u00e9nyt?<\/strong><\/p>\n<ul>\n<li>A Randm Vape Fumot Shisha 10000-be integr\u00e1lt Mesh Coil technol\u00f3gia egy alacsony ellen\u00e1ll\u00e1s\u00fa 0,6 ohmos tekercset tartalmaz, amely maximaliz\u00e1lja a f\u0171t\u0151fel\u00fcletet a sim\u00e1bb h\u00faz\u00e1sok \u00e9s a gazdagabb g\u0151ztermel\u00e9s \u00e9rdek\u00e9ben. Ez a technol\u00f3gia biztos\u00edtja az e-liquid egyenletes \u00e9s egyenletes felmeleged\u00e9s\u00e9t, kifog\u00e1stalan \u00edz\u00e9lm\u00e9nyt ny\u00fajtva.<\/li>\n<\/ul>\n<p><strong>6. K\u00f6nnyen t\u00f6lthet\u0151 a Fumot AI FAKHER <\/strong><strong>Shisha 10000 SZ\u00cdV\u00c1S?<\/strong><\/p>\n<ul>\n<li>Igen, a RANDM Shisha 10000 SZ\u00cdV\u00c1S Type-C porttal rendelkezik az alj\u00e1n a gyors \u00e9s k\u00e9nyelmes t\u00f6lt\u00e9s \u00e9rdek\u00e9ben. Egyszer\u0171en csatlakoztassa a mell\u00e9kelt Type-C t\u00f6lt\u0151k\u00e1belt egy \u00e1ramforr\u00e1shoz az akkumul\u00e1tor gyors felt\u00f6lt\u00e9s\u00e9hez.<\/li>\n<\/ul>\n<p><strong>7. Tudom szab\u00e1lyozni a l\u00e9g\u00e1raml\u00e1st a FUMOT VAPE Shisha 10K PUFFS WHOLESALE seg\u00edts\u00e9g\u00e9vel?<\/strong><\/p>\n<ul>\n<li>Igen, a Shisha 10000 l\u00e9g\u00e1raml\u00e1s-szab\u00e1lyoz\u00e1ssal van ell\u00e1tva, lehet\u0151v\u00e9 t\u00e9ve a felhaszn\u00e1l\u00f3k sz\u00e1m\u00e1ra, hogy az \u00edzl\u00e9s\u00fck szerint \u00e1ll\u00edts\u00e1k be a l\u00e9g\u00e1raml\u00e1st a szem\u00e9lyre szabott vaperez\u00e9s \u00e9rdek\u00e9ben.<\/li>\n<\/ul>\n<p><strong>8. Alkalmas a WHOLESALE FUMOT RANDM VAPE Shisha 10000 kezd\u0151knek \u00e9s tapasztalt vapereknek egyar\u00e1nt?<\/strong><\/p>\n<ul>\n<li>Abszol\u00fat! A Shisha 10000 \u00fagy lett tervezve, hogy megfeleljen mind kezd\u0151k, mind tapasztalt vaperek ig\u00e9nyeinek, k\u00f6nny\u0171 haszn\u00e1latot, fejlett funkci\u00f3kat \u00e9s kiv\u00e9teles teljes\u00edtm\u00e9nyt k\u00edn\u00e1lva mindenkinek.<\/li>\n<\/ul>\n<p><strong>9. Mit tegyek, ha tov\u00e1bbi k\u00e9rd\u00e9seim vannak vagy seg\u00edts\u00e9gre van sz\u00fcks\u00e9gem?<\/strong><\/p>\n<ul>\n<li>Ha tov\u00e1bbi k\u00e9rd\u00e9sei vannak vagy seg\u00edts\u00e9gre van sz\u00fcks\u00e9ge a Randm Vape Al Fakher 10000 PUFFS VAPE &amp; Fumot SHISHA 10K term\u00e9kekkel kapcsolatban, k\u00e9rj\u00fck, b\u00e1tran l\u00e9pjen kapcsolatba \u00fcgyf\u00e9lszolg\u00e1latunkkal. Itt vagyunk, hogy seg\u00edts\u00fcnk, \u00e9s biztos\u00edtsuk, hogy vaperez\u00e9si \u00e9lm\u00e9nye kiv\u00e9teles legyen.<\/li>\n<\/ul>\n<p>Tal\u00e1lja meg a tov\u00e1bbi vape term\u00e9keket, amelyek tetszhetnek \u00d6nnek:<em><a href=\"https:\/\/rmvapesale.com\/hu\/shop-2\/\">V\u00e1s\u00e1roljon most\u00a0<\/a><\/em><\/p>\n<p>Egy\u00e9b n\u00e9pszer\u0171 vape term\u00e9kek, amelyek tetszhetnek:<\/p>","protected":false},"excerpt":{"rendered":"<p class=\"LC20lb MBeuO DKV0Md\">Fumot Shisha 10000 DTL Eldobhat\u00f3 Vape<br \/>\nRANDM SHISHA 10000 SZ\u00cdV\u00c1S Vape AI FAKHER<br \/>\nFumot Crown Bar 10k Nagykereskedelmi \u00dajrat\u00f6lthet\u0151 Vape<br \/>\n<strong>Tov\u00e1bbi kedvezm\u00e9ny\u00e9rt \u00e9s alacsonyabb minim\u00e1lis rendel\u00e9si mennyis\u00e9g\u00e9rt l\u00e9pjen kapcsolatba Amy-vel<\/strong><\/p>\n<p><img loading=\"lazy\" decoding=\"async\" class=\"size-medium wp-image-1814\" src=\"https:\/\/rmvapesale.com\/wp-content\/uploads\/2024\/04\/whatsapp-amy-229x300.jpg\" alt=\"whatsapp amy\" width=\"229\" height=\"300\" srcset=\"https:\/\/rmvapesale.com\/wp-content\/uploads\/2024\/04\/whatsapp-amy-229x300.jpg 229w, https:\/\/rmvapesale.com\/wp-content\/uploads\/2024\/04\/whatsapp-amy-783x1024.jpg 783w, https:\/\/rmvapesale.com\/wp-content\/uploads\/2024\/04\/whatsapp-amy-768x1005.jpg 768w, https:\/\/rmvapesale.com\/wp-content\/uploads\/2024\/04\/whatsapp-amy-600x785.jpg 600w, https:\/\/rmvapesale.com\/wp-content\/uploads\/2024\/04\/whatsapp-amy.jpg 990w\" sizes=\"auto, (max-width: 229px) 100vw, 229px\" \/><\/p>\n<h3><span style=\"color: #ff0000\"><strong>WhatsApp: +86 17776015835<\/strong><\/span><\/h3>","protected":false},"featured_media":1852,"comment_status":"open","ping_status":"closed","template":"","meta":{"_uag_custom_page_level_css":"","_lmt_disableupdate":"no","_lmt_disable":"","site-sidebar-layout":"default","site-content-layout":"content-boxed-container","ast-site-content-layout":"normal-width-container","site-content-style":"boxed","site-sidebar-style":"unboxed","ast-global-header-display":"","ast-banner-title-visibility":"","ast-main-header-display":"","ast-hfb-above-header-display":"","ast-hfb-below-header-display":"","ast-hfb-mobile-header-display":"","site-post-title":"","ast-breadcrumbs-content":"","ast-featured-img":"","footer-sml-layout":"","ast-disable-related-posts":"","theme-transparent-header-meta":"default","adv-header-id-meta":"","stick-header-meta":"","header-above-stick-meta":"","header-main-stick-meta":"","header-below-stick-meta":"","astra-migrate-meta-layouts":"set","ast-page-background-enabled":"default","ast-page-background-meta":{"desktop":{"background-color":"var(--ast-global-color-4)","background-image":"","background-repeat":"repeat","background-position":"center center","background-size":"auto","background-attachment":"scroll","background-type":"","background-media":"","overlay-type":"","overlay-color":"","overlay-opacity":"","overlay-gradient":""},"tablet":{"background-color":"","background-image":"","background-repeat":"repeat","background-position":"center center","background-size":"auto","background-attachment":"scroll","background-type":"","background-media":"","overlay-type":"","overlay-color":"","overlay-opacity":"","overlay-gradient":""},"mobile":{"background-color":"","background-image":"","background-repeat":"repeat","background-position":"center center","background-size":"auto","background-attachment":"scroll","background-type":"","background-media":"","overlay-type":"","overlay-color":"","overlay-opacity":"","overlay-gradient":""}},"ast-content-background-meta":{"desktop":{"background-color":"var(--ast-global-color-5)","background-image":"","background-repeat":"repeat","background-position":"center center","background-size":"auto","background-attachment":"scroll","background-type":"","background-media":"","overlay-type":"","overlay-color":"","overlay-opacity":"","overlay-gradient":""},"tablet":{"background-color":"var(--ast-global-color-5)","background-image":"","background-repeat":"repeat","background-position":"center center","background-size":"auto","background-attachment":"scroll","background-type":"","background-media":"","overlay-type":"","overlay-color":"","overlay-opacity":"","overlay-gradient":""},"mobile":{"background-color":"var(--ast-global-color-5)","background-image":"","background-repeat":"repeat","background-position":"center center","background-size":"auto","background-attachment":"scroll","background-type":"","background-media":"","overlay-type":"","overlay-color":"","overlay-opacity":"","overlay-gradient":""}},"_joinchat":[]},"product_brand":[],"product_cat":[25,271,289,27,51,123,293,30,26,15,28,31,295,137,299,136,135],"product_tag":[39,40,41,38,37],"class_list":{"0":"post-370","1":"product","2":"type-product","3":"status-publish","4":"has-post-thumbnail","6":"product_cat-germany-best-selling-vape","7":"product_cat-10000-puff-disposable-vape","8":"product_cat-big-puffs-disposable-vapes","9":"product_cat-fance-hot-sale-vape","10":"product_cat-fumot-vape","11":"product_cat-italy-wholesale-vape","12":"product_cat-low-nicotine-disposable-vapes","13":"product_cat-minimum-order-quantity-50pcs","14":"product_cat-netherlands-hot-sale-vape","15":"product_cat-new-vape-this-week","16":"product_cat-poland-hot-sale-vape","17":"product_cat-randm-fumot-vape","18":"product_cat-rechargeable-disposable-vapes","19":"product_cat-rechargeable-vapes","20":"product_cat-smart-screen-disposable-vapes","21":"product_cat-smart-screen-vapes","22":"product_cat-spain-best-hot-sale-vape","23":"product_tag-fumot-vape","24":"product_tag-hot-sale-vape","25":"product_tag-original-factory-vape","26":"product_tag-randm-vape","27":"product_tag-wholesale-vape-price","28":"desktop-align-left","29":"tablet-align-left","30":"mobile-align-left","32":"first","33":"instock","34":"sale","35":"shipping-taxable","36":"purchasable","37":"product-type-simple"},"uagb_featured_image_src":{"full":["https:\/\/rmvapesale.com\/wp-content\/uploads\/2024\/04\/FUMOT-VAPE-SHISHA-AL-FAKHER-10K-PUFFS-VAPE.jpg",375,666,false],"thumbnail":["https:\/\/rmvapesale.com\/wp-content\/uploads\/2024\/04\/FUMOT-VAPE-SHISHA-AL-FAKHER-10K-PUFFS-VAPE-150x150.jpg",150,150,true],"medium":["https:\/\/rmvapesale.com\/wp-content\/uploads\/2024\/04\/FUMOT-VAPE-SHISHA-AL-FAKHER-10K-PUFFS-VAPE-169x300.jpg",169,300,true],"medium_large":["https:\/\/rmvapesale.com\/wp-content\/uploads\/2024\/04\/FUMOT-VAPE-SHISHA-AL-FAKHER-10K-PUFFS-VAPE.jpg",375,666,false],"large":["https:\/\/rmvapesale.com\/wp-content\/uploads\/2024\/04\/FUMOT-VAPE-SHISHA-AL-FAKHER-10K-PUFFS-VAPE.jpg",375,666,false],"1536x1536":["https:\/\/rmvapesale.com\/wp-content\/uploads\/2024\/04\/FUMOT-VAPE-SHISHA-AL-FAKHER-10K-PUFFS-VAPE.jpg",375,666,false],"2048x2048":["https:\/\/rmvapesale.com\/wp-content\/uploads\/2024\/04\/FUMOT-VAPE-SHISHA-AL-FAKHER-10K-PUFFS-VAPE.jpg",375,666,false],"trp-custom-language-flag":["https:\/\/rmvapesale.com\/wp-content\/uploads\/2024\/04\/FUMOT-VAPE-SHISHA-AL-FAKHER-10K-PUFFS-VAPE.jpg",7,12,false],"woocommerce_thumbnail":["https:\/\/rmvapesale.com\/wp-content\/uploads\/2024\/04\/FUMOT-VAPE-SHISHA-AL-FAKHER-10K-PUFFS-VAPE-300x300.jpg",300,300,true],"woocommerce_single":["https:\/\/rmvapesale.com\/wp-content\/uploads\/2024\/04\/FUMOT-VAPE-SHISHA-AL-FAKHER-10K-PUFFS-VAPE.jpg",375,666,false],"woocommerce_gallery_thumbnail":["https:\/\/rmvapesale.com\/wp-content\/uploads\/2024\/04\/FUMOT-VAPE-SHISHA-AL-FAKHER-10K-PUFFS-VAPE-100x100.jpg",100,100,true],"wcpr-photo-reviews":["https:\/\/rmvapesale.com\/wp-content\/uploads\/2024\/04\/FUMOT-VAPE-SHISHA-AL-FAKHER-10K-PUFFS-VAPE.jpg",282,500,false]},"uagb_author_info":{"display_name":"yannazhan","author_link":"https:\/\/rmvapesale.com\/hu\/author\/"},"uagb_comment_info":0,"uagb_excerpt":"Fumot Shisha 10000 DTL Disposable Vape RANDM SHISHA 10000 PUFF Vape AI FAKHER Fumot Crown Bar 10k Wholesale Vape Rechargeable Contact Amy For More Discount And Lower MOQ Vape WhatsApp: +86 17776015835","_links":{"self":[{"href":"https:\/\/rmvapesale.com\/hu\/wp-json\/wp\/v2\/product\/370","targetHints":{"allow":["GET"]}}],"collection":[{"href":"https:\/\/rmvapesale.com\/hu\/wp-json\/wp\/v2\/product"}],"about":[{"href":"https:\/\/rmvapesale.com\/hu\/wp-json\/wp\/v2\/types\/product"}],"replies":[{"embeddable":true,"href":"https:\/\/rmvapesale.com\/hu\/wp-json\/wp\/v2\/comments?post=370"}],"wp:featuredmedia":[{"embeddable":true,"href":"https:\/\/rmvapesale.com\/hu\/wp-json\/wp\/v2\/media\/1852"}],"wp:attachment":[{"href":"https:\/\/rmvapesale.com\/hu\/wp-json\/wp\/v2\/media?parent=370"}],"wp:term":[{"taxonomy":"product_brand","embeddable":true,"href":"https:\/\/rmvapesale.com\/hu\/wp-json\/wp\/v2\/product_brand?post=370"},{"taxonomy":"product_cat","embeddable":true,"href":"https:\/\/rmvapesale.com\/hu\/wp-json\/wp\/v2\/product_cat?post=370"},{"taxonomy":"product_tag","embeddable":true,"href":"https:\/\/rmvapesale.com\/hu\/wp-json\/wp\/v2\/product_tag?post=370"}],"curies":[{"name":"wp","href":"https:\/\/api.w.org\/{rel}","templated":true}]}}