{"id":1869,"date":"2024-04-29T08:45:44","date_gmt":"2024-04-29T08:45:44","guid":{"rendered":"https:\/\/rmvapesale.com\/?post_type=product&#038;p=1869"},"modified":"2025-01-20T03:11:06","modified_gmt":"2025-01-20T03:11:06","slug":"jnr-shisha-vape-15000-puffs-wholesale-price-with-screen-vape","status":"publish","type":"product","link":"https:\/\/rmvapesale.com\/it\/prodotto\/jnr-shisha-vape-15000-puffs-wholesale-price-with-screen-vape\/","title":{"rendered":"VOPK SHISHA VAPE 15000 PUFFS PREZZO ALL'INGROSSO JNR CON SCHERMO VAPE"},"content":{"rendered":"<h1>VOPK SHISHA VAPE 15000 PUFFS PREZZO ALL'INGROSSO JNR CON SCHERMO VAPE<\/h1>\n<p>Il VOPK SHISHA VAPE 15000 PUFFS JNR \u00e8 una sigaretta elettronica usa e getta premium progettata specificamente per gli appassionati di svapo da polmone (DTL). Con un'impressionante capacit\u00e0 di 15.000 tiri, questo dispositivo garantisce un'esperienza di svapo prolungata e soddisfacente. La struttura interna include una resistenza a mesh da 0,6 ohm che fornisce una produzione di vapore superiore e aromi ricchi, rendendola ideale per coloro che apprezzano i tiri profondi. Il dispositivo \u00e8 dotato di 20 ml di liquido, consentendo sessioni di svapo prolungate.<\/p>\n<p>Gli utenti possono scegliere tra varie gradazioni di nicotina, tra cui 0%, 2%, 3% o 5%, per soddisfare diverse preferenze. La VOPK Shisha Hookah ricaricabile \u00e8 alimentata da una affidabile batteria da 600 mAh, garantendo prestazioni costanti per tutta la sua durata, e dispone di una porta di ricarica di Tipo-C per una ricarica rapida.<\/p>\n<p>VOPK Shisha bar 15000 disponibile in dieci deliziosi gusti come Mela Doppia e Ghiaccio all'Anguria, questa sigaretta elettronica combina stile, funzionalit\u00e0 e versatilit\u00e0, rendendola la scelta migliore per gli svapatori che cercano un'esperienza di alta qualit\u00e0.<\/p>\n<p><strong>Contatta il responsabile vendite AMY per ottenere un buono sconto!<\/strong><\/p>\n<p><img loading=\"lazy\" decoding=\"async\" class=\"size-medium wp-image-1814\" src=\"https:\/\/rmvapesale.com\/wp-content\/uploads\/2024\/04\/whatsapp-amy-229x300.jpg\" alt=\"whatsapp amy\" width=\"229\" height=\"300\" srcset=\"https:\/\/rmvapesale.com\/wp-content\/uploads\/2024\/04\/whatsapp-amy-229x300.jpg 229w, https:\/\/rmvapesale.com\/wp-content\/uploads\/2024\/04\/whatsapp-amy-783x1024.jpg 783w, https:\/\/rmvapesale.com\/wp-content\/uploads\/2024\/04\/whatsapp-amy-768x1005.jpg 768w, https:\/\/rmvapesale.com\/wp-content\/uploads\/2024\/04\/whatsapp-amy-600x785.jpg 600w, https:\/\/rmvapesale.com\/wp-content\/uploads\/2024\/04\/whatsapp-amy.jpg 990w\" sizes=\"auto, (max-width: 229px) 100vw, 229px\" \/><\/p>\n<p><span style=\"color: #ff0000\"><strong>whatsapp <a style=\"color: #ff0000\" href=\"https:\/\/wa.me\/8617776015835\" target=\"_blank\" rel=\"noopener\">+86-17776015835<\/a><\/strong><\/span><\/p>\n<h2>VOPK Shisha Hookah 15000 15K Puffs Lista dei gusti:<\/h2>\n<p>1. Mela Doppia<br \/>\n2. Doppio Melone Menta<br \/>\n3. Uva Menta<br \/>\n4. Pesca Succosa<br \/>\n5. Lady Killa<br \/>\n6. Frutti di Bosco Misti Ghiaccio<br \/>\n7. Ananas Cocco<br \/>\n8. Granita di Frutti Rossi<br \/>\n9. Ghiaccio all'Anguria<br \/>\n10. Mamba Bianca<\/p>\n<h2>VOPK JNR SHISHA VAPE 15000 PUFF: Prezzo all'ingrosso con schermo Vape \u2013 Domande frequenti sul prodotto<\/h2>\n<p>1. Qual \u00e8 la specialit\u00e0 del VOPK JNR SHISHA VAPE 15000 Puffs?<\/p>\n<p>Il VOPK JNR SHISHA VAPE 15K PUFF<span style=\"font-size: 16px\">\u00a0si distingue per la sua elevata capacit\u00e0 di boccate, offrendo fino a 15000 tiri per dispositivo, garantendo un piacere prolungato.<\/span><\/p>\n<p>2. Che tipo di artigianato presenta il dispositivo VOPK JNR SHISHA VAPE 15K PUFFS?<\/p>\n<p>Il dispositivo VOPK VAPE SHISHA 15000 PUFF vanta un design bicolore completato dalla stampa UV, che offre un aspetto visivamente sbalorditivo e un'accurata lavorazione artigianale.<br \/>\n3. Che tipo di bobina utilizza VOPK VAPE SHISHA 15000 Puffs e qual \u00e8 la resistenza VOPK VAPE SHISHA 15K PUFF?<\/p>\n<p>VOPK VAPE SHISHA 15K PUFFS utilizza la tecnologia a bobina a rete con una resistenza di 0,6 ohm\/m, garantendo prestazioni stabili e un'esperienza di svapo fluida.<br \/>\n4. Quanto e-liquid VOPK JNR SHISHA 15000 PUFF pu\u00f2 contenere l'atomizzatore?<\/p>\n<p>L'atomizzatore VOPK JNR SHISHA 15000 Puffs ha una capacit\u00e0 di 20 ml, consentendo sessioni di svapo di lunga durata senza ricariche frequenti.<br \/>\n5. Di che materiale \u00e8 fatta la bobina VOPK JNR SHISHA 15K PUFF?<\/p>\n<p>La bobina VOPK JNR SHISHA 15K PUFFS \u00e8 realizzata in materiale a bobina a rete di alta qualit\u00e0, garantendo un'eccellente vaporizzazione e un'erogazione di sapore puro.<br \/>\n6. Qual \u00e8 la capacit\u00e0 della batteria del dispositivo VOPK JNR VAPE 15000 PUFF?<\/p>\n<p>VOPK JNR VAPE 15000 Puffs \u00e8 dotato di una potente batteria da 600 mAh, che fornisce un supporto di alimentazione duraturo e affidabile per sessioni di svapo ininterrotte.<br \/>\n7. Che tipo di batteria utilizza VOPK JNR VAPE 15K PUFF?<\/p>\n<p>Il dispositivo VOPK JNR VAPE 15K PUFFS utilizza il modello di batteria 18250, noto per la sua durata e longevit\u00e0.<br \/>\n8. Per quanto tempo devo caricare il mio 15000 PUFF JNR SHISHA VAPE VOPK?<\/p>\n<p>15000 PUFF VAPE SHISHA VOPK \u00e8 dotato di una comoda porta di ricarica di tipo C, che consente una ricarica rapida ed efficiente, garantendo tempi di inattivit\u00e0 minimi.<br \/>\n9. A quale stile di svapo si rivolge 15000 PUFF JNR SHISHA VOPK?<\/p>\n<p>La VOPK SHISHA VAPE 15000 PUFFS \u00e8 adatta per lo svapo da polmone (DTL), offrendo un'esperienza di svapo ricca e soddisfacente.<br \/>\n10. In che modo VOPK VAPE 15000 PUFFS JNR garantisce la comodit\u00e0 per l'utente?<\/p>\n<p>Con la sua elevata capacit\u00e0 di puff, il design accattivante e la tecnologia avanzata della coil, la VOPK SHISHA VAPE 15000 PUFFS d\u00e0 la priorit\u00e0 alla soddisfazione e alla comodit\u00e0 dell'utente, rendendola una scelta ideale sia per i vapers principianti che per quelli esperti.<\/p>\n<p>&nbsp;<\/p>\n<p>Trova altri prodotti da svapo che potrebbero piacerti:<em><a href=\"https:\/\/rmvapesale.com\/it\/shop-2\/\">acquista ora\u00a0<\/a><\/em><\/p>\n<p>altre vendite calde di vape che potrebbero piacerti:<\/p>","protected":false},"excerpt":{"rendered":"<p class=\"LC20lb MBeuO DKV0Md\">15K PUFFS JNR VAPE VOPK Prezzo all'ingrosso<br \/>\n15K PUFFS JNR SHISHA VOPK Prezzo di fabbrica<br \/>\n15K PUFFS VAPE SHISHA VOPK Prezzo scontato<br \/>\n<strong>Contatta Amy per maggiori sconti e un MOQ Vape pi\u00f9 basso<\/strong><\/p>\n<p><img loading=\"lazy\" decoding=\"async\" class=\"size-medium wp-image-1814\" src=\"https:\/\/rmvapesale.com\/wp-content\/uploads\/2024\/04\/whatsapp-amy-229x300.jpg\" alt=\"whatsapp amy\" width=\"229\" height=\"300\" srcset=\"https:\/\/rmvapesale.com\/wp-content\/uploads\/2024\/04\/whatsapp-amy-229x300.jpg 229w, https:\/\/rmvapesale.com\/wp-content\/uploads\/2024\/04\/whatsapp-amy-783x1024.jpg 783w, https:\/\/rmvapesale.com\/wp-content\/uploads\/2024\/04\/whatsapp-amy-768x1005.jpg 768w, https:\/\/rmvapesale.com\/wp-content\/uploads\/2024\/04\/whatsapp-amy-600x785.jpg 600w, https:\/\/rmvapesale.com\/wp-content\/uploads\/2024\/04\/whatsapp-amy.jpg 990w\" sizes=\"auto, (max-width: 229px) 100vw, 229px\" \/><\/p>\n<h3><span style=\"color: #ff0000\"><strong>WhatsApp: +86 17776015835<\/strong><\/span><\/h3>","protected":false},"featured_media":1864,"comment_status":"open","ping_status":"closed","template":"","meta":{"_uag_custom_page_level_css":"","_lmt_disableupdate":"no","_lmt_disable":"","site-sidebar-layout":"default","site-content-layout":"content-boxed-container","ast-site-content-layout":"normal-width-container","site-content-style":"boxed","site-sidebar-style":"unboxed","ast-global-header-display":"","ast-banner-title-visibility":"","ast-main-header-display":"","ast-hfb-above-header-display":"","ast-hfb-below-header-display":"","ast-hfb-mobile-header-display":"","site-post-title":"","ast-breadcrumbs-content":"","ast-featured-img":"","footer-sml-layout":"","theme-transparent-header-meta":"default","adv-header-id-meta":"","stick-header-meta":"","header-above-stick-meta":"","header-main-stick-meta":"","header-below-stick-meta":"","astra-migrate-meta-layouts":"set","ast-page-background-enabled":"default","ast-page-background-meta":{"desktop":{"background-color":"var(--ast-global-color-4)","background-image":"","background-repeat":"repeat","background-position":"center center","background-size":"auto","background-attachment":"scroll","background-type":"","background-media":"","overlay-type":"","overlay-color":"","overlay-opacity":"","overlay-gradient":""},"tablet":{"background-color":"","background-image":"","background-repeat":"repeat","background-position":"center center","background-size":"auto","background-attachment":"scroll","background-type":"","background-media":"","overlay-type":"","overlay-color":"","overlay-opacity":"","overlay-gradient":""},"mobile":{"background-color":"","background-image":"","background-repeat":"repeat","background-position":"center center","background-size":"auto","background-attachment":"scroll","background-type":"","background-media":"","overlay-type":"","overlay-color":"","overlay-opacity":"","overlay-gradient":""}},"ast-content-background-meta":{"desktop":{"background-color":"var(--ast-global-color-5)","background-image":"","background-repeat":"repeat","background-position":"center center","background-size":"auto","background-attachment":"scroll","background-type":"","background-media":"","overlay-type":"","overlay-color":"","overlay-opacity":"","overlay-gradient":""},"tablet":{"background-color":"var(--ast-global-color-5)","background-image":"","background-repeat":"repeat","background-position":"center center","background-size":"auto","background-attachment":"scroll","background-type":"","background-media":"","overlay-type":"","overlay-color":"","overlay-opacity":"","overlay-gradient":""},"mobile":{"background-color":"var(--ast-global-color-5)","background-image":"","background-repeat":"repeat","background-position":"center center","background-size":"auto","background-attachment":"scroll","background-type":"","background-media":"","overlay-type":"","overlay-color":"","overlay-opacity":"","overlay-gradient":""}},"_joinchat":[]},"product_brand":[],"product_cat":[25,289,293,295,296,280,26,28,27,31,61,137,136,15,30],"product_tag":[44,40,41,43,42,37],"class_list":{"0":"post-1869","1":"product","2":"type-product","3":"status-publish","4":"has-post-thumbnail","6":"product_cat-germany-best-selling-vape","7":"product_cat-big-puffs-disposable-vapes","8":"product_cat-low-nicotine-disposable-vapes","9":"product_cat-rechargeable-disposable-vapes","10":"product_cat-shisha-hookah-disposable-vapes","11":"product_cat-vopk-vape","12":"product_cat-netherlands-hot-sale-vape","13":"product_cat-poland-hot-sale-vape","14":"product_cat-fance-hot-sale-vape","15":"product_cat-randm-fumot-vape","16":"product_cat-15000-puffs-disposable-vapes","17":"product_cat-rechargeable-vapes","18":"product_cat-smart-screen-vapes","19":"product_cat-new-vape-this-week","20":"product_cat-minimum-order-quantity-50pcs","21":"product_tag-15k-puffs-15000-vape-wholesale","22":"product_tag-hot-sale-vape","23":"product_tag-original-factory-vape","24":"product_tag-shisha-vape","25":"product_tag-vopk-vape","26":"product_tag-wholesale-vape-price","27":"desktop-align-left","28":"tablet-align-left","29":"mobile-align-left","31":"first","32":"instock","33":"sale","34":"shipping-taxable","35":"purchasable","36":"product-type-simple"},"uagb_featured_image_src":{"full":["https:\/\/rmvapesale.com\/wp-content\/uploads\/2024\/04\/VOPK-SHISHA-VAPE-15K-PUFFS-PRICE.jpg",500,500,false],"thumbnail":["https:\/\/rmvapesale.com\/wp-content\/uploads\/2024\/04\/VOPK-SHISHA-VAPE-15K-PUFFS-PRICE-150x150.jpg",150,150,true],"medium":["https:\/\/rmvapesale.com\/wp-content\/uploads\/2024\/04\/VOPK-SHISHA-VAPE-15K-PUFFS-PRICE-300x300.jpg",300,300,true],"medium_large":["https:\/\/rmvapesale.com\/wp-content\/uploads\/2024\/04\/VOPK-SHISHA-VAPE-15K-PUFFS-PRICE.jpg",500,500,false],"large":["https:\/\/rmvapesale.com\/wp-content\/uploads\/2024\/04\/VOPK-SHISHA-VAPE-15K-PUFFS-PRICE.jpg",500,500,false],"1536x1536":["https:\/\/rmvapesale.com\/wp-content\/uploads\/2024\/04\/VOPK-SHISHA-VAPE-15K-PUFFS-PRICE.jpg",500,500,false],"2048x2048":["https:\/\/rmvapesale.com\/wp-content\/uploads\/2024\/04\/VOPK-SHISHA-VAPE-15K-PUFFS-PRICE.jpg",500,500,false],"trp-custom-language-flag":["https:\/\/rmvapesale.com\/wp-content\/uploads\/2024\/04\/VOPK-SHISHA-VAPE-15K-PUFFS-PRICE.jpg",12,12,false],"woocommerce_thumbnail":["https:\/\/rmvapesale.com\/wp-content\/uploads\/2024\/04\/VOPK-SHISHA-VAPE-15K-PUFFS-PRICE-300x300.jpg",300,300,true],"woocommerce_single":["https:\/\/rmvapesale.com\/wp-content\/uploads\/2024\/04\/VOPK-SHISHA-VAPE-15K-PUFFS-PRICE.jpg",500,500,false],"woocommerce_gallery_thumbnail":["https:\/\/rmvapesale.com\/wp-content\/uploads\/2024\/04\/VOPK-SHISHA-VAPE-15K-PUFFS-PRICE-100x100.jpg",100,100,true],"wcpr-photo-reviews":["https:\/\/rmvapesale.com\/wp-content\/uploads\/2024\/04\/VOPK-SHISHA-VAPE-15K-PUFFS-PRICE.jpg",500,500,false]},"uagb_author_info":{"display_name":"yannazhan","author_link":"https:\/\/rmvapesale.com\/it\/author\/"},"uagb_comment_info":0,"uagb_excerpt":"15K PUFFS JNR VAPE VOPK Wholesale Price 15K PUFFS JNR SHISHA VOPK Factory Price 15K PUFFS VAPE SHISHA VOPK Discount Price Contact Amy For More Discount And Lower MOQ Vape WhatsApp: +86 17776015835","_links":{"self":[{"href":"https:\/\/rmvapesale.com\/it\/wp-json\/wp\/v2\/product\/1869","targetHints":{"allow":["GET"]}}],"collection":[{"href":"https:\/\/rmvapesale.com\/it\/wp-json\/wp\/v2\/product"}],"about":[{"href":"https:\/\/rmvapesale.com\/it\/wp-json\/wp\/v2\/types\/product"}],"replies":[{"embeddable":true,"href":"https:\/\/rmvapesale.com\/it\/wp-json\/wp\/v2\/comments?post=1869"}],"wp:featuredmedia":[{"embeddable":true,"href":"https:\/\/rmvapesale.com\/it\/wp-json\/wp\/v2\/media\/1864"}],"wp:attachment":[{"href":"https:\/\/rmvapesale.com\/it\/wp-json\/wp\/v2\/media?parent=1869"}],"wp:term":[{"taxonomy":"product_brand","embeddable":true,"href":"https:\/\/rmvapesale.com\/it\/wp-json\/wp\/v2\/product_brand?post=1869"},{"taxonomy":"product_cat","embeddable":true,"href":"https:\/\/rmvapesale.com\/it\/wp-json\/wp\/v2\/product_cat?post=1869"},{"taxonomy":"product_tag","embeddable":true,"href":"https:\/\/rmvapesale.com\/it\/wp-json\/wp\/v2\/product_tag?post=1869"}],"curies":[{"name":"wp","href":"https:\/\/api.w.org\/{rel}","templated":true}]}}